{"id":143,"date":"2025-01-16T10:26:34","date_gmt":"2025-01-16T10:26:34","guid":{"rendered":"https:\/\/bycon-europe.com\/?page_id=143"},"modified":"2026-03-30T07:57:04","modified_gmt":"2026-03-30T07:57:04","slug":"kontakt","status":"publish","type":"page","link":"https:\/\/bycon-europe.com\/de\/contact\/","title":{"rendered":"KONTAKT"},"content":{"rendered":"<div class=\"wp-block-columns is-layout-flex wp-container-core-columns-is-layout-28f84493 wp-block-columns-is-layout-flex\">\n<div class=\"wp-block-column is-vertically-aligned-center is-layout-flow wp-block-column-is-layout-flow\" style=\"flex-basis:33.33%\"><div class=\"ct-block-wrapper\">\n\n<p style=\"font-size:clamp(14px, 0.875rem + ((1vw - 3.2px) * 0.313), 18px);\"><strong><em>BYCON Europe \u2013 Operated by Eggenberg &amp; D&#8217;Orly<\/em><\/strong><\/p>\n\n\n<div class=\"ct-contact-info-block\" style=\"--theme-icon-size:25px;--items-direction:column;\">\n\t\t<ul data-icons-type=\"simple\">\n\t\t\t\t\t\t\t\t\t\t\t<li class=\"\">\n\t\t\t\t\t<span class=\"ct-icon-container\"><svg aria-hidden=\"true\" width='15' height='15' viewbox='0 0 15 15'><path d='M12.3 15h-.2c-2.1-.2-4.1-1-5.9-2.1-1.6-1-3.1-2.5-4.1-4.1C1 7 .2 5 0 2.9-.1 1.8.7.8 1.8.7H4c1 0 1.9.7 2 1.7.1.6.2 1.1.4 1.7.3.7.1 1.6-.5 2.1l-.4.4c.7 1.1 1.7 2.1 2.9 2.9l.4-.5c.6-.6 1.4-.7 2.1-.5.6.3 1.1.4 1.7.5 1 .1 1.8 1 1.7 2v2c0 .5-.2 1-.6 1.4-.3.4-.8.6-1.4.6zM4 2.1H2c-.2 0-.3.1-.4.2-.1.1-.1.3-.1.4.2 1.9.8 3.7 1.8 5.3.9 1.5 2.2 2.7 3.7 3.7 1.6 1 3.4 1.7 5.3 1.9.2 0 .3-.1.4-.2.1-.1.2-.2.2-.4v-2c0-.3-.2-.5-.5-.6-.7-.1-1.3-.3-2-.5-.2-.1-.4 0-.6.1l-.8.9c-.2.2-.6.3-.9.1C6.4 10 5 8.6 4 6.9c-.2-.3-.1-.7.1-.9l.8-.8c.2-.2.2-.4.1-.6-.2-.6-.4-1.3-.5-2 0-.3-.2-.5-.5-.5zm7.7 4.5c-.4 0-.7-.2-.7-.6-.2-1-1-1.8-2-2-.4 0-.7-.4-.6-.8.1-.4.5-.7.9-.6 1.6.3 2.8 1.5 3.1 3.1.1.4-.2.8-.6.9h-.1zm2.6 0c-.4 0-.7-.3-.7-.6-.3-2.4-2.2-4.3-4.6-4.5-.4-.1-.7-.5-.6-.9 0-.4.4-.6.8-.6 3.1.3 5.4 2.7 5.8 5.8 0 .4-.3.7-.7.8z'\/><\/svg><\/span>\n\t\t\t\t\t\t\t\t\t\t\t<div class=\"contact-info\">\n\t\t\t\t\t\t\t\t\t\t\t\t\t\t\t<span class=\"contact-title\">\n\t\t\t\t\t\t\t\t\tTelefon:\t\t\t\t\t\t\t\t<\/span>\n\t\t\t\t\t\t\t\n\t\t\t\t\t\t\t\t\t\t\t\t\t\t\t<span class=\"contact-text\">\n\t\t\t\t\t\t\t\t\t\n\t\t\t\t\t\t\t\t\t+31 (0)413 288 345\n\t\t\t\t\t\t\t\t\t\t\t\t\t\t\t\t\t<\/span>\n\t\t\t\t\t\t\t\t\t\t\t\t\t<\/div>\n\t\t\t\t\t\t\t\t\t<\/li>\n\t\t\t\t\t\t\t\t\t\t\t<li class=\"\">\n\t\t\t\t\t<span class=\"ct-icon-container\"><svg aria-hidden=\"true\" width='15' height='15' viewbox='0 0 15 15'><path d='M12.8 2.2C11.4.8 9.5 0 7.5 0S3.6.8 2.2 2.2C.8 3.6 0 5.5 0 7.5 0 11.6 3.4 15 7.5 15c1.6 0 3.3-.5 4.6-1.5.3-.2.4-.7.1-1-.2-.3-.7-.4-1-.1-1.1.8-2.4 1.3-3.7 1.3-3.4 0-6.1-2.8-6.1-6.1 0-1.6.6-3.2 1.8-4.3C4.3 2 5.9 1.4 7.5 1.4c1.6 0 3.2.6 4.3 1.8 1.2 1.2 1.8 2.7 1.8 4.3v.7c0 .8-.6 1.4-1.4 1.4s-1.4-.6-1.4-1.4V4.8c0-.4-.3-.7-.7-.7-.4 0-.7.3-.7.7-.4-.4-1.1-.7-1.9-.7-1.9 0-3.4 1.5-3.4 3.4s1.5 3.4 3.4 3.4c1 0 1.9-.5 2.5-1.2.5.7 1.3 1.2 2.2 1.2 1.5 0 2.7-1.2 2.7-2.7v-.7c.1-2-.7-3.9-2.1-5.3zM7.5 9.5c-1.1 0-2-.9-2-2s.9-2 2-2 2 .9 2 2-.9 2-2 2z'\/><\/svg><\/span>\n\t\t\t\t\t\t\t\t\t\t\t<div class=\"contact-info\">\n\t\t\t\t\t\t\t\t\t\t\t\t\t\t\t<span class=\"contact-title\">\n\t\t\t\t\t\t\t\t\tE-Mail:\t\t\t\t\t\t\t\t<\/span>\n\t\t\t\t\t\t\t\n\t\t\t\t\t\t\t\t\t\t\t\t\t\t\t<span class=\"contact-text\">\n\t\t\t\t\t\t\t\t\t\t\t\t\t\t\t\t\t\t\t<a href=\"mailto:i&#110;&#102;o&#064;&#098;&#121;co&#110;-&#101;u&#114;&#111;pe&#046;&#099;om\" >info@bycon-europe.com<\/a>\n\t\t\t\t\t\t\t\t\t\t\t\t\t\t\t\t\t<\/span>\n\t\t\t\t\t\t\t\t\t\t\t\t\t<\/div>\n\t\t\t\t\t\t\t\t\t<\/li>\n\t\t\t\t\t<\/ul>\n\n\t\t<\/div>\n<\/div><\/div>\n\n\n\n<div class=\"wp-block-column is-layout-flow wp-block-column-is-layout-flow\" style=\"flex-basis:66.66%\">\n<div class=\"wp-block-cover\" style=\"border-radius:5px;min-height:322px;aspect-ratio:unset;\"><img loading=\"lazy\" decoding=\"async\" width=\"1024\" height=\"732\" class=\"wp-block-cover__image-background wp-image-1376 size-large\" alt=\"\" src=\"https:\/\/bycon-europe.com\/wp-content\/uploads\/2025\/05\/bycon_bak-min_11zon-scaled-1-1024x732.webp\" style=\"object-position:53% 50%\" data-object-fit=\"cover\" data-object-position=\"53% 50%\" srcset=\"https:\/\/bycon-europe.com\/wp-content\/uploads\/2025\/05\/bycon_bak-min_11zon-scaled-1-1024x732.webp 1024w, https:\/\/bycon-europe.com\/wp-content\/uploads\/2025\/05\/bycon_bak-min_11zon-scaled-1-300x214.webp 300w, https:\/\/bycon-europe.com\/wp-content\/uploads\/2025\/05\/bycon_bak-min_11zon-scaled-1-768x549.webp 768w, https:\/\/bycon-europe.com\/wp-content\/uploads\/2025\/05\/bycon_bak-min_11zon-scaled-1-1536x1097.webp 1536w, https:\/\/bycon-europe.com\/wp-content\/uploads\/2025\/05\/bycon_bak-min_11zon-scaled-1-2048x1463.webp 2048w, https:\/\/bycon-europe.com\/wp-content\/uploads\/2025\/05\/bycon_bak-min_11zon-scaled-1-700x500.webp 700w\" sizes=\"auto, (max-width: 1024px) 100vw, 1024px\" \/><span aria-hidden=\"true\" class=\"wp-block-cover__background has-palette-color-4-background-color has-background-dim-0 has-background-dim\"><\/span><div class=\"wp-block-cover__inner-container is-layout-constrained wp-block-cover-is-layout-constrained\">\n<p class=\"has-text-align-center has-large-font-size\"><\/p>\n<\/div><\/div>\n<\/div>\n<\/div>\n\n\n\n<p><\/p>","protected":false},"excerpt":{"rendered":"","protected":false},"author":2,"featured_media":0,"parent":0,"menu_order":0,"comment_status":"closed","ping_status":"closed","template":"","meta":{"footnotes":""},"class_list":["post-143","page","type-page","status-publish","hentry"],"blocksy_meta":[],"yoast_head":"<!-- This site is optimized with the Yoast SEO plugin v27.4 - https:\/\/yoast.com\/product\/yoast-seo-wordpress\/ -->\n<title>Contact BYCON Europe | Technical Support &amp; Information - BYCON Europe<\/title>\n<meta name=\"description\" content=\"Contact BYCON Europe for expert support, technical information or questions about our concrete machinery and diamond tool solutions.\" \/>\n<meta name=\"robots\" content=\"index, follow, max-snippet:-1, max-image-preview:large, max-video-preview:-1\" \/>\n<link rel=\"canonical\" href=\"https:\/\/bycon-europe.com\/de\/kontakt\/\" \/>\n<meta property=\"og:locale\" content=\"de_DE\" \/>\n<meta property=\"og:type\" content=\"article\" \/>\n<meta property=\"og:title\" content=\"Contact BYCON Europe | Technical Support &amp; Information - BYCON Europe\" \/>\n<meta property=\"og:description\" content=\"Contact BYCON Europe for expert support, technical information or questions about our concrete machinery and diamond tool solutions.\" \/>\n<meta property=\"og:url\" content=\"https:\/\/bycon-europe.com\/de\/kontakt\/\" \/>\n<meta property=\"og:site_name\" content=\"BYCON Europe\" \/>\n<meta property=\"article:modified_time\" content=\"2026-03-30T07:57:04+00:00\" \/>\n<meta property=\"og:image\" content=\"https:\/\/bycon-europe.com\/wp-content\/uploads\/2025\/05\/bycon_bak-min_11zon-scaled-1.webp\" \/>\n\t<meta property=\"og:image:width\" content=\"2560\" \/>\n\t<meta property=\"og:image:height\" content=\"1829\" \/>\n\t<meta property=\"og:image:type\" content=\"image\/webp\" \/>\n<meta name=\"twitter:card\" content=\"summary_large_image\" \/>\n<meta name=\"twitter:label1\" content=\"Gesch\u00e4tzte Lesezeit\" \/>\n\t<meta name=\"twitter:data1\" content=\"1\u00a0Minute\" \/>\n<script type=\"application\/ld+json\" class=\"yoast-schema-graph\">{\"@context\":\"https:\\\/\\\/schema.org\",\"@graph\":[{\"@type\":\"WebPage\",\"@id\":\"https:\\\/\\\/bycon-europe.com\\\/contact\\\/\",\"url\":\"https:\\\/\\\/bycon-europe.com\\\/contact\\\/\",\"name\":\"Contact BYCON Europe | Technical Support & Information - BYCON Europe\",\"isPartOf\":{\"@id\":\"https:\\\/\\\/bycon-europe.com\\\/#website\"},\"primaryImageOfPage\":{\"@id\":\"https:\\\/\\\/bycon-europe.com\\\/contact\\\/#primaryimage\"},\"image\":{\"@id\":\"https:\\\/\\\/bycon-europe.com\\\/contact\\\/#primaryimage\"},\"thumbnailUrl\":\"https:\\\/\\\/bycon-europe.com\\\/wp-content\\\/uploads\\\/2025\\\/05\\\/bycon_bak-min_11zon-scaled-1-1024x732.webp\",\"datePublished\":\"2025-01-16T10:26:34+00:00\",\"dateModified\":\"2026-03-30T07:57:04+00:00\",\"description\":\"Contact BYCON Europe for expert support, technical information or questions about our concrete machinery and diamond tool solutions.\",\"breadcrumb\":{\"@id\":\"https:\\\/\\\/bycon-europe.com\\\/contact\\\/#breadcrumb\"},\"inLanguage\":\"de\",\"potentialAction\":[{\"@type\":\"ReadAction\",\"target\":[\"https:\\\/\\\/bycon-europe.com\\\/contact\\\/\"]}]},{\"@type\":\"ImageObject\",\"inLanguage\":\"de\",\"@id\":\"https:\\\/\\\/bycon-europe.com\\\/contact\\\/#primaryimage\",\"url\":\"https:\\\/\\\/bycon-europe.com\\\/wp-content\\\/uploads\\\/2025\\\/05\\\/bycon_bak-min_11zon-scaled-1-1024x732.webp\",\"contentUrl\":\"https:\\\/\\\/bycon-europe.com\\\/wp-content\\\/uploads\\\/2025\\\/05\\\/bycon_bak-min_11zon-scaled-1-1024x732.webp\"},{\"@type\":\"BreadcrumbList\",\"@id\":\"https:\\\/\\\/bycon-europe.com\\\/contact\\\/#breadcrumb\",\"itemListElement\":[{\"@type\":\"ListItem\",\"position\":1,\"name\":\"Home\",\"item\":\"https:\\\/\\\/bycon-europe.com\\\/\"},{\"@type\":\"ListItem\",\"position\":2,\"name\":\"CONTACT\"}]},{\"@type\":\"WebSite\",\"@id\":\"https:\\\/\\\/bycon-europe.com\\\/#website\",\"url\":\"https:\\\/\\\/bycon-europe.com\\\/\",\"name\":\"BYCON Europe\",\"description\":\"\",\"publisher\":{\"@id\":\"https:\\\/\\\/bycon-europe.com\\\/#organization\"},\"potentialAction\":[{\"@type\":\"SearchAction\",\"target\":{\"@type\":\"EntryPoint\",\"urlTemplate\":\"https:\\\/\\\/bycon-europe.com\\\/?s={search_term_string}\"},\"query-input\":{\"@type\":\"PropertyValueSpecification\",\"valueRequired\":true,\"valueName\":\"search_term_string\"}}],\"inLanguage\":\"de\"},{\"@type\":\"Organization\",\"@id\":\"https:\\\/\\\/bycon-europe.com\\\/#organization\",\"name\":\"BYCON Europe\",\"url\":\"https:\\\/\\\/bycon-europe.com\\\/\",\"logo\":{\"@type\":\"ImageObject\",\"inLanguage\":\"de\",\"@id\":\"https:\\\/\\\/bycon-europe.com\\\/#\\\/schema\\\/logo\\\/image\\\/\",\"url\":\"https:\\\/\\\/bycon-europe.com\\\/wp-content\\\/uploads\\\/2025\\\/12\\\/logo-Bewerkt.png\",\"contentUrl\":\"https:\\\/\\\/bycon-europe.com\\\/wp-content\\\/uploads\\\/2025\\\/12\\\/logo-Bewerkt.png\",\"width\":765,\"height\":200,\"caption\":\"BYCON Europe\"},\"image\":{\"@id\":\"https:\\\/\\\/bycon-europe.com\\\/#\\\/schema\\\/logo\\\/image\\\/\"}}]}<\/script>\n<!-- \/ Yoast SEO plugin. -->","yoast_head_json":{"title":"Kontakt zu BYCON Europe | Technische Unterst\u00fctzung &amp; Informationen - BYCON Europe","description":"Wenden Sie sich an BYCON Europe, wenn Sie fachkundige Unterst\u00fctzung, technische Informationen oder Fragen zu unseren Betonmaschinen und Diamantwerkzeugl\u00f6sungen ben\u00f6tigen.","robots":{"index":"index","follow":"follow","max-snippet":"max-snippet:-1","max-image-preview":"max-image-preview:large","max-video-preview":"max-video-preview:-1"},"canonical":"https:\/\/bycon-europe.com\/de\/kontakt\/","og_locale":"de_DE","og_type":"article","og_title":"Contact BYCON Europe | Technical Support & Information - BYCON Europe","og_description":"Contact BYCON Europe for expert support, technical information or questions about our concrete machinery and diamond tool solutions.","og_url":"https:\/\/bycon-europe.com\/de\/kontakt\/","og_site_name":"BYCON Europe","article_modified_time":"2026-03-30T07:57:04+00:00","og_image":[{"width":2560,"height":1829,"url":"https:\/\/bycon-europe.com\/wp-content\/uploads\/2025\/05\/bycon_bak-min_11zon-scaled-1.webp","type":"image\/webp"}],"twitter_card":"summary_large_image","twitter_misc":{"Gesch\u00e4tzte Lesezeit":"1\u00a0Minute"},"schema":{"@context":"https:\/\/schema.org","@graph":[{"@type":"WebPage","@id":"https:\/\/bycon-europe.com\/contact\/","url":"https:\/\/bycon-europe.com\/contact\/","name":"Kontakt zu BYCON Europe | Technische Unterst\u00fctzung &amp; Informationen - BYCON Europe","isPartOf":{"@id":"https:\/\/bycon-europe.com\/#website"},"primaryImageOfPage":{"@id":"https:\/\/bycon-europe.com\/contact\/#primaryimage"},"image":{"@id":"https:\/\/bycon-europe.com\/contact\/#primaryimage"},"thumbnailUrl":"https:\/\/bycon-europe.com\/wp-content\/uploads\/2025\/05\/bycon_bak-min_11zon-scaled-1-1024x732.webp","datePublished":"2025-01-16T10:26:34+00:00","dateModified":"2026-03-30T07:57:04+00:00","description":"Wenden Sie sich an BYCON Europe, wenn Sie fachkundige Unterst\u00fctzung, technische Informationen oder Fragen zu unseren Betonmaschinen und Diamantwerkzeugl\u00f6sungen ben\u00f6tigen.","breadcrumb":{"@id":"https:\/\/bycon-europe.com\/contact\/#breadcrumb"},"inLanguage":"de","potentialAction":[{"@type":"ReadAction","target":["https:\/\/bycon-europe.com\/contact\/"]}]},{"@type":"ImageObject","inLanguage":"de","@id":"https:\/\/bycon-europe.com\/contact\/#primaryimage","url":"https:\/\/bycon-europe.com\/wp-content\/uploads\/2025\/05\/bycon_bak-min_11zon-scaled-1-1024x732.webp","contentUrl":"https:\/\/bycon-europe.com\/wp-content\/uploads\/2025\/05\/bycon_bak-min_11zon-scaled-1-1024x732.webp"},{"@type":"BreadcrumbList","@id":"https:\/\/bycon-europe.com\/contact\/#breadcrumb","itemListElement":[{"@type":"ListItem","position":1,"name":"Home","item":"https:\/\/bycon-europe.com\/"},{"@type":"ListItem","position":2,"name":"CONTACT"}]},{"@type":"WebSite","@id":"https:\/\/bycon-europe.com\/#website","url":"https:\/\/bycon-europe.com\/","name":"BYCON Europe","description":"","publisher":{"@id":"https:\/\/bycon-europe.com\/#organization"},"potentialAction":[{"@type":"SearchAction","target":{"@type":"EntryPoint","urlTemplate":"https:\/\/bycon-europe.com\/?s={search_term_string}"},"query-input":{"@type":"PropertyValueSpecification","valueRequired":true,"valueName":"search_term_string"}}],"inLanguage":"de"},{"@type":"Organization","@id":"https:\/\/bycon-europe.com\/#organization","name":"BYCON Europe","url":"https:\/\/bycon-europe.com\/","logo":{"@type":"ImageObject","inLanguage":"de","@id":"https:\/\/bycon-europe.com\/#\/schema\/logo\/image\/","url":"https:\/\/bycon-europe.com\/wp-content\/uploads\/2025\/12\/logo-Bewerkt.png","contentUrl":"https:\/\/bycon-europe.com\/wp-content\/uploads\/2025\/12\/logo-Bewerkt.png","width":765,"height":200,"caption":"BYCON Europe"},"image":{"@id":"https:\/\/bycon-europe.com\/#\/schema\/logo\/image\/"}}]}},"_links":{"self":[{"href":"https:\/\/bycon-europe.com\/de\/wp-json\/wp\/v2\/pages\/143","targetHints":{"allow":["GET"]}}],"collection":[{"href":"https:\/\/bycon-europe.com\/de\/wp-json\/wp\/v2\/pages"}],"about":[{"href":"https:\/\/bycon-europe.com\/de\/wp-json\/wp\/v2\/types\/page"}],"author":[{"embeddable":true,"href":"https:\/\/bycon-europe.com\/de\/wp-json\/wp\/v2\/users\/2"}],"replies":[{"embeddable":true,"href":"https:\/\/bycon-europe.com\/de\/wp-json\/wp\/v2\/comments?post=143"}],"version-history":[{"count":32,"href":"https:\/\/bycon-europe.com\/de\/wp-json\/wp\/v2\/pages\/143\/revisions"}],"predecessor-version":[{"id":1714,"href":"https:\/\/bycon-europe.com\/de\/wp-json\/wp\/v2\/pages\/143\/revisions\/1714"}],"wp:attachment":[{"href":"https:\/\/bycon-europe.com\/de\/wp-json\/wp\/v2\/media?parent=143"}],"curies":[{"name":"wp","href":"https:\/\/api.w.org\/{rel}","templated":true}]}}