{"id":1464,"date":"2025-07-03T10:17:55","date_gmt":"2025-07-03T10:17:55","guid":{"rendered":"https:\/\/bycon-europe.com\/?page_id=1464"},"modified":"2026-01-22T07:45:49","modified_gmt":"2026-01-22T07:45:49","slug":"bycon-diamant-kernbohrer-kaufberatung","status":"publish","type":"page","link":"https:\/\/bycon-europe.com\/de\/bycon-diamond-core-drill-buying-guide\/","title":{"rendered":"Die passende BYCON-Kernbohrmaschine finden \u2013 Ihr Leitfaden"},"content":{"rendered":"<h2 class=\"wp-block-heading\">Die passende BYCON-Kernbohrmaschine finden \u2013 Ihr Leitfaden<\/h2>\n\n\n\n<p><strong>Wie Sie diese \u00dcbersicht verwenden<\/strong><\/p>\n\n\n\n<p>Auf der Suche nach dem richtigen <strong><a href=\"https:\/\/bycon-europe.com\/de\/produktcategorie\/alle-maschinen\/baumaschinen\/kernbohrgeraete\/\">BYCON-Diamantkernbohrer?<\/a><\/strong> In der folgenden Tabelle sind alle 2024-Modelle an einem Ort zusammengefasst, damit Sie sie auf einen Blick vergleichen k\u00f6nnen. Vergleichen Sie einfach die <strong>maximaler Durchmesser (handgehalten oder mit einem Rig)<\/strong> auf Ihre Arbeitsgr\u00f6\u00dfe ab, dann pr\u00fcfen Sie in den nebenstehenden Spalten den Drehzahlbereich, die K\u00fchlmethode (nass\/trocken), die Mikroschlagf\u00e4higkeit und den Motortyp (b\u00fcrstenlos = wartungsarm, b\u00fcrstenbehaftet = klassisch).<\/p>\n\n\n\n<p><strong>S\u00e4ulenf\u00fchrer<\/strong><\/p>\n\n\n\n<ul class=\"wp-block-list\">\n<li><strong>Modell \/ Serie<\/strong> - Handelsname und Produktfamilie.<\/li>\n\n\n\n<li><strong>Leistung (W)<\/strong> - Eingangsleistung; h\u00f6here Leistung f\u00fcr gr\u00f6\u00dfere Durchmesser oder h\u00e4rteren Beton.<\/li>\n\n\n\n<li><strong>Max \u00d8 handgehalten \/ mit Rigg \/ insgesamt<\/strong> - gr\u00f6\u00dfte empfohlene Bohrkrone f\u00fcr freih\u00e4ndiges Bohren, mit einem St\u00e4nder, und der gr\u00f6\u00dfte Wert zu filtern auf.<\/li>\n\n\n\n<li><strong>Getriebe\/Drehzahl<\/strong> - Anzahl der Getriebestufen und deren Leerlaufdrehzahlen.<\/li>\n\n\n\n<li><strong>Nass\/Trocken<\/strong> - K\u00fchloption(en), f\u00fcr die der Bohrer gebaut ist.<\/li>\n\n\n\n<li><strong>Mikro-Schlagzeug<\/strong> - BYCONs axialer Impuls f\u00fcr schnellere <strong>trocken<\/strong> Bohren in Stahlbeton (\u2714\ufe0e = inklusive).<\/li>\n\n\n\n<li><strong>Typ des Motors<\/strong> - <strong>B\u00fcrstenlos<\/strong> Motoren liefern eine gleichm\u00e4\u00dfigere Leistung und eine l\u00e4ngere Lebensdauer; <em>Geb\u00fcrstet<\/em> Ger\u00e4te verwenden austauschbare Kohleb\u00fcrsten.<\/li>\n\n\n\n<li><strong>Gewicht (kg)<\/strong> - Leergewicht der Maschine f\u00fcr Transport und Handhabung.<\/li>\n<\/ul>\n\n\n\n<p>Verwenden Sie zun\u00e4chst die Spalten Durchmesser und K\u00fchlung, um die Kandidaten in die engere Auswahl zu nehmen, und treffen Sie dann Ihre Wahl anhand von Merkmalen wie Mikroschlagwerk oder b\u00fcrstenloser Antrieb.<\/p>\n\n\n\n<figure class=\"wp-block-table\"><table class=\"has-fixed-layout\"><thead><tr><th>Modell<\/th><th>Serie<\/th><th>Leistung (W)<\/th><th>Max \u00d8 handgehalten (mm)<\/th><th>Max \u00d8 mit Rigg (mm)<\/th><th>Max \u00d8 \u00fcber alles (mm)<\/th><th>Getriebe\/Drehzahl<\/th><th>Nass\/Trocken<\/th><th>Mikro-Schlagzeug<\/th><th>Typ des Motors<\/th><th>Gewicht (kg)<\/th><\/tr><\/thead><tbody><tr><td><a href=\"https:\/\/bycon-europe.com\/de\/produkt\/bycon-dmp-52p-handkernbohrmotor\/\"><strong>DMP-52P<\/strong><\/a><\/td><td>Handgehaltene<\/td><td>1 800<\/td><td>52<\/td><td>82<\/td><td><strong>82<\/strong><\/td><td>1 \u00d7 2 500<\/td><td>Nass<\/td><td>-<\/td><td>Geb\u00fcrstet<\/td><td>5.6<\/td><\/tr><tr><td><a href=\"https:\/\/bycon-europe.com\/de\/produkt\/bycon-dmp-52d-handkernbohrmotor\/\"><strong>DMP-52D<\/strong><\/a><\/td><td>Handgehaltene<\/td><td>1 800<\/td><td>52<\/td><td>82<\/td><td><strong>82<\/strong><\/td><td>1 \u00d7 2 500<\/td><td>Nass<\/td><td>-<\/td><td>Geb\u00fcrstet<\/td><td>5.6<\/td><\/tr><tr><td><a href=\"https:\/\/bycon-europe.com\/de\/produkt\/bycon-dmp-132p-handkernbohrmotor\/\"><strong>DMP-132P<\/strong><\/a><\/td><td>Handgehaltene<\/td><td>1 800<\/td><td>132<\/td><td>162<\/td><td><strong>162<\/strong><\/td><td>3 \u00d7 650 - 1 300 - 2 600<\/td><td>Nass<\/td><td>-<\/td><td>Geb\u00fcrstet<\/td><td>6.8<\/td><\/tr><tr><td><a href=\"https:\/\/bycon-europe.com\/de\/produkt\/bycon-dmp-132d-handkernbohrmotor\/\"><strong>DMP-132D<\/strong><\/a><\/td><td>Handgehaltene<\/td><td>1 800<\/td><td>132<\/td><td>162<\/td><td><strong>162<\/strong><\/td><td>3 \u00d7 650 - 1 300 - 2 600<\/td><td>Nass<\/td><td>-<\/td><td>Geb\u00fcrstet<\/td><td>6.8<\/td><\/tr><tr><td><a href=\"https:\/\/bycon-europe.com\/de\/produkt\/bycon-dmp-162p-handdiamantbohrer-202mm-2200w-nass-trocken\/\"><strong>DMP-162P<\/strong><\/a><\/td><td>Hand \/ Rigg<\/td><td>2 200<\/td><td>162<\/td><td>202<\/td><td><strong>202<\/strong><\/td><td>3 \u00d7 650 - 1 300 - 2 600<\/td><td>Nass <\/td><td>-<\/td><td>Geb\u00fcrstet<\/td><td>7.5<\/td><\/tr><tr><td><a href=\"https:\/\/bycon-europe.com\/de\/produkt\/bycon-dmp-162d-handdiamantbohrer-202mm-2200w-nass-trocken\/\"><strong>DMP-162D<\/strong><\/a><\/td><td>Hand \/ Rigg<\/td><td>2 200<\/td><td>162<\/td><td>202<\/td><td><strong>202<\/strong><\/td><td>3 \u00d7 650 - 1 300 - 2 600<\/td><td>Nass<\/td><td>-<\/td><td>Geb\u00fcrstet<\/td><td>7.8<\/td><\/tr><tr><td><a href=\"https:\/\/bycon-europe.com\/de\/produkt\/bycon-dmp-202bp-buerstenloser-kernbohrmotor\/\"><strong>DMP-202BP<\/strong><\/a><\/td><td>Hand \/ Rigg (b\u00fcrstenlos)<\/td><td>2 600<\/td><td>202<\/td><td>202<\/td><td><strong>202<\/strong><\/td><td>3 \u00d7 650 - 1 450 - 3 150<\/td><td>Nass<\/td><td>-<\/td><td><strong>B\u00fcrstenlos<\/strong><\/td><td>6.65<\/td><\/tr><tr><td><a href=\"https:\/\/bycon-europe.com\/de\/produkt\/bycon-dmp-202bd-hochleistungs-buerstenloser-bohrmotor\/\"><strong>DMP-202BD<\/strong><\/a><\/td><td>Hand \/ Rigg (b\u00fcrstenlos)<\/td><td>2 600<\/td><td>202<\/td><td>202<\/td><td><strong>202<\/strong><\/td><td>3 \u00d7 650 - 1 450 - 3 150<\/td><td>Nass<\/td><td>-<\/td><td><strong>B\u00fcrstenlos<\/strong><\/td><td>6.65<\/td><\/tr><tr><td><a href=\"https:\/\/bycon-europe.com\/de\/produkt\/bycon-dmp-252b-buerstenlose-kernbohrmaschine\/\"><strong>DMP-252B<\/strong><\/a><\/td><td>Hand \/ Rigg (b\u00fcrstenlos)<\/td><td>3 000<\/td><td>252<\/td><td>252<\/td><td><strong>252<\/strong><\/td><td>3 \u00d7 610 - 1 320 - 2 750<\/td><td>Nass<\/td><td>-<\/td><td><strong>B\u00fcrstenlos<\/strong><\/td><td>6.8<\/td><\/tr><tr><td><a href=\"https:\/\/bycon-europe.com\/de\/produkt\/bycon-dmp-252-kernbohrmaschine\/\"><strong>DMP-252 (LCD)<\/strong><\/a><\/td><td>Rigg<\/td><td>2 600<\/td><td>-<\/td><td>252<\/td><td><strong>252<\/strong><\/td><td>3 \u00d7 560 - 1 120 - 1 680<\/td><td>Nass<\/td><td>-<\/td><td>Geb\u00fcrstet<\/td><td>12.5<\/td><\/tr><tr><td><a href=\"https:\/\/bycon-europe.com\/de\/produkt\/bycon-dmp-352-diamant-kernbohrer-402mm-3300w\/\"><strong>DMP-352 (LCD)<\/strong><\/a><\/td><td>Rigg<\/td><td>3 300<\/td><td>-<\/td><td>402<\/td><td><strong>402<\/strong><\/td><td>3 \u00d7 350 - 700 - 1 100<\/td><td>Nass<\/td><td>-<\/td><td>Geb\u00fcrstet<\/td><td>13.5<\/td><\/tr><tr><td><a href=\"https:\/\/bycon-europe.com\/de\/produkt\/bycon-dmp-500-hochleistungs-diamantbohrer-502mm-3500w\/\"><strong>DMP-500 (LCD)<\/strong><\/a><\/td><td>Rigg<\/td><td>3 500<\/td><td>-<\/td><td>502<\/td><td><strong>502<\/strong><\/td><td>3 \u00d7 250 - 500 - 750<\/td><td>Nass<\/td><td>-<\/td><td>Geb\u00fcrstet<\/td><td>14.0<\/td><\/tr><tr><td><a href=\"https:\/\/bycon-europe.com\/de\/produkt\/bycon-db-132-trockener-diamantbohrer-mikropercussion\/\"><strong>DB-132<\/strong><\/a><\/td><td>Mikro-Percussion<\/td><td>1 500<\/td><td>132<\/td><td>-<\/td><td><strong>132<\/strong><\/td><td>2 \u00d7 1 500 - 3 000<\/td><td>Trocken<\/td><td>\u2714\ufe0e<\/td><td><strong>B\u00fcrstenlos<\/strong><\/td><td>3.7<\/td><\/tr><tr><td><a href=\"https:\/\/bycon-europe.com\/de\/produkt\/bycon-db-162-mikropercussion-bohrmotor\/\"><strong>DB-162P<\/strong><\/a><\/td><td>Mikro-Percussion<\/td><td>2 200<\/td><td>162<\/td><td>202<\/td><td><strong>202<\/strong><\/td><td>2 \u00d7 640 - 1 420<\/td><td>Trocken<\/td><td>\u2714\ufe0e<\/td><td>Geb\u00fcrstet<\/td><td>6.5<\/td><\/tr><tr><td><a href=\"https:\/\/bycon-europe.com\/de\/produkt\/bycon-db-162d-trockener-diamantbohrer-2200w-mikropercussion\/\"><strong>DB-162D<\/strong><\/a><\/td><td>Mikro-Percussion<\/td><td>2 200<\/td><td>162<\/td><td>202<\/td><td><strong>202<\/strong><\/td><td>2 \u00d7 640 - 1 420<\/td><td>Trocken<\/td><td>\u2714\ufe0e<\/td><td>Geb\u00fcrstet<\/td><td>6.5<\/td><\/tr><tr><td><a href=\"https:\/\/bycon-europe.com\/de\/produkt\/bycon-db-352-mikropercussion-bohrmotor\/\"><strong>DB-202P<\/strong><\/a><\/td><td>Mikro-Percussion<\/td><td>2 600<\/td><td>202<\/td><td>202<\/td><td><strong>202<\/strong><\/td><td>2 \u00d7 700 - 1 550<\/td><td>Trocken<\/td><td>\u2714\ufe0e<\/td><td><strong>B\u00fcrstenlos<\/strong><\/td><td>6.05<\/td><\/tr><tr><td><a href=\"https:\/\/bycon-europe.com\/de\/produkt\/bycon-db-202d-mikropercussion-kernbohrer\/\"><strong>DB-202D<\/strong><\/a><\/td><td>Mikro-Percussion<\/td><td>2 600<\/td><td>202<\/td><td>202<\/td><td><strong>202<\/strong><\/td><td>2 \u00d7 700 - 1 550<\/td><td>Trocken<\/td><td>\u2714\ufe0e<\/td><td><strong>B\u00fcrstenlos<\/strong><\/td><td>6.05<\/td><\/tr><tr><td><a href=\"https:\/\/bycon-europe.com\/de\/produkt\/bycon-db-352-mikro-schlagbohrmotor\/\"><strong>DB-352 (LCD)<\/strong><\/a><\/td><td>Mikro-Percussion<\/td><td>3 300<\/td><td>-<\/td><td>302<\/td><td><strong>302<\/strong><\/td><td>3 \u00d7 512 - 1 062 - 1 576<\/td><td>Trocken<\/td><td>\u2714\ufe0e<\/td><td>Geb\u00fcrstet<\/td><td>18<\/td><\/tr><\/tbody><\/table><\/figure>\n\n\n\n<p><\/p>","protected":false},"excerpt":{"rendered":"<p>FIND MY BYCON CORE DRILL GUIDE How to use this overview Looking for the right BYCON diamond core drill? The table below gathers every 2024 model in one place so you can compare them at a glance. Simply match the maximum diameter (hand-held or with a rig) to your job size, then check the adjacent [&hellip;]<\/p>\n","protected":false},"author":2,"featured_media":1458,"parent":0,"menu_order":0,"comment_status":"closed","ping_status":"closed","template":"","meta":{"footnotes":""},"class_list":["post-1464","page","type-page","status-publish","has-post-thumbnail","hentry"],"blocksy_meta":[],"yoast_head":"<!-- This site is optimized with the Yoast SEO plugin v27.4 - https:\/\/yoast.com\/product\/yoast-seo-wordpress\/ -->\n<title>BYCON Diamond Core Drill Buying Guide - BYCON Europe<\/title>\n<meta name=\"description\" content=\"Find your ideal BYCON diamond core drill. Compare 2024 models by power, diameter, RPM, wet\/dry, micro-percussion &amp; motor type in one table.\" \/>\n<meta name=\"robots\" content=\"index, follow, max-snippet:-1, max-image-preview:large, max-video-preview:-1\" \/>\n<link rel=\"canonical\" href=\"https:\/\/bycon-europe.com\/de\/bycon-diamant-kernbohrer-kaufberatung\/\" \/>\n<meta property=\"og:locale\" content=\"de_DE\" \/>\n<meta property=\"og:type\" content=\"article\" \/>\n<meta property=\"og:title\" content=\"BYCON Diamond Core Drill Buying Guide - BYCON Europe\" \/>\n<meta property=\"og:description\" content=\"Find your ideal BYCON diamond core drill. Compare 2024 models by power, diameter, RPM, wet\/dry, micro-percussion &amp; motor type in one table.\" \/>\n<meta property=\"og:url\" content=\"https:\/\/bycon-europe.com\/de\/bycon-diamant-kernbohrer-kaufberatung\/\" \/>\n<meta property=\"og:site_name\" content=\"BYCON Europe\" \/>\n<meta property=\"article:modified_time\" content=\"2026-01-22T07:45:49+00:00\" \/>\n<meta property=\"og:image\" content=\"https:\/\/bycon-europe.com\/wp-content\/uploads\/2025\/07\/BYCON-BUTTONS.png\" \/>\n\t<meta property=\"og:image:width\" content=\"880\" \/>\n\t<meta property=\"og:image:height\" content=\"270\" \/>\n\t<meta property=\"og:image:type\" content=\"image\/png\" \/>\n<meta name=\"twitter:card\" content=\"summary_large_image\" \/>\n<meta name=\"twitter:label1\" content=\"Gesch\u00e4tzte Lesezeit\" \/>\n\t<meta name=\"twitter:data1\" content=\"3\u00a0Minuten\" \/>\n<script type=\"application\/ld+json\" class=\"yoast-schema-graph\">{\"@context\":\"https:\\\/\\\/schema.org\",\"@graph\":[{\"@type\":\"WebPage\",\"@id\":\"https:\\\/\\\/bycon-europe.com\\\/bycon-diamond-core-drill-buying-guide\\\/\",\"url\":\"https:\\\/\\\/bycon-europe.com\\\/bycon-diamond-core-drill-buying-guide\\\/\",\"name\":\"BYCON Diamond Core Drill Buying Guide - BYCON Europe\",\"isPartOf\":{\"@id\":\"https:\\\/\\\/bycon-europe.com\\\/#website\"},\"primaryImageOfPage\":{\"@id\":\"https:\\\/\\\/bycon-europe.com\\\/bycon-diamond-core-drill-buying-guide\\\/#primaryimage\"},\"image\":{\"@id\":\"https:\\\/\\\/bycon-europe.com\\\/bycon-diamond-core-drill-buying-guide\\\/#primaryimage\"},\"thumbnailUrl\":\"https:\\\/\\\/bycon-europe.com\\\/wp-content\\\/uploads\\\/2025\\\/07\\\/BYCON-BUTTONS.png\",\"datePublished\":\"2025-07-03T10:17:55+00:00\",\"dateModified\":\"2026-01-22T07:45:49+00:00\",\"description\":\"Find your ideal BYCON diamond core drill. Compare 2024 models by power, diameter, RPM, wet\\\/dry, micro-percussion & motor type in one table.\",\"breadcrumb\":{\"@id\":\"https:\\\/\\\/bycon-europe.com\\\/bycon-diamond-core-drill-buying-guide\\\/#breadcrumb\"},\"inLanguage\":\"de\",\"potentialAction\":[{\"@type\":\"ReadAction\",\"target\":[\"https:\\\/\\\/bycon-europe.com\\\/bycon-diamond-core-drill-buying-guide\\\/\"]}]},{\"@type\":\"ImageObject\",\"inLanguage\":\"de\",\"@id\":\"https:\\\/\\\/bycon-europe.com\\\/bycon-diamond-core-drill-buying-guide\\\/#primaryimage\",\"url\":\"https:\\\/\\\/bycon-europe.com\\\/wp-content\\\/uploads\\\/2025\\\/07\\\/BYCON-BUTTONS.png\",\"contentUrl\":\"https:\\\/\\\/bycon-europe.com\\\/wp-content\\\/uploads\\\/2025\\\/07\\\/BYCON-BUTTONS.png\",\"width\":880,\"height\":270,\"caption\":\"DIMOND CORE DRILL GUIDE - BYCON EUROPE\"},{\"@type\":\"BreadcrumbList\",\"@id\":\"https:\\\/\\\/bycon-europe.com\\\/bycon-diamond-core-drill-buying-guide\\\/#breadcrumb\",\"itemListElement\":[{\"@type\":\"ListItem\",\"position\":1,\"name\":\"Home\",\"item\":\"https:\\\/\\\/bycon-europe.com\\\/\"},{\"@type\":\"ListItem\",\"position\":2,\"name\":\"FIND MY BYCON CORE DRILL GUIDE\"}]},{\"@type\":\"WebSite\",\"@id\":\"https:\\\/\\\/bycon-europe.com\\\/#website\",\"url\":\"https:\\\/\\\/bycon-europe.com\\\/\",\"name\":\"BYCON Europe\",\"description\":\"\",\"publisher\":{\"@id\":\"https:\\\/\\\/bycon-europe.com\\\/#organization\"},\"potentialAction\":[{\"@type\":\"SearchAction\",\"target\":{\"@type\":\"EntryPoint\",\"urlTemplate\":\"https:\\\/\\\/bycon-europe.com\\\/?s={search_term_string}\"},\"query-input\":{\"@type\":\"PropertyValueSpecification\",\"valueRequired\":true,\"valueName\":\"search_term_string\"}}],\"inLanguage\":\"de\"},{\"@type\":\"Organization\",\"@id\":\"https:\\\/\\\/bycon-europe.com\\\/#organization\",\"name\":\"BYCON Europe\",\"url\":\"https:\\\/\\\/bycon-europe.com\\\/\",\"logo\":{\"@type\":\"ImageObject\",\"inLanguage\":\"de\",\"@id\":\"https:\\\/\\\/bycon-europe.com\\\/#\\\/schema\\\/logo\\\/image\\\/\",\"url\":\"https:\\\/\\\/bycon-europe.com\\\/wp-content\\\/uploads\\\/2025\\\/12\\\/logo-Bewerkt.png\",\"contentUrl\":\"https:\\\/\\\/bycon-europe.com\\\/wp-content\\\/uploads\\\/2025\\\/12\\\/logo-Bewerkt.png\",\"width\":765,\"height\":200,\"caption\":\"BYCON Europe\"},\"image\":{\"@id\":\"https:\\\/\\\/bycon-europe.com\\\/#\\\/schema\\\/logo\\\/image\\\/\"}}]}<\/script>\n<!-- \/ Yoast SEO plugin. -->","yoast_head_json":{"title":"BYCON Diamant-Kernbohrer Einkaufsf\u00fchrer - BYCON Europe","description":"Finden Sie Ihre ideale BYCON-Diamantkernbohrmaschine. Vergleichen Sie die 2024 Modelle nach Leistung, Durchmesser, Drehzahl, Nass\/Trocken, Mikroschlag und Motortyp in einer Tabelle.","robots":{"index":"index","follow":"follow","max-snippet":"max-snippet:-1","max-image-preview":"max-image-preview:large","max-video-preview":"max-video-preview:-1"},"canonical":"https:\/\/bycon-europe.com\/de\/bycon-diamant-kernbohrer-kaufberatung\/","og_locale":"de_DE","og_type":"article","og_title":"BYCON Diamond Core Drill Buying Guide - BYCON Europe","og_description":"Find your ideal BYCON diamond core drill. Compare 2024 models by power, diameter, RPM, wet\/dry, micro-percussion & motor type in one table.","og_url":"https:\/\/bycon-europe.com\/de\/bycon-diamant-kernbohrer-kaufberatung\/","og_site_name":"BYCON Europe","article_modified_time":"2026-01-22T07:45:49+00:00","og_image":[{"width":880,"height":270,"url":"https:\/\/bycon-europe.com\/wp-content\/uploads\/2025\/07\/BYCON-BUTTONS.png","type":"image\/png"}],"twitter_card":"summary_large_image","twitter_misc":{"Gesch\u00e4tzte Lesezeit":"3\u00a0Minuten"},"schema":{"@context":"https:\/\/schema.org","@graph":[{"@type":"WebPage","@id":"https:\/\/bycon-europe.com\/bycon-diamond-core-drill-buying-guide\/","url":"https:\/\/bycon-europe.com\/bycon-diamond-core-drill-buying-guide\/","name":"BYCON Diamant-Kernbohrer Einkaufsf\u00fchrer - BYCON Europe","isPartOf":{"@id":"https:\/\/bycon-europe.com\/#website"},"primaryImageOfPage":{"@id":"https:\/\/bycon-europe.com\/bycon-diamond-core-drill-buying-guide\/#primaryimage"},"image":{"@id":"https:\/\/bycon-europe.com\/bycon-diamond-core-drill-buying-guide\/#primaryimage"},"thumbnailUrl":"https:\/\/bycon-europe.com\/wp-content\/uploads\/2025\/07\/BYCON-BUTTONS.png","datePublished":"2025-07-03T10:17:55+00:00","dateModified":"2026-01-22T07:45:49+00:00","description":"Finden Sie Ihre ideale BYCON-Diamantkernbohrmaschine. Vergleichen Sie die 2024 Modelle nach Leistung, Durchmesser, Drehzahl, Nass\/Trocken, Mikroschlag und Motortyp in einer Tabelle.","breadcrumb":{"@id":"https:\/\/bycon-europe.com\/bycon-diamond-core-drill-buying-guide\/#breadcrumb"},"inLanguage":"de","potentialAction":[{"@type":"ReadAction","target":["https:\/\/bycon-europe.com\/bycon-diamond-core-drill-buying-guide\/"]}]},{"@type":"ImageObject","inLanguage":"de","@id":"https:\/\/bycon-europe.com\/bycon-diamond-core-drill-buying-guide\/#primaryimage","url":"https:\/\/bycon-europe.com\/wp-content\/uploads\/2025\/07\/BYCON-BUTTONS.png","contentUrl":"https:\/\/bycon-europe.com\/wp-content\/uploads\/2025\/07\/BYCON-BUTTONS.png","width":880,"height":270,"caption":"DIMOND CORE DRILL GUIDE - BYCON EUROPE"},{"@type":"BreadcrumbList","@id":"https:\/\/bycon-europe.com\/bycon-diamond-core-drill-buying-guide\/#breadcrumb","itemListElement":[{"@type":"ListItem","position":1,"name":"Home","item":"https:\/\/bycon-europe.com\/"},{"@type":"ListItem","position":2,"name":"FIND MY BYCON CORE DRILL GUIDE"}]},{"@type":"WebSite","@id":"https:\/\/bycon-europe.com\/#website","url":"https:\/\/bycon-europe.com\/","name":"BYCON Europe","description":"","publisher":{"@id":"https:\/\/bycon-europe.com\/#organization"},"potentialAction":[{"@type":"SearchAction","target":{"@type":"EntryPoint","urlTemplate":"https:\/\/bycon-europe.com\/?s={search_term_string}"},"query-input":{"@type":"PropertyValueSpecification","valueRequired":true,"valueName":"search_term_string"}}],"inLanguage":"de"},{"@type":"Organization","@id":"https:\/\/bycon-europe.com\/#organization","name":"BYCON Europe","url":"https:\/\/bycon-europe.com\/","logo":{"@type":"ImageObject","inLanguage":"de","@id":"https:\/\/bycon-europe.com\/#\/schema\/logo\/image\/","url":"https:\/\/bycon-europe.com\/wp-content\/uploads\/2025\/12\/logo-Bewerkt.png","contentUrl":"https:\/\/bycon-europe.com\/wp-content\/uploads\/2025\/12\/logo-Bewerkt.png","width":765,"height":200,"caption":"BYCON Europe"},"image":{"@id":"https:\/\/bycon-europe.com\/#\/schema\/logo\/image\/"}}]}},"_links":{"self":[{"href":"https:\/\/bycon-europe.com\/de\/wp-json\/wp\/v2\/pages\/1464","targetHints":{"allow":["GET"]}}],"collection":[{"href":"https:\/\/bycon-europe.com\/de\/wp-json\/wp\/v2\/pages"}],"about":[{"href":"https:\/\/bycon-europe.com\/de\/wp-json\/wp\/v2\/types\/page"}],"author":[{"embeddable":true,"href":"https:\/\/bycon-europe.com\/de\/wp-json\/wp\/v2\/users\/2"}],"replies":[{"embeddable":true,"href":"https:\/\/bycon-europe.com\/de\/wp-json\/wp\/v2\/comments?post=1464"}],"version-history":[{"count":8,"href":"https:\/\/bycon-europe.com\/de\/wp-json\/wp\/v2\/pages\/1464\/revisions"}],"predecessor-version":[{"id":1679,"href":"https:\/\/bycon-europe.com\/de\/wp-json\/wp\/v2\/pages\/1464\/revisions\/1679"}],"wp:featuredmedia":[{"embeddable":true,"href":"https:\/\/bycon-europe.com\/de\/wp-json\/wp\/v2\/media\/1458"}],"wp:attachment":[{"href":"https:\/\/bycon-europe.com\/de\/wp-json\/wp\/v2\/media?parent=1464"}],"curies":[{"name":"wp","href":"https:\/\/api.w.org\/{rel}","templated":true}]}}