{"id":1034,"date":"2025-04-10T08:26:15","date_gmt":"2025-04-10T08:26:15","guid":{"rendered":"https:\/\/bycon-europe.com\/?post_type=product&#038;p=1034"},"modified":"2025-04-10T08:26:15","modified_gmt":"2025-04-10T08:26:15","slug":"bycon-trockene-kernbohrer-fuer-beton","status":"publish","type":"product","link":"https:\/\/bycon-europe.com\/de\/product\/bycon-dry-core-bits-for-concrete-drilling\/","title":{"rendered":"BYCON Trockenbohrkronen f\u00fcr Betonbohrungen"},"content":{"rendered":"<h2 data-start=\"0\" data-end=\"55\"><strong data-start=\"0\" data-end=\"55\">Trockenbohrkronen f\u00fcr Betonbohrungen - Classic Series<\/strong><\/h2>\n<p>Die Diamant-Trockenbohrkronen der Classic-Serie sind auf Pr\u00e4zision und Leistung beim Betonbohren ausgelegt. Diese Bohrkronen verf\u00fcgen \u00fcber lasergeschwei\u00dfte Segmente f\u00fcr verbesserte Haltbarkeit und hohe Schnittgeschwindigkeiten, selbst unter Bedingungen, bei denen eine Wasserk\u00fchlung nicht m\u00f6glich ist. Mit einer Schnitttiefe von 150 mm und einem 10 mm hohen Segment sind sie ideal f\u00fcr professionelle Anwender, die mit Betonbl\u00f6cken, Ziegeln, Sandstein und mehr arbeiten. Das standardm\u00e4\u00dfige 1\/2\u2033 BSP-Innengewinde gew\u00e4hrleistet die Kompatibilit\u00e4t mit den meisten g\u00e4ngigen Maschinen, wobei f\u00fcr spezielle Aufbauten optional M16-Gewinde erh\u00e4ltlich sind.<\/p>\n<p><strong>Wesentliche Merkmale:<\/strong><\/p>\n<ul>\n<li><strong>Hochgeschwindigkeits-Trockenbohren:<\/strong> Hervorragende Schneidleistung bei langer Lebensdauer<\/li>\n<li><strong>Lasergeschwei\u00dfte Segmente:<\/strong> Sicherstellung eines robusten und zuverl\u00e4ssigen Betriebs<\/li>\n<li><strong>Nur trocken verwenden:<\/strong> Geeignet f\u00fcr Bohrungen ohne Wasserk\u00fchlung<\/li>\n<li><strong>10 mm hohe Diamantsegmente:<\/strong> Entwickelt f\u00fcr Langlebigkeit und verl\u00e4ngerte Lebensdauer<\/li>\n<li><strong>Standard-Arbeitsl\u00e4nge:<\/strong> 150 mm<\/li>\n<li><strong>Gewindeoptionen:<\/strong> \u00bd\" BSP-Innengewinde (Standard) und optional M16<\/li>\n<\/ul>\n<p class=\"\" data-start=\"1101\" data-end=\"1130\"><strong data-start=\"1101\" data-end=\"1130\">Technische Daten:<\/strong><\/p>\n<table class=\"min-w-full\" data-start=\"181\" data-end=\"2401\">\n<thead data-start=\"181\" data-end=\"295\">\n<tr data-start=\"181\" data-end=\"295\">\n<th data-start=\"181\" data-end=\"194\">Art Nummer<\/th>\n<th data-start=\"194\" data-end=\"218\">Au\u00dfendurchmesser (O.D.)<\/th>\n<th data-start=\"218\" data-end=\"235\">Arbeitsl\u00e4nge<\/th>\n<th data-start=\"235\" data-end=\"252\">Gewinde verbinden<\/th>\n<th data-start=\"252\" data-end=\"271\">Segment Gr\u00f6\u00dfe<\/th>\n<th data-start=\"271\" data-end=\"295\">Anzahl der Segmente<\/th>\n<\/tr>\n<\/thead>\n<tbody data-start=\"413\" data-end=\"2401\">\n<tr data-start=\"413\" data-end=\"529\">\n<td class=\"\" data-start=\"413\" data-end=\"426\">2022025<\/td>\n<td class=\"\" data-start=\"426\" data-end=\"451\">25 mm<\/td>\n<td class=\"\" data-start=\"451\" data-end=\"468\">150 mm<\/td>\n<td class=\"\" data-start=\"468\" data-end=\"485\">1\/2\" BSP \/ M16<\/td>\n<td class=\"\" data-start=\"485\" data-end=\"504\">1,5\u00d73,8\u00d710 mm<\/td>\n<td class=\"\" data-start=\"504\" data-end=\"529\">2<\/td>\n<\/tr>\n<tr data-start=\"530\" data-end=\"646\">\n<td class=\"\" data-start=\"530\" data-end=\"543\">2022032<\/td>\n<td class=\"\" data-start=\"543\" data-end=\"568\">32 mm<\/td>\n<td class=\"\" data-start=\"568\" data-end=\"585\">150 mm<\/td>\n<td class=\"\" data-start=\"585\" data-end=\"602\">1\/2\" BSP \/ M16<\/td>\n<td class=\"\" data-start=\"602\" data-end=\"621\">1,5\u00d73,8\u00d710 mm<\/td>\n<td class=\"\" data-start=\"621\" data-end=\"646\">3<\/td>\n<\/tr>\n<tr data-start=\"647\" data-end=\"763\">\n<td class=\"\" data-start=\"647\" data-end=\"660\">2022038<\/td>\n<td class=\"\" data-start=\"660\" data-end=\"685\">38 mm<\/td>\n<td class=\"\" data-start=\"685\" data-end=\"702\">150 mm<\/td>\n<td class=\"\" data-start=\"702\" data-end=\"719\">1\/2\" BSP \/ M16<\/td>\n<td class=\"\" data-start=\"719\" data-end=\"738\">1,5\u00d73,8\u00d710 mm<\/td>\n<td class=\"\" data-start=\"738\" data-end=\"763\">4<\/td>\n<\/tr>\n<tr data-start=\"764\" data-end=\"880\">\n<td class=\"\" data-start=\"764\" data-end=\"777\">2022048<\/td>\n<td class=\"\" data-start=\"777\" data-end=\"802\">48 mm<\/td>\n<td class=\"\" data-start=\"802\" data-end=\"819\">150 mm<\/td>\n<td class=\"\" data-start=\"819\" data-end=\"836\">1\/2\" BSP \/ M16<\/td>\n<td class=\"\" data-start=\"836\" data-end=\"855\">2,4\u00d73,8\u00d710 mm<\/td>\n<td class=\"\" data-start=\"855\" data-end=\"880\">4<\/td>\n<\/tr>\n<tr data-start=\"881\" data-end=\"997\">\n<td class=\"\" data-start=\"881\" data-end=\"894\">2022052<\/td>\n<td class=\"\" data-start=\"894\" data-end=\"919\">52 mm<\/td>\n<td class=\"\" data-start=\"919\" data-end=\"936\">150 mm<\/td>\n<td class=\"\" data-start=\"936\" data-end=\"953\">1\/2\" BSP \/ M16<\/td>\n<td class=\"\" data-start=\"953\" data-end=\"972\">2,4\u00d73,8\u00d710 mm<\/td>\n<td class=\"\" data-start=\"972\" data-end=\"997\">4<\/td>\n<\/tr>\n<tr data-start=\"998\" data-end=\"1114\">\n<td class=\"\" data-start=\"998\" data-end=\"1011\">2022065<\/td>\n<td class=\"\" data-start=\"1011\" data-end=\"1036\">65 mm<\/td>\n<td class=\"\" data-start=\"1036\" data-end=\"1053\">150 mm<\/td>\n<td class=\"\" data-start=\"1053\" data-end=\"1070\">1\/2\" BSP \/ M16<\/td>\n<td class=\"\" data-start=\"1070\" data-end=\"1089\">2,4\u00d73,8\u00d710 mm<\/td>\n<td class=\"\" data-start=\"1089\" data-end=\"1114\">4<\/td>\n<\/tr>\n<tr data-start=\"1115\" data-end=\"1231\">\n<td class=\"\" data-start=\"1115\" data-end=\"1128\">2022078<\/td>\n<td class=\"\" data-start=\"1128\" data-end=\"1153\">78 mm<\/td>\n<td class=\"\" data-start=\"1153\" data-end=\"1170\">150 mm<\/td>\n<td class=\"\" data-start=\"1170\" data-end=\"1187\">1\/2\" BSP \/ M16<\/td>\n<td class=\"\" data-start=\"1187\" data-end=\"1206\">2,4\u00d73,8\u00d710 mm<\/td>\n<td class=\"\" data-start=\"1206\" data-end=\"1231\">4<\/td>\n<\/tr>\n<tr data-start=\"1232\" data-end=\"1348\">\n<td class=\"\" data-start=\"1232\" data-end=\"1245\">2022091<\/td>\n<td class=\"\" data-start=\"1245\" data-end=\"1270\">91 mm<\/td>\n<td class=\"\" data-start=\"1270\" data-end=\"1287\">150 mm<\/td>\n<td class=\"\" data-start=\"1287\" data-end=\"1304\">1\/2\" BSP \/ M16<\/td>\n<td class=\"\" data-start=\"1304\" data-end=\"1323\">2,4\u00d73,8\u00d710 mm<\/td>\n<td class=\"\" data-start=\"1323\" data-end=\"1348\">4<\/td>\n<\/tr>\n<tr data-start=\"1349\" data-end=\"1465\">\n<td class=\"\" data-start=\"1349\" data-end=\"1362\">2022102<\/td>\n<td class=\"\" data-start=\"1362\" data-end=\"1387\">102 mm<\/td>\n<td class=\"\" data-start=\"1387\" data-end=\"1404\">150 mm<\/td>\n<td class=\"\" data-start=\"1404\" data-end=\"1421\">1\/2\" BSP \/ M16<\/td>\n<td class=\"\" data-start=\"1421\" data-end=\"1440\">2,4\u00d73,8\u00d710 mm<\/td>\n<td class=\"\" data-start=\"1440\" data-end=\"1465\">5<\/td>\n<\/tr>\n<tr data-start=\"1466\" data-end=\"1582\">\n<td class=\"\" data-start=\"1466\" data-end=\"1479\">2022107<\/td>\n<td class=\"\" data-start=\"1479\" data-end=\"1504\">107 mm<\/td>\n<td class=\"\" data-start=\"1504\" data-end=\"1521\">150 mm<\/td>\n<td class=\"\" data-start=\"1521\" data-end=\"1538\">1\/2\" BSP \/ M16<\/td>\n<td class=\"\" data-start=\"1538\" data-end=\"1557\">2,4\u00d73,8\u00d710 mm<\/td>\n<td class=\"\" data-start=\"1557\" data-end=\"1582\">5<\/td>\n<\/tr>\n<tr data-start=\"1583\" data-end=\"1699\">\n<td class=\"\" data-start=\"1583\" data-end=\"1596\">2022117<\/td>\n<td class=\"\" data-start=\"1596\" data-end=\"1621\">117 mm<\/td>\n<td class=\"\" data-start=\"1621\" data-end=\"1638\">150 mm<\/td>\n<td class=\"\" data-start=\"1638\" data-end=\"1655\">1\/2\" BSP \/ M16<\/td>\n<td class=\"\" data-start=\"1655\" data-end=\"1674\">2,4\u00d73,8\u00d710 mm<\/td>\n<td class=\"\" data-start=\"1674\" data-end=\"1699\">5<\/td>\n<\/tr>\n<tr data-start=\"1700\" data-end=\"1816\">\n<td class=\"\" data-start=\"1700\" data-end=\"1713\">2022127<\/td>\n<td class=\"\" data-start=\"1713\" data-end=\"1738\">127 mm<\/td>\n<td class=\"\" data-start=\"1738\" data-end=\"1755\">150 mm<\/td>\n<td class=\"\" data-start=\"1755\" data-end=\"1772\">1\/2\" BSP \/ M16<\/td>\n<td class=\"\" data-start=\"1772\" data-end=\"1791\">2,4\u00d73,8\u00d710 mm<\/td>\n<td class=\"\" data-start=\"1791\" data-end=\"1816\">6<\/td>\n<\/tr>\n<tr data-start=\"1817\" data-end=\"1933\">\n<td class=\"\" data-start=\"1817\" data-end=\"1830\">2022142<\/td>\n<td class=\"\" data-start=\"1830\" data-end=\"1855\">142 mm<\/td>\n<td class=\"\" data-start=\"1855\" data-end=\"1872\">150 mm<\/td>\n<td class=\"\" data-start=\"1872\" data-end=\"1889\">1\/2\" BSP \/ M16<\/td>\n<td class=\"\" data-start=\"1889\" data-end=\"1908\">2,4\u00d73,8\u00d710 mm<\/td>\n<td class=\"\" data-start=\"1908\" data-end=\"1933\">7<\/td>\n<\/tr>\n<tr data-start=\"1934\" data-end=\"2050\">\n<td class=\"\" data-start=\"1934\" data-end=\"1947\">2022152<\/td>\n<td class=\"\" data-start=\"1947\" data-end=\"1972\">152 mm<\/td>\n<td class=\"\" data-start=\"1972\" data-end=\"1989\">150 mm<\/td>\n<td class=\"\" data-start=\"1989\" data-end=\"2006\">1\/2\" BSP \/ M16<\/td>\n<td class=\"\" data-start=\"2006\" data-end=\"2025\">2,4\u00d73,8\u00d710 mm<\/td>\n<td class=\"\" data-start=\"2025\" data-end=\"2050\">7<\/td>\n<\/tr>\n<tr data-start=\"2051\" data-end=\"2167\">\n<td class=\"\" data-start=\"2051\" data-end=\"2064\">2022162<\/td>\n<td class=\"\" data-start=\"2064\" data-end=\"2089\">162 mm<\/td>\n<td class=\"\" data-start=\"2089\" data-end=\"2106\">150 mm<\/td>\n<td class=\"\" data-start=\"2106\" data-end=\"2123\">1\/2\" BSP \/ M16<\/td>\n<td class=\"\" data-start=\"2123\" data-end=\"2142\">2,4\u00d73,8\u00d710 mm<\/td>\n<td class=\"\" data-start=\"2142\" data-end=\"2167\">8<\/td>\n<\/tr>\n<tr data-start=\"2168\" data-end=\"2284\">\n<td class=\"\" data-start=\"2168\" data-end=\"2181\">2022172<\/td>\n<td class=\"\" data-start=\"2181\" data-end=\"2206\">172 mm<\/td>\n<td class=\"\" data-start=\"2206\" data-end=\"2223\">150 mm<\/td>\n<td class=\"\" data-start=\"2223\" data-end=\"2240\">1\/2\" BSP \/ M16<\/td>\n<td class=\"\" data-start=\"2240\" data-end=\"2259\">2,4\u00d73,8\u00d710 mm<\/td>\n<td class=\"\" data-start=\"2259\" data-end=\"2284\">8<\/td>\n<\/tr>\n<tr data-start=\"2285\" data-end=\"2401\">\n<td class=\"\" data-start=\"2285\" data-end=\"2298\">2022182<\/td>\n<td class=\"\" data-start=\"2298\" data-end=\"2323\">182 mm<\/td>\n<td class=\"\" data-start=\"2323\" data-end=\"2340\">150 mm<\/td>\n<td class=\"\" data-start=\"2340\" data-end=\"2357\">1\/2\" BSP \/ M16<\/td>\n<td class=\"\" data-start=\"2357\" data-end=\"2376\">2,4\u00d73,8\u00d710 mm<\/td>\n<td class=\"\" data-start=\"2376\" data-end=\"2401\">9<\/td>\n<\/tr>\n<\/tbody>\n<\/table>","protected":false},"excerpt":{"rendered":"<p>Zuverl\u00e4ssige Diamant-Trockenbohrkronen f\u00fcr Hochgeschwindigkeitsbohrungen in Betonbl\u00f6cken, Mauerwerk und anderen harten Baumaterialien.<\/p>","protected":false},"featured_media":1035,"comment_status":"open","ping_status":"closed","template":"","meta":[],"product_brand":[],"product_cat":[34,17,36],"product_tag":[],"class_list":{"0":"post-1034","1":"product","2":"type-product","3":"status-publish","4":"has-post-thumbnail","6":"product_cat-core-drilling-tools","7":"product_cat-diamond-tools","8":"product_cat-dry-core-bits","10":"first","11":"instock","12":"shipping-taxable","13":"product-type-simple"},"yoast_head":"<!-- This site is optimized with the Yoast SEO plugin v27.4 - https:\/\/yoast.com\/product\/yoast-seo-wordpress\/ -->\n<title>BYCON Dry Core Bits for Concrete Drilling - BYCON Europe<\/title>\n<meta name=\"robots\" content=\"index, follow, max-snippet:-1, max-image-preview:large, max-video-preview:-1\" \/>\n<link rel=\"canonical\" href=\"https:\/\/bycon-europe.com\/de\/produkt\/bycon-trockene-kernbohrer-fuer-beton\/\" \/>\n<meta property=\"og:locale\" content=\"de_DE\" \/>\n<meta property=\"og:type\" content=\"article\" \/>\n<meta property=\"og:title\" content=\"BYCON Dry Core Bits for Concrete Drilling - BYCON Europe\" \/>\n<meta property=\"og:description\" content=\"Reliable dry diamond core bits designed for high-speed drilling in concrete blocks, masonry, and other hard building materials.\" \/>\n<meta property=\"og:url\" content=\"https:\/\/bycon-europe.com\/de\/produkt\/bycon-trockene-kernbohrer-fuer-beton\/\" \/>\n<meta property=\"og:site_name\" content=\"BYCON Europe\" \/>\n<meta property=\"og:image\" content=\"https:\/\/bycon-europe.com\/wp-content\/uploads\/2025\/04\/classic-series.png\" \/>\n\t<meta property=\"og:image:width\" content=\"700\" \/>\n\t<meta property=\"og:image:height\" content=\"700\" \/>\n\t<meta property=\"og:image:type\" content=\"image\/png\" \/>\n<meta name=\"twitter:card\" content=\"summary_large_image\" \/>\n<meta name=\"twitter:label1\" content=\"Gesch\u00e4tzte Lesezeit\" \/>\n\t<meta name=\"twitter:data1\" content=\"2\u00a0Minuten\" \/>\n<script type=\"application\/ld+json\" class=\"yoast-schema-graph\">{\"@context\":\"https:\\\/\\\/schema.org\",\"@graph\":[{\"@type\":\"WebPage\",\"@id\":\"https:\\\/\\\/bycon-europe.com\\\/product\\\/bycon-dry-core-bits-for-concrete-drilling\\\/\",\"url\":\"https:\\\/\\\/bycon-europe.com\\\/product\\\/bycon-dry-core-bits-for-concrete-drilling\\\/\",\"name\":\"BYCON Dry Core Bits for Concrete Drilling - BYCON Europe\",\"isPartOf\":{\"@id\":\"https:\\\/\\\/bycon-europe.com\\\/#website\"},\"primaryImageOfPage\":{\"@id\":\"https:\\\/\\\/bycon-europe.com\\\/product\\\/bycon-dry-core-bits-for-concrete-drilling\\\/#primaryimage\"},\"image\":{\"@id\":\"https:\\\/\\\/bycon-europe.com\\\/product\\\/bycon-dry-core-bits-for-concrete-drilling\\\/#primaryimage\"},\"thumbnailUrl\":\"https:\\\/\\\/bycon-europe.com\\\/wp-content\\\/uploads\\\/2025\\\/04\\\/classic-series.png\",\"datePublished\":\"2025-04-10T08:26:15+00:00\",\"breadcrumb\":{\"@id\":\"https:\\\/\\\/bycon-europe.com\\\/product\\\/bycon-dry-core-bits-for-concrete-drilling\\\/#breadcrumb\"},\"inLanguage\":\"de\",\"potentialAction\":[{\"@type\":\"ReadAction\",\"target\":[\"https:\\\/\\\/bycon-europe.com\\\/product\\\/bycon-dry-core-bits-for-concrete-drilling\\\/\"]}]},{\"@type\":\"ImageObject\",\"inLanguage\":\"de\",\"@id\":\"https:\\\/\\\/bycon-europe.com\\\/product\\\/bycon-dry-core-bits-for-concrete-drilling\\\/#primaryimage\",\"url\":\"https:\\\/\\\/bycon-europe.com\\\/wp-content\\\/uploads\\\/2025\\\/04\\\/classic-series.png\",\"contentUrl\":\"https:\\\/\\\/bycon-europe.com\\\/wp-content\\\/uploads\\\/2025\\\/04\\\/classic-series.png\",\"width\":700,\"height\":700},{\"@type\":\"BreadcrumbList\",\"@id\":\"https:\\\/\\\/bycon-europe.com\\\/product\\\/bycon-dry-core-bits-for-concrete-drilling\\\/#breadcrumb\",\"itemListElement\":[{\"@type\":\"ListItem\",\"position\":1,\"name\":\"Home\",\"item\":\"https:\\\/\\\/bycon-europe.com\\\/\"},{\"@type\":\"ListItem\",\"position\":2,\"name\":\"Shop\",\"item\":\"https:\\\/\\\/bycon-europe.com\\\/shop\\\/\"},{\"@type\":\"ListItem\",\"position\":3,\"name\":\"BYCON Dry Core Bits for Concrete Drilling\"}]},{\"@type\":\"WebSite\",\"@id\":\"https:\\\/\\\/bycon-europe.com\\\/#website\",\"url\":\"https:\\\/\\\/bycon-europe.com\\\/\",\"name\":\"BYCON Europe\",\"description\":\"\",\"publisher\":{\"@id\":\"https:\\\/\\\/bycon-europe.com\\\/#organization\"},\"potentialAction\":[{\"@type\":\"SearchAction\",\"target\":{\"@type\":\"EntryPoint\",\"urlTemplate\":\"https:\\\/\\\/bycon-europe.com\\\/?s={search_term_string}\"},\"query-input\":{\"@type\":\"PropertyValueSpecification\",\"valueRequired\":true,\"valueName\":\"search_term_string\"}}],\"inLanguage\":\"de\"},{\"@type\":\"Organization\",\"@id\":\"https:\\\/\\\/bycon-europe.com\\\/#organization\",\"name\":\"BYCON Europe\",\"url\":\"https:\\\/\\\/bycon-europe.com\\\/\",\"logo\":{\"@type\":\"ImageObject\",\"inLanguage\":\"de\",\"@id\":\"https:\\\/\\\/bycon-europe.com\\\/#\\\/schema\\\/logo\\\/image\\\/\",\"url\":\"https:\\\/\\\/bycon-europe.com\\\/wp-content\\\/uploads\\\/2025\\\/12\\\/logo-Bewerkt.png\",\"contentUrl\":\"https:\\\/\\\/bycon-europe.com\\\/wp-content\\\/uploads\\\/2025\\\/12\\\/logo-Bewerkt.png\",\"width\":765,\"height\":200,\"caption\":\"BYCON Europe\"},\"image\":{\"@id\":\"https:\\\/\\\/bycon-europe.com\\\/#\\\/schema\\\/logo\\\/image\\\/\"}}]}<\/script>\n<!-- \/ Yoast SEO plugin. -->","yoast_head_json":{"title":"BYCON Trockenbohrkronen f\u00fcr Betonbohrungen - BYCON Europe","robots":{"index":"index","follow":"follow","max-snippet":"max-snippet:-1","max-image-preview":"max-image-preview:large","max-video-preview":"max-video-preview:-1"},"canonical":"https:\/\/bycon-europe.com\/de\/produkt\/bycon-trockene-kernbohrer-fuer-beton\/","og_locale":"de_DE","og_type":"article","og_title":"BYCON Dry Core Bits for Concrete Drilling - BYCON Europe","og_description":"Reliable dry diamond core bits designed for high-speed drilling in concrete blocks, masonry, and other hard building materials.","og_url":"https:\/\/bycon-europe.com\/de\/produkt\/bycon-trockene-kernbohrer-fuer-beton\/","og_site_name":"BYCON Europe","og_image":[{"width":700,"height":700,"url":"https:\/\/bycon-europe.com\/wp-content\/uploads\/2025\/04\/classic-series.png","type":"image\/png"}],"twitter_card":"summary_large_image","twitter_misc":{"Gesch\u00e4tzte Lesezeit":"2\u00a0Minuten"},"schema":{"@context":"https:\/\/schema.org","@graph":[{"@type":"WebPage","@id":"https:\/\/bycon-europe.com\/product\/bycon-dry-core-bits-for-concrete-drilling\/","url":"https:\/\/bycon-europe.com\/product\/bycon-dry-core-bits-for-concrete-drilling\/","name":"BYCON Trockenbohrkronen f\u00fcr Betonbohrungen - BYCON Europe","isPartOf":{"@id":"https:\/\/bycon-europe.com\/#website"},"primaryImageOfPage":{"@id":"https:\/\/bycon-europe.com\/product\/bycon-dry-core-bits-for-concrete-drilling\/#primaryimage"},"image":{"@id":"https:\/\/bycon-europe.com\/product\/bycon-dry-core-bits-for-concrete-drilling\/#primaryimage"},"thumbnailUrl":"https:\/\/bycon-europe.com\/wp-content\/uploads\/2025\/04\/classic-series.png","datePublished":"2025-04-10T08:26:15+00:00","breadcrumb":{"@id":"https:\/\/bycon-europe.com\/product\/bycon-dry-core-bits-for-concrete-drilling\/#breadcrumb"},"inLanguage":"de","potentialAction":[{"@type":"ReadAction","target":["https:\/\/bycon-europe.com\/product\/bycon-dry-core-bits-for-concrete-drilling\/"]}]},{"@type":"ImageObject","inLanguage":"de","@id":"https:\/\/bycon-europe.com\/product\/bycon-dry-core-bits-for-concrete-drilling\/#primaryimage","url":"https:\/\/bycon-europe.com\/wp-content\/uploads\/2025\/04\/classic-series.png","contentUrl":"https:\/\/bycon-europe.com\/wp-content\/uploads\/2025\/04\/classic-series.png","width":700,"height":700},{"@type":"BreadcrumbList","@id":"https:\/\/bycon-europe.com\/product\/bycon-dry-core-bits-for-concrete-drilling\/#breadcrumb","itemListElement":[{"@type":"ListItem","position":1,"name":"Home","item":"https:\/\/bycon-europe.com\/"},{"@type":"ListItem","position":2,"name":"Shop","item":"https:\/\/bycon-europe.com\/shop\/"},{"@type":"ListItem","position":3,"name":"BYCON Dry Core Bits for Concrete Drilling"}]},{"@type":"WebSite","@id":"https:\/\/bycon-europe.com\/#website","url":"https:\/\/bycon-europe.com\/","name":"BYCON Europe","description":"","publisher":{"@id":"https:\/\/bycon-europe.com\/#organization"},"potentialAction":[{"@type":"SearchAction","target":{"@type":"EntryPoint","urlTemplate":"https:\/\/bycon-europe.com\/?s={search_term_string}"},"query-input":{"@type":"PropertyValueSpecification","valueRequired":true,"valueName":"search_term_string"}}],"inLanguage":"de"},{"@type":"Organization","@id":"https:\/\/bycon-europe.com\/#organization","name":"BYCON Europe","url":"https:\/\/bycon-europe.com\/","logo":{"@type":"ImageObject","inLanguage":"de","@id":"https:\/\/bycon-europe.com\/#\/schema\/logo\/image\/","url":"https:\/\/bycon-europe.com\/wp-content\/uploads\/2025\/12\/logo-Bewerkt.png","contentUrl":"https:\/\/bycon-europe.com\/wp-content\/uploads\/2025\/12\/logo-Bewerkt.png","width":765,"height":200,"caption":"BYCON Europe"},"image":{"@id":"https:\/\/bycon-europe.com\/#\/schema\/logo\/image\/"}}]}},"_links":{"self":[{"href":"https:\/\/bycon-europe.com\/de\/wp-json\/wp\/v2\/product\/1034","targetHints":{"allow":["GET"]}}],"collection":[{"href":"https:\/\/bycon-europe.com\/de\/wp-json\/wp\/v2\/product"}],"about":[{"href":"https:\/\/bycon-europe.com\/de\/wp-json\/wp\/v2\/types\/product"}],"replies":[{"embeddable":true,"href":"https:\/\/bycon-europe.com\/de\/wp-json\/wp\/v2\/comments?post=1034"}],"wp:featuredmedia":[{"embeddable":true,"href":"https:\/\/bycon-europe.com\/de\/wp-json\/wp\/v2\/media\/1035"}],"wp:attachment":[{"href":"https:\/\/bycon-europe.com\/de\/wp-json\/wp\/v2\/media?parent=1034"}],"wp:term":[{"taxonomy":"product_brand","embeddable":true,"href":"https:\/\/bycon-europe.com\/de\/wp-json\/wp\/v2\/product_brand?post=1034"},{"taxonomy":"product_cat","embeddable":true,"href":"https:\/\/bycon-europe.com\/de\/wp-json\/wp\/v2\/product_cat?post=1034"},{"taxonomy":"product_tag","embeddable":true,"href":"https:\/\/bycon-europe.com\/de\/wp-json\/wp\/v2\/product_tag?post=1034"}],"curies":[{"name":"wp","href":"https:\/\/api.w.org\/{rel}","templated":true}]}}