{"id":104,"date":"2025-01-16T08:39:26","date_gmt":"2025-01-16T08:39:26","guid":{"rendered":"https:\/\/bycon-europe.com\/?post_type=product&#038;p=104"},"modified":"2025-04-03T06:49:26","modified_gmt":"2025-04-03T06:49:26","slug":"bycon-benzin-pfostentreiber-120mm-set","status":"publish","type":"product","link":"https:\/\/bycon-europe.com\/de\/product\/bycon-petrol-post-driver-120mm-set\/","title":{"rendered":"BYCON Benzin Pfostentreiber 120mm Set"},"content":{"rendered":"<h2 data-pm-slice=\"1 3 []\"><strong>Professioneller Benzin-Pfostentreiber f\u00fcr den harten Einsatz<\/strong><\/h2>\n<p data-pm-slice=\"1 3 []\">Das BYCON Petrol Post Driver 120mm Set liefert hohe Geschwindigkeit und Kraft f\u00fcr m\u00fcheloses Eintreiben von Pfosten. Sein kraftstoffsparendes Design sorgt f\u00fcr starke Schlagkraft bei geringem Verbrauch. Er ist sowohl f\u00fcr Holz- als auch f\u00fcr Metallpfosten geeignet und enth\u00e4lt f\u00fcnf Adapter f\u00fcr einen Durchmesser von bis zu 120 mm. Die 4-fach ged\u00e4mpften Griffe reduzieren Vibrationen und sorgen f\u00fcr Komfort und Pr\u00e4zision, w\u00e4hrend das Getriebegeh\u00e4use aus Aluminiumguss ein ausgewogenes Verh\u00e4ltnis von Leistung und Gewicht f\u00fcr eine reibungslose Handhabung bietet.<\/p>\n<p><strong>Wichtigste Vorteile<\/strong><\/p>\n<ul data-spread=\"false\">\n<li><strong>Starke Leistung:<\/strong> Der 4-Takt-Motor mit 38 cm\u00b3 bew\u00e4ltigt auch schwierige Bedingungen m\u00fchelos.<\/li>\n<li><strong>Gebaut f\u00fcr Langlebigkeit:<\/strong> Das robuste Getriebe und die verst\u00e4rkte Motoraufh\u00e4ngung sorgen f\u00fcr Langlebigkeit.<\/li>\n<li><strong>Ergonomisches Design:<\/strong> Geringere Vibrationen und Gummigriffe sorgen f\u00fcr Komfort bei l\u00e4ngerem Gebrauch.<\/li>\n<li><strong>Einfacher Transport:<\/strong> Er wird mit einem BMC-Koffer mit Rollen geliefert und wiegt nur 22,7 kg.<\/li>\n<\/ul>\n<p>\ud83d\udccc <strong>Anmerkung:<\/strong> Vergewissern Sie sich vor der ersten Inbetriebnahme, dass das Motor\u00f6l nachgef\u00fcllt ist.<\/p>\n<p>\ud83d\udee2\ufe0f <strong>Pflege-Tipp:<\/strong> F\u00fcllen Sie nach 50 Betriebsstunden Hydraulik\u00f6l HM46 oder H46 nach, um das Hydrauliksystem zu sch\u00fctzen.<\/p>\n<p><strong>Was ist inbegriffen?<\/strong><\/p>\n<ul data-spread=\"false\">\n<li>BYCON Petrol Pfostentreiber (120mm Set)<\/li>\n<li>F\u00fcnf Pfostenadapter (f\u00fcr verschiedene Durchmesser, max. 120 mm)<\/li>\n<li>BMC-Tragekoffer mit R\u00e4dern<\/li>\n<li>Benutzerhandbuch<\/li>\n<\/ul>","protected":false},"excerpt":{"rendered":"<ul data-spread=\"false\" data-pm-slice=\"3 3 []\">\n<li><strong>Gesteigerte Effizienz:<\/strong> Leistungsstarker 4-Takt-Motor mit 38 cm\u00b3 f\u00fcr maximale Wirkung<\/li>\n<li><strong>Langlebig und zuverl\u00e4ssig:<\/strong> Hochbelastbares Getriebe und einzigartige Motorhalterung<\/li>\n<li><strong>Bequem zu benutzen:<\/strong> Reduzierte Vibrationen dank gummierter Griffe und D\u00e4mpfungsfedern<\/li>\n<li><strong>Leicht zu transportieren:<\/strong> Wird mit einem BMC-Koffer mit Rollen geliefert und wiegt nur 22,7 kg<\/li>\n<\/ul>","protected":false},"featured_media":109,"comment_status":"open","ping_status":"closed","template":"","meta":[],"product_brand":[],"product_cat":[15,29,27,28],"product_tag":[],"class_list":{"0":"post-104","1":"product","2":"type-product","3":"status-publish","4":"has-post-thumbnail","6":"product_cat-all-machines","7":"product_cat-petrol-post-driver","8":"product_cat-petrol-tools","9":"product_cat-post-driving-breaking","11":"first","12":"instock","13":"shipping-taxable","14":"product-type-simple"},"yoast_head":"<!-- This site is optimized with the Yoast SEO plugin v27.4 - https:\/\/yoast.com\/product\/yoast-seo-wordpress\/ -->\n<title>BYCON Petrol Post Driver 120mm Set - BYCON Europe<\/title>\n<meta name=\"robots\" content=\"index, follow, max-snippet:-1, max-image-preview:large, max-video-preview:-1\" \/>\n<link rel=\"canonical\" href=\"https:\/\/bycon-europe.com\/de\/produkt\/bycon-benzin-pfostentreiber-120mm-set\/\" \/>\n<meta property=\"og:locale\" content=\"de_DE\" \/>\n<meta property=\"og:type\" content=\"article\" \/>\n<meta property=\"og:title\" content=\"BYCON Petrol Post Driver 120mm Set - BYCON Europe\" \/>\n<meta property=\"og:description\" content=\"Increased Efficiency: Powerful 4-stroke, 38cc engine for maximum impact  Durable &amp; Reliable: Heavy-duty gear system and unique engine support  Comfortable to Use: Reduced vibrations thanks to rubberized handles and damping springs  Easy to Transport: Comes with a BMC carrying case with wheels and weighs only 22.7 kg\" \/>\n<meta property=\"og:url\" content=\"https:\/\/bycon-europe.com\/de\/produkt\/bycon-benzin-pfostentreiber-120mm-set\/\" \/>\n<meta property=\"og:site_name\" content=\"BYCON Europe\" \/>\n<meta property=\"article:modified_time\" content=\"2025-04-03T06:49:26+00:00\" \/>\n<meta property=\"og:image\" content=\"https:\/\/bycon-europe.com\/wp-content\/uploads\/2025\/01\/DPD-120SET.webp\" \/>\n\t<meta property=\"og:image:width\" content=\"700\" \/>\n\t<meta property=\"og:image:height\" content=\"700\" \/>\n\t<meta property=\"og:image:type\" content=\"image\/webp\" \/>\n<meta name=\"twitter:card\" content=\"summary_large_image\" \/>\n<meta name=\"twitter:label1\" content=\"Gesch\u00e4tzte Lesezeit\" \/>\n\t<meta name=\"twitter:data1\" content=\"1\u00a0Minute\" \/>\n<script type=\"application\/ld+json\" class=\"yoast-schema-graph\">{\"@context\":\"https:\\\/\\\/schema.org\",\"@graph\":[{\"@type\":\"WebPage\",\"@id\":\"https:\\\/\\\/bycon-europe.com\\\/product\\\/bycon-petrol-post-driver-120mm-set\\\/\",\"url\":\"https:\\\/\\\/bycon-europe.com\\\/product\\\/bycon-petrol-post-driver-120mm-set\\\/\",\"name\":\"BYCON Petrol Post Driver 120mm Set - BYCON Europe\",\"isPartOf\":{\"@id\":\"https:\\\/\\\/bycon-europe.com\\\/#website\"},\"primaryImageOfPage\":{\"@id\":\"https:\\\/\\\/bycon-europe.com\\\/product\\\/bycon-petrol-post-driver-120mm-set\\\/#primaryimage\"},\"image\":{\"@id\":\"https:\\\/\\\/bycon-europe.com\\\/product\\\/bycon-petrol-post-driver-120mm-set\\\/#primaryimage\"},\"thumbnailUrl\":\"https:\\\/\\\/bycon-europe.com\\\/wp-content\\\/uploads\\\/2025\\\/01\\\/DPD-120SET.webp\",\"datePublished\":\"2025-01-16T08:39:26+00:00\",\"dateModified\":\"2025-04-03T06:49:26+00:00\",\"breadcrumb\":{\"@id\":\"https:\\\/\\\/bycon-europe.com\\\/product\\\/bycon-petrol-post-driver-120mm-set\\\/#breadcrumb\"},\"inLanguage\":\"de\",\"potentialAction\":[{\"@type\":\"ReadAction\",\"target\":[\"https:\\\/\\\/bycon-europe.com\\\/product\\\/bycon-petrol-post-driver-120mm-set\\\/\"]}]},{\"@type\":\"ImageObject\",\"inLanguage\":\"de\",\"@id\":\"https:\\\/\\\/bycon-europe.com\\\/product\\\/bycon-petrol-post-driver-120mm-set\\\/#primaryimage\",\"url\":\"https:\\\/\\\/bycon-europe.com\\\/wp-content\\\/uploads\\\/2025\\\/01\\\/DPD-120SET.webp\",\"contentUrl\":\"https:\\\/\\\/bycon-europe.com\\\/wp-content\\\/uploads\\\/2025\\\/01\\\/DPD-120SET.webp\",\"width\":700,\"height\":700},{\"@type\":\"BreadcrumbList\",\"@id\":\"https:\\\/\\\/bycon-europe.com\\\/product\\\/bycon-petrol-post-driver-120mm-set\\\/#breadcrumb\",\"itemListElement\":[{\"@type\":\"ListItem\",\"position\":1,\"name\":\"Home\",\"item\":\"https:\\\/\\\/bycon-europe.com\\\/\"},{\"@type\":\"ListItem\",\"position\":2,\"name\":\"Shop\",\"item\":\"https:\\\/\\\/bycon-europe.com\\\/shop\\\/\"},{\"@type\":\"ListItem\",\"position\":3,\"name\":\"BYCON Petrol Post Driver 120mm Set\"}]},{\"@type\":\"WebSite\",\"@id\":\"https:\\\/\\\/bycon-europe.com\\\/#website\",\"url\":\"https:\\\/\\\/bycon-europe.com\\\/\",\"name\":\"BYCON Europe\",\"description\":\"\",\"publisher\":{\"@id\":\"https:\\\/\\\/bycon-europe.com\\\/#organization\"},\"potentialAction\":[{\"@type\":\"SearchAction\",\"target\":{\"@type\":\"EntryPoint\",\"urlTemplate\":\"https:\\\/\\\/bycon-europe.com\\\/?s={search_term_string}\"},\"query-input\":{\"@type\":\"PropertyValueSpecification\",\"valueRequired\":true,\"valueName\":\"search_term_string\"}}],\"inLanguage\":\"de\"},{\"@type\":\"Organization\",\"@id\":\"https:\\\/\\\/bycon-europe.com\\\/#organization\",\"name\":\"BYCON Europe\",\"url\":\"https:\\\/\\\/bycon-europe.com\\\/\",\"logo\":{\"@type\":\"ImageObject\",\"inLanguage\":\"de\",\"@id\":\"https:\\\/\\\/bycon-europe.com\\\/#\\\/schema\\\/logo\\\/image\\\/\",\"url\":\"https:\\\/\\\/bycon-europe.com\\\/wp-content\\\/uploads\\\/2025\\\/12\\\/logo-Bewerkt.png\",\"contentUrl\":\"https:\\\/\\\/bycon-europe.com\\\/wp-content\\\/uploads\\\/2025\\\/12\\\/logo-Bewerkt.png\",\"width\":765,\"height\":200,\"caption\":\"BYCON Europe\"},\"image\":{\"@id\":\"https:\\\/\\\/bycon-europe.com\\\/#\\\/schema\\\/logo\\\/image\\\/\"}}]}<\/script>\n<!-- \/ Yoast SEO plugin. -->","yoast_head_json":{"title":"BYCON Petrol Post Driver 120mm Set - BYCON Europe","robots":{"index":"index","follow":"follow","max-snippet":"max-snippet:-1","max-image-preview":"max-image-preview:large","max-video-preview":"max-video-preview:-1"},"canonical":"https:\/\/bycon-europe.com\/de\/produkt\/bycon-benzin-pfostentreiber-120mm-set\/","og_locale":"de_DE","og_type":"article","og_title":"BYCON Petrol Post Driver 120mm Set - BYCON Europe","og_description":"Increased Efficiency: Powerful 4-stroke, 38cc engine for maximum impact  Durable &amp; Reliable: Heavy-duty gear system and unique engine support  Comfortable to Use: Reduced vibrations thanks to rubberized handles and damping springs  Easy to Transport: Comes with a BMC carrying case with wheels and weighs only 22.7 kg","og_url":"https:\/\/bycon-europe.com\/de\/produkt\/bycon-benzin-pfostentreiber-120mm-set\/","og_site_name":"BYCON Europe","article_modified_time":"2025-04-03T06:49:26+00:00","og_image":[{"width":700,"height":700,"url":"https:\/\/bycon-europe.com\/wp-content\/uploads\/2025\/01\/DPD-120SET.webp","type":"image\/webp"}],"twitter_card":"summary_large_image","twitter_misc":{"Gesch\u00e4tzte Lesezeit":"1\u00a0Minute"},"schema":{"@context":"https:\/\/schema.org","@graph":[{"@type":"WebPage","@id":"https:\/\/bycon-europe.com\/product\/bycon-petrol-post-driver-120mm-set\/","url":"https:\/\/bycon-europe.com\/product\/bycon-petrol-post-driver-120mm-set\/","name":"BYCON Petrol Post Driver 120mm Set - BYCON Europe","isPartOf":{"@id":"https:\/\/bycon-europe.com\/#website"},"primaryImageOfPage":{"@id":"https:\/\/bycon-europe.com\/product\/bycon-petrol-post-driver-120mm-set\/#primaryimage"},"image":{"@id":"https:\/\/bycon-europe.com\/product\/bycon-petrol-post-driver-120mm-set\/#primaryimage"},"thumbnailUrl":"https:\/\/bycon-europe.com\/wp-content\/uploads\/2025\/01\/DPD-120SET.webp","datePublished":"2025-01-16T08:39:26+00:00","dateModified":"2025-04-03T06:49:26+00:00","breadcrumb":{"@id":"https:\/\/bycon-europe.com\/product\/bycon-petrol-post-driver-120mm-set\/#breadcrumb"},"inLanguage":"de","potentialAction":[{"@type":"ReadAction","target":["https:\/\/bycon-europe.com\/product\/bycon-petrol-post-driver-120mm-set\/"]}]},{"@type":"ImageObject","inLanguage":"de","@id":"https:\/\/bycon-europe.com\/product\/bycon-petrol-post-driver-120mm-set\/#primaryimage","url":"https:\/\/bycon-europe.com\/wp-content\/uploads\/2025\/01\/DPD-120SET.webp","contentUrl":"https:\/\/bycon-europe.com\/wp-content\/uploads\/2025\/01\/DPD-120SET.webp","width":700,"height":700},{"@type":"BreadcrumbList","@id":"https:\/\/bycon-europe.com\/product\/bycon-petrol-post-driver-120mm-set\/#breadcrumb","itemListElement":[{"@type":"ListItem","position":1,"name":"Home","item":"https:\/\/bycon-europe.com\/"},{"@type":"ListItem","position":2,"name":"Shop","item":"https:\/\/bycon-europe.com\/shop\/"},{"@type":"ListItem","position":3,"name":"BYCON Petrol Post Driver 120mm Set"}]},{"@type":"WebSite","@id":"https:\/\/bycon-europe.com\/#website","url":"https:\/\/bycon-europe.com\/","name":"BYCON Europe","description":"","publisher":{"@id":"https:\/\/bycon-europe.com\/#organization"},"potentialAction":[{"@type":"SearchAction","target":{"@type":"EntryPoint","urlTemplate":"https:\/\/bycon-europe.com\/?s={search_term_string}"},"query-input":{"@type":"PropertyValueSpecification","valueRequired":true,"valueName":"search_term_string"}}],"inLanguage":"de"},{"@type":"Organization","@id":"https:\/\/bycon-europe.com\/#organization","name":"BYCON Europe","url":"https:\/\/bycon-europe.com\/","logo":{"@type":"ImageObject","inLanguage":"de","@id":"https:\/\/bycon-europe.com\/#\/schema\/logo\/image\/","url":"https:\/\/bycon-europe.com\/wp-content\/uploads\/2025\/12\/logo-Bewerkt.png","contentUrl":"https:\/\/bycon-europe.com\/wp-content\/uploads\/2025\/12\/logo-Bewerkt.png","width":765,"height":200,"caption":"BYCON Europe"},"image":{"@id":"https:\/\/bycon-europe.com\/#\/schema\/logo\/image\/"}}]}},"_links":{"self":[{"href":"https:\/\/bycon-europe.com\/de\/wp-json\/wp\/v2\/product\/104","targetHints":{"allow":["GET"]}}],"collection":[{"href":"https:\/\/bycon-europe.com\/de\/wp-json\/wp\/v2\/product"}],"about":[{"href":"https:\/\/bycon-europe.com\/de\/wp-json\/wp\/v2\/types\/product"}],"replies":[{"embeddable":true,"href":"https:\/\/bycon-europe.com\/de\/wp-json\/wp\/v2\/comments?post=104"}],"wp:featuredmedia":[{"embeddable":true,"href":"https:\/\/bycon-europe.com\/de\/wp-json\/wp\/v2\/media\/109"}],"wp:attachment":[{"href":"https:\/\/bycon-europe.com\/de\/wp-json\/wp\/v2\/media?parent=104"}],"wp:term":[{"taxonomy":"product_brand","embeddable":true,"href":"https:\/\/bycon-europe.com\/de\/wp-json\/wp\/v2\/product_brand?post=104"},{"taxonomy":"product_cat","embeddable":true,"href":"https:\/\/bycon-europe.com\/de\/wp-json\/wp\/v2\/product_cat?post=104"},{"taxonomy":"product_tag","embeddable":true,"href":"https:\/\/bycon-europe.com\/de\/wp-json\/wp\/v2\/product_tag?post=104"}],"curies":[{"name":"wp","href":"https:\/\/api.w.org\/{rel}","templated":true}]}}