{"id":1058,"date":"2025-04-10T09:26:49","date_gmt":"2025-04-10T09:26:49","guid":{"rendered":"https:\/\/bycon-europe.com\/?post_type=product&#038;p=1058"},"modified":"2025-04-10T09:55:20","modified_gmt":"2025-04-10T09:55:20","slug":"bycon-nassbohrersatz","status":"publish","type":"product","link":"https:\/\/bycon-europe.com\/de\/product\/bycon-wet-core-kit\/","title":{"rendered":"BYCON Nasskern-Kit"},"content":{"rendered":"<h2>Versatile Core Drill Set for Professional Use<\/h2>\n<p>The Bycon Wet Core Kits offer a convenient and efficient solution for professional drilling in reinforced concrete. This laser welded core bit set includes four core bits with the most commonly used diameters, all designed for high performance with reinforced concrete. The internal bit sizes can be selected based on your specific needs, ensuring flexibility for different jobs. The included carry case ensures protection and easy transport, while the 1\/2&#8243; BSP thread allows compatibility with standard equipment. Whether you&#8217;re working on-site or in a workshop, this kit guarantees fast cutting speeds and excellent performance even on rebar.<\/p>\n<p><strong>Key Features<\/strong><\/p>\n<ul>\n<li><strong>Laser Welded Segments:<\/strong> Ensures strong, durable bonding for intensive use.<\/li>\n<li><strong>Interchangeable Sizes:<\/strong> Includes four essential diameters with optional working lengths (400\/425\/450 mm).<\/li>\n<li><strong>Compatible Thread:<\/strong> 1\/2&#8243; BSP for common wet core drilling machines.<\/li>\n<li><strong>Excellent Cutting Performance:<\/strong> Special diamond composition enables efficient cutting in reinforced concrete.<\/li>\n<li><strong>Supplied in Aluminum Case:<\/strong> Keeps tools organized and protected during transport.<\/li>\n<\/ul>\n<p data-start=\"1511\" data-end=\"1539\"><strong>Technical Specifications<\/strong><\/p>\n<div class=\"pointer-events-none relative left-[50%] flex w-[100cqw] translate-x-[-50%] justify-center *:pointer-events-auto\">\n<div class=\"tableContainer horzScrollShadows\">\n<table class=\"min-w-full\" data-start=\"1541\" data-end=\"2291\">\n<thead data-start=\"1541\" data-end=\"1661\">\n<tr data-start=\"1541\" data-end=\"1661\">\n<th data-start=\"1541\" data-end=\"1553\">Art No.<\/th>\n<th data-start=\"1553\" data-end=\"1569\">Diameter (mm)<\/th>\n<th data-start=\"1569\" data-end=\"1591\">Working Length (mm)<\/th>\n<th data-start=\"1591\" data-end=\"1602\">Thread<\/th>\n<th data-start=\"1602\" data-end=\"1626\">Barrel Thickness (mm)<\/th>\n<th data-start=\"1626\" data-end=\"1646\">Segment Size (mm)<\/th>\n<th data-start=\"1646\" data-end=\"1661\">Segment Qty<\/th>\n<\/tr>\n<\/thead>\n<tbody data-start=\"1788\" data-end=\"2291\">\n<tr data-start=\"1788\" data-end=\"1913\">\n<td class=\"\" data-start=\"1788\" data-end=\"1800\">2014001<\/td>\n<td class=\"\" data-start=\"1800\" data-end=\"1817\">35<\/td>\n<td class=\"\" data-start=\"1817\" data-end=\"1840\">400 \/ 425 \/ 450<\/td>\n<td class=\"\" data-start=\"1840\" data-end=\"1851\">1\/2&#8243; BSP<\/td>\n<td class=\"\" data-start=\"1851\" data-end=\"1876\">1.5<\/td>\n<td class=\"\" data-start=\"1876\" data-end=\"1897\">ring<em data-start=\"1882\" data-end=\"1887\">2.5<\/em>12<\/td>\n<td class=\"\" data-start=\"1897\" data-end=\"1913\">1<\/td>\n<\/tr>\n<tr data-start=\"1914\" data-end=\"2039\">\n<td class=\"\" data-start=\"1914\" data-end=\"1926\">2014001<\/td>\n<td class=\"\" data-start=\"1926\" data-end=\"1943\">51<\/td>\n<td class=\"\" data-start=\"1943\" data-end=\"1966\">400 \/ 425 \/ 450<\/td>\n<td class=\"\" data-start=\"1966\" data-end=\"1977\">1\/2&#8243; BSP<\/td>\n<td class=\"\" data-start=\"1977\" data-end=\"2002\">1.5<\/td>\n<td class=\"\" data-start=\"2002\" data-end=\"2023\">24<em data-start=\"2006\" data-end=\"2011\">2.5<\/em>10<\/td>\n<td class=\"\" data-start=\"2023\" data-end=\"2039\">5<\/td>\n<\/tr>\n<tr data-start=\"2040\" data-end=\"2165\">\n<td class=\"\" data-start=\"2040\" data-end=\"2052\">2014001<\/td>\n<td class=\"\" data-start=\"2052\" data-end=\"2069\">81<\/td>\n<td class=\"\" data-start=\"2069\" data-end=\"2092\">400 \/ 425 \/ 450<\/td>\n<td class=\"\" data-start=\"2092\" data-end=\"2103\">1\/2&#8243; BSP<\/td>\n<td class=\"\" data-start=\"2103\" data-end=\"2128\">1.5<\/td>\n<td class=\"\" data-start=\"2128\" data-end=\"2149\">24<em data-start=\"2132\" data-end=\"2137\">2.5<\/em>10<\/td>\n<td class=\"\" data-start=\"2149\" data-end=\"2165\">8<\/td>\n<\/tr>\n<tr data-start=\"2166\" data-end=\"2291\">\n<td class=\"\" data-start=\"2166\" data-end=\"2178\">2014001<\/td>\n<td class=\"\" data-start=\"2178\" data-end=\"2195\">132<\/td>\n<td class=\"\" data-start=\"2195\" data-end=\"2218\">400 \/ 425 \/ 450<\/td>\n<td class=\"\" data-start=\"2218\" data-end=\"2229\">1\/2&#8243; BSP<\/td>\n<td class=\"\" data-start=\"2229\" data-end=\"2254\">1.5<\/td>\n<td class=\"\" data-start=\"2254\" data-end=\"2275\">24<em data-start=\"2258\" data-end=\"2263\">2.5<\/em>10<\/td>\n<td class=\"\" data-start=\"2275\" data-end=\"2291\">11<\/td>\n<\/tr>\n<\/tbody>\n<\/table>\n<\/div>\n<\/div>\n","protected":false},"excerpt":{"rendered":"<p>Professionelles Nassbohrkronen-Set mit anpassbaren Gr\u00f6\u00dfen. Geliefert in einem robusten Aluminiumkoffer mit allen wichtigen Zubeh\u00f6rteilen f\u00fcr vielseitige Bohraufgaben.<\/p>","protected":false},"featured_media":1061,"comment_status":"open","ping_status":"closed","template":"","meta":[],"product_brand":[],"product_cat":[34,17,35],"product_tag":[],"class_list":{"0":"post-1058","1":"product","2":"type-product","3":"status-publish","4":"has-post-thumbnail","6":"product_cat-core-drilling-tools","7":"product_cat-diamond-tools","8":"product_cat-wet-core-bits","10":"first","11":"instock","12":"shipping-taxable","13":"product-type-simple"},"yoast_head":"<!-- This site is optimized with the Yoast SEO plugin v27.4 - https:\/\/yoast.com\/product\/yoast-seo-wordpress\/ -->\n<title>BYCON Wet Core Kit - BYCON Europe<\/title>\n<meta name=\"robots\" content=\"index, follow, max-snippet:-1, max-image-preview:large, max-video-preview:-1\" \/>\n<link rel=\"canonical\" href=\"https:\/\/bycon-europe.com\/de\/produkt\/bycon-nassbohrersatz\/\" \/>\n<meta property=\"og:locale\" content=\"de_DE\" \/>\n<meta property=\"og:type\" content=\"article\" \/>\n<meta property=\"og:title\" content=\"BYCON Wet Core Kit - BYCON Europe\" \/>\n<meta property=\"og:description\" content=\"Professional wet core bit set with customizable sizes. Supplied in a durable aluminum carry case with all essential accessories for versatile drilling tasks.\" \/>\n<meta property=\"og:url\" content=\"https:\/\/bycon-europe.com\/de\/produkt\/bycon-nassbohrersatz\/\" \/>\n<meta property=\"og:site_name\" content=\"BYCON Europe\" \/>\n<meta property=\"article:modified_time\" content=\"2025-04-10T09:55:20+00:00\" \/>\n<meta property=\"og:image\" content=\"https:\/\/bycon-europe.com\/wp-content\/uploads\/2025\/04\/Wet-Core-Kits.png\" \/>\n\t<meta property=\"og:image:width\" content=\"700\" \/>\n\t<meta property=\"og:image:height\" content=\"700\" \/>\n\t<meta property=\"og:image:type\" content=\"image\/png\" \/>\n<meta name=\"twitter:card\" content=\"summary_large_image\" \/>\n<meta name=\"twitter:label1\" content=\"Gesch\u00e4tzte Lesezeit\" \/>\n\t<meta name=\"twitter:data1\" content=\"2\u00a0Minuten\" \/>\n<script type=\"application\/ld+json\" class=\"yoast-schema-graph\">{\"@context\":\"https:\\\/\\\/schema.org\",\"@graph\":[{\"@type\":\"WebPage\",\"@id\":\"https:\\\/\\\/bycon-europe.com\\\/product\\\/bycon-wet-core-kit\\\/\",\"url\":\"https:\\\/\\\/bycon-europe.com\\\/product\\\/bycon-wet-core-kit\\\/\",\"name\":\"BYCON Wet Core Kit - BYCON Europe\",\"isPartOf\":{\"@id\":\"https:\\\/\\\/bycon-europe.com\\\/#website\"},\"primaryImageOfPage\":{\"@id\":\"https:\\\/\\\/bycon-europe.com\\\/product\\\/bycon-wet-core-kit\\\/#primaryimage\"},\"image\":{\"@id\":\"https:\\\/\\\/bycon-europe.com\\\/product\\\/bycon-wet-core-kit\\\/#primaryimage\"},\"thumbnailUrl\":\"https:\\\/\\\/bycon-europe.com\\\/wp-content\\\/uploads\\\/2025\\\/04\\\/Wet-Core-Kits.png\",\"datePublished\":\"2025-04-10T09:26:49+00:00\",\"dateModified\":\"2025-04-10T09:55:20+00:00\",\"breadcrumb\":{\"@id\":\"https:\\\/\\\/bycon-europe.com\\\/product\\\/bycon-wet-core-kit\\\/#breadcrumb\"},\"inLanguage\":\"de\",\"potentialAction\":[{\"@type\":\"ReadAction\",\"target\":[\"https:\\\/\\\/bycon-europe.com\\\/product\\\/bycon-wet-core-kit\\\/\"]}]},{\"@type\":\"ImageObject\",\"inLanguage\":\"de\",\"@id\":\"https:\\\/\\\/bycon-europe.com\\\/product\\\/bycon-wet-core-kit\\\/#primaryimage\",\"url\":\"https:\\\/\\\/bycon-europe.com\\\/wp-content\\\/uploads\\\/2025\\\/04\\\/Wet-Core-Kits.png\",\"contentUrl\":\"https:\\\/\\\/bycon-europe.com\\\/wp-content\\\/uploads\\\/2025\\\/04\\\/Wet-Core-Kits.png\",\"width\":700,\"height\":700},{\"@type\":\"BreadcrumbList\",\"@id\":\"https:\\\/\\\/bycon-europe.com\\\/product\\\/bycon-wet-core-kit\\\/#breadcrumb\",\"itemListElement\":[{\"@type\":\"ListItem\",\"position\":1,\"name\":\"Home\",\"item\":\"https:\\\/\\\/bycon-europe.com\\\/\"},{\"@type\":\"ListItem\",\"position\":2,\"name\":\"Shop\",\"item\":\"https:\\\/\\\/bycon-europe.com\\\/shop\\\/\"},{\"@type\":\"ListItem\",\"position\":3,\"name\":\"BYCON Wet Core Kit\"}]},{\"@type\":\"WebSite\",\"@id\":\"https:\\\/\\\/bycon-europe.com\\\/#website\",\"url\":\"https:\\\/\\\/bycon-europe.com\\\/\",\"name\":\"BYCON Europe\",\"description\":\"\",\"publisher\":{\"@id\":\"https:\\\/\\\/bycon-europe.com\\\/#organization\"},\"potentialAction\":[{\"@type\":\"SearchAction\",\"target\":{\"@type\":\"EntryPoint\",\"urlTemplate\":\"https:\\\/\\\/bycon-europe.com\\\/?s={search_term_string}\"},\"query-input\":{\"@type\":\"PropertyValueSpecification\",\"valueRequired\":true,\"valueName\":\"search_term_string\"}}],\"inLanguage\":\"de\"},{\"@type\":\"Organization\",\"@id\":\"https:\\\/\\\/bycon-europe.com\\\/#organization\",\"name\":\"BYCON Europe\",\"url\":\"https:\\\/\\\/bycon-europe.com\\\/\",\"logo\":{\"@type\":\"ImageObject\",\"inLanguage\":\"de\",\"@id\":\"https:\\\/\\\/bycon-europe.com\\\/#\\\/schema\\\/logo\\\/image\\\/\",\"url\":\"https:\\\/\\\/bycon-europe.com\\\/wp-content\\\/uploads\\\/2025\\\/12\\\/logo-Bewerkt.png\",\"contentUrl\":\"https:\\\/\\\/bycon-europe.com\\\/wp-content\\\/uploads\\\/2025\\\/12\\\/logo-Bewerkt.png\",\"width\":765,\"height\":200,\"caption\":\"BYCON Europe\"},\"image\":{\"@id\":\"https:\\\/\\\/bycon-europe.com\\\/#\\\/schema\\\/logo\\\/image\\\/\"}}]}<\/script>\n<!-- \/ Yoast SEO plugin. -->","yoast_head_json":{"title":"BYCON Nasskern-Kit - BYCON Europa","robots":{"index":"index","follow":"follow","max-snippet":"max-snippet:-1","max-image-preview":"max-image-preview:large","max-video-preview":"max-video-preview:-1"},"canonical":"https:\/\/bycon-europe.com\/de\/produkt\/bycon-nassbohrersatz\/","og_locale":"de_DE","og_type":"article","og_title":"BYCON Wet Core Kit - BYCON Europe","og_description":"Professional wet core bit set with customizable sizes. Supplied in a durable aluminum carry case with all essential accessories for versatile drilling tasks.","og_url":"https:\/\/bycon-europe.com\/de\/produkt\/bycon-nassbohrersatz\/","og_site_name":"BYCON Europe","article_modified_time":"2025-04-10T09:55:20+00:00","og_image":[{"width":700,"height":700,"url":"https:\/\/bycon-europe.com\/wp-content\/uploads\/2025\/04\/Wet-Core-Kits.png","type":"image\/png"}],"twitter_card":"summary_large_image","twitter_misc":{"Gesch\u00e4tzte Lesezeit":"2\u00a0Minuten"},"schema":{"@context":"https:\/\/schema.org","@graph":[{"@type":"WebPage","@id":"https:\/\/bycon-europe.com\/product\/bycon-wet-core-kit\/","url":"https:\/\/bycon-europe.com\/product\/bycon-wet-core-kit\/","name":"BYCON Nasskern-Kit - BYCON Europa","isPartOf":{"@id":"https:\/\/bycon-europe.com\/#website"},"primaryImageOfPage":{"@id":"https:\/\/bycon-europe.com\/product\/bycon-wet-core-kit\/#primaryimage"},"image":{"@id":"https:\/\/bycon-europe.com\/product\/bycon-wet-core-kit\/#primaryimage"},"thumbnailUrl":"https:\/\/bycon-europe.com\/wp-content\/uploads\/2025\/04\/Wet-Core-Kits.png","datePublished":"2025-04-10T09:26:49+00:00","dateModified":"2025-04-10T09:55:20+00:00","breadcrumb":{"@id":"https:\/\/bycon-europe.com\/product\/bycon-wet-core-kit\/#breadcrumb"},"inLanguage":"de","potentialAction":[{"@type":"ReadAction","target":["https:\/\/bycon-europe.com\/product\/bycon-wet-core-kit\/"]}]},{"@type":"ImageObject","inLanguage":"de","@id":"https:\/\/bycon-europe.com\/product\/bycon-wet-core-kit\/#primaryimage","url":"https:\/\/bycon-europe.com\/wp-content\/uploads\/2025\/04\/Wet-Core-Kits.png","contentUrl":"https:\/\/bycon-europe.com\/wp-content\/uploads\/2025\/04\/Wet-Core-Kits.png","width":700,"height":700},{"@type":"BreadcrumbList","@id":"https:\/\/bycon-europe.com\/product\/bycon-wet-core-kit\/#breadcrumb","itemListElement":[{"@type":"ListItem","position":1,"name":"Home","item":"https:\/\/bycon-europe.com\/"},{"@type":"ListItem","position":2,"name":"Shop","item":"https:\/\/bycon-europe.com\/shop\/"},{"@type":"ListItem","position":3,"name":"BYCON Wet Core Kit"}]},{"@type":"WebSite","@id":"https:\/\/bycon-europe.com\/#website","url":"https:\/\/bycon-europe.com\/","name":"BYCON Europe","description":"","publisher":{"@id":"https:\/\/bycon-europe.com\/#organization"},"potentialAction":[{"@type":"SearchAction","target":{"@type":"EntryPoint","urlTemplate":"https:\/\/bycon-europe.com\/?s={search_term_string}"},"query-input":{"@type":"PropertyValueSpecification","valueRequired":true,"valueName":"search_term_string"}}],"inLanguage":"de"},{"@type":"Organization","@id":"https:\/\/bycon-europe.com\/#organization","name":"BYCON Europe","url":"https:\/\/bycon-europe.com\/","logo":{"@type":"ImageObject","inLanguage":"de","@id":"https:\/\/bycon-europe.com\/#\/schema\/logo\/image\/","url":"https:\/\/bycon-europe.com\/wp-content\/uploads\/2025\/12\/logo-Bewerkt.png","contentUrl":"https:\/\/bycon-europe.com\/wp-content\/uploads\/2025\/12\/logo-Bewerkt.png","width":765,"height":200,"caption":"BYCON Europe"},"image":{"@id":"https:\/\/bycon-europe.com\/#\/schema\/logo\/image\/"}}]}},"_links":{"self":[{"href":"https:\/\/bycon-europe.com\/de\/wp-json\/wp\/v2\/product\/1058","targetHints":{"allow":["GET"]}}],"collection":[{"href":"https:\/\/bycon-europe.com\/de\/wp-json\/wp\/v2\/product"}],"about":[{"href":"https:\/\/bycon-europe.com\/de\/wp-json\/wp\/v2\/types\/product"}],"replies":[{"embeddable":true,"href":"https:\/\/bycon-europe.com\/de\/wp-json\/wp\/v2\/comments?post=1058"}],"wp:featuredmedia":[{"embeddable":true,"href":"https:\/\/bycon-europe.com\/de\/wp-json\/wp\/v2\/media\/1061"}],"wp:attachment":[{"href":"https:\/\/bycon-europe.com\/de\/wp-json\/wp\/v2\/media?parent=1058"}],"wp:term":[{"taxonomy":"product_brand","embeddable":true,"href":"https:\/\/bycon-europe.com\/de\/wp-json\/wp\/v2\/product_brand?post=1058"},{"taxonomy":"product_cat","embeddable":true,"href":"https:\/\/bycon-europe.com\/de\/wp-json\/wp\/v2\/product_cat?post=1058"},{"taxonomy":"product_tag","embeddable":true,"href":"https:\/\/bycon-europe.com\/de\/wp-json\/wp\/v2\/product_tag?post=1058"}],"curies":[{"name":"wp","href":"https:\/\/api.w.org\/{rel}","templated":true}]}}