{"id":1066,"date":"2025-04-10T10:04:18","date_gmt":"2025-04-10T10:04:18","guid":{"rendered":"https:\/\/bycon-europe.com\/?post_type=product&#038;p=1066"},"modified":"2025-08-07T13:06:57","modified_gmt":"2025-08-07T13:06:57","slug":"bycon-mikropercussion-bohrer-c02","status":"publish","type":"product","link":"https:\/\/bycon-europe.com\/de\/product\/bycon-micro-percussion-drill-bit-c02\/","title":{"rendered":"BYCON Mikro-Schlagbohrer - C-02"},"content":{"rendered":"<h2 data-start=\"90\" data-end=\"128\">Precision Power for Demanding Jobs<\/h2>\n<p>The BYCON C-02 series is developed for the most demanding drilling applications. Engineered for use with powerful rig-mounted machines (3000W+), this micro percussion dry core bit is ideal for high-impact tasks in reinforced concrete. Thanks to its robust segment configuration and optimized design, it drills effortlessly through multiple layers of rebar. The advanced segment geometry ensures exceptional stability and wear resistance, maximizing both drilling speed and tool life.<\/p>\n<p><strong>Key Features:<\/strong><\/p>\n<ul>\n<li><strong>Optimized for Power:<\/strong> Compatible with machines rated at 3000W and above.<\/li>\n<li><strong>Segment Durability:<\/strong> Advanced 20\u00d73.8\u00d710 mm or 20\u00d74.5\u00d710 mm segments depending on diameter.<\/li>\n<li><strong>Percussion-Ready:<\/strong> Designed for micro percussion dry core drilling.<\/li>\n<li><strong>High-Performance Radius Control:<\/strong> Precision radius engineering from R21 up to R150.<\/li>\n<li><strong>Laser Welded:<\/strong> For strength and long life under extreme conditions.<\/li>\n<\/ul>\n<p data-start=\"1264\" data-end=\"1293\"><strong>Technical Specifications:<\/strong><\/p>\n<div class=\"pointer-events-none relative left-[50%] flex w-[100cqw] translate-x-[-50%] justify-center *:pointer-events-auto\">\n<div class=\"tableContainer horzScrollShadows\">\n<table class=\"min-w-full\" data-start=\"1295\" data-end=\"3668\">\n<thead data-start=\"1295\" data-end=\"1390\">\n<tr data-start=\"1295\" data-end=\"1390\">\n<th data-start=\"1295\" data-end=\"1308\">Art. No.<\/th>\n<th data-start=\"1308\" data-end=\"1324\">Diameter (mm)<\/th>\n<th data-start=\"1324\" data-end=\"1344\">Segment Size (mm)<\/th>\n<th data-start=\"1344\" data-end=\"1353\">Thread<\/th>\n<th data-start=\"1353\" data-end=\"1375\">Segment Radius (mm)<\/th>\n<th data-start=\"1375\" data-end=\"1390\">Segment QTY<\/th>\n<\/tr>\n<\/thead>\n<tbody data-start=\"1491\" data-end=\"3668\">\n<tr data-start=\"1491\" data-end=\"1589\">\n<td class=\"\" data-start=\"1491\" data-end=\"1504\">2121042<\/td>\n<td class=\"\" data-start=\"1504\" data-end=\"1521\">42<\/td>\n<td class=\"\" data-start=\"1521\" data-end=\"1542\">19\u00d73.8\u00d710<\/td>\n<td class=\"\" data-start=\"1542\" data-end=\"1551\">1-1\/4<\/td>\n<td class=\"\" data-start=\"1551\" data-end=\"1573\">R21<\/td>\n<td class=\"\" data-start=\"1573\" data-end=\"1589\">5<\/td>\n<\/tr>\n<tr data-start=\"1590\" data-end=\"1688\">\n<td class=\"\" data-start=\"1590\" data-end=\"1603\">2121052<\/td>\n<td class=\"\" data-start=\"1603\" data-end=\"1620\">52<\/td>\n<td class=\"\" data-start=\"1620\" data-end=\"1641\">20\u00d73.8\u00d710<\/td>\n<td class=\"\" data-start=\"1641\" data-end=\"1650\">1-1\/4<\/td>\n<td class=\"\" data-start=\"1650\" data-end=\"1672\">R26<\/td>\n<td class=\"\" data-start=\"1672\" data-end=\"1688\">6<\/td>\n<\/tr>\n<tr data-start=\"1689\" data-end=\"1787\">\n<td class=\"\" data-start=\"1689\" data-end=\"1702\">2121062<\/td>\n<td class=\"\" data-start=\"1702\" data-end=\"1719\">62<\/td>\n<td class=\"\" data-start=\"1719\" data-end=\"1740\">20\u00d73.8\u00d710<\/td>\n<td class=\"\" data-start=\"1740\" data-end=\"1749\">1-1\/4<\/td>\n<td class=\"\" data-start=\"1749\" data-end=\"1771\">R31\u201338<\/td>\n<td class=\"\" data-start=\"1771\" data-end=\"1787\">7<\/td>\n<\/tr>\n<tr data-start=\"1788\" data-end=\"1886\">\n<td class=\"\" data-start=\"1788\" data-end=\"1801\">2121072<\/td>\n<td class=\"\" data-start=\"1801\" data-end=\"1818\">72<\/td>\n<td class=\"\" data-start=\"1818\" data-end=\"1839\">20\u00d73.8\u00d710<\/td>\n<td class=\"\" data-start=\"1839\" data-end=\"1848\">1-1\/4<\/td>\n<td class=\"\" data-start=\"1848\" data-end=\"1870\">R31\u201338<\/td>\n<td class=\"\" data-start=\"1870\" data-end=\"1886\">8<\/td>\n<\/tr>\n<tr data-start=\"1887\" data-end=\"1985\">\n<td class=\"\" data-start=\"1887\" data-end=\"1900\">2121076<\/td>\n<td class=\"\" data-start=\"1900\" data-end=\"1917\">76<\/td>\n<td class=\"\" data-start=\"1917\" data-end=\"1938\">20\u00d73.8\u00d710<\/td>\n<td class=\"\" data-start=\"1938\" data-end=\"1947\">1-1\/4<\/td>\n<td class=\"\" data-start=\"1947\" data-end=\"1969\">R31\u201338<\/td>\n<td class=\"\" data-start=\"1969\" data-end=\"1985\">8<\/td>\n<\/tr>\n<tr data-start=\"1986\" data-end=\"2084\">\n<td class=\"\" data-start=\"1986\" data-end=\"1999\">2121082<\/td>\n<td class=\"\" data-start=\"1999\" data-end=\"2016\">82<\/td>\n<td class=\"\" data-start=\"2016\" data-end=\"2037\">20\u00d73.8\u00d710<\/td>\n<td class=\"\" data-start=\"2037\" data-end=\"2046\">1-1\/4<\/td>\n<td class=\"\" data-start=\"2046\" data-end=\"2068\">R41\u201346<\/td>\n<td class=\"\" data-start=\"2068\" data-end=\"2084\">9<\/td>\n<\/tr>\n<tr data-start=\"2085\" data-end=\"2183\">\n<td class=\"\" data-start=\"2085\" data-end=\"2098\">2121092<\/td>\n<td class=\"\" data-start=\"2098\" data-end=\"2115\">92<\/td>\n<td class=\"\" data-start=\"2115\" data-end=\"2136\">20\u00d73.8\u00d710<\/td>\n<td class=\"\" data-start=\"2136\" data-end=\"2145\">1-1\/4<\/td>\n<td class=\"\" data-start=\"2145\" data-end=\"2167\">R41\u201346<\/td>\n<td class=\"\" data-start=\"2167\" data-end=\"2183\">9<\/td>\n<\/tr>\n<tr data-start=\"2184\" data-end=\"2282\">\n<td class=\"\" data-start=\"2184\" data-end=\"2197\">2121102<\/td>\n<td class=\"\" data-start=\"2197\" data-end=\"2214\">102<\/td>\n<td class=\"\" data-start=\"2214\" data-end=\"2235\">20\u00d73.8\u00d710<\/td>\n<td class=\"\" data-start=\"2235\" data-end=\"2244\">1-1\/4<\/td>\n<td class=\"\" data-start=\"2244\" data-end=\"2266\">R51\u201371<\/td>\n<td class=\"\" data-start=\"2266\" data-end=\"2282\">10<\/td>\n<\/tr>\n<tr data-start=\"2283\" data-end=\"2381\">\n<td class=\"\" data-start=\"2283\" data-end=\"2296\">2121112<\/td>\n<td class=\"\" data-start=\"2296\" data-end=\"2313\">112<\/td>\n<td class=\"\" data-start=\"2313\" data-end=\"2334\">20\u00d73.8\u00d710<\/td>\n<td class=\"\" data-start=\"2334\" data-end=\"2343\">1-1\/4<\/td>\n<td class=\"\" data-start=\"2343\" data-end=\"2365\">R51\u201371<\/td>\n<td class=\"\" data-start=\"2365\" data-end=\"2381\">10<\/td>\n<\/tr>\n<tr data-start=\"2382\" data-end=\"2480\">\n<td class=\"\" data-start=\"2382\" data-end=\"2395\">2121122<\/td>\n<td class=\"\" data-start=\"2395\" data-end=\"2412\">122<\/td>\n<td class=\"\" data-start=\"2412\" data-end=\"2433\">20\u00d73.8\u00d710<\/td>\n<td class=\"\" data-start=\"2433\" data-end=\"2442\">1-1\/4<\/td>\n<td class=\"\" data-start=\"2442\" data-end=\"2464\">R51\u201371<\/td>\n<td class=\"\" data-start=\"2464\" data-end=\"2480\">11<\/td>\n<\/tr>\n<tr data-start=\"2481\" data-end=\"2579\">\n<td class=\"\" data-start=\"2481\" data-end=\"2494\">2121127<\/td>\n<td class=\"\" data-start=\"2494\" data-end=\"2511\">127<\/td>\n<td class=\"\" data-start=\"2511\" data-end=\"2532\">20\u00d73.8\u00d710<\/td>\n<td class=\"\" data-start=\"2532\" data-end=\"2541\">1-1\/4<\/td>\n<td class=\"\" data-start=\"2541\" data-end=\"2563\">R51\u201371<\/td>\n<td class=\"\" data-start=\"2563\" data-end=\"2579\">11<\/td>\n<\/tr>\n<tr data-start=\"2580\" data-end=\"2678\">\n<td class=\"\" data-start=\"2580\" data-end=\"2593\">2121132<\/td>\n<td class=\"\" data-start=\"2593\" data-end=\"2610\">132<\/td>\n<td class=\"\" data-start=\"2610\" data-end=\"2631\">20\u00d73.8\u00d710<\/td>\n<td class=\"\" data-start=\"2631\" data-end=\"2640\">1-1\/4<\/td>\n<td class=\"\" data-start=\"2640\" data-end=\"2662\">R51\u201371<\/td>\n<td class=\"\" data-start=\"2662\" data-end=\"2678\">12<\/td>\n<\/tr>\n<tr data-start=\"2679\" data-end=\"2777\">\n<td class=\"\" data-start=\"2679\" data-end=\"2692\">2121142<\/td>\n<td class=\"\" data-start=\"2692\" data-end=\"2709\">142<\/td>\n<td class=\"\" data-start=\"2709\" data-end=\"2730\">20\u00d74.3\u00d710<\/td>\n<td class=\"\" data-start=\"2730\" data-end=\"2739\">1-1\/4<\/td>\n<td class=\"\" data-start=\"2739\" data-end=\"2761\">R51\u201371<\/td>\n<td class=\"\" data-start=\"2761\" data-end=\"2777\">13<\/td>\n<\/tr>\n<tr data-start=\"2778\" data-end=\"2876\">\n<td class=\"\" data-start=\"2778\" data-end=\"2791\">2121152<\/td>\n<td class=\"\" data-start=\"2791\" data-end=\"2808\">152<\/td>\n<td class=\"\" data-start=\"2808\" data-end=\"2829\">20\u00d74.3\u00d710<\/td>\n<td class=\"\" data-start=\"2829\" data-end=\"2838\">1-1\/4<\/td>\n<td class=\"\" data-start=\"2838\" data-end=\"2860\">R76\u201386<\/td>\n<td class=\"\" data-start=\"2860\" data-end=\"2876\">14<\/td>\n<\/tr>\n<tr data-start=\"2877\" data-end=\"2975\">\n<td class=\"\" data-start=\"2877\" data-end=\"2890\">2121162<\/td>\n<td class=\"\" data-start=\"2890\" data-end=\"2907\">162<\/td>\n<td class=\"\" data-start=\"2907\" data-end=\"2928\">20\u00d74.3\u00d710<\/td>\n<td class=\"\" data-start=\"2928\" data-end=\"2937\">1-1\/4<\/td>\n<td class=\"\" data-start=\"2937\" data-end=\"2959\">R76\u201386<\/td>\n<td class=\"\" data-start=\"2959\" data-end=\"2975\">15<\/td>\n<\/tr>\n<tr data-start=\"2976\" data-end=\"3074\">\n<td class=\"\" data-start=\"2976\" data-end=\"2989\">2121172<\/td>\n<td class=\"\" data-start=\"2989\" data-end=\"3006\">172<\/td>\n<td class=\"\" data-start=\"3006\" data-end=\"3027\">20\u00d74.3\u00d710<\/td>\n<td class=\"\" data-start=\"3027\" data-end=\"3036\">1-1\/4<\/td>\n<td class=\"\" data-start=\"3036\" data-end=\"3058\">R76\u201386<\/td>\n<td class=\"\" data-start=\"3058\" data-end=\"3074\">16<\/td>\n<\/tr>\n<tr data-start=\"3075\" data-end=\"3173\">\n<td class=\"\" data-start=\"3075\" data-end=\"3088\">2121182<\/td>\n<td class=\"\" data-start=\"3088\" data-end=\"3105\">182<\/td>\n<td class=\"\" data-start=\"3105\" data-end=\"3126\">20\u00d74.3\u00d710<\/td>\n<td class=\"\" data-start=\"3126\" data-end=\"3135\">1-1\/4<\/td>\n<td class=\"\" data-start=\"3135\" data-end=\"3157\">R91\u2013113<\/td>\n<td class=\"\" data-start=\"3157\" data-end=\"3173\">17<\/td>\n<\/tr>\n<tr data-start=\"3174\" data-end=\"3272\">\n<td class=\"\" data-start=\"3174\" data-end=\"3187\">2121202<\/td>\n<td class=\"\" data-start=\"3187\" data-end=\"3204\">202<\/td>\n<td class=\"\" data-start=\"3204\" data-end=\"3225\">20\u00d74.3\u00d710<\/td>\n<td class=\"\" data-start=\"3225\" data-end=\"3234\">1-1\/4<\/td>\n<td class=\"\" data-start=\"3234\" data-end=\"3256\">R91\u2013113<\/td>\n<td class=\"\" data-start=\"3256\" data-end=\"3272\">18<\/td>\n<\/tr>\n<tr data-start=\"3273\" data-end=\"3371\">\n<td class=\"\" data-start=\"3273\" data-end=\"3286\">2121225<\/td>\n<td class=\"\" data-start=\"3286\" data-end=\"3303\">225<\/td>\n<td class=\"\" data-start=\"3303\" data-end=\"3324\">20\u00d74.3\u00d710<\/td>\n<td class=\"\" data-start=\"3324\" data-end=\"3333\">1-1\/4<\/td>\n<td class=\"\" data-start=\"3333\" data-end=\"3355\">R91\u2013113<\/td>\n<td class=\"\" data-start=\"3355\" data-end=\"3371\">19<\/td>\n<\/tr>\n<tr data-start=\"3372\" data-end=\"3470\">\n<td class=\"\" data-start=\"3372\" data-end=\"3385\">2121250<\/td>\n<td class=\"\" data-start=\"3385\" data-end=\"3402\">250<\/td>\n<td class=\"\" data-start=\"3402\" data-end=\"3423\">20\u00d74.5\u00d710<\/td>\n<td class=\"\" data-start=\"3423\" data-end=\"3432\">1-1\/4<\/td>\n<td class=\"\" data-start=\"3432\" data-end=\"3454\">R125\u2013150<\/td>\n<td class=\"\" data-start=\"3454\" data-end=\"3470\">20<\/td>\n<\/tr>\n<tr data-start=\"3471\" data-end=\"3569\">\n<td class=\"\" data-start=\"3471\" data-end=\"3484\">2121270<\/td>\n<td class=\"\" data-start=\"3484\" data-end=\"3501\">270<\/td>\n<td class=\"\" data-start=\"3501\" data-end=\"3522\">20\u00d74.5\u00d710<\/td>\n<td class=\"\" data-start=\"3522\" data-end=\"3531\">1-1\/4<\/td>\n<td class=\"\" data-start=\"3531\" data-end=\"3553\">R125\u2013150<\/td>\n<td class=\"\" data-start=\"3553\" data-end=\"3569\">21<\/td>\n<\/tr>\n<tr data-start=\"3570\" data-end=\"3668\">\n<td class=\"\" data-start=\"3570\" data-end=\"3583\">2121300<\/td>\n<td class=\"\" data-start=\"3583\" data-end=\"3600\">300<\/td>\n<td class=\"\" data-start=\"3600\" data-end=\"3621\">20\u00d74.5\u00d710<\/td>\n<td class=\"\" data-start=\"3621\" data-end=\"3630\">1-1\/4<\/td>\n<td class=\"\" data-start=\"3630\" data-end=\"3652\">R125\u2013150<\/td>\n<td class=\"\" data-start=\"3652\" data-end=\"3668\">22<\/td>\n<\/tr>\n<\/tbody>\n<\/table>\n<\/div>\n<\/div>\n","protected":false},"excerpt":{"rendered":"<p>Die Trockenkernbohrkrone C-02 wurde f\u00fcr Hochleistungsbohrungen in Stahlbeton entwickelt und bietet optimale Leistung mit Bohranlagen ab 3000 W.<\/p>","protected":false},"featured_media":1515,"comment_status":"open","ping_status":"closed","template":"","meta":[],"product_brand":[],"product_cat":[34,17,37],"product_tag":[],"class_list":{"0":"post-1066","1":"product","2":"type-product","3":"status-publish","4":"has-post-thumbnail","6":"product_cat-core-drilling-tools","7":"product_cat-diamond-tools","8":"product_cat-micro-percussion-core-bits","10":"first","11":"instock","12":"shipping-taxable","13":"product-type-simple"},"yoast_head":"<!-- This site is optimized with the Yoast SEO plugin v27.4 - https:\/\/yoast.com\/product\/yoast-seo-wordpress\/ -->\n<title>BYCON Micro Percussion Drill Bit - C-02 - BYCON Europe<\/title>\n<meta name=\"robots\" content=\"index, follow, max-snippet:-1, max-image-preview:large, max-video-preview:-1\" \/>\n<link rel=\"canonical\" href=\"https:\/\/bycon-europe.com\/de\/produkt\/bycon-mikropercussion-bohrer-c02\/\" \/>\n<meta property=\"og:locale\" content=\"de_DE\" \/>\n<meta property=\"og:type\" content=\"article\" \/>\n<meta property=\"og:title\" content=\"BYCON Micro Percussion Drill Bit - C-02 - BYCON Europe\" \/>\n<meta property=\"og:description\" content=\"Designed for heavy-duty drilling in reinforced concrete, the C-02 dry core bit delivers optimal performance with rig-mounted machines from 3000W and up.\" \/>\n<meta property=\"og:url\" content=\"https:\/\/bycon-europe.com\/de\/produkt\/bycon-mikropercussion-bohrer-c02\/\" \/>\n<meta property=\"og:site_name\" content=\"BYCON Europe\" \/>\n<meta property=\"article:modified_time\" content=\"2025-08-07T13:06:57+00:00\" \/>\n<meta property=\"og:image\" content=\"https:\/\/bycon-europe.com\/wp-content\/uploads\/2025\/04\/1-3.png\" \/>\n\t<meta property=\"og:image:width\" content=\"700\" \/>\n\t<meta property=\"og:image:height\" content=\"700\" \/>\n\t<meta property=\"og:image:type\" content=\"image\/png\" \/>\n<meta name=\"twitter:card\" content=\"summary_large_image\" \/>\n<meta name=\"twitter:label1\" content=\"Gesch\u00e4tzte Lesezeit\" \/>\n\t<meta name=\"twitter:data1\" content=\"2\u00a0Minuten\" \/>\n<script type=\"application\/ld+json\" class=\"yoast-schema-graph\">{\"@context\":\"https:\\\/\\\/schema.org\",\"@graph\":[{\"@type\":\"WebPage\",\"@id\":\"https:\\\/\\\/bycon-europe.com\\\/product\\\/bycon-micro-percussion-drill-bit-c02\\\/\",\"url\":\"https:\\\/\\\/bycon-europe.com\\\/product\\\/bycon-micro-percussion-drill-bit-c02\\\/\",\"name\":\"BYCON Micro Percussion Drill Bit - C-02 - BYCON Europe\",\"isPartOf\":{\"@id\":\"https:\\\/\\\/bycon-europe.com\\\/#website\"},\"primaryImageOfPage\":{\"@id\":\"https:\\\/\\\/bycon-europe.com\\\/product\\\/bycon-micro-percussion-drill-bit-c02\\\/#primaryimage\"},\"image\":{\"@id\":\"https:\\\/\\\/bycon-europe.com\\\/product\\\/bycon-micro-percussion-drill-bit-c02\\\/#primaryimage\"},\"thumbnailUrl\":\"https:\\\/\\\/bycon-europe.com\\\/wp-content\\\/uploads\\\/2025\\\/04\\\/1-3.png\",\"datePublished\":\"2025-04-10T10:04:18+00:00\",\"dateModified\":\"2025-08-07T13:06:57+00:00\",\"breadcrumb\":{\"@id\":\"https:\\\/\\\/bycon-europe.com\\\/product\\\/bycon-micro-percussion-drill-bit-c02\\\/#breadcrumb\"},\"inLanguage\":\"de\",\"potentialAction\":[{\"@type\":\"ReadAction\",\"target\":[\"https:\\\/\\\/bycon-europe.com\\\/product\\\/bycon-micro-percussion-drill-bit-c02\\\/\"]}]},{\"@type\":\"ImageObject\",\"inLanguage\":\"de\",\"@id\":\"https:\\\/\\\/bycon-europe.com\\\/product\\\/bycon-micro-percussion-drill-bit-c02\\\/#primaryimage\",\"url\":\"https:\\\/\\\/bycon-europe.com\\\/wp-content\\\/uploads\\\/2025\\\/04\\\/1-3.png\",\"contentUrl\":\"https:\\\/\\\/bycon-europe.com\\\/wp-content\\\/uploads\\\/2025\\\/04\\\/1-3.png\",\"width\":700,\"height\":700},{\"@type\":\"BreadcrumbList\",\"@id\":\"https:\\\/\\\/bycon-europe.com\\\/product\\\/bycon-micro-percussion-drill-bit-c02\\\/#breadcrumb\",\"itemListElement\":[{\"@type\":\"ListItem\",\"position\":1,\"name\":\"Home\",\"item\":\"https:\\\/\\\/bycon-europe.com\\\/\"},{\"@type\":\"ListItem\",\"position\":2,\"name\":\"Shop\",\"item\":\"https:\\\/\\\/bycon-europe.com\\\/shop\\\/\"},{\"@type\":\"ListItem\",\"position\":3,\"name\":\"BYCON Micro Percussion Drill Bit &#8211; C-02\"}]},{\"@type\":\"WebSite\",\"@id\":\"https:\\\/\\\/bycon-europe.com\\\/#website\",\"url\":\"https:\\\/\\\/bycon-europe.com\\\/\",\"name\":\"BYCON Europe\",\"description\":\"\",\"publisher\":{\"@id\":\"https:\\\/\\\/bycon-europe.com\\\/#organization\"},\"potentialAction\":[{\"@type\":\"SearchAction\",\"target\":{\"@type\":\"EntryPoint\",\"urlTemplate\":\"https:\\\/\\\/bycon-europe.com\\\/?s={search_term_string}\"},\"query-input\":{\"@type\":\"PropertyValueSpecification\",\"valueRequired\":true,\"valueName\":\"search_term_string\"}}],\"inLanguage\":\"de\"},{\"@type\":\"Organization\",\"@id\":\"https:\\\/\\\/bycon-europe.com\\\/#organization\",\"name\":\"BYCON Europe\",\"url\":\"https:\\\/\\\/bycon-europe.com\\\/\",\"logo\":{\"@type\":\"ImageObject\",\"inLanguage\":\"de\",\"@id\":\"https:\\\/\\\/bycon-europe.com\\\/#\\\/schema\\\/logo\\\/image\\\/\",\"url\":\"https:\\\/\\\/bycon-europe.com\\\/wp-content\\\/uploads\\\/2025\\\/12\\\/logo-Bewerkt.png\",\"contentUrl\":\"https:\\\/\\\/bycon-europe.com\\\/wp-content\\\/uploads\\\/2025\\\/12\\\/logo-Bewerkt.png\",\"width\":765,\"height\":200,\"caption\":\"BYCON Europe\"},\"image\":{\"@id\":\"https:\\\/\\\/bycon-europe.com\\\/#\\\/schema\\\/logo\\\/image\\\/\"}}]}<\/script>\n<!-- \/ Yoast SEO plugin. -->","yoast_head_json":{"title":"BYCON Mikro-Schlagbohrer - C-02 - BYCON Europe","robots":{"index":"index","follow":"follow","max-snippet":"max-snippet:-1","max-image-preview":"max-image-preview:large","max-video-preview":"max-video-preview:-1"},"canonical":"https:\/\/bycon-europe.com\/de\/produkt\/bycon-mikropercussion-bohrer-c02\/","og_locale":"de_DE","og_type":"article","og_title":"BYCON Micro Percussion Drill Bit - C-02 - BYCON Europe","og_description":"Designed for heavy-duty drilling in reinforced concrete, the C-02 dry core bit delivers optimal performance with rig-mounted machines from 3000W and up.","og_url":"https:\/\/bycon-europe.com\/de\/produkt\/bycon-mikropercussion-bohrer-c02\/","og_site_name":"BYCON Europe","article_modified_time":"2025-08-07T13:06:57+00:00","og_image":[{"width":700,"height":700,"url":"https:\/\/bycon-europe.com\/wp-content\/uploads\/2025\/04\/1-3.png","type":"image\/png"}],"twitter_card":"summary_large_image","twitter_misc":{"Gesch\u00e4tzte Lesezeit":"2\u00a0Minuten"},"schema":{"@context":"https:\/\/schema.org","@graph":[{"@type":"WebPage","@id":"https:\/\/bycon-europe.com\/product\/bycon-micro-percussion-drill-bit-c02\/","url":"https:\/\/bycon-europe.com\/product\/bycon-micro-percussion-drill-bit-c02\/","name":"BYCON Mikro-Schlagbohrer - C-02 - BYCON Europe","isPartOf":{"@id":"https:\/\/bycon-europe.com\/#website"},"primaryImageOfPage":{"@id":"https:\/\/bycon-europe.com\/product\/bycon-micro-percussion-drill-bit-c02\/#primaryimage"},"image":{"@id":"https:\/\/bycon-europe.com\/product\/bycon-micro-percussion-drill-bit-c02\/#primaryimage"},"thumbnailUrl":"https:\/\/bycon-europe.com\/wp-content\/uploads\/2025\/04\/1-3.png","datePublished":"2025-04-10T10:04:18+00:00","dateModified":"2025-08-07T13:06:57+00:00","breadcrumb":{"@id":"https:\/\/bycon-europe.com\/product\/bycon-micro-percussion-drill-bit-c02\/#breadcrumb"},"inLanguage":"de","potentialAction":[{"@type":"ReadAction","target":["https:\/\/bycon-europe.com\/product\/bycon-micro-percussion-drill-bit-c02\/"]}]},{"@type":"ImageObject","inLanguage":"de","@id":"https:\/\/bycon-europe.com\/product\/bycon-micro-percussion-drill-bit-c02\/#primaryimage","url":"https:\/\/bycon-europe.com\/wp-content\/uploads\/2025\/04\/1-3.png","contentUrl":"https:\/\/bycon-europe.com\/wp-content\/uploads\/2025\/04\/1-3.png","width":700,"height":700},{"@type":"BreadcrumbList","@id":"https:\/\/bycon-europe.com\/product\/bycon-micro-percussion-drill-bit-c02\/#breadcrumb","itemListElement":[{"@type":"ListItem","position":1,"name":"Home","item":"https:\/\/bycon-europe.com\/"},{"@type":"ListItem","position":2,"name":"Shop","item":"https:\/\/bycon-europe.com\/shop\/"},{"@type":"ListItem","position":3,"name":"BYCON Micro Percussion Drill Bit &#8211; C-02"}]},{"@type":"WebSite","@id":"https:\/\/bycon-europe.com\/#website","url":"https:\/\/bycon-europe.com\/","name":"BYCON Europe","description":"","publisher":{"@id":"https:\/\/bycon-europe.com\/#organization"},"potentialAction":[{"@type":"SearchAction","target":{"@type":"EntryPoint","urlTemplate":"https:\/\/bycon-europe.com\/?s={search_term_string}"},"query-input":{"@type":"PropertyValueSpecification","valueRequired":true,"valueName":"search_term_string"}}],"inLanguage":"de"},{"@type":"Organization","@id":"https:\/\/bycon-europe.com\/#organization","name":"BYCON Europe","url":"https:\/\/bycon-europe.com\/","logo":{"@type":"ImageObject","inLanguage":"de","@id":"https:\/\/bycon-europe.com\/#\/schema\/logo\/image\/","url":"https:\/\/bycon-europe.com\/wp-content\/uploads\/2025\/12\/logo-Bewerkt.png","contentUrl":"https:\/\/bycon-europe.com\/wp-content\/uploads\/2025\/12\/logo-Bewerkt.png","width":765,"height":200,"caption":"BYCON Europe"},"image":{"@id":"https:\/\/bycon-europe.com\/#\/schema\/logo\/image\/"}}]}},"_links":{"self":[{"href":"https:\/\/bycon-europe.com\/de\/wp-json\/wp\/v2\/product\/1066","targetHints":{"allow":["GET"]}}],"collection":[{"href":"https:\/\/bycon-europe.com\/de\/wp-json\/wp\/v2\/product"}],"about":[{"href":"https:\/\/bycon-europe.com\/de\/wp-json\/wp\/v2\/types\/product"}],"replies":[{"embeddable":true,"href":"https:\/\/bycon-europe.com\/de\/wp-json\/wp\/v2\/comments?post=1066"}],"wp:featuredmedia":[{"embeddable":true,"href":"https:\/\/bycon-europe.com\/de\/wp-json\/wp\/v2\/media\/1515"}],"wp:attachment":[{"href":"https:\/\/bycon-europe.com\/de\/wp-json\/wp\/v2\/media?parent=1066"}],"wp:term":[{"taxonomy":"product_brand","embeddable":true,"href":"https:\/\/bycon-europe.com\/de\/wp-json\/wp\/v2\/product_brand?post=1066"},{"taxonomy":"product_cat","embeddable":true,"href":"https:\/\/bycon-europe.com\/de\/wp-json\/wp\/v2\/product_cat?post=1066"},{"taxonomy":"product_tag","embeddable":true,"href":"https:\/\/bycon-europe.com\/de\/wp-json\/wp\/v2\/product_tag?post=1066"}],"curies":[{"name":"wp","href":"https:\/\/api.w.org\/{rel}","templated":true}]}}