{"id":1069,"date":"2025-04-10T10:08:06","date_gmt":"2025-04-10T10:08:06","guid":{"rendered":"https:\/\/bycon-europe.com\/?post_type=product&#038;p=1069"},"modified":"2025-08-07T13:13:09","modified_gmt":"2025-08-07T13:13:09","slug":"bycon-mikropercussion-bohrer-mit-seitenloch","status":"publish","type":"product","link":"https:\/\/bycon-europe.com\/de\/product\/bycon-micro-percussion-socket-drill-bits-side-hole\/","title":{"rendered":"BYCON Mikro-Schlagbohrer-Bits"},"content":{"rendered":"<h2 data-start=\"125\" data-end=\"193\">Precision in Dry Drilling: Side Hole Micro Percussion Drill Bits<\/h2>\n<p>The Side Hole series of micro percussion socket drill bits by BYCON are engineered for optimal dry drilling performance. These bits are perfect for use with micro percussive dry core drills, featuring a sturdy M16 thread and precise segment design. Ideal for electricians, installers, and professional users who require speed and accuracy when working in concrete and masonry. The side hole ensures effective dust extraction and chip removal during operation.<\/p>\n<p><strong>Key Features<\/strong><\/p>\n<ul>\n<li><strong>Micro percussion compatible:<\/strong> Designed for 1200W+ dry core drill motors<\/li>\n<li><strong>Ideal operating speed:<\/strong> 1500\u20133000 RPM (not suitable for hammer drills)<\/li>\n<li><strong>Sturdy connection:<\/strong> M16 thread ensures secure attachment<\/li>\n<li><strong>Durable segment design:<\/strong> Engineered for fast and efficient dry cutting<\/li>\n<li><strong>Efficient chip removal:<\/strong> Integrated side hole opening for debris ejection<\/li>\n<\/ul>\n<p><strong>What\u2019s Included<\/strong><\/p>\n<ul>\n<li>1\u00d7 Micro Percussion Side Hole Drill Bit (size of choice)<\/li>\n<li>Individually packed and ready for professional use<\/li>\n<\/ul>\n<p class=\"\" data-start=\"1144\" data-end=\"1172\"><strong data-start=\"1144\" data-end=\"1172\">Technical Specifications<\/strong><\/p>\n<div class=\"pointer-events-none relative left-[50%] flex w-[100cqw] translate-x-[-50%] justify-center *:pointer-events-auto\">\n<div class=\"tableContainer horzScrollShadows\">\n<table class=\"min-w-full\" data-start=\"1174\" data-end=\"1664\">\n<thead data-start=\"1174\" data-end=\"1268\">\n<tr data-start=\"1174\" data-end=\"1268\">\n<th data-start=\"1174\" data-end=\"1186\">Art No.<\/th>\n<th data-start=\"1186\" data-end=\"1202\">Diameter (mm)<\/th>\n<th data-start=\"1202\" data-end=\"1222\">Segment Size (mm)<\/th>\n<th data-start=\"1222\" data-end=\"1231\">Thread<\/th>\n<th data-start=\"1231\" data-end=\"1253\">Segment Radius (mm)<\/th>\n<th data-start=\"1253\" data-end=\"1268\">Segment QTY<\/th>\n<\/tr>\n<\/thead>\n<tbody data-start=\"1368\" data-end=\"1664\">\n<tr data-start=\"1368\" data-end=\"1466\">\n<td class=\"\" data-start=\"1368\" data-end=\"1380\">2123068<\/td>\n<td class=\"\" data-start=\"1380\" data-end=\"1397\">68<\/td>\n<td class=\"\" data-start=\"1397\" data-end=\"1418\">20<em data-start=\"1401\" data-end=\"1406\">3.8<\/em>10<\/td>\n<td class=\"\" data-start=\"1418\" data-end=\"1427\">M16<\/td>\n<td class=\"\" data-start=\"1427\" data-end=\"1450\">R31\u201338<\/td>\n<td class=\"\" data-start=\"1450\" data-end=\"1466\">5<\/td>\n<\/tr>\n<tr data-start=\"1467\" data-end=\"1565\">\n<td class=\"\" data-start=\"1467\" data-end=\"1479\">2123068<\/td>\n<td class=\"\" data-start=\"1479\" data-end=\"1496\">72<\/td>\n<td class=\"\" data-start=\"1496\" data-end=\"1517\">20<em data-start=\"1500\" data-end=\"1505\">3.8<\/em>10<\/td>\n<td class=\"\" data-start=\"1517\" data-end=\"1526\">M16<\/td>\n<td class=\"\" data-start=\"1526\" data-end=\"1549\">R31\u201338<\/td>\n<td class=\"\" data-start=\"1549\" data-end=\"1565\">5<\/td>\n<\/tr>\n<tr data-start=\"1566\" data-end=\"1664\">\n<td class=\"\" data-start=\"1566\" data-end=\"1578\">2123068<\/td>\n<td class=\"\" data-start=\"1578\" data-end=\"1595\">82<\/td>\n<td class=\"\" data-start=\"1595\" data-end=\"1616\">20<em data-start=\"1599\" data-end=\"1604\">3.8<\/em>10<\/td>\n<td class=\"\" data-start=\"1616\" data-end=\"1625\">M16<\/td>\n<td class=\"\" data-start=\"1625\" data-end=\"1648\">R41\u201346<\/td>\n<td class=\"\" data-start=\"1648\" data-end=\"1664\">6<\/td>\n<\/tr>\n<\/tbody>\n<\/table>\n<\/div>\n<\/div>\n","protected":false},"excerpt":{"rendered":"<p>Diese Bohrer wurden f\u00fcr Pr\u00e4zisions-Trockenbohrungen entwickelt und funktionieren einwandfrei mit 1200W-Motoren oder h\u00f6her bei Drehzahlen zwischen 1500-3000 RPM. Nicht kompatibel mit Hammerbohrern.<\/p>","protected":false},"featured_media":1524,"comment_status":"open","ping_status":"closed","template":"","meta":[],"product_brand":[],"product_cat":[34,17,37],"product_tag":[],"class_list":{"0":"post-1069","1":"product","2":"type-product","3":"status-publish","4":"has-post-thumbnail","6":"product_cat-core-drilling-tools","7":"product_cat-diamond-tools","8":"product_cat-micro-percussion-core-bits","10":"first","11":"instock","12":"shipping-taxable","13":"product-type-simple"},"yoast_head":"<!-- This site is optimized with the Yoast SEO plugin v27.4 - https:\/\/yoast.com\/product\/yoast-seo-wordpress\/ -->\n<title>BYCON Micro Percussion Socket Drill Bits - BYCON Europe<\/title>\n<meta name=\"robots\" content=\"index, follow, max-snippet:-1, max-image-preview:large, max-video-preview:-1\" \/>\n<link rel=\"canonical\" href=\"https:\/\/bycon-europe.com\/de\/produkt\/bycon-mikropercussion-bohrer-mit-seitenloch\/\" \/>\n<meta property=\"og:locale\" content=\"de_DE\" \/>\n<meta property=\"og:type\" content=\"article\" \/>\n<meta property=\"og:title\" content=\"BYCON Micro Percussion Socket Drill Bits - BYCON Europe\" \/>\n<meta property=\"og:description\" content=\"Designed for precision dry core drilling, these bits work flawlessly with 1200W motors or higher at speeds between 1500\u20133000 RPM. Not compatible with hammer drills.\" \/>\n<meta property=\"og:url\" content=\"https:\/\/bycon-europe.com\/de\/produkt\/bycon-mikropercussion-bohrer-mit-seitenloch\/\" \/>\n<meta property=\"og:site_name\" content=\"BYCON Europe\" \/>\n<meta property=\"article:modified_time\" content=\"2025-08-07T13:13:09+00:00\" \/>\n<meta property=\"og:image\" content=\"https:\/\/bycon-europe.com\/wp-content\/uploads\/2025\/04\/SIDE-TN.png\" \/>\n\t<meta property=\"og:image:width\" content=\"700\" \/>\n\t<meta property=\"og:image:height\" content=\"700\" \/>\n\t<meta property=\"og:image:type\" content=\"image\/png\" \/>\n<meta name=\"twitter:card\" content=\"summary_large_image\" \/>\n<meta name=\"twitter:label1\" content=\"Gesch\u00e4tzte Lesezeit\" \/>\n\t<meta name=\"twitter:data1\" content=\"2\u00a0Minuten\" \/>\n<script type=\"application\/ld+json\" class=\"yoast-schema-graph\">{\"@context\":\"https:\\\/\\\/schema.org\",\"@graph\":[{\"@type\":\"WebPage\",\"@id\":\"https:\\\/\\\/bycon-europe.com\\\/product\\\/bycon-micro-percussion-socket-drill-bits-side-hole\\\/\",\"url\":\"https:\\\/\\\/bycon-europe.com\\\/product\\\/bycon-micro-percussion-socket-drill-bits-side-hole\\\/\",\"name\":\"BYCON Micro Percussion Socket Drill Bits - BYCON Europe\",\"isPartOf\":{\"@id\":\"https:\\\/\\\/bycon-europe.com\\\/#website\"},\"primaryImageOfPage\":{\"@id\":\"https:\\\/\\\/bycon-europe.com\\\/product\\\/bycon-micro-percussion-socket-drill-bits-side-hole\\\/#primaryimage\"},\"image\":{\"@id\":\"https:\\\/\\\/bycon-europe.com\\\/product\\\/bycon-micro-percussion-socket-drill-bits-side-hole\\\/#primaryimage\"},\"thumbnailUrl\":\"https:\\\/\\\/bycon-europe.com\\\/wp-content\\\/uploads\\\/2025\\\/04\\\/SIDE-TN.png\",\"datePublished\":\"2025-04-10T10:08:06+00:00\",\"dateModified\":\"2025-08-07T13:13:09+00:00\",\"breadcrumb\":{\"@id\":\"https:\\\/\\\/bycon-europe.com\\\/product\\\/bycon-micro-percussion-socket-drill-bits-side-hole\\\/#breadcrumb\"},\"inLanguage\":\"de\",\"potentialAction\":[{\"@type\":\"ReadAction\",\"target\":[\"https:\\\/\\\/bycon-europe.com\\\/product\\\/bycon-micro-percussion-socket-drill-bits-side-hole\\\/\"]}]},{\"@type\":\"ImageObject\",\"inLanguage\":\"de\",\"@id\":\"https:\\\/\\\/bycon-europe.com\\\/product\\\/bycon-micro-percussion-socket-drill-bits-side-hole\\\/#primaryimage\",\"url\":\"https:\\\/\\\/bycon-europe.com\\\/wp-content\\\/uploads\\\/2025\\\/04\\\/SIDE-TN.png\",\"contentUrl\":\"https:\\\/\\\/bycon-europe.com\\\/wp-content\\\/uploads\\\/2025\\\/04\\\/SIDE-TN.png\",\"width\":700,\"height\":700},{\"@type\":\"BreadcrumbList\",\"@id\":\"https:\\\/\\\/bycon-europe.com\\\/product\\\/bycon-micro-percussion-socket-drill-bits-side-hole\\\/#breadcrumb\",\"itemListElement\":[{\"@type\":\"ListItem\",\"position\":1,\"name\":\"Home\",\"item\":\"https:\\\/\\\/bycon-europe.com\\\/\"},{\"@type\":\"ListItem\",\"position\":2,\"name\":\"Shop\",\"item\":\"https:\\\/\\\/bycon-europe.com\\\/shop\\\/\"},{\"@type\":\"ListItem\",\"position\":3,\"name\":\"BYCON Micro Percussion Socket Drill Bits\"}]},{\"@type\":\"WebSite\",\"@id\":\"https:\\\/\\\/bycon-europe.com\\\/#website\",\"url\":\"https:\\\/\\\/bycon-europe.com\\\/\",\"name\":\"BYCON Europe\",\"description\":\"\",\"publisher\":{\"@id\":\"https:\\\/\\\/bycon-europe.com\\\/#organization\"},\"potentialAction\":[{\"@type\":\"SearchAction\",\"target\":{\"@type\":\"EntryPoint\",\"urlTemplate\":\"https:\\\/\\\/bycon-europe.com\\\/?s={search_term_string}\"},\"query-input\":{\"@type\":\"PropertyValueSpecification\",\"valueRequired\":true,\"valueName\":\"search_term_string\"}}],\"inLanguage\":\"de\"},{\"@type\":\"Organization\",\"@id\":\"https:\\\/\\\/bycon-europe.com\\\/#organization\",\"name\":\"BYCON Europe\",\"url\":\"https:\\\/\\\/bycon-europe.com\\\/\",\"logo\":{\"@type\":\"ImageObject\",\"inLanguage\":\"de\",\"@id\":\"https:\\\/\\\/bycon-europe.com\\\/#\\\/schema\\\/logo\\\/image\\\/\",\"url\":\"https:\\\/\\\/bycon-europe.com\\\/wp-content\\\/uploads\\\/2025\\\/12\\\/logo-Bewerkt.png\",\"contentUrl\":\"https:\\\/\\\/bycon-europe.com\\\/wp-content\\\/uploads\\\/2025\\\/12\\\/logo-Bewerkt.png\",\"width\":765,\"height\":200,\"caption\":\"BYCON Europe\"},\"image\":{\"@id\":\"https:\\\/\\\/bycon-europe.com\\\/#\\\/schema\\\/logo\\\/image\\\/\"}}]}<\/script>\n<!-- \/ Yoast SEO plugin. -->","yoast_head_json":{"title":"BYCON Mikro-Schlagbohrer - BYCON Europe","robots":{"index":"index","follow":"follow","max-snippet":"max-snippet:-1","max-image-preview":"max-image-preview:large","max-video-preview":"max-video-preview:-1"},"canonical":"https:\/\/bycon-europe.com\/de\/produkt\/bycon-mikropercussion-bohrer-mit-seitenloch\/","og_locale":"de_DE","og_type":"article","og_title":"BYCON Micro Percussion Socket Drill Bits - BYCON Europe","og_description":"Designed for precision dry core drilling, these bits work flawlessly with 1200W motors or higher at speeds between 1500\u20133000 RPM. Not compatible with hammer drills.","og_url":"https:\/\/bycon-europe.com\/de\/produkt\/bycon-mikropercussion-bohrer-mit-seitenloch\/","og_site_name":"BYCON Europe","article_modified_time":"2025-08-07T13:13:09+00:00","og_image":[{"width":700,"height":700,"url":"https:\/\/bycon-europe.com\/wp-content\/uploads\/2025\/04\/SIDE-TN.png","type":"image\/png"}],"twitter_card":"summary_large_image","twitter_misc":{"Gesch\u00e4tzte Lesezeit":"2\u00a0Minuten"},"schema":{"@context":"https:\/\/schema.org","@graph":[{"@type":"WebPage","@id":"https:\/\/bycon-europe.com\/product\/bycon-micro-percussion-socket-drill-bits-side-hole\/","url":"https:\/\/bycon-europe.com\/product\/bycon-micro-percussion-socket-drill-bits-side-hole\/","name":"BYCON Mikro-Schlagbohrer - BYCON Europe","isPartOf":{"@id":"https:\/\/bycon-europe.com\/#website"},"primaryImageOfPage":{"@id":"https:\/\/bycon-europe.com\/product\/bycon-micro-percussion-socket-drill-bits-side-hole\/#primaryimage"},"image":{"@id":"https:\/\/bycon-europe.com\/product\/bycon-micro-percussion-socket-drill-bits-side-hole\/#primaryimage"},"thumbnailUrl":"https:\/\/bycon-europe.com\/wp-content\/uploads\/2025\/04\/SIDE-TN.png","datePublished":"2025-04-10T10:08:06+00:00","dateModified":"2025-08-07T13:13:09+00:00","breadcrumb":{"@id":"https:\/\/bycon-europe.com\/product\/bycon-micro-percussion-socket-drill-bits-side-hole\/#breadcrumb"},"inLanguage":"de","potentialAction":[{"@type":"ReadAction","target":["https:\/\/bycon-europe.com\/product\/bycon-micro-percussion-socket-drill-bits-side-hole\/"]}]},{"@type":"ImageObject","inLanguage":"de","@id":"https:\/\/bycon-europe.com\/product\/bycon-micro-percussion-socket-drill-bits-side-hole\/#primaryimage","url":"https:\/\/bycon-europe.com\/wp-content\/uploads\/2025\/04\/SIDE-TN.png","contentUrl":"https:\/\/bycon-europe.com\/wp-content\/uploads\/2025\/04\/SIDE-TN.png","width":700,"height":700},{"@type":"BreadcrumbList","@id":"https:\/\/bycon-europe.com\/product\/bycon-micro-percussion-socket-drill-bits-side-hole\/#breadcrumb","itemListElement":[{"@type":"ListItem","position":1,"name":"Home","item":"https:\/\/bycon-europe.com\/"},{"@type":"ListItem","position":2,"name":"Shop","item":"https:\/\/bycon-europe.com\/shop\/"},{"@type":"ListItem","position":3,"name":"BYCON Micro Percussion Socket Drill Bits"}]},{"@type":"WebSite","@id":"https:\/\/bycon-europe.com\/#website","url":"https:\/\/bycon-europe.com\/","name":"BYCON Europe","description":"","publisher":{"@id":"https:\/\/bycon-europe.com\/#organization"},"potentialAction":[{"@type":"SearchAction","target":{"@type":"EntryPoint","urlTemplate":"https:\/\/bycon-europe.com\/?s={search_term_string}"},"query-input":{"@type":"PropertyValueSpecification","valueRequired":true,"valueName":"search_term_string"}}],"inLanguage":"de"},{"@type":"Organization","@id":"https:\/\/bycon-europe.com\/#organization","name":"BYCON Europe","url":"https:\/\/bycon-europe.com\/","logo":{"@type":"ImageObject","inLanguage":"de","@id":"https:\/\/bycon-europe.com\/#\/schema\/logo\/image\/","url":"https:\/\/bycon-europe.com\/wp-content\/uploads\/2025\/12\/logo-Bewerkt.png","contentUrl":"https:\/\/bycon-europe.com\/wp-content\/uploads\/2025\/12\/logo-Bewerkt.png","width":765,"height":200,"caption":"BYCON Europe"},"image":{"@id":"https:\/\/bycon-europe.com\/#\/schema\/logo\/image\/"}}]}},"_links":{"self":[{"href":"https:\/\/bycon-europe.com\/de\/wp-json\/wp\/v2\/product\/1069","targetHints":{"allow":["GET"]}}],"collection":[{"href":"https:\/\/bycon-europe.com\/de\/wp-json\/wp\/v2\/product"}],"about":[{"href":"https:\/\/bycon-europe.com\/de\/wp-json\/wp\/v2\/types\/product"}],"replies":[{"embeddable":true,"href":"https:\/\/bycon-europe.com\/de\/wp-json\/wp\/v2\/comments?post=1069"}],"wp:featuredmedia":[{"embeddable":true,"href":"https:\/\/bycon-europe.com\/de\/wp-json\/wp\/v2\/media\/1524"}],"wp:attachment":[{"href":"https:\/\/bycon-europe.com\/de\/wp-json\/wp\/v2\/media?parent=1069"}],"wp:term":[{"taxonomy":"product_brand","embeddable":true,"href":"https:\/\/bycon-europe.com\/de\/wp-json\/wp\/v2\/product_brand?post=1069"},{"taxonomy":"product_cat","embeddable":true,"href":"https:\/\/bycon-europe.com\/de\/wp-json\/wp\/v2\/product_cat?post=1069"},{"taxonomy":"product_tag","embeddable":true,"href":"https:\/\/bycon-europe.com\/de\/wp-json\/wp\/v2\/product_tag?post=1069"}],"curies":[{"name":"wp","href":"https:\/\/api.w.org\/{rel}","templated":true}]}}