{"id":1072,"date":"2025-04-10T10:13:18","date_gmt":"2025-04-10T10:13:18","guid":{"rendered":"https:\/\/bycon-europe.com\/?post_type=product&#038;p=1072"},"modified":"2025-08-07T13:06:54","modified_gmt":"2025-08-07T13:06:54","slug":"bycon-mikropercussion-bohrer-c-01","status":"publish","type":"product","link":"https:\/\/bycon-europe.com\/de\/product\/bycon-micro-percussion-drill-bit-c-01\/","title":{"rendered":"BYCON Mikro-Schlagbohrer - C-01"},"content":{"rendered":"<h2 data-start=\"0\" data-end=\"57\"><strong data-start=\"13\" data-end=\"57\">Micro Percussion Drill Bit \u2013 C-01 Series<\/strong><\/h2>\n<p>The BYCON DRY BRID C-01 series micro percussion drill bits are purpose-built for hand-held dry drilling equipment. With a recommended power range of 1800 to 3000 watts, they\u2019re perfect for tasks requiring efficiency and durability. These bits deliver exceptional performance when drilling through reinforced concrete, masonry, and other tough building materials.<\/p>\n<p><strong>Key Features:<\/strong><\/p>\n<ul>\n<li><strong>Handheld use:<\/strong> Designed for dry drilling machines operated by hand<\/li>\n<li><strong>Power tool compatibility:<\/strong> Suitable for tools rated between 1800W \u2013 3000W<\/li>\n<li><strong>Material versatility:<\/strong> Ideal for reinforced concrete and masonry<\/li>\n<li><strong>High efficiency:<\/strong> Delivers precise and fast drilling performance<\/li>\n<li><strong>Micro percussion compatible:<\/strong> Engineered to handle micro percussive impact<\/li>\n<\/ul>\n<p><strong>What\u2019s Included:<\/strong><\/p>\n<ul>\n<li>1\u00d7 Micro Percussion Drill Bit (selected size)<\/li>\n<li>Packaged for protection and easy transport<\/li>\n<\/ul>\n<p class=\"\" data-start=\"926\" data-end=\"955\"><strong data-start=\"926\" data-end=\"955\">Technical Specifications:<\/strong><\/p>\n<div class=\"pointer-events-none relative left-[50%] flex w-[100cqw] translate-x-[-50%] justify-center *:pointer-events-auto\">\n<div class=\"tableContainer horzScrollShadows\">\n<table class=\"min-w-full\" data-start=\"957\" data-end=\"2410\">\n<thead data-start=\"957\" data-end=\"1051\">\n<tr data-start=\"957\" data-end=\"1051\">\n<th data-start=\"957\" data-end=\"969\">Art No.<\/th>\n<th data-start=\"969\" data-end=\"985\">Diameter (mm)<\/th>\n<th data-start=\"985\" data-end=\"1005\">Segment Size (mm)<\/th>\n<th data-start=\"1005\" data-end=\"1014\">Thread<\/th>\n<th data-start=\"1014\" data-end=\"1036\">Segment Radius (mm)<\/th>\n<th data-start=\"1036\" data-end=\"1051\">Segment QTY<\/th>\n<\/tr>\n<\/thead>\n<tbody data-start=\"1150\" data-end=\"2410\">\n<tr data-start=\"1150\" data-end=\"1246\">\n<td class=\"\" data-start=\"1150\" data-end=\"1162\">2120032<\/td>\n<td class=\"\" data-start=\"1162\" data-end=\"1179\">32<\/td>\n<td class=\"\" data-start=\"1179\" data-end=\"1199\">19<em data-start=\"1183\" data-end=\"1188\">3.8<\/em>10<\/td>\n<td class=\"\" data-start=\"1199\" data-end=\"1208\">1-1\/4<\/td>\n<td class=\"\" data-start=\"1208\" data-end=\"1230\">R16<\/td>\n<td class=\"\" data-start=\"1230\" data-end=\"1246\">4<\/td>\n<\/tr>\n<tr data-start=\"1247\" data-end=\"1343\">\n<td class=\"\" data-start=\"1247\" data-end=\"1259\">2120042<\/td>\n<td class=\"\" data-start=\"1259\" data-end=\"1276\">42<\/td>\n<td class=\"\" data-start=\"1276\" data-end=\"1296\">19<em data-start=\"1280\" data-end=\"1285\">3.8<\/em>10<\/td>\n<td class=\"\" data-start=\"1296\" data-end=\"1305\">1-1\/4<\/td>\n<td class=\"\" data-start=\"1305\" data-end=\"1327\">R21<\/td>\n<td class=\"\" data-start=\"1327\" data-end=\"1343\">4<\/td>\n<\/tr>\n<tr data-start=\"1344\" data-end=\"1440\">\n<td class=\"\" data-start=\"1344\" data-end=\"1356\">2120052<\/td>\n<td class=\"\" data-start=\"1356\" data-end=\"1373\">52<\/td>\n<td class=\"\" data-start=\"1373\" data-end=\"1393\">20<em data-start=\"1377\" data-end=\"1382\">3.8<\/em>10<\/td>\n<td class=\"\" data-start=\"1393\" data-end=\"1402\">1-1\/4<\/td>\n<td class=\"\" data-start=\"1402\" data-end=\"1424\">R26<\/td>\n<td class=\"\" data-start=\"1424\" data-end=\"1440\">5<\/td>\n<\/tr>\n<tr data-start=\"1441\" data-end=\"1537\">\n<td class=\"\" data-start=\"1441\" data-end=\"1453\">2120062<\/td>\n<td class=\"\" data-start=\"1453\" data-end=\"1470\">62<\/td>\n<td class=\"\" data-start=\"1470\" data-end=\"1490\">20<em data-start=\"1474\" data-end=\"1479\">3.8<\/em>10<\/td>\n<td class=\"\" data-start=\"1490\" data-end=\"1499\">1-1\/4<\/td>\n<td class=\"\" data-start=\"1499\" data-end=\"1521\">R31\u201338<\/td>\n<td class=\"\" data-start=\"1521\" data-end=\"1537\">6<\/td>\n<\/tr>\n<tr data-start=\"1538\" data-end=\"1634\">\n<td class=\"\" data-start=\"1538\" data-end=\"1550\">2120072<\/td>\n<td class=\"\" data-start=\"1550\" data-end=\"1567\">72<\/td>\n<td class=\"\" data-start=\"1567\" data-end=\"1587\">20<em data-start=\"1571\" data-end=\"1576\">3.8<\/em>10<\/td>\n<td class=\"\" data-start=\"1587\" data-end=\"1596\">1-1\/4<\/td>\n<td class=\"\" data-start=\"1596\" data-end=\"1618\">R31\u201338<\/td>\n<td class=\"\" data-start=\"1618\" data-end=\"1634\">7<\/td>\n<\/tr>\n<tr data-start=\"1635\" data-end=\"1731\">\n<td class=\"\" data-start=\"1635\" data-end=\"1647\">2120076<\/td>\n<td class=\"\" data-start=\"1647\" data-end=\"1664\">76<\/td>\n<td class=\"\" data-start=\"1664\" data-end=\"1684\">20<em data-start=\"1668\" data-end=\"1673\">3.8<\/em>10<\/td>\n<td class=\"\" data-start=\"1684\" data-end=\"1693\">1-1\/4<\/td>\n<td class=\"\" data-start=\"1693\" data-end=\"1715\">R31\u201338<\/td>\n<td class=\"\" data-start=\"1715\" data-end=\"1731\">7<\/td>\n<\/tr>\n<tr data-start=\"1732\" data-end=\"1828\">\n<td class=\"\" data-start=\"1732\" data-end=\"1744\">2120082<\/td>\n<td class=\"\" data-start=\"1744\" data-end=\"1761\">82<\/td>\n<td class=\"\" data-start=\"1761\" data-end=\"1781\">20<em data-start=\"1765\" data-end=\"1770\">3.8<\/em>10<\/td>\n<td class=\"\" data-start=\"1781\" data-end=\"1790\">1-1\/4<\/td>\n<td class=\"\" data-start=\"1790\" data-end=\"1812\">R41\u201346<\/td>\n<td class=\"\" data-start=\"1812\" data-end=\"1828\">8<\/td>\n<\/tr>\n<tr data-start=\"1829\" data-end=\"1925\">\n<td class=\"\" data-start=\"1829\" data-end=\"1841\">2120092<\/td>\n<td class=\"\" data-start=\"1841\" data-end=\"1858\">92<\/td>\n<td class=\"\" data-start=\"1858\" data-end=\"1878\">20<em data-start=\"1862\" data-end=\"1867\">3.8<\/em>10<\/td>\n<td class=\"\" data-start=\"1878\" data-end=\"1887\">1-1\/4<\/td>\n<td class=\"\" data-start=\"1887\" data-end=\"1909\">R41\u201346<\/td>\n<td class=\"\" data-start=\"1909\" data-end=\"1925\">8<\/td>\n<\/tr>\n<tr data-start=\"1926\" data-end=\"2022\">\n<td class=\"\" data-start=\"1926\" data-end=\"1938\">2120102<\/td>\n<td class=\"\" data-start=\"1938\" data-end=\"1955\">102<\/td>\n<td class=\"\" data-start=\"1955\" data-end=\"1975\">20<em data-start=\"1959\" data-end=\"1964\">3.8<\/em>10<\/td>\n<td class=\"\" data-start=\"1975\" data-end=\"1984\">1-1\/4<\/td>\n<td class=\"\" data-start=\"1984\" data-end=\"2006\">R51\u201366<\/td>\n<td class=\"\" data-start=\"2006\" data-end=\"2022\">8<\/td>\n<\/tr>\n<tr data-start=\"2023\" data-end=\"2119\">\n<td class=\"\" data-start=\"2023\" data-end=\"2035\">2120112<\/td>\n<td class=\"\" data-start=\"2035\" data-end=\"2052\">112<\/td>\n<td class=\"\" data-start=\"2052\" data-end=\"2072\">20<em data-start=\"2056\" data-end=\"2061\">3.8<\/em>10<\/td>\n<td class=\"\" data-start=\"2072\" data-end=\"2081\">1-1\/4<\/td>\n<td class=\"\" data-start=\"2081\" data-end=\"2103\">R51\u201366<\/td>\n<td class=\"\" data-start=\"2103\" data-end=\"2119\">9<\/td>\n<\/tr>\n<tr data-start=\"2120\" data-end=\"2216\">\n<td class=\"\" data-start=\"2120\" data-end=\"2132\">2120122<\/td>\n<td class=\"\" data-start=\"2132\" data-end=\"2149\">122<\/td>\n<td class=\"\" data-start=\"2149\" data-end=\"2169\">20<em data-start=\"2153\" data-end=\"2158\">3.8<\/em>10<\/td>\n<td class=\"\" data-start=\"2169\" data-end=\"2178\">1-1\/4<\/td>\n<td class=\"\" data-start=\"2178\" data-end=\"2200\">R51\u201366<\/td>\n<td class=\"\" data-start=\"2200\" data-end=\"2216\">9<\/td>\n<\/tr>\n<tr data-start=\"2217\" data-end=\"2313\">\n<td class=\"\" data-start=\"2217\" data-end=\"2229\">2120127<\/td>\n<td class=\"\" data-start=\"2229\" data-end=\"2246\">127<\/td>\n<td class=\"\" data-start=\"2246\" data-end=\"2266\">20<em data-start=\"2250\" data-end=\"2255\">3.8<\/em>10<\/td>\n<td class=\"\" data-start=\"2266\" data-end=\"2275\">1-1\/4<\/td>\n<td class=\"\" data-start=\"2275\" data-end=\"2297\">R51\u201366<\/td>\n<td class=\"\" data-start=\"2297\" data-end=\"2313\">9<\/td>\n<\/tr>\n<tr data-start=\"2314\" data-end=\"2410\">\n<td class=\"\" data-start=\"2314\" data-end=\"2326\">2120132<\/td>\n<td class=\"\" data-start=\"2326\" data-end=\"2343\">132<\/td>\n<td class=\"\" data-start=\"2343\" data-end=\"2363\">20<em data-start=\"2347\" data-end=\"2352\">3.8<\/em>10<\/td>\n<td class=\"\" data-start=\"2363\" data-end=\"2372\">1-1\/4<\/td>\n<td class=\"\" data-start=\"2372\" data-end=\"2394\">R51\u201366<\/td>\n<td class=\"\" data-start=\"2394\" data-end=\"2410\">10<\/td>\n<\/tr>\n<\/tbody>\n<\/table>\n<\/div>\n<\/div>\n","protected":false},"excerpt":{"rendered":"<p>Die C-01 Mikro-Schlagbohrer von BYCON sind f\u00fcr handgef\u00fchrte Maschinen mit einer Leistung von 1800W bis 3000W ausgelegt. Ideal f\u00fcr hocheffiziente Trockenbohrungen in Beton, Ziegeln und verschiedenen Baumaterialien.<\/p>","protected":false},"featured_media":1515,"comment_status":"open","ping_status":"closed","template":"","meta":[],"product_brand":[],"product_cat":[34,17,37],"product_tag":[],"class_list":{"0":"post-1072","1":"product","2":"type-product","3":"status-publish","4":"has-post-thumbnail","6":"product_cat-core-drilling-tools","7":"product_cat-diamond-tools","8":"product_cat-micro-percussion-core-bits","10":"first","11":"instock","12":"shipping-taxable","13":"product-type-simple"},"yoast_head":"<!-- This site is optimized with the Yoast SEO plugin v27.4 - https:\/\/yoast.com\/product\/yoast-seo-wordpress\/ -->\n<title>BYCON Micro Percussion Drill Bit \u2013 C-01 - BYCON Europe<\/title>\n<meta name=\"robots\" content=\"index, follow, max-snippet:-1, max-image-preview:large, max-video-preview:-1\" \/>\n<link rel=\"canonical\" href=\"https:\/\/bycon-europe.com\/de\/produkt\/bycon-mikropercussion-bohrer-c-01\/\" \/>\n<meta property=\"og:locale\" content=\"de_DE\" \/>\n<meta property=\"og:type\" content=\"article\" \/>\n<meta property=\"og:title\" content=\"BYCON Micro Percussion Drill Bit \u2013 C-01 - BYCON Europe\" \/>\n<meta property=\"og:description\" content=\"The C-01 micro percussion drill bits from BYCON are built for hand-held machines rated from 1800W to 3000W. Ideal for high-efficiency dry drilling in concrete, bricks, and various building materials.\" \/>\n<meta property=\"og:url\" content=\"https:\/\/bycon-europe.com\/de\/produkt\/bycon-mikropercussion-bohrer-c-01\/\" \/>\n<meta property=\"og:site_name\" content=\"BYCON Europe\" \/>\n<meta property=\"article:modified_time\" content=\"2025-08-07T13:06:54+00:00\" \/>\n<meta property=\"og:image\" content=\"https:\/\/bycon-europe.com\/wp-content\/uploads\/2025\/04\/1-3.png\" \/>\n\t<meta property=\"og:image:width\" content=\"700\" \/>\n\t<meta property=\"og:image:height\" content=\"700\" \/>\n\t<meta property=\"og:image:type\" content=\"image\/png\" \/>\n<meta name=\"twitter:card\" content=\"summary_large_image\" \/>\n<meta name=\"twitter:label1\" content=\"Gesch\u00e4tzte Lesezeit\" \/>\n\t<meta name=\"twitter:data1\" content=\"2\u00a0Minuten\" \/>\n<script type=\"application\/ld+json\" class=\"yoast-schema-graph\">{\"@context\":\"https:\\\/\\\/schema.org\",\"@graph\":[{\"@type\":\"WebPage\",\"@id\":\"https:\\\/\\\/bycon-europe.com\\\/product\\\/bycon-micro-percussion-drill-bit-c-01\\\/\",\"url\":\"https:\\\/\\\/bycon-europe.com\\\/product\\\/bycon-micro-percussion-drill-bit-c-01\\\/\",\"name\":\"BYCON Micro Percussion Drill Bit \u2013 C-01 - BYCON Europe\",\"isPartOf\":{\"@id\":\"https:\\\/\\\/bycon-europe.com\\\/#website\"},\"primaryImageOfPage\":{\"@id\":\"https:\\\/\\\/bycon-europe.com\\\/product\\\/bycon-micro-percussion-drill-bit-c-01\\\/#primaryimage\"},\"image\":{\"@id\":\"https:\\\/\\\/bycon-europe.com\\\/product\\\/bycon-micro-percussion-drill-bit-c-01\\\/#primaryimage\"},\"thumbnailUrl\":\"https:\\\/\\\/bycon-europe.com\\\/wp-content\\\/uploads\\\/2025\\\/04\\\/1-3.png\",\"datePublished\":\"2025-04-10T10:13:18+00:00\",\"dateModified\":\"2025-08-07T13:06:54+00:00\",\"breadcrumb\":{\"@id\":\"https:\\\/\\\/bycon-europe.com\\\/product\\\/bycon-micro-percussion-drill-bit-c-01\\\/#breadcrumb\"},\"inLanguage\":\"de\",\"potentialAction\":[{\"@type\":\"ReadAction\",\"target\":[\"https:\\\/\\\/bycon-europe.com\\\/product\\\/bycon-micro-percussion-drill-bit-c-01\\\/\"]}]},{\"@type\":\"ImageObject\",\"inLanguage\":\"de\",\"@id\":\"https:\\\/\\\/bycon-europe.com\\\/product\\\/bycon-micro-percussion-drill-bit-c-01\\\/#primaryimage\",\"url\":\"https:\\\/\\\/bycon-europe.com\\\/wp-content\\\/uploads\\\/2025\\\/04\\\/1-3.png\",\"contentUrl\":\"https:\\\/\\\/bycon-europe.com\\\/wp-content\\\/uploads\\\/2025\\\/04\\\/1-3.png\",\"width\":700,\"height\":700},{\"@type\":\"BreadcrumbList\",\"@id\":\"https:\\\/\\\/bycon-europe.com\\\/product\\\/bycon-micro-percussion-drill-bit-c-01\\\/#breadcrumb\",\"itemListElement\":[{\"@type\":\"ListItem\",\"position\":1,\"name\":\"Home\",\"item\":\"https:\\\/\\\/bycon-europe.com\\\/\"},{\"@type\":\"ListItem\",\"position\":2,\"name\":\"Shop\",\"item\":\"https:\\\/\\\/bycon-europe.com\\\/shop\\\/\"},{\"@type\":\"ListItem\",\"position\":3,\"name\":\"BYCON Micro Percussion Drill Bit \u2013 C-01\"}]},{\"@type\":\"WebSite\",\"@id\":\"https:\\\/\\\/bycon-europe.com\\\/#website\",\"url\":\"https:\\\/\\\/bycon-europe.com\\\/\",\"name\":\"BYCON Europe\",\"description\":\"\",\"publisher\":{\"@id\":\"https:\\\/\\\/bycon-europe.com\\\/#organization\"},\"potentialAction\":[{\"@type\":\"SearchAction\",\"target\":{\"@type\":\"EntryPoint\",\"urlTemplate\":\"https:\\\/\\\/bycon-europe.com\\\/?s={search_term_string}\"},\"query-input\":{\"@type\":\"PropertyValueSpecification\",\"valueRequired\":true,\"valueName\":\"search_term_string\"}}],\"inLanguage\":\"de\"},{\"@type\":\"Organization\",\"@id\":\"https:\\\/\\\/bycon-europe.com\\\/#organization\",\"name\":\"BYCON Europe\",\"url\":\"https:\\\/\\\/bycon-europe.com\\\/\",\"logo\":{\"@type\":\"ImageObject\",\"inLanguage\":\"de\",\"@id\":\"https:\\\/\\\/bycon-europe.com\\\/#\\\/schema\\\/logo\\\/image\\\/\",\"url\":\"https:\\\/\\\/bycon-europe.com\\\/wp-content\\\/uploads\\\/2025\\\/12\\\/logo-Bewerkt.png\",\"contentUrl\":\"https:\\\/\\\/bycon-europe.com\\\/wp-content\\\/uploads\\\/2025\\\/12\\\/logo-Bewerkt.png\",\"width\":765,\"height\":200,\"caption\":\"BYCON Europe\"},\"image\":{\"@id\":\"https:\\\/\\\/bycon-europe.com\\\/#\\\/schema\\\/logo\\\/image\\\/\"}}]}<\/script>\n<!-- \/ Yoast SEO plugin. -->","yoast_head_json":{"title":"BYCON Mikro-Schlagbohrer - C-01 - BYCON Europe","robots":{"index":"index","follow":"follow","max-snippet":"max-snippet:-1","max-image-preview":"max-image-preview:large","max-video-preview":"max-video-preview:-1"},"canonical":"https:\/\/bycon-europe.com\/de\/produkt\/bycon-mikropercussion-bohrer-c-01\/","og_locale":"de_DE","og_type":"article","og_title":"BYCON Micro Percussion Drill Bit \u2013 C-01 - BYCON Europe","og_description":"The C-01 micro percussion drill bits from BYCON are built for hand-held machines rated from 1800W to 3000W. Ideal for high-efficiency dry drilling in concrete, bricks, and various building materials.","og_url":"https:\/\/bycon-europe.com\/de\/produkt\/bycon-mikropercussion-bohrer-c-01\/","og_site_name":"BYCON Europe","article_modified_time":"2025-08-07T13:06:54+00:00","og_image":[{"width":700,"height":700,"url":"https:\/\/bycon-europe.com\/wp-content\/uploads\/2025\/04\/1-3.png","type":"image\/png"}],"twitter_card":"summary_large_image","twitter_misc":{"Gesch\u00e4tzte Lesezeit":"2\u00a0Minuten"},"schema":{"@context":"https:\/\/schema.org","@graph":[{"@type":"WebPage","@id":"https:\/\/bycon-europe.com\/product\/bycon-micro-percussion-drill-bit-c-01\/","url":"https:\/\/bycon-europe.com\/product\/bycon-micro-percussion-drill-bit-c-01\/","name":"BYCON Mikro-Schlagbohrer - C-01 - BYCON Europe","isPartOf":{"@id":"https:\/\/bycon-europe.com\/#website"},"primaryImageOfPage":{"@id":"https:\/\/bycon-europe.com\/product\/bycon-micro-percussion-drill-bit-c-01\/#primaryimage"},"image":{"@id":"https:\/\/bycon-europe.com\/product\/bycon-micro-percussion-drill-bit-c-01\/#primaryimage"},"thumbnailUrl":"https:\/\/bycon-europe.com\/wp-content\/uploads\/2025\/04\/1-3.png","datePublished":"2025-04-10T10:13:18+00:00","dateModified":"2025-08-07T13:06:54+00:00","breadcrumb":{"@id":"https:\/\/bycon-europe.com\/product\/bycon-micro-percussion-drill-bit-c-01\/#breadcrumb"},"inLanguage":"de","potentialAction":[{"@type":"ReadAction","target":["https:\/\/bycon-europe.com\/product\/bycon-micro-percussion-drill-bit-c-01\/"]}]},{"@type":"ImageObject","inLanguage":"de","@id":"https:\/\/bycon-europe.com\/product\/bycon-micro-percussion-drill-bit-c-01\/#primaryimage","url":"https:\/\/bycon-europe.com\/wp-content\/uploads\/2025\/04\/1-3.png","contentUrl":"https:\/\/bycon-europe.com\/wp-content\/uploads\/2025\/04\/1-3.png","width":700,"height":700},{"@type":"BreadcrumbList","@id":"https:\/\/bycon-europe.com\/product\/bycon-micro-percussion-drill-bit-c-01\/#breadcrumb","itemListElement":[{"@type":"ListItem","position":1,"name":"Home","item":"https:\/\/bycon-europe.com\/"},{"@type":"ListItem","position":2,"name":"Shop","item":"https:\/\/bycon-europe.com\/shop\/"},{"@type":"ListItem","position":3,"name":"BYCON Micro Percussion Drill Bit \u2013 C-01"}]},{"@type":"WebSite","@id":"https:\/\/bycon-europe.com\/#website","url":"https:\/\/bycon-europe.com\/","name":"BYCON Europe","description":"","publisher":{"@id":"https:\/\/bycon-europe.com\/#organization"},"potentialAction":[{"@type":"SearchAction","target":{"@type":"EntryPoint","urlTemplate":"https:\/\/bycon-europe.com\/?s={search_term_string}"},"query-input":{"@type":"PropertyValueSpecification","valueRequired":true,"valueName":"search_term_string"}}],"inLanguage":"de"},{"@type":"Organization","@id":"https:\/\/bycon-europe.com\/#organization","name":"BYCON Europe","url":"https:\/\/bycon-europe.com\/","logo":{"@type":"ImageObject","inLanguage":"de","@id":"https:\/\/bycon-europe.com\/#\/schema\/logo\/image\/","url":"https:\/\/bycon-europe.com\/wp-content\/uploads\/2025\/12\/logo-Bewerkt.png","contentUrl":"https:\/\/bycon-europe.com\/wp-content\/uploads\/2025\/12\/logo-Bewerkt.png","width":765,"height":200,"caption":"BYCON Europe"},"image":{"@id":"https:\/\/bycon-europe.com\/#\/schema\/logo\/image\/"}}]}},"_links":{"self":[{"href":"https:\/\/bycon-europe.com\/de\/wp-json\/wp\/v2\/product\/1072","targetHints":{"allow":["GET"]}}],"collection":[{"href":"https:\/\/bycon-europe.com\/de\/wp-json\/wp\/v2\/product"}],"about":[{"href":"https:\/\/bycon-europe.com\/de\/wp-json\/wp\/v2\/types\/product"}],"replies":[{"embeddable":true,"href":"https:\/\/bycon-europe.com\/de\/wp-json\/wp\/v2\/comments?post=1072"}],"wp:featuredmedia":[{"embeddable":true,"href":"https:\/\/bycon-europe.com\/de\/wp-json\/wp\/v2\/media\/1515"}],"wp:attachment":[{"href":"https:\/\/bycon-europe.com\/de\/wp-json\/wp\/v2\/media?parent=1072"}],"wp:term":[{"taxonomy":"product_brand","embeddable":true,"href":"https:\/\/bycon-europe.com\/de\/wp-json\/wp\/v2\/product_brand?post=1072"},{"taxonomy":"product_cat","embeddable":true,"href":"https:\/\/bycon-europe.com\/de\/wp-json\/wp\/v2\/product_cat?post=1072"},{"taxonomy":"product_tag","embeddable":true,"href":"https:\/\/bycon-europe.com\/de\/wp-json\/wp\/v2\/product_tag?post=1072"}],"curies":[{"name":"wp","href":"https:\/\/api.w.org\/{rel}","templated":true}]}}