{"id":1075,"date":"2025-04-10T10:31:05","date_gmt":"2025-04-10T10:31:05","guid":{"rendered":"https:\/\/bycon-europe.com\/?post_type=product&#038;p=1075"},"modified":"2025-05-16T07:58:30","modified_gmt":"2025-05-16T07:58:30","slug":"bycon-lasergeschweisste-diamanttrennscheibe-fuer-beton","status":"publish","type":"product","link":"https:\/\/bycon-europe.com\/de\/product\/bycon-laser-welded-concrete-diamond-blade\/","title":{"rendered":"BYCON Laser-geschwei\u00dfte Beton-Diamant-Trennscheibe"},"content":{"rendered":"<h2>Premium Laser Welded Concrete Diamond Blade For Reinforced Concrete<\/h2>\n<p>Concrete diamond blades by Bycon are among the highest quality cutting saw blades on the market. These blades are specially designed for cutting concrete, hard concrete, and concrete with rebar. They also perform well on materials such as blocks, bricks, hard bricks, pavers, clay pavers, and field stones. Engineered for professionals, these blades ensure a fast and reliable cut with excellent balance and lifespan.<\/p>\n<p><strong>Key Features:<\/strong><\/p>\n<ul>\n<li><strong>Balanced performance:<\/strong> Excellent balance between fast cutting and long blade life<\/li>\n<li><strong>High efficiency:<\/strong> Delivers outstanding results on hard materials<\/li>\n<li><strong>Laser welded segments:<\/strong> Ensures durability and operator safety<\/li>\n<\/ul>\n<p><strong>What\u2019s Included:<\/strong><\/p>\n<ul>\n<li>Laser welded concrete blade<\/li>\n<li>Keyed mounting hole<\/li>\n<li>Premium cutting segments<\/li>\n<\/ul>\n<p class=\"\" data-start=\"1046\" data-end=\"1075\"><strong data-start=\"1046\" data-end=\"1075\">Technical Specifications:<\/strong><\/p>\n<div class=\"pointer-events-none relative left-[50%] flex w-[100cqw] translate-x-[-50%] justify-center *:pointer-events-auto\">\n<div class=\"tableContainer horzScrollShadows\">\n<table class=\"min-w-full\" data-start=\"1077\" data-end=\"2875\">\n<thead data-start=\"1077\" data-end=\"1198\">\n<tr data-start=\"1077\" data-end=\"1198\">\n<th data-start=\"1077\" data-end=\"1090\">Art Number<\/th>\n<th data-start=\"1090\" data-end=\"1106\">Diameter (mm)<\/th>\n<th data-start=\"1106\" data-end=\"1115\">Rabbit<\/th>\n<th data-start=\"1115\" data-end=\"1128\">Arbor Hole<\/th>\n<th data-start=\"1128\" data-end=\"1154\">Thickness of Blade (mm)<\/th>\n<th data-start=\"1154\" data-end=\"1174\">Segment Size (mm)<\/th>\n<th data-start=\"1174\" data-end=\"1198\">Quantity of Segments<\/th>\n<\/tr>\n<\/thead>\n<tbody data-start=\"1328\" data-end=\"2875\">\n<tr data-start=\"1328\" data-end=\"1456\">\n<td class=\"\" data-start=\"1328\" data-end=\"1341\">3027300<\/td>\n<td class=\"\" data-start=\"1341\" data-end=\"1358\">300<\/td>\n<td class=\"\" data-start=\"1358\" data-end=\"1367\">key<\/td>\n<td class=\"\" data-start=\"1367\" data-end=\"1381\">25.4mm<\/td>\n<td class=\"\" data-start=\"1381\" data-end=\"1408\">2.2mm<\/td>\n<td class=\"\" data-start=\"1408\" data-end=\"1430\">40\u00d710\u00d73<\/td>\n<td class=\"\" data-start=\"1430\" data-end=\"1456\">24<\/td>\n<\/tr>\n<tr data-start=\"1457\" data-end=\"1585\">\n<td class=\"\" data-start=\"1457\" data-end=\"1470\">3027350<\/td>\n<td class=\"\" data-start=\"1470\" data-end=\"1487\">350<\/td>\n<td class=\"\" data-start=\"1487\" data-end=\"1496\">key<\/td>\n<td class=\"\" data-start=\"1496\" data-end=\"1510\">25.4mm<\/td>\n<td class=\"\" data-start=\"1510\" data-end=\"1537\">2.2mm<\/td>\n<td class=\"\" data-start=\"1537\" data-end=\"1559\">40\u00d710\u00d73<\/td>\n<td class=\"\" data-start=\"1559\" data-end=\"1585\">24<\/td>\n<\/tr>\n<tr data-start=\"1586\" data-end=\"1714\">\n<td class=\"\" data-start=\"1586\" data-end=\"1599\">3027400<\/td>\n<td class=\"\" data-start=\"1599\" data-end=\"1616\">400<\/td>\n<td class=\"\" data-start=\"1616\" data-end=\"1625\">key<\/td>\n<td class=\"\" data-start=\"1625\" data-end=\"1639\">25.4mm<\/td>\n<td class=\"\" data-start=\"1639\" data-end=\"1666\">2.4mm<\/td>\n<td class=\"\" data-start=\"1666\" data-end=\"1688\">40\u00d710\u00d73<\/td>\n<td class=\"\" data-start=\"1688\" data-end=\"1714\">28<\/td>\n<\/tr>\n<tr data-start=\"1715\" data-end=\"1843\">\n<td class=\"\" data-start=\"1715\" data-end=\"1728\">3027450<\/td>\n<td class=\"\" data-start=\"1728\" data-end=\"1745\">450<\/td>\n<td class=\"\" data-start=\"1745\" data-end=\"1754\">key<\/td>\n<td class=\"\" data-start=\"1754\" data-end=\"1768\">25.4mm<\/td>\n<td class=\"\" data-start=\"1768\" data-end=\"1795\">2.8mm<\/td>\n<td class=\"\" data-start=\"1795\" data-end=\"1817\">40\u00d710\u00d73.3<\/td>\n<td class=\"\" data-start=\"1817\" data-end=\"1843\">32<\/td>\n<\/tr>\n<tr data-start=\"1844\" data-end=\"1972\">\n<td class=\"\" data-start=\"1844\" data-end=\"1857\">3027500<\/td>\n<td class=\"\" data-start=\"1857\" data-end=\"1874\">500<\/td>\n<td class=\"\" data-start=\"1874\" data-end=\"1883\">key<\/td>\n<td class=\"\" data-start=\"1883\" data-end=\"1897\">25.4mm<\/td>\n<td class=\"\" data-start=\"1897\" data-end=\"1924\">3.0mm<\/td>\n<td class=\"\" data-start=\"1924\" data-end=\"1946\">40\u00d710\u00d73.3<\/td>\n<td class=\"\" data-start=\"1946\" data-end=\"1972\">36<\/td>\n<\/tr>\n<tr data-start=\"1973\" data-end=\"2101\">\n<td class=\"\" data-start=\"1973\" data-end=\"1986\">3027600<\/td>\n<td class=\"\" data-start=\"1986\" data-end=\"2003\">600<\/td>\n<td class=\"\" data-start=\"2003\" data-end=\"2012\">key<\/td>\n<td class=\"\" data-start=\"2012\" data-end=\"2026\">60\u201325.4mm<\/td>\n<td class=\"\" data-start=\"2026\" data-end=\"2053\">3.5mm<\/td>\n<td class=\"\" data-start=\"2053\" data-end=\"2075\">40\u00d712\u00d74.5<\/td>\n<td class=\"\" data-start=\"2075\" data-end=\"2101\">42<\/td>\n<\/tr>\n<tr data-start=\"2102\" data-end=\"2230\">\n<td class=\"\" data-start=\"2102\" data-end=\"2115\">3027650<\/td>\n<td class=\"\" data-start=\"2115\" data-end=\"2132\">650<\/td>\n<td class=\"\" data-start=\"2132\" data-end=\"2141\">key<\/td>\n<td class=\"\" data-start=\"2141\" data-end=\"2155\">60\u201325.4mm<\/td>\n<td class=\"\" data-start=\"2155\" data-end=\"2182\">3.5mm<\/td>\n<td class=\"\" data-start=\"2182\" data-end=\"2204\">40\u00d712\u00d74.5<\/td>\n<td class=\"\" data-start=\"2204\" data-end=\"2230\">44<\/td>\n<\/tr>\n<tr data-start=\"2231\" data-end=\"2359\">\n<td class=\"\" data-start=\"2231\" data-end=\"2244\">3027700<\/td>\n<td class=\"\" data-start=\"2244\" data-end=\"2261\">700<\/td>\n<td class=\"\" data-start=\"2261\" data-end=\"2270\">key<\/td>\n<td class=\"\" data-start=\"2270\" data-end=\"2284\">60\u201325.4mm<\/td>\n<td class=\"\" data-start=\"2284\" data-end=\"2311\">3.5mm<\/td>\n<td class=\"\" data-start=\"2311\" data-end=\"2333\">40\u00d712\u00d74.5<\/td>\n<td class=\"\" data-start=\"2333\" data-end=\"2359\">48<\/td>\n<\/tr>\n<tr data-start=\"2360\" data-end=\"2488\">\n<td class=\"\" data-start=\"2360\" data-end=\"2373\">3027800<\/td>\n<td class=\"\" data-start=\"2373\" data-end=\"2390\">800<\/td>\n<td class=\"\" data-start=\"2390\" data-end=\"2399\">key<\/td>\n<td class=\"\" data-start=\"2399\" data-end=\"2413\">60\u201325.4mm<\/td>\n<td class=\"\" data-start=\"2413\" data-end=\"2440\">3.5mm<\/td>\n<td class=\"\" data-start=\"2440\" data-end=\"2462\">40\u00d712\u00d75<\/td>\n<td class=\"\" data-start=\"2462\" data-end=\"2488\">56<\/td>\n<\/tr>\n<tr data-start=\"2489\" data-end=\"2617\">\n<td class=\"\" data-start=\"2489\" data-end=\"2502\">3027900<\/td>\n<td class=\"\" data-start=\"2502\" data-end=\"2519\">900<\/td>\n<td class=\"\" data-start=\"2519\" data-end=\"2528\">key<\/td>\n<td class=\"\" data-start=\"2528\" data-end=\"2542\">60\u201325.4mm<\/td>\n<td class=\"\" data-start=\"2542\" data-end=\"2569\">3.5mm<\/td>\n<td class=\"\" data-start=\"2569\" data-end=\"2591\">40\u00d712\u00d75<\/td>\n<td class=\"\" data-start=\"2591\" data-end=\"2617\">62<\/td>\n<\/tr>\n<tr data-start=\"2618\" data-end=\"2746\">\n<td class=\"\" data-start=\"2618\" data-end=\"2631\">3071000<\/td>\n<td class=\"\" data-start=\"2631\" data-end=\"2648\">1000<\/td>\n<td class=\"\" data-start=\"2648\" data-end=\"2657\">key<\/td>\n<td class=\"\" data-start=\"2657\" data-end=\"2671\">60\u201325.4mm<\/td>\n<td class=\"\" data-start=\"2671\" data-end=\"2698\">3.5mm<\/td>\n<td class=\"\" data-start=\"2698\" data-end=\"2720\">40\u00d712\u00d75<\/td>\n<td class=\"\" data-start=\"2720\" data-end=\"2746\">68<\/td>\n<\/tr>\n<tr data-start=\"2747\" data-end=\"2875\">\n<td class=\"\" data-start=\"2747\" data-end=\"2760\">3071200<\/td>\n<td class=\"\" data-start=\"2760\" data-end=\"2777\">1200<\/td>\n<td class=\"\" data-start=\"2777\" data-end=\"2786\">key<\/td>\n<td class=\"\" data-start=\"2786\" data-end=\"2800\">60\u201325.4mm<\/td>\n<td class=\"\" data-start=\"2800\" data-end=\"2827\">3.5mm<\/td>\n<td class=\"\" data-start=\"2827\" data-end=\"2849\">40\u00d712\u00d75<\/td>\n<td class=\"\" data-start=\"2849\" data-end=\"2875\">80<\/td>\n<\/tr>\n<\/tbody>\n<\/table>\n<\/div>\n<\/div>\n","protected":false},"excerpt":{"rendered":"<p>Die hochwertigen lasergeschwei\u00dften Diamanttrennscheiben von Bycon bieten eine hervorragende Leistung beim Schneiden von Beton mit Bewehrung. Sie vereinen Geschwindigkeit, Haltbarkeit und Pr\u00e4zision f\u00fcr die h\u00e4rtesten Arbeiten.<\/p>","protected":false},"featured_media":1076,"comment_status":"open","ping_status":"closed","template":"","meta":[],"product_brand":[],"product_cat":[40,39],"product_tag":[],"class_list":{"0":"post-1075","1":"product","2":"type-product","3":"status-publish","4":"has-post-thumbnail","6":"product_cat-concrete-blades","7":"product_cat-cutting-blades","9":"first","10":"instock","11":"shipping-taxable","12":"product-type-simple"},"yoast_head":"<!-- This site is optimized with the Yoast SEO plugin v27.4 - https:\/\/yoast.com\/product\/yoast-seo-wordpress\/ -->\n<title>BYCON Laser Welded Concrete Diamond Blade - BYCON Europe<\/title>\n<meta name=\"robots\" content=\"index, follow, max-snippet:-1, max-image-preview:large, max-video-preview:-1\" \/>\n<link rel=\"canonical\" href=\"https:\/\/bycon-europe.com\/de\/produkt\/bycon-lasergeschweisste-diamanttrennscheibe-fuer-beton\/\" \/>\n<meta property=\"og:locale\" content=\"de_DE\" \/>\n<meta property=\"og:type\" content=\"article\" \/>\n<meta property=\"og:title\" content=\"BYCON Laser Welded Concrete Diamond Blade - BYCON Europe\" \/>\n<meta property=\"og:description\" content=\"Bycon&#039;s premium laser welded diamond blades offer outstanding performance for cutting through concrete with rebar. They combine speed, durability, and precision for the toughest jobs.\" \/>\n<meta property=\"og:url\" content=\"https:\/\/bycon-europe.com\/de\/produkt\/bycon-lasergeschweisste-diamanttrennscheibe-fuer-beton\/\" \/>\n<meta property=\"og:site_name\" content=\"BYCON Europe\" \/>\n<meta property=\"article:modified_time\" content=\"2025-05-16T07:58:30+00:00\" \/>\n<meta property=\"og:image\" content=\"https:\/\/bycon-europe.com\/wp-content\/uploads\/2025\/04\/Concrete-Blades-Series.png\" \/>\n\t<meta property=\"og:image:width\" content=\"700\" \/>\n\t<meta property=\"og:image:height\" content=\"700\" \/>\n\t<meta property=\"og:image:type\" content=\"image\/png\" \/>\n<meta name=\"twitter:card\" content=\"summary_large_image\" \/>\n<meta name=\"twitter:label1\" content=\"Gesch\u00e4tzte Lesezeit\" \/>\n\t<meta name=\"twitter:data1\" content=\"2\u00a0Minuten\" \/>\n<script type=\"application\/ld+json\" class=\"yoast-schema-graph\">{\"@context\":\"https:\\\/\\\/schema.org\",\"@graph\":[{\"@type\":\"WebPage\",\"@id\":\"https:\\\/\\\/bycon-europe.com\\\/product\\\/bycon-laser-welded-concrete-diamond-blade\\\/\",\"url\":\"https:\\\/\\\/bycon-europe.com\\\/product\\\/bycon-laser-welded-concrete-diamond-blade\\\/\",\"name\":\"BYCON Laser Welded Concrete Diamond Blade - BYCON Europe\",\"isPartOf\":{\"@id\":\"https:\\\/\\\/bycon-europe.com\\\/#website\"},\"primaryImageOfPage\":{\"@id\":\"https:\\\/\\\/bycon-europe.com\\\/product\\\/bycon-laser-welded-concrete-diamond-blade\\\/#primaryimage\"},\"image\":{\"@id\":\"https:\\\/\\\/bycon-europe.com\\\/product\\\/bycon-laser-welded-concrete-diamond-blade\\\/#primaryimage\"},\"thumbnailUrl\":\"https:\\\/\\\/bycon-europe.com\\\/wp-content\\\/uploads\\\/2025\\\/04\\\/Concrete-Blades-Series.png\",\"datePublished\":\"2025-04-10T10:31:05+00:00\",\"dateModified\":\"2025-05-16T07:58:30+00:00\",\"breadcrumb\":{\"@id\":\"https:\\\/\\\/bycon-europe.com\\\/product\\\/bycon-laser-welded-concrete-diamond-blade\\\/#breadcrumb\"},\"inLanguage\":\"de\",\"potentialAction\":[{\"@type\":\"ReadAction\",\"target\":[\"https:\\\/\\\/bycon-europe.com\\\/product\\\/bycon-laser-welded-concrete-diamond-blade\\\/\"]}]},{\"@type\":\"ImageObject\",\"inLanguage\":\"de\",\"@id\":\"https:\\\/\\\/bycon-europe.com\\\/product\\\/bycon-laser-welded-concrete-diamond-blade\\\/#primaryimage\",\"url\":\"https:\\\/\\\/bycon-europe.com\\\/wp-content\\\/uploads\\\/2025\\\/04\\\/Concrete-Blades-Series.png\",\"contentUrl\":\"https:\\\/\\\/bycon-europe.com\\\/wp-content\\\/uploads\\\/2025\\\/04\\\/Concrete-Blades-Series.png\",\"width\":700,\"height\":700},{\"@type\":\"BreadcrumbList\",\"@id\":\"https:\\\/\\\/bycon-europe.com\\\/product\\\/bycon-laser-welded-concrete-diamond-blade\\\/#breadcrumb\",\"itemListElement\":[{\"@type\":\"ListItem\",\"position\":1,\"name\":\"Home\",\"item\":\"https:\\\/\\\/bycon-europe.com\\\/\"},{\"@type\":\"ListItem\",\"position\":2,\"name\":\"Shop\",\"item\":\"https:\\\/\\\/bycon-europe.com\\\/shop\\\/\"},{\"@type\":\"ListItem\",\"position\":3,\"name\":\"BYCON Laser Welded Concrete Diamond Blade\"}]},{\"@type\":\"WebSite\",\"@id\":\"https:\\\/\\\/bycon-europe.com\\\/#website\",\"url\":\"https:\\\/\\\/bycon-europe.com\\\/\",\"name\":\"BYCON Europe\",\"description\":\"\",\"publisher\":{\"@id\":\"https:\\\/\\\/bycon-europe.com\\\/#organization\"},\"potentialAction\":[{\"@type\":\"SearchAction\",\"target\":{\"@type\":\"EntryPoint\",\"urlTemplate\":\"https:\\\/\\\/bycon-europe.com\\\/?s={search_term_string}\"},\"query-input\":{\"@type\":\"PropertyValueSpecification\",\"valueRequired\":true,\"valueName\":\"search_term_string\"}}],\"inLanguage\":\"de\"},{\"@type\":\"Organization\",\"@id\":\"https:\\\/\\\/bycon-europe.com\\\/#organization\",\"name\":\"BYCON Europe\",\"url\":\"https:\\\/\\\/bycon-europe.com\\\/\",\"logo\":{\"@type\":\"ImageObject\",\"inLanguage\":\"de\",\"@id\":\"https:\\\/\\\/bycon-europe.com\\\/#\\\/schema\\\/logo\\\/image\\\/\",\"url\":\"https:\\\/\\\/bycon-europe.com\\\/wp-content\\\/uploads\\\/2025\\\/12\\\/logo-Bewerkt.png\",\"contentUrl\":\"https:\\\/\\\/bycon-europe.com\\\/wp-content\\\/uploads\\\/2025\\\/12\\\/logo-Bewerkt.png\",\"width\":765,\"height\":200,\"caption\":\"BYCON Europe\"},\"image\":{\"@id\":\"https:\\\/\\\/bycon-europe.com\\\/#\\\/schema\\\/logo\\\/image\\\/\"}}]}<\/script>\n<!-- \/ Yoast SEO plugin. -->","yoast_head_json":{"title":"BYCON Lasergeschwei\u00dfte Diamanttrennscheibe f\u00fcr Beton - BYCON Europe","robots":{"index":"index","follow":"follow","max-snippet":"max-snippet:-1","max-image-preview":"max-image-preview:large","max-video-preview":"max-video-preview:-1"},"canonical":"https:\/\/bycon-europe.com\/de\/produkt\/bycon-lasergeschweisste-diamanttrennscheibe-fuer-beton\/","og_locale":"de_DE","og_type":"article","og_title":"BYCON Laser Welded Concrete Diamond Blade - BYCON Europe","og_description":"Bycon's premium laser welded diamond blades offer outstanding performance for cutting through concrete with rebar. They combine speed, durability, and precision for the toughest jobs.","og_url":"https:\/\/bycon-europe.com\/de\/produkt\/bycon-lasergeschweisste-diamanttrennscheibe-fuer-beton\/","og_site_name":"BYCON Europe","article_modified_time":"2025-05-16T07:58:30+00:00","og_image":[{"width":700,"height":700,"url":"https:\/\/bycon-europe.com\/wp-content\/uploads\/2025\/04\/Concrete-Blades-Series.png","type":"image\/png"}],"twitter_card":"summary_large_image","twitter_misc":{"Gesch\u00e4tzte Lesezeit":"2\u00a0Minuten"},"schema":{"@context":"https:\/\/schema.org","@graph":[{"@type":"WebPage","@id":"https:\/\/bycon-europe.com\/product\/bycon-laser-welded-concrete-diamond-blade\/","url":"https:\/\/bycon-europe.com\/product\/bycon-laser-welded-concrete-diamond-blade\/","name":"BYCON Lasergeschwei\u00dfte Diamanttrennscheibe f\u00fcr Beton - BYCON Europe","isPartOf":{"@id":"https:\/\/bycon-europe.com\/#website"},"primaryImageOfPage":{"@id":"https:\/\/bycon-europe.com\/product\/bycon-laser-welded-concrete-diamond-blade\/#primaryimage"},"image":{"@id":"https:\/\/bycon-europe.com\/product\/bycon-laser-welded-concrete-diamond-blade\/#primaryimage"},"thumbnailUrl":"https:\/\/bycon-europe.com\/wp-content\/uploads\/2025\/04\/Concrete-Blades-Series.png","datePublished":"2025-04-10T10:31:05+00:00","dateModified":"2025-05-16T07:58:30+00:00","breadcrumb":{"@id":"https:\/\/bycon-europe.com\/product\/bycon-laser-welded-concrete-diamond-blade\/#breadcrumb"},"inLanguage":"de","potentialAction":[{"@type":"ReadAction","target":["https:\/\/bycon-europe.com\/product\/bycon-laser-welded-concrete-diamond-blade\/"]}]},{"@type":"ImageObject","inLanguage":"de","@id":"https:\/\/bycon-europe.com\/product\/bycon-laser-welded-concrete-diamond-blade\/#primaryimage","url":"https:\/\/bycon-europe.com\/wp-content\/uploads\/2025\/04\/Concrete-Blades-Series.png","contentUrl":"https:\/\/bycon-europe.com\/wp-content\/uploads\/2025\/04\/Concrete-Blades-Series.png","width":700,"height":700},{"@type":"BreadcrumbList","@id":"https:\/\/bycon-europe.com\/product\/bycon-laser-welded-concrete-diamond-blade\/#breadcrumb","itemListElement":[{"@type":"ListItem","position":1,"name":"Home","item":"https:\/\/bycon-europe.com\/"},{"@type":"ListItem","position":2,"name":"Shop","item":"https:\/\/bycon-europe.com\/shop\/"},{"@type":"ListItem","position":3,"name":"BYCON Laser Welded Concrete Diamond Blade"}]},{"@type":"WebSite","@id":"https:\/\/bycon-europe.com\/#website","url":"https:\/\/bycon-europe.com\/","name":"BYCON Europe","description":"","publisher":{"@id":"https:\/\/bycon-europe.com\/#organization"},"potentialAction":[{"@type":"SearchAction","target":{"@type":"EntryPoint","urlTemplate":"https:\/\/bycon-europe.com\/?s={search_term_string}"},"query-input":{"@type":"PropertyValueSpecification","valueRequired":true,"valueName":"search_term_string"}}],"inLanguage":"de"},{"@type":"Organization","@id":"https:\/\/bycon-europe.com\/#organization","name":"BYCON Europe","url":"https:\/\/bycon-europe.com\/","logo":{"@type":"ImageObject","inLanguage":"de","@id":"https:\/\/bycon-europe.com\/#\/schema\/logo\/image\/","url":"https:\/\/bycon-europe.com\/wp-content\/uploads\/2025\/12\/logo-Bewerkt.png","contentUrl":"https:\/\/bycon-europe.com\/wp-content\/uploads\/2025\/12\/logo-Bewerkt.png","width":765,"height":200,"caption":"BYCON Europe"},"image":{"@id":"https:\/\/bycon-europe.com\/#\/schema\/logo\/image\/"}}]}},"_links":{"self":[{"href":"https:\/\/bycon-europe.com\/de\/wp-json\/wp\/v2\/product\/1075","targetHints":{"allow":["GET"]}}],"collection":[{"href":"https:\/\/bycon-europe.com\/de\/wp-json\/wp\/v2\/product"}],"about":[{"href":"https:\/\/bycon-europe.com\/de\/wp-json\/wp\/v2\/types\/product"}],"replies":[{"embeddable":true,"href":"https:\/\/bycon-europe.com\/de\/wp-json\/wp\/v2\/comments?post=1075"}],"wp:featuredmedia":[{"embeddable":true,"href":"https:\/\/bycon-europe.com\/de\/wp-json\/wp\/v2\/media\/1076"}],"wp:attachment":[{"href":"https:\/\/bycon-europe.com\/de\/wp-json\/wp\/v2\/media?parent=1075"}],"wp:term":[{"taxonomy":"product_brand","embeddable":true,"href":"https:\/\/bycon-europe.com\/de\/wp-json\/wp\/v2\/product_brand?post=1075"},{"taxonomy":"product_cat","embeddable":true,"href":"https:\/\/bycon-europe.com\/de\/wp-json\/wp\/v2\/product_cat?post=1075"},{"taxonomy":"product_tag","embeddable":true,"href":"https:\/\/bycon-europe.com\/de\/wp-json\/wp\/v2\/product_tag?post=1075"}],"curies":[{"name":"wp","href":"https:\/\/api.w.org\/{rel}","templated":true}]}}