{"id":1078,"date":"2025-04-10T11:54:20","date_gmt":"2025-04-10T11:54:20","guid":{"rendered":"https:\/\/bycon-europe.com\/?post_type=product&#038;p=1078"},"modified":"2025-04-10T11:55:27","modified_gmt":"2025-04-10T11:55:27","slug":"bycon-diamanttrennscheibe-fuer-asphalt","status":"publish","type":"product","link":"https:\/\/bycon-europe.com\/de\/product\/bycon-diamond-asphalt-cutting-disc\/","title":{"rendered":"BYCON Diamant-Asphalt-Trennscheibe"},"content":{"rendered":"<h2 data-start=\"0\" data-end=\"66\"><strong data-start=\"21\" data-end=\"66\">Professional Diamond Asphalt Cutting Disc<\/strong><\/h2>\n<p class=\"\" data-start=\"298\" data-end=\"653\">Bycon provides various professional-grade diamond blades for asphalt cutting applications. These blades are optimized for use with cut-off saws and walk-behind saws and are ideal for cutting asphalt or asphalt over concrete. The laser-welded design ensures strong segment bonding and long-lasting durability under tough conditions.<\/p>\n<p><strong>Key Features:<\/strong><\/p>\n<ul>\n<li><strong>Asphalt specialist:<\/strong> Ideal for cutting asphalt and asphalt-over-concrete surfaces<\/li>\n<li><strong>Laser welded segments:<\/strong> Engineered for strength, safety, and long-term durability<\/li>\n<li><strong>Versatile compatibility:<\/strong> Suitable for both cut-off and walk-behind saws<\/li>\n<li><strong>Built for the road:<\/strong> Designed for professional use on roadways and construction sites<\/li>\n<\/ul>\n<p data-start=\"887\" data-end=\"915\"><strong>Technical Specifications<\/strong><\/p>\n<div class=\"pointer-events-none relative left-[50%] flex w-[100cqw] translate-x-[-50%] justify-center *:pointer-events-auto\">\n<div class=\"tableContainer horzScrollShadows\">\n<table class=\"min-w-full\" data-start=\"917\" data-end=\"2897\">\n<thead data-start=\"917\" data-end=\"1051\">\n<tr data-start=\"917\" data-end=\"1051\">\n<th data-start=\"917\" data-end=\"930\">Art Number<\/th>\n<th data-start=\"930\" data-end=\"946\">Diameter (mm)<\/th>\n<th data-start=\"946\" data-end=\"959\">Arbor Hole<\/th>\n<th data-start=\"959\" data-end=\"985\">Thickness of Blade (mm)<\/th>\n<th data-start=\"985\" data-end=\"1005\">Segment Size (mm)<\/th>\n<th data-start=\"1005\" data-end=\"1027\">Protection Segments<\/th>\n<th data-start=\"1027\" data-end=\"1051\">Quantity of Segments<\/th>\n<\/tr>\n<\/thead>\n<tbody data-start=\"1194\" data-end=\"2897\">\n<tr data-start=\"1194\" data-end=\"1335\">\n<td class=\"\" data-start=\"1194\" data-end=\"1207\">3034300<\/td>\n<td class=\"\" data-start=\"1207\" data-end=\"1224\">300<\/td>\n<td class=\"\" data-start=\"1224\" data-end=\"1238\">1&#8243;\/20 mm<\/td>\n<td class=\"\" data-start=\"1238\" data-end=\"1265\">2.2<\/td>\n<td class=\"\" data-start=\"1265\" data-end=\"1286\">40\u00d710\u00d73<\/td>\n<td class=\"\" data-start=\"1286\" data-end=\"1309\">3<\/td>\n<td class=\"\" data-start=\"1309\" data-end=\"1335\">18<\/td>\n<\/tr>\n<tr data-start=\"1336\" data-end=\"1477\">\n<td class=\"\" data-start=\"1336\" data-end=\"1349\">3034350<\/td>\n<td class=\"\" data-start=\"1349\" data-end=\"1366\">350<\/td>\n<td class=\"\" data-start=\"1366\" data-end=\"1380\">1&#8243;\/20 mm<\/td>\n<td class=\"\" data-start=\"1380\" data-end=\"1407\">2.2<\/td>\n<td class=\"\" data-start=\"1407\" data-end=\"1428\">40\u00d710\u00d73<\/td>\n<td class=\"\" data-start=\"1428\" data-end=\"1451\">3<\/td>\n<td class=\"\" data-start=\"1451\" data-end=\"1477\">21<\/td>\n<\/tr>\n<tr data-start=\"1478\" data-end=\"1619\">\n<td class=\"\" data-start=\"1478\" data-end=\"1491\">3034400<\/td>\n<td class=\"\" data-start=\"1491\" data-end=\"1508\">400<\/td>\n<td class=\"\" data-start=\"1508\" data-end=\"1522\">1&#8243;\/20 mm<\/td>\n<td class=\"\" data-start=\"1522\" data-end=\"1549\">2.4<\/td>\n<td class=\"\" data-start=\"1549\" data-end=\"1570\">40\u00d710\u00d73<\/td>\n<td class=\"\" data-start=\"1570\" data-end=\"1593\">4<\/td>\n<td class=\"\" data-start=\"1593\" data-end=\"1619\">24<\/td>\n<\/tr>\n<tr data-start=\"1620\" data-end=\"1761\">\n<td class=\"\" data-start=\"1620\" data-end=\"1633\">3034450<\/td>\n<td class=\"\" data-start=\"1633\" data-end=\"1650\">450<\/td>\n<td class=\"\" data-start=\"1650\" data-end=\"1664\">1&#8243;\/20 mm<\/td>\n<td class=\"\" data-start=\"1664\" data-end=\"1691\">2.8<\/td>\n<td class=\"\" data-start=\"1691\" data-end=\"1712\">40\u00d710\u00d73.3<\/td>\n<td class=\"\" data-start=\"1712\" data-end=\"1735\">4<\/td>\n<td class=\"\" data-start=\"1735\" data-end=\"1761\">26<\/td>\n<\/tr>\n<tr data-start=\"1762\" data-end=\"1903\">\n<td class=\"\" data-start=\"1762\" data-end=\"1775\">3034500<\/td>\n<td class=\"\" data-start=\"1775\" data-end=\"1792\">500<\/td>\n<td class=\"\" data-start=\"1792\" data-end=\"1806\">1&#8243;\/20 mm<\/td>\n<td class=\"\" data-start=\"1806\" data-end=\"1833\">3.0<\/td>\n<td class=\"\" data-start=\"1833\" data-end=\"1854\">40\u00d710\u00d73.3<\/td>\n<td class=\"\" data-start=\"1854\" data-end=\"1877\">5<\/td>\n<td class=\"\" data-start=\"1877\" data-end=\"1903\">30<\/td>\n<\/tr>\n<tr data-start=\"1904\" data-end=\"2045\">\n<td class=\"\" data-start=\"1904\" data-end=\"1917\">3034600<\/td>\n<td class=\"\" data-start=\"1917\" data-end=\"1934\">600<\/td>\n<td class=\"\" data-start=\"1934\" data-end=\"1948\">1&#8243;\/20 mm<\/td>\n<td class=\"\" data-start=\"1948\" data-end=\"1975\">3.5<\/td>\n<td class=\"\" data-start=\"1975\" data-end=\"1996\">40\u00d712\u00d74.5<\/td>\n<td class=\"\" data-start=\"1996\" data-end=\"2019\">6<\/td>\n<td class=\"\" data-start=\"2019\" data-end=\"2045\">36<\/td>\n<\/tr>\n<tr data-start=\"2046\" data-end=\"2187\">\n<td class=\"\" data-start=\"2046\" data-end=\"2059\">3034650<\/td>\n<td class=\"\" data-start=\"2059\" data-end=\"2076\">650<\/td>\n<td class=\"\" data-start=\"2076\" data-end=\"2090\">1&#8243;\/20 mm<\/td>\n<td class=\"\" data-start=\"2090\" data-end=\"2117\">3.5<\/td>\n<td class=\"\" data-start=\"2117\" data-end=\"2138\">40\u00d712\u00d74.5<\/td>\n<td class=\"\" data-start=\"2138\" data-end=\"2161\">4<\/td>\n<td class=\"\" data-start=\"2161\" data-end=\"2187\">40<\/td>\n<\/tr>\n<tr data-start=\"2188\" data-end=\"2329\">\n<td class=\"\" data-start=\"2188\" data-end=\"2201\">3034700<\/td>\n<td class=\"\" data-start=\"2201\" data-end=\"2218\">700<\/td>\n<td class=\"\" data-start=\"2218\" data-end=\"2232\">1&#8243;\/20 mm<\/td>\n<td class=\"\" data-start=\"2232\" data-end=\"2259\">3.5<\/td>\n<td class=\"\" data-start=\"2259\" data-end=\"2280\">40\u00d712\u00d74.5<\/td>\n<td class=\"\" data-start=\"2280\" data-end=\"2303\">6<\/td>\n<td class=\"\" data-start=\"2303\" data-end=\"2329\">44<\/td>\n<\/tr>\n<tr data-start=\"2330\" data-end=\"2471\">\n<td class=\"\" data-start=\"2330\" data-end=\"2343\">3034800<\/td>\n<td class=\"\" data-start=\"2343\" data-end=\"2360\">800<\/td>\n<td class=\"\" data-start=\"2360\" data-end=\"2374\">1&#8243;\/20 mm<\/td>\n<td class=\"\" data-start=\"2374\" data-end=\"2401\">3.5<\/td>\n<td class=\"\" data-start=\"2401\" data-end=\"2422\">40\u00d712\u00d75<\/td>\n<td class=\"\" data-start=\"2422\" data-end=\"2445\">8<\/td>\n<td class=\"\" data-start=\"2445\" data-end=\"2471\">50<\/td>\n<\/tr>\n<tr data-start=\"2472\" data-end=\"2613\">\n<td class=\"\" data-start=\"2472\" data-end=\"2485\">3034900<\/td>\n<td class=\"\" data-start=\"2485\" data-end=\"2502\">900<\/td>\n<td class=\"\" data-start=\"2502\" data-end=\"2516\">1&#8243;\/20 mm<\/td>\n<td class=\"\" data-start=\"2516\" data-end=\"2543\">3.5<\/td>\n<td class=\"\" data-start=\"2543\" data-end=\"2564\">40\u00d712\u00d75<\/td>\n<td class=\"\" data-start=\"2564\" data-end=\"2587\">8<\/td>\n<td class=\"\" data-start=\"2587\" data-end=\"2613\">56<\/td>\n<\/tr>\n<tr data-start=\"2614\" data-end=\"2755\">\n<td class=\"\" data-start=\"2614\" data-end=\"2627\">3031000<\/td>\n<td class=\"\" data-start=\"2627\" data-end=\"2644\">1000<\/td>\n<td class=\"\" data-start=\"2644\" data-end=\"2658\">1&#8243;\/20 mm<\/td>\n<td class=\"\" data-start=\"2658\" data-end=\"2685\">3.5<\/td>\n<td class=\"\" data-start=\"2685\" data-end=\"2706\">40\u00d712\u00d75<\/td>\n<td class=\"\" data-start=\"2706\" data-end=\"2729\">8<\/td>\n<td class=\"\" data-start=\"2729\" data-end=\"2755\">62<\/td>\n<\/tr>\n<tr data-start=\"2756\" data-end=\"2897\">\n<td class=\"\" data-start=\"2756\" data-end=\"2769\">3031200<\/td>\n<td class=\"\" data-start=\"2769\" data-end=\"2786\">1200<\/td>\n<td class=\"\" data-start=\"2786\" data-end=\"2800\">1&#8243;\/20 mm<\/td>\n<td class=\"\" data-start=\"2800\" data-end=\"2827\">3.5<\/td>\n<td class=\"\" data-start=\"2827\" data-end=\"2848\">40\u00d712\u00d75<\/td>\n<td class=\"\" data-start=\"2848\" data-end=\"2871\">9<\/td>\n<td class=\"\" data-start=\"2871\" data-end=\"2897\">\u2013<\/td>\n<\/tr>\n<\/tbody>\n<\/table>\n<\/div>\n<\/div>\n","protected":false},"excerpt":{"rendered":"<p>Bycon bietet hochwertige lasergeschwei\u00dfte Diamanttrennscheiben an, die speziell f\u00fcr das Schneiden von Asphalt und Asphalt auf Betonfahrbahnen entwickelt wurden. Perfekt f\u00fcr PRO-Anwender, die auf effiziente, langlebige Schnittl\u00f6sungen angewiesen sind.<\/p>","protected":false},"featured_media":1079,"comment_status":"open","ping_status":"closed","template":"","meta":[],"product_brand":[],"product_cat":[41,39,17],"product_tag":[],"class_list":{"0":"post-1078","1":"product","2":"type-product","3":"status-publish","4":"has-post-thumbnail","6":"product_cat-asphalt-blades","7":"product_cat-cutting-blades","8":"product_cat-diamond-tools","10":"first","11":"instock","12":"shipping-taxable","13":"product-type-simple"},"yoast_head":"<!-- This site is optimized with the Yoast SEO plugin v27.4 - https:\/\/yoast.com\/product\/yoast-seo-wordpress\/ -->\n<title>BYCON Diamond Asphalt Cutting Disc - BYCON Europe<\/title>\n<meta name=\"robots\" content=\"index, follow, max-snippet:-1, max-image-preview:large, max-video-preview:-1\" \/>\n<link rel=\"canonical\" href=\"https:\/\/bycon-europe.com\/de\/produkt\/bycon-diamanttrennscheibe-fuer-asphalt\/\" \/>\n<meta property=\"og:locale\" content=\"de_DE\" \/>\n<meta property=\"og:type\" content=\"article\" \/>\n<meta property=\"og:title\" content=\"BYCON Diamond Asphalt Cutting Disc - BYCON Europe\" \/>\n<meta property=\"og:description\" content=\"Bycon offers high-quality laser welded diamond blades specifically designed for cutting asphalt and asphalt over concrete roadways. Perfect for PRO users who rely on efficient, durable cutting solutions.\" \/>\n<meta property=\"og:url\" content=\"https:\/\/bycon-europe.com\/de\/produkt\/bycon-diamanttrennscheibe-fuer-asphalt\/\" \/>\n<meta property=\"og:site_name\" content=\"BYCON Europe\" \/>\n<meta property=\"article:modified_time\" content=\"2025-04-10T11:55:27+00:00\" \/>\n<meta property=\"og:image\" content=\"https:\/\/bycon-europe.com\/wp-content\/uploads\/2025\/04\/Asphalt-Blade-Series.png\" \/>\n\t<meta property=\"og:image:width\" content=\"700\" \/>\n\t<meta property=\"og:image:height\" content=\"700\" \/>\n\t<meta property=\"og:image:type\" content=\"image\/png\" \/>\n<meta name=\"twitter:card\" content=\"summary_large_image\" \/>\n<meta name=\"twitter:label1\" content=\"Gesch\u00e4tzte Lesezeit\" \/>\n\t<meta name=\"twitter:data1\" content=\"2\u00a0Minuten\" \/>\n<script type=\"application\/ld+json\" class=\"yoast-schema-graph\">{\"@context\":\"https:\\\/\\\/schema.org\",\"@graph\":[{\"@type\":\"WebPage\",\"@id\":\"https:\\\/\\\/bycon-europe.com\\\/product\\\/bycon-diamond-asphalt-cutting-disc\\\/\",\"url\":\"https:\\\/\\\/bycon-europe.com\\\/product\\\/bycon-diamond-asphalt-cutting-disc\\\/\",\"name\":\"BYCON Diamond Asphalt Cutting Disc - BYCON Europe\",\"isPartOf\":{\"@id\":\"https:\\\/\\\/bycon-europe.com\\\/#website\"},\"primaryImageOfPage\":{\"@id\":\"https:\\\/\\\/bycon-europe.com\\\/product\\\/bycon-diamond-asphalt-cutting-disc\\\/#primaryimage\"},\"image\":{\"@id\":\"https:\\\/\\\/bycon-europe.com\\\/product\\\/bycon-diamond-asphalt-cutting-disc\\\/#primaryimage\"},\"thumbnailUrl\":\"https:\\\/\\\/bycon-europe.com\\\/wp-content\\\/uploads\\\/2025\\\/04\\\/Asphalt-Blade-Series.png\",\"datePublished\":\"2025-04-10T11:54:20+00:00\",\"dateModified\":\"2025-04-10T11:55:27+00:00\",\"breadcrumb\":{\"@id\":\"https:\\\/\\\/bycon-europe.com\\\/product\\\/bycon-diamond-asphalt-cutting-disc\\\/#breadcrumb\"},\"inLanguage\":\"de\",\"potentialAction\":[{\"@type\":\"ReadAction\",\"target\":[\"https:\\\/\\\/bycon-europe.com\\\/product\\\/bycon-diamond-asphalt-cutting-disc\\\/\"]}]},{\"@type\":\"ImageObject\",\"inLanguage\":\"de\",\"@id\":\"https:\\\/\\\/bycon-europe.com\\\/product\\\/bycon-diamond-asphalt-cutting-disc\\\/#primaryimage\",\"url\":\"https:\\\/\\\/bycon-europe.com\\\/wp-content\\\/uploads\\\/2025\\\/04\\\/Asphalt-Blade-Series.png\",\"contentUrl\":\"https:\\\/\\\/bycon-europe.com\\\/wp-content\\\/uploads\\\/2025\\\/04\\\/Asphalt-Blade-Series.png\",\"width\":700,\"height\":700},{\"@type\":\"BreadcrumbList\",\"@id\":\"https:\\\/\\\/bycon-europe.com\\\/product\\\/bycon-diamond-asphalt-cutting-disc\\\/#breadcrumb\",\"itemListElement\":[{\"@type\":\"ListItem\",\"position\":1,\"name\":\"Home\",\"item\":\"https:\\\/\\\/bycon-europe.com\\\/\"},{\"@type\":\"ListItem\",\"position\":2,\"name\":\"Shop\",\"item\":\"https:\\\/\\\/bycon-europe.com\\\/shop\\\/\"},{\"@type\":\"ListItem\",\"position\":3,\"name\":\"BYCON Diamond Asphalt Cutting Disc\"}]},{\"@type\":\"WebSite\",\"@id\":\"https:\\\/\\\/bycon-europe.com\\\/#website\",\"url\":\"https:\\\/\\\/bycon-europe.com\\\/\",\"name\":\"BYCON Europe\",\"description\":\"\",\"publisher\":{\"@id\":\"https:\\\/\\\/bycon-europe.com\\\/#organization\"},\"potentialAction\":[{\"@type\":\"SearchAction\",\"target\":{\"@type\":\"EntryPoint\",\"urlTemplate\":\"https:\\\/\\\/bycon-europe.com\\\/?s={search_term_string}\"},\"query-input\":{\"@type\":\"PropertyValueSpecification\",\"valueRequired\":true,\"valueName\":\"search_term_string\"}}],\"inLanguage\":\"de\"},{\"@type\":\"Organization\",\"@id\":\"https:\\\/\\\/bycon-europe.com\\\/#organization\",\"name\":\"BYCON Europe\",\"url\":\"https:\\\/\\\/bycon-europe.com\\\/\",\"logo\":{\"@type\":\"ImageObject\",\"inLanguage\":\"de\",\"@id\":\"https:\\\/\\\/bycon-europe.com\\\/#\\\/schema\\\/logo\\\/image\\\/\",\"url\":\"https:\\\/\\\/bycon-europe.com\\\/wp-content\\\/uploads\\\/2025\\\/12\\\/logo-Bewerkt.png\",\"contentUrl\":\"https:\\\/\\\/bycon-europe.com\\\/wp-content\\\/uploads\\\/2025\\\/12\\\/logo-Bewerkt.png\",\"width\":765,\"height\":200,\"caption\":\"BYCON Europe\"},\"image\":{\"@id\":\"https:\\\/\\\/bycon-europe.com\\\/#\\\/schema\\\/logo\\\/image\\\/\"}}]}<\/script>\n<!-- \/ Yoast SEO plugin. -->","yoast_head_json":{"title":"BYCON Diamant-Asphalt-Trennscheibe - BYCON Europe","robots":{"index":"index","follow":"follow","max-snippet":"max-snippet:-1","max-image-preview":"max-image-preview:large","max-video-preview":"max-video-preview:-1"},"canonical":"https:\/\/bycon-europe.com\/de\/produkt\/bycon-diamanttrennscheibe-fuer-asphalt\/","og_locale":"de_DE","og_type":"article","og_title":"BYCON Diamond Asphalt Cutting Disc - BYCON Europe","og_description":"Bycon offers high-quality laser welded diamond blades specifically designed for cutting asphalt and asphalt over concrete roadways. Perfect for PRO users who rely on efficient, durable cutting solutions.","og_url":"https:\/\/bycon-europe.com\/de\/produkt\/bycon-diamanttrennscheibe-fuer-asphalt\/","og_site_name":"BYCON Europe","article_modified_time":"2025-04-10T11:55:27+00:00","og_image":[{"width":700,"height":700,"url":"https:\/\/bycon-europe.com\/wp-content\/uploads\/2025\/04\/Asphalt-Blade-Series.png","type":"image\/png"}],"twitter_card":"summary_large_image","twitter_misc":{"Gesch\u00e4tzte Lesezeit":"2\u00a0Minuten"},"schema":{"@context":"https:\/\/schema.org","@graph":[{"@type":"WebPage","@id":"https:\/\/bycon-europe.com\/product\/bycon-diamond-asphalt-cutting-disc\/","url":"https:\/\/bycon-europe.com\/product\/bycon-diamond-asphalt-cutting-disc\/","name":"BYCON Diamant-Asphalt-Trennscheibe - BYCON Europe","isPartOf":{"@id":"https:\/\/bycon-europe.com\/#website"},"primaryImageOfPage":{"@id":"https:\/\/bycon-europe.com\/product\/bycon-diamond-asphalt-cutting-disc\/#primaryimage"},"image":{"@id":"https:\/\/bycon-europe.com\/product\/bycon-diamond-asphalt-cutting-disc\/#primaryimage"},"thumbnailUrl":"https:\/\/bycon-europe.com\/wp-content\/uploads\/2025\/04\/Asphalt-Blade-Series.png","datePublished":"2025-04-10T11:54:20+00:00","dateModified":"2025-04-10T11:55:27+00:00","breadcrumb":{"@id":"https:\/\/bycon-europe.com\/product\/bycon-diamond-asphalt-cutting-disc\/#breadcrumb"},"inLanguage":"de","potentialAction":[{"@type":"ReadAction","target":["https:\/\/bycon-europe.com\/product\/bycon-diamond-asphalt-cutting-disc\/"]}]},{"@type":"ImageObject","inLanguage":"de","@id":"https:\/\/bycon-europe.com\/product\/bycon-diamond-asphalt-cutting-disc\/#primaryimage","url":"https:\/\/bycon-europe.com\/wp-content\/uploads\/2025\/04\/Asphalt-Blade-Series.png","contentUrl":"https:\/\/bycon-europe.com\/wp-content\/uploads\/2025\/04\/Asphalt-Blade-Series.png","width":700,"height":700},{"@type":"BreadcrumbList","@id":"https:\/\/bycon-europe.com\/product\/bycon-diamond-asphalt-cutting-disc\/#breadcrumb","itemListElement":[{"@type":"ListItem","position":1,"name":"Home","item":"https:\/\/bycon-europe.com\/"},{"@type":"ListItem","position":2,"name":"Shop","item":"https:\/\/bycon-europe.com\/shop\/"},{"@type":"ListItem","position":3,"name":"BYCON Diamond Asphalt Cutting Disc"}]},{"@type":"WebSite","@id":"https:\/\/bycon-europe.com\/#website","url":"https:\/\/bycon-europe.com\/","name":"BYCON Europe","description":"","publisher":{"@id":"https:\/\/bycon-europe.com\/#organization"},"potentialAction":[{"@type":"SearchAction","target":{"@type":"EntryPoint","urlTemplate":"https:\/\/bycon-europe.com\/?s={search_term_string}"},"query-input":{"@type":"PropertyValueSpecification","valueRequired":true,"valueName":"search_term_string"}}],"inLanguage":"de"},{"@type":"Organization","@id":"https:\/\/bycon-europe.com\/#organization","name":"BYCON Europe","url":"https:\/\/bycon-europe.com\/","logo":{"@type":"ImageObject","inLanguage":"de","@id":"https:\/\/bycon-europe.com\/#\/schema\/logo\/image\/","url":"https:\/\/bycon-europe.com\/wp-content\/uploads\/2025\/12\/logo-Bewerkt.png","contentUrl":"https:\/\/bycon-europe.com\/wp-content\/uploads\/2025\/12\/logo-Bewerkt.png","width":765,"height":200,"caption":"BYCON Europe"},"image":{"@id":"https:\/\/bycon-europe.com\/#\/schema\/logo\/image\/"}}]}},"_links":{"self":[{"href":"https:\/\/bycon-europe.com\/de\/wp-json\/wp\/v2\/product\/1078","targetHints":{"allow":["GET"]}}],"collection":[{"href":"https:\/\/bycon-europe.com\/de\/wp-json\/wp\/v2\/product"}],"about":[{"href":"https:\/\/bycon-europe.com\/de\/wp-json\/wp\/v2\/types\/product"}],"replies":[{"embeddable":true,"href":"https:\/\/bycon-europe.com\/de\/wp-json\/wp\/v2\/comments?post=1078"}],"wp:featuredmedia":[{"embeddable":true,"href":"https:\/\/bycon-europe.com\/de\/wp-json\/wp\/v2\/media\/1079"}],"wp:attachment":[{"href":"https:\/\/bycon-europe.com\/de\/wp-json\/wp\/v2\/media?parent=1078"}],"wp:term":[{"taxonomy":"product_brand","embeddable":true,"href":"https:\/\/bycon-europe.com\/de\/wp-json\/wp\/v2\/product_brand?post=1078"},{"taxonomy":"product_cat","embeddable":true,"href":"https:\/\/bycon-europe.com\/de\/wp-json\/wp\/v2\/product_cat?post=1078"},{"taxonomy":"product_tag","embeddable":true,"href":"https:\/\/bycon-europe.com\/de\/wp-json\/wp\/v2\/product_tag?post=1078"}],"curies":[{"name":"wp","href":"https:\/\/api.w.org\/{rel}","templated":true}]}}