{"id":1090,"date":"2025-04-10T13:53:40","date_gmt":"2025-04-10T13:53:40","guid":{"rendered":"https:\/\/bycon-europe.com\/?post_type=product&#038;p=1090"},"modified":"2025-04-10T14:15:01","modified_gmt":"2025-04-10T14:15:01","slug":"bycon-diamantschleifscheiben-fuer-beton","status":"publish","type":"product","link":"https:\/\/bycon-europe.com\/de\/product\/bycon-abrasive-diamond-concrete-grinding-wheels\/","title":{"rendered":"BYCON Abrasive Diamant-Betonschleifscheiben"},"content":{"rendered":"<h2 data-start=\"159\" data-end=\"219\">Super Effective Abrasive Diamond Concrete Grinding Wheel<\/h2>\n<p class=\"\" data-start=\"221\" data-end=\"462\"><strong data-start=\"221\" data-end=\"286\">Efficient grinding performance on concrete and stone surfaces<\/strong><br data-start=\"286\" data-end=\"289\" \/>Designed for high-speed grinding and surface preparation, these diamond wheels ensure fast material removal on concrete, granite, tile and other surfaces\u2014whether dry or wet.<\/p>\n<p class=\"\" data-start=\"464\" data-end=\"887\">These abrasive grinding wheels from BYCON are built for durability and speed. With a range of configurations in tooth count, segment size, and cup shape, there\u2019s a model available for every grinding application. The open segment layout helps reduce loading or clogging, while the various options in teeth and matrix deliver precision in demanding environments. Available in multiple diameters to fit most standard grinders.<\/p>\n<p><strong>Key Features<\/strong><\/p>\n<ul>\n<li><strong>Open segment layout:<\/strong> Reduces risk of clogging during grinding<\/li>\n<li><strong>Wet &amp; dry compatible:<\/strong> Suitable for both grinding methods<\/li>\n<li><strong>Multi-material use:<\/strong> Designed for concrete, granite, tile, and more<\/li>\n<li><strong>High diamond concentration:<\/strong> Ensures long tool life and aggressive performance<\/li>\n<li><strong>Custom styles available:<\/strong> Various tooth styles and cup types based on application<\/li>\n<\/ul>\n<p><strong>What\u2019s Included<\/strong><\/p>\n<ul>\n<li>Selected Diamond Grinding Wheel (based on model)<\/li>\n<li>Pre-mounted arbor hole<\/li>\n<li>Optional color and layout based on order<\/li>\n<\/ul>\n<p data-start=\"1153\" data-end=\"1181\"><strong>Technical Specifications<\/strong><\/p>\n<div class=\"pointer-events-none relative left-[50%] flex w-[100cqw] translate-x-[-50%] justify-center *:pointer-events-auto\">\n<div class=\"tableContainer horzScrollShadows\">\n<table class=\"min-w-full\" data-start=\"1183\" data-end=\"2856\">\n<thead data-start=\"1183\" data-end=\"1281\">\n<tr data-start=\"1183\" data-end=\"1281\">\n<th data-start=\"1183\" data-end=\"1196\">Art Number<\/th>\n<th data-start=\"1196\" data-end=\"1212\">Diameter (mm)<\/th>\n<th data-start=\"1212\" data-end=\"1227\">Segment Type<\/th>\n<th data-start=\"1227\" data-end=\"1254\">Segment Size (mm)<\/th>\n<th data-start=\"1254\" data-end=\"1262\">Teeth<\/th>\n<th data-start=\"1262\" data-end=\"1281\">Arbor Size (mm)<\/th>\n<\/tr>\n<\/thead>\n<tbody data-start=\"1387\" data-end=\"2856\">\n<tr data-start=\"1387\" data-end=\"1491\">\n<td class=\"\" data-start=\"1387\" data-end=\"1400\">3041180<\/td>\n<td class=\"\" data-start=\"1400\" data-end=\"1417\">180<\/td>\n<td class=\"\" data-start=\"1417\" data-end=\"1434\">Single Row<\/td>\n<td class=\"\" data-start=\"1434\" data-end=\"1463\">H: 8<\/td>\n<td class=\"\" data-start=\"1463\" data-end=\"1471\">3<\/td>\n<td class=\"\" data-start=\"1471\" data-end=\"1491\">22.23<\/td>\n<\/tr>\n<tr data-start=\"1492\" data-end=\"1596\">\n<td class=\"\" data-start=\"1492\" data-end=\"1505\">3042180<\/td>\n<td class=\"\" data-start=\"1505\" data-end=\"1522\">180<\/td>\n<td class=\"\" data-start=\"1522\" data-end=\"1539\">Double Row<\/td>\n<td class=\"\" data-start=\"1539\" data-end=\"1568\">H: 8<\/td>\n<td class=\"\" data-start=\"1568\" data-end=\"1576\">6<\/td>\n<td class=\"\" data-start=\"1576\" data-end=\"1596\">22.23<\/td>\n<\/tr>\n<tr data-start=\"1597\" data-end=\"1701\">\n<td class=\"\" data-start=\"1597\" data-end=\"1610\">3043180<\/td>\n<td class=\"\" data-start=\"1610\" data-end=\"1627\">180<\/td>\n<td class=\"\" data-start=\"1627\" data-end=\"1644\">Turbo Row<\/td>\n<td class=\"\" data-start=\"1644\" data-end=\"1673\">H: 5<\/td>\n<td class=\"\" data-start=\"1673\" data-end=\"1681\">9<\/td>\n<td class=\"\" data-start=\"1681\" data-end=\"1701\">22.23<\/td>\n<\/tr>\n<tr data-start=\"1702\" data-end=\"1806\">\n<td class=\"\" data-start=\"1702\" data-end=\"1715\">3031125<\/td>\n<td class=\"\" data-start=\"1715\" data-end=\"1732\">125<\/td>\n<td class=\"\" data-start=\"1732\" data-end=\"1749\">Arrow<\/td>\n<td class=\"\" data-start=\"1749\" data-end=\"1778\">T: 6 \/ W: 20<\/td>\n<td class=\"\" data-start=\"1778\" data-end=\"1786\">3<\/td>\n<td class=\"\" data-start=\"1786\" data-end=\"1806\">22.23<\/td>\n<\/tr>\n<tr data-start=\"1807\" data-end=\"1911\">\n<td class=\"\" data-start=\"1807\" data-end=\"1820\">3031180<\/td>\n<td class=\"\" data-start=\"1820\" data-end=\"1837\">180<\/td>\n<td class=\"\" data-start=\"1837\" data-end=\"1854\">Arrow<\/td>\n<td class=\"\" data-start=\"1854\" data-end=\"1883\">T: 6 \/ W: 20<\/td>\n<td class=\"\" data-start=\"1883\" data-end=\"1891\">7<\/td>\n<td class=\"\" data-start=\"1891\" data-end=\"1911\">22.23<\/td>\n<\/tr>\n<tr data-start=\"1912\" data-end=\"2016\">\n<td class=\"\" data-start=\"1912\" data-end=\"1925\">3033125<\/td>\n<td class=\"\" data-start=\"1925\" data-end=\"1942\">125<\/td>\n<td class=\"\" data-start=\"1942\" data-end=\"1959\">Swirl<\/td>\n<td class=\"\" data-start=\"1959\" data-end=\"1988\">T: 5 \/ W: 7<\/td>\n<td class=\"\" data-start=\"1988\" data-end=\"1996\">16<\/td>\n<td class=\"\" data-start=\"1996\" data-end=\"2016\">22.23<\/td>\n<\/tr>\n<tr data-start=\"2017\" data-end=\"2121\">\n<td class=\"\" data-start=\"2017\" data-end=\"2030\">3033180<\/td>\n<td class=\"\" data-start=\"2030\" data-end=\"2047\">180<\/td>\n<td class=\"\" data-start=\"2047\" data-end=\"2064\">Swirl<\/td>\n<td class=\"\" data-start=\"2064\" data-end=\"2093\">T: 5 \/ W: 7<\/td>\n<td class=\"\" data-start=\"2093\" data-end=\"2101\">24<\/td>\n<td class=\"\" data-start=\"2101\" data-end=\"2121\">22.23<\/td>\n<\/tr>\n<tr data-start=\"2122\" data-end=\"2226\">\n<td class=\"\" data-start=\"2122\" data-end=\"2135\">3034125<\/td>\n<td class=\"\" data-start=\"2135\" data-end=\"2152\">125<\/td>\n<td class=\"\" data-start=\"2152\" data-end=\"2169\">Turbo Segment<\/td>\n<td class=\"\" data-start=\"2169\" data-end=\"2198\">T: 5 \/ W: 6\/12<\/td>\n<td class=\"\" data-start=\"2198\" data-end=\"2206\">14<\/td>\n<td class=\"\" data-start=\"2206\" data-end=\"2226\">22.23<\/td>\n<\/tr>\n<tr data-start=\"2227\" data-end=\"2331\">\n<td class=\"\" data-start=\"2227\" data-end=\"2240\">3034180<\/td>\n<td class=\"\" data-start=\"2240\" data-end=\"2257\">180<\/td>\n<td class=\"\" data-start=\"2257\" data-end=\"2274\">Turbo Segment<\/td>\n<td class=\"\" data-start=\"2274\" data-end=\"2303\">T: 5 \/ W: 6\/11<\/td>\n<td class=\"\" data-start=\"2303\" data-end=\"2311\">18<\/td>\n<td class=\"\" data-start=\"2311\" data-end=\"2331\">22.23<\/td>\n<\/tr>\n<tr data-start=\"2332\" data-end=\"2436\">\n<td class=\"\" data-start=\"2332\" data-end=\"2345\">3032105<\/td>\n<td class=\"\" data-start=\"2345\" data-end=\"2362\">105<\/td>\n<td class=\"\" data-start=\"2362\" data-end=\"2379\">PCD<\/td>\n<td class=\"\" data-start=\"2379\" data-end=\"2408\">T: 1.5 \/ W: 3 \/ L: 4<\/td>\n<td class=\"\" data-start=\"2408\" data-end=\"2416\">9<\/td>\n<td class=\"\" data-start=\"2416\" data-end=\"2436\">22.23<\/td>\n<\/tr>\n<tr data-start=\"2437\" data-end=\"2541\">\n<td class=\"\" data-start=\"2437\" data-end=\"2450\">3032115<\/td>\n<td class=\"\" data-start=\"2450\" data-end=\"2467\">115<\/td>\n<td class=\"\" data-start=\"2467\" data-end=\"2484\">PCD<\/td>\n<td class=\"\" data-start=\"2484\" data-end=\"2513\">T: 1.5 \/ W: 3 \/ L: 4<\/td>\n<td class=\"\" data-start=\"2513\" data-end=\"2521\">9<\/td>\n<td class=\"\" data-start=\"2521\" data-end=\"2541\">22.23<\/td>\n<\/tr>\n<tr data-start=\"2542\" data-end=\"2646\">\n<td class=\"\" data-start=\"2542\" data-end=\"2555\">3032125<\/td>\n<td class=\"\" data-start=\"2555\" data-end=\"2572\">125<\/td>\n<td class=\"\" data-start=\"2572\" data-end=\"2589\">PCD<\/td>\n<td class=\"\" data-start=\"2589\" data-end=\"2618\">T: 1.5 \/ W: 3 \/ L: 4<\/td>\n<td class=\"\" data-start=\"2618\" data-end=\"2626\">9<\/td>\n<td class=\"\" data-start=\"2626\" data-end=\"2646\">22.23<\/td>\n<\/tr>\n<tr data-start=\"2647\" data-end=\"2751\">\n<td class=\"\" data-start=\"2647\" data-end=\"2660\">3032150<\/td>\n<td class=\"\" data-start=\"2660\" data-end=\"2677\">150<\/td>\n<td class=\"\" data-start=\"2677\" data-end=\"2694\">PCD<\/td>\n<td class=\"\" data-start=\"2694\" data-end=\"2723\">T: 1.5 \/ W: 3 \/ L: 4<\/td>\n<td class=\"\" data-start=\"2723\" data-end=\"2731\">12<\/td>\n<td class=\"\" data-start=\"2731\" data-end=\"2751\">22.23<\/td>\n<\/tr>\n<tr data-start=\"2752\" data-end=\"2856\">\n<td class=\"\" data-start=\"2752\" data-end=\"2765\">3032180<\/td>\n<td class=\"\" data-start=\"2765\" data-end=\"2782\">180<\/td>\n<td class=\"\" data-start=\"2782\" data-end=\"2799\">PCD<\/td>\n<td class=\"\" data-start=\"2799\" data-end=\"2828\">T: 1.5 \/ W: 3 \/ L: 4<\/td>\n<td class=\"\" data-start=\"2828\" data-end=\"2836\">12<\/td>\n<td class=\"\" data-start=\"2836\" data-end=\"2856\">22.23<\/td>\n<\/tr>\n<\/tbody>\n<\/table>\n<\/div>\n<\/div>\n<p><strong>Legend:<\/strong><\/p>\n<ul>\n<li><strong>T:<\/strong> Thickness of segment or PCD<\/li>\n<li><strong>W:<\/strong> Width of segment or PCD<\/li>\n<li><strong>L:<\/strong> Length of PCD<\/li>\n<li><strong>H:<\/strong> Height of segment<\/li>\n<\/ul>\n","protected":false},"excerpt":{"rendered":"<p>Hochleistungs-Diamantschleifscheiben f\u00fcr Beton- und Steinoberfl\u00e4chen. Erh\u00e4ltlich in verschiedenen Ausf\u00fchrungen f\u00fcr schnellen, sauberen Materialabtrag unter nassen oder trockenen Bedingungen.<\/p>","protected":false},"featured_media":1091,"comment_status":"open","ping_status":"closed","template":"","meta":[],"product_brand":[],"product_cat":[46,45],"product_tag":[],"class_list":{"0":"post-1090","1":"product","2":"type-product","3":"status-publish","4":"has-post-thumbnail","6":"product_cat-diamond-grinding-wheels","7":"product_cat-grinding-wire-cutting","9":"first","10":"instock","11":"shipping-taxable","12":"product-type-simple"},"yoast_head":"<!-- This site is optimized with the Yoast SEO plugin v27.4 - https:\/\/yoast.com\/product\/yoast-seo-wordpress\/ -->\n<title>BYCON Abrasive Diamond Concrete Grinding Wheels - BYCON Europe<\/title>\n<meta name=\"robots\" content=\"index, follow, max-snippet:-1, max-image-preview:large, max-video-preview:-1\" \/>\n<link rel=\"canonical\" href=\"https:\/\/bycon-europe.com\/de\/produkt\/bycon-diamantschleifscheiben-fuer-beton\/\" \/>\n<meta property=\"og:locale\" content=\"de_DE\" \/>\n<meta property=\"og:type\" content=\"article\" \/>\n<meta property=\"og:title\" content=\"BYCON Abrasive Diamond Concrete Grinding Wheels - BYCON Europe\" \/>\n<meta property=\"og:description\" content=\"High-performance diamond grinding wheels for concrete and stone surfaces. Available in multiple styles for fast, clean material removal in wet or dry conditions.\" \/>\n<meta property=\"og:url\" content=\"https:\/\/bycon-europe.com\/de\/produkt\/bycon-diamantschleifscheiben-fuer-beton\/\" \/>\n<meta property=\"og:site_name\" content=\"BYCON Europe\" \/>\n<meta property=\"article:modified_time\" content=\"2025-04-10T14:15:01+00:00\" \/>\n<meta property=\"og:image\" content=\"https:\/\/bycon-europe.com\/wp-content\/uploads\/2025\/04\/Diamond-Grinding-Wheels-Series.png\" \/>\n\t<meta property=\"og:image:width\" content=\"700\" \/>\n\t<meta property=\"og:image:height\" content=\"700\" \/>\n\t<meta property=\"og:image:type\" content=\"image\/png\" \/>\n<meta name=\"twitter:card\" content=\"summary_large_image\" \/>\n<meta name=\"twitter:label1\" content=\"Gesch\u00e4tzte Lesezeit\" \/>\n\t<meta name=\"twitter:data1\" content=\"2\u00a0Minuten\" \/>\n<script type=\"application\/ld+json\" class=\"yoast-schema-graph\">{\"@context\":\"https:\\\/\\\/schema.org\",\"@graph\":[{\"@type\":\"WebPage\",\"@id\":\"https:\\\/\\\/bycon-europe.com\\\/product\\\/bycon-abrasive-diamond-concrete-grinding-wheels\\\/\",\"url\":\"https:\\\/\\\/bycon-europe.com\\\/product\\\/bycon-abrasive-diamond-concrete-grinding-wheels\\\/\",\"name\":\"BYCON Abrasive Diamond Concrete Grinding Wheels - BYCON Europe\",\"isPartOf\":{\"@id\":\"https:\\\/\\\/bycon-europe.com\\\/#website\"},\"primaryImageOfPage\":{\"@id\":\"https:\\\/\\\/bycon-europe.com\\\/product\\\/bycon-abrasive-diamond-concrete-grinding-wheels\\\/#primaryimage\"},\"image\":{\"@id\":\"https:\\\/\\\/bycon-europe.com\\\/product\\\/bycon-abrasive-diamond-concrete-grinding-wheels\\\/#primaryimage\"},\"thumbnailUrl\":\"https:\\\/\\\/bycon-europe.com\\\/wp-content\\\/uploads\\\/2025\\\/04\\\/Diamond-Grinding-Wheels-Series.png\",\"datePublished\":\"2025-04-10T13:53:40+00:00\",\"dateModified\":\"2025-04-10T14:15:01+00:00\",\"breadcrumb\":{\"@id\":\"https:\\\/\\\/bycon-europe.com\\\/product\\\/bycon-abrasive-diamond-concrete-grinding-wheels\\\/#breadcrumb\"},\"inLanguage\":\"de\",\"potentialAction\":[{\"@type\":\"ReadAction\",\"target\":[\"https:\\\/\\\/bycon-europe.com\\\/product\\\/bycon-abrasive-diamond-concrete-grinding-wheels\\\/\"]}]},{\"@type\":\"ImageObject\",\"inLanguage\":\"de\",\"@id\":\"https:\\\/\\\/bycon-europe.com\\\/product\\\/bycon-abrasive-diamond-concrete-grinding-wheels\\\/#primaryimage\",\"url\":\"https:\\\/\\\/bycon-europe.com\\\/wp-content\\\/uploads\\\/2025\\\/04\\\/Diamond-Grinding-Wheels-Series.png\",\"contentUrl\":\"https:\\\/\\\/bycon-europe.com\\\/wp-content\\\/uploads\\\/2025\\\/04\\\/Diamond-Grinding-Wheels-Series.png\",\"width\":700,\"height\":700},{\"@type\":\"BreadcrumbList\",\"@id\":\"https:\\\/\\\/bycon-europe.com\\\/product\\\/bycon-abrasive-diamond-concrete-grinding-wheels\\\/#breadcrumb\",\"itemListElement\":[{\"@type\":\"ListItem\",\"position\":1,\"name\":\"Home\",\"item\":\"https:\\\/\\\/bycon-europe.com\\\/\"},{\"@type\":\"ListItem\",\"position\":2,\"name\":\"Shop\",\"item\":\"https:\\\/\\\/bycon-europe.com\\\/shop\\\/\"},{\"@type\":\"ListItem\",\"position\":3,\"name\":\"BYCON Abrasive Diamond Concrete Grinding Wheels\"}]},{\"@type\":\"WebSite\",\"@id\":\"https:\\\/\\\/bycon-europe.com\\\/#website\",\"url\":\"https:\\\/\\\/bycon-europe.com\\\/\",\"name\":\"BYCON Europe\",\"description\":\"\",\"publisher\":{\"@id\":\"https:\\\/\\\/bycon-europe.com\\\/#organization\"},\"potentialAction\":[{\"@type\":\"SearchAction\",\"target\":{\"@type\":\"EntryPoint\",\"urlTemplate\":\"https:\\\/\\\/bycon-europe.com\\\/?s={search_term_string}\"},\"query-input\":{\"@type\":\"PropertyValueSpecification\",\"valueRequired\":true,\"valueName\":\"search_term_string\"}}],\"inLanguage\":\"de\"},{\"@type\":\"Organization\",\"@id\":\"https:\\\/\\\/bycon-europe.com\\\/#organization\",\"name\":\"BYCON Europe\",\"url\":\"https:\\\/\\\/bycon-europe.com\\\/\",\"logo\":{\"@type\":\"ImageObject\",\"inLanguage\":\"de\",\"@id\":\"https:\\\/\\\/bycon-europe.com\\\/#\\\/schema\\\/logo\\\/image\\\/\",\"url\":\"https:\\\/\\\/bycon-europe.com\\\/wp-content\\\/uploads\\\/2025\\\/12\\\/logo-Bewerkt.png\",\"contentUrl\":\"https:\\\/\\\/bycon-europe.com\\\/wp-content\\\/uploads\\\/2025\\\/12\\\/logo-Bewerkt.png\",\"width\":765,\"height\":200,\"caption\":\"BYCON Europe\"},\"image\":{\"@id\":\"https:\\\/\\\/bycon-europe.com\\\/#\\\/schema\\\/logo\\\/image\\\/\"}}]}<\/script>\n<!-- \/ Yoast SEO plugin. -->","yoast_head_json":{"title":"BYCON Diamant-Schleifscheiben zum Schleifen von Beton - BYCON Europe","robots":{"index":"index","follow":"follow","max-snippet":"max-snippet:-1","max-image-preview":"max-image-preview:large","max-video-preview":"max-video-preview:-1"},"canonical":"https:\/\/bycon-europe.com\/de\/produkt\/bycon-diamantschleifscheiben-fuer-beton\/","og_locale":"de_DE","og_type":"article","og_title":"BYCON Abrasive Diamond Concrete Grinding Wheels - BYCON Europe","og_description":"High-performance diamond grinding wheels for concrete and stone surfaces. Available in multiple styles for fast, clean material removal in wet or dry conditions.","og_url":"https:\/\/bycon-europe.com\/de\/produkt\/bycon-diamantschleifscheiben-fuer-beton\/","og_site_name":"BYCON Europe","article_modified_time":"2025-04-10T14:15:01+00:00","og_image":[{"width":700,"height":700,"url":"https:\/\/bycon-europe.com\/wp-content\/uploads\/2025\/04\/Diamond-Grinding-Wheels-Series.png","type":"image\/png"}],"twitter_card":"summary_large_image","twitter_misc":{"Gesch\u00e4tzte Lesezeit":"2\u00a0Minuten"},"schema":{"@context":"https:\/\/schema.org","@graph":[{"@type":"WebPage","@id":"https:\/\/bycon-europe.com\/product\/bycon-abrasive-diamond-concrete-grinding-wheels\/","url":"https:\/\/bycon-europe.com\/product\/bycon-abrasive-diamond-concrete-grinding-wheels\/","name":"BYCON Diamant-Schleifscheiben zum Schleifen von Beton - BYCON Europe","isPartOf":{"@id":"https:\/\/bycon-europe.com\/#website"},"primaryImageOfPage":{"@id":"https:\/\/bycon-europe.com\/product\/bycon-abrasive-diamond-concrete-grinding-wheels\/#primaryimage"},"image":{"@id":"https:\/\/bycon-europe.com\/product\/bycon-abrasive-diamond-concrete-grinding-wheels\/#primaryimage"},"thumbnailUrl":"https:\/\/bycon-europe.com\/wp-content\/uploads\/2025\/04\/Diamond-Grinding-Wheels-Series.png","datePublished":"2025-04-10T13:53:40+00:00","dateModified":"2025-04-10T14:15:01+00:00","breadcrumb":{"@id":"https:\/\/bycon-europe.com\/product\/bycon-abrasive-diamond-concrete-grinding-wheels\/#breadcrumb"},"inLanguage":"de","potentialAction":[{"@type":"ReadAction","target":["https:\/\/bycon-europe.com\/product\/bycon-abrasive-diamond-concrete-grinding-wheels\/"]}]},{"@type":"ImageObject","inLanguage":"de","@id":"https:\/\/bycon-europe.com\/product\/bycon-abrasive-diamond-concrete-grinding-wheels\/#primaryimage","url":"https:\/\/bycon-europe.com\/wp-content\/uploads\/2025\/04\/Diamond-Grinding-Wheels-Series.png","contentUrl":"https:\/\/bycon-europe.com\/wp-content\/uploads\/2025\/04\/Diamond-Grinding-Wheels-Series.png","width":700,"height":700},{"@type":"BreadcrumbList","@id":"https:\/\/bycon-europe.com\/product\/bycon-abrasive-diamond-concrete-grinding-wheels\/#breadcrumb","itemListElement":[{"@type":"ListItem","position":1,"name":"Home","item":"https:\/\/bycon-europe.com\/"},{"@type":"ListItem","position":2,"name":"Shop","item":"https:\/\/bycon-europe.com\/shop\/"},{"@type":"ListItem","position":3,"name":"BYCON Abrasive Diamond Concrete Grinding Wheels"}]},{"@type":"WebSite","@id":"https:\/\/bycon-europe.com\/#website","url":"https:\/\/bycon-europe.com\/","name":"BYCON Europe","description":"","publisher":{"@id":"https:\/\/bycon-europe.com\/#organization"},"potentialAction":[{"@type":"SearchAction","target":{"@type":"EntryPoint","urlTemplate":"https:\/\/bycon-europe.com\/?s={search_term_string}"},"query-input":{"@type":"PropertyValueSpecification","valueRequired":true,"valueName":"search_term_string"}}],"inLanguage":"de"},{"@type":"Organization","@id":"https:\/\/bycon-europe.com\/#organization","name":"BYCON Europe","url":"https:\/\/bycon-europe.com\/","logo":{"@type":"ImageObject","inLanguage":"de","@id":"https:\/\/bycon-europe.com\/#\/schema\/logo\/image\/","url":"https:\/\/bycon-europe.com\/wp-content\/uploads\/2025\/12\/logo-Bewerkt.png","contentUrl":"https:\/\/bycon-europe.com\/wp-content\/uploads\/2025\/12\/logo-Bewerkt.png","width":765,"height":200,"caption":"BYCON Europe"},"image":{"@id":"https:\/\/bycon-europe.com\/#\/schema\/logo\/image\/"}}]}},"_links":{"self":[{"href":"https:\/\/bycon-europe.com\/de\/wp-json\/wp\/v2\/product\/1090","targetHints":{"allow":["GET"]}}],"collection":[{"href":"https:\/\/bycon-europe.com\/de\/wp-json\/wp\/v2\/product"}],"about":[{"href":"https:\/\/bycon-europe.com\/de\/wp-json\/wp\/v2\/types\/product"}],"replies":[{"embeddable":true,"href":"https:\/\/bycon-europe.com\/de\/wp-json\/wp\/v2\/comments?post=1090"}],"wp:featuredmedia":[{"embeddable":true,"href":"https:\/\/bycon-europe.com\/de\/wp-json\/wp\/v2\/media\/1091"}],"wp:attachment":[{"href":"https:\/\/bycon-europe.com\/de\/wp-json\/wp\/v2\/media?parent=1090"}],"wp:term":[{"taxonomy":"product_brand","embeddable":true,"href":"https:\/\/bycon-europe.com\/de\/wp-json\/wp\/v2\/product_brand?post=1090"},{"taxonomy":"product_cat","embeddable":true,"href":"https:\/\/bycon-europe.com\/de\/wp-json\/wp\/v2\/product_cat?post=1090"},{"taxonomy":"product_tag","embeddable":true,"href":"https:\/\/bycon-europe.com\/de\/wp-json\/wp\/v2\/product_tag?post=1090"}],"curies":[{"name":"wp","href":"https:\/\/api.w.org\/{rel}","templated":true}]}}