{"id":1122,"date":"2025-04-11T06:53:05","date_gmt":"2025-04-11T06:53:05","guid":{"rendered":"https:\/\/bycon-europe.com\/?post_type=product&#038;p=1122"},"modified":"2025-04-11T07:59:54","modified_gmt":"2025-04-11T07:59:54","slug":"sds-plus-auf-bsp-adapter-fuer-kegelbohrer","status":"publish","type":"product","link":"https:\/\/bycon-europe.com\/de\/product\/sds-plus-to-bsp-adapter-for-taper-drill\/","title":{"rendered":"SDS Plus auf BSP Adapter f\u00fcr Kegelbohrer"},"content":{"rendered":"<h2 data-start=\"246\" data-end=\"628\">SDS Plus auf BSP Adapter f\u00fcr Kegelbohrer<\/h2>\n<p class=\"\" data-start=\"246\" data-end=\"628\">Mit diesem hochwertigen Adapter k\u00f6nnen Sie Kegelbohrer an Bohrh\u00e4mmer mit SDS Plus-, HEX- oder SDS Max-Sch\u00e4ften anschlie\u00dfen. Er wurde f\u00fcr Langlebigkeit und zuverl\u00e4ssige Leistung entwickelt und ist in verschiedenen Konfigurationen erh\u00e4ltlich, darunter 1\/2 BSP, 1\/4 UNC und M22. Es ist ideal f\u00fcr schwere Bohr- und Bauarbeiten und unterst\u00fctzt mehrere L\u00e4ngen von 88 mm bis 500 mm.<\/p>\n<p><strong>Wesentliche Merkmale:<\/strong><\/p>\n<ul>\n<li><strong>Universelle Kompatibilit\u00e4t:<\/strong> Funktioniert mit den Systemen SDS Plus, HEX und SDS Max<\/li>\n<li><strong>Konvertierung der Gewinde:<\/strong> Umr\u00fcstbar auf 1\/2\u2033 BSP, M22 oder 1-1\/4\u2033 UNC, je nach Modell<\/li>\n<li><strong>Flexible Gr\u00f6\u00dfenbestimmung:<\/strong> Erh\u00e4ltlich in L\u00e4ngen von 88 mm bis 500 mm<\/li>\n<li><strong>Ideal f\u00fcr Beton und Mauerwerk:<\/strong> Perfekt geeignet f\u00fcr Kegelbohrer in anspruchsvollen Anwendungen<\/li>\n<\/ul>\n<p><strong>Spezifikationen des Adapters<\/strong><\/p>\n<table>\n<thead>\n<tr>\n<th>Beschreibung<\/th>\n<th>Art Nummer<\/th>\n<th>L\u00e4nge (mm)<\/th>\n<\/tr>\n<\/thead>\n<tbody><!-- SDS Plus to 1\/2 BSP --><\/p>\n<tr>\n<td colspan=\"3\"><strong>SDS Plus auf 1\/2\u2033 BSP (M16\/5\/8-11\u2033) - f\u00fcr Kegelbohrer<\/strong><\/td>\n<\/tr>\n<tr>\n<td><\/td>\n<td>2610002<\/td>\n<td>100<\/td>\n<\/tr>\n<tr>\n<td><\/td>\n<td>2610004<\/td>\n<td>115<\/td>\n<\/tr>\n<tr>\n<td><\/td>\n<td>2610006<\/td>\n<td>120<\/td>\n<\/tr>\n<tr>\n<td><\/td>\n<td>2610008<\/td>\n<td>200<\/td>\n<\/tr>\n<tr>\n<td><\/td>\n<td>2610010<\/td>\n<td>240<\/td>\n<\/tr>\n<tr>\n<td><\/td>\n<td>2610012<\/td>\n<td>300<\/td>\n<\/tr>\n<tr>\n<td><\/td>\n<td>2610014<\/td>\n<td>400<\/td>\n<\/tr>\n<p><!-- HEX to 1\/2 BSP --><\/p>\n<tr>\n<td colspan=\"3\"><strong>HEX auf 1\/2\u2033 BSP (M16\/5\/8-11\u2033) - f\u00fcr Kegelbohrer<\/strong><\/td>\n<\/tr>\n<tr>\n<td><\/td>\n<td>2610102<\/td>\n<td>88<\/td>\n<\/tr>\n<tr>\n<td><\/td>\n<td>2610104<\/td>\n<td>100<\/td>\n<\/tr>\n<tr>\n<td><\/td>\n<td>2610106<\/td>\n<td>115<\/td>\n<\/tr>\n<tr>\n<td><\/td>\n<td>2610108<\/td>\n<td>120<\/td>\n<\/tr>\n<tr>\n<td><\/td>\n<td>2610110<\/td>\n<td>200<\/td>\n<\/tr>\n<tr>\n<td><\/td>\n<td>2610112<\/td>\n<td>240<\/td>\n<\/tr>\n<tr>\n<td><\/td>\n<td>2610114<\/td>\n<td>300<\/td>\n<\/tr>\n<tr>\n<td><\/td>\n<td>2610116<\/td>\n<td>400<\/td>\n<\/tr>\n<p><!-- SDS Max to 1-1\/4 UNC --><\/p>\n<tr>\n<td colspan=\"3\"><strong>SDS Max bis 1-1\/4\u2033 UNC<\/strong><\/td>\n<\/tr>\n<tr>\n<td><\/td>\n<td>2610202<\/td>\n<td>200<\/td>\n<\/tr>\n<tr>\n<td><\/td>\n<td>2610204<\/td>\n<td>240<\/td>\n<\/tr>\n<tr>\n<td><\/td>\n<td>2610206<\/td>\n<td>300<\/td>\n<\/tr>\n<tr>\n<td><\/td>\n<td>2610208<\/td>\n<td>400<\/td>\n<\/tr>\n<tr>\n<td><\/td>\n<td>2610210<\/td>\n<td>500<\/td>\n<\/tr>\n<p><!-- SDS Max to 1\/2 BSP --><\/p>\n<tr>\n<td colspan=\"3\"><strong>SDS Max auf 1\/2\u2033 BSP (M16\/5\/8-11\u2033) - f\u00fcr Kegelbohrer<\/strong><\/td>\n<\/tr>\n<tr>\n<td><\/td>\n<td>2610302<\/td>\n<td>200<\/td>\n<\/tr>\n<tr>\n<td><\/td>\n<td>2610304<\/td>\n<td>240<\/td>\n<\/tr>\n<tr>\n<td><\/td>\n<td>2610306<\/td>\n<td>300<\/td>\n<\/tr>\n<tr>\n<td><\/td>\n<td>2610308<\/td>\n<td>400<\/td>\n<\/tr>\n<p><!-- SDS Plus to M22 --><\/p>\n<tr>\n<td colspan=\"3\"><strong>SDS Plus bis M22 - f\u00fcr Kegelbohrer<\/strong><\/td>\n<\/tr>\n<tr>\n<td><\/td>\n<td>2610402<\/td>\n<td>100<\/td>\n<\/tr>\n<tr>\n<td><\/td>\n<td>2610404<\/td>\n<td>115<\/td>\n<\/tr>\n<tr>\n<td><\/td>\n<td>2610406<\/td>\n<td>120<\/td>\n<\/tr>\n<tr>\n<td><\/td>\n<td>2610408<\/td>\n<td>200<\/td>\n<\/tr>\n<tr>\n<td><\/td>\n<td>2610412<\/td>\n<td>300<\/td>\n<\/tr>\n<tr>\n<td><\/td>\n<td>2610414<\/td>\n<td>400<\/td>\n<\/tr>\n<p><!-- SDS Plus to 1\/2 BSP --><\/p>\n<tr>\n<td colspan=\"3\"><strong>SDS Plus auf 1\/2\u2033 BSP (M16\/5\/8-11\u2033) - f\u00fcr Kegelbohrer<\/strong><\/td>\n<\/tr>\n<tr>\n<td><\/td>\n<td>2610602<\/td>\n<td>100<\/td>\n<\/tr>\n<tr>\n<td><\/td>\n<td>2610604<\/td>\n<td>120<\/td>\n<\/tr>\n<tr>\n<td><\/td>\n<td>2610606<\/td>\n<td>200<\/td>\n<\/tr>\n<tr>\n<td><\/td>\n<td>2610608<\/td>\n<td>240<\/td>\n<\/tr>\n<tr>\n<td><\/td>\n<td>2610610<\/td>\n<td>300<\/td>\n<\/tr>\n<tr>\n<td><\/td>\n<td>2610612<\/td>\n<td>400<\/td>\n<\/tr>\n<\/tbody>\n<\/table>","protected":false},"excerpt":{"rendered":"<p>Vielseitiger Adapter f\u00fcr die Umr\u00fcstung von SDS Plus auf 1\/2 BSP (M16\/5\/8-11\u2033) Anschl\u00fcsse, ideal f\u00fcr die Verwendung mit Kegelbohrern.<\/p>","protected":false},"featured_media":1127,"comment_status":"open","ping_status":"closed","template":"","meta":[],"product_brand":[],"product_cat":[18,54,53],"product_tag":[],"class_list":{"0":"post-1122","1":"product","2":"type-product","3":"status-publish","4":"has-post-thumbnail","6":"product_cat-accessories","7":"product_cat-adaptor","8":"product_cat-tool-adaptation-compatibility","10":"first","11":"instock","12":"shipping-taxable","13":"product-type-simple"},"yoast_head":"<!-- This site is optimized with the Yoast SEO plugin v27.4 - https:\/\/yoast.com\/product\/yoast-seo-wordpress\/ -->\n<title>SDS Plus to BSP Adapter for Taper Drill - BYCON Europe<\/title>\n<meta name=\"robots\" content=\"index, follow, max-snippet:-1, max-image-preview:large, max-video-preview:-1\" \/>\n<link rel=\"canonical\" href=\"https:\/\/bycon-europe.com\/de\/produkt\/sds-plus-auf-bsp-adapter-fuer-kegelbohrer\/\" \/>\n<meta property=\"og:locale\" content=\"de_DE\" \/>\n<meta property=\"og:type\" content=\"article\" \/>\n<meta property=\"og:title\" content=\"SDS Plus to BSP Adapter for Taper Drill - BYCON Europe\" \/>\n<meta property=\"og:description\" content=\"Versatile adapter for converting SDS Plus to 1\/2 BSP (M16\/5\/8-11&quot;) connections, ideal for use with taper drill bits.\" \/>\n<meta property=\"og:url\" content=\"https:\/\/bycon-europe.com\/de\/produkt\/sds-plus-auf-bsp-adapter-fuer-kegelbohrer\/\" \/>\n<meta property=\"og:site_name\" content=\"BYCON Europe\" \/>\n<meta property=\"article:modified_time\" content=\"2025-04-11T07:59:54+00:00\" \/>\n<meta property=\"og:image\" content=\"https:\/\/bycon-europe.com\/wp-content\/uploads\/2025\/04\/Adapter.png\" \/>\n\t<meta property=\"og:image:width\" content=\"700\" \/>\n\t<meta property=\"og:image:height\" content=\"700\" \/>\n\t<meta property=\"og:image:type\" content=\"image\/png\" \/>\n<meta name=\"twitter:card\" content=\"summary_large_image\" \/>\n<meta name=\"twitter:label1\" content=\"Gesch\u00e4tzte Lesezeit\" \/>\n\t<meta name=\"twitter:data1\" content=\"2\u00a0Minuten\" \/>\n<script type=\"application\/ld+json\" class=\"yoast-schema-graph\">{\"@context\":\"https:\\\/\\\/schema.org\",\"@graph\":[{\"@type\":\"WebPage\",\"@id\":\"https:\\\/\\\/bycon-europe.com\\\/product\\\/sds-plus-to-bsp-adapter-for-taper-drill\\\/\",\"url\":\"https:\\\/\\\/bycon-europe.com\\\/product\\\/sds-plus-to-bsp-adapter-for-taper-drill\\\/\",\"name\":\"SDS Plus to BSP Adapter for Taper Drill - BYCON Europe\",\"isPartOf\":{\"@id\":\"https:\\\/\\\/bycon-europe.com\\\/#website\"},\"primaryImageOfPage\":{\"@id\":\"https:\\\/\\\/bycon-europe.com\\\/product\\\/sds-plus-to-bsp-adapter-for-taper-drill\\\/#primaryimage\"},\"image\":{\"@id\":\"https:\\\/\\\/bycon-europe.com\\\/product\\\/sds-plus-to-bsp-adapter-for-taper-drill\\\/#primaryimage\"},\"thumbnailUrl\":\"https:\\\/\\\/bycon-europe.com\\\/wp-content\\\/uploads\\\/2025\\\/04\\\/Adapter.png\",\"datePublished\":\"2025-04-11T06:53:05+00:00\",\"dateModified\":\"2025-04-11T07:59:54+00:00\",\"breadcrumb\":{\"@id\":\"https:\\\/\\\/bycon-europe.com\\\/product\\\/sds-plus-to-bsp-adapter-for-taper-drill\\\/#breadcrumb\"},\"inLanguage\":\"de\",\"potentialAction\":[{\"@type\":\"ReadAction\",\"target\":[\"https:\\\/\\\/bycon-europe.com\\\/product\\\/sds-plus-to-bsp-adapter-for-taper-drill\\\/\"]}]},{\"@type\":\"ImageObject\",\"inLanguage\":\"de\",\"@id\":\"https:\\\/\\\/bycon-europe.com\\\/product\\\/sds-plus-to-bsp-adapter-for-taper-drill\\\/#primaryimage\",\"url\":\"https:\\\/\\\/bycon-europe.com\\\/wp-content\\\/uploads\\\/2025\\\/04\\\/Adapter.png\",\"contentUrl\":\"https:\\\/\\\/bycon-europe.com\\\/wp-content\\\/uploads\\\/2025\\\/04\\\/Adapter.png\",\"width\":700,\"height\":700},{\"@type\":\"BreadcrumbList\",\"@id\":\"https:\\\/\\\/bycon-europe.com\\\/product\\\/sds-plus-to-bsp-adapter-for-taper-drill\\\/#breadcrumb\",\"itemListElement\":[{\"@type\":\"ListItem\",\"position\":1,\"name\":\"Home\",\"item\":\"https:\\\/\\\/bycon-europe.com\\\/\"},{\"@type\":\"ListItem\",\"position\":2,\"name\":\"Shop\",\"item\":\"https:\\\/\\\/bycon-europe.com\\\/shop\\\/\"},{\"@type\":\"ListItem\",\"position\":3,\"name\":\"SDS Plus to BSP Adapter for Taper Drill\"}]},{\"@type\":\"WebSite\",\"@id\":\"https:\\\/\\\/bycon-europe.com\\\/#website\",\"url\":\"https:\\\/\\\/bycon-europe.com\\\/\",\"name\":\"BYCON Europe\",\"description\":\"\",\"publisher\":{\"@id\":\"https:\\\/\\\/bycon-europe.com\\\/#organization\"},\"potentialAction\":[{\"@type\":\"SearchAction\",\"target\":{\"@type\":\"EntryPoint\",\"urlTemplate\":\"https:\\\/\\\/bycon-europe.com\\\/?s={search_term_string}\"},\"query-input\":{\"@type\":\"PropertyValueSpecification\",\"valueRequired\":true,\"valueName\":\"search_term_string\"}}],\"inLanguage\":\"de\"},{\"@type\":\"Organization\",\"@id\":\"https:\\\/\\\/bycon-europe.com\\\/#organization\",\"name\":\"BYCON Europe\",\"url\":\"https:\\\/\\\/bycon-europe.com\\\/\",\"logo\":{\"@type\":\"ImageObject\",\"inLanguage\":\"de\",\"@id\":\"https:\\\/\\\/bycon-europe.com\\\/#\\\/schema\\\/logo\\\/image\\\/\",\"url\":\"https:\\\/\\\/bycon-europe.com\\\/wp-content\\\/uploads\\\/2025\\\/12\\\/logo-Bewerkt.png\",\"contentUrl\":\"https:\\\/\\\/bycon-europe.com\\\/wp-content\\\/uploads\\\/2025\\\/12\\\/logo-Bewerkt.png\",\"width\":765,\"height\":200,\"caption\":\"BYCON Europe\"},\"image\":{\"@id\":\"https:\\\/\\\/bycon-europe.com\\\/#\\\/schema\\\/logo\\\/image\\\/\"}}]}<\/script>\n<!-- \/ Yoast SEO plugin. -->","yoast_head_json":{"title":"SDS Plus auf BSP Adapter f\u00fcr Kegelbohrer - BYCON Europe","robots":{"index":"index","follow":"follow","max-snippet":"max-snippet:-1","max-image-preview":"max-image-preview:large","max-video-preview":"max-video-preview:-1"},"canonical":"https:\/\/bycon-europe.com\/de\/produkt\/sds-plus-auf-bsp-adapter-fuer-kegelbohrer\/","og_locale":"de_DE","og_type":"article","og_title":"SDS Plus to BSP Adapter for Taper Drill - BYCON Europe","og_description":"Versatile adapter for converting SDS Plus to 1\/2 BSP (M16\/5\/8-11\") connections, ideal for use with taper drill bits.","og_url":"https:\/\/bycon-europe.com\/de\/produkt\/sds-plus-auf-bsp-adapter-fuer-kegelbohrer\/","og_site_name":"BYCON Europe","article_modified_time":"2025-04-11T07:59:54+00:00","og_image":[{"width":700,"height":700,"url":"https:\/\/bycon-europe.com\/wp-content\/uploads\/2025\/04\/Adapter.png","type":"image\/png"}],"twitter_card":"summary_large_image","twitter_misc":{"Gesch\u00e4tzte Lesezeit":"2\u00a0Minuten"},"schema":{"@context":"https:\/\/schema.org","@graph":[{"@type":"WebPage","@id":"https:\/\/bycon-europe.com\/product\/sds-plus-to-bsp-adapter-for-taper-drill\/","url":"https:\/\/bycon-europe.com\/product\/sds-plus-to-bsp-adapter-for-taper-drill\/","name":"SDS Plus auf BSP Adapter f\u00fcr Kegelbohrer - BYCON Europe","isPartOf":{"@id":"https:\/\/bycon-europe.com\/#website"},"primaryImageOfPage":{"@id":"https:\/\/bycon-europe.com\/product\/sds-plus-to-bsp-adapter-for-taper-drill\/#primaryimage"},"image":{"@id":"https:\/\/bycon-europe.com\/product\/sds-plus-to-bsp-adapter-for-taper-drill\/#primaryimage"},"thumbnailUrl":"https:\/\/bycon-europe.com\/wp-content\/uploads\/2025\/04\/Adapter.png","datePublished":"2025-04-11T06:53:05+00:00","dateModified":"2025-04-11T07:59:54+00:00","breadcrumb":{"@id":"https:\/\/bycon-europe.com\/product\/sds-plus-to-bsp-adapter-for-taper-drill\/#breadcrumb"},"inLanguage":"de","potentialAction":[{"@type":"ReadAction","target":["https:\/\/bycon-europe.com\/product\/sds-plus-to-bsp-adapter-for-taper-drill\/"]}]},{"@type":"ImageObject","inLanguage":"de","@id":"https:\/\/bycon-europe.com\/product\/sds-plus-to-bsp-adapter-for-taper-drill\/#primaryimage","url":"https:\/\/bycon-europe.com\/wp-content\/uploads\/2025\/04\/Adapter.png","contentUrl":"https:\/\/bycon-europe.com\/wp-content\/uploads\/2025\/04\/Adapter.png","width":700,"height":700},{"@type":"BreadcrumbList","@id":"https:\/\/bycon-europe.com\/product\/sds-plus-to-bsp-adapter-for-taper-drill\/#breadcrumb","itemListElement":[{"@type":"ListItem","position":1,"name":"Home","item":"https:\/\/bycon-europe.com\/"},{"@type":"ListItem","position":2,"name":"Shop","item":"https:\/\/bycon-europe.com\/shop\/"},{"@type":"ListItem","position":3,"name":"SDS Plus to BSP Adapter for Taper Drill"}]},{"@type":"WebSite","@id":"https:\/\/bycon-europe.com\/#website","url":"https:\/\/bycon-europe.com\/","name":"BYCON Europe","description":"","publisher":{"@id":"https:\/\/bycon-europe.com\/#organization"},"potentialAction":[{"@type":"SearchAction","target":{"@type":"EntryPoint","urlTemplate":"https:\/\/bycon-europe.com\/?s={search_term_string}"},"query-input":{"@type":"PropertyValueSpecification","valueRequired":true,"valueName":"search_term_string"}}],"inLanguage":"de"},{"@type":"Organization","@id":"https:\/\/bycon-europe.com\/#organization","name":"BYCON Europe","url":"https:\/\/bycon-europe.com\/","logo":{"@type":"ImageObject","inLanguage":"de","@id":"https:\/\/bycon-europe.com\/#\/schema\/logo\/image\/","url":"https:\/\/bycon-europe.com\/wp-content\/uploads\/2025\/12\/logo-Bewerkt.png","contentUrl":"https:\/\/bycon-europe.com\/wp-content\/uploads\/2025\/12\/logo-Bewerkt.png","width":765,"height":200,"caption":"BYCON Europe"},"image":{"@id":"https:\/\/bycon-europe.com\/#\/schema\/logo\/image\/"}}]}},"_links":{"self":[{"href":"https:\/\/bycon-europe.com\/de\/wp-json\/wp\/v2\/product\/1122","targetHints":{"allow":["GET"]}}],"collection":[{"href":"https:\/\/bycon-europe.com\/de\/wp-json\/wp\/v2\/product"}],"about":[{"href":"https:\/\/bycon-europe.com\/de\/wp-json\/wp\/v2\/types\/product"}],"replies":[{"embeddable":true,"href":"https:\/\/bycon-europe.com\/de\/wp-json\/wp\/v2\/comments?post=1122"}],"wp:featuredmedia":[{"embeddable":true,"href":"https:\/\/bycon-europe.com\/de\/wp-json\/wp\/v2\/media\/1127"}],"wp:attachment":[{"href":"https:\/\/bycon-europe.com\/de\/wp-json\/wp\/v2\/media?parent=1122"}],"wp:term":[{"taxonomy":"product_brand","embeddable":true,"href":"https:\/\/bycon-europe.com\/de\/wp-json\/wp\/v2\/product_brand?post=1122"},{"taxonomy":"product_cat","embeddable":true,"href":"https:\/\/bycon-europe.com\/de\/wp-json\/wp\/v2\/product_cat?post=1122"},{"taxonomy":"product_tag","embeddable":true,"href":"https:\/\/bycon-europe.com\/de\/wp-json\/wp\/v2\/product_tag?post=1122"}],"curies":[{"name":"wp","href":"https:\/\/api.w.org\/{rel}","templated":true}]}}