{"id":1208,"date":"2025-05-08T07:25:37","date_gmt":"2025-05-08T07:25:37","guid":{"rendered":"https:\/\/bycon-europe.com\/?post_type=product&#038;p=1208"},"modified":"2025-05-08T07:43:57","modified_gmt":"2025-05-08T07:43:57","slug":"bycon-rsp-430-buerstenloser-ringsaege","status":"publish","type":"product","link":"https:\/\/bycon-europe.com\/de\/product\/bycon-brushless-ring-saw-rsp-430\/","title":{"rendered":"BYCON B\u00fcrstenlose Ring-S\u00e4ge RSP-430"},"content":{"rendered":"<article class=\"text-token-text-primary w-full\" dir=\"auto\" data-testid=\"conversation-turn-340\" data-scroll-anchor=\"true\">\n<div class=\"text-base my-auto mx-auto py-5 [--thread-content-margin:--spacing(4)] @[37rem]:[--thread-content-margin:--spacing(6)] @[72rem]:[--thread-content-margin:--spacing(16)] px-(--thread-content-margin)\">\n<div class=\"[--thread-content-max-width:32rem] @[34rem]:[--thread-content-max-width:40rem] @[64rem]:[--thread-content-max-width:48rem] mx-auto flex max-w-(--thread-content-max-width) flex-1 text-base gap-4 md:gap-5 lg:gap-6 group\/turn-messages focus-visible:outline-hidden\" tabindex=\"-1\">\n<div class=\"group\/conversation-turn relative flex w-full min-w-0 flex-col agent-turn\">\n<div class=\"relative flex-col gap-1 md:gap-3\">\n<div class=\"flex max-w-full flex-col grow\">\n<div class=\"min-h-8 text-message relative flex w-full flex-col items-end gap-2 text-start break-words whitespace-normal [.text-message+&amp;]:mt-5\" dir=\"auto\" data-message-author-role=\"assistant\" data-message-id=\"dfa76bc5-18fc-434a-8d30-016e6158cdbb\" data-message-model-slug=\"gpt-4o\">\n<div class=\"flex w-full flex-col gap-1 empty:hidden first:pt-[3px]\">\n<div class=\"markdown prose dark:prose-invert w-full break-words light\">\n<h3 data-start=\"0\" data-end=\"60\"><strong data-start=\"0\" data-end=\"60\" data-is-last-node=\"\" data-is-only-node=\"\">Powerful Wet-Cutting Ring Saw for Demanding Applications<\/strong><\/h3>\n<\/div>\n<\/div>\n<\/div>\n<\/div>\n<\/div>\n<\/div>\n<\/div>\n<\/div>\n<\/article>\n<p class=\"\" data-start=\"219\" data-end=\"768\">The RSP-430 is a premium brushless ring saw delivering 3300W of cutting power, supporting a cutting depth of up to 300mm. This tool is designed for professional applications and features an integrated display for diagnostics, wet operation capability, and an LED indicator for overheating and overloading. The tool-free blade guard adjustment, splash guard, and guide roller design ensure safe, stable, and efficient cutting performance. The 90\u00b0 rotating handle offers versatility for vertical and horizontal applications.<\/p>\n<hr class=\"\" data-start=\"770\" data-end=\"773\" \/>\n<p class=\"\" data-start=\"775\" data-end=\"792\"><strong data-start=\"775\" data-end=\"792\">Key Features:<\/strong><\/p>\n<ul data-start=\"793\" data-end=\"1067\">\n<li class=\"\" data-start=\"793\" data-end=\"818\">\n<p class=\"\" data-start=\"795\" data-end=\"818\">3300W brushless motor<\/p>\n<\/li>\n<li class=\"\" data-start=\"819\" data-end=\"836\">\n<p class=\"\" data-start=\"821\" data-end=\"836\">Wet operation<\/p>\n<\/li>\n<li class=\"\" data-start=\"837\" data-end=\"864\">\n<p class=\"\" data-start=\"839\" data-end=\"864\">300mm max cutting depth<\/p>\n<\/li>\n<li class=\"\" data-start=\"865\" data-end=\"901\">\n<p class=\"\" data-start=\"867\" data-end=\"901\">Tool-free blade guard adjustment<\/p>\n<\/li>\n<li class=\"\" data-start=\"902\" data-end=\"928\">\n<p class=\"\" data-start=\"904\" data-end=\"928\">LED overload indicator<\/p>\n<\/li>\n<li class=\"\" data-start=\"929\" data-end=\"964\">\n<p class=\"\" data-start=\"931\" data-end=\"964\">Display screen for machine data<\/p>\n<\/li>\n<li class=\"\" data-start=\"965\" data-end=\"998\">\n<p class=\"\" data-start=\"967\" data-end=\"998\">Ergonomic 90\u00b0 rotating handle<\/p>\n<\/li>\n<li class=\"\" data-start=\"999\" data-end=\"1067\">\n<p class=\"\" data-start=\"1001\" data-end=\"1067\">Guide roller and splash guard for optimal safety and performance<\/p>\n<\/li>\n<\/ul>\n","protected":false},"excerpt":{"rendered":"<p>Leistungsstarke 3300W b\u00fcrstenlose Rings\u00e4ge mit 300mm Schnitttiefe. Ausgestattet mit einem Display, LED-\u00dcberlastungsanzeige und f\u00fcr den Nassbetrieb konzipiert.<\/p>","protected":false},"featured_media":1209,"comment_status":"open","ping_status":"closed","template":"","meta":[],"product_brand":[],"product_cat":[15,16,71,70],"product_tag":[],"class_list":{"0":"post-1208","1":"product","2":"type-product","3":"status-publish","4":"has-post-thumbnail","6":"product_cat-all-machines","7":"product_cat-construction-machines","8":"product_cat-ring-saw","9":"product_cat-sawing-series","11":"first","12":"instock","13":"shipping-taxable","14":"product-type-simple"},"yoast_head":"<!-- This site is optimized with the Yoast SEO plugin v27.4 - https:\/\/yoast.com\/product\/yoast-seo-wordpress\/ -->\n<title>BYCON Brushless Ring Saw RSP-430 - BYCON Europe<\/title>\n<meta name=\"robots\" content=\"index, follow, max-snippet:-1, max-image-preview:large, max-video-preview:-1\" \/>\n<link rel=\"canonical\" href=\"https:\/\/bycon-europe.com\/de\/produkt\/bycon-rsp-430-buerstenloser-ringsaege\/\" \/>\n<meta property=\"og:locale\" content=\"de_DE\" \/>\n<meta property=\"og:type\" content=\"article\" \/>\n<meta property=\"og:title\" content=\"BYCON Brushless Ring Saw RSP-430 - BYCON Europe\" \/>\n<meta property=\"og:description\" content=\"High-performance 3300W brushless ring saw with 300mm cutting depth. Equipped with a display screen, LED overload indicator, and designed for wet operation.\" \/>\n<meta property=\"og:url\" content=\"https:\/\/bycon-europe.com\/de\/produkt\/bycon-rsp-430-buerstenloser-ringsaege\/\" \/>\n<meta property=\"og:site_name\" content=\"BYCON Europe\" \/>\n<meta property=\"article:modified_time\" content=\"2025-05-08T07:43:57+00:00\" \/>\n<meta property=\"og:image\" content=\"https:\/\/bycon-europe.com\/wp-content\/uploads\/2025\/05\/RSP-430.png\" \/>\n\t<meta property=\"og:image:width\" content=\"700\" \/>\n\t<meta property=\"og:image:height\" content=\"700\" \/>\n\t<meta property=\"og:image:type\" content=\"image\/png\" \/>\n<meta name=\"twitter:card\" content=\"summary_large_image\" \/>\n<meta name=\"twitter:label1\" content=\"Gesch\u00e4tzte Lesezeit\" \/>\n\t<meta name=\"twitter:data1\" content=\"1\u00a0Minute\" \/>\n<script type=\"application\/ld+json\" class=\"yoast-schema-graph\">{\"@context\":\"https:\\\/\\\/schema.org\",\"@graph\":[{\"@type\":\"WebPage\",\"@id\":\"https:\\\/\\\/bycon-europe.com\\\/product\\\/bycon-brushless-ring-saw-rsp-430\\\/\",\"url\":\"https:\\\/\\\/bycon-europe.com\\\/product\\\/bycon-brushless-ring-saw-rsp-430\\\/\",\"name\":\"BYCON Brushless Ring Saw RSP-430 - BYCON Europe\",\"isPartOf\":{\"@id\":\"https:\\\/\\\/bycon-europe.com\\\/#website\"},\"primaryImageOfPage\":{\"@id\":\"https:\\\/\\\/bycon-europe.com\\\/product\\\/bycon-brushless-ring-saw-rsp-430\\\/#primaryimage\"},\"image\":{\"@id\":\"https:\\\/\\\/bycon-europe.com\\\/product\\\/bycon-brushless-ring-saw-rsp-430\\\/#primaryimage\"},\"thumbnailUrl\":\"https:\\\/\\\/bycon-europe.com\\\/wp-content\\\/uploads\\\/2025\\\/05\\\/RSP-430.png\",\"datePublished\":\"2025-05-08T07:25:37+00:00\",\"dateModified\":\"2025-05-08T07:43:57+00:00\",\"breadcrumb\":{\"@id\":\"https:\\\/\\\/bycon-europe.com\\\/product\\\/bycon-brushless-ring-saw-rsp-430\\\/#breadcrumb\"},\"inLanguage\":\"de\",\"potentialAction\":[{\"@type\":\"ReadAction\",\"target\":[\"https:\\\/\\\/bycon-europe.com\\\/product\\\/bycon-brushless-ring-saw-rsp-430\\\/\"]}]},{\"@type\":\"ImageObject\",\"inLanguage\":\"de\",\"@id\":\"https:\\\/\\\/bycon-europe.com\\\/product\\\/bycon-brushless-ring-saw-rsp-430\\\/#primaryimage\",\"url\":\"https:\\\/\\\/bycon-europe.com\\\/wp-content\\\/uploads\\\/2025\\\/05\\\/RSP-430.png\",\"contentUrl\":\"https:\\\/\\\/bycon-europe.com\\\/wp-content\\\/uploads\\\/2025\\\/05\\\/RSP-430.png\",\"width\":700,\"height\":700,\"caption\":\"BYCON Brushless Ring Saw RSP-430\"},{\"@type\":\"BreadcrumbList\",\"@id\":\"https:\\\/\\\/bycon-europe.com\\\/product\\\/bycon-brushless-ring-saw-rsp-430\\\/#breadcrumb\",\"itemListElement\":[{\"@type\":\"ListItem\",\"position\":1,\"name\":\"Home\",\"item\":\"https:\\\/\\\/bycon-europe.com\\\/\"},{\"@type\":\"ListItem\",\"position\":2,\"name\":\"Shop\",\"item\":\"https:\\\/\\\/bycon-europe.com\\\/shop\\\/\"},{\"@type\":\"ListItem\",\"position\":3,\"name\":\"BYCON Brushless Ring Saw RSP-430\"}]},{\"@type\":\"WebSite\",\"@id\":\"https:\\\/\\\/bycon-europe.com\\\/#website\",\"url\":\"https:\\\/\\\/bycon-europe.com\\\/\",\"name\":\"BYCON Europe\",\"description\":\"\",\"publisher\":{\"@id\":\"https:\\\/\\\/bycon-europe.com\\\/#organization\"},\"potentialAction\":[{\"@type\":\"SearchAction\",\"target\":{\"@type\":\"EntryPoint\",\"urlTemplate\":\"https:\\\/\\\/bycon-europe.com\\\/?s={search_term_string}\"},\"query-input\":{\"@type\":\"PropertyValueSpecification\",\"valueRequired\":true,\"valueName\":\"search_term_string\"}}],\"inLanguage\":\"de\"},{\"@type\":\"Organization\",\"@id\":\"https:\\\/\\\/bycon-europe.com\\\/#organization\",\"name\":\"BYCON Europe\",\"url\":\"https:\\\/\\\/bycon-europe.com\\\/\",\"logo\":{\"@type\":\"ImageObject\",\"inLanguage\":\"de\",\"@id\":\"https:\\\/\\\/bycon-europe.com\\\/#\\\/schema\\\/logo\\\/image\\\/\",\"url\":\"https:\\\/\\\/bycon-europe.com\\\/wp-content\\\/uploads\\\/2025\\\/12\\\/logo-Bewerkt.png\",\"contentUrl\":\"https:\\\/\\\/bycon-europe.com\\\/wp-content\\\/uploads\\\/2025\\\/12\\\/logo-Bewerkt.png\",\"width\":765,\"height\":200,\"caption\":\"BYCON Europe\"},\"image\":{\"@id\":\"https:\\\/\\\/bycon-europe.com\\\/#\\\/schema\\\/logo\\\/image\\\/\"}}]}<\/script>\n<!-- \/ Yoast SEO plugin. -->","yoast_head_json":{"title":"BYCON B\u00fcrstenlose Ring-S\u00e4ge RSP-430 - BYCON Europe","robots":{"index":"index","follow":"follow","max-snippet":"max-snippet:-1","max-image-preview":"max-image-preview:large","max-video-preview":"max-video-preview:-1"},"canonical":"https:\/\/bycon-europe.com\/de\/produkt\/bycon-rsp-430-buerstenloser-ringsaege\/","og_locale":"de_DE","og_type":"article","og_title":"BYCON Brushless Ring Saw RSP-430 - BYCON Europe","og_description":"High-performance 3300W brushless ring saw with 300mm cutting depth. Equipped with a display screen, LED overload indicator, and designed for wet operation.","og_url":"https:\/\/bycon-europe.com\/de\/produkt\/bycon-rsp-430-buerstenloser-ringsaege\/","og_site_name":"BYCON Europe","article_modified_time":"2025-05-08T07:43:57+00:00","og_image":[{"width":700,"height":700,"url":"https:\/\/bycon-europe.com\/wp-content\/uploads\/2025\/05\/RSP-430.png","type":"image\/png"}],"twitter_card":"summary_large_image","twitter_misc":{"Gesch\u00e4tzte Lesezeit":"1\u00a0Minute"},"schema":{"@context":"https:\/\/schema.org","@graph":[{"@type":"WebPage","@id":"https:\/\/bycon-europe.com\/product\/bycon-brushless-ring-saw-rsp-430\/","url":"https:\/\/bycon-europe.com\/product\/bycon-brushless-ring-saw-rsp-430\/","name":"BYCON B\u00fcrstenlose Ring-S\u00e4ge RSP-430 - BYCON Europe","isPartOf":{"@id":"https:\/\/bycon-europe.com\/#website"},"primaryImageOfPage":{"@id":"https:\/\/bycon-europe.com\/product\/bycon-brushless-ring-saw-rsp-430\/#primaryimage"},"image":{"@id":"https:\/\/bycon-europe.com\/product\/bycon-brushless-ring-saw-rsp-430\/#primaryimage"},"thumbnailUrl":"https:\/\/bycon-europe.com\/wp-content\/uploads\/2025\/05\/RSP-430.png","datePublished":"2025-05-08T07:25:37+00:00","dateModified":"2025-05-08T07:43:57+00:00","breadcrumb":{"@id":"https:\/\/bycon-europe.com\/product\/bycon-brushless-ring-saw-rsp-430\/#breadcrumb"},"inLanguage":"de","potentialAction":[{"@type":"ReadAction","target":["https:\/\/bycon-europe.com\/product\/bycon-brushless-ring-saw-rsp-430\/"]}]},{"@type":"ImageObject","inLanguage":"de","@id":"https:\/\/bycon-europe.com\/product\/bycon-brushless-ring-saw-rsp-430\/#primaryimage","url":"https:\/\/bycon-europe.com\/wp-content\/uploads\/2025\/05\/RSP-430.png","contentUrl":"https:\/\/bycon-europe.com\/wp-content\/uploads\/2025\/05\/RSP-430.png","width":700,"height":700,"caption":"BYCON Brushless Ring Saw RSP-430"},{"@type":"BreadcrumbList","@id":"https:\/\/bycon-europe.com\/product\/bycon-brushless-ring-saw-rsp-430\/#breadcrumb","itemListElement":[{"@type":"ListItem","position":1,"name":"Home","item":"https:\/\/bycon-europe.com\/"},{"@type":"ListItem","position":2,"name":"Shop","item":"https:\/\/bycon-europe.com\/shop\/"},{"@type":"ListItem","position":3,"name":"BYCON Brushless Ring Saw RSP-430"}]},{"@type":"WebSite","@id":"https:\/\/bycon-europe.com\/#website","url":"https:\/\/bycon-europe.com\/","name":"BYCON Europe","description":"","publisher":{"@id":"https:\/\/bycon-europe.com\/#organization"},"potentialAction":[{"@type":"SearchAction","target":{"@type":"EntryPoint","urlTemplate":"https:\/\/bycon-europe.com\/?s={search_term_string}"},"query-input":{"@type":"PropertyValueSpecification","valueRequired":true,"valueName":"search_term_string"}}],"inLanguage":"de"},{"@type":"Organization","@id":"https:\/\/bycon-europe.com\/#organization","name":"BYCON Europe","url":"https:\/\/bycon-europe.com\/","logo":{"@type":"ImageObject","inLanguage":"de","@id":"https:\/\/bycon-europe.com\/#\/schema\/logo\/image\/","url":"https:\/\/bycon-europe.com\/wp-content\/uploads\/2025\/12\/logo-Bewerkt.png","contentUrl":"https:\/\/bycon-europe.com\/wp-content\/uploads\/2025\/12\/logo-Bewerkt.png","width":765,"height":200,"caption":"BYCON Europe"},"image":{"@id":"https:\/\/bycon-europe.com\/#\/schema\/logo\/image\/"}}]}},"_links":{"self":[{"href":"https:\/\/bycon-europe.com\/de\/wp-json\/wp\/v2\/product\/1208","targetHints":{"allow":["GET"]}}],"collection":[{"href":"https:\/\/bycon-europe.com\/de\/wp-json\/wp\/v2\/product"}],"about":[{"href":"https:\/\/bycon-europe.com\/de\/wp-json\/wp\/v2\/types\/product"}],"replies":[{"embeddable":true,"href":"https:\/\/bycon-europe.com\/de\/wp-json\/wp\/v2\/comments?post=1208"}],"wp:featuredmedia":[{"embeddable":true,"href":"https:\/\/bycon-europe.com\/de\/wp-json\/wp\/v2\/media\/1209"}],"wp:attachment":[{"href":"https:\/\/bycon-europe.com\/de\/wp-json\/wp\/v2\/media?parent=1208"}],"wp:term":[{"taxonomy":"product_brand","embeddable":true,"href":"https:\/\/bycon-europe.com\/de\/wp-json\/wp\/v2\/product_brand?post=1208"},{"taxonomy":"product_cat","embeddable":true,"href":"https:\/\/bycon-europe.com\/de\/wp-json\/wp\/v2\/product_cat?post=1208"},{"taxonomy":"product_tag","embeddable":true,"href":"https:\/\/bycon-europe.com\/de\/wp-json\/wp\/v2\/product_tag?post=1208"}],"curies":[{"name":"wp","href":"https:\/\/api.w.org\/{rel}","templated":true}]}}