{"id":443,"date":"2025-01-17T12:45:47","date_gmt":"2025-01-17T12:45:47","guid":{"rendered":"https:\/\/bycon-europe.com\/?post_type=product&#038;p=443"},"modified":"2025-04-03T06:47:43","modified_gmt":"2025-04-03T06:47:43","slug":"bycon-dpd-100n-benzin-pfostentreiber-fuer-zeltbefestigung","status":"publish","type":"product","link":"https:\/\/bycon-europe.com\/de\/product\/bycon-dpd-100n-professional-petrol-post-driver-60mm-ideal-for-festival-tents\/","title":{"rendered":"BYCON DPD-100N Professioneller Benzin-Pfostentreiber 60mm"},"content":{"rendered":"<h2 data-pm-slice=\"1 3 []\"><strong>Leistungsstarker Benzinpfostentreiber f\u00fcr vielseitige Anwendungen<\/strong><\/h2>\n<p data-pm-slice=\"1 3 []\">Der BYCON DPD-100N Petrol Post Driver 60mm ist das ultimative Werkzeug f\u00fcr den Aufbau von Festzelten, Z\u00e4unen, Landwirtschaft, Weinbergen, Landschaftsbau und Baupfosten. Seine hohe Arbeitsgeschwindigkeit und starke Schlagkraft machen das Eintreiben von Pf\u00e4hlen und Pfosten schneller und einfacher.<\/p>\n<ul data-spread=\"false\">\n<li><strong>Energieeffizient und niedriger Kraftstoffverbrauch:<\/strong> Verwendet Euro 98 Benzin f\u00fcr kosteng\u00fcnstige Leistung<\/li>\n<li><strong>Kompatibel mit verschiedenen Pfosten:<\/strong> Geeignet f\u00fcr Holz- und Metallpf\u00e4hle bis zu einem Durchmesser von 60 mm<\/li>\n<li><strong>Optimiert f\u00fcr Komfort:<\/strong> Ergonomische Anti-Vibrations-Griffe f\u00fcr verbesserte Benutzerfreundlichkeit<\/li>\n<li><strong>Ausgewogene Leistung und Gewicht:<\/strong> Getriebe aus Aluminiumguss f\u00fcr ein ideales Verh\u00e4ltnis zwischen Leistung und Gewicht<\/li>\n<\/ul>\n<p data-pm-slice=\"1 1 []\">\ud83d\udccc <strong>Anmerkung:<\/strong> Achten Sie darauf, dass das Motor\u00f6l vor dem Gebrauch nachgef\u00fcllt wird, um eine optimale Motorleistung zu gew\u00e4hrleisten.<\/p>\n<p><strong>Was ist inbegriffen?<\/strong><\/p>\n<ul data-spread=\"false\">\n<li>BYCON DPD-100N Professioneller Benzin-Pfostentreiber - Ideal f\u00fcr Festivalzelte<\/li>\n<li>Schwerlastkoffer BMC mit Transportr\u00e4dern<\/li>\n<li>Verschiedenes Zubeh\u00f6r<\/li>\n<\/ul>\n<p>&nbsp;<\/p>","protected":false},"excerpt":{"rendered":"<ul data-spread=\"false\" data-pm-slice=\"3 3 []\">\n<li><strong>Hoher Wirkungsgrad:<\/strong> Schnelle und leistungsstarke Leistung f\u00fcr schnelles und m\u00fcheloses Nachfahren<\/li>\n<li><strong>Langlebig und zuverl\u00e4ssig:<\/strong> Hochbelastbares Getriebe und robuste Motoraufh\u00e4ngung garantieren Langlebigkeit<\/li>\n<li><strong>Bequem zu benutzen:<\/strong> 4fach ged\u00e4mpfte Griffe reduzieren Vibrationen f\u00fcr sicheres und pr\u00e4zises Arbeiten<\/li>\n<li><strong>Tragbar und leicht:<\/strong> Wird in einem BMC-Transportkoffer mit R\u00e4dern geliefert und wiegt nur 18,5 kg<\/li>\n<\/ul>","protected":false},"featured_media":450,"comment_status":"open","ping_status":"closed","template":"","meta":[],"product_brand":[],"product_cat":[15,29,27,28],"product_tag":[],"class_list":{"0":"post-443","1":"product","2":"type-product","3":"status-publish","4":"has-post-thumbnail","6":"product_cat-all-machines","7":"product_cat-petrol-post-driver","8":"product_cat-petrol-tools","9":"product_cat-post-driving-breaking","11":"first","12":"instock","13":"shipping-taxable","14":"product-type-simple"},"yoast_head":"<!-- This site is optimized with the Yoast SEO plugin v27.4 - https:\/\/yoast.com\/product\/yoast-seo-wordpress\/ -->\n<title>BYCON DPD-100N Professional Petrol Post Driver 60mm - BYCON Europe<\/title>\n<meta name=\"robots\" content=\"index, follow, max-snippet:-1, max-image-preview:large, max-video-preview:-1\" \/>\n<link rel=\"canonical\" href=\"https:\/\/bycon-europe.com\/de\/produkt\/bycon-dpd-100n-benzin-pfostentreiber-fuer-zeltbefestigung\/\" \/>\n<meta property=\"og:locale\" content=\"de_DE\" \/>\n<meta property=\"og:type\" content=\"article\" \/>\n<meta property=\"og:title\" content=\"BYCON DPD-100N Professional Petrol Post Driver 60mm - BYCON Europe\" \/>\n<meta property=\"og:description\" content=\"High Efficiency: Fast and powerful performance for quick and effortless post driving  Durable &amp; Reliable: Heavy-duty gearbox and robust engine mount ensure longevity  Comfortable to Use: 4-way dampened handles reduce vibration for safer and more precise operation  Portable &amp; Lightweight: Comes in a BMC transport case with wheels, weighing only 18.5 kg\" \/>\n<meta property=\"og:url\" content=\"https:\/\/bycon-europe.com\/de\/produkt\/bycon-dpd-100n-benzin-pfostentreiber-fuer-zeltbefestigung\/\" \/>\n<meta property=\"og:site_name\" content=\"BYCON Europe\" \/>\n<meta property=\"article:modified_time\" content=\"2025-04-03T06:47:43+00:00\" \/>\n<meta property=\"og:image\" content=\"https:\/\/bycon-europe.com\/wp-content\/uploads\/2025\/01\/DPD100N-palenraamer-2.webp\" \/>\n\t<meta property=\"og:image:width\" content=\"700\" \/>\n\t<meta property=\"og:image:height\" content=\"700\" \/>\n\t<meta property=\"og:image:type\" content=\"image\/webp\" \/>\n<meta name=\"twitter:card\" content=\"summary_large_image\" \/>\n<meta name=\"twitter:label1\" content=\"Gesch\u00e4tzte Lesezeit\" \/>\n\t<meta name=\"twitter:data1\" content=\"1\u00a0Minute\" \/>\n<script type=\"application\/ld+json\" class=\"yoast-schema-graph\">{\"@context\":\"https:\\\/\\\/schema.org\",\"@graph\":[{\"@type\":\"WebPage\",\"@id\":\"https:\\\/\\\/bycon-europe.com\\\/product\\\/bycon-dpd-100n-professional-petrol-post-driver-60mm-ideal-for-festival-tents\\\/\",\"url\":\"https:\\\/\\\/bycon-europe.com\\\/product\\\/bycon-dpd-100n-professional-petrol-post-driver-60mm-ideal-for-festival-tents\\\/\",\"name\":\"BYCON DPD-100N Professional Petrol Post Driver 60mm - BYCON Europe\",\"isPartOf\":{\"@id\":\"https:\\\/\\\/bycon-europe.com\\\/#website\"},\"primaryImageOfPage\":{\"@id\":\"https:\\\/\\\/bycon-europe.com\\\/product\\\/bycon-dpd-100n-professional-petrol-post-driver-60mm-ideal-for-festival-tents\\\/#primaryimage\"},\"image\":{\"@id\":\"https:\\\/\\\/bycon-europe.com\\\/product\\\/bycon-dpd-100n-professional-petrol-post-driver-60mm-ideal-for-festival-tents\\\/#primaryimage\"},\"thumbnailUrl\":\"https:\\\/\\\/bycon-europe.com\\\/wp-content\\\/uploads\\\/2025\\\/01\\\/DPD100N-palenraamer-2.webp\",\"datePublished\":\"2025-01-17T12:45:47+00:00\",\"dateModified\":\"2025-04-03T06:47:43+00:00\",\"breadcrumb\":{\"@id\":\"https:\\\/\\\/bycon-europe.com\\\/product\\\/bycon-dpd-100n-professional-petrol-post-driver-60mm-ideal-for-festival-tents\\\/#breadcrumb\"},\"inLanguage\":\"de\",\"potentialAction\":[{\"@type\":\"ReadAction\",\"target\":[\"https:\\\/\\\/bycon-europe.com\\\/product\\\/bycon-dpd-100n-professional-petrol-post-driver-60mm-ideal-for-festival-tents\\\/\"]}]},{\"@type\":\"ImageObject\",\"inLanguage\":\"de\",\"@id\":\"https:\\\/\\\/bycon-europe.com\\\/product\\\/bycon-dpd-100n-professional-petrol-post-driver-60mm-ideal-for-festival-tents\\\/#primaryimage\",\"url\":\"https:\\\/\\\/bycon-europe.com\\\/wp-content\\\/uploads\\\/2025\\\/01\\\/DPD100N-palenraamer-2.webp\",\"contentUrl\":\"https:\\\/\\\/bycon-europe.com\\\/wp-content\\\/uploads\\\/2025\\\/01\\\/DPD100N-palenraamer-2.webp\",\"width\":700,\"height\":700},{\"@type\":\"BreadcrumbList\",\"@id\":\"https:\\\/\\\/bycon-europe.com\\\/product\\\/bycon-dpd-100n-professional-petrol-post-driver-60mm-ideal-for-festival-tents\\\/#breadcrumb\",\"itemListElement\":[{\"@type\":\"ListItem\",\"position\":1,\"name\":\"Home\",\"item\":\"https:\\\/\\\/bycon-europe.com\\\/\"},{\"@type\":\"ListItem\",\"position\":2,\"name\":\"Shop\",\"item\":\"https:\\\/\\\/bycon-europe.com\\\/shop\\\/\"},{\"@type\":\"ListItem\",\"position\":3,\"name\":\"BYCON DPD-100N Professional Petrol Post Driver 60mm\"}]},{\"@type\":\"WebSite\",\"@id\":\"https:\\\/\\\/bycon-europe.com\\\/#website\",\"url\":\"https:\\\/\\\/bycon-europe.com\\\/\",\"name\":\"BYCON Europe\",\"description\":\"\",\"publisher\":{\"@id\":\"https:\\\/\\\/bycon-europe.com\\\/#organization\"},\"potentialAction\":[{\"@type\":\"SearchAction\",\"target\":{\"@type\":\"EntryPoint\",\"urlTemplate\":\"https:\\\/\\\/bycon-europe.com\\\/?s={search_term_string}\"},\"query-input\":{\"@type\":\"PropertyValueSpecification\",\"valueRequired\":true,\"valueName\":\"search_term_string\"}}],\"inLanguage\":\"de\"},{\"@type\":\"Organization\",\"@id\":\"https:\\\/\\\/bycon-europe.com\\\/#organization\",\"name\":\"BYCON Europe\",\"url\":\"https:\\\/\\\/bycon-europe.com\\\/\",\"logo\":{\"@type\":\"ImageObject\",\"inLanguage\":\"de\",\"@id\":\"https:\\\/\\\/bycon-europe.com\\\/#\\\/schema\\\/logo\\\/image\\\/\",\"url\":\"https:\\\/\\\/bycon-europe.com\\\/wp-content\\\/uploads\\\/2025\\\/12\\\/logo-Bewerkt.png\",\"contentUrl\":\"https:\\\/\\\/bycon-europe.com\\\/wp-content\\\/uploads\\\/2025\\\/12\\\/logo-Bewerkt.png\",\"width\":765,\"height\":200,\"caption\":\"BYCON Europe\"},\"image\":{\"@id\":\"https:\\\/\\\/bycon-europe.com\\\/#\\\/schema\\\/logo\\\/image\\\/\"}}]}<\/script>\n<!-- \/ Yoast SEO plugin. -->","yoast_head_json":{"title":"BYCON DPD-100N Professioneller Benzin-Pfostentreiber 60mm - BYCON Europe","robots":{"index":"index","follow":"follow","max-snippet":"max-snippet:-1","max-image-preview":"max-image-preview:large","max-video-preview":"max-video-preview:-1"},"canonical":"https:\/\/bycon-europe.com\/de\/produkt\/bycon-dpd-100n-benzin-pfostentreiber-fuer-zeltbefestigung\/","og_locale":"de_DE","og_type":"article","og_title":"BYCON DPD-100N Professional Petrol Post Driver 60mm - BYCON Europe","og_description":"High Efficiency: Fast and powerful performance for quick and effortless post driving  Durable &amp; Reliable: Heavy-duty gearbox and robust engine mount ensure longevity  Comfortable to Use: 4-way dampened handles reduce vibration for safer and more precise operation  Portable &amp; Lightweight: Comes in a BMC transport case with wheels, weighing only 18.5 kg","og_url":"https:\/\/bycon-europe.com\/de\/produkt\/bycon-dpd-100n-benzin-pfostentreiber-fuer-zeltbefestigung\/","og_site_name":"BYCON Europe","article_modified_time":"2025-04-03T06:47:43+00:00","og_image":[{"width":700,"height":700,"url":"https:\/\/bycon-europe.com\/wp-content\/uploads\/2025\/01\/DPD100N-palenraamer-2.webp","type":"image\/webp"}],"twitter_card":"summary_large_image","twitter_misc":{"Gesch\u00e4tzte Lesezeit":"1\u00a0Minute"},"schema":{"@context":"https:\/\/schema.org","@graph":[{"@type":"WebPage","@id":"https:\/\/bycon-europe.com\/product\/bycon-dpd-100n-professional-petrol-post-driver-60mm-ideal-for-festival-tents\/","url":"https:\/\/bycon-europe.com\/product\/bycon-dpd-100n-professional-petrol-post-driver-60mm-ideal-for-festival-tents\/","name":"BYCON DPD-100N Professioneller Benzin-Pfostentreiber 60mm - BYCON Europe","isPartOf":{"@id":"https:\/\/bycon-europe.com\/#website"},"primaryImageOfPage":{"@id":"https:\/\/bycon-europe.com\/product\/bycon-dpd-100n-professional-petrol-post-driver-60mm-ideal-for-festival-tents\/#primaryimage"},"image":{"@id":"https:\/\/bycon-europe.com\/product\/bycon-dpd-100n-professional-petrol-post-driver-60mm-ideal-for-festival-tents\/#primaryimage"},"thumbnailUrl":"https:\/\/bycon-europe.com\/wp-content\/uploads\/2025\/01\/DPD100N-palenraamer-2.webp","datePublished":"2025-01-17T12:45:47+00:00","dateModified":"2025-04-03T06:47:43+00:00","breadcrumb":{"@id":"https:\/\/bycon-europe.com\/product\/bycon-dpd-100n-professional-petrol-post-driver-60mm-ideal-for-festival-tents\/#breadcrumb"},"inLanguage":"de","potentialAction":[{"@type":"ReadAction","target":["https:\/\/bycon-europe.com\/product\/bycon-dpd-100n-professional-petrol-post-driver-60mm-ideal-for-festival-tents\/"]}]},{"@type":"ImageObject","inLanguage":"de","@id":"https:\/\/bycon-europe.com\/product\/bycon-dpd-100n-professional-petrol-post-driver-60mm-ideal-for-festival-tents\/#primaryimage","url":"https:\/\/bycon-europe.com\/wp-content\/uploads\/2025\/01\/DPD100N-palenraamer-2.webp","contentUrl":"https:\/\/bycon-europe.com\/wp-content\/uploads\/2025\/01\/DPD100N-palenraamer-2.webp","width":700,"height":700},{"@type":"BreadcrumbList","@id":"https:\/\/bycon-europe.com\/product\/bycon-dpd-100n-professional-petrol-post-driver-60mm-ideal-for-festival-tents\/#breadcrumb","itemListElement":[{"@type":"ListItem","position":1,"name":"Home","item":"https:\/\/bycon-europe.com\/"},{"@type":"ListItem","position":2,"name":"Shop","item":"https:\/\/bycon-europe.com\/shop\/"},{"@type":"ListItem","position":3,"name":"BYCON DPD-100N Professional Petrol Post Driver 60mm"}]},{"@type":"WebSite","@id":"https:\/\/bycon-europe.com\/#website","url":"https:\/\/bycon-europe.com\/","name":"BYCON Europe","description":"","publisher":{"@id":"https:\/\/bycon-europe.com\/#organization"},"potentialAction":[{"@type":"SearchAction","target":{"@type":"EntryPoint","urlTemplate":"https:\/\/bycon-europe.com\/?s={search_term_string}"},"query-input":{"@type":"PropertyValueSpecification","valueRequired":true,"valueName":"search_term_string"}}],"inLanguage":"de"},{"@type":"Organization","@id":"https:\/\/bycon-europe.com\/#organization","name":"BYCON Europe","url":"https:\/\/bycon-europe.com\/","logo":{"@type":"ImageObject","inLanguage":"de","@id":"https:\/\/bycon-europe.com\/#\/schema\/logo\/image\/","url":"https:\/\/bycon-europe.com\/wp-content\/uploads\/2025\/12\/logo-Bewerkt.png","contentUrl":"https:\/\/bycon-europe.com\/wp-content\/uploads\/2025\/12\/logo-Bewerkt.png","width":765,"height":200,"caption":"BYCON Europe"},"image":{"@id":"https:\/\/bycon-europe.com\/#\/schema\/logo\/image\/"}}]}},"_links":{"self":[{"href":"https:\/\/bycon-europe.com\/de\/wp-json\/wp\/v2\/product\/443","targetHints":{"allow":["GET"]}}],"collection":[{"href":"https:\/\/bycon-europe.com\/de\/wp-json\/wp\/v2\/product"}],"about":[{"href":"https:\/\/bycon-europe.com\/de\/wp-json\/wp\/v2\/types\/product"}],"replies":[{"embeddable":true,"href":"https:\/\/bycon-europe.com\/de\/wp-json\/wp\/v2\/comments?post=443"}],"wp:featuredmedia":[{"embeddable":true,"href":"https:\/\/bycon-europe.com\/de\/wp-json\/wp\/v2\/media\/450"}],"wp:attachment":[{"href":"https:\/\/bycon-europe.com\/de\/wp-json\/wp\/v2\/media?parent=443"}],"wp:term":[{"taxonomy":"product_brand","embeddable":true,"href":"https:\/\/bycon-europe.com\/de\/wp-json\/wp\/v2\/product_brand?post=443"},{"taxonomy":"product_cat","embeddable":true,"href":"https:\/\/bycon-europe.com\/de\/wp-json\/wp\/v2\/product_cat?post=443"},{"taxonomy":"product_tag","embeddable":true,"href":"https:\/\/bycon-europe.com\/de\/wp-json\/wp\/v2\/product_tag?post=443"}],"curies":[{"name":"wp","href":"https:\/\/api.w.org\/{rel}","templated":true}]}}