{"id":355,"date":"2025-01-17T08:38:20","date_gmt":"2025-01-17T08:38:20","guid":{"rendered":"https:\/\/bycon-europe.com\/?post_type=product&#038;p=355"},"modified":"2026-05-10T17:06:56","modified_gmt":"2026-05-10T17:06:56","slug":"aspiradora-ciclonica-bycon-ivc-1000-hepa-1200w-230v-h13","status":"publish","type":"product","link":"https:\/\/bycon-europe.com\/es\/product\/bycon-ivc-1000-hepa-cyclone-vacuum-1200w-230v-h13\/","title":{"rendered":"ASPIRADORA CICL\u00d3NICA HEPA BYCON IVC-1000 1200W 230V H13"},"content":{"rendered":"<h2 data-pm-slice=\"1 5 []\"><strong>Aspiradora Cicl\u00f3nica de Grado Industrial para Control Definitivo de Polvo<\/strong><\/h2>\n<p data-pm-slice=\"1 5 []\">La aspiradora cicl\u00f3nica BYCON IVC-1000 HEPA est\u00e1 dise\u00f1ada para una extracci\u00f3n eficiente de polvo, garantizando un ambiente de trabajo seguro y libre de polvo. Equipada con un sistema de filtraci\u00f3n de dos etapas, separa los escombros grandes en la c\u00e1mara cicl\u00f3nica mientras que el polvo m\u00e1s fino pasa a trav\u00e9s de un prefiltro c\u00f3nico antes de llegar al filtro HEPA certificado H13. Esto garantiza una calidad de aire superior y el cumplimiento de las normas OSHA.<\/p>\n<ul data-spread=\"false\">\n<li><strong>Integraci\u00f3n sin interrupciones de herramientas el\u00e9ctricas:<\/strong> Enchufe de alimentaci\u00f3n incorporado para conexi\u00f3n directa a amoladoras, sierras y cortadoras<\/li>\n<li><strong>Construcci\u00f3n reforzada<\/strong> Dise\u00f1ado para condiciones de trabajo dif\u00edciles con ruedas traseras que no marcan y ruedas giratorias con bloqueo<\/li>\n<li><strong>Sistema de Limpieza Jet-Pulse:<\/strong> Elimina la acumulaci\u00f3n de polvo, extendiendo la vida \u00fatil del filtro<\/li>\n<li><strong>Funci\u00f3n de limpieza por aire inverso:<\/strong> Mantiene los filtros sin obstrucciones para una potencia de succi\u00f3n ininterrumpida<\/li>\n<li><strong>Proceso de Filtraci\u00f3n en Tres Etapas:<\/strong>\n<ul data-spread=\"false\">\n<li><strong>Separaci\u00f3n Cicl\u00f3nica:<\/strong> Captura part\u00edculas de polvo grandes, dirigi\u00e9ndolas al sistema de bolsa continua<\/li>\n<li><strong>Etapa de prefiltrado:<\/strong> El filtro c\u00f3nico de poli\u00e9ster atrapa el polvo fino antes de la filtraci\u00f3n HEPA<\/li>\n<li><strong>Filtraci\u00f3n HEPA H13:<\/strong> Elimina el 99,951 % de las part\u00edculas ultrafinas, lo que garantiza un espacio de trabajo m\u00e1s saludable<\/li>\n<\/ul>\n<\/li>\n<\/ul>\n<p data-pm-slice=\"1 1 []\">\ud83d\udccc <strong>Nota:<\/strong> Esta aspiradora est\u00e1 dise\u00f1ada exclusivamente para polvo seco y no combustible en entornos industriales y de construcci\u00f3n.<\/p>\n<p><strong>\u00bfQu\u00e9 incluye?<\/strong><\/p>\n<ul data-spread=\"false\">\n<li>ASPIRADORA CICL\u00d3NICA HEPA BYCON IVC-1000 1200W 230V H13<\/li>\n<li>Sistema de Bolsas Continuas<\/li>\n<li>Sistema de limpieza Jet-Pulse<\/li>\n<li>Enchufe de Integraci\u00f3n de Herramientas El\u00e9ctricas (arranque manual)<\/li>\n<\/ul>\n<p><strong>Aplicaciones ideales:<\/strong><\/p>\n<ul data-spread=\"false\">\n<li>Extracci\u00f3n de polvo de hormig\u00f3n, epoxi y otros materiales finos<\/li>\n<li>Control de polvo sin interrupciones para esmerilar, cortar y serrar<\/li>\n<li>Limpieza general de obra<\/li>\n<li>Compatible con preciclonadores BYCON Cyclone para una mayor capacidad de recolecci\u00f3n de polvo.<\/li>\n<\/ul>\n<p><strong>\u00bfPor qu\u00e9 HEPA H13?<\/strong><br \/>\nLos filtros HEPA (High-Efficiency Particulate Air) cumplen con las estrictas normas EN 1822-1. Los filtros de grado H13 de BYCON eliminan el 99,951 % de las part\u00edculas de polvo peligrosas de entre 0,15 y 0,30 \u03bcm, el rango de tama\u00f1o m\u00e1s dif\u00edcil de capturar. Cada filtro HEPA se somete a pruebas y se certifica individualmente antes de su entrega, lo que garantiza un rendimiento y una seguridad de primer nivel.<\/p>\n<p>Para una m\u00e1xima eficiencia en la aspiraci\u00f3n de polvo, combine la IVC-1000 con<strong> Separadores Previos Cicl\u00f3nicos BYCON<\/strong>.<\/p>","protected":false},"excerpt":{"rendered":"<ul data-spread=\"false\" data-pm-slice=\"3 3 []\">\n<li><strong>Succi\u00f3n potente:<\/strong> Motor de 1200W con un flujo de aire de 200 m\u00b3\/h para aplicaciones industriales<\/li>\n<li><strong>Filtraci\u00f3n HEPA H13<\/strong> Captura el 99,951 % de las part\u00edculas de 0,3 \u03bcm, lo que garantiza un espacio de trabajo limpio y seguro<\/li>\n<li><strong>Limpieza de Filtro Jet-Pulse:<\/strong> Sistema de autolimpieza eficiente para operaci\u00f3n continua<\/li>\n<li><strong>Sistema de embolsado continuo:<\/strong> Permite la eliminaci\u00f3n sin polvo y la gesti\u00f3n higi\u00e9nica de residuos<\/li>\n<li><strong>Vers\u00e1til y cumple con OSHA:<\/strong> Dise\u00f1ado para las industrias de construcci\u00f3n, demolici\u00f3n y renovaci\u00f3n<\/li>\n<\/ul>","protected":false},"featured_media":365,"comment_status":"open","ping_status":"closed","template":"","meta":[],"product_brand":[],"product_cat":[18,15,49,50],"product_tag":[],"class_list":{"0":"post-355","1":"product","2":"type-product","3":"status-publish","4":"has-post-thumbnail","6":"product_cat-accessories","7":"product_cat-all-machines","8":"product_cat-dust-management-extraction","9":"product_cat-industrial-vacuum-cleaner","11":"first","12":"instock","13":"shipping-taxable","14":"product-type-simple"},"yoast_head":"<!-- This site is optimized with the Yoast SEO plugin v27.6 - https:\/\/yoast.com\/product\/yoast-seo-wordpress\/ -->\n<title>BYCON IVC-1000 HEPA Cyclone Vacuum 1200W 230V H13 - BYCON Europe<\/title>\n<meta name=\"robots\" content=\"index, follow, max-snippet:-1, max-image-preview:large, max-video-preview:-1\" \/>\n<link rel=\"canonical\" href=\"https:\/\/bycon-europe.com\/es\/product\/aspiradora-ciclonica-bycon-ivc-1000-hepa-1200w-230v-h13\/\" \/>\n<meta property=\"og:locale\" content=\"es_ES\" \/>\n<meta property=\"og:type\" content=\"article\" \/>\n<meta property=\"og:title\" content=\"BYCON IVC-1000 HEPA Cyclone Vacuum 1200W 230V H13 - BYCON Europe\" \/>\n<meta property=\"og:description\" content=\"Powerful Suction: 1200W motor with 200 m\u00b3\/h airflow for industrial applications  H13 HEPA Filtration: Captures 99.95% of particles @ 0.3\u03bcm, ensuring a clean and safe workspace  Jet-Pulse Filter Cleaning: Efficient self-cleaning system for continuous operation  Continuous Bagging System: Enables dust-free disposal and hygienic waste management  Versatile &amp; OSHA-Compliant: Designed for construction, demolition, and renovation industries\" \/>\n<meta property=\"og:url\" content=\"https:\/\/bycon-europe.com\/es\/product\/aspiradora-ciclonica-bycon-ivc-1000-hepa-1200w-230v-h13\/\" \/>\n<meta property=\"og:site_name\" content=\"BYCON Europe\" \/>\n<meta property=\"article:modified_time\" content=\"2026-05-10T17:06:56+00:00\" \/>\n<meta property=\"og:image\" content=\"https:\/\/bycon-europe.com\/wp-content\/uploads\/2025\/01\/IVC1000-1.webp\" \/>\n\t<meta property=\"og:image:width\" content=\"700\" \/>\n\t<meta property=\"og:image:height\" content=\"700\" \/>\n\t<meta property=\"og:image:type\" content=\"image\/webp\" \/>\n<meta name=\"twitter:card\" content=\"summary_large_image\" \/>\n<meta name=\"twitter:label1\" content=\"Tiempo de lectura\" \/>\n\t<meta name=\"twitter:data1\" content=\"1 minuto\" \/>\n<script type=\"application\/ld+json\" class=\"yoast-schema-graph\">{\"@context\":\"https:\\\/\\\/schema.org\",\"@graph\":[{\"@type\":\"WebPage\",\"@id\":\"https:\\\/\\\/bycon-europe.com\\\/product\\\/bycon-ivc-1000-hepa-cyclone-vacuum-1200w-230v-h13\\\/\",\"url\":\"https:\\\/\\\/bycon-europe.com\\\/product\\\/bycon-ivc-1000-hepa-cyclone-vacuum-1200w-230v-h13\\\/\",\"name\":\"BYCON IVC-1000 HEPA Cyclone Vacuum 1200W 230V H13 - BYCON Europe\",\"isPartOf\":{\"@id\":\"https:\\\/\\\/bycon-europe.com\\\/#website\"},\"primaryImageOfPage\":{\"@id\":\"https:\\\/\\\/bycon-europe.com\\\/product\\\/bycon-ivc-1000-hepa-cyclone-vacuum-1200w-230v-h13\\\/#primaryimage\"},\"image\":{\"@id\":\"https:\\\/\\\/bycon-europe.com\\\/product\\\/bycon-ivc-1000-hepa-cyclone-vacuum-1200w-230v-h13\\\/#primaryimage\"},\"thumbnailUrl\":\"https:\\\/\\\/bycon-europe.com\\\/wp-content\\\/uploads\\\/2025\\\/01\\\/IVC1000-1.webp\",\"datePublished\":\"2025-01-17T08:38:20+00:00\",\"dateModified\":\"2026-05-10T17:06:56+00:00\",\"breadcrumb\":{\"@id\":\"https:\\\/\\\/bycon-europe.com\\\/product\\\/bycon-ivc-1000-hepa-cyclone-vacuum-1200w-230v-h13\\\/#breadcrumb\"},\"inLanguage\":\"es\",\"potentialAction\":[{\"@type\":\"ReadAction\",\"target\":[\"https:\\\/\\\/bycon-europe.com\\\/product\\\/bycon-ivc-1000-hepa-cyclone-vacuum-1200w-230v-h13\\\/\"]}]},{\"@type\":\"ImageObject\",\"inLanguage\":\"es\",\"@id\":\"https:\\\/\\\/bycon-europe.com\\\/product\\\/bycon-ivc-1000-hepa-cyclone-vacuum-1200w-230v-h13\\\/#primaryimage\",\"url\":\"https:\\\/\\\/bycon-europe.com\\\/wp-content\\\/uploads\\\/2025\\\/01\\\/IVC1000-1.webp\",\"contentUrl\":\"https:\\\/\\\/bycon-europe.com\\\/wp-content\\\/uploads\\\/2025\\\/01\\\/IVC1000-1.webp\",\"width\":700,\"height\":700},{\"@type\":\"BreadcrumbList\",\"@id\":\"https:\\\/\\\/bycon-europe.com\\\/product\\\/bycon-ivc-1000-hepa-cyclone-vacuum-1200w-230v-h13\\\/#breadcrumb\",\"itemListElement\":[{\"@type\":\"ListItem\",\"position\":1,\"name\":\"Home\",\"item\":\"https:\\\/\\\/bycon-europe.com\\\/\"},{\"@type\":\"ListItem\",\"position\":2,\"name\":\"Shop\",\"item\":\"https:\\\/\\\/bycon-europe.com\\\/shop\\\/\"},{\"@type\":\"ListItem\",\"position\":3,\"name\":\"BYCON IVC-1000 HEPA Cyclone Vacuum 1200W 230V H13\"}]},{\"@type\":\"WebSite\",\"@id\":\"https:\\\/\\\/bycon-europe.com\\\/#website\",\"url\":\"https:\\\/\\\/bycon-europe.com\\\/\",\"name\":\"BYCON Europe\",\"description\":\"\",\"publisher\":{\"@id\":\"https:\\\/\\\/bycon-europe.com\\\/#organization\"},\"potentialAction\":[{\"@type\":\"SearchAction\",\"target\":{\"@type\":\"EntryPoint\",\"urlTemplate\":\"https:\\\/\\\/bycon-europe.com\\\/?s={search_term_string}\"},\"query-input\":{\"@type\":\"PropertyValueSpecification\",\"valueRequired\":true,\"valueName\":\"search_term_string\"}}],\"inLanguage\":\"es\"},{\"@type\":\"Organization\",\"@id\":\"https:\\\/\\\/bycon-europe.com\\\/#organization\",\"name\":\"BYCON Europe\",\"url\":\"https:\\\/\\\/bycon-europe.com\\\/\",\"logo\":{\"@type\":\"ImageObject\",\"inLanguage\":\"es\",\"@id\":\"https:\\\/\\\/bycon-europe.com\\\/#\\\/schema\\\/logo\\\/image\\\/\",\"url\":\"https:\\\/\\\/bycon-europe.com\\\/wp-content\\\/uploads\\\/2025\\\/12\\\/logo-Bewerkt.png\",\"contentUrl\":\"https:\\\/\\\/bycon-europe.com\\\/wp-content\\\/uploads\\\/2025\\\/12\\\/logo-Bewerkt.png\",\"width\":765,\"height\":200,\"caption\":\"BYCON Europe\"},\"image\":{\"@id\":\"https:\\\/\\\/bycon-europe.com\\\/#\\\/schema\\\/logo\\\/image\\\/\"}}]}<\/script>\n<!-- \/ Yoast SEO plugin. -->","yoast_head_json":{"title":"BYCON IVC-1000 HEPA Cyclone Aspiradora 1200W 230V H13 - BYCON Europa","robots":{"index":"index","follow":"follow","max-snippet":"max-snippet:-1","max-image-preview":"max-image-preview:large","max-video-preview":"max-video-preview:-1"},"canonical":"https:\/\/bycon-europe.com\/es\/product\/aspiradora-ciclonica-bycon-ivc-1000-hepa-1200w-230v-h13\/","og_locale":"es_ES","og_type":"article","og_title":"BYCON IVC-1000 HEPA Cyclone Vacuum 1200W 230V H13 - BYCON Europe","og_description":"Powerful Suction: 1200W motor with 200 m\u00b3\/h airflow for industrial applications  H13 HEPA Filtration: Captures 99.95% of particles @ 0.3\u03bcm, ensuring a clean and safe workspace  Jet-Pulse Filter Cleaning: Efficient self-cleaning system for continuous operation  Continuous Bagging System: Enables dust-free disposal and hygienic waste management  Versatile &amp; OSHA-Compliant: Designed for construction, demolition, and renovation industries","og_url":"https:\/\/bycon-europe.com\/es\/product\/aspiradora-ciclonica-bycon-ivc-1000-hepa-1200w-230v-h13\/","og_site_name":"BYCON Europe","article_modified_time":"2026-05-10T17:06:56+00:00","og_image":[{"width":700,"height":700,"url":"https:\/\/bycon-europe.com\/wp-content\/uploads\/2025\/01\/IVC1000-1.webp","type":"image\/webp"}],"twitter_card":"summary_large_image","twitter_misc":{"Tiempo de lectura":"1 minuto"},"schema":{"@context":"https:\/\/schema.org","@graph":[{"@type":"WebPage","@id":"https:\/\/bycon-europe.com\/product\/bycon-ivc-1000-hepa-cyclone-vacuum-1200w-230v-h13\/","url":"https:\/\/bycon-europe.com\/product\/bycon-ivc-1000-hepa-cyclone-vacuum-1200w-230v-h13\/","name":"BYCON IVC-1000 HEPA Cyclone Aspiradora 1200W 230V H13 - BYCON Europa","isPartOf":{"@id":"https:\/\/bycon-europe.com\/#website"},"primaryImageOfPage":{"@id":"https:\/\/bycon-europe.com\/product\/bycon-ivc-1000-hepa-cyclone-vacuum-1200w-230v-h13\/#primaryimage"},"image":{"@id":"https:\/\/bycon-europe.com\/product\/bycon-ivc-1000-hepa-cyclone-vacuum-1200w-230v-h13\/#primaryimage"},"thumbnailUrl":"https:\/\/bycon-europe.com\/wp-content\/uploads\/2025\/01\/IVC1000-1.webp","datePublished":"2025-01-17T08:38:20+00:00","dateModified":"2026-05-10T17:06:56+00:00","breadcrumb":{"@id":"https:\/\/bycon-europe.com\/product\/bycon-ivc-1000-hepa-cyclone-vacuum-1200w-230v-h13\/#breadcrumb"},"inLanguage":"es","potentialAction":[{"@type":"ReadAction","target":["https:\/\/bycon-europe.com\/product\/bycon-ivc-1000-hepa-cyclone-vacuum-1200w-230v-h13\/"]}]},{"@type":"ImageObject","inLanguage":"es","@id":"https:\/\/bycon-europe.com\/product\/bycon-ivc-1000-hepa-cyclone-vacuum-1200w-230v-h13\/#primaryimage","url":"https:\/\/bycon-europe.com\/wp-content\/uploads\/2025\/01\/IVC1000-1.webp","contentUrl":"https:\/\/bycon-europe.com\/wp-content\/uploads\/2025\/01\/IVC1000-1.webp","width":700,"height":700},{"@type":"BreadcrumbList","@id":"https:\/\/bycon-europe.com\/product\/bycon-ivc-1000-hepa-cyclone-vacuum-1200w-230v-h13\/#breadcrumb","itemListElement":[{"@type":"ListItem","position":1,"name":"Home","item":"https:\/\/bycon-europe.com\/"},{"@type":"ListItem","position":2,"name":"Shop","item":"https:\/\/bycon-europe.com\/shop\/"},{"@type":"ListItem","position":3,"name":"BYCON IVC-1000 HEPA Cyclone Vacuum 1200W 230V H13"}]},{"@type":"WebSite","@id":"https:\/\/bycon-europe.com\/#website","url":"https:\/\/bycon-europe.com\/","name":"BYCON Europa","description":"","publisher":{"@id":"https:\/\/bycon-europe.com\/#organization"},"potentialAction":[{"@type":"SearchAction","target":{"@type":"EntryPoint","urlTemplate":"https:\/\/bycon-europe.com\/?s={search_term_string}"},"query-input":{"@type":"PropertyValueSpecification","valueRequired":true,"valueName":"search_term_string"}}],"inLanguage":"es"},{"@type":"Organization","@id":"https:\/\/bycon-europe.com\/#organization","name":"BYCON Europa","url":"https:\/\/bycon-europe.com\/","logo":{"@type":"ImageObject","inLanguage":"es","@id":"https:\/\/bycon-europe.com\/#\/schema\/logo\/image\/","url":"https:\/\/bycon-europe.com\/wp-content\/uploads\/2025\/12\/logo-Bewerkt.png","contentUrl":"https:\/\/bycon-europe.com\/wp-content\/uploads\/2025\/12\/logo-Bewerkt.png","width":765,"height":200,"caption":"BYCON Europe"},"image":{"@id":"https:\/\/bycon-europe.com\/#\/schema\/logo\/image\/"}}]}},"_links":{"self":[{"href":"https:\/\/bycon-europe.com\/es\/wp-json\/wp\/v2\/product\/355","targetHints":{"allow":["GET"]}}],"collection":[{"href":"https:\/\/bycon-europe.com\/es\/wp-json\/wp\/v2\/product"}],"about":[{"href":"https:\/\/bycon-europe.com\/es\/wp-json\/wp\/v2\/types\/product"}],"replies":[{"embeddable":true,"href":"https:\/\/bycon-europe.com\/es\/wp-json\/wp\/v2\/comments?post=355"}],"wp:featuredmedia":[{"embeddable":true,"href":"https:\/\/bycon-europe.com\/es\/wp-json\/wp\/v2\/media\/365"}],"wp:attachment":[{"href":"https:\/\/bycon-europe.com\/es\/wp-json\/wp\/v2\/media?parent=355"}],"wp:term":[{"taxonomy":"product_brand","embeddable":true,"href":"https:\/\/bycon-europe.com\/es\/wp-json\/wp\/v2\/product_brand?post=355"},{"taxonomy":"product_cat","embeddable":true,"href":"https:\/\/bycon-europe.com\/es\/wp-json\/wp\/v2\/product_cat?post=355"},{"taxonomy":"product_tag","embeddable":true,"href":"https:\/\/bycon-europe.com\/es\/wp-json\/wp\/v2\/product_tag?post=355"}],"curies":[{"name":"wp","href":"https:\/\/api.w.org\/{rel}","templated":true}]}}