{"id":412,"date":"2025-01-17T09:46:49","date_gmt":"2025-01-17T09:46:49","guid":{"rendered":"https:\/\/bycon-europe.com\/?post_type=product&#038;p=412"},"modified":"2025-07-07T09:39:14","modified_gmt":"2025-07-07T09:39:14","slug":"bycon-dmp-352-diamante-taladro-de-nucleo-402mm-1-1-4-3300w","status":"publish","type":"product","link":"https:\/\/bycon-europe.com\/es\/product\/bycon-dmp-352-diamond-core-drill-402mm-1-1-4-3300w\/","title":{"rendered":"Taladro de n\u00facleo de diamante h\u00famedo BYCON DMP-352 | 3300W | De servicio pesado | \u00d8402 mm"},"content":{"rendered":"<h2 data-start=\"204\" data-end=\"288\">Perforadora de n\u00facleo de diamante BYCON DMP-352 \u2013 3300W, \u00d8402 mm, Pantalla LCD, Uso en h\u00famedo<\/h2>\n<p data-start=\"290\" data-end=\"947\">La BYCON DMP-352 es una taladradora de n\u00facleo de diamante de alta resistencia dise\u00f1ada para aplicaciones de perforaci\u00f3n de alta demanda en concreto, mamposter\u00eda, asfalto y piedra. Con una impresionante potencia de salida de 3300 W y control de 3 velocidades, esta unidad montada en soporte perfora hasta \u00d8402 mm con facilidad. Su carcasa de aleaci\u00f3n de magnesio proporciona durabilidad liviana, mientras que la pantalla LCD integrada muestra datos en tiempo real como velocidad, temperatura, voltaje y potencia. Construida para perforaci\u00f3n en seco, la DMP-352 est\u00e1 equipada con caracter\u00edsticas de seguridad profesionales, que incluyen arranque suave, protecci\u00f3n PRCD y control de sobrecarga. Es el motor de taladro de n\u00facleo definitivo para contratistas que esperan rendimiento y precisi\u00f3n.<\/p>\n<hr data-start=\"949\" data-end=\"952\" \/>\n<p data-start=\"954\" data-end=\"974\"><strong data-start=\"958\" data-end=\"974\">Caracter\u00edsticas principales<\/strong><\/p>\n<ul>\n<li data-start=\"977\" data-end=\"1069\"><strong data-start=\"977\" data-end=\"1003\">Motor de alta potencia de 3300W<\/strong>Ofrece un rendimiento confiable para la perforaci\u00f3n de concreto de alta resistencia<\/li>\n<li data-start=\"977\" data-end=\"1069\"><strong data-start=\"1072\" data-end=\"1096\">Control de engranaje de 3 velocidades<\/strong>: 350 \/ 700 \/ 1100 rpm con pantalla LCD para retroalimentaci\u00f3n de velocidad en tiempo real<\/li>\n<li data-start=\"977\" data-end=\"1069\"><strong data-start=\"1163\" data-end=\"1188\">Capacidad M\u00e1xima de Perforaci\u00f3n<\/strong>: Taladros de hasta \u00d8402 mm en materiales reforzados<\/li>\n<li data-start=\"977\" data-end=\"1069\"><strong data-start=\"1239\" data-end=\"1266\">Compatibilidad con humedad<\/strong>Elija perforaci\u00f3n refrigerada por agua<\/li>\n<li data-start=\"977\" data-end=\"1069\"><strong data-start=\"1333\" data-end=\"1368\">Carcasa de aleaci\u00f3n de magnesio (AZ91D)<\/strong>Ligero y muy duradero para uso en obra<\/li>\n<li data-start=\"977\" data-end=\"1069\"><strong data-start=\"1421\" data-end=\"1447\">Pantalla LCD integrada<\/strong>Muestra velocidad, potencia, temperatura y datos operativos<\/li>\n<li data-start=\"977\" data-end=\"1069\"><strong data-start=\"1507\" data-end=\"1535\">Sistema de Nivelaci\u00f3n Integrado<\/strong>Garantiza la alineaci\u00f3n precisa del taladro en todas las superficies<\/li>\n<li data-start=\"977\" data-end=\"1069\"><strong data-start=\"1590\" data-end=\"1616\">KHGEARS Sistema de Engranajes<\/strong>: Engranajes de alta calidad y resistentes al desgaste para uso a largo plazo<\/li>\n<li data-start=\"977\" data-end=\"1069\"><strong data-start=\"1672\" data-end=\"1704\">Arranque Suave y Protecci\u00f3n PRCD<\/strong>: Seguridad mejorada con activaci\u00f3n suave del motor y protecci\u00f3n contra fugas<\/li>\n<\/ul>\n<hr data-start=\"1777\" data-end=\"1780\" \/>\n<p data-start=\"1782\" data-end=\"1814\"><strong data-start=\"1786\" data-end=\"1814\">Especificaciones T\u00e9cnicas<\/strong><\/p>\n<ul>\n<li data-start=\"1817\" data-end=\"1843\"><strong data-start=\"1817\" data-end=\"1833\">Potencia de salida<\/strong>3300 W<\/li>\n<li data-start=\"1817\" data-end=\"1843\"><strong data-start=\"1846\" data-end=\"1857\">Tensi\u00f3n<\/strong>230 V<\/li>\n<li data-start=\"1817\" data-end=\"1843\"><strong data-start=\"1869\" data-end=\"1892\">Corriente \/ Frecuencia<\/strong>: 16 A \/ 50 Hz<\/li>\n<li data-start=\"1817\" data-end=\"1843\"><strong data-start=\"1911\" data-end=\"1921\">Peso<\/strong>13,5 kg<\/li>\n<li data-start=\"1817\" data-end=\"1843\"><strong data-start=\"1935\" data-end=\"1960\">Di\u00e1metro m\u00e1ximo de perforaci\u00f3n<\/strong>: 402 mm de di\u00e1metro<\/li>\n<li data-start=\"1817\" data-end=\"1843\"><strong data-start=\"1974\" data-end=\"2012\">Di\u00e1metro de Taladrado (Engranaje 1 \/ 2 \/ 3)<\/strong>: 402 mm de di\u00e1metro \/ 202 mm de di\u00e1metro \/ 102 mm de di\u00e1metro<\/li>\n<li data-start=\"1817\" data-end=\"1843\"><strong data-start=\"2046\" data-end=\"2064\">Velocidades sin carga<\/strong>350\/700\/1100 rpm<\/li>\n<li data-start=\"1817\" data-end=\"1843\"><strong data-start=\"2091\" data-end=\"2110\">Tipo de conexi\u00f3n<\/strong>1\u00bc\u2033 UNC<\/li>\n<li data-start=\"1817\" data-end=\"1843\"><strong data-start=\"2124\" data-end=\"2150\">Soporte para taladro compatible<\/strong>: DSP-352<\/li>\n<li data-start=\"1817\" data-end=\"1843\"><strong data-start=\"2164\" data-end=\"2186\">Dimensiones del paquete<\/strong>: 635 \u00d7 460 \u00d7 215 mm<\/li>\n<\/ul>\n<hr data-start=\"2210\" data-end=\"2213\" \/>\n<p data-start=\"2215\" data-end=\"2238\"><strong data-start=\"2219\" data-end=\"2238\">Qu\u00e9 est\u00e1 incluido<\/strong><\/p>\n<ul>\n<li data-start=\"2241\" data-end=\"2284\">Taladro de Diamante BYCON DMP-352 (3300 W)<\/li>\n<li data-start=\"2241\" data-end=\"2284\">Sistema de Monitorizaci\u00f3n LCD<\/li>\n<li data-start=\"2241\" data-end=\"2284\">Asa lateral<\/li>\n<li data-start=\"2241\" data-end=\"2284\">2 escobillas de carb\u00f3n<\/li>\n<li data-start=\"2241\" data-end=\"2284\">2 \u00d7 Llaves inglesas<\/li>\n<li data-start=\"2241\" data-end=\"2284\">Gafas de seguridad y protecci\u00f3n auditiva<\/li>\n<li data-start=\"2241\" data-end=\"2284\">Adaptador de Manguera de Vac\u00edo de Conexi\u00f3n R\u00e1pida<\/li>\n<li data-start=\"2241\" data-end=\"2284\">Adaptador de manguera de agua de conexi\u00f3n r\u00e1pida<\/li>\n<li data-start=\"2241\" data-end=\"2284\">Sistema de Liberaci\u00f3n R\u00e1pida<\/li>\n<li data-start=\"2241\" data-end=\"2284\">Manuales de usuario<\/li>\n<\/ul>","protected":false},"excerpt":{"rendered":"<p data-start=\"2833\" data-end=\"3165\">La BYCON DMP-352 es una potente taladradora de n\u00facleo de diamante de 3300W para uso en h\u00famedo y en seco, con una capacidad m\u00e1xima de perforaci\u00f3n de \u00d8402 mm. Con control de 3 velocidades, carcasa de magnesio, pantalla de rendimiento LCD y caracter\u00edsticas de seguridad como PRCD y arranque suave, esta m\u00e1quina montada en soporte est\u00e1 dise\u00f1ada para la precisi\u00f3n y la resistencia en la perforaci\u00f3n profesional de hormig\u00f3n.<\/p>","protected":false},"featured_media":419,"comment_status":"open","ping_status":"closed","template":"","meta":[],"product_brand":[],"product_cat":[15,16,20,19,62],"product_tag":[],"class_list":{"0":"post-412","1":"product","2":"type-product","3":"status-publish","4":"has-post-thumbnail","6":"product_cat-all-machines","7":"product_cat-construction-machines","8":"product_cat-core-drill-motor","9":"product_cat-core-drilling-equipment","10":"product_cat-rig-mounted-core-drills","12":"first","13":"instock","14":"shipping-taxable","15":"product-type-simple"},"yoast_head":"<!-- This site is optimized with the Yoast SEO plugin v27.6 - https:\/\/yoast.com\/product\/yoast-seo-wordpress\/ -->\n<title>BYCON DMP-352 Wet Diamond Core Drill \u2013 3300W \u2013 \u00d8402 mm - BYCON Europe<\/title>\n<meta name=\"description\" content=\"3300W diamond core drill with LCD display, 3-speed control &amp; \u00d8402 mm capacity. Ideal for dry drilling in concrete, asphalt &amp; stone. PRCD &amp; soft start.\" \/>\n<meta name=\"robots\" content=\"index, follow, max-snippet:-1, max-image-preview:large, max-video-preview:-1\" \/>\n<link rel=\"canonical\" href=\"https:\/\/bycon-europe.com\/es\/product\/bycon-dmp-352-diamante-taladro-de-nucleo-402mm-1-1-4-3300w\/\" \/>\n<meta property=\"og:locale\" content=\"es_ES\" \/>\n<meta property=\"og:type\" content=\"article\" \/>\n<meta property=\"og:title\" content=\"BYCON DMP-352 Wet Diamond Core Drill \u2013 3300W \u2013 \u00d8402 mm - BYCON Europe\" \/>\n<meta property=\"og:description\" content=\"3300W diamond core drill with LCD display, 3-speed control &amp; \u00d8402 mm capacity. Ideal for dry drilling in concrete, asphalt &amp; stone. PRCD &amp; soft start.\" \/>\n<meta property=\"og:url\" content=\"https:\/\/bycon-europe.com\/es\/product\/bycon-dmp-352-diamante-taladro-de-nucleo-402mm-1-1-4-3300w\/\" \/>\n<meta property=\"og:site_name\" content=\"BYCON Europe\" \/>\n<meta property=\"article:modified_time\" content=\"2025-07-07T09:39:14+00:00\" \/>\n<meta property=\"og:image\" content=\"https:\/\/bycon-europe.com\/wp-content\/uploads\/2025\/01\/DMP352-1.webp\" \/>\n\t<meta property=\"og:image:width\" content=\"700\" \/>\n\t<meta property=\"og:image:height\" content=\"700\" \/>\n\t<meta property=\"og:image:type\" content=\"image\/webp\" \/>\n<meta name=\"twitter:card\" content=\"summary_large_image\" \/>\n<meta name=\"twitter:label1\" content=\"Tiempo de lectura\" \/>\n\t<meta name=\"twitter:data1\" content=\"2 minutos\" \/>\n<script type=\"application\/ld+json\" class=\"yoast-schema-graph\">{\"@context\":\"https:\\\/\\\/schema.org\",\"@graph\":[{\"@type\":\"WebPage\",\"@id\":\"https:\\\/\\\/bycon-europe.com\\\/product\\\/bycon-dmp-352-diamond-core-drill-402mm-1-1-4-3300w\\\/\",\"url\":\"https:\\\/\\\/bycon-europe.com\\\/product\\\/bycon-dmp-352-diamond-core-drill-402mm-1-1-4-3300w\\\/\",\"name\":\"BYCON DMP-352 Wet Diamond Core Drill \u2013 3300W \u2013 \u00d8402 mm - BYCON Europe\",\"isPartOf\":{\"@id\":\"https:\\\/\\\/bycon-europe.com\\\/#website\"},\"primaryImageOfPage\":{\"@id\":\"https:\\\/\\\/bycon-europe.com\\\/product\\\/bycon-dmp-352-diamond-core-drill-402mm-1-1-4-3300w\\\/#primaryimage\"},\"image\":{\"@id\":\"https:\\\/\\\/bycon-europe.com\\\/product\\\/bycon-dmp-352-diamond-core-drill-402mm-1-1-4-3300w\\\/#primaryimage\"},\"thumbnailUrl\":\"https:\\\/\\\/bycon-europe.com\\\/wp-content\\\/uploads\\\/2025\\\/01\\\/DMP352-1.webp\",\"datePublished\":\"2025-01-17T09:46:49+00:00\",\"dateModified\":\"2025-07-07T09:39:14+00:00\",\"description\":\"3300W diamond core drill with LCD display, 3-speed control & \u00d8402 mm capacity. Ideal for dry drilling in concrete, asphalt & stone. PRCD & soft start.\",\"breadcrumb\":{\"@id\":\"https:\\\/\\\/bycon-europe.com\\\/product\\\/bycon-dmp-352-diamond-core-drill-402mm-1-1-4-3300w\\\/#breadcrumb\"},\"inLanguage\":\"es\",\"potentialAction\":[{\"@type\":\"ReadAction\",\"target\":[\"https:\\\/\\\/bycon-europe.com\\\/product\\\/bycon-dmp-352-diamond-core-drill-402mm-1-1-4-3300w\\\/\"]}]},{\"@type\":\"ImageObject\",\"inLanguage\":\"es\",\"@id\":\"https:\\\/\\\/bycon-europe.com\\\/product\\\/bycon-dmp-352-diamond-core-drill-402mm-1-1-4-3300w\\\/#primaryimage\",\"url\":\"https:\\\/\\\/bycon-europe.com\\\/wp-content\\\/uploads\\\/2025\\\/01\\\/DMP352-1.webp\",\"contentUrl\":\"https:\\\/\\\/bycon-europe.com\\\/wp-content\\\/uploads\\\/2025\\\/01\\\/DMP352-1.webp\",\"width\":700,\"height\":700},{\"@type\":\"BreadcrumbList\",\"@id\":\"https:\\\/\\\/bycon-europe.com\\\/product\\\/bycon-dmp-352-diamond-core-drill-402mm-1-1-4-3300w\\\/#breadcrumb\",\"itemListElement\":[{\"@type\":\"ListItem\",\"position\":1,\"name\":\"Home\",\"item\":\"https:\\\/\\\/bycon-europe.com\\\/\"},{\"@type\":\"ListItem\",\"position\":2,\"name\":\"Shop\",\"item\":\"https:\\\/\\\/bycon-europe.com\\\/shop\\\/\"},{\"@type\":\"ListItem\",\"position\":3,\"name\":\"BYCON DMP-352 Wet Diamond Core Drill Motor | 3300W | Heavy Duty | \u00d8402 mm\"}]},{\"@type\":\"WebSite\",\"@id\":\"https:\\\/\\\/bycon-europe.com\\\/#website\",\"url\":\"https:\\\/\\\/bycon-europe.com\\\/\",\"name\":\"BYCON Europe\",\"description\":\"\",\"publisher\":{\"@id\":\"https:\\\/\\\/bycon-europe.com\\\/#organization\"},\"potentialAction\":[{\"@type\":\"SearchAction\",\"target\":{\"@type\":\"EntryPoint\",\"urlTemplate\":\"https:\\\/\\\/bycon-europe.com\\\/?s={search_term_string}\"},\"query-input\":{\"@type\":\"PropertyValueSpecification\",\"valueRequired\":true,\"valueName\":\"search_term_string\"}}],\"inLanguage\":\"es\"},{\"@type\":\"Organization\",\"@id\":\"https:\\\/\\\/bycon-europe.com\\\/#organization\",\"name\":\"BYCON Europe\",\"url\":\"https:\\\/\\\/bycon-europe.com\\\/\",\"logo\":{\"@type\":\"ImageObject\",\"inLanguage\":\"es\",\"@id\":\"https:\\\/\\\/bycon-europe.com\\\/#\\\/schema\\\/logo\\\/image\\\/\",\"url\":\"https:\\\/\\\/bycon-europe.com\\\/wp-content\\\/uploads\\\/2025\\\/12\\\/logo-Bewerkt.png\",\"contentUrl\":\"https:\\\/\\\/bycon-europe.com\\\/wp-content\\\/uploads\\\/2025\\\/12\\\/logo-Bewerkt.png\",\"width\":765,\"height\":200,\"caption\":\"BYCON Europe\"},\"image\":{\"@id\":\"https:\\\/\\\/bycon-europe.com\\\/#\\\/schema\\\/logo\\\/image\\\/\"}}]}<\/script>\n<!-- \/ Yoast SEO plugin. -->","yoast_head_json":{"title":"Taladro de Diamante para N\u00facleos BYCON DMP-352 H\u00famedo \u2013 3300W \u2013 \u00d8402 mm - BYCON Europe","description":"Taladro diamantado de n\u00facleo de 3300W con pantalla LCD, control de 3 velocidades y capacidad de \u00d8402 mm. Ideal para perforaci\u00f3n en seco en hormig\u00f3n, asfalto y piedra. PRCD y arranque suave.","robots":{"index":"index","follow":"follow","max-snippet":"max-snippet:-1","max-image-preview":"max-image-preview:large","max-video-preview":"max-video-preview:-1"},"canonical":"https:\/\/bycon-europe.com\/es\/product\/bycon-dmp-352-diamante-taladro-de-nucleo-402mm-1-1-4-3300w\/","og_locale":"es_ES","og_type":"article","og_title":"BYCON DMP-352 Wet Diamond Core Drill \u2013 3300W \u2013 \u00d8402 mm - BYCON Europe","og_description":"3300W diamond core drill with LCD display, 3-speed control & \u00d8402 mm capacity. Ideal for dry drilling in concrete, asphalt & stone. PRCD & soft start.","og_url":"https:\/\/bycon-europe.com\/es\/product\/bycon-dmp-352-diamante-taladro-de-nucleo-402mm-1-1-4-3300w\/","og_site_name":"BYCON Europe","article_modified_time":"2025-07-07T09:39:14+00:00","og_image":[{"width":700,"height":700,"url":"https:\/\/bycon-europe.com\/wp-content\/uploads\/2025\/01\/DMP352-1.webp","type":"image\/webp"}],"twitter_card":"summary_large_image","twitter_misc":{"Tiempo de lectura":"2 minutos"},"schema":{"@context":"https:\/\/schema.org","@graph":[{"@type":"WebPage","@id":"https:\/\/bycon-europe.com\/product\/bycon-dmp-352-diamond-core-drill-402mm-1-1-4-3300w\/","url":"https:\/\/bycon-europe.com\/product\/bycon-dmp-352-diamond-core-drill-402mm-1-1-4-3300w\/","name":"Taladro de Diamante para N\u00facleos BYCON DMP-352 H\u00famedo \u2013 3300W \u2013 \u00d8402 mm - BYCON Europe","isPartOf":{"@id":"https:\/\/bycon-europe.com\/#website"},"primaryImageOfPage":{"@id":"https:\/\/bycon-europe.com\/product\/bycon-dmp-352-diamond-core-drill-402mm-1-1-4-3300w\/#primaryimage"},"image":{"@id":"https:\/\/bycon-europe.com\/product\/bycon-dmp-352-diamond-core-drill-402mm-1-1-4-3300w\/#primaryimage"},"thumbnailUrl":"https:\/\/bycon-europe.com\/wp-content\/uploads\/2025\/01\/DMP352-1.webp","datePublished":"2025-01-17T09:46:49+00:00","dateModified":"2025-07-07T09:39:14+00:00","description":"Taladro diamantado de n\u00facleo de 3300W con pantalla LCD, control de 3 velocidades y capacidad de \u00d8402 mm. Ideal para perforaci\u00f3n en seco en hormig\u00f3n, asfalto y piedra. PRCD y arranque suave.","breadcrumb":{"@id":"https:\/\/bycon-europe.com\/product\/bycon-dmp-352-diamond-core-drill-402mm-1-1-4-3300w\/#breadcrumb"},"inLanguage":"es","potentialAction":[{"@type":"ReadAction","target":["https:\/\/bycon-europe.com\/product\/bycon-dmp-352-diamond-core-drill-402mm-1-1-4-3300w\/"]}]},{"@type":"ImageObject","inLanguage":"es","@id":"https:\/\/bycon-europe.com\/product\/bycon-dmp-352-diamond-core-drill-402mm-1-1-4-3300w\/#primaryimage","url":"https:\/\/bycon-europe.com\/wp-content\/uploads\/2025\/01\/DMP352-1.webp","contentUrl":"https:\/\/bycon-europe.com\/wp-content\/uploads\/2025\/01\/DMP352-1.webp","width":700,"height":700},{"@type":"BreadcrumbList","@id":"https:\/\/bycon-europe.com\/product\/bycon-dmp-352-diamond-core-drill-402mm-1-1-4-3300w\/#breadcrumb","itemListElement":[{"@type":"ListItem","position":1,"name":"Home","item":"https:\/\/bycon-europe.com\/"},{"@type":"ListItem","position":2,"name":"Shop","item":"https:\/\/bycon-europe.com\/shop\/"},{"@type":"ListItem","position":3,"name":"BYCON DMP-352 Wet Diamond Core Drill Motor | 3300W | Heavy Duty | \u00d8402 mm"}]},{"@type":"WebSite","@id":"https:\/\/bycon-europe.com\/#website","url":"https:\/\/bycon-europe.com\/","name":"BYCON Europa","description":"","publisher":{"@id":"https:\/\/bycon-europe.com\/#organization"},"potentialAction":[{"@type":"SearchAction","target":{"@type":"EntryPoint","urlTemplate":"https:\/\/bycon-europe.com\/?s={search_term_string}"},"query-input":{"@type":"PropertyValueSpecification","valueRequired":true,"valueName":"search_term_string"}}],"inLanguage":"es"},{"@type":"Organization","@id":"https:\/\/bycon-europe.com\/#organization","name":"BYCON Europa","url":"https:\/\/bycon-europe.com\/","logo":{"@type":"ImageObject","inLanguage":"es","@id":"https:\/\/bycon-europe.com\/#\/schema\/logo\/image\/","url":"https:\/\/bycon-europe.com\/wp-content\/uploads\/2025\/12\/logo-Bewerkt.png","contentUrl":"https:\/\/bycon-europe.com\/wp-content\/uploads\/2025\/12\/logo-Bewerkt.png","width":765,"height":200,"caption":"BYCON Europe"},"image":{"@id":"https:\/\/bycon-europe.com\/#\/schema\/logo\/image\/"}}]}},"_links":{"self":[{"href":"https:\/\/bycon-europe.com\/es\/wp-json\/wp\/v2\/product\/412","targetHints":{"allow":["GET"]}}],"collection":[{"href":"https:\/\/bycon-europe.com\/es\/wp-json\/wp\/v2\/product"}],"about":[{"href":"https:\/\/bycon-europe.com\/es\/wp-json\/wp\/v2\/types\/product"}],"replies":[{"embeddable":true,"href":"https:\/\/bycon-europe.com\/es\/wp-json\/wp\/v2\/comments?post=412"}],"wp:featuredmedia":[{"embeddable":true,"href":"https:\/\/bycon-europe.com\/es\/wp-json\/wp\/v2\/media\/419"}],"wp:attachment":[{"href":"https:\/\/bycon-europe.com\/es\/wp-json\/wp\/v2\/media?parent=412"}],"wp:term":[{"taxonomy":"product_brand","embeddable":true,"href":"https:\/\/bycon-europe.com\/es\/wp-json\/wp\/v2\/product_brand?post=412"},{"taxonomy":"product_cat","embeddable":true,"href":"https:\/\/bycon-europe.com\/es\/wp-json\/wp\/v2\/product_cat?post=412"},{"taxonomy":"product_tag","embeddable":true,"href":"https:\/\/bycon-europe.com\/es\/wp-json\/wp\/v2\/product_tag?post=412"}],"curies":[{"name":"wp","href":"https:\/\/api.w.org\/{rel}","templated":true}]}}