{"id":443,"date":"2025-01-17T12:45:47","date_gmt":"2025-01-17T12:45:47","guid":{"rendered":"https:\/\/bycon-europe.com\/?post_type=product&#038;p=443"},"modified":"2025-04-03T06:47:43","modified_gmt":"2025-04-03T06:47:43","slug":"martillo-de-poste-a-gasolina-profesional-bycon-dpd-100n-de-60-mm-ideal-para-carpas-de-festivales","status":"publish","type":"product","link":"https:\/\/bycon-europe.com\/es\/product\/bycon-dpd-100n-professional-petrol-post-driver-60mm-ideal-for-festival-tents\/","title":{"rendered":"BYCON DPD-100N Martillo Perforador de Gasolina Profesional 60 mm"},"content":{"rendered":"<h2 data-pm-slice=\"1 3 []\"><strong>Potente Perforadora de Gasolina para Aplicaciones Vers\u00e1tiles<\/strong><\/h2>\n<p data-pm-slice=\"1 3 []\">El martillo pil\u00f3n para gasolina BYCON DPD-100N de 60 mm es la herramienta definitiva para el montaje de carpas de festivales, cercas, agricultura, vi\u00f1edos, paisajismo y postes de construcci\u00f3n. Su operaci\u00f3n de alta velocidad y su fuerte fuerza de impacto hacen que clavar estacas y postes sea m\u00e1s r\u00e1pido y f\u00e1cil.<\/p>\n<ul data-spread=\"false\">\n<li><strong>Eficiencia energ\u00e9tica y bajo consumo de combustible:<\/strong> Utiliza gasolina Euro 98 para un rendimiento rentable<\/li>\n<li><strong>Compatible con varias publicaciones:<\/strong> Adecuado para estacas de madera y metal de hasta 60 mm de di\u00e1metro<\/li>\n<li><strong>Optimizado para la Comodidad<\/strong> Mangos ergon\u00f3micos antivibraci\u00f3n para una mejor usabilidad<\/li>\n<li><strong>Equilibrio entre potencia y peso:<\/strong> Construido con una caja de cambios de aluminio fundido para una relaci\u00f3n potencia-peso ideal<\/li>\n<\/ul>\n<p data-pm-slice=\"1 1 []\">\ud83d\udccc <strong>Nota:<\/strong> Aseg\u00farese de que el aceite del motor est\u00e9 a nivel antes de usarlo para un rendimiento \u00f3ptimo del motor.<\/p>\n<p><strong>\u00bfQu\u00e9 incluye?<\/strong><\/p>\n<ul data-spread=\"false\">\n<li>BYCON DPD-100N - Martillo profesional de gasolina para postes - Ideal para carpas de festivales<\/li>\n<li>Caja de transporte resistente de BMC con ruedas de transporte<\/li>\n<li>Accesorios diversos<\/li>\n<\/ul>\n<p>&nbsp;<\/p>","protected":false},"excerpt":{"rendered":"<ul data-spread=\"false\" data-pm-slice=\"3 3 []\">\n<li><strong>Alta Eficiencia<\/strong> Rendimiento r\u00e1pido y potente para la colocaci\u00f3n de postes r\u00e1pida y sin esfuerzo<\/li>\n<li><strong>Duradero y fiable<\/strong> La caja de cambios de alta resistencia y el robusto soporte del motor garantizan la longevidad<\/li>\n<li><strong>C\u00f3modo de usar<\/strong> Las manijas amortiguadas de 4 v\u00edas reducen la vibraci\u00f3n para una operaci\u00f3n m\u00e1s segura y precisa<\/li>\n<li><strong>Port\u00e1til y ligero<\/strong> Viene en un estuche de transporte BMC con ruedas, que pesa solo 18,5 kg.<\/li>\n<\/ul>","protected":false},"featured_media":450,"comment_status":"open","ping_status":"closed","template":"","meta":[],"product_brand":[],"product_cat":[15,29,27,28],"product_tag":[],"class_list":{"0":"post-443","1":"product","2":"type-product","3":"status-publish","4":"has-post-thumbnail","6":"product_cat-all-machines","7":"product_cat-petrol-post-driver","8":"product_cat-petrol-tools","9":"product_cat-post-driving-breaking","11":"first","12":"instock","13":"shipping-taxable","14":"product-type-simple"},"yoast_head":"<!-- This site is optimized with the Yoast SEO plugin v27.6 - https:\/\/yoast.com\/product\/yoast-seo-wordpress\/ -->\n<title>BYCON DPD-100N Professional Petrol Post Driver 60mm - BYCON Europe<\/title>\n<meta name=\"robots\" content=\"index, follow, max-snippet:-1, max-image-preview:large, max-video-preview:-1\" \/>\n<link rel=\"canonical\" href=\"https:\/\/bycon-europe.com\/es\/product\/martillo-de-poste-a-gasolina-profesional-bycon-dpd-100n-de-60-mm-ideal-para-carpas-de-festivales\/\" \/>\n<meta property=\"og:locale\" content=\"es_ES\" \/>\n<meta property=\"og:type\" content=\"article\" \/>\n<meta property=\"og:title\" content=\"BYCON DPD-100N Professional Petrol Post Driver 60mm - BYCON Europe\" \/>\n<meta property=\"og:description\" content=\"High Efficiency: Fast and powerful performance for quick and effortless post driving  Durable &amp; Reliable: Heavy-duty gearbox and robust engine mount ensure longevity  Comfortable to Use: 4-way dampened handles reduce vibration for safer and more precise operation  Portable &amp; Lightweight: Comes in a BMC transport case with wheels, weighing only 18.5 kg\" \/>\n<meta property=\"og:url\" content=\"https:\/\/bycon-europe.com\/es\/product\/martillo-de-poste-a-gasolina-profesional-bycon-dpd-100n-de-60-mm-ideal-para-carpas-de-festivales\/\" \/>\n<meta property=\"og:site_name\" content=\"BYCON Europe\" \/>\n<meta property=\"article:modified_time\" content=\"2025-04-03T06:47:43+00:00\" \/>\n<meta property=\"og:image\" content=\"https:\/\/bycon-europe.com\/wp-content\/uploads\/2025\/01\/DPD100N-palenraamer-2.webp\" \/>\n\t<meta property=\"og:image:width\" content=\"700\" \/>\n\t<meta property=\"og:image:height\" content=\"700\" \/>\n\t<meta property=\"og:image:type\" content=\"image\/webp\" \/>\n<meta name=\"twitter:card\" content=\"summary_large_image\" \/>\n<meta name=\"twitter:label1\" content=\"Tiempo de lectura\" \/>\n\t<meta name=\"twitter:data1\" content=\"1 minuto\" \/>\n<script type=\"application\/ld+json\" class=\"yoast-schema-graph\">{\"@context\":\"https:\\\/\\\/schema.org\",\"@graph\":[{\"@type\":\"WebPage\",\"@id\":\"https:\\\/\\\/bycon-europe.com\\\/product\\\/bycon-dpd-100n-professional-petrol-post-driver-60mm-ideal-for-festival-tents\\\/\",\"url\":\"https:\\\/\\\/bycon-europe.com\\\/product\\\/bycon-dpd-100n-professional-petrol-post-driver-60mm-ideal-for-festival-tents\\\/\",\"name\":\"BYCON DPD-100N Professional Petrol Post Driver 60mm - BYCON Europe\",\"isPartOf\":{\"@id\":\"https:\\\/\\\/bycon-europe.com\\\/#website\"},\"primaryImageOfPage\":{\"@id\":\"https:\\\/\\\/bycon-europe.com\\\/product\\\/bycon-dpd-100n-professional-petrol-post-driver-60mm-ideal-for-festival-tents\\\/#primaryimage\"},\"image\":{\"@id\":\"https:\\\/\\\/bycon-europe.com\\\/product\\\/bycon-dpd-100n-professional-petrol-post-driver-60mm-ideal-for-festival-tents\\\/#primaryimage\"},\"thumbnailUrl\":\"https:\\\/\\\/bycon-europe.com\\\/wp-content\\\/uploads\\\/2025\\\/01\\\/DPD100N-palenraamer-2.webp\",\"datePublished\":\"2025-01-17T12:45:47+00:00\",\"dateModified\":\"2025-04-03T06:47:43+00:00\",\"breadcrumb\":{\"@id\":\"https:\\\/\\\/bycon-europe.com\\\/product\\\/bycon-dpd-100n-professional-petrol-post-driver-60mm-ideal-for-festival-tents\\\/#breadcrumb\"},\"inLanguage\":\"es\",\"potentialAction\":[{\"@type\":\"ReadAction\",\"target\":[\"https:\\\/\\\/bycon-europe.com\\\/product\\\/bycon-dpd-100n-professional-petrol-post-driver-60mm-ideal-for-festival-tents\\\/\"]}]},{\"@type\":\"ImageObject\",\"inLanguage\":\"es\",\"@id\":\"https:\\\/\\\/bycon-europe.com\\\/product\\\/bycon-dpd-100n-professional-petrol-post-driver-60mm-ideal-for-festival-tents\\\/#primaryimage\",\"url\":\"https:\\\/\\\/bycon-europe.com\\\/wp-content\\\/uploads\\\/2025\\\/01\\\/DPD100N-palenraamer-2.webp\",\"contentUrl\":\"https:\\\/\\\/bycon-europe.com\\\/wp-content\\\/uploads\\\/2025\\\/01\\\/DPD100N-palenraamer-2.webp\",\"width\":700,\"height\":700},{\"@type\":\"BreadcrumbList\",\"@id\":\"https:\\\/\\\/bycon-europe.com\\\/product\\\/bycon-dpd-100n-professional-petrol-post-driver-60mm-ideal-for-festival-tents\\\/#breadcrumb\",\"itemListElement\":[{\"@type\":\"ListItem\",\"position\":1,\"name\":\"Home\",\"item\":\"https:\\\/\\\/bycon-europe.com\\\/\"},{\"@type\":\"ListItem\",\"position\":2,\"name\":\"Shop\",\"item\":\"https:\\\/\\\/bycon-europe.com\\\/shop\\\/\"},{\"@type\":\"ListItem\",\"position\":3,\"name\":\"BYCON DPD-100N Professional Petrol Post Driver 60mm\"}]},{\"@type\":\"WebSite\",\"@id\":\"https:\\\/\\\/bycon-europe.com\\\/#website\",\"url\":\"https:\\\/\\\/bycon-europe.com\\\/\",\"name\":\"BYCON Europe\",\"description\":\"\",\"publisher\":{\"@id\":\"https:\\\/\\\/bycon-europe.com\\\/#organization\"},\"potentialAction\":[{\"@type\":\"SearchAction\",\"target\":{\"@type\":\"EntryPoint\",\"urlTemplate\":\"https:\\\/\\\/bycon-europe.com\\\/?s={search_term_string}\"},\"query-input\":{\"@type\":\"PropertyValueSpecification\",\"valueRequired\":true,\"valueName\":\"search_term_string\"}}],\"inLanguage\":\"es\"},{\"@type\":\"Organization\",\"@id\":\"https:\\\/\\\/bycon-europe.com\\\/#organization\",\"name\":\"BYCON Europe\",\"url\":\"https:\\\/\\\/bycon-europe.com\\\/\",\"logo\":{\"@type\":\"ImageObject\",\"inLanguage\":\"es\",\"@id\":\"https:\\\/\\\/bycon-europe.com\\\/#\\\/schema\\\/logo\\\/image\\\/\",\"url\":\"https:\\\/\\\/bycon-europe.com\\\/wp-content\\\/uploads\\\/2025\\\/12\\\/logo-Bewerkt.png\",\"contentUrl\":\"https:\\\/\\\/bycon-europe.com\\\/wp-content\\\/uploads\\\/2025\\\/12\\\/logo-Bewerkt.png\",\"width\":765,\"height\":200,\"caption\":\"BYCON Europe\"},\"image\":{\"@id\":\"https:\\\/\\\/bycon-europe.com\\\/#\\\/schema\\\/logo\\\/image\\\/\"}}]}<\/script>\n<!-- \/ Yoast SEO plugin. -->","yoast_head_json":{"title":"BYCON DPD-100N Martillo Perforador Profesional de Gasolina 60mm - BYCON Europa","robots":{"index":"index","follow":"follow","max-snippet":"max-snippet:-1","max-image-preview":"max-image-preview:large","max-video-preview":"max-video-preview:-1"},"canonical":"https:\/\/bycon-europe.com\/es\/product\/martillo-de-poste-a-gasolina-profesional-bycon-dpd-100n-de-60-mm-ideal-para-carpas-de-festivales\/","og_locale":"es_ES","og_type":"article","og_title":"BYCON DPD-100N Professional Petrol Post Driver 60mm - BYCON Europe","og_description":"High Efficiency: Fast and powerful performance for quick and effortless post driving  Durable &amp; Reliable: Heavy-duty gearbox and robust engine mount ensure longevity  Comfortable to Use: 4-way dampened handles reduce vibration for safer and more precise operation  Portable &amp; Lightweight: Comes in a BMC transport case with wheels, weighing only 18.5 kg","og_url":"https:\/\/bycon-europe.com\/es\/product\/martillo-de-poste-a-gasolina-profesional-bycon-dpd-100n-de-60-mm-ideal-para-carpas-de-festivales\/","og_site_name":"BYCON Europe","article_modified_time":"2025-04-03T06:47:43+00:00","og_image":[{"width":700,"height":700,"url":"https:\/\/bycon-europe.com\/wp-content\/uploads\/2025\/01\/DPD100N-palenraamer-2.webp","type":"image\/webp"}],"twitter_card":"summary_large_image","twitter_misc":{"Tiempo de lectura":"1 minuto"},"schema":{"@context":"https:\/\/schema.org","@graph":[{"@type":"WebPage","@id":"https:\/\/bycon-europe.com\/product\/bycon-dpd-100n-professional-petrol-post-driver-60mm-ideal-for-festival-tents\/","url":"https:\/\/bycon-europe.com\/product\/bycon-dpd-100n-professional-petrol-post-driver-60mm-ideal-for-festival-tents\/","name":"BYCON DPD-100N Martillo Perforador Profesional de Gasolina 60mm - BYCON Europa","isPartOf":{"@id":"https:\/\/bycon-europe.com\/#website"},"primaryImageOfPage":{"@id":"https:\/\/bycon-europe.com\/product\/bycon-dpd-100n-professional-petrol-post-driver-60mm-ideal-for-festival-tents\/#primaryimage"},"image":{"@id":"https:\/\/bycon-europe.com\/product\/bycon-dpd-100n-professional-petrol-post-driver-60mm-ideal-for-festival-tents\/#primaryimage"},"thumbnailUrl":"https:\/\/bycon-europe.com\/wp-content\/uploads\/2025\/01\/DPD100N-palenraamer-2.webp","datePublished":"2025-01-17T12:45:47+00:00","dateModified":"2025-04-03T06:47:43+00:00","breadcrumb":{"@id":"https:\/\/bycon-europe.com\/product\/bycon-dpd-100n-professional-petrol-post-driver-60mm-ideal-for-festival-tents\/#breadcrumb"},"inLanguage":"es","potentialAction":[{"@type":"ReadAction","target":["https:\/\/bycon-europe.com\/product\/bycon-dpd-100n-professional-petrol-post-driver-60mm-ideal-for-festival-tents\/"]}]},{"@type":"ImageObject","inLanguage":"es","@id":"https:\/\/bycon-europe.com\/product\/bycon-dpd-100n-professional-petrol-post-driver-60mm-ideal-for-festival-tents\/#primaryimage","url":"https:\/\/bycon-europe.com\/wp-content\/uploads\/2025\/01\/DPD100N-palenraamer-2.webp","contentUrl":"https:\/\/bycon-europe.com\/wp-content\/uploads\/2025\/01\/DPD100N-palenraamer-2.webp","width":700,"height":700},{"@type":"BreadcrumbList","@id":"https:\/\/bycon-europe.com\/product\/bycon-dpd-100n-professional-petrol-post-driver-60mm-ideal-for-festival-tents\/#breadcrumb","itemListElement":[{"@type":"ListItem","position":1,"name":"Home","item":"https:\/\/bycon-europe.com\/"},{"@type":"ListItem","position":2,"name":"Shop","item":"https:\/\/bycon-europe.com\/shop\/"},{"@type":"ListItem","position":3,"name":"BYCON DPD-100N Professional Petrol Post Driver 60mm"}]},{"@type":"WebSite","@id":"https:\/\/bycon-europe.com\/#website","url":"https:\/\/bycon-europe.com\/","name":"BYCON Europa","description":"","publisher":{"@id":"https:\/\/bycon-europe.com\/#organization"},"potentialAction":[{"@type":"SearchAction","target":{"@type":"EntryPoint","urlTemplate":"https:\/\/bycon-europe.com\/?s={search_term_string}"},"query-input":{"@type":"PropertyValueSpecification","valueRequired":true,"valueName":"search_term_string"}}],"inLanguage":"es"},{"@type":"Organization","@id":"https:\/\/bycon-europe.com\/#organization","name":"BYCON Europa","url":"https:\/\/bycon-europe.com\/","logo":{"@type":"ImageObject","inLanguage":"es","@id":"https:\/\/bycon-europe.com\/#\/schema\/logo\/image\/","url":"https:\/\/bycon-europe.com\/wp-content\/uploads\/2025\/12\/logo-Bewerkt.png","contentUrl":"https:\/\/bycon-europe.com\/wp-content\/uploads\/2025\/12\/logo-Bewerkt.png","width":765,"height":200,"caption":"BYCON Europe"},"image":{"@id":"https:\/\/bycon-europe.com\/#\/schema\/logo\/image\/"}}]}},"_links":{"self":[{"href":"https:\/\/bycon-europe.com\/es\/wp-json\/wp\/v2\/product\/443","targetHints":{"allow":["GET"]}}],"collection":[{"href":"https:\/\/bycon-europe.com\/es\/wp-json\/wp\/v2\/product"}],"about":[{"href":"https:\/\/bycon-europe.com\/es\/wp-json\/wp\/v2\/types\/product"}],"replies":[{"embeddable":true,"href":"https:\/\/bycon-europe.com\/es\/wp-json\/wp\/v2\/comments?post=443"}],"wp:featuredmedia":[{"embeddable":true,"href":"https:\/\/bycon-europe.com\/es\/wp-json\/wp\/v2\/media\/450"}],"wp:attachment":[{"href":"https:\/\/bycon-europe.com\/es\/wp-json\/wp\/v2\/media?parent=443"}],"wp:term":[{"taxonomy":"product_brand","embeddable":true,"href":"https:\/\/bycon-europe.com\/es\/wp-json\/wp\/v2\/product_brand?post=443"},{"taxonomy":"product_cat","embeddable":true,"href":"https:\/\/bycon-europe.com\/es\/wp-json\/wp\/v2\/product_cat?post=443"},{"taxonomy":"product_tag","embeddable":true,"href":"https:\/\/bycon-europe.com\/es\/wp-json\/wp\/v2\/product_tag?post=443"}],"curies":[{"name":"wp","href":"https:\/\/api.w.org\/{rel}","templated":true}]}}