{"id":506,"date":"2025-01-17T15:08:16","date_gmt":"2025-01-17T15:08:16","guid":{"rendered":"https:\/\/bycon-europe.com\/?post_type=product&#038;p=506"},"modified":"2025-04-03T06:46:30","modified_gmt":"2025-04-03T06:46:30","slug":"extractor-de-polvo-bycon-ivc-2000-cyclone-hepa-2400w-230v-filtro-h13","status":"publish","type":"product","link":"https:\/\/bycon-europe.com\/es\/product\/bycon-ivc-2000-cyclone-hepa-dust-extractor-2400w-230v-h13-filter\/","title":{"rendered":"Extractor de Polvo BYCON IVC-2000 Cicl\u00f3n HEPA 2400W \u2013 230V \u2013 Filtro H13"},"content":{"rendered":"<h2 data-pm-slice=\"1 1 []\"><strong>Extractor de polvo profesional HEPA Cyclone para aplicaciones de uso intensivo<\/strong><\/h2>\n<p data-pm-slice=\"1 1 []\">El aspirador cicl\u00f3nico con filtro HEPA BYCON IVC-2000 es un sistema de aspiraci\u00f3n industrial de alto rendimiento dise\u00f1ado para la aspiraci\u00f3n en el punto de origen con amoladoras de diamante y la recogida de polvo peligroso. Equipada con un potente sistema de doble motor de 2400 W, esta unidad cumple con la normativa de la OSHA y cuenta con la certificaci\u00f3n HEPA H13, siendo capaz de capturar el 99,991 % de las part\u00edculas de hasta 0,3 \u03bcm.<\/p>\n<ul data-spread=\"false\">\n<li><strong>Optimizado para Uso Profesional:<\/strong> Adecuado para la eliminaci\u00f3n de polvo de concreto, limpieza industrial y contenci\u00f3n de materiales peligrosos<\/li>\n<li><strong>Separaci\u00f3n de Polvo de Alta Capacidad<\/strong> La acci\u00f3n cicl\u00f3nica eficiente reduce la obstrucci\u00f3n del filtro, manteniendo un flujo de aire constante<\/li>\n<li><strong>Limpieza por Jet-Pulse de Aire Inverso<\/strong> Limpia filtros eficazmente sin necesidad de abrir la aspiradora<\/li>\n<li><strong>Construido para la durabilidad:<\/strong> Dise\u00f1ado para condiciones dif\u00edciles en el lugar de trabajo con ruedas que no marcan y carcasa de acero reforzada<\/li>\n<\/ul>\n<p><strong>Sistema de Filtraci\u00f3n de 3 Etapas para M\u00e1xima Eficiencia<\/strong><br \/>\nEl IVC-2000 utiliza un proceso de filtraci\u00f3n en tres etapas, garantizando la m\u00e1xima contenci\u00f3n de polvo y pureza del aire:<br \/>\n1\ufe0f\u20e3 <strong>Separaci\u00f3n cicl\u00f3nica<\/strong> Quita <strong>escombros grandes y polvo grueso<\/strong>, deposit\u00e1ndolo en el <strong>Sistema de bolsa continua<\/strong>.<br \/>\n2\ufe0f\u20e3 <strong>Prefiltro C\u00f3nico<\/strong> \u2013 Capturas <strong>part\u00edculas finas<\/strong> antes de llegar a los filtros HEPA.<br \/>\n3\ufe0f\u20e3 <strong>Filtros HEPA H13<\/strong> \u2013 Probados de forma independiente, estos filtros <strong>eliminar el 99,991 % de las part\u00edculas ultrafinas<\/strong> (0.3\u03bcm y superior).<\/p>\n<p data-pm-slice=\"1 1 []\">\ud83d\udccc <strong>Nota:<\/strong> Dise\u00f1ado para <strong>aplicaciones de lijado, corte, desbaste y pulido sin polvo<\/strong>, asegurando el cumplimiento de <strong>normas de seguridad y calidad del aire<\/strong>.<\/p>\n<p><strong>\u00bfQu\u00e9 incluye?<\/strong><\/p>\n<ul data-spread=\"false\">\n<li>Extractor de polvo cicl\u00f3nico BYCON IVC-2000 HEPA 2400W 230V<\/li>\n<li>2 filtros HEPA-13<\/li>\n<li>Prefiltro C\u00f3nico de Poli\u00e9ster<\/li>\n<li>Sistema de Bolsa Continua para Recolecci\u00f3n de Polvo<\/li>\n<li><strong>Accesorios:<\/strong>\n<ul data-spread=\"false\">\n<li>Tubo de aspiraci\u00f3n de acero inoxidable de 2 piezas (\u00d850 mm)<\/li>\n<li>Manguera de aspiraci\u00f3n antiest\u00e1tica de 7,5 m (\u00d850 mm)<\/li>\n<li>Boquilla de suelo<\/li>\n<li>Pu\u00f1o de manguera de goma<\/li>\n<li>Adaptador D70\/50<\/li>\n<\/ul>\n<\/li>\n<\/ul>\n<p><strong>Ideal para:<\/strong><br \/>\n\u2705 Extracci\u00f3n de polvo fino y seco de hormig\u00f3n, epoxi y recubrimientos industriales<br \/>\n\u2705 Lijado, corte, cincelado y pulido sin polvo<br \/>\n\u2705 Limpieza integral de obras y talleres<br \/>\n\u2705 Aumentando la capacidad de recolecci\u00f3n de polvo con pre-separadores<\/p>\n<p><strong>Sistema de Filtro HEPA H13<\/strong><br \/>\nLos filtros de aire de alta eficiencia para part\u00edculas (HEPA) son sistemas de filtraci\u00f3n de aire de alto rendimiento que cumplen la estricta norma EN 1822-1. BYCON utiliza filtros HEPA de clase H13, capaces de retener el 99,951 % de las part\u00edculas de entre 0,15 y 0,30 \u03bcm, que son los tama\u00f1os de part\u00edcula m\u00e1s dif\u00edciles de capturar. Cada filtro se somete a pruebas y se certifica individualmente antes de su entrega.<\/p>","protected":false},"excerpt":{"rendered":"<ul data-spread=\"false\" data-pm-slice=\"3 3 []\">\n<li><strong>Potencia de Doble Motor:<\/strong> Extractor de polvo industrial de 2400W para succi\u00f3n de alto rendimiento<\/li>\n<li><strong>Filtraci\u00f3n avanzada de 3 etapas:<\/strong> Separaci\u00f3n cicl\u00f3nica, prefiltro y filtros HEPA H13 duales<\/li>\n<li><strong>Sistema de Limpieza Jet-Pulse:<\/strong> Asegura una mayor vida \u00fatil del filtro y una potencia de succi\u00f3n constante<\/li>\n<li><strong>Sistema de embolsado continuo:<\/strong> Permite una eliminaci\u00f3n sin polvo y mantiene la calidad del aire<\/li>\n<li><strong>Eficiencia de grado industrial:<\/strong> Ideal para amoladoras de diamante, extracci\u00f3n de polvo peligroso y polvo fino de hormig\u00f3n<\/li>\n<\/ul>","protected":false},"featured_media":512,"comment_status":"open","ping_status":"closed","template":"","meta":[],"product_brand":[],"product_cat":[18,49,50],"product_tag":[],"class_list":{"0":"post-506","1":"product","2":"type-product","3":"status-publish","4":"has-post-thumbnail","6":"product_cat-accessories","7":"product_cat-dust-management-extraction","8":"product_cat-industrial-vacuum-cleaner","10":"first","11":"instock","12":"shipping-taxable","13":"product-type-simple"},"yoast_head":"<!-- This site is optimized with the Yoast SEO plugin v27.6 - https:\/\/yoast.com\/product\/yoast-seo-wordpress\/ -->\n<title>BYCON IVC-2000 Cyclone HEPA Dust Extractor 2400W \u2013 230V \u2013 H13 Filter - BYCON Europe<\/title>\n<meta name=\"robots\" content=\"index, follow, max-snippet:-1, max-image-preview:large, max-video-preview:-1\" \/>\n<link rel=\"canonical\" href=\"https:\/\/bycon-europe.com\/es\/product\/extractor-de-polvo-bycon-ivc-2000-cyclone-hepa-2400w-230v-filtro-h13\/\" \/>\n<meta property=\"og:locale\" content=\"es_ES\" \/>\n<meta property=\"og:type\" content=\"article\" \/>\n<meta property=\"og:title\" content=\"BYCON IVC-2000 Cyclone HEPA Dust Extractor 2400W \u2013 230V \u2013 H13 Filter - BYCON Europe\" \/>\n<meta property=\"og:description\" content=\"Dual-Motor Power: 2400W industrial-grade dust extractor for high-performance suction  Advanced 3-Stage Filtration: Cyclonic separation, pre-filter, and dual HEPA H13 filters  Jet-Pulse Cleaning System: Ensures longer filter lifespan and consistent suction power  Continuous Bagging System: Enables dust-free disposal and maintains air quality  Industrial-Grade Efficiency: Ideal for diamond grinders, hazardous dust extraction, and fine concrete dust\" \/>\n<meta property=\"og:url\" content=\"https:\/\/bycon-europe.com\/es\/product\/extractor-de-polvo-bycon-ivc-2000-cyclone-hepa-2400w-230v-filtro-h13\/\" \/>\n<meta property=\"og:site_name\" content=\"BYCON Europe\" \/>\n<meta property=\"article:modified_time\" content=\"2025-04-03T06:46:30+00:00\" \/>\n<meta property=\"og:image\" content=\"https:\/\/bycon-europe.com\/wp-content\/uploads\/2025\/01\/IVC2000-4.jpg\" \/>\n\t<meta property=\"og:image:width\" content=\"700\" \/>\n\t<meta property=\"og:image:height\" content=\"700\" \/>\n\t<meta property=\"og:image:type\" content=\"image\/jpeg\" \/>\n<meta name=\"twitter:card\" content=\"summary_large_image\" \/>\n<meta name=\"twitter:label1\" content=\"Tiempo de lectura\" \/>\n\t<meta name=\"twitter:data1\" content=\"2 minutos\" \/>\n<script type=\"application\/ld+json\" class=\"yoast-schema-graph\">{\"@context\":\"https:\\\/\\\/schema.org\",\"@graph\":[{\"@type\":\"WebPage\",\"@id\":\"https:\\\/\\\/bycon-europe.com\\\/product\\\/bycon-ivc-2000-cyclone-hepa-dust-extractor-2400w-230v-h13-filter\\\/\",\"url\":\"https:\\\/\\\/bycon-europe.com\\\/product\\\/bycon-ivc-2000-cyclone-hepa-dust-extractor-2400w-230v-h13-filter\\\/\",\"name\":\"BYCON IVC-2000 Cyclone HEPA Dust Extractor 2400W \u2013 230V \u2013 H13 Filter - BYCON Europe\",\"isPartOf\":{\"@id\":\"https:\\\/\\\/bycon-europe.com\\\/#website\"},\"primaryImageOfPage\":{\"@id\":\"https:\\\/\\\/bycon-europe.com\\\/product\\\/bycon-ivc-2000-cyclone-hepa-dust-extractor-2400w-230v-h13-filter\\\/#primaryimage\"},\"image\":{\"@id\":\"https:\\\/\\\/bycon-europe.com\\\/product\\\/bycon-ivc-2000-cyclone-hepa-dust-extractor-2400w-230v-h13-filter\\\/#primaryimage\"},\"thumbnailUrl\":\"https:\\\/\\\/bycon-europe.com\\\/wp-content\\\/uploads\\\/2025\\\/01\\\/IVC2000-4.jpg\",\"datePublished\":\"2025-01-17T15:08:16+00:00\",\"dateModified\":\"2025-04-03T06:46:30+00:00\",\"breadcrumb\":{\"@id\":\"https:\\\/\\\/bycon-europe.com\\\/product\\\/bycon-ivc-2000-cyclone-hepa-dust-extractor-2400w-230v-h13-filter\\\/#breadcrumb\"},\"inLanguage\":\"es\",\"potentialAction\":[{\"@type\":\"ReadAction\",\"target\":[\"https:\\\/\\\/bycon-europe.com\\\/product\\\/bycon-ivc-2000-cyclone-hepa-dust-extractor-2400w-230v-h13-filter\\\/\"]}]},{\"@type\":\"ImageObject\",\"inLanguage\":\"es\",\"@id\":\"https:\\\/\\\/bycon-europe.com\\\/product\\\/bycon-ivc-2000-cyclone-hepa-dust-extractor-2400w-230v-h13-filter\\\/#primaryimage\",\"url\":\"https:\\\/\\\/bycon-europe.com\\\/wp-content\\\/uploads\\\/2025\\\/01\\\/IVC2000-4.jpg\",\"contentUrl\":\"https:\\\/\\\/bycon-europe.com\\\/wp-content\\\/uploads\\\/2025\\\/01\\\/IVC2000-4.jpg\",\"width\":700,\"height\":700},{\"@type\":\"BreadcrumbList\",\"@id\":\"https:\\\/\\\/bycon-europe.com\\\/product\\\/bycon-ivc-2000-cyclone-hepa-dust-extractor-2400w-230v-h13-filter\\\/#breadcrumb\",\"itemListElement\":[{\"@type\":\"ListItem\",\"position\":1,\"name\":\"Home\",\"item\":\"https:\\\/\\\/bycon-europe.com\\\/\"},{\"@type\":\"ListItem\",\"position\":2,\"name\":\"Shop\",\"item\":\"https:\\\/\\\/bycon-europe.com\\\/shop\\\/\"},{\"@type\":\"ListItem\",\"position\":3,\"name\":\"BYCON IVC-2000 Cyclone HEPA Dust Extractor 2400W \u2013 230V \u2013 H13 Filter\"}]},{\"@type\":\"WebSite\",\"@id\":\"https:\\\/\\\/bycon-europe.com\\\/#website\",\"url\":\"https:\\\/\\\/bycon-europe.com\\\/\",\"name\":\"BYCON Europe\",\"description\":\"\",\"publisher\":{\"@id\":\"https:\\\/\\\/bycon-europe.com\\\/#organization\"},\"potentialAction\":[{\"@type\":\"SearchAction\",\"target\":{\"@type\":\"EntryPoint\",\"urlTemplate\":\"https:\\\/\\\/bycon-europe.com\\\/?s={search_term_string}\"},\"query-input\":{\"@type\":\"PropertyValueSpecification\",\"valueRequired\":true,\"valueName\":\"search_term_string\"}}],\"inLanguage\":\"es\"},{\"@type\":\"Organization\",\"@id\":\"https:\\\/\\\/bycon-europe.com\\\/#organization\",\"name\":\"BYCON Europe\",\"url\":\"https:\\\/\\\/bycon-europe.com\\\/\",\"logo\":{\"@type\":\"ImageObject\",\"inLanguage\":\"es\",\"@id\":\"https:\\\/\\\/bycon-europe.com\\\/#\\\/schema\\\/logo\\\/image\\\/\",\"url\":\"https:\\\/\\\/bycon-europe.com\\\/wp-content\\\/uploads\\\/2025\\\/12\\\/logo-Bewerkt.png\",\"contentUrl\":\"https:\\\/\\\/bycon-europe.com\\\/wp-content\\\/uploads\\\/2025\\\/12\\\/logo-Bewerkt.png\",\"width\":765,\"height\":200,\"caption\":\"BYCON Europe\"},\"image\":{\"@id\":\"https:\\\/\\\/bycon-europe.com\\\/#\\\/schema\\\/logo\\\/image\\\/\"}}]}<\/script>\n<!-- \/ Yoast SEO plugin. -->","yoast_head_json":{"title":"Extractor de Polvo Cicl\u00f3n HEPA BYCON IVC-2000 2400W \u2013 230V \u2013 Filtro H13 - BYCON Europe","robots":{"index":"index","follow":"follow","max-snippet":"max-snippet:-1","max-image-preview":"max-image-preview:large","max-video-preview":"max-video-preview:-1"},"canonical":"https:\/\/bycon-europe.com\/es\/product\/extractor-de-polvo-bycon-ivc-2000-cyclone-hepa-2400w-230v-filtro-h13\/","og_locale":"es_ES","og_type":"article","og_title":"BYCON IVC-2000 Cyclone HEPA Dust Extractor 2400W \u2013 230V \u2013 H13 Filter - BYCON Europe","og_description":"Dual-Motor Power: 2400W industrial-grade dust extractor for high-performance suction  Advanced 3-Stage Filtration: Cyclonic separation, pre-filter, and dual HEPA H13 filters  Jet-Pulse Cleaning System: Ensures longer filter lifespan and consistent suction power  Continuous Bagging System: Enables dust-free disposal and maintains air quality  Industrial-Grade Efficiency: Ideal for diamond grinders, hazardous dust extraction, and fine concrete dust","og_url":"https:\/\/bycon-europe.com\/es\/product\/extractor-de-polvo-bycon-ivc-2000-cyclone-hepa-2400w-230v-filtro-h13\/","og_site_name":"BYCON Europe","article_modified_time":"2025-04-03T06:46:30+00:00","og_image":[{"width":700,"height":700,"url":"https:\/\/bycon-europe.com\/wp-content\/uploads\/2025\/01\/IVC2000-4.jpg","type":"image\/jpeg"}],"twitter_card":"summary_large_image","twitter_misc":{"Tiempo de lectura":"2 minutos"},"schema":{"@context":"https:\/\/schema.org","@graph":[{"@type":"WebPage","@id":"https:\/\/bycon-europe.com\/product\/bycon-ivc-2000-cyclone-hepa-dust-extractor-2400w-230v-h13-filter\/","url":"https:\/\/bycon-europe.com\/product\/bycon-ivc-2000-cyclone-hepa-dust-extractor-2400w-230v-h13-filter\/","name":"Extractor de Polvo Cicl\u00f3n HEPA BYCON IVC-2000 2400W \u2013 230V \u2013 Filtro H13 - BYCON Europe","isPartOf":{"@id":"https:\/\/bycon-europe.com\/#website"},"primaryImageOfPage":{"@id":"https:\/\/bycon-europe.com\/product\/bycon-ivc-2000-cyclone-hepa-dust-extractor-2400w-230v-h13-filter\/#primaryimage"},"image":{"@id":"https:\/\/bycon-europe.com\/product\/bycon-ivc-2000-cyclone-hepa-dust-extractor-2400w-230v-h13-filter\/#primaryimage"},"thumbnailUrl":"https:\/\/bycon-europe.com\/wp-content\/uploads\/2025\/01\/IVC2000-4.jpg","datePublished":"2025-01-17T15:08:16+00:00","dateModified":"2025-04-03T06:46:30+00:00","breadcrumb":{"@id":"https:\/\/bycon-europe.com\/product\/bycon-ivc-2000-cyclone-hepa-dust-extractor-2400w-230v-h13-filter\/#breadcrumb"},"inLanguage":"es","potentialAction":[{"@type":"ReadAction","target":["https:\/\/bycon-europe.com\/product\/bycon-ivc-2000-cyclone-hepa-dust-extractor-2400w-230v-h13-filter\/"]}]},{"@type":"ImageObject","inLanguage":"es","@id":"https:\/\/bycon-europe.com\/product\/bycon-ivc-2000-cyclone-hepa-dust-extractor-2400w-230v-h13-filter\/#primaryimage","url":"https:\/\/bycon-europe.com\/wp-content\/uploads\/2025\/01\/IVC2000-4.jpg","contentUrl":"https:\/\/bycon-europe.com\/wp-content\/uploads\/2025\/01\/IVC2000-4.jpg","width":700,"height":700},{"@type":"BreadcrumbList","@id":"https:\/\/bycon-europe.com\/product\/bycon-ivc-2000-cyclone-hepa-dust-extractor-2400w-230v-h13-filter\/#breadcrumb","itemListElement":[{"@type":"ListItem","position":1,"name":"Home","item":"https:\/\/bycon-europe.com\/"},{"@type":"ListItem","position":2,"name":"Shop","item":"https:\/\/bycon-europe.com\/shop\/"},{"@type":"ListItem","position":3,"name":"BYCON IVC-2000 Cyclone HEPA Dust Extractor 2400W \u2013 230V \u2013 H13 Filter"}]},{"@type":"WebSite","@id":"https:\/\/bycon-europe.com\/#website","url":"https:\/\/bycon-europe.com\/","name":"BYCON Europa","description":"","publisher":{"@id":"https:\/\/bycon-europe.com\/#organization"},"potentialAction":[{"@type":"SearchAction","target":{"@type":"EntryPoint","urlTemplate":"https:\/\/bycon-europe.com\/?s={search_term_string}"},"query-input":{"@type":"PropertyValueSpecification","valueRequired":true,"valueName":"search_term_string"}}],"inLanguage":"es"},{"@type":"Organization","@id":"https:\/\/bycon-europe.com\/#organization","name":"BYCON Europa","url":"https:\/\/bycon-europe.com\/","logo":{"@type":"ImageObject","inLanguage":"es","@id":"https:\/\/bycon-europe.com\/#\/schema\/logo\/image\/","url":"https:\/\/bycon-europe.com\/wp-content\/uploads\/2025\/12\/logo-Bewerkt.png","contentUrl":"https:\/\/bycon-europe.com\/wp-content\/uploads\/2025\/12\/logo-Bewerkt.png","width":765,"height":200,"caption":"BYCON Europe"},"image":{"@id":"https:\/\/bycon-europe.com\/#\/schema\/logo\/image\/"}}]}},"_links":{"self":[{"href":"https:\/\/bycon-europe.com\/es\/wp-json\/wp\/v2\/product\/506","targetHints":{"allow":["GET"]}}],"collection":[{"href":"https:\/\/bycon-europe.com\/es\/wp-json\/wp\/v2\/product"}],"about":[{"href":"https:\/\/bycon-europe.com\/es\/wp-json\/wp\/v2\/types\/product"}],"replies":[{"embeddable":true,"href":"https:\/\/bycon-europe.com\/es\/wp-json\/wp\/v2\/comments?post=506"}],"wp:featuredmedia":[{"embeddable":true,"href":"https:\/\/bycon-europe.com\/es\/wp-json\/wp\/v2\/media\/512"}],"wp:attachment":[{"href":"https:\/\/bycon-europe.com\/es\/wp-json\/wp\/v2\/media?parent=506"}],"wp:term":[{"taxonomy":"product_brand","embeddable":true,"href":"https:\/\/bycon-europe.com\/es\/wp-json\/wp\/v2\/product_brand?post=506"},{"taxonomy":"product_cat","embeddable":true,"href":"https:\/\/bycon-europe.com\/es\/wp-json\/wp\/v2\/product_cat?post=506"},{"taxonomy":"product_tag","embeddable":true,"href":"https:\/\/bycon-europe.com\/es\/wp-json\/wp\/v2\/product_tag?post=506"}],"curies":[{"name":"wp","href":"https:\/\/api.w.org\/{rel}","templated":true}]}}