{"id":810,"date":"2025-04-03T06:23:25","date_gmt":"2025-04-03T06:23:25","guid":{"rendered":"https:\/\/bycon-europe.com\/?post_type=product&#038;p=810"},"modified":"2025-04-03T06:45:42","modified_gmt":"2025-04-03T06:45:42","slug":"amaestradora-de-pisos-bycon-dfg-300-300-mm-2200-w-humedo-seco","status":"publish","type":"product","link":"https:\/\/bycon-europe.com\/es\/product\/bycon-dfg-300-floor-grinder-300-mm-2200-w-wet-dry\/","title":{"rendered":"BYCON DFG-300 Rectificadora de Suelo 300 mm 2200 W \u2013 H\u00famedo \/ Seco"},"content":{"rendered":"<h2 data-pm-slice=\"1 3 []\"><strong>Molienda eficiente para superficies peque\u00f1as y medianas<\/strong><\/h2>\n<p data-pm-slice=\"1 3 []\">El Esmeriladora de Pisos BYCON DFG-300 est\u00e1 dise\u00f1ado para el esmerilado de precisi\u00f3n y la preparaci\u00f3n de superficies en pisos de concreto. Ideal para remover recubrimientos, pegamento, pintura y epoxi, esta m\u00e1quina vers\u00e1til ofrece resultados profesionales tanto en aplicaciones h\u00famedas como secas.<\/p>\n<ul data-spread=\"false\">\n<li><strong>Mango de altura ajustable<\/strong> para un funcionamiento ergon\u00f3mico<\/li>\n<li><strong>Protectores de goma redondos y de borde<\/strong> incluido para uso vers\u00e1til<\/li>\n<li><strong>Indicador de nivel integrado<\/strong> para una alineaci\u00f3n precisa<\/li>\n<li><strong>Construcci\u00f3n de baja vibraci\u00f3n<\/strong> para un funcionamiento m\u00e1s suave<\/li>\n<li><strong>F\u00e1cilmente desmontable<\/strong> para transporte y almacenamiento convenientes<\/li>\n<\/ul>\n<p data-pm-slice=\"1 3 []\">\ud83d\udccc <strong>Nota:<\/strong> Equipado para ambos <strong>molienda h\u00fameda y seca<\/strong> tareas. Perfecto para <strong>proyectos residenciales y comerciales<\/strong>.<\/p>\n<p><strong>\u00bfQu\u00e9 incluye?<\/strong><\/p>\n<ul data-spread=\"false\">\n<li>1x BYCON DFG-300 Rectificadora de Suelos 300 mm 2200 W \u2013 H\u00famedo \/ Seco<\/li>\n<\/ul>","protected":false},"excerpt":{"rendered":"<ul data-spread=\"false\" data-pm-slice=\"3 3 []\">\n<li><strong>Rendimiento Potente<\/strong> <strong>2200W (3 CV)<\/strong> motor para <strong>eliminaci\u00f3n de pintura, epoxi y pegamento<\/strong><\/li>\n<li><strong>Compacto y port\u00e1til:<\/strong> <strong>Mango plegable<\/strong> y dise\u00f1o ligero para un f\u00e1cil transporte<\/li>\n<li><strong>Compatible con seco y h\u00famedo<\/strong> Equipado con un <strong>conexi\u00f3n de agua incorporada<\/strong><\/li>\n<li><strong>Caracter\u00edsticas f\u00e1ciles de usar:<\/strong> Empu\u00f1adura ajustable, funcionamiento de baja vibraci\u00f3n e indicador de nivel de agua<\/li>\n<li><strong>Frecuencia ajustable<\/strong> Rendimiento de molienda optimizado con <strong>velocidad variable de 20-80 Hz<\/strong><\/li>\n<\/ul>","protected":false},"featured_media":815,"comment_status":"open","ping_status":"closed","template":"","meta":[],"product_brand":[],"product_cat":[15,16,23,22],"product_tag":[],"class_list":{"0":"post-810","1":"product","2":"type-product","3":"status-publish","4":"has-post-thumbnail","6":"product_cat-all-machines","7":"product_cat-construction-machines","8":"product_cat-floor-grinder","9":"product_cat-surface-preparation-cutting","11":"first","12":"instock","13":"shipping-taxable","14":"product-type-simple"},"yoast_head":"<!-- This site is optimized with the Yoast SEO plugin v27.6 - https:\/\/yoast.com\/product\/yoast-seo-wordpress\/ -->\n<title>BYCON DFG-300 Floor Grinder 300 mm 2200 W \u2013 Wet \/ Dry - BYCON Europe<\/title>\n<meta name=\"robots\" content=\"index, follow, max-snippet:-1, max-image-preview:large, max-video-preview:-1\" \/>\n<link rel=\"canonical\" href=\"https:\/\/bycon-europe.com\/es\/product\/amaestradora-de-pisos-bycon-dfg-300-300-mm-2200-w-humedo-seco\/\" \/>\n<meta property=\"og:locale\" content=\"es_ES\" \/>\n<meta property=\"og:type\" content=\"article\" \/>\n<meta property=\"og:title\" content=\"BYCON DFG-300 Floor Grinder 300 mm 2200 W \u2013 Wet \/ Dry - BYCON Europe\" \/>\n<meta property=\"og:description\" content=\"Powerful Performance: 2200W (3 HP) motor for removing paint, epoxy, and glue  Compact &amp; Portable: Foldable handle and lightweight design for easy transport  Wet &amp; Dry Compatible: Equipped with a built-in water connection  User-Friendly Features: Adjustable handle, low-vibration operation, and water level indicator  Adjustable Frequency: Optimized grinding performance with 20\u201380 Hz variable speed\" \/>\n<meta property=\"og:url\" content=\"https:\/\/bycon-europe.com\/es\/product\/amaestradora-de-pisos-bycon-dfg-300-300-mm-2200-w-humedo-seco\/\" \/>\n<meta property=\"og:site_name\" content=\"BYCON Europe\" \/>\n<meta property=\"article:modified_time\" content=\"2025-04-03T06:45:42+00:00\" \/>\n<meta property=\"og:image\" content=\"https:\/\/bycon-europe.com\/wp-content\/uploads\/2025\/04\/Ontwerp-zonder-titel-3.webp\" \/>\n\t<meta property=\"og:image:width\" content=\"700\" \/>\n\t<meta property=\"og:image:height\" content=\"700\" \/>\n\t<meta property=\"og:image:type\" content=\"image\/webp\" \/>\n<meta name=\"twitter:card\" content=\"summary_large_image\" \/>\n<meta name=\"twitter:label1\" content=\"Tiempo de lectura\" \/>\n\t<meta name=\"twitter:data1\" content=\"1 minuto\" \/>\n<script type=\"application\/ld+json\" class=\"yoast-schema-graph\">{\"@context\":\"https:\\\/\\\/schema.org\",\"@graph\":[{\"@type\":\"WebPage\",\"@id\":\"https:\\\/\\\/bycon-europe.com\\\/product\\\/bycon-dfg-300-floor-grinder-300-mm-2200-w-wet-dry\\\/\",\"url\":\"https:\\\/\\\/bycon-europe.com\\\/product\\\/bycon-dfg-300-floor-grinder-300-mm-2200-w-wet-dry\\\/\",\"name\":\"BYCON DFG-300 Floor Grinder 300 mm 2200 W \u2013 Wet \\\/ Dry - BYCON Europe\",\"isPartOf\":{\"@id\":\"https:\\\/\\\/bycon-europe.com\\\/#website\"},\"primaryImageOfPage\":{\"@id\":\"https:\\\/\\\/bycon-europe.com\\\/product\\\/bycon-dfg-300-floor-grinder-300-mm-2200-w-wet-dry\\\/#primaryimage\"},\"image\":{\"@id\":\"https:\\\/\\\/bycon-europe.com\\\/product\\\/bycon-dfg-300-floor-grinder-300-mm-2200-w-wet-dry\\\/#primaryimage\"},\"thumbnailUrl\":\"https:\\\/\\\/bycon-europe.com\\\/wp-content\\\/uploads\\\/2025\\\/04\\\/Ontwerp-zonder-titel-3.webp\",\"datePublished\":\"2025-04-03T06:23:25+00:00\",\"dateModified\":\"2025-04-03T06:45:42+00:00\",\"breadcrumb\":{\"@id\":\"https:\\\/\\\/bycon-europe.com\\\/product\\\/bycon-dfg-300-floor-grinder-300-mm-2200-w-wet-dry\\\/#breadcrumb\"},\"inLanguage\":\"es\",\"potentialAction\":[{\"@type\":\"ReadAction\",\"target\":[\"https:\\\/\\\/bycon-europe.com\\\/product\\\/bycon-dfg-300-floor-grinder-300-mm-2200-w-wet-dry\\\/\"]}]},{\"@type\":\"ImageObject\",\"inLanguage\":\"es\",\"@id\":\"https:\\\/\\\/bycon-europe.com\\\/product\\\/bycon-dfg-300-floor-grinder-300-mm-2200-w-wet-dry\\\/#primaryimage\",\"url\":\"https:\\\/\\\/bycon-europe.com\\\/wp-content\\\/uploads\\\/2025\\\/04\\\/Ontwerp-zonder-titel-3.webp\",\"contentUrl\":\"https:\\\/\\\/bycon-europe.com\\\/wp-content\\\/uploads\\\/2025\\\/04\\\/Ontwerp-zonder-titel-3.webp\",\"width\":700,\"height\":700,\"caption\":\"BYCON DFG-300 Floor Grinder\"},{\"@type\":\"BreadcrumbList\",\"@id\":\"https:\\\/\\\/bycon-europe.com\\\/product\\\/bycon-dfg-300-floor-grinder-300-mm-2200-w-wet-dry\\\/#breadcrumb\",\"itemListElement\":[{\"@type\":\"ListItem\",\"position\":1,\"name\":\"Home\",\"item\":\"https:\\\/\\\/bycon-europe.com\\\/\"},{\"@type\":\"ListItem\",\"position\":2,\"name\":\"Shop\",\"item\":\"https:\\\/\\\/bycon-europe.com\\\/shop\\\/\"},{\"@type\":\"ListItem\",\"position\":3,\"name\":\"BYCON DFG-300 Floor Grinder 300 mm 2200 W \u2013 Wet \\\/ Dry\"}]},{\"@type\":\"WebSite\",\"@id\":\"https:\\\/\\\/bycon-europe.com\\\/#website\",\"url\":\"https:\\\/\\\/bycon-europe.com\\\/\",\"name\":\"BYCON Europe\",\"description\":\"\",\"publisher\":{\"@id\":\"https:\\\/\\\/bycon-europe.com\\\/#organization\"},\"potentialAction\":[{\"@type\":\"SearchAction\",\"target\":{\"@type\":\"EntryPoint\",\"urlTemplate\":\"https:\\\/\\\/bycon-europe.com\\\/?s={search_term_string}\"},\"query-input\":{\"@type\":\"PropertyValueSpecification\",\"valueRequired\":true,\"valueName\":\"search_term_string\"}}],\"inLanguage\":\"es\"},{\"@type\":\"Organization\",\"@id\":\"https:\\\/\\\/bycon-europe.com\\\/#organization\",\"name\":\"BYCON Europe\",\"url\":\"https:\\\/\\\/bycon-europe.com\\\/\",\"logo\":{\"@type\":\"ImageObject\",\"inLanguage\":\"es\",\"@id\":\"https:\\\/\\\/bycon-europe.com\\\/#\\\/schema\\\/logo\\\/image\\\/\",\"url\":\"https:\\\/\\\/bycon-europe.com\\\/wp-content\\\/uploads\\\/2025\\\/12\\\/logo-Bewerkt.png\",\"contentUrl\":\"https:\\\/\\\/bycon-europe.com\\\/wp-content\\\/uploads\\\/2025\\\/12\\\/logo-Bewerkt.png\",\"width\":765,\"height\":200,\"caption\":\"BYCON Europe\"},\"image\":{\"@id\":\"https:\\\/\\\/bycon-europe.com\\\/#\\\/schema\\\/logo\\\/image\\\/\"}}]}<\/script>\n<!-- \/ Yoast SEO plugin. -->","yoast_head_json":{"title":"Amoladora de suelo BYCON DFG-300 de 300 mm y 2200 W \u2013 H\u00famedo \/ Seco - BYCON Europe","robots":{"index":"index","follow":"follow","max-snippet":"max-snippet:-1","max-image-preview":"max-image-preview:large","max-video-preview":"max-video-preview:-1"},"canonical":"https:\/\/bycon-europe.com\/es\/product\/amaestradora-de-pisos-bycon-dfg-300-300-mm-2200-w-humedo-seco\/","og_locale":"es_ES","og_type":"article","og_title":"BYCON DFG-300 Floor Grinder 300 mm 2200 W \u2013 Wet \/ Dry - BYCON Europe","og_description":"Powerful Performance: 2200W (3 HP) motor for removing paint, epoxy, and glue  Compact &amp; Portable: Foldable handle and lightweight design for easy transport  Wet &amp; Dry Compatible: Equipped with a built-in water connection  User-Friendly Features: Adjustable handle, low-vibration operation, and water level indicator  Adjustable Frequency: Optimized grinding performance with 20\u201380 Hz variable speed","og_url":"https:\/\/bycon-europe.com\/es\/product\/amaestradora-de-pisos-bycon-dfg-300-300-mm-2200-w-humedo-seco\/","og_site_name":"BYCON Europe","article_modified_time":"2025-04-03T06:45:42+00:00","og_image":[{"width":700,"height":700,"url":"https:\/\/bycon-europe.com\/wp-content\/uploads\/2025\/04\/Ontwerp-zonder-titel-3.webp","type":"image\/webp"}],"twitter_card":"summary_large_image","twitter_misc":{"Tiempo de lectura":"1 minuto"},"schema":{"@context":"https:\/\/schema.org","@graph":[{"@type":"WebPage","@id":"https:\/\/bycon-europe.com\/product\/bycon-dfg-300-floor-grinder-300-mm-2200-w-wet-dry\/","url":"https:\/\/bycon-europe.com\/product\/bycon-dfg-300-floor-grinder-300-mm-2200-w-wet-dry\/","name":"Amoladora de suelo BYCON DFG-300 de 300 mm y 2200 W \u2013 H\u00famedo \/ Seco - BYCON Europe","isPartOf":{"@id":"https:\/\/bycon-europe.com\/#website"},"primaryImageOfPage":{"@id":"https:\/\/bycon-europe.com\/product\/bycon-dfg-300-floor-grinder-300-mm-2200-w-wet-dry\/#primaryimage"},"image":{"@id":"https:\/\/bycon-europe.com\/product\/bycon-dfg-300-floor-grinder-300-mm-2200-w-wet-dry\/#primaryimage"},"thumbnailUrl":"https:\/\/bycon-europe.com\/wp-content\/uploads\/2025\/04\/Ontwerp-zonder-titel-3.webp","datePublished":"2025-04-03T06:23:25+00:00","dateModified":"2025-04-03T06:45:42+00:00","breadcrumb":{"@id":"https:\/\/bycon-europe.com\/product\/bycon-dfg-300-floor-grinder-300-mm-2200-w-wet-dry\/#breadcrumb"},"inLanguage":"es","potentialAction":[{"@type":"ReadAction","target":["https:\/\/bycon-europe.com\/product\/bycon-dfg-300-floor-grinder-300-mm-2200-w-wet-dry\/"]}]},{"@type":"ImageObject","inLanguage":"es","@id":"https:\/\/bycon-europe.com\/product\/bycon-dfg-300-floor-grinder-300-mm-2200-w-wet-dry\/#primaryimage","url":"https:\/\/bycon-europe.com\/wp-content\/uploads\/2025\/04\/Ontwerp-zonder-titel-3.webp","contentUrl":"https:\/\/bycon-europe.com\/wp-content\/uploads\/2025\/04\/Ontwerp-zonder-titel-3.webp","width":700,"height":700,"caption":"BYCON DFG-300 Floor Grinder"},{"@type":"BreadcrumbList","@id":"https:\/\/bycon-europe.com\/product\/bycon-dfg-300-floor-grinder-300-mm-2200-w-wet-dry\/#breadcrumb","itemListElement":[{"@type":"ListItem","position":1,"name":"Home","item":"https:\/\/bycon-europe.com\/"},{"@type":"ListItem","position":2,"name":"Shop","item":"https:\/\/bycon-europe.com\/shop\/"},{"@type":"ListItem","position":3,"name":"BYCON DFG-300 Floor Grinder 300 mm 2200 W \u2013 Wet \/ Dry"}]},{"@type":"WebSite","@id":"https:\/\/bycon-europe.com\/#website","url":"https:\/\/bycon-europe.com\/","name":"BYCON Europa","description":"","publisher":{"@id":"https:\/\/bycon-europe.com\/#organization"},"potentialAction":[{"@type":"SearchAction","target":{"@type":"EntryPoint","urlTemplate":"https:\/\/bycon-europe.com\/?s={search_term_string}"},"query-input":{"@type":"PropertyValueSpecification","valueRequired":true,"valueName":"search_term_string"}}],"inLanguage":"es"},{"@type":"Organization","@id":"https:\/\/bycon-europe.com\/#organization","name":"BYCON Europa","url":"https:\/\/bycon-europe.com\/","logo":{"@type":"ImageObject","inLanguage":"es","@id":"https:\/\/bycon-europe.com\/#\/schema\/logo\/image\/","url":"https:\/\/bycon-europe.com\/wp-content\/uploads\/2025\/12\/logo-Bewerkt.png","contentUrl":"https:\/\/bycon-europe.com\/wp-content\/uploads\/2025\/12\/logo-Bewerkt.png","width":765,"height":200,"caption":"BYCON Europe"},"image":{"@id":"https:\/\/bycon-europe.com\/#\/schema\/logo\/image\/"}}]}},"_links":{"self":[{"href":"https:\/\/bycon-europe.com\/es\/wp-json\/wp\/v2\/product\/810","targetHints":{"allow":["GET"]}}],"collection":[{"href":"https:\/\/bycon-europe.com\/es\/wp-json\/wp\/v2\/product"}],"about":[{"href":"https:\/\/bycon-europe.com\/es\/wp-json\/wp\/v2\/types\/product"}],"replies":[{"embeddable":true,"href":"https:\/\/bycon-europe.com\/es\/wp-json\/wp\/v2\/comments?post=810"}],"wp:featuredmedia":[{"embeddable":true,"href":"https:\/\/bycon-europe.com\/es\/wp-json\/wp\/v2\/media\/815"}],"wp:attachment":[{"href":"https:\/\/bycon-europe.com\/es\/wp-json\/wp\/v2\/media?parent=810"}],"wp:term":[{"taxonomy":"product_brand","embeddable":true,"href":"https:\/\/bycon-europe.com\/es\/wp-json\/wp\/v2\/product_brand?post=810"},{"taxonomy":"product_cat","embeddable":true,"href":"https:\/\/bycon-europe.com\/es\/wp-json\/wp\/v2\/product_cat?post=810"},{"taxonomy":"product_tag","embeddable":true,"href":"https:\/\/bycon-europe.com\/es\/wp-json\/wp\/v2\/product_tag?post=810"}],"curies":[{"name":"wp","href":"https:\/\/api.w.org\/{rel}","templated":true}]}}