{"id":906,"date":"2025-04-08T11:48:20","date_gmt":"2025-04-08T11:48:20","guid":{"rendered":"https:\/\/bycon-europe.com\/?post_type=product&#038;p=906"},"modified":"2025-07-07T08:55:59","modified_gmt":"2025-07-07T08:55:59","slug":"motor-de-perforacion-de-nucleo-manual-bycon-dmp-52p","status":"publish","type":"product","link":"https:\/\/bycon-europe.com\/es\/product\/bycon-dmp-52p-hand-held-core-drill-motor\/","title":{"rendered":"Motor de taladro de n\u00facleo h\u00famedo de mano BYCON DMP-52P \u2013 1800W \u2013 \u00d852 mm"},"content":{"rendered":"<h2 data-start=\"248\" data-end=\"320\"><strong data-start=\"251\" data-end=\"320\">Motor para taladro de n\u00facleo manual BYCON DMP-52P \u2013 1800W, \u00d852 mm, Uso en h\u00famedo<\/strong><\/h2>\n<p data-start=\"322\" data-end=\"901\">El taladro de n\u00facleo BYCON DMP-52P es un motor compacto y liviano dise\u00f1ado para <strong data-start=\"393\" data-end=\"422\">aplicaciones de perforaci\u00f3n h\u00fameda<\/strong> en concreto y mamposter\u00eda. Entregando 1800W de potencia a unas 2500 rpm fijas, maneja di\u00e1metros de corona de hasta \u00d852 mm en mano o \u00d862 mm cuando se utiliza con un taladro de soporte. Dise\u00f1ado para profesionales m\u00f3viles, el DMP-52P ofrece caracter\u00edsticas de seguridad esenciales, que incluyen protecci\u00f3n contra fugas PRCD, arranque suave y un embrague de seguridad mec\u00e1nico. Un husillo \u00bd\u2033 BSP lo hace compatible con coronas est\u00e1ndar de la UE, y la unidad est\u00e1 dise\u00f1ada tanto para uso manual como montada en un soporte con un soporte de sujeci\u00f3n de 60 mm.<\/p>\n<hr data-start=\"903\" data-end=\"906\" \/>\n<p data-start=\"908\" data-end=\"928\"><strong>Caracter\u00edsticas principales<\/strong><\/p>\n<ul>\n<li data-start=\"931\" data-end=\"1045\"><strong data-start=\"931\" data-end=\"954\">Motor compacto de 1800W<\/strong>: Entrega perforaci\u00f3n en h\u00famedo eficiente para aplicaciones de mano de \u00d852 mm y montadas en taladro de \u00d862 mm<\/li>\n<li data-start=\"931\" data-end=\"1045\"><strong data-start=\"1048\" data-end=\"1077\">Regulaci\u00f3n de Engranaje de una Velocidad<\/strong>: Sencillo y estable 2500 rpm para una penetraci\u00f3n constante del hormig\u00f3n<\/li>\n<li data-start=\"931\" data-end=\"1045\"><strong data-start=\"1146\" data-end=\"1162\">Solo para uso en h\u00famedo<\/strong>Dise\u00f1ado para refrigeraci\u00f3n asistida por agua, extendiendo la vida \u00fatil de la broca y el motor<\/li>\n<li data-start=\"931\" data-end=\"1045\"><strong data-start=\"1234\" data-end=\"1255\">Sistema de arranque suave<\/strong>: Previene picos de corriente repentinos y mejora la longevidad del motor<\/li>\n<li data-start=\"931\" data-end=\"1045\"><strong data-start=\"1321\" data-end=\"1343\">Dispositivo de seguridad PRCD<\/strong>: Protecci\u00f3n el\u00e9ctrica de fuga incorporada para una operaci\u00f3n m\u00e1s segura en el lugar de trabajo<\/li>\n<li data-start=\"931\" data-end=\"1045\"><strong data-start=\"1416\" data-end=\"1442\">Embrague de deslizamiento mec\u00e1nico<\/strong>Reduce el riesgo de lesiones al usuario durante la inmovilizaci\u00f3n o sobrecarga de la broca<\/li>\n<li data-start=\"931\" data-end=\"1045\"><strong data-start=\"1507\" data-end=\"1534\">Escobillas de Carb\u00f3n Externas<\/strong>: Mantenimiento f\u00e1cil sin necesidad de abrir la carcasa<\/li>\n<li data-start=\"931\" data-end=\"1045\"><strong data-start=\"1592\" data-end=\"1615\">Indicador de Nivel de Aceite<\/strong>: Comprobaci\u00f3n visual r\u00e1pida de lubricaci\u00f3n interna<\/li>\n<li data-start=\"931\" data-end=\"1045\"><strong data-start=\"1665\" data-end=\"1683\">Operaci\u00f3n dual<\/strong>: Perforaci\u00f3n a mano alzada a 5,6 kg o montada en taladro mediante soporte de 60 mm<\/li>\n<\/ul>\n<hr data-start=\"1750\" data-end=\"1753\" \/>\n<p data-start=\"1755\" data-end=\"1787\"><strong data-start=\"1759\" data-end=\"1787\">Especificaciones T\u00e9cnicas<\/strong><\/p>\n<ul>\n<li data-start=\"1790\" data-end=\"1816\"><strong data-start=\"1790\" data-end=\"1806\">Potencia de salida<\/strong>1800 W<\/li>\n<li data-start=\"1790\" data-end=\"1816\"><strong data-start=\"1819\" data-end=\"1830\">Tensi\u00f3n<\/strong>220 V \/ 120 V<\/li>\n<li data-start=\"1790\" data-end=\"1816\"><strong data-start=\"1850\" data-end=\"1861\">Actual<\/strong>: 9 A \/ 15 A<\/li>\n<li data-start=\"1790\" data-end=\"1816\"><strong data-start=\"1878\" data-end=\"1891\">Frecuencia<\/strong>: 50 \/ 60 Hz<\/li>\n<li data-start=\"1790\" data-end=\"1816\"><strong data-start=\"1908\" data-end=\"1925\">Velocidad sin carga<\/strong>2500 rpm<\/li>\n<li data-start=\"1790\" data-end=\"1816\"><strong data-start=\"1940\" data-end=\"1976\">Di\u00e1metro M\u00e1ximo de Perforaci\u00f3n (Port\u00e1til)<\/strong>: 52 mm de di\u00e1metro<\/li>\n<li data-start=\"1790\" data-end=\"1816\"><strong data-start=\"1989\" data-end=\"2027\">Di\u00e1metro m\u00e1ximo de perforaci\u00f3n (con soporte)<\/strong>: 62 mm de di\u00e1metro<\/li>\n<li data-start=\"1790\" data-end=\"1816\"><strong data-start=\"2040\" data-end=\"2058\">Rosca del husillo<\/strong>\u00bd\u2033 G<\/li>\n<li data-start=\"1790\" data-end=\"1816\"><strong data-start=\"2069\" data-end=\"2083\">Peso Neto<\/strong>5.6 \/ 5.65 kg<\/li>\n<li data-start=\"1790\" data-end=\"1816\"><strong data-start=\"2103\" data-end=\"2129\">Soporte para taladro compatible<\/strong>: DSP-162<\/li>\n<li data-start=\"1790\" data-end=\"1816\"><strong data-start=\"2143\" data-end=\"2159\">Tama\u00f1o del embalaje<\/strong>: 635 \u00d7 460 \u00d7 200 mm<\/li>\n<\/ul>\n<hr data-start=\"2183\" data-end=\"2186\" \/>\n<p data-start=\"2188\" data-end=\"2211\"><strong data-start=\"2192\" data-end=\"2211\">Qu\u00e9 est\u00e1 incluido<\/strong><\/p>\n<ul>\n<li data-start=\"2214\" data-end=\"2255\">Motor de perforaci\u00f3n central BYCON DMP-52P (1800 W)<\/li>\n<li data-start=\"2214\" data-end=\"2255\">Enchufe de seguridad PRCD<\/li>\n<li data-start=\"2214\" data-end=\"2255\">Manija frontal ajustable<\/li>\n<li data-start=\"2214\" data-end=\"2255\">Escobillas de Carb\u00f3n Externas<\/li>\n<li data-start=\"2214\" data-end=\"2255\">Indicador de Nivel de Aceite Integrado<\/li>\n<li data-start=\"2214\" data-end=\"2255\">Manual de Instrucciones<\/li>\n<\/ul>","protected":false},"excerpt":{"rendered":"<p data-start=\"173\" data-end=\"677\">El BYCON DMP-52P es un motor de perforaci\u00f3n de n\u00facleo port\u00e1til compacto de 1800W dise\u00f1ado para uso profesional. <strong data-start=\"259\" data-end=\"275\">perforaci\u00f3n h\u00fameda<\/strong> en hormig\u00f3n y mamposter\u00eda. Dise\u00f1ada para la movilidad y la precisi\u00f3n, maneja di\u00e1metros de hasta 52 mm en modo manual o 62 mm con soporte, operando a una velocidad fija de 2500 rpm. Equipada con caracter\u00edsticas de seguridad como protecci\u00f3n contra fugas PRCD, un sistema de arranque suave y un embrague de seguridad mec\u00e1nico, esta unidad ligera (5,6 kg) es ideal para contratistas que trabajan en tareas de perforaci\u00f3n de n\u00facleos m\u00e1s peque\u00f1as donde el espacio, la precisi\u00f3n y los resultados limpios son importantes.<\/p>","protected":false},"featured_media":909,"comment_status":"open","ping_status":"closed","template":"","meta":[],"product_brand":[],"product_cat":[16,20,19,65],"product_tag":[],"class_list":{"0":"post-906","1":"product","2":"type-product","3":"status-publish","4":"has-post-thumbnail","6":"product_cat-construction-machines","7":"product_cat-core-drill-motor","8":"product_cat-core-drilling-equipment","9":"product_cat-handheld-core-drills","11":"first","12":"instock","13":"shipping-taxable","14":"product-type-simple"},"yoast_head":"<!-- This site is optimized with the Yoast SEO plugin v27.6 - https:\/\/yoast.com\/product\/yoast-seo-wordpress\/ -->\n<title>BYCON DMP-52P Wet Core Drill \u2013 1800W \u2013 \u00d852 mm - BYCON Europe<\/title>\n<meta name=\"description\" content=\"Compact 1800W wet core drill with PRCD, slip clutch &amp; oil indicator. Drills \u00d852 mm handheld or \u00d862 mm on stand. Lightweight &amp; ideal for professionals.\" \/>\n<meta name=\"robots\" content=\"index, follow, max-snippet:-1, max-image-preview:large, max-video-preview:-1\" \/>\n<link rel=\"canonical\" href=\"https:\/\/bycon-europe.com\/es\/product\/motor-de-perforacion-de-nucleo-manual-bycon-dmp-52p\/\" \/>\n<meta property=\"og:locale\" content=\"es_ES\" \/>\n<meta property=\"og:type\" content=\"article\" \/>\n<meta property=\"og:title\" content=\"BYCON DMP-52P Wet Core Drill \u2013 1800W \u2013 \u00d852 mm - BYCON Europe\" \/>\n<meta property=\"og:description\" content=\"Compact 1800W wet core drill with PRCD, slip clutch &amp; oil indicator. Drills \u00d852 mm handheld or \u00d862 mm on stand. Lightweight &amp; ideal for professionals.\" \/>\n<meta property=\"og:url\" content=\"https:\/\/bycon-europe.com\/es\/product\/motor-de-perforacion-de-nucleo-manual-bycon-dmp-52p\/\" \/>\n<meta property=\"og:site_name\" content=\"BYCON Europe\" \/>\n<meta property=\"article:modified_time\" content=\"2025-07-07T08:55:59+00:00\" \/>\n<meta property=\"og:image\" content=\"https:\/\/bycon-europe.com\/wp-content\/uploads\/2025\/04\/DMP-52P.png\" \/>\n\t<meta property=\"og:image:width\" content=\"700\" \/>\n\t<meta property=\"og:image:height\" content=\"700\" \/>\n\t<meta property=\"og:image:type\" content=\"image\/png\" \/>\n<meta name=\"twitter:card\" content=\"summary_large_image\" \/>\n<meta name=\"twitter:label1\" content=\"Tiempo de lectura\" \/>\n\t<meta name=\"twitter:data1\" content=\"2 minutos\" \/>\n<script type=\"application\/ld+json\" class=\"yoast-schema-graph\">{\"@context\":\"https:\\\/\\\/schema.org\",\"@graph\":[{\"@type\":\"WebPage\",\"@id\":\"https:\\\/\\\/bycon-europe.com\\\/product\\\/bycon-dmp-52p-hand-held-core-drill-motor\\\/\",\"url\":\"https:\\\/\\\/bycon-europe.com\\\/product\\\/bycon-dmp-52p-hand-held-core-drill-motor\\\/\",\"name\":\"BYCON DMP-52P Wet Core Drill \u2013 1800W \u2013 \u00d852 mm - BYCON Europe\",\"isPartOf\":{\"@id\":\"https:\\\/\\\/bycon-europe.com\\\/#website\"},\"primaryImageOfPage\":{\"@id\":\"https:\\\/\\\/bycon-europe.com\\\/product\\\/bycon-dmp-52p-hand-held-core-drill-motor\\\/#primaryimage\"},\"image\":{\"@id\":\"https:\\\/\\\/bycon-europe.com\\\/product\\\/bycon-dmp-52p-hand-held-core-drill-motor\\\/#primaryimage\"},\"thumbnailUrl\":\"https:\\\/\\\/bycon-europe.com\\\/wp-content\\\/uploads\\\/2025\\\/04\\\/DMP-52P.png\",\"datePublished\":\"2025-04-08T11:48:20+00:00\",\"dateModified\":\"2025-07-07T08:55:59+00:00\",\"description\":\"Compact 1800W wet core drill with PRCD, slip clutch & oil indicator. Drills \u00d852 mm handheld or \u00d862 mm on stand. Lightweight & ideal for professionals.\",\"breadcrumb\":{\"@id\":\"https:\\\/\\\/bycon-europe.com\\\/product\\\/bycon-dmp-52p-hand-held-core-drill-motor\\\/#breadcrumb\"},\"inLanguage\":\"es\",\"potentialAction\":[{\"@type\":\"ReadAction\",\"target\":[\"https:\\\/\\\/bycon-europe.com\\\/product\\\/bycon-dmp-52p-hand-held-core-drill-motor\\\/\"]}]},{\"@type\":\"ImageObject\",\"inLanguage\":\"es\",\"@id\":\"https:\\\/\\\/bycon-europe.com\\\/product\\\/bycon-dmp-52p-hand-held-core-drill-motor\\\/#primaryimage\",\"url\":\"https:\\\/\\\/bycon-europe.com\\\/wp-content\\\/uploads\\\/2025\\\/04\\\/DMP-52P.png\",\"contentUrl\":\"https:\\\/\\\/bycon-europe.com\\\/wp-content\\\/uploads\\\/2025\\\/04\\\/DMP-52P.png\",\"width\":700,\"height\":700},{\"@type\":\"BreadcrumbList\",\"@id\":\"https:\\\/\\\/bycon-europe.com\\\/product\\\/bycon-dmp-52p-hand-held-core-drill-motor\\\/#breadcrumb\",\"itemListElement\":[{\"@type\":\"ListItem\",\"position\":1,\"name\":\"Home\",\"item\":\"https:\\\/\\\/bycon-europe.com\\\/\"},{\"@type\":\"ListItem\",\"position\":2,\"name\":\"Shop\",\"item\":\"https:\\\/\\\/bycon-europe.com\\\/shop\\\/\"},{\"@type\":\"ListItem\",\"position\":3,\"name\":\"BYCON DMP-52P Hand Held Wet Core Drill Motor \u2013 1800W \u2013 \u00d852 mm\"}]},{\"@type\":\"WebSite\",\"@id\":\"https:\\\/\\\/bycon-europe.com\\\/#website\",\"url\":\"https:\\\/\\\/bycon-europe.com\\\/\",\"name\":\"BYCON Europe\",\"description\":\"\",\"publisher\":{\"@id\":\"https:\\\/\\\/bycon-europe.com\\\/#organization\"},\"potentialAction\":[{\"@type\":\"SearchAction\",\"target\":{\"@type\":\"EntryPoint\",\"urlTemplate\":\"https:\\\/\\\/bycon-europe.com\\\/?s={search_term_string}\"},\"query-input\":{\"@type\":\"PropertyValueSpecification\",\"valueRequired\":true,\"valueName\":\"search_term_string\"}}],\"inLanguage\":\"es\"},{\"@type\":\"Organization\",\"@id\":\"https:\\\/\\\/bycon-europe.com\\\/#organization\",\"name\":\"BYCON Europe\",\"url\":\"https:\\\/\\\/bycon-europe.com\\\/\",\"logo\":{\"@type\":\"ImageObject\",\"inLanguage\":\"es\",\"@id\":\"https:\\\/\\\/bycon-europe.com\\\/#\\\/schema\\\/logo\\\/image\\\/\",\"url\":\"https:\\\/\\\/bycon-europe.com\\\/wp-content\\\/uploads\\\/2025\\\/12\\\/logo-Bewerkt.png\",\"contentUrl\":\"https:\\\/\\\/bycon-europe.com\\\/wp-content\\\/uploads\\\/2025\\\/12\\\/logo-Bewerkt.png\",\"width\":765,\"height\":200,\"caption\":\"BYCON Europe\"},\"image\":{\"@id\":\"https:\\\/\\\/bycon-europe.com\\\/#\\\/schema\\\/logo\\\/image\\\/\"}}]}<\/script>\n<!-- \/ Yoast SEO plugin. -->","yoast_head_json":{"title":"Taladro de n\u00facleo h\u00famedo BYCON DMP-52P \u2013 1800W \u2013 \u00d852 mm - BYCON Europe","description":"Taladro de n\u00facleo h\u00famedo compacto de 1800W con PRCD, embrague deslizante e indicador de aceite. Perfora \u00d852 mm manual o \u00d862 mm con soporte. Ligero e ideal para profesionales.","robots":{"index":"index","follow":"follow","max-snippet":"max-snippet:-1","max-image-preview":"max-image-preview:large","max-video-preview":"max-video-preview:-1"},"canonical":"https:\/\/bycon-europe.com\/es\/product\/motor-de-perforacion-de-nucleo-manual-bycon-dmp-52p\/","og_locale":"es_ES","og_type":"article","og_title":"BYCON DMP-52P Wet Core Drill \u2013 1800W \u2013 \u00d852 mm - BYCON Europe","og_description":"Compact 1800W wet core drill with PRCD, slip clutch & oil indicator. Drills \u00d852 mm handheld or \u00d862 mm on stand. Lightweight & ideal for professionals.","og_url":"https:\/\/bycon-europe.com\/es\/product\/motor-de-perforacion-de-nucleo-manual-bycon-dmp-52p\/","og_site_name":"BYCON Europe","article_modified_time":"2025-07-07T08:55:59+00:00","og_image":[{"width":700,"height":700,"url":"https:\/\/bycon-europe.com\/wp-content\/uploads\/2025\/04\/DMP-52P.png","type":"image\/png"}],"twitter_card":"summary_large_image","twitter_misc":{"Tiempo de lectura":"2 minutos"},"schema":{"@context":"https:\/\/schema.org","@graph":[{"@type":"WebPage","@id":"https:\/\/bycon-europe.com\/product\/bycon-dmp-52p-hand-held-core-drill-motor\/","url":"https:\/\/bycon-europe.com\/product\/bycon-dmp-52p-hand-held-core-drill-motor\/","name":"Taladro de n\u00facleo h\u00famedo BYCON DMP-52P \u2013 1800W \u2013 \u00d852 mm - BYCON Europe","isPartOf":{"@id":"https:\/\/bycon-europe.com\/#website"},"primaryImageOfPage":{"@id":"https:\/\/bycon-europe.com\/product\/bycon-dmp-52p-hand-held-core-drill-motor\/#primaryimage"},"image":{"@id":"https:\/\/bycon-europe.com\/product\/bycon-dmp-52p-hand-held-core-drill-motor\/#primaryimage"},"thumbnailUrl":"https:\/\/bycon-europe.com\/wp-content\/uploads\/2025\/04\/DMP-52P.png","datePublished":"2025-04-08T11:48:20+00:00","dateModified":"2025-07-07T08:55:59+00:00","description":"Taladro de n\u00facleo h\u00famedo compacto de 1800W con PRCD, embrague deslizante e indicador de aceite. Perfora \u00d852 mm manual o \u00d862 mm con soporte. Ligero e ideal para profesionales.","breadcrumb":{"@id":"https:\/\/bycon-europe.com\/product\/bycon-dmp-52p-hand-held-core-drill-motor\/#breadcrumb"},"inLanguage":"es","potentialAction":[{"@type":"ReadAction","target":["https:\/\/bycon-europe.com\/product\/bycon-dmp-52p-hand-held-core-drill-motor\/"]}]},{"@type":"ImageObject","inLanguage":"es","@id":"https:\/\/bycon-europe.com\/product\/bycon-dmp-52p-hand-held-core-drill-motor\/#primaryimage","url":"https:\/\/bycon-europe.com\/wp-content\/uploads\/2025\/04\/DMP-52P.png","contentUrl":"https:\/\/bycon-europe.com\/wp-content\/uploads\/2025\/04\/DMP-52P.png","width":700,"height":700},{"@type":"BreadcrumbList","@id":"https:\/\/bycon-europe.com\/product\/bycon-dmp-52p-hand-held-core-drill-motor\/#breadcrumb","itemListElement":[{"@type":"ListItem","position":1,"name":"Home","item":"https:\/\/bycon-europe.com\/"},{"@type":"ListItem","position":2,"name":"Shop","item":"https:\/\/bycon-europe.com\/shop\/"},{"@type":"ListItem","position":3,"name":"BYCON DMP-52P Hand Held Wet Core Drill Motor \u2013 1800W \u2013 \u00d852 mm"}]},{"@type":"WebSite","@id":"https:\/\/bycon-europe.com\/#website","url":"https:\/\/bycon-europe.com\/","name":"BYCON Europa","description":"","publisher":{"@id":"https:\/\/bycon-europe.com\/#organization"},"potentialAction":[{"@type":"SearchAction","target":{"@type":"EntryPoint","urlTemplate":"https:\/\/bycon-europe.com\/?s={search_term_string}"},"query-input":{"@type":"PropertyValueSpecification","valueRequired":true,"valueName":"search_term_string"}}],"inLanguage":"es"},{"@type":"Organization","@id":"https:\/\/bycon-europe.com\/#organization","name":"BYCON Europa","url":"https:\/\/bycon-europe.com\/","logo":{"@type":"ImageObject","inLanguage":"es","@id":"https:\/\/bycon-europe.com\/#\/schema\/logo\/image\/","url":"https:\/\/bycon-europe.com\/wp-content\/uploads\/2025\/12\/logo-Bewerkt.png","contentUrl":"https:\/\/bycon-europe.com\/wp-content\/uploads\/2025\/12\/logo-Bewerkt.png","width":765,"height":200,"caption":"BYCON Europe"},"image":{"@id":"https:\/\/bycon-europe.com\/#\/schema\/logo\/image\/"}}]}},"_links":{"self":[{"href":"https:\/\/bycon-europe.com\/es\/wp-json\/wp\/v2\/product\/906","targetHints":{"allow":["GET"]}}],"collection":[{"href":"https:\/\/bycon-europe.com\/es\/wp-json\/wp\/v2\/product"}],"about":[{"href":"https:\/\/bycon-europe.com\/es\/wp-json\/wp\/v2\/types\/product"}],"replies":[{"embeddable":true,"href":"https:\/\/bycon-europe.com\/es\/wp-json\/wp\/v2\/comments?post=906"}],"wp:featuredmedia":[{"embeddable":true,"href":"https:\/\/bycon-europe.com\/es\/wp-json\/wp\/v2\/media\/909"}],"wp:attachment":[{"href":"https:\/\/bycon-europe.com\/es\/wp-json\/wp\/v2\/media?parent=906"}],"wp:term":[{"taxonomy":"product_brand","embeddable":true,"href":"https:\/\/bycon-europe.com\/es\/wp-json\/wp\/v2\/product_brand?post=906"},{"taxonomy":"product_cat","embeddable":true,"href":"https:\/\/bycon-europe.com\/es\/wp-json\/wp\/v2\/product_cat?post=906"},{"taxonomy":"product_tag","embeddable":true,"href":"https:\/\/bycon-europe.com\/es\/wp-json\/wp\/v2\/product_tag?post=906"}],"curies":[{"name":"wp","href":"https:\/\/api.w.org\/{rel}","templated":true}]}}