{"id":963,"date":"2025-04-08T14:13:15","date_gmt":"2025-04-08T14:13:15","guid":{"rendered":"https:\/\/bycon-europe.com\/?post_type=product&#038;p=963"},"modified":"2026-05-14T19:46:47","modified_gmt":"2026-05-14T19:46:47","slug":"driver-de-postes-portatil-dpd-80-bycon","status":"publish","type":"product","link":"https:\/\/bycon-europe.com\/es\/product\/bycon-dpd-80-portable-pole-driver\/","title":{"rendered":"BYCON DPD-80 Martillo Perforador Port\u00e1til para Postes"},"content":{"rendered":"<h2>Potencia Compacta para Conducci\u00f3n Ligera<\/h2>\n<p><strong data-start=\"178\" data-end=\"296\">El insertador de postes port\u00e1til BYCON DPD-80 es una soluci\u00f3n ligera y alimentada por gasolina para postes de hasta 80 mm de di\u00e1metro.<\/strong> Dise\u00f1ado para operaci\u00f3n unipersonal, incluye cuatro manguitos de apilamiento intercambiables y ofrece un rendimiento fiable con un motor de 4 tiempos. Su dise\u00f1o compacto y su mango con agarre suave lo hacen perfecto para su uso en agricultura, vi\u00f1edos, paisajismo y tareas de construcci\u00f3n ligera.<\/p>\n<p><strong>Caracter\u00edsticas principales<\/strong><\/p>\n<ul>\n<li><strong>Motor de 4 tiempos y 37,7 cc:<\/strong> No se necesita mezclar combustible. Potencia moderada ideal para postes de 20\u201380 mm. (Motor Honda GX35 opcional disponible).<\/li>\n<li><strong>Mangas variables incluidas:<\/strong> Las mangas de 20\u201345 mm, 55 mm, 73 mm y 80 mm admiten una amplia gama de tipos y tama\u00f1os de postes.<\/li>\n<li><strong>Baja vibraci\u00f3n:<\/strong> Empu\u00f1adura de agarre suave y amortiguaci\u00f3n interna por resorte reducen la fatiga del operador.<\/li>\n<li><strong>Dise\u00f1o port\u00e1til<\/strong> Pesa solo 12 kg. No necesita alimentaci\u00f3n externa ni compresores.<\/li>\n<li><strong>Bolsa para llevar BMC:<\/strong> Viene con una robusta maleta de transporte con ruedas para facilitar su transporte y almacenamiento.<\/li>\n<\/ul>\n<p><strong>Qu\u00e9 est\u00e1 incluido<\/strong><\/p>\n<ul>\n<li>1 \u00d7 DPD-80 Taladro de Poste<\/li>\n<li>4 manguitos intercambiables (20\u201345 mm, 55 mm, 73 mm, 80 mm)<\/li>\n<li>1 \u00d7 Kit de herramientas<\/li>\n<li>1 \u00d7 Tubo de grasa<\/li>\n<li>1 \u00d7 Manual de usuario<\/li>\n<li>1 \u00d7 Maleta BMC con ruedas<\/li>\n<\/ul>","protected":false},"excerpt":{"rendered":"<p>Martillo pil\u00f3n de gasolina ligero de 4 tiempos para postes de hasta 80 mm, con 4 manguitos intercambiables y malet\u00edn de transporte incluido.<\/p>","protected":false},"featured_media":966,"comment_status":"open","ping_status":"closed","template":"","meta":[],"product_brand":[],"product_cat":[15,16,29,27,28],"product_tag":[],"class_list":{"0":"post-963","1":"product","2":"type-product","3":"status-publish","4":"has-post-thumbnail","6":"product_cat-all-machines","7":"product_cat-construction-machines","8":"product_cat-petrol-post-driver","9":"product_cat-petrol-tools","10":"product_cat-post-driving-breaking","12":"first","13":"instock","14":"shipping-taxable","15":"product-type-simple"},"yoast_head":"<!-- This site is optimized with the Yoast SEO plugin v27.6 - https:\/\/yoast.com\/product\/yoast-seo-wordpress\/ -->\n<title>BYCON DPD-80 Portable Pole Driver - BYCON Europe<\/title>\n<meta name=\"robots\" content=\"index, follow, max-snippet:-1, max-image-preview:large, max-video-preview:-1\" \/>\n<link rel=\"canonical\" href=\"https:\/\/bycon-europe.com\/es\/product\/driver-de-postes-portatil-dpd-80-bycon\/\" \/>\n<meta property=\"og:locale\" content=\"es_ES\" \/>\n<meta property=\"og:type\" content=\"article\" \/>\n<meta property=\"og:title\" content=\"BYCON DPD-80 Portable Pole Driver - BYCON Europe\" \/>\n<meta property=\"og:description\" content=\"Lightweight 4-stroke petrol pile driver for posts up to 80 mm, with 4 interchangeable sleeves and carry case included.\" \/>\n<meta property=\"og:url\" content=\"https:\/\/bycon-europe.com\/es\/product\/driver-de-postes-portatil-dpd-80-bycon\/\" \/>\n<meta property=\"og:site_name\" content=\"BYCON Europe\" \/>\n<meta property=\"article:modified_time\" content=\"2026-05-14T19:46:47+00:00\" \/>\n<meta property=\"og:image\" content=\"https:\/\/bycon-europe.com\/wp-content\/uploads\/2025\/04\/DPD-80.png\" \/>\n\t<meta property=\"og:image:width\" content=\"700\" \/>\n\t<meta property=\"og:image:height\" content=\"700\" \/>\n\t<meta property=\"og:image:type\" content=\"image\/png\" \/>\n<meta name=\"twitter:card\" content=\"summary_large_image\" \/>\n<meta name=\"twitter:label1\" content=\"Tiempo de lectura\" \/>\n\t<meta name=\"twitter:data1\" content=\"1 minuto\" \/>\n<script type=\"application\/ld+json\" class=\"yoast-schema-graph\">{\"@context\":\"https:\\\/\\\/schema.org\",\"@graph\":[{\"@type\":\"WebPage\",\"@id\":\"https:\\\/\\\/bycon-europe.com\\\/product\\\/bycon-dpd-80-portable-pole-driver\\\/\",\"url\":\"https:\\\/\\\/bycon-europe.com\\\/product\\\/bycon-dpd-80-portable-pole-driver\\\/\",\"name\":\"BYCON DPD-80 Portable Pole Driver - BYCON Europe\",\"isPartOf\":{\"@id\":\"https:\\\/\\\/bycon-europe.com\\\/#website\"},\"primaryImageOfPage\":{\"@id\":\"https:\\\/\\\/bycon-europe.com\\\/product\\\/bycon-dpd-80-portable-pole-driver\\\/#primaryimage\"},\"image\":{\"@id\":\"https:\\\/\\\/bycon-europe.com\\\/product\\\/bycon-dpd-80-portable-pole-driver\\\/#primaryimage\"},\"thumbnailUrl\":\"https:\\\/\\\/bycon-europe.com\\\/wp-content\\\/uploads\\\/2025\\\/04\\\/DPD-80.png\",\"datePublished\":\"2025-04-08T14:13:15+00:00\",\"dateModified\":\"2026-05-14T19:46:47+00:00\",\"breadcrumb\":{\"@id\":\"https:\\\/\\\/bycon-europe.com\\\/product\\\/bycon-dpd-80-portable-pole-driver\\\/#breadcrumb\"},\"inLanguage\":\"es\",\"potentialAction\":[{\"@type\":\"ReadAction\",\"target\":[\"https:\\\/\\\/bycon-europe.com\\\/product\\\/bycon-dpd-80-portable-pole-driver\\\/\"]}]},{\"@type\":\"ImageObject\",\"inLanguage\":\"es\",\"@id\":\"https:\\\/\\\/bycon-europe.com\\\/product\\\/bycon-dpd-80-portable-pole-driver\\\/#primaryimage\",\"url\":\"https:\\\/\\\/bycon-europe.com\\\/wp-content\\\/uploads\\\/2025\\\/04\\\/DPD-80.png\",\"contentUrl\":\"https:\\\/\\\/bycon-europe.com\\\/wp-content\\\/uploads\\\/2025\\\/04\\\/DPD-80.png\",\"width\":700,\"height\":700},{\"@type\":\"BreadcrumbList\",\"@id\":\"https:\\\/\\\/bycon-europe.com\\\/product\\\/bycon-dpd-80-portable-pole-driver\\\/#breadcrumb\",\"itemListElement\":[{\"@type\":\"ListItem\",\"position\":1,\"name\":\"Home\",\"item\":\"https:\\\/\\\/bycon-europe.com\\\/\"},{\"@type\":\"ListItem\",\"position\":2,\"name\":\"Shop\",\"item\":\"https:\\\/\\\/bycon-europe.com\\\/shop\\\/\"},{\"@type\":\"ListItem\",\"position\":3,\"name\":\"BYCON DPD-80 Portable Pole Driver\"}]},{\"@type\":\"WebSite\",\"@id\":\"https:\\\/\\\/bycon-europe.com\\\/#website\",\"url\":\"https:\\\/\\\/bycon-europe.com\\\/\",\"name\":\"BYCON Europe\",\"description\":\"\",\"publisher\":{\"@id\":\"https:\\\/\\\/bycon-europe.com\\\/#organization\"},\"potentialAction\":[{\"@type\":\"SearchAction\",\"target\":{\"@type\":\"EntryPoint\",\"urlTemplate\":\"https:\\\/\\\/bycon-europe.com\\\/?s={search_term_string}\"},\"query-input\":{\"@type\":\"PropertyValueSpecification\",\"valueRequired\":true,\"valueName\":\"search_term_string\"}}],\"inLanguage\":\"es\"},{\"@type\":\"Organization\",\"@id\":\"https:\\\/\\\/bycon-europe.com\\\/#organization\",\"name\":\"BYCON Europe\",\"url\":\"https:\\\/\\\/bycon-europe.com\\\/\",\"logo\":{\"@type\":\"ImageObject\",\"inLanguage\":\"es\",\"@id\":\"https:\\\/\\\/bycon-europe.com\\\/#\\\/schema\\\/logo\\\/image\\\/\",\"url\":\"https:\\\/\\\/bycon-europe.com\\\/wp-content\\\/uploads\\\/2025\\\/12\\\/logo-Bewerkt.png\",\"contentUrl\":\"https:\\\/\\\/bycon-europe.com\\\/wp-content\\\/uploads\\\/2025\\\/12\\\/logo-Bewerkt.png\",\"width\":765,\"height\":200,\"caption\":\"BYCON Europe\"},\"image\":{\"@id\":\"https:\\\/\\\/bycon-europe.com\\\/#\\\/schema\\\/logo\\\/image\\\/\"}}]}<\/script>\n<!-- \/ Yoast SEO plugin. -->","yoast_head_json":{"title":"BYCON DPD-80 Martillo Perforador de Postes Port\u00e1til - BYCON Europe","robots":{"index":"index","follow":"follow","max-snippet":"max-snippet:-1","max-image-preview":"max-image-preview:large","max-video-preview":"max-video-preview:-1"},"canonical":"https:\/\/bycon-europe.com\/es\/product\/driver-de-postes-portatil-dpd-80-bycon\/","og_locale":"es_ES","og_type":"article","og_title":"BYCON DPD-80 Portable Pole Driver - BYCON Europe","og_description":"Lightweight 4-stroke petrol pile driver for posts up to 80 mm, with 4 interchangeable sleeves and carry case included.","og_url":"https:\/\/bycon-europe.com\/es\/product\/driver-de-postes-portatil-dpd-80-bycon\/","og_site_name":"BYCON Europe","article_modified_time":"2026-05-14T19:46:47+00:00","og_image":[{"width":700,"height":700,"url":"https:\/\/bycon-europe.com\/wp-content\/uploads\/2025\/04\/DPD-80.png","type":"image\/png"}],"twitter_card":"summary_large_image","twitter_misc":{"Tiempo de lectura":"1 minuto"},"schema":{"@context":"https:\/\/schema.org","@graph":[{"@type":"WebPage","@id":"https:\/\/bycon-europe.com\/product\/bycon-dpd-80-portable-pole-driver\/","url":"https:\/\/bycon-europe.com\/product\/bycon-dpd-80-portable-pole-driver\/","name":"BYCON DPD-80 Martillo Perforador de Postes Port\u00e1til - BYCON Europe","isPartOf":{"@id":"https:\/\/bycon-europe.com\/#website"},"primaryImageOfPage":{"@id":"https:\/\/bycon-europe.com\/product\/bycon-dpd-80-portable-pole-driver\/#primaryimage"},"image":{"@id":"https:\/\/bycon-europe.com\/product\/bycon-dpd-80-portable-pole-driver\/#primaryimage"},"thumbnailUrl":"https:\/\/bycon-europe.com\/wp-content\/uploads\/2025\/04\/DPD-80.png","datePublished":"2025-04-08T14:13:15+00:00","dateModified":"2026-05-14T19:46:47+00:00","breadcrumb":{"@id":"https:\/\/bycon-europe.com\/product\/bycon-dpd-80-portable-pole-driver\/#breadcrumb"},"inLanguage":"es","potentialAction":[{"@type":"ReadAction","target":["https:\/\/bycon-europe.com\/product\/bycon-dpd-80-portable-pole-driver\/"]}]},{"@type":"ImageObject","inLanguage":"es","@id":"https:\/\/bycon-europe.com\/product\/bycon-dpd-80-portable-pole-driver\/#primaryimage","url":"https:\/\/bycon-europe.com\/wp-content\/uploads\/2025\/04\/DPD-80.png","contentUrl":"https:\/\/bycon-europe.com\/wp-content\/uploads\/2025\/04\/DPD-80.png","width":700,"height":700},{"@type":"BreadcrumbList","@id":"https:\/\/bycon-europe.com\/product\/bycon-dpd-80-portable-pole-driver\/#breadcrumb","itemListElement":[{"@type":"ListItem","position":1,"name":"Home","item":"https:\/\/bycon-europe.com\/"},{"@type":"ListItem","position":2,"name":"Shop","item":"https:\/\/bycon-europe.com\/shop\/"},{"@type":"ListItem","position":3,"name":"BYCON DPD-80 Portable Pole Driver"}]},{"@type":"WebSite","@id":"https:\/\/bycon-europe.com\/#website","url":"https:\/\/bycon-europe.com\/","name":"BYCON Europa","description":"","publisher":{"@id":"https:\/\/bycon-europe.com\/#organization"},"potentialAction":[{"@type":"SearchAction","target":{"@type":"EntryPoint","urlTemplate":"https:\/\/bycon-europe.com\/?s={search_term_string}"},"query-input":{"@type":"PropertyValueSpecification","valueRequired":true,"valueName":"search_term_string"}}],"inLanguage":"es"},{"@type":"Organization","@id":"https:\/\/bycon-europe.com\/#organization","name":"BYCON Europa","url":"https:\/\/bycon-europe.com\/","logo":{"@type":"ImageObject","inLanguage":"es","@id":"https:\/\/bycon-europe.com\/#\/schema\/logo\/image\/","url":"https:\/\/bycon-europe.com\/wp-content\/uploads\/2025\/12\/logo-Bewerkt.png","contentUrl":"https:\/\/bycon-europe.com\/wp-content\/uploads\/2025\/12\/logo-Bewerkt.png","width":765,"height":200,"caption":"BYCON Europe"},"image":{"@id":"https:\/\/bycon-europe.com\/#\/schema\/logo\/image\/"}}]}},"_links":{"self":[{"href":"https:\/\/bycon-europe.com\/es\/wp-json\/wp\/v2\/product\/963","targetHints":{"allow":["GET"]}}],"collection":[{"href":"https:\/\/bycon-europe.com\/es\/wp-json\/wp\/v2\/product"}],"about":[{"href":"https:\/\/bycon-europe.com\/es\/wp-json\/wp\/v2\/types\/product"}],"replies":[{"embeddable":true,"href":"https:\/\/bycon-europe.com\/es\/wp-json\/wp\/v2\/comments?post=963"}],"wp:featuredmedia":[{"embeddable":true,"href":"https:\/\/bycon-europe.com\/es\/wp-json\/wp\/v2\/media\/966"}],"wp:attachment":[{"href":"https:\/\/bycon-europe.com\/es\/wp-json\/wp\/v2\/media?parent=963"}],"wp:term":[{"taxonomy":"product_brand","embeddable":true,"href":"https:\/\/bycon-europe.com\/es\/wp-json\/wp\/v2\/product_brand?post=963"},{"taxonomy":"product_cat","embeddable":true,"href":"https:\/\/bycon-europe.com\/es\/wp-json\/wp\/v2\/product_cat?post=963"},{"taxonomy":"product_tag","embeddable":true,"href":"https:\/\/bycon-europe.com\/es\/wp-json\/wp\/v2\/product_tag?post=963"}],"curies":[{"name":"wp","href":"https:\/\/api.w.org\/{rel}","templated":true}]}}