{"id":988,"date":"2025-04-10T07:05:21","date_gmt":"2025-04-10T07:05:21","guid":{"rendered":"https:\/\/bycon-europe.com\/?post_type=product&#038;p=988"},"modified":"2025-07-07T09:39:05","modified_gmt":"2025-07-07T09:39:05","slug":"maquina-de-perforacion-de-nucleos-bycon-dmp-252","status":"publish","type":"product","link":"https:\/\/bycon-europe.com\/es\/product\/bycon-dmp-252-core-drilling-machine\/","title":{"rendered":"BYCON DMP-252 Motor de Diamante H\u00famedo para Perforaci\u00f3n de N\u00facleo | 2600W | Uso Rudo | Montado en Base"},"content":{"rendered":"<h2 data-start=\"235\" data-end=\"307\">Taladro de n\u00facleo BYCON DMP-252 \u2013 2600W, 3 velocidades, montado en soporte<\/h2>\n<p data-start=\"309\" data-end=\"1001\">La BYCON DMP-252 es una m\u00e1quina de perforaci\u00f3n diamantada montada en un soporte de alto rendimiento, dise\u00f1ada para trabajos exigentes en hormig\u00f3n armado con barras de refuerzo. Impulsada por un motor de 2600W y equipada con una caja de cambios de 3 velocidades, maneja di\u00e1metros de corona de hasta \u00d8252 mm con facilidad. La m\u00e1quina est\u00e1 equipada con sistemas de seguridad mec\u00e1nica y electr\u00f3nica, que incluyen arranque suave, protecci\u00f3n PRCD, alertas de sobrecarga y un embrague de deslizamiento mec\u00e1nico para la seguridad del usuario. Componentes de primera calidad como un sistema de engranajes KHGEARS, un inducido de alta resistencia y acceso externo a las escobillas de carb\u00f3n garantizan una durabilidad excepcional y un tiempo de inactividad m\u00ednimo. Dise\u00f1ada para la fiabilidad y la precisi\u00f3n, la DMP-252 es la herramienta definitiva para profesionales serios.<\/p>\n<hr data-start=\"1003\" data-end=\"1006\" \/>\n<p data-start=\"1008\" data-end=\"1028\"><strong>Caracter\u00edsticas principales<\/strong><\/p>\n<ul>\n<li data-start=\"1031\" data-end=\"1140\"><strong data-start=\"1031\" data-end=\"1063\">Motor de alto rendimiento de 2600W<\/strong>Ofrece perforaciones potentes y consistentes en concreto reforzado con barras de refuerzo.<\/li>\n<li data-start=\"1031\" data-end=\"1140\"><strong data-start=\"1143\" data-end=\"1162\">Caja de cambios de 3 velocidades<\/strong>Elija entre 560 \/ 1120 \/ 1680 rpm para taladrar \u00d880 mm a \u00d8252 mm<\/li>\n<li data-start=\"1031\" data-end=\"1140\"><strong data-start=\"1236\" data-end=\"1268\">Arranque Suave y Protecci\u00f3n PRCD<\/strong>Arranque suave del motor con protecci\u00f3n contra peligros el\u00e9ctricos<\/li>\n<li data-start=\"1031\" data-end=\"1140\"><strong data-start=\"1338\" data-end=\"1368\">Embrague de Deslizamiento Mec\u00e1nico<\/strong>Mejora la seguridad del operador al prevenir picos de par repentinos<\/li>\n<li data-start=\"1031\" data-end=\"1140\"><strong data-start=\"1434\" data-end=\"1461\">Escobillas de Carb\u00f3n Externas<\/strong>Reemplazo de cepillo de f\u00e1cil acceso para reducir el tiempo de servicio<\/li>\n<li data-start=\"1031\" data-end=\"1140\"><strong data-start=\"1522\" data-end=\"1545\">Sistema de engranajes KHGEARS<\/strong>Engranajes de alta calidad garantizan una refrigeraci\u00f3n eficiente y una vida \u00fatil prolongada.<\/li>\n<li data-start=\"1031\" data-end=\"1140\"><strong data-start=\"1614\" data-end=\"1636\">Montaje universal<\/strong>: Agujeros est\u00e1ndar de 79 \u00d7 41 mm compatibles con la mayor\u00eda de las perforadoras<\/li>\n<\/ul>\n<hr data-start=\"1699\" data-end=\"1702\" \/>\n<p data-start=\"1704\" data-end=\"1736\"><strong data-start=\"1708\" data-end=\"1736\">Especificaciones T\u00e9cnicas<\/strong><\/p>\n<ul>\n<li data-start=\"1739\" data-end=\"1765\"><strong data-start=\"1739\" data-end=\"1755\">Potencia de salida<\/strong>: 2600 W<\/li>\n<li data-start=\"1739\" data-end=\"1765\"><strong data-start=\"1768\" data-end=\"1791\">Voltaje \/ Frecuencia<\/strong>220 V \/ 50 Hz o 120 V \/ 60 Hz<\/li>\n<li data-start=\"1739\" data-end=\"1765\"><strong data-start=\"1828\" data-end=\"1839\">Actual<\/strong>14 A \/ 25 A<\/li>\n<li data-start=\"1739\" data-end=\"1765\"><strong data-start=\"1857\" data-end=\"1891\">Velocidad sin carga (Engranaje 1 \/ 2 \/ 3)<\/strong>560 \/ 1.120 \/ 1.680 rpm<\/li>\n<li data-start=\"1739\" data-end=\"1765\"><strong data-start=\"1921\" data-end=\"1959\">Di\u00e1metro de Taladrado (Engranaje 1 \/ 2 \/ 3)<\/strong>\u00d8252 mm \/ \u00d8102 mm \/ \u00d880 mm<\/li>\n<li data-start=\"1739\" data-end=\"1765\"><strong data-start=\"1992\" data-end=\"2028\">Di\u00e1metro m\u00e1ximo de perforaci\u00f3n (hormig\u00f3n)<\/strong>: 252 mm \u00d8<\/li>\n<li data-start=\"1739\" data-end=\"1765\"><strong data-start=\"2042\" data-end=\"2060\">Rosca del husillo<\/strong>1\u00bc\u2033 UNC<\/li>\n<li data-start=\"1739\" data-end=\"1765\"><strong data-start=\"2074\" data-end=\"2088\">Peso Neto<\/strong>12.7 kg<\/li>\n<li data-start=\"1739\" data-end=\"1765\"><strong data-start=\"2102\" data-end=\"2118\">Tama\u00f1o del embalaje<\/strong>: 635 \u00d7 460 \u00d7 215 mm<\/li>\n<li data-start=\"1739\" data-end=\"1765\"><strong data-start=\"2143\" data-end=\"2170\">Soportes de taladro compatibles<\/strong>DSP-252 \/ DSP-352<\/li>\n<\/ul>\n<hr data-start=\"2193\" data-end=\"2196\" \/>\n<p data-start=\"2198\" data-end=\"2221\"><strong data-start=\"2202\" data-end=\"2221\">Qu\u00e9 est\u00e1 incluido<\/strong><\/p>\n<ul>\n<li data-start=\"2224\" data-end=\"2265\">Motor de perforaci\u00f3n central BYCON DMP-252 (2600 W)<\/li>\n<li data-start=\"2224\" data-end=\"2265\">Enchufe de seguridad PRCD<\/li>\n<li data-start=\"2224\" data-end=\"2265\">Mango lateral ajustable<\/li>\n<li data-start=\"2224\" data-end=\"2265\">Juego de escobillas de carb\u00f3n<\/li>\n<li data-start=\"2224\" data-end=\"2265\">Manual de Usuario<\/li>\n<li data-start=\"2224\" data-end=\"2265\">Caja de transporte<\/li>\n<\/ul>","protected":false},"excerpt":{"rendered":"<p data-start=\"280\" data-end=\"825\">La BYCON DMP-252 es una perforadora de n\u00facleo de servicio pesado de 2600 W montada en un equipo, dise\u00f1ada para perforaci\u00f3n en h\u00famedo en concreto reforzado con barras de refuerzo. Ofrece una caja de cambios de 3 velocidades para un control preciso en tama\u00f1os de n\u00facleo de \u00d880 mm a \u00d8252 mm, e incluye arranque suave, protecci\u00f3n PRCD y un embrague de seguridad mec\u00e1nico para una operaci\u00f3n segura y estable. Con una transmisi\u00f3n duradera KHGEARS, escobillas de carb\u00f3n externas y compatibilidad con soportes de perforaci\u00f3n est\u00e1ndar, la DMP-252 es ideal para entornos profesionales exigentes donde la potencia, la precisi\u00f3n y la fiabilidad son esenciales.<\/p>","protected":false},"featured_media":992,"comment_status":"open","ping_status":"closed","template":"","meta":[],"product_brand":[],"product_cat":[15,16,20,19,62],"product_tag":[],"class_list":{"0":"post-988","1":"product","2":"type-product","3":"status-publish","4":"has-post-thumbnail","6":"product_cat-all-machines","7":"product_cat-construction-machines","8":"product_cat-core-drill-motor","9":"product_cat-core-drilling-equipment","10":"product_cat-rig-mounted-core-drills","12":"first","13":"instock","14":"shipping-taxable","15":"product-type-simple"},"yoast_head":"<!-- This site is optimized with the Yoast SEO plugin v27.6 - https:\/\/yoast.com\/product\/yoast-seo-wordpress\/ -->\n<title>BYCON DMP-252 Core Drilling Machine | 2600W | Rig Mounted - BYCON Europe<\/title>\n<meta name=\"description\" content=\"2600W rig-mounted core drill motor with 3-speed control, PRCD, soft start &amp; safety clutch. Ideal for reinforced concrete \u00d8252 mm. Built for durability.\" \/>\n<meta name=\"robots\" content=\"index, follow, max-snippet:-1, max-image-preview:large, max-video-preview:-1\" \/>\n<link rel=\"canonical\" href=\"https:\/\/bycon-europe.com\/es\/product\/maquina-de-perforacion-de-nucleos-bycon-dmp-252\/\" \/>\n<meta property=\"og:locale\" content=\"es_ES\" \/>\n<meta property=\"og:type\" content=\"article\" \/>\n<meta property=\"og:title\" content=\"BYCON DMP-252 Core Drilling Machine | 2600W | Rig Mounted - BYCON Europe\" \/>\n<meta property=\"og:description\" content=\"2600W rig-mounted core drill motor with 3-speed control, PRCD, soft start &amp; safety clutch. Ideal for reinforced concrete \u00d8252 mm. Built for durability.\" \/>\n<meta property=\"og:url\" content=\"https:\/\/bycon-europe.com\/es\/product\/maquina-de-perforacion-de-nucleos-bycon-dmp-252\/\" \/>\n<meta property=\"og:site_name\" content=\"BYCON Europe\" \/>\n<meta property=\"article:modified_time\" content=\"2025-07-07T09:39:05+00:00\" \/>\n<meta property=\"og:image\" content=\"https:\/\/bycon-europe.com\/wp-content\/uploads\/2025\/04\/DMP-252.png\" \/>\n\t<meta property=\"og:image:width\" content=\"700\" \/>\n\t<meta property=\"og:image:height\" content=\"700\" \/>\n\t<meta property=\"og:image:type\" content=\"image\/png\" \/>\n<meta name=\"twitter:card\" content=\"summary_large_image\" \/>\n<meta name=\"twitter:label1\" content=\"Tiempo de lectura\" \/>\n\t<meta name=\"twitter:data1\" content=\"2 minutos\" \/>\n<script type=\"application\/ld+json\" class=\"yoast-schema-graph\">{\"@context\":\"https:\\\/\\\/schema.org\",\"@graph\":[{\"@type\":\"WebPage\",\"@id\":\"https:\\\/\\\/bycon-europe.com\\\/product\\\/bycon-dmp-252-core-drilling-machine\\\/\",\"url\":\"https:\\\/\\\/bycon-europe.com\\\/product\\\/bycon-dmp-252-core-drilling-machine\\\/\",\"name\":\"BYCON DMP-252 Core Drilling Machine | 2600W | Rig Mounted - BYCON Europe\",\"isPartOf\":{\"@id\":\"https:\\\/\\\/bycon-europe.com\\\/#website\"},\"primaryImageOfPage\":{\"@id\":\"https:\\\/\\\/bycon-europe.com\\\/product\\\/bycon-dmp-252-core-drilling-machine\\\/#primaryimage\"},\"image\":{\"@id\":\"https:\\\/\\\/bycon-europe.com\\\/product\\\/bycon-dmp-252-core-drilling-machine\\\/#primaryimage\"},\"thumbnailUrl\":\"https:\\\/\\\/bycon-europe.com\\\/wp-content\\\/uploads\\\/2025\\\/04\\\/DMP-252.png\",\"datePublished\":\"2025-04-10T07:05:21+00:00\",\"dateModified\":\"2025-07-07T09:39:05+00:00\",\"description\":\"2600W rig-mounted core drill motor with 3-speed control, PRCD, soft start & safety clutch. Ideal for reinforced concrete \u00d8252 mm. Built for durability.\",\"breadcrumb\":{\"@id\":\"https:\\\/\\\/bycon-europe.com\\\/product\\\/bycon-dmp-252-core-drilling-machine\\\/#breadcrumb\"},\"inLanguage\":\"es\",\"potentialAction\":[{\"@type\":\"ReadAction\",\"target\":[\"https:\\\/\\\/bycon-europe.com\\\/product\\\/bycon-dmp-252-core-drilling-machine\\\/\"]}]},{\"@type\":\"ImageObject\",\"inLanguage\":\"es\",\"@id\":\"https:\\\/\\\/bycon-europe.com\\\/product\\\/bycon-dmp-252-core-drilling-machine\\\/#primaryimage\",\"url\":\"https:\\\/\\\/bycon-europe.com\\\/wp-content\\\/uploads\\\/2025\\\/04\\\/DMP-252.png\",\"contentUrl\":\"https:\\\/\\\/bycon-europe.com\\\/wp-content\\\/uploads\\\/2025\\\/04\\\/DMP-252.png\",\"width\":700,\"height\":700},{\"@type\":\"BreadcrumbList\",\"@id\":\"https:\\\/\\\/bycon-europe.com\\\/product\\\/bycon-dmp-252-core-drilling-machine\\\/#breadcrumb\",\"itemListElement\":[{\"@type\":\"ListItem\",\"position\":1,\"name\":\"Home\",\"item\":\"https:\\\/\\\/bycon-europe.com\\\/\"},{\"@type\":\"ListItem\",\"position\":2,\"name\":\"Shop\",\"item\":\"https:\\\/\\\/bycon-europe.com\\\/shop\\\/\"},{\"@type\":\"ListItem\",\"position\":3,\"name\":\"BYCON DMP-252 Wet Diamond Core Drilling Motor | 2600W | Heavy Duty | Rig Mounted\"}]},{\"@type\":\"WebSite\",\"@id\":\"https:\\\/\\\/bycon-europe.com\\\/#website\",\"url\":\"https:\\\/\\\/bycon-europe.com\\\/\",\"name\":\"BYCON Europe\",\"description\":\"\",\"publisher\":{\"@id\":\"https:\\\/\\\/bycon-europe.com\\\/#organization\"},\"potentialAction\":[{\"@type\":\"SearchAction\",\"target\":{\"@type\":\"EntryPoint\",\"urlTemplate\":\"https:\\\/\\\/bycon-europe.com\\\/?s={search_term_string}\"},\"query-input\":{\"@type\":\"PropertyValueSpecification\",\"valueRequired\":true,\"valueName\":\"search_term_string\"}}],\"inLanguage\":\"es\"},{\"@type\":\"Organization\",\"@id\":\"https:\\\/\\\/bycon-europe.com\\\/#organization\",\"name\":\"BYCON Europe\",\"url\":\"https:\\\/\\\/bycon-europe.com\\\/\",\"logo\":{\"@type\":\"ImageObject\",\"inLanguage\":\"es\",\"@id\":\"https:\\\/\\\/bycon-europe.com\\\/#\\\/schema\\\/logo\\\/image\\\/\",\"url\":\"https:\\\/\\\/bycon-europe.com\\\/wp-content\\\/uploads\\\/2025\\\/12\\\/logo-Bewerkt.png\",\"contentUrl\":\"https:\\\/\\\/bycon-europe.com\\\/wp-content\\\/uploads\\\/2025\\\/12\\\/logo-Bewerkt.png\",\"width\":765,\"height\":200,\"caption\":\"BYCON Europe\"},\"image\":{\"@id\":\"https:\\\/\\\/bycon-europe.com\\\/#\\\/schema\\\/logo\\\/image\\\/\"}}]}<\/script>\n<!-- \/ Yoast SEO plugin. -->","yoast_head_json":{"title":"BYCON DMP-252 M\u00e1quina de Perforaci\u00f3n Central | 2600W | Montada en Banco - BYCON Europe","description":"Motor de perforaci\u00f3n de n\u00facleo montado en soporte de 2600W con control de 3 velocidades, PRCD, arranque suave y embrague de seguridad. Ideal para hormig\u00f3n armado de \u00d8252 mm. Construido para durabilidad.","robots":{"index":"index","follow":"follow","max-snippet":"max-snippet:-1","max-image-preview":"max-image-preview:large","max-video-preview":"max-video-preview:-1"},"canonical":"https:\/\/bycon-europe.com\/es\/product\/maquina-de-perforacion-de-nucleos-bycon-dmp-252\/","og_locale":"es_ES","og_type":"article","og_title":"BYCON DMP-252 Core Drilling Machine | 2600W | Rig Mounted - BYCON Europe","og_description":"2600W rig-mounted core drill motor with 3-speed control, PRCD, soft start & safety clutch. Ideal for reinforced concrete \u00d8252 mm. Built for durability.","og_url":"https:\/\/bycon-europe.com\/es\/product\/maquina-de-perforacion-de-nucleos-bycon-dmp-252\/","og_site_name":"BYCON Europe","article_modified_time":"2025-07-07T09:39:05+00:00","og_image":[{"width":700,"height":700,"url":"https:\/\/bycon-europe.com\/wp-content\/uploads\/2025\/04\/DMP-252.png","type":"image\/png"}],"twitter_card":"summary_large_image","twitter_misc":{"Tiempo de lectura":"2 minutos"},"schema":{"@context":"https:\/\/schema.org","@graph":[{"@type":"WebPage","@id":"https:\/\/bycon-europe.com\/product\/bycon-dmp-252-core-drilling-machine\/","url":"https:\/\/bycon-europe.com\/product\/bycon-dmp-252-core-drilling-machine\/","name":"BYCON DMP-252 M\u00e1quina de Perforaci\u00f3n Central | 2600W | Montada en Banco - BYCON Europe","isPartOf":{"@id":"https:\/\/bycon-europe.com\/#website"},"primaryImageOfPage":{"@id":"https:\/\/bycon-europe.com\/product\/bycon-dmp-252-core-drilling-machine\/#primaryimage"},"image":{"@id":"https:\/\/bycon-europe.com\/product\/bycon-dmp-252-core-drilling-machine\/#primaryimage"},"thumbnailUrl":"https:\/\/bycon-europe.com\/wp-content\/uploads\/2025\/04\/DMP-252.png","datePublished":"2025-04-10T07:05:21+00:00","dateModified":"2025-07-07T09:39:05+00:00","description":"Motor de perforaci\u00f3n de n\u00facleo montado en soporte de 2600W con control de 3 velocidades, PRCD, arranque suave y embrague de seguridad. Ideal para hormig\u00f3n armado de \u00d8252 mm. Construido para durabilidad.","breadcrumb":{"@id":"https:\/\/bycon-europe.com\/product\/bycon-dmp-252-core-drilling-machine\/#breadcrumb"},"inLanguage":"es","potentialAction":[{"@type":"ReadAction","target":["https:\/\/bycon-europe.com\/product\/bycon-dmp-252-core-drilling-machine\/"]}]},{"@type":"ImageObject","inLanguage":"es","@id":"https:\/\/bycon-europe.com\/product\/bycon-dmp-252-core-drilling-machine\/#primaryimage","url":"https:\/\/bycon-europe.com\/wp-content\/uploads\/2025\/04\/DMP-252.png","contentUrl":"https:\/\/bycon-europe.com\/wp-content\/uploads\/2025\/04\/DMP-252.png","width":700,"height":700},{"@type":"BreadcrumbList","@id":"https:\/\/bycon-europe.com\/product\/bycon-dmp-252-core-drilling-machine\/#breadcrumb","itemListElement":[{"@type":"ListItem","position":1,"name":"Home","item":"https:\/\/bycon-europe.com\/"},{"@type":"ListItem","position":2,"name":"Shop","item":"https:\/\/bycon-europe.com\/shop\/"},{"@type":"ListItem","position":3,"name":"BYCON DMP-252 Wet Diamond Core Drilling Motor | 2600W | Heavy Duty | Rig Mounted"}]},{"@type":"WebSite","@id":"https:\/\/bycon-europe.com\/#website","url":"https:\/\/bycon-europe.com\/","name":"BYCON Europa","description":"","publisher":{"@id":"https:\/\/bycon-europe.com\/#organization"},"potentialAction":[{"@type":"SearchAction","target":{"@type":"EntryPoint","urlTemplate":"https:\/\/bycon-europe.com\/?s={search_term_string}"},"query-input":{"@type":"PropertyValueSpecification","valueRequired":true,"valueName":"search_term_string"}}],"inLanguage":"es"},{"@type":"Organization","@id":"https:\/\/bycon-europe.com\/#organization","name":"BYCON Europa","url":"https:\/\/bycon-europe.com\/","logo":{"@type":"ImageObject","inLanguage":"es","@id":"https:\/\/bycon-europe.com\/#\/schema\/logo\/image\/","url":"https:\/\/bycon-europe.com\/wp-content\/uploads\/2025\/12\/logo-Bewerkt.png","contentUrl":"https:\/\/bycon-europe.com\/wp-content\/uploads\/2025\/12\/logo-Bewerkt.png","width":765,"height":200,"caption":"BYCON Europe"},"image":{"@id":"https:\/\/bycon-europe.com\/#\/schema\/logo\/image\/"}}]}},"_links":{"self":[{"href":"https:\/\/bycon-europe.com\/es\/wp-json\/wp\/v2\/product\/988","targetHints":{"allow":["GET"]}}],"collection":[{"href":"https:\/\/bycon-europe.com\/es\/wp-json\/wp\/v2\/product"}],"about":[{"href":"https:\/\/bycon-europe.com\/es\/wp-json\/wp\/v2\/types\/product"}],"replies":[{"embeddable":true,"href":"https:\/\/bycon-europe.com\/es\/wp-json\/wp\/v2\/comments?post=988"}],"wp:featuredmedia":[{"embeddable":true,"href":"https:\/\/bycon-europe.com\/es\/wp-json\/wp\/v2\/media\/992"}],"wp:attachment":[{"href":"https:\/\/bycon-europe.com\/es\/wp-json\/wp\/v2\/media?parent=988"}],"wp:term":[{"taxonomy":"product_brand","embeddable":true,"href":"https:\/\/bycon-europe.com\/es\/wp-json\/wp\/v2\/product_brand?post=988"},{"taxonomy":"product_cat","embeddable":true,"href":"https:\/\/bycon-europe.com\/es\/wp-json\/wp\/v2\/product_cat?post=988"},{"taxonomy":"product_tag","embeddable":true,"href":"https:\/\/bycon-europe.com\/es\/wp-json\/wp\/v2\/product_tag?post=988"}],"curies":[{"name":"wp","href":"https:\/\/api.w.org\/{rel}","templated":true}]}}