{"id":1034,"date":"2025-04-10T08:26:15","date_gmt":"2025-04-10T08:26:15","guid":{"rendered":"https:\/\/bycon-europe.com\/?post_type=product&#038;p=1034"},"modified":"2025-04-10T08:26:15","modified_gmt":"2025-04-10T08:26:15","slug":"forets-carottage-sec-bycon-pour-beton","status":"publish","type":"product","link":"https:\/\/bycon-europe.com\/fr\/product\/bycon-dry-core-bits-for-concrete-drilling\/","title":{"rendered":"BYCON Foreuses Carottage Diamant B\u00e9ton"},"content":{"rendered":"<h2 data-start=\"0\" data-end=\"55\"><strong data-start=\"0\" data-end=\"55\">Foret sec pour le b\u00e9ton \u2013 S\u00e9rie Classique<\/strong><\/h2>\n<p>Les couronnes diamant\u00e9es s\u00e8ches Classic Series sont con\u00e7ues pour la pr\u00e9cision et la performance dans le forage du b\u00e9ton. Ces couronnes sont dot\u00e9es de segments soud\u00e9s au laser pour une durabilit\u00e9 accrue et une vitesse de coupe rapide, m\u00eame dans des conditions o\u00f9 le refroidissement par eau n'est pas possible. Avec une profondeur de coupe de 150 mm et un segment de 10 mm de haut, elles sont id\u00e9ales pour les utilisateurs professionnels travaillant avec des blocs de b\u00e9ton, des briques, du gr\u00e8s, et plus encore. Le filetage femelle standard de 1\/2\u2033 BSP assure la compatibilit\u00e9 avec la plupart des machines courantes, avec des filetages M16 optionnels disponibles pour des configurations sp\u00e9cifiques.<\/p>\n<p><strong>Caract\u00e9ristiques cl\u00e9s :<\/strong><\/p>\n<ul>\n<li><strong>Per\u00e7age \u00e0 sec \u00e0 grande vitesse :<\/strong> Offre d'excellentes performances de coupe avec une longue dur\u00e9e de vie<\/li>\n<li><strong>Segments soud\u00e9s au laser<\/strong> Assurer un fonctionnement solide et fiable<\/li>\n<li><strong>Usage \u00e0 sec uniquement :<\/strong> Convient pour le per\u00e7age sans refroidissement par eau<\/li>\n<li><strong>Segments diamant\u00e9s de 10 mm de haut :<\/strong> Con\u00e7u pour la durabilit\u00e9 et une longue dur\u00e9e de vie<\/li>\n<li><strong>Longueur de travail standard :<\/strong> 150 mm<\/li>\n<li><strong>Options de file d'attente :<\/strong> \u00bd\u201d BSP Femelle (standard) et M16 en option<\/li>\n<\/ul>\n<p class=\"\" data-start=\"1101\" data-end=\"1130\"><strong data-start=\"1101\" data-end=\"1130\">Sp\u00e9cifications techniques :<\/strong><\/p>\n<table class=\"min-w-full\" data-start=\"181\" data-end=\"2401\">\n<thead data-start=\"181\" data-end=\"295\">\n<tr data-start=\"181\" data-end=\"295\">\n<th data-start=\"181\" data-end=\"194\">Num\u00e9ro d'article<\/th>\n<th data-start=\"194\" data-end=\"218\">Diam\u00e8tre ext\u00e9rieur (D.E.)<\/th>\n<th data-start=\"218\" data-end=\"235\">Longueur de travail<\/th>\n<th data-start=\"235\" data-end=\"252\">Connecter le fil<\/th>\n<th data-start=\"252\" data-end=\"271\">Taille du segment<\/th>\n<th data-start=\"271\" data-end=\"295\">Quantit\u00e9 de segments<\/th>\n<\/tr>\n<\/thead>\n<tbody data-start=\"413\" data-end=\"2401\">\n<tr data-start=\"413\" data-end=\"529\">\n<td class=\"\" data-start=\"413\" data-end=\"426\">2022025<\/td>\n<td class=\"\" data-start=\"426\" data-end=\"451\">25 mm<\/td>\n<td class=\"\" data-start=\"451\" data-end=\"468\">150 mm<\/td>\n<td class=\"\" data-start=\"468\" data-end=\"485\">1\/2\u201d BSP \/ M16<\/td>\n<td class=\"\" data-start=\"485\" data-end=\"504\">1,5 \u00d7 3,8 \u00d7 10 mm<\/td>\n<td class=\"\" data-start=\"504\" data-end=\"529\">2<\/td>\n<\/tr>\n<tr data-start=\"530\" data-end=\"646\">\n<td class=\"\" data-start=\"530\" data-end=\"543\">2022032<\/td>\n<td class=\"\" data-start=\"543\" data-end=\"568\">32 mm<\/td>\n<td class=\"\" data-start=\"568\" data-end=\"585\">150 mm<\/td>\n<td class=\"\" data-start=\"585\" data-end=\"602\">1\/2\u201d BSP \/ M16<\/td>\n<td class=\"\" data-start=\"602\" data-end=\"621\">1,5 \u00d7 3,8 \u00d7 10 mm<\/td>\n<td class=\"\" data-start=\"621\" data-end=\"646\">3<\/td>\n<\/tr>\n<tr data-start=\"647\" data-end=\"763\">\n<td class=\"\" data-start=\"647\" data-end=\"660\">2022038<\/td>\n<td class=\"\" data-start=\"660\" data-end=\"685\">38 mm<\/td>\n<td class=\"\" data-start=\"685\" data-end=\"702\">150 mm<\/td>\n<td class=\"\" data-start=\"702\" data-end=\"719\">1\/2\u201d BSP \/ M16<\/td>\n<td class=\"\" data-start=\"719\" data-end=\"738\">1,5 \u00d7 3,8 \u00d7 10 mm<\/td>\n<td class=\"\" data-start=\"738\" data-end=\"763\">4<\/td>\n<\/tr>\n<tr data-start=\"764\" data-end=\"880\">\n<td class=\"\" data-start=\"764\" data-end=\"777\">2022048<\/td>\n<td class=\"\" data-start=\"777\" data-end=\"802\">48 mm<\/td>\n<td class=\"\" data-start=\"802\" data-end=\"819\">150 mm<\/td>\n<td class=\"\" data-start=\"819\" data-end=\"836\">1\/2\u201d BSP \/ M16<\/td>\n<td class=\"\" data-start=\"836\" data-end=\"855\">2,4 \u00d7 3,8 \u00d7 10 mm<\/td>\n<td class=\"\" data-start=\"855\" data-end=\"880\">4<\/td>\n<\/tr>\n<tr data-start=\"881\" data-end=\"997\">\n<td class=\"\" data-start=\"881\" data-end=\"894\">2022052<\/td>\n<td class=\"\" data-start=\"894\" data-end=\"919\">52 mm<\/td>\n<td class=\"\" data-start=\"919\" data-end=\"936\">150 mm<\/td>\n<td class=\"\" data-start=\"936\" data-end=\"953\">1\/2\u201d BSP \/ M16<\/td>\n<td class=\"\" data-start=\"953\" data-end=\"972\">2,4 \u00d7 3,8 \u00d7 10 mm<\/td>\n<td class=\"\" data-start=\"972\" data-end=\"997\">4<\/td>\n<\/tr>\n<tr data-start=\"998\" data-end=\"1114\">\n<td class=\"\" data-start=\"998\" data-end=\"1011\">2022065<\/td>\n<td class=\"\" data-start=\"1011\" data-end=\"1036\">65 mm<\/td>\n<td class=\"\" data-start=\"1036\" data-end=\"1053\">150 mm<\/td>\n<td class=\"\" data-start=\"1053\" data-end=\"1070\">1\/2\u201d BSP \/ M16<\/td>\n<td class=\"\" data-start=\"1070\" data-end=\"1089\">2,4 \u00d7 3,8 \u00d7 10 mm<\/td>\n<td class=\"\" data-start=\"1089\" data-end=\"1114\">4<\/td>\n<\/tr>\n<tr data-start=\"1115\" data-end=\"1231\">\n<td class=\"\" data-start=\"1115\" data-end=\"1128\">2022078<\/td>\n<td class=\"\" data-start=\"1128\" data-end=\"1153\">78 mm<\/td>\n<td class=\"\" data-start=\"1153\" data-end=\"1170\">150 mm<\/td>\n<td class=\"\" data-start=\"1170\" data-end=\"1187\">1\/2\u201d BSP \/ M16<\/td>\n<td class=\"\" data-start=\"1187\" data-end=\"1206\">2,4 \u00d7 3,8 \u00d7 10 mm<\/td>\n<td class=\"\" data-start=\"1206\" data-end=\"1231\">4<\/td>\n<\/tr>\n<tr data-start=\"1232\" data-end=\"1348\">\n<td class=\"\" data-start=\"1232\" data-end=\"1245\">2022091<\/td>\n<td class=\"\" data-start=\"1245\" data-end=\"1270\">91 millim\u00e8tres<\/td>\n<td class=\"\" data-start=\"1270\" data-end=\"1287\">150 mm<\/td>\n<td class=\"\" data-start=\"1287\" data-end=\"1304\">1\/2\u201d BSP \/ M16<\/td>\n<td class=\"\" data-start=\"1304\" data-end=\"1323\">2,4 \u00d7 3,8 \u00d7 10 mm<\/td>\n<td class=\"\" data-start=\"1323\" data-end=\"1348\">4<\/td>\n<\/tr>\n<tr data-start=\"1349\" data-end=\"1465\">\n<td class=\"\" data-start=\"1349\" data-end=\"1362\">2022102<\/td>\n<td class=\"\" data-start=\"1362\" data-end=\"1387\">102 mm<\/td>\n<td class=\"\" data-start=\"1387\" data-end=\"1404\">150 mm<\/td>\n<td class=\"\" data-start=\"1404\" data-end=\"1421\">1\/2\u201d BSP \/ M16<\/td>\n<td class=\"\" data-start=\"1421\" data-end=\"1440\">2,4 \u00d7 3,8 \u00d7 10 mm<\/td>\n<td class=\"\" data-start=\"1440\" data-end=\"1465\">5<\/td>\n<\/tr>\n<tr data-start=\"1466\" data-end=\"1582\">\n<td class=\"\" data-start=\"1466\" data-end=\"1479\">2022107<\/td>\n<td class=\"\" data-start=\"1479\" data-end=\"1504\">107 mm<\/td>\n<td class=\"\" data-start=\"1504\" data-end=\"1521\">150 mm<\/td>\n<td class=\"\" data-start=\"1521\" data-end=\"1538\">1\/2\u201d BSP \/ M16<\/td>\n<td class=\"\" data-start=\"1538\" data-end=\"1557\">2,4 \u00d7 3,8 \u00d7 10 mm<\/td>\n<td class=\"\" data-start=\"1557\" data-end=\"1582\">5<\/td>\n<\/tr>\n<tr data-start=\"1583\" data-end=\"1699\">\n<td class=\"\" data-start=\"1583\" data-end=\"1596\">2022117<\/td>\n<td class=\"\" data-start=\"1596\" data-end=\"1621\">117 mm<\/td>\n<td class=\"\" data-start=\"1621\" data-end=\"1638\">150 mm<\/td>\n<td class=\"\" data-start=\"1638\" data-end=\"1655\">1\/2\u201d BSP \/ M16<\/td>\n<td class=\"\" data-start=\"1655\" data-end=\"1674\">2,4 \u00d7 3,8 \u00d7 10 mm<\/td>\n<td class=\"\" data-start=\"1674\" data-end=\"1699\">5<\/td>\n<\/tr>\n<tr data-start=\"1700\" data-end=\"1816\">\n<td class=\"\" data-start=\"1700\" data-end=\"1713\">2022127<\/td>\n<td class=\"\" data-start=\"1713\" data-end=\"1738\">127 mm<\/td>\n<td class=\"\" data-start=\"1738\" data-end=\"1755\">150 mm<\/td>\n<td class=\"\" data-start=\"1755\" data-end=\"1772\">1\/2\u201d BSP \/ M16<\/td>\n<td class=\"\" data-start=\"1772\" data-end=\"1791\">2,4 \u00d7 3,8 \u00d7 10 mm<\/td>\n<td class=\"\" data-start=\"1791\" data-end=\"1816\">6<\/td>\n<\/tr>\n<tr data-start=\"1817\" data-end=\"1933\">\n<td class=\"\" data-start=\"1817\" data-end=\"1830\">2022142<\/td>\n<td class=\"\" data-start=\"1830\" data-end=\"1855\">142 mm<\/td>\n<td class=\"\" data-start=\"1855\" data-end=\"1872\">150 mm<\/td>\n<td class=\"\" data-start=\"1872\" data-end=\"1889\">1\/2\u201d BSP \/ M16<\/td>\n<td class=\"\" data-start=\"1889\" data-end=\"1908\">2,4 \u00d7 3,8 \u00d7 10 mm<\/td>\n<td class=\"\" data-start=\"1908\" data-end=\"1933\">7<\/td>\n<\/tr>\n<tr data-start=\"1934\" data-end=\"2050\">\n<td class=\"\" data-start=\"1934\" data-end=\"1947\">2022152<\/td>\n<td class=\"\" data-start=\"1947\" data-end=\"1972\">152 mm<\/td>\n<td class=\"\" data-start=\"1972\" data-end=\"1989\">150 mm<\/td>\n<td class=\"\" data-start=\"1989\" data-end=\"2006\">1\/2\u201d BSP \/ M16<\/td>\n<td class=\"\" data-start=\"2006\" data-end=\"2025\">2,4 \u00d7 3,8 \u00d7 10 mm<\/td>\n<td class=\"\" data-start=\"2025\" data-end=\"2050\">7<\/td>\n<\/tr>\n<tr data-start=\"2051\" data-end=\"2167\">\n<td class=\"\" data-start=\"2051\" data-end=\"2064\">2022162<\/td>\n<td class=\"\" data-start=\"2064\" data-end=\"2089\">162 mm<\/td>\n<td class=\"\" data-start=\"2089\" data-end=\"2106\">150 mm<\/td>\n<td class=\"\" data-start=\"2106\" data-end=\"2123\">1\/2\u201d BSP \/ M16<\/td>\n<td class=\"\" data-start=\"2123\" data-end=\"2142\">2,4 \u00d7 3,8 \u00d7 10 mm<\/td>\n<td class=\"\" data-start=\"2142\" data-end=\"2167\">8<\/td>\n<\/tr>\n<tr data-start=\"2168\" data-end=\"2284\">\n<td class=\"\" data-start=\"2168\" data-end=\"2181\">2022172<\/td>\n<td class=\"\" data-start=\"2181\" data-end=\"2206\">172 mm<\/td>\n<td class=\"\" data-start=\"2206\" data-end=\"2223\">150 mm<\/td>\n<td class=\"\" data-start=\"2223\" data-end=\"2240\">1\/2\u201d BSP \/ M16<\/td>\n<td class=\"\" data-start=\"2240\" data-end=\"2259\">2,4 \u00d7 3,8 \u00d7 10 mm<\/td>\n<td class=\"\" data-start=\"2259\" data-end=\"2284\">8<\/td>\n<\/tr>\n<tr data-start=\"2285\" data-end=\"2401\">\n<td class=\"\" data-start=\"2285\" data-end=\"2298\">2022182<\/td>\n<td class=\"\" data-start=\"2298\" data-end=\"2323\">182 mm<\/td>\n<td class=\"\" data-start=\"2323\" data-end=\"2340\">150 mm<\/td>\n<td class=\"\" data-start=\"2340\" data-end=\"2357\">1\/2\u201d BSP \/ M16<\/td>\n<td class=\"\" data-start=\"2357\" data-end=\"2376\">2,4 \u00d7 3,8 \u00d7 10 mm<\/td>\n<td class=\"\" data-start=\"2376\" data-end=\"2401\">9<\/td>\n<\/tr>\n<\/tbody>\n<\/table>","protected":false},"excerpt":{"rendered":"<p>M\u00e8ches de carottage diamant\u00e9es \u00e0 sec fiables con\u00e7ues pour le per\u00e7age \u00e0 grande vitesse dans les blocs de b\u00e9ton, la ma\u00e7onnerie et d'autres mat\u00e9riaux de construction durs.<\/p>","protected":false},"featured_media":1035,"comment_status":"open","ping_status":"closed","template":"","meta":[],"product_brand":[],"product_cat":[34,17,36],"product_tag":[],"class_list":{"0":"post-1034","1":"product","2":"type-product","3":"status-publish","4":"has-post-thumbnail","6":"product_cat-core-drilling-tools","7":"product_cat-diamond-tools","8":"product_cat-dry-core-bits","10":"first","11":"instock","12":"shipping-taxable","13":"product-type-simple"},"yoast_head":"<!-- This site is optimized with the Yoast SEO plugin v27.5 - https:\/\/yoast.com\/product\/yoast-seo-wordpress\/ -->\n<title>BYCON Dry Core Bits for Concrete Drilling - BYCON Europe<\/title>\n<meta name=\"robots\" content=\"index, follow, max-snippet:-1, max-image-preview:large, max-video-preview:-1\" \/>\n<link rel=\"canonical\" href=\"https:\/\/bycon-europe.com\/fr\/product\/forets-carottage-sec-bycon-pour-beton\/\" \/>\n<meta property=\"og:locale\" content=\"fr_FR\" \/>\n<meta property=\"og:type\" content=\"article\" \/>\n<meta property=\"og:title\" content=\"BYCON Dry Core Bits for Concrete Drilling - BYCON Europe\" \/>\n<meta property=\"og:description\" content=\"Reliable dry diamond core bits designed for high-speed drilling in concrete blocks, masonry, and other hard building materials.\" \/>\n<meta property=\"og:url\" content=\"https:\/\/bycon-europe.com\/fr\/product\/forets-carottage-sec-bycon-pour-beton\/\" \/>\n<meta property=\"og:site_name\" content=\"BYCON Europe\" \/>\n<meta property=\"og:image\" content=\"https:\/\/bycon-europe.com\/wp-content\/uploads\/2025\/04\/classic-series.png\" \/>\n\t<meta property=\"og:image:width\" content=\"700\" \/>\n\t<meta property=\"og:image:height\" content=\"700\" \/>\n\t<meta property=\"og:image:type\" content=\"image\/png\" \/>\n<meta name=\"twitter:card\" content=\"summary_large_image\" \/>\n<meta name=\"twitter:label1\" content=\"Dur\u00e9e de lecture estim\u00e9e\" \/>\n\t<meta name=\"twitter:data1\" content=\"2 minutes\" \/>\n<script type=\"application\/ld+json\" class=\"yoast-schema-graph\">{\"@context\":\"https:\\\/\\\/schema.org\",\"@graph\":[{\"@type\":\"WebPage\",\"@id\":\"https:\\\/\\\/bycon-europe.com\\\/product\\\/bycon-dry-core-bits-for-concrete-drilling\\\/\",\"url\":\"https:\\\/\\\/bycon-europe.com\\\/product\\\/bycon-dry-core-bits-for-concrete-drilling\\\/\",\"name\":\"BYCON Dry Core Bits for Concrete Drilling - BYCON Europe\",\"isPartOf\":{\"@id\":\"https:\\\/\\\/bycon-europe.com\\\/#website\"},\"primaryImageOfPage\":{\"@id\":\"https:\\\/\\\/bycon-europe.com\\\/product\\\/bycon-dry-core-bits-for-concrete-drilling\\\/#primaryimage\"},\"image\":{\"@id\":\"https:\\\/\\\/bycon-europe.com\\\/product\\\/bycon-dry-core-bits-for-concrete-drilling\\\/#primaryimage\"},\"thumbnailUrl\":\"https:\\\/\\\/bycon-europe.com\\\/wp-content\\\/uploads\\\/2025\\\/04\\\/classic-series.png\",\"datePublished\":\"2025-04-10T08:26:15+00:00\",\"breadcrumb\":{\"@id\":\"https:\\\/\\\/bycon-europe.com\\\/product\\\/bycon-dry-core-bits-for-concrete-drilling\\\/#breadcrumb\"},\"inLanguage\":\"fr-FR\",\"potentialAction\":[{\"@type\":\"ReadAction\",\"target\":[\"https:\\\/\\\/bycon-europe.com\\\/product\\\/bycon-dry-core-bits-for-concrete-drilling\\\/\"]}]},{\"@type\":\"ImageObject\",\"inLanguage\":\"fr-FR\",\"@id\":\"https:\\\/\\\/bycon-europe.com\\\/product\\\/bycon-dry-core-bits-for-concrete-drilling\\\/#primaryimage\",\"url\":\"https:\\\/\\\/bycon-europe.com\\\/wp-content\\\/uploads\\\/2025\\\/04\\\/classic-series.png\",\"contentUrl\":\"https:\\\/\\\/bycon-europe.com\\\/wp-content\\\/uploads\\\/2025\\\/04\\\/classic-series.png\",\"width\":700,\"height\":700},{\"@type\":\"BreadcrumbList\",\"@id\":\"https:\\\/\\\/bycon-europe.com\\\/product\\\/bycon-dry-core-bits-for-concrete-drilling\\\/#breadcrumb\",\"itemListElement\":[{\"@type\":\"ListItem\",\"position\":1,\"name\":\"Home\",\"item\":\"https:\\\/\\\/bycon-europe.com\\\/\"},{\"@type\":\"ListItem\",\"position\":2,\"name\":\"Shop\",\"item\":\"https:\\\/\\\/bycon-europe.com\\\/shop\\\/\"},{\"@type\":\"ListItem\",\"position\":3,\"name\":\"BYCON Dry Core Bits for Concrete Drilling\"}]},{\"@type\":\"WebSite\",\"@id\":\"https:\\\/\\\/bycon-europe.com\\\/#website\",\"url\":\"https:\\\/\\\/bycon-europe.com\\\/\",\"name\":\"BYCON Europe\",\"description\":\"\",\"publisher\":{\"@id\":\"https:\\\/\\\/bycon-europe.com\\\/#organization\"},\"potentialAction\":[{\"@type\":\"SearchAction\",\"target\":{\"@type\":\"EntryPoint\",\"urlTemplate\":\"https:\\\/\\\/bycon-europe.com\\\/?s={search_term_string}\"},\"query-input\":{\"@type\":\"PropertyValueSpecification\",\"valueRequired\":true,\"valueName\":\"search_term_string\"}}],\"inLanguage\":\"fr-FR\"},{\"@type\":\"Organization\",\"@id\":\"https:\\\/\\\/bycon-europe.com\\\/#organization\",\"name\":\"BYCON Europe\",\"url\":\"https:\\\/\\\/bycon-europe.com\\\/\",\"logo\":{\"@type\":\"ImageObject\",\"inLanguage\":\"fr-FR\",\"@id\":\"https:\\\/\\\/bycon-europe.com\\\/#\\\/schema\\\/logo\\\/image\\\/\",\"url\":\"https:\\\/\\\/bycon-europe.com\\\/wp-content\\\/uploads\\\/2025\\\/12\\\/logo-Bewerkt.png\",\"contentUrl\":\"https:\\\/\\\/bycon-europe.com\\\/wp-content\\\/uploads\\\/2025\\\/12\\\/logo-Bewerkt.png\",\"width\":765,\"height\":200,\"caption\":\"BYCON Europe\"},\"image\":{\"@id\":\"https:\\\/\\\/bycon-europe.com\\\/#\\\/schema\\\/logo\\\/image\\\/\"}}]}<\/script>\n<!-- \/ Yoast SEO plugin. -->","yoast_head_json":{"title":"BYCON Foreuses \u00e0 carotter \u00e0 sec pour b\u00e9ton - BYCON Europe","robots":{"index":"index","follow":"follow","max-snippet":"max-snippet:-1","max-image-preview":"max-image-preview:large","max-video-preview":"max-video-preview:-1"},"canonical":"https:\/\/bycon-europe.com\/fr\/product\/forets-carottage-sec-bycon-pour-beton\/","og_locale":"fr_FR","og_type":"article","og_title":"BYCON Dry Core Bits for Concrete Drilling - BYCON Europe","og_description":"Reliable dry diamond core bits designed for high-speed drilling in concrete blocks, masonry, and other hard building materials.","og_url":"https:\/\/bycon-europe.com\/fr\/product\/forets-carottage-sec-bycon-pour-beton\/","og_site_name":"BYCON Europe","og_image":[{"width":700,"height":700,"url":"https:\/\/bycon-europe.com\/wp-content\/uploads\/2025\/04\/classic-series.png","type":"image\/png"}],"twitter_card":"summary_large_image","twitter_misc":{"Dur\u00e9e de lecture estim\u00e9e":"2 minutes"},"schema":{"@context":"https:\/\/schema.org","@graph":[{"@type":"WebPage","@id":"https:\/\/bycon-europe.com\/product\/bycon-dry-core-bits-for-concrete-drilling\/","url":"https:\/\/bycon-europe.com\/product\/bycon-dry-core-bits-for-concrete-drilling\/","name":"BYCON Foreuses \u00e0 carotter \u00e0 sec pour b\u00e9ton - BYCON Europe","isPartOf":{"@id":"https:\/\/bycon-europe.com\/#website"},"primaryImageOfPage":{"@id":"https:\/\/bycon-europe.com\/product\/bycon-dry-core-bits-for-concrete-drilling\/#primaryimage"},"image":{"@id":"https:\/\/bycon-europe.com\/product\/bycon-dry-core-bits-for-concrete-drilling\/#primaryimage"},"thumbnailUrl":"https:\/\/bycon-europe.com\/wp-content\/uploads\/2025\/04\/classic-series.png","datePublished":"2025-04-10T08:26:15+00:00","breadcrumb":{"@id":"https:\/\/bycon-europe.com\/product\/bycon-dry-core-bits-for-concrete-drilling\/#breadcrumb"},"inLanguage":"fr-FR","potentialAction":[{"@type":"ReadAction","target":["https:\/\/bycon-europe.com\/product\/bycon-dry-core-bits-for-concrete-drilling\/"]}]},{"@type":"ImageObject","inLanguage":"fr-FR","@id":"https:\/\/bycon-europe.com\/product\/bycon-dry-core-bits-for-concrete-drilling\/#primaryimage","url":"https:\/\/bycon-europe.com\/wp-content\/uploads\/2025\/04\/classic-series.png","contentUrl":"https:\/\/bycon-europe.com\/wp-content\/uploads\/2025\/04\/classic-series.png","width":700,"height":700},{"@type":"BreadcrumbList","@id":"https:\/\/bycon-europe.com\/product\/bycon-dry-core-bits-for-concrete-drilling\/#breadcrumb","itemListElement":[{"@type":"ListItem","position":1,"name":"Home","item":"https:\/\/bycon-europe.com\/"},{"@type":"ListItem","position":2,"name":"Shop","item":"https:\/\/bycon-europe.com\/shop\/"},{"@type":"ListItem","position":3,"name":"BYCON Dry Core Bits for Concrete Drilling"}]},{"@type":"WebSite","@id":"https:\/\/bycon-europe.com\/#website","url":"https:\/\/bycon-europe.com\/","name":"BYCON Europe","description":"","publisher":{"@id":"https:\/\/bycon-europe.com\/#organization"},"potentialAction":[{"@type":"SearchAction","target":{"@type":"EntryPoint","urlTemplate":"https:\/\/bycon-europe.com\/?s={search_term_string}"},"query-input":{"@type":"PropertyValueSpecification","valueRequired":true,"valueName":"search_term_string"}}],"inLanguage":"fr-FR"},{"@type":"Organization","@id":"https:\/\/bycon-europe.com\/#organization","name":"BYCON Europe","url":"https:\/\/bycon-europe.com\/","logo":{"@type":"ImageObject","inLanguage":"fr-FR","@id":"https:\/\/bycon-europe.com\/#\/schema\/logo\/image\/","url":"https:\/\/bycon-europe.com\/wp-content\/uploads\/2025\/12\/logo-Bewerkt.png","contentUrl":"https:\/\/bycon-europe.com\/wp-content\/uploads\/2025\/12\/logo-Bewerkt.png","width":765,"height":200,"caption":"BYCON Europe"},"image":{"@id":"https:\/\/bycon-europe.com\/#\/schema\/logo\/image\/"}}]}},"_links":{"self":[{"href":"https:\/\/bycon-europe.com\/fr\/wp-json\/wp\/v2\/product\/1034","targetHints":{"allow":["GET"]}}],"collection":[{"href":"https:\/\/bycon-europe.com\/fr\/wp-json\/wp\/v2\/product"}],"about":[{"href":"https:\/\/bycon-europe.com\/fr\/wp-json\/wp\/v2\/types\/product"}],"replies":[{"embeddable":true,"href":"https:\/\/bycon-europe.com\/fr\/wp-json\/wp\/v2\/comments?post=1034"}],"wp:featuredmedia":[{"embeddable":true,"href":"https:\/\/bycon-europe.com\/fr\/wp-json\/wp\/v2\/media\/1035"}],"wp:attachment":[{"href":"https:\/\/bycon-europe.com\/fr\/wp-json\/wp\/v2\/media?parent=1034"}],"wp:term":[{"taxonomy":"product_brand","embeddable":true,"href":"https:\/\/bycon-europe.com\/fr\/wp-json\/wp\/v2\/product_brand?post=1034"},{"taxonomy":"product_cat","embeddable":true,"href":"https:\/\/bycon-europe.com\/fr\/wp-json\/wp\/v2\/product_cat?post=1034"},{"taxonomy":"product_tag","embeddable":true,"href":"https:\/\/bycon-europe.com\/fr\/wp-json\/wp\/v2\/product_tag?post=1034"}],"curies":[{"name":"wp","href":"https:\/\/api.w.org\/{rel}","templated":true}]}}