{"id":1048,"date":"2025-04-10T09:07:53","date_gmt":"2025-04-10T09:07:53","guid":{"rendered":"https:\/\/bycon-europe.com\/?post_type=product&#038;p=1048"},"modified":"2025-04-10T09:07:53","modified_gmt":"2025-04-10T09:07:53","slug":"trepan-carottier-continu-bycon","status":"publish","type":"product","link":"https:\/\/bycon-europe.com\/fr\/product\/bycon-continuous-core-bit\/","title":{"rendered":"Tr\u00e9pan Carottier Continu BYCON"},"content":{"rendered":"<h2 data-start=\"0\" data-end=\"66\"><strong data-start=\"0\" data-end=\"66\">Adjustable and Cost-Efficient Core Bit for Reinforced Concrete<\/strong><\/h2>\n<p class=\"\" data-start=\"68\" data-end=\"289\">The Bycon Continuous Core Bit stands out for its modular design, allowing users to easily adjust the working length by increasing or decreasing the number of tube sections. This flexibility not only optimizes your workflow but also offers a cost-efficient alternative\u2014when worn, only the drill head requires replacement. With its laser-welded construction, 1-1\/4\u201d UNC connection, and enhanced cutting performance from diamond powder segments, it is a powerful tool for drilling through reinforced concrete with speed and precision.<\/p>\n<p><strong>Key Features:<\/strong><\/p>\n<ul>\n<li><strong>Adjustable tube length:<\/strong> Add or remove tube segments to suit different project needs<\/li>\n<li><strong>Cost-saving solution:<\/strong> Replace only the worn-out head instead of the entire bit<\/li>\n<li><strong>Laser welded:<\/strong> Ensures strong bonding for extended durability<\/li>\n<li><strong>High-speed performance:<\/strong> Enhanced with special diamond powder for fast drilling<\/li>\n<li><strong>Rebar-friendly:<\/strong> Excellent performance when cutting through reinforced concrete<\/li>\n<\/ul>\n<p><strong>What\u2019s Included:<\/strong><\/p>\n<ul>\n<li>1\u00d7 Drill Head (selected diameter)<\/li>\n<li>1\u00d7 Coupling Tube (100 mm)<\/li>\n<li>Laser-welded diamond segments<\/li>\n<li>Compatible with 1-1\/4\u201d UNC core drills<\/li>\n<\/ul>\n<p class=\"\" data-start=\"1289\" data-end=\"1318\"><strong data-start=\"1289\" data-end=\"1318\">Technical Specifications:<\/strong><\/p>\n<div class=\"pointer-events-none relative left-[50%] flex w-[100cqw] translate-x-[-50%] justify-center *:pointer-events-auto\">\n<div class=\"tableContainer horzScrollShadows\">\n<table class=\"min-w-full\" data-start=\"1320\" data-end=\"3315\">\n<thead data-start=\"1320\" data-end=\"1440\">\n<tr data-start=\"1320\" data-end=\"1440\">\n<th data-start=\"1320\" data-end=\"1331\">Art No.<\/th>\n<th data-start=\"1331\" data-end=\"1347\">Diameter (mm)<\/th>\n<th data-start=\"1347\" data-end=\"1372\">Drill Head Length (mm)<\/th>\n<th data-start=\"1372\" data-end=\"1382\">Thread<\/th>\n<th data-start=\"1382\" data-end=\"1405\">Coupling Length (mm)<\/th>\n<th data-start=\"1405\" data-end=\"1425\">Segment Size (mm)<\/th>\n<th data-start=\"1425\" data-end=\"1440\">Segment Qty<\/th>\n<\/tr>\n<\/thead>\n<tbody data-start=\"1566\" data-end=\"3315\">\n<tr data-start=\"1566\" data-end=\"1690\">\n<td class=\"\" data-start=\"1566\" data-end=\"1577\">2012025<\/td>\n<td class=\"\" data-start=\"1577\" data-end=\"1594\">25<\/td>\n<td class=\"\" data-start=\"1594\" data-end=\"1620\">30<\/td>\n<td class=\"\" data-start=\"1620\" data-end=\"1630\">1-1\/4&#8243;<\/td>\n<td class=\"\" data-start=\"1630\" data-end=\"1654\">100<\/td>\n<td class=\"\" data-start=\"1654\" data-end=\"1674\">12\u00d710\u00d74.5<\/td>\n<td class=\"\" data-start=\"1674\" data-end=\"1690\">4<\/td>\n<\/tr>\n<tr data-start=\"1691\" data-end=\"1815\">\n<td class=\"\" data-start=\"1691\" data-end=\"1702\">2012032<\/td>\n<td class=\"\" data-start=\"1702\" data-end=\"1719\">32<\/td>\n<td class=\"\" data-start=\"1719\" data-end=\"1745\">35<\/td>\n<td class=\"\" data-start=\"1745\" data-end=\"1755\">1-1\/4&#8243;<\/td>\n<td class=\"\" data-start=\"1755\" data-end=\"1779\">100<\/td>\n<td class=\"\" data-start=\"1779\" data-end=\"1799\">15\u00d710\u00d74.5<\/td>\n<td class=\"\" data-start=\"1799\" data-end=\"1815\">4<\/td>\n<\/tr>\n<tr data-start=\"1816\" data-end=\"1940\">\n<td class=\"\" data-start=\"1816\" data-end=\"1827\">2012040<\/td>\n<td class=\"\" data-start=\"1827\" data-end=\"1844\">40<\/td>\n<td class=\"\" data-start=\"1844\" data-end=\"1870\">35<\/td>\n<td class=\"\" data-start=\"1870\" data-end=\"1880\">1-1\/4&#8243;<\/td>\n<td class=\"\" data-start=\"1880\" data-end=\"1904\">100<\/td>\n<td class=\"\" data-start=\"1904\" data-end=\"1924\">15\u00d710\u00d74.5<\/td>\n<td class=\"\" data-start=\"1924\" data-end=\"1940\">5<\/td>\n<\/tr>\n<tr data-start=\"1941\" data-end=\"2065\">\n<td class=\"\" data-start=\"1941\" data-end=\"1952\">2012050<\/td>\n<td class=\"\" data-start=\"1952\" data-end=\"1969\">50<\/td>\n<td class=\"\" data-start=\"1969\" data-end=\"1995\">35<\/td>\n<td class=\"\" data-start=\"1995\" data-end=\"2005\">1-1\/4&#8243;<\/td>\n<td class=\"\" data-start=\"2005\" data-end=\"2029\">100<\/td>\n<td class=\"\" data-start=\"2029\" data-end=\"2049\">24\u00d710\u00d74.5<\/td>\n<td class=\"\" data-start=\"2049\" data-end=\"2065\">6<\/td>\n<\/tr>\n<tr data-start=\"2066\" data-end=\"2190\">\n<td class=\"\" data-start=\"2066\" data-end=\"2077\">2012065<\/td>\n<td class=\"\" data-start=\"2077\" data-end=\"2094\">65<\/td>\n<td class=\"\" data-start=\"2094\" data-end=\"2120\">40<\/td>\n<td class=\"\" data-start=\"2120\" data-end=\"2130\">1-1\/4&#8243;<\/td>\n<td class=\"\" data-start=\"2130\" data-end=\"2154\">100<\/td>\n<td class=\"\" data-start=\"2154\" data-end=\"2174\">24\u00d710\u00d74.5<\/td>\n<td class=\"\" data-start=\"2174\" data-end=\"2190\">7<\/td>\n<\/tr>\n<tr data-start=\"2191\" data-end=\"2315\">\n<td class=\"\" data-start=\"2191\" data-end=\"2202\">2012077<\/td>\n<td class=\"\" data-start=\"2202\" data-end=\"2219\">77<\/td>\n<td class=\"\" data-start=\"2219\" data-end=\"2245\">40<\/td>\n<td class=\"\" data-start=\"2245\" data-end=\"2255\">1-1\/4&#8243;<\/td>\n<td class=\"\" data-start=\"2255\" data-end=\"2279\">100<\/td>\n<td class=\"\" data-start=\"2279\" data-end=\"2299\">24\u00d710\u00d74.5<\/td>\n<td class=\"\" data-start=\"2299\" data-end=\"2315\">8<\/td>\n<\/tr>\n<tr data-start=\"2316\" data-end=\"2440\">\n<td class=\"\" data-start=\"2316\" data-end=\"2327\">2012087<\/td>\n<td class=\"\" data-start=\"2327\" data-end=\"2344\">87<\/td>\n<td class=\"\" data-start=\"2344\" data-end=\"2370\">40<\/td>\n<td class=\"\" data-start=\"2370\" data-end=\"2380\">1-1\/4&#8243;<\/td>\n<td class=\"\" data-start=\"2380\" data-end=\"2404\">100<\/td>\n<td class=\"\" data-start=\"2404\" data-end=\"2424\">24\u00d710\u00d74.5<\/td>\n<td class=\"\" data-start=\"2424\" data-end=\"2440\">9<\/td>\n<\/tr>\n<tr data-start=\"2441\" data-end=\"2565\">\n<td class=\"\" data-start=\"2441\" data-end=\"2452\">2012108<\/td>\n<td class=\"\" data-start=\"2452\" data-end=\"2469\">108<\/td>\n<td class=\"\" data-start=\"2469\" data-end=\"2495\">70<\/td>\n<td class=\"\" data-start=\"2495\" data-end=\"2505\">1-1\/4&#8243;<\/td>\n<td class=\"\" data-start=\"2505\" data-end=\"2529\">100<\/td>\n<td class=\"\" data-start=\"2529\" data-end=\"2549\">24\u00d710\u00d75.0<\/td>\n<td class=\"\" data-start=\"2549\" data-end=\"2565\">9<\/td>\n<\/tr>\n<tr data-start=\"2566\" data-end=\"2690\">\n<td class=\"\" data-start=\"2566\" data-end=\"2577\">2012127<\/td>\n<td class=\"\" data-start=\"2577\" data-end=\"2594\">127<\/td>\n<td class=\"\" data-start=\"2594\" data-end=\"2620\">90<\/td>\n<td class=\"\" data-start=\"2620\" data-end=\"2630\">1-1\/4&#8243;<\/td>\n<td class=\"\" data-start=\"2630\" data-end=\"2654\">100<\/td>\n<td class=\"\" data-start=\"2654\" data-end=\"2674\">24\u00d710\u00d75.0<\/td>\n<td class=\"\" data-start=\"2674\" data-end=\"2690\">10<\/td>\n<\/tr>\n<tr data-start=\"2691\" data-end=\"2815\">\n<td class=\"\" data-start=\"2691\" data-end=\"2702\">2012158<\/td>\n<td class=\"\" data-start=\"2702\" data-end=\"2719\">158<\/td>\n<td class=\"\" data-start=\"2719\" data-end=\"2745\">90<\/td>\n<td class=\"\" data-start=\"2745\" data-end=\"2755\">1-1\/4&#8243;<\/td>\n<td class=\"\" data-start=\"2755\" data-end=\"2779\">100<\/td>\n<td class=\"\" data-start=\"2779\" data-end=\"2799\">24\u00d710\u00d75.0<\/td>\n<td class=\"\" data-start=\"2799\" data-end=\"2815\">13<\/td>\n<\/tr>\n<tr data-start=\"2816\" data-end=\"2940\">\n<td class=\"\" data-start=\"2816\" data-end=\"2827\">2012180<\/td>\n<td class=\"\" data-start=\"2827\" data-end=\"2844\">180<\/td>\n<td class=\"\" data-start=\"2844\" data-end=\"2870\">90<\/td>\n<td class=\"\" data-start=\"2870\" data-end=\"2880\">1-1\/4&#8243;<\/td>\n<td class=\"\" data-start=\"2880\" data-end=\"2904\">100<\/td>\n<td class=\"\" data-start=\"2904\" data-end=\"2924\">24\u00d710\u00d75.0<\/td>\n<td class=\"\" data-start=\"2924\" data-end=\"2940\">15<\/td>\n<\/tr>\n<tr data-start=\"2941\" data-end=\"3065\">\n<td class=\"\" data-start=\"2941\" data-end=\"2952\">2012200<\/td>\n<td class=\"\" data-start=\"2952\" data-end=\"2969\">200<\/td>\n<td class=\"\" data-start=\"2969\" data-end=\"2995\">90<\/td>\n<td class=\"\" data-start=\"2995\" data-end=\"3005\">1-1\/4&#8243;<\/td>\n<td class=\"\" data-start=\"3005\" data-end=\"3029\">100<\/td>\n<td class=\"\" data-start=\"3029\" data-end=\"3049\">24\u00d710\u00d75.5<\/td>\n<td class=\"\" data-start=\"3049\" data-end=\"3065\">17<\/td>\n<\/tr>\n<tr data-start=\"3066\" data-end=\"3190\">\n<td class=\"\" data-start=\"3066\" data-end=\"3077\">2012250<\/td>\n<td class=\"\" data-start=\"3077\" data-end=\"3094\">250<\/td>\n<td class=\"\" data-start=\"3094\" data-end=\"3120\">90<\/td>\n<td class=\"\" data-start=\"3120\" data-end=\"3130\">1-1\/4&#8243;<\/td>\n<td class=\"\" data-start=\"3130\" data-end=\"3154\">100<\/td>\n<td class=\"\" data-start=\"3154\" data-end=\"3174\">24\u00d710\u00d75.5<\/td>\n<td class=\"\" data-start=\"3174\" data-end=\"3190\">19<\/td>\n<\/tr>\n<tr data-start=\"3191\" data-end=\"3315\">\n<td class=\"\" data-start=\"3191\" data-end=\"3202\">2012300<\/td>\n<td class=\"\" data-start=\"3202\" data-end=\"3219\">300<\/td>\n<td class=\"\" data-start=\"3219\" data-end=\"3245\">90<\/td>\n<td class=\"\" data-start=\"3245\" data-end=\"3255\">1-1\/4&#8243;<\/td>\n<td class=\"\" data-start=\"3255\" data-end=\"3279\">100<\/td>\n<td class=\"\" data-start=\"3279\" data-end=\"3299\">24\u00d710\u00d75.5<\/td>\n<td class=\"\" data-start=\"3299\" data-end=\"3315\">23<\/td>\n<\/tr>\n<\/tbody>\n<\/table>\n<\/div>\n<\/div>\n","protected":false},"excerpt":{"rendered":"<p>Le tr\u00e9pan carottier continu offre un r\u00e9glage flexible de la longueur de forage en ajoutant ou en retirant des sections de tube. Con\u00e7u pour le b\u00e9ton arm\u00e9, il offre une solution de forage \u00e9conomique et efficace.<\/p>","protected":false},"featured_media":1049,"comment_status":"open","ping_status":"closed","template":"","meta":[],"product_brand":[],"product_cat":[17,35],"product_tag":[],"class_list":{"0":"post-1048","1":"product","2":"type-product","3":"status-publish","4":"has-post-thumbnail","6":"product_cat-diamond-tools","7":"product_cat-wet-core-bits","9":"first","10":"instock","11":"shipping-taxable","12":"product-type-simple"},"yoast_head":"<!-- This site is optimized with the Yoast SEO plugin v27.5 - https:\/\/yoast.com\/product\/yoast-seo-wordpress\/ -->\n<title>BYCON Continuous Core Bit - BYCON Europe<\/title>\n<meta name=\"robots\" content=\"index, follow, max-snippet:-1, max-image-preview:large, max-video-preview:-1\" \/>\n<link rel=\"canonical\" href=\"https:\/\/bycon-europe.com\/fr\/product\/trepan-carottier-continu-bycon\/\" \/>\n<meta property=\"og:locale\" content=\"fr_FR\" \/>\n<meta property=\"og:type\" content=\"article\" \/>\n<meta property=\"og:title\" content=\"BYCON Continuous Core Bit - BYCON Europe\" \/>\n<meta property=\"og:description\" content=\"The Continuous Core Bit offers flexible drilling length adjustment by adding or removing tube segments. Designed for reinforced concrete, it provides an economical and efficient drilling solution.\" \/>\n<meta property=\"og:url\" content=\"https:\/\/bycon-europe.com\/fr\/product\/trepan-carottier-continu-bycon\/\" \/>\n<meta property=\"og:site_name\" content=\"BYCON Europe\" \/>\n<meta property=\"og:image\" content=\"https:\/\/bycon-europe.com\/wp-content\/uploads\/2025\/04\/Continuous-Core-2.png\" \/>\n\t<meta property=\"og:image:width\" content=\"700\" \/>\n\t<meta property=\"og:image:height\" content=\"700\" \/>\n\t<meta property=\"og:image:type\" content=\"image\/png\" \/>\n<meta name=\"twitter:card\" content=\"summary_large_image\" \/>\n<meta name=\"twitter:label1\" content=\"Dur\u00e9e de lecture estim\u00e9e\" \/>\n\t<meta name=\"twitter:data1\" content=\"2 minutes\" \/>\n<script type=\"application\/ld+json\" class=\"yoast-schema-graph\">{\"@context\":\"https:\\\/\\\/schema.org\",\"@graph\":[{\"@type\":\"WebPage\",\"@id\":\"https:\\\/\\\/bycon-europe.com\\\/product\\\/bycon-continuous-core-bit\\\/\",\"url\":\"https:\\\/\\\/bycon-europe.com\\\/product\\\/bycon-continuous-core-bit\\\/\",\"name\":\"BYCON Continuous Core Bit - BYCON Europe\",\"isPartOf\":{\"@id\":\"https:\\\/\\\/bycon-europe.com\\\/#website\"},\"primaryImageOfPage\":{\"@id\":\"https:\\\/\\\/bycon-europe.com\\\/product\\\/bycon-continuous-core-bit\\\/#primaryimage\"},\"image\":{\"@id\":\"https:\\\/\\\/bycon-europe.com\\\/product\\\/bycon-continuous-core-bit\\\/#primaryimage\"},\"thumbnailUrl\":\"https:\\\/\\\/bycon-europe.com\\\/wp-content\\\/uploads\\\/2025\\\/04\\\/Continuous-Core-2.png\",\"datePublished\":\"2025-04-10T09:07:53+00:00\",\"breadcrumb\":{\"@id\":\"https:\\\/\\\/bycon-europe.com\\\/product\\\/bycon-continuous-core-bit\\\/#breadcrumb\"},\"inLanguage\":\"fr-FR\",\"potentialAction\":[{\"@type\":\"ReadAction\",\"target\":[\"https:\\\/\\\/bycon-europe.com\\\/product\\\/bycon-continuous-core-bit\\\/\"]}]},{\"@type\":\"ImageObject\",\"inLanguage\":\"fr-FR\",\"@id\":\"https:\\\/\\\/bycon-europe.com\\\/product\\\/bycon-continuous-core-bit\\\/#primaryimage\",\"url\":\"https:\\\/\\\/bycon-europe.com\\\/wp-content\\\/uploads\\\/2025\\\/04\\\/Continuous-Core-2.png\",\"contentUrl\":\"https:\\\/\\\/bycon-europe.com\\\/wp-content\\\/uploads\\\/2025\\\/04\\\/Continuous-Core-2.png\",\"width\":700,\"height\":700},{\"@type\":\"BreadcrumbList\",\"@id\":\"https:\\\/\\\/bycon-europe.com\\\/product\\\/bycon-continuous-core-bit\\\/#breadcrumb\",\"itemListElement\":[{\"@type\":\"ListItem\",\"position\":1,\"name\":\"Home\",\"item\":\"https:\\\/\\\/bycon-europe.com\\\/\"},{\"@type\":\"ListItem\",\"position\":2,\"name\":\"Shop\",\"item\":\"https:\\\/\\\/bycon-europe.com\\\/shop\\\/\"},{\"@type\":\"ListItem\",\"position\":3,\"name\":\"BYCON Continuous Core Bit\"}]},{\"@type\":\"WebSite\",\"@id\":\"https:\\\/\\\/bycon-europe.com\\\/#website\",\"url\":\"https:\\\/\\\/bycon-europe.com\\\/\",\"name\":\"BYCON Europe\",\"description\":\"\",\"publisher\":{\"@id\":\"https:\\\/\\\/bycon-europe.com\\\/#organization\"},\"potentialAction\":[{\"@type\":\"SearchAction\",\"target\":{\"@type\":\"EntryPoint\",\"urlTemplate\":\"https:\\\/\\\/bycon-europe.com\\\/?s={search_term_string}\"},\"query-input\":{\"@type\":\"PropertyValueSpecification\",\"valueRequired\":true,\"valueName\":\"search_term_string\"}}],\"inLanguage\":\"fr-FR\"},{\"@type\":\"Organization\",\"@id\":\"https:\\\/\\\/bycon-europe.com\\\/#organization\",\"name\":\"BYCON Europe\",\"url\":\"https:\\\/\\\/bycon-europe.com\\\/\",\"logo\":{\"@type\":\"ImageObject\",\"inLanguage\":\"fr-FR\",\"@id\":\"https:\\\/\\\/bycon-europe.com\\\/#\\\/schema\\\/logo\\\/image\\\/\",\"url\":\"https:\\\/\\\/bycon-europe.com\\\/wp-content\\\/uploads\\\/2025\\\/12\\\/logo-Bewerkt.png\",\"contentUrl\":\"https:\\\/\\\/bycon-europe.com\\\/wp-content\\\/uploads\\\/2025\\\/12\\\/logo-Bewerkt.png\",\"width\":765,\"height\":200,\"caption\":\"BYCON Europe\"},\"image\":{\"@id\":\"https:\\\/\\\/bycon-europe.com\\\/#\\\/schema\\\/logo\\\/image\\\/\"}}]}<\/script>\n<!-- \/ Yoast SEO plugin. -->","yoast_head_json":{"title":"BYCON M\u00e8che continue - BYCON Europe","robots":{"index":"index","follow":"follow","max-snippet":"max-snippet:-1","max-image-preview":"max-image-preview:large","max-video-preview":"max-video-preview:-1"},"canonical":"https:\/\/bycon-europe.com\/fr\/product\/trepan-carottier-continu-bycon\/","og_locale":"fr_FR","og_type":"article","og_title":"BYCON Continuous Core Bit - BYCON Europe","og_description":"The Continuous Core Bit offers flexible drilling length adjustment by adding or removing tube segments. Designed for reinforced concrete, it provides an economical and efficient drilling solution.","og_url":"https:\/\/bycon-europe.com\/fr\/product\/trepan-carottier-continu-bycon\/","og_site_name":"BYCON Europe","og_image":[{"width":700,"height":700,"url":"https:\/\/bycon-europe.com\/wp-content\/uploads\/2025\/04\/Continuous-Core-2.png","type":"image\/png"}],"twitter_card":"summary_large_image","twitter_misc":{"Dur\u00e9e de lecture estim\u00e9e":"2 minutes"},"schema":{"@context":"https:\/\/schema.org","@graph":[{"@type":"WebPage","@id":"https:\/\/bycon-europe.com\/product\/bycon-continuous-core-bit\/","url":"https:\/\/bycon-europe.com\/product\/bycon-continuous-core-bit\/","name":"BYCON M\u00e8che continue - BYCON Europe","isPartOf":{"@id":"https:\/\/bycon-europe.com\/#website"},"primaryImageOfPage":{"@id":"https:\/\/bycon-europe.com\/product\/bycon-continuous-core-bit\/#primaryimage"},"image":{"@id":"https:\/\/bycon-europe.com\/product\/bycon-continuous-core-bit\/#primaryimage"},"thumbnailUrl":"https:\/\/bycon-europe.com\/wp-content\/uploads\/2025\/04\/Continuous-Core-2.png","datePublished":"2025-04-10T09:07:53+00:00","breadcrumb":{"@id":"https:\/\/bycon-europe.com\/product\/bycon-continuous-core-bit\/#breadcrumb"},"inLanguage":"fr-FR","potentialAction":[{"@type":"ReadAction","target":["https:\/\/bycon-europe.com\/product\/bycon-continuous-core-bit\/"]}]},{"@type":"ImageObject","inLanguage":"fr-FR","@id":"https:\/\/bycon-europe.com\/product\/bycon-continuous-core-bit\/#primaryimage","url":"https:\/\/bycon-europe.com\/wp-content\/uploads\/2025\/04\/Continuous-Core-2.png","contentUrl":"https:\/\/bycon-europe.com\/wp-content\/uploads\/2025\/04\/Continuous-Core-2.png","width":700,"height":700},{"@type":"BreadcrumbList","@id":"https:\/\/bycon-europe.com\/product\/bycon-continuous-core-bit\/#breadcrumb","itemListElement":[{"@type":"ListItem","position":1,"name":"Home","item":"https:\/\/bycon-europe.com\/"},{"@type":"ListItem","position":2,"name":"Shop","item":"https:\/\/bycon-europe.com\/shop\/"},{"@type":"ListItem","position":3,"name":"BYCON Continuous Core Bit"}]},{"@type":"WebSite","@id":"https:\/\/bycon-europe.com\/#website","url":"https:\/\/bycon-europe.com\/","name":"BYCON Europe","description":"","publisher":{"@id":"https:\/\/bycon-europe.com\/#organization"},"potentialAction":[{"@type":"SearchAction","target":{"@type":"EntryPoint","urlTemplate":"https:\/\/bycon-europe.com\/?s={search_term_string}"},"query-input":{"@type":"PropertyValueSpecification","valueRequired":true,"valueName":"search_term_string"}}],"inLanguage":"fr-FR"},{"@type":"Organization","@id":"https:\/\/bycon-europe.com\/#organization","name":"BYCON Europe","url":"https:\/\/bycon-europe.com\/","logo":{"@type":"ImageObject","inLanguage":"fr-FR","@id":"https:\/\/bycon-europe.com\/#\/schema\/logo\/image\/","url":"https:\/\/bycon-europe.com\/wp-content\/uploads\/2025\/12\/logo-Bewerkt.png","contentUrl":"https:\/\/bycon-europe.com\/wp-content\/uploads\/2025\/12\/logo-Bewerkt.png","width":765,"height":200,"caption":"BYCON Europe"},"image":{"@id":"https:\/\/bycon-europe.com\/#\/schema\/logo\/image\/"}}]}},"_links":{"self":[{"href":"https:\/\/bycon-europe.com\/fr\/wp-json\/wp\/v2\/product\/1048","targetHints":{"allow":["GET"]}}],"collection":[{"href":"https:\/\/bycon-europe.com\/fr\/wp-json\/wp\/v2\/product"}],"about":[{"href":"https:\/\/bycon-europe.com\/fr\/wp-json\/wp\/v2\/types\/product"}],"replies":[{"embeddable":true,"href":"https:\/\/bycon-europe.com\/fr\/wp-json\/wp\/v2\/comments?post=1048"}],"wp:featuredmedia":[{"embeddable":true,"href":"https:\/\/bycon-europe.com\/fr\/wp-json\/wp\/v2\/media\/1049"}],"wp:attachment":[{"href":"https:\/\/bycon-europe.com\/fr\/wp-json\/wp\/v2\/media?parent=1048"}],"wp:term":[{"taxonomy":"product_brand","embeddable":true,"href":"https:\/\/bycon-europe.com\/fr\/wp-json\/wp\/v2\/product_brand?post=1048"},{"taxonomy":"product_cat","embeddable":true,"href":"https:\/\/bycon-europe.com\/fr\/wp-json\/wp\/v2\/product_cat?post=1048"},{"taxonomy":"product_tag","embeddable":true,"href":"https:\/\/bycon-europe.com\/fr\/wp-json\/wp\/v2\/product_tag?post=1048"}],"curies":[{"name":"wp","href":"https:\/\/api.w.org\/{rel}","templated":true}]}}