{"id":1063,"date":"2025-04-10T10:00:13","date_gmt":"2025-04-10T10:00:13","guid":{"rendered":"https:\/\/bycon-europe.com\/?post_type=product&#038;p=1063"},"modified":"2025-08-07T13:12:28","modified_gmt":"2025-08-07T13:12:28","slug":"meches-percussion-bycon-micro","status":"publish","type":"product","link":"https:\/\/bycon-europe.com\/fr\/product\/bycon-micro-percussion-socket-drill-bits\/","title":{"rendered":"Forets de prise de percussion micro BYCON"},"content":{"rendered":"<h2 data-start=\"96\" data-end=\"138\"><strong data-start=\"100\" data-end=\"138\">Micro Percussion Socket Drill Bits<\/strong><\/h2>\n<p class=\"\" data-start=\"140\" data-end=\"350\">The Micro Percussion Socket Drill Bits from Bycon are optimized for precision dry drilling in sockets and similar applications. With a robust M16 thread, they are built to match the rotational characteristics of high-speed micro percussion drills. Their compact size and efficient segment design make them ideal for electrical installations and light-duty concrete work. These drill bits feature premium diamond segments and carefully calculated segment radii for stable, smooth operation.<\/p>\n<p><strong>Key Features:<\/strong><\/p>\n<ul>\n<li><strong>Micro percussion ready:<\/strong> Specifically designed for dry core drills with micro percussive function (1200W or more)<\/li>\n<li><strong>Ideal RPM range:<\/strong> 1500\u20133000 \u2013 not suitable for hammer drills<\/li>\n<li><strong>Secure connection:<\/strong> M16 thread ensures safe and stable fitment<\/li>\n<li><strong>Engineered segment radius:<\/strong> Optimized for consistent surface contact and efficient cutting<\/li>\n<li><strong>Multiple sizes available:<\/strong> Adaptable to your drilling needs<\/li>\n<\/ul>\n<p class=\"\" data-start=\"1153\" data-end=\"1182\"><strong data-start=\"1153\" data-end=\"1182\">Technical Specifications:<\/strong><\/p>\n<div class=\"pointer-events-none relative left-[50%] flex w-[100cqw] translate-x-[-50%] justify-center *:pointer-events-auto\">\n<div class=\"tableContainer horzScrollShadows\">\n<table class=\"min-w-full\" data-start=\"1184\" data-end=\"1699\">\n<thead data-start=\"1184\" data-end=\"1283\">\n<tr data-start=\"1184\" data-end=\"1283\">\n<th data-start=\"1184\" data-end=\"1196\">Art No.<\/th>\n<th data-start=\"1196\" data-end=\"1212\">Diameter (mm)<\/th>\n<th data-start=\"1212\" data-end=\"1232\">Segment Size (mm)<\/th>\n<th data-start=\"1232\" data-end=\"1241\">Thread<\/th>\n<th data-start=\"1241\" data-end=\"1263\">Segment Radius (mm)<\/th>\n<th data-start=\"1263\" data-end=\"1283\">Segment Quantity<\/th>\n<\/tr>\n<\/thead>\n<tbody data-start=\"1388\" data-end=\"1699\">\n<tr data-start=\"1388\" data-end=\"1491\">\n<td class=\"\" data-start=\"1388\" data-end=\"1400\">2124068<\/td>\n<td class=\"\" data-start=\"1400\" data-end=\"1417\">68<\/td>\n<td class=\"\" data-start=\"1417\" data-end=\"1438\">20<em data-start=\"1421\" data-end=\"1426\">3.8<\/em>10<\/td>\n<td class=\"\" data-start=\"1438\" data-end=\"1447\">M16<\/td>\n<td class=\"\" data-start=\"1447\" data-end=\"1470\">R31\u201338<\/td>\n<td class=\"\" data-start=\"1470\" data-end=\"1491\">5<\/td>\n<\/tr>\n<tr data-start=\"1492\" data-end=\"1595\">\n<td class=\"\" data-start=\"1492\" data-end=\"1504\">2124068<\/td>\n<td class=\"\" data-start=\"1504\" data-end=\"1521\">72<\/td>\n<td class=\"\" data-start=\"1521\" data-end=\"1542\">20<em data-start=\"1525\" data-end=\"1530\">3.8<\/em>10<\/td>\n<td class=\"\" data-start=\"1542\" data-end=\"1551\">M16<\/td>\n<td class=\"\" data-start=\"1551\" data-end=\"1574\">R31\u201338<\/td>\n<td class=\"\" data-start=\"1574\" data-end=\"1595\">5<\/td>\n<\/tr>\n<tr data-start=\"1596\" data-end=\"1699\">\n<td class=\"\" data-start=\"1596\" data-end=\"1608\">2124068<\/td>\n<td class=\"\" data-start=\"1608\" data-end=\"1625\">82<\/td>\n<td class=\"\" data-start=\"1625\" data-end=\"1646\">20<em data-start=\"1629\" data-end=\"1634\">3.8<\/em>10<\/td>\n<td class=\"\" data-start=\"1646\" data-end=\"1655\">M16<\/td>\n<td class=\"\" data-start=\"1655\" data-end=\"1678\">R41\u201346<\/td>\n<td class=\"\" data-start=\"1678\" data-end=\"1699\">6<\/td>\n<\/tr>\n<\/tbody>\n<\/table>\n<\/div>\n<\/div>\n","protected":false},"excerpt":{"rendered":"<p>Sp\u00e9cialement con\u00e7u pour une utilisation avec des perforateurs \u00e0 carottage sec (1200W ou plus). Non compatible avec les marteaux perforateurs. Assure des performances optimales \u00e0 des vitesses moteur de 1500 \u00e0 3000 tr\/min.<\/p>","protected":false},"featured_media":1520,"comment_status":"open","ping_status":"closed","template":"","meta":[],"product_brand":[],"product_cat":[34,17,37],"product_tag":[],"class_list":{"0":"post-1063","1":"product","2":"type-product","3":"status-publish","4":"has-post-thumbnail","6":"product_cat-core-drilling-tools","7":"product_cat-diamond-tools","8":"product_cat-micro-percussion-core-bits","10":"first","11":"instock","12":"shipping-taxable","13":"product-type-simple"},"yoast_head":"<!-- This site is optimized with the Yoast SEO plugin v27.5 - https:\/\/yoast.com\/product\/yoast-seo-wordpress\/ -->\n<title>BYCON Micro Percussion Socket Drill Bits - BYCON Europe<\/title>\n<meta name=\"robots\" content=\"index, follow, max-snippet:-1, max-image-preview:large, max-video-preview:-1\" \/>\n<link rel=\"canonical\" href=\"https:\/\/bycon-europe.com\/fr\/product\/meches-percussion-bycon-micro\/\" \/>\n<meta property=\"og:locale\" content=\"fr_FR\" \/>\n<meta property=\"og:type\" content=\"article\" \/>\n<meta property=\"og:title\" content=\"BYCON Micro Percussion Socket Drill Bits - BYCON Europe\" \/>\n<meta property=\"og:description\" content=\"Specially designed for use with micro percussive dry core drills (1200W or higher). Not compatible with hammer drills. Ensures optimal performance at motor speeds from 1500 to 3000 RPM.\" \/>\n<meta property=\"og:url\" content=\"https:\/\/bycon-europe.com\/fr\/product\/meches-percussion-bycon-micro\/\" \/>\n<meta property=\"og:site_name\" content=\"BYCON Europe\" \/>\n<meta property=\"article:modified_time\" content=\"2025-08-07T13:12:28+00:00\" \/>\n<meta property=\"og:image\" content=\"https:\/\/bycon-europe.com\/wp-content\/uploads\/2025\/04\/Banana-TN.png\" \/>\n\t<meta property=\"og:image:width\" content=\"700\" \/>\n\t<meta property=\"og:image:height\" content=\"700\" \/>\n\t<meta property=\"og:image:type\" content=\"image\/png\" \/>\n<meta name=\"twitter:card\" content=\"summary_large_image\" \/>\n<meta name=\"twitter:label1\" content=\"Dur\u00e9e de lecture estim\u00e9e\" \/>\n\t<meta name=\"twitter:data1\" content=\"1 minute\" \/>\n<script type=\"application\/ld+json\" class=\"yoast-schema-graph\">{\"@context\":\"https:\\\/\\\/schema.org\",\"@graph\":[{\"@type\":\"WebPage\",\"@id\":\"https:\\\/\\\/bycon-europe.com\\\/product\\\/bycon-micro-percussion-socket-drill-bits\\\/\",\"url\":\"https:\\\/\\\/bycon-europe.com\\\/product\\\/bycon-micro-percussion-socket-drill-bits\\\/\",\"name\":\"BYCON Micro Percussion Socket Drill Bits - BYCON Europe\",\"isPartOf\":{\"@id\":\"https:\\\/\\\/bycon-europe.com\\\/#website\"},\"primaryImageOfPage\":{\"@id\":\"https:\\\/\\\/bycon-europe.com\\\/product\\\/bycon-micro-percussion-socket-drill-bits\\\/#primaryimage\"},\"image\":{\"@id\":\"https:\\\/\\\/bycon-europe.com\\\/product\\\/bycon-micro-percussion-socket-drill-bits\\\/#primaryimage\"},\"thumbnailUrl\":\"https:\\\/\\\/bycon-europe.com\\\/wp-content\\\/uploads\\\/2025\\\/04\\\/Banana-TN.png\",\"datePublished\":\"2025-04-10T10:00:13+00:00\",\"dateModified\":\"2025-08-07T13:12:28+00:00\",\"breadcrumb\":{\"@id\":\"https:\\\/\\\/bycon-europe.com\\\/product\\\/bycon-micro-percussion-socket-drill-bits\\\/#breadcrumb\"},\"inLanguage\":\"fr-FR\",\"potentialAction\":[{\"@type\":\"ReadAction\",\"target\":[\"https:\\\/\\\/bycon-europe.com\\\/product\\\/bycon-micro-percussion-socket-drill-bits\\\/\"]}]},{\"@type\":\"ImageObject\",\"inLanguage\":\"fr-FR\",\"@id\":\"https:\\\/\\\/bycon-europe.com\\\/product\\\/bycon-micro-percussion-socket-drill-bits\\\/#primaryimage\",\"url\":\"https:\\\/\\\/bycon-europe.com\\\/wp-content\\\/uploads\\\/2025\\\/04\\\/Banana-TN.png\",\"contentUrl\":\"https:\\\/\\\/bycon-europe.com\\\/wp-content\\\/uploads\\\/2025\\\/04\\\/Banana-TN.png\",\"width\":700,\"height\":700},{\"@type\":\"BreadcrumbList\",\"@id\":\"https:\\\/\\\/bycon-europe.com\\\/product\\\/bycon-micro-percussion-socket-drill-bits\\\/#breadcrumb\",\"itemListElement\":[{\"@type\":\"ListItem\",\"position\":1,\"name\":\"Home\",\"item\":\"https:\\\/\\\/bycon-europe.com\\\/\"},{\"@type\":\"ListItem\",\"position\":2,\"name\":\"Shop\",\"item\":\"https:\\\/\\\/bycon-europe.com\\\/shop\\\/\"},{\"@type\":\"ListItem\",\"position\":3,\"name\":\"BYCON Micro Percussion Socket Drill Bits\"}]},{\"@type\":\"WebSite\",\"@id\":\"https:\\\/\\\/bycon-europe.com\\\/#website\",\"url\":\"https:\\\/\\\/bycon-europe.com\\\/\",\"name\":\"BYCON Europe\",\"description\":\"\",\"publisher\":{\"@id\":\"https:\\\/\\\/bycon-europe.com\\\/#organization\"},\"potentialAction\":[{\"@type\":\"SearchAction\",\"target\":{\"@type\":\"EntryPoint\",\"urlTemplate\":\"https:\\\/\\\/bycon-europe.com\\\/?s={search_term_string}\"},\"query-input\":{\"@type\":\"PropertyValueSpecification\",\"valueRequired\":true,\"valueName\":\"search_term_string\"}}],\"inLanguage\":\"fr-FR\"},{\"@type\":\"Organization\",\"@id\":\"https:\\\/\\\/bycon-europe.com\\\/#organization\",\"name\":\"BYCON Europe\",\"url\":\"https:\\\/\\\/bycon-europe.com\\\/\",\"logo\":{\"@type\":\"ImageObject\",\"inLanguage\":\"fr-FR\",\"@id\":\"https:\\\/\\\/bycon-europe.com\\\/#\\\/schema\\\/logo\\\/image\\\/\",\"url\":\"https:\\\/\\\/bycon-europe.com\\\/wp-content\\\/uploads\\\/2025\\\/12\\\/logo-Bewerkt.png\",\"contentUrl\":\"https:\\\/\\\/bycon-europe.com\\\/wp-content\\\/uploads\\\/2025\\\/12\\\/logo-Bewerkt.png\",\"width\":765,\"height\":200,\"caption\":\"BYCON Europe\"},\"image\":{\"@id\":\"https:\\\/\\\/bycon-europe.com\\\/#\\\/schema\\\/logo\\\/image\\\/\"}}]}<\/script>\n<!-- \/ Yoast SEO plugin. -->","yoast_head_json":{"title":"M\u00e8ches de percussion micro BYCON - BYCON Europe","robots":{"index":"index","follow":"follow","max-snippet":"max-snippet:-1","max-image-preview":"max-image-preview:large","max-video-preview":"max-video-preview:-1"},"canonical":"https:\/\/bycon-europe.com\/fr\/product\/meches-percussion-bycon-micro\/","og_locale":"fr_FR","og_type":"article","og_title":"BYCON Micro Percussion Socket Drill Bits - BYCON Europe","og_description":"Specially designed for use with micro percussive dry core drills (1200W or higher). Not compatible with hammer drills. Ensures optimal performance at motor speeds from 1500 to 3000 RPM.","og_url":"https:\/\/bycon-europe.com\/fr\/product\/meches-percussion-bycon-micro\/","og_site_name":"BYCON Europe","article_modified_time":"2025-08-07T13:12:28+00:00","og_image":[{"width":700,"height":700,"url":"https:\/\/bycon-europe.com\/wp-content\/uploads\/2025\/04\/Banana-TN.png","type":"image\/png"}],"twitter_card":"summary_large_image","twitter_misc":{"Dur\u00e9e de lecture estim\u00e9e":"1 minute"},"schema":{"@context":"https:\/\/schema.org","@graph":[{"@type":"WebPage","@id":"https:\/\/bycon-europe.com\/product\/bycon-micro-percussion-socket-drill-bits\/","url":"https:\/\/bycon-europe.com\/product\/bycon-micro-percussion-socket-drill-bits\/","name":"M\u00e8ches de percussion micro BYCON - BYCON Europe","isPartOf":{"@id":"https:\/\/bycon-europe.com\/#website"},"primaryImageOfPage":{"@id":"https:\/\/bycon-europe.com\/product\/bycon-micro-percussion-socket-drill-bits\/#primaryimage"},"image":{"@id":"https:\/\/bycon-europe.com\/product\/bycon-micro-percussion-socket-drill-bits\/#primaryimage"},"thumbnailUrl":"https:\/\/bycon-europe.com\/wp-content\/uploads\/2025\/04\/Banana-TN.png","datePublished":"2025-04-10T10:00:13+00:00","dateModified":"2025-08-07T13:12:28+00:00","breadcrumb":{"@id":"https:\/\/bycon-europe.com\/product\/bycon-micro-percussion-socket-drill-bits\/#breadcrumb"},"inLanguage":"fr-FR","potentialAction":[{"@type":"ReadAction","target":["https:\/\/bycon-europe.com\/product\/bycon-micro-percussion-socket-drill-bits\/"]}]},{"@type":"ImageObject","inLanguage":"fr-FR","@id":"https:\/\/bycon-europe.com\/product\/bycon-micro-percussion-socket-drill-bits\/#primaryimage","url":"https:\/\/bycon-europe.com\/wp-content\/uploads\/2025\/04\/Banana-TN.png","contentUrl":"https:\/\/bycon-europe.com\/wp-content\/uploads\/2025\/04\/Banana-TN.png","width":700,"height":700},{"@type":"BreadcrumbList","@id":"https:\/\/bycon-europe.com\/product\/bycon-micro-percussion-socket-drill-bits\/#breadcrumb","itemListElement":[{"@type":"ListItem","position":1,"name":"Home","item":"https:\/\/bycon-europe.com\/"},{"@type":"ListItem","position":2,"name":"Shop","item":"https:\/\/bycon-europe.com\/shop\/"},{"@type":"ListItem","position":3,"name":"BYCON Micro Percussion Socket Drill Bits"}]},{"@type":"WebSite","@id":"https:\/\/bycon-europe.com\/#website","url":"https:\/\/bycon-europe.com\/","name":"BYCON Europe","description":"","publisher":{"@id":"https:\/\/bycon-europe.com\/#organization"},"potentialAction":[{"@type":"SearchAction","target":{"@type":"EntryPoint","urlTemplate":"https:\/\/bycon-europe.com\/?s={search_term_string}"},"query-input":{"@type":"PropertyValueSpecification","valueRequired":true,"valueName":"search_term_string"}}],"inLanguage":"fr-FR"},{"@type":"Organization","@id":"https:\/\/bycon-europe.com\/#organization","name":"BYCON Europe","url":"https:\/\/bycon-europe.com\/","logo":{"@type":"ImageObject","inLanguage":"fr-FR","@id":"https:\/\/bycon-europe.com\/#\/schema\/logo\/image\/","url":"https:\/\/bycon-europe.com\/wp-content\/uploads\/2025\/12\/logo-Bewerkt.png","contentUrl":"https:\/\/bycon-europe.com\/wp-content\/uploads\/2025\/12\/logo-Bewerkt.png","width":765,"height":200,"caption":"BYCON Europe"},"image":{"@id":"https:\/\/bycon-europe.com\/#\/schema\/logo\/image\/"}}]}},"_links":{"self":[{"href":"https:\/\/bycon-europe.com\/fr\/wp-json\/wp\/v2\/product\/1063","targetHints":{"allow":["GET"]}}],"collection":[{"href":"https:\/\/bycon-europe.com\/fr\/wp-json\/wp\/v2\/product"}],"about":[{"href":"https:\/\/bycon-europe.com\/fr\/wp-json\/wp\/v2\/types\/product"}],"replies":[{"embeddable":true,"href":"https:\/\/bycon-europe.com\/fr\/wp-json\/wp\/v2\/comments?post=1063"}],"wp:featuredmedia":[{"embeddable":true,"href":"https:\/\/bycon-europe.com\/fr\/wp-json\/wp\/v2\/media\/1520"}],"wp:attachment":[{"href":"https:\/\/bycon-europe.com\/fr\/wp-json\/wp\/v2\/media?parent=1063"}],"wp:term":[{"taxonomy":"product_brand","embeddable":true,"href":"https:\/\/bycon-europe.com\/fr\/wp-json\/wp\/v2\/product_brand?post=1063"},{"taxonomy":"product_cat","embeddable":true,"href":"https:\/\/bycon-europe.com\/fr\/wp-json\/wp\/v2\/product_cat?post=1063"},{"taxonomy":"product_tag","embeddable":true,"href":"https:\/\/bycon-europe.com\/fr\/wp-json\/wp\/v2\/product_tag?post=1063"}],"curies":[{"name":"wp","href":"https:\/\/api.w.org\/{rel}","templated":true}]}}