{"id":1081,"date":"2025-04-10T12:02:03","date_gmt":"2025-04-10T12:02:03","guid":{"rendered":"https:\/\/bycon-europe.com\/?post_type=product&#038;p=1081"},"modified":"2025-04-10T12:02:34","modified_gmt":"2025-04-10T12:02:34","slug":"lames-de-scie-diamantees-universelles-bycon","status":"publish","type":"product","link":"https:\/\/bycon-europe.com\/fr\/product\/bycon-universal-diamond-saw-blades\/","title":{"rendered":"Lames de scie universelles diamant\u00e9es BYCON"},"content":{"rendered":"<h2 data-start=\"153\" data-end=\"196\"><strong data-start=\"153\" data-end=\"196\">Versatile Cutting for Various Materials<\/strong><\/h2>\n<p class=\"\" data-start=\"198\" data-end=\"510\">Universal Purpose blades are designed to cut a wide variety of materials including concrete, asphalt, ceramic tiles, brick, granite, and hard marble. With optional arbor sizes to match common machines in the market, these blades offer flexible, high-quality solutions for cutting across different base materials.<\/p>\n<p><strong>Key Features<\/strong><\/p>\n<ul>\n<li>Designed for cutting multiple materials such as concrete, asphalt, granite, and stone.<\/li>\n<li>Optional arbor sizes compatible with various common machines.<\/li>\n<li>Welding methods: Laser-welded and hot-pressed options available.<\/li>\n<li>Durable and long-lasting blade design ensures efficient cutting over time.<\/li>\n<\/ul>\n<p data-start=\"1104\" data-end=\"1126\"><strong>Specifications<\/strong><\/p>\n<div class=\"pointer-events-none relative left-[50%] flex w-[100cqw] translate-x-[-50%] justify-center *:pointer-events-auto\">\n<div class=\"tableContainer horzScrollShadows\">\n<table class=\"min-w-full\" data-start=\"1128\" data-end=\"2551\">\n<thead data-start=\"1128\" data-end=\"1251\">\n<tr data-start=\"1128\" data-end=\"1251\">\n<th data-start=\"1128\" data-end=\"1141\">Art number<\/th>\n<th data-start=\"1141\" data-end=\"1157\">Diameter (mm)<\/th>\n<th data-start=\"1157\" data-end=\"1168\">Rabbit<\/th>\n<th data-start=\"1168\" data-end=\"1181\">Arbor hole<\/th>\n<th data-start=\"1181\" data-end=\"1208\">Thickness of blades (mm)<\/th>\n<th data-start=\"1208\" data-end=\"1228\">Segment size (mm)<\/th>\n<th data-start=\"1228\" data-end=\"1251\">Quantity of segment<\/th>\n<\/tr>\n<\/thead>\n<tbody data-start=\"1382\" data-end=\"2551\">\n<tr data-start=\"1382\" data-end=\"1511\">\n<td class=\"\" data-start=\"1382\" data-end=\"1395\">3010115<\/td>\n<td class=\"\" data-start=\"1395\" data-end=\"1412\">115<\/td>\n<td class=\"\" data-start=\"1412\" data-end=\"1423\">Narrow U<\/td>\n<td class=\"\" data-start=\"1423\" data-end=\"1437\">22.23<\/td>\n<td class=\"\" data-start=\"1437\" data-end=\"1465\">1.4mm<\/td>\n<td class=\"\" data-start=\"1465\" data-end=\"1487\">30\u00d710\u00d72.2<\/td>\n<td class=\"\" data-start=\"1487\" data-end=\"1511\">8<\/td>\n<\/tr>\n<tr data-start=\"1512\" data-end=\"1641\">\n<td class=\"\" data-start=\"1512\" data-end=\"1525\">3010125<\/td>\n<td class=\"\" data-start=\"1525\" data-end=\"1542\">125<\/td>\n<td class=\"\" data-start=\"1542\" data-end=\"1553\">Narrow U<\/td>\n<td class=\"\" data-start=\"1553\" data-end=\"1567\">22.23<\/td>\n<td class=\"\" data-start=\"1567\" data-end=\"1595\">1.4mm<\/td>\n<td class=\"\" data-start=\"1595\" data-end=\"1617\">30\u00d710\u00d72.2<\/td>\n<td class=\"\" data-start=\"1617\" data-end=\"1641\">9<\/td>\n<\/tr>\n<tr data-start=\"1642\" data-end=\"1771\">\n<td class=\"\" data-start=\"1642\" data-end=\"1655\">3010230<\/td>\n<td class=\"\" data-start=\"1655\" data-end=\"1672\">230<\/td>\n<td class=\"\" data-start=\"1672\" data-end=\"1683\">Narrow U<\/td>\n<td class=\"\" data-start=\"1683\" data-end=\"1697\">22.23<\/td>\n<td class=\"\" data-start=\"1697\" data-end=\"1725\">1.8mm<\/td>\n<td class=\"\" data-start=\"1725\" data-end=\"1747\">38\u00d710\u00d72.4<\/td>\n<td class=\"\" data-start=\"1747\" data-end=\"1771\">16<\/td>\n<\/tr>\n<tr data-start=\"1772\" data-end=\"1901\">\n<td class=\"\" data-start=\"1772\" data-end=\"1785\">3010300<\/td>\n<td class=\"\" data-start=\"1785\" data-end=\"1802\">300<\/td>\n<td class=\"\" data-start=\"1802\" data-end=\"1813\">Narrow U<\/td>\n<td class=\"\" data-start=\"1813\" data-end=\"1827\">25.4<\/td>\n<td class=\"\" data-start=\"1827\" data-end=\"1855\">2.2mm<\/td>\n<td class=\"\" data-start=\"1855\" data-end=\"1877\">40\u00d710\u00d73<\/td>\n<td class=\"\" data-start=\"1877\" data-end=\"1901\">20<\/td>\n<\/tr>\n<tr data-start=\"1902\" data-end=\"2031\">\n<td class=\"\" data-start=\"1902\" data-end=\"1915\">3010350<\/td>\n<td class=\"\" data-start=\"1915\" data-end=\"1932\">350<\/td>\n<td class=\"\" data-start=\"1932\" data-end=\"1943\">Narrow U<\/td>\n<td class=\"\" data-start=\"1943\" data-end=\"1957\">25.4<\/td>\n<td class=\"\" data-start=\"1957\" data-end=\"1985\">2.2mm<\/td>\n<td class=\"\" data-start=\"1985\" data-end=\"2007\">40\u00d710\u00d73.2<\/td>\n<td class=\"\" data-start=\"2007\" data-end=\"2031\">24<\/td>\n<\/tr>\n<tr data-start=\"2032\" data-end=\"2161\">\n<td class=\"\" data-start=\"2032\" data-end=\"2045\">3010400<\/td>\n<td class=\"\" data-start=\"2045\" data-end=\"2062\">400<\/td>\n<td class=\"\" data-start=\"2062\" data-end=\"2073\">Narrow U<\/td>\n<td class=\"\" data-start=\"2073\" data-end=\"2087\">25.4<\/td>\n<td class=\"\" data-start=\"2087\" data-end=\"2115\">2.4mm<\/td>\n<td class=\"\" data-start=\"2115\" data-end=\"2137\">40\u00d710\u00d73.4<\/td>\n<td class=\"\" data-start=\"2137\" data-end=\"2161\">28<\/td>\n<\/tr>\n<tr data-start=\"2162\" data-end=\"2291\">\n<td class=\"\" data-start=\"2162\" data-end=\"2175\">3010450<\/td>\n<td class=\"\" data-start=\"2175\" data-end=\"2192\">450<\/td>\n<td class=\"\" data-start=\"2192\" data-end=\"2203\">Narrow U<\/td>\n<td class=\"\" data-start=\"2203\" data-end=\"2217\">25.4<\/td>\n<td class=\"\" data-start=\"2217\" data-end=\"2245\">2.8mm<\/td>\n<td class=\"\" data-start=\"2245\" data-end=\"2267\">40\u00d710\u00d73.6<\/td>\n<td class=\"\" data-start=\"2267\" data-end=\"2291\">32<\/td>\n<\/tr>\n<tr data-start=\"2292\" data-end=\"2421\">\n<td class=\"\" data-start=\"2292\" data-end=\"2305\">3010500<\/td>\n<td class=\"\" data-start=\"2305\" data-end=\"2322\">500<\/td>\n<td class=\"\" data-start=\"2322\" data-end=\"2333\">Narrow U<\/td>\n<td class=\"\" data-start=\"2333\" data-end=\"2347\">25.4<\/td>\n<td class=\"\" data-start=\"2347\" data-end=\"2375\">3.0mm<\/td>\n<td class=\"\" data-start=\"2375\" data-end=\"2397\">40\u00d710\u00d73.8<\/td>\n<td class=\"\" data-start=\"2397\" data-end=\"2421\">36<\/td>\n<\/tr>\n<tr data-start=\"2422\" data-end=\"2551\">\n<td class=\"\" data-start=\"2422\" data-end=\"2435\">3010600<\/td>\n<td class=\"\" data-start=\"2435\" data-end=\"2452\">600<\/td>\n<td class=\"\" data-start=\"2452\" data-end=\"2463\">Narrow U<\/td>\n<td class=\"\" data-start=\"2463\" data-end=\"2477\">25.4<\/td>\n<td class=\"\" data-start=\"2477\" data-end=\"2505\">3.5mm<\/td>\n<td class=\"\" data-start=\"2505\" data-end=\"2527\">40\u00d710\u00d74.4<\/td>\n<td class=\"\" data-start=\"2527\" data-end=\"2551\">42<\/td>\n<\/tr>\n<\/tbody>\n<\/table>\n<\/div>\n<\/div>\n","protected":false},"excerpt":{"rendered":"<p class=\"\" data-start=\"571\" data-end=\"793\">Lames diamant\u00e9es universelles adapt\u00e9es au b\u00e9ton arm\u00e9, aux briques, au granit, aux carreaux et \u00e0 d'autres mat\u00e9riaux de base. Con\u00e7ues avec un \u00e9quilibre optimal et des performances de coupe pour une large gamme d'applications.<\/p>","protected":false},"featured_media":1083,"comment_status":"open","ping_status":"closed","template":"","meta":[],"product_brand":[],"product_cat":[39,17,42],"product_tag":[],"class_list":{"0":"post-1081","1":"product","2":"type-product","3":"status-publish","4":"has-post-thumbnail","6":"product_cat-cutting-blades","7":"product_cat-diamond-tools","8":"product_cat-universal-saw-blades","10":"first","11":"instock","12":"shipping-taxable","13":"product-type-simple"},"yoast_head":"<!-- This site is optimized with the Yoast SEO plugin v27.5 - https:\/\/yoast.com\/product\/yoast-seo-wordpress\/ -->\n<title>BYCON Universal Diamond Saw Blades - BYCON Europe<\/title>\n<meta name=\"robots\" content=\"index, follow, max-snippet:-1, max-image-preview:large, max-video-preview:-1\" \/>\n<link rel=\"canonical\" href=\"https:\/\/bycon-europe.com\/fr\/product\/lames-de-scie-diamantees-universelles-bycon\/\" \/>\n<meta property=\"og:locale\" content=\"fr_FR\" \/>\n<meta property=\"og:type\" content=\"article\" \/>\n<meta property=\"og:title\" content=\"BYCON Universal Diamond Saw Blades - BYCON Europe\" \/>\n<meta property=\"og:description\" content=\"Universal diamond blades suitable for reinforced concrete, bricks, granite, tiles, and other base materials. Designed with optimal balance and cutting performance for a broad range of applications.\" \/>\n<meta property=\"og:url\" content=\"https:\/\/bycon-europe.com\/fr\/product\/lames-de-scie-diamantees-universelles-bycon\/\" \/>\n<meta property=\"og:site_name\" content=\"BYCON Europe\" \/>\n<meta property=\"article:modified_time\" content=\"2025-04-10T12:02:34+00:00\" \/>\n<meta property=\"og:image\" content=\"https:\/\/bycon-europe.com\/wp-content\/uploads\/2025\/04\/Universal-Saw-Blade-Series.png\" \/>\n\t<meta property=\"og:image:width\" content=\"700\" \/>\n\t<meta property=\"og:image:height\" content=\"700\" \/>\n\t<meta property=\"og:image:type\" content=\"image\/png\" \/>\n<meta name=\"twitter:card\" content=\"summary_large_image\" \/>\n<meta name=\"twitter:label1\" content=\"Dur\u00e9e de lecture estim\u00e9e\" \/>\n\t<meta name=\"twitter:data1\" content=\"1 minute\" \/>\n<script type=\"application\/ld+json\" class=\"yoast-schema-graph\">{\"@context\":\"https:\\\/\\\/schema.org\",\"@graph\":[{\"@type\":\"WebPage\",\"@id\":\"https:\\\/\\\/bycon-europe.com\\\/product\\\/bycon-universal-diamond-saw-blades\\\/\",\"url\":\"https:\\\/\\\/bycon-europe.com\\\/product\\\/bycon-universal-diamond-saw-blades\\\/\",\"name\":\"BYCON Universal Diamond Saw Blades - BYCON Europe\",\"isPartOf\":{\"@id\":\"https:\\\/\\\/bycon-europe.com\\\/#website\"},\"primaryImageOfPage\":{\"@id\":\"https:\\\/\\\/bycon-europe.com\\\/product\\\/bycon-universal-diamond-saw-blades\\\/#primaryimage\"},\"image\":{\"@id\":\"https:\\\/\\\/bycon-europe.com\\\/product\\\/bycon-universal-diamond-saw-blades\\\/#primaryimage\"},\"thumbnailUrl\":\"https:\\\/\\\/bycon-europe.com\\\/wp-content\\\/uploads\\\/2025\\\/04\\\/Universal-Saw-Blade-Series.png\",\"datePublished\":\"2025-04-10T12:02:03+00:00\",\"dateModified\":\"2025-04-10T12:02:34+00:00\",\"breadcrumb\":{\"@id\":\"https:\\\/\\\/bycon-europe.com\\\/product\\\/bycon-universal-diamond-saw-blades\\\/#breadcrumb\"},\"inLanguage\":\"fr-FR\",\"potentialAction\":[{\"@type\":\"ReadAction\",\"target\":[\"https:\\\/\\\/bycon-europe.com\\\/product\\\/bycon-universal-diamond-saw-blades\\\/\"]}]},{\"@type\":\"ImageObject\",\"inLanguage\":\"fr-FR\",\"@id\":\"https:\\\/\\\/bycon-europe.com\\\/product\\\/bycon-universal-diamond-saw-blades\\\/#primaryimage\",\"url\":\"https:\\\/\\\/bycon-europe.com\\\/wp-content\\\/uploads\\\/2025\\\/04\\\/Universal-Saw-Blade-Series.png\",\"contentUrl\":\"https:\\\/\\\/bycon-europe.com\\\/wp-content\\\/uploads\\\/2025\\\/04\\\/Universal-Saw-Blade-Series.png\",\"width\":700,\"height\":700},{\"@type\":\"BreadcrumbList\",\"@id\":\"https:\\\/\\\/bycon-europe.com\\\/product\\\/bycon-universal-diamond-saw-blades\\\/#breadcrumb\",\"itemListElement\":[{\"@type\":\"ListItem\",\"position\":1,\"name\":\"Home\",\"item\":\"https:\\\/\\\/bycon-europe.com\\\/\"},{\"@type\":\"ListItem\",\"position\":2,\"name\":\"Shop\",\"item\":\"https:\\\/\\\/bycon-europe.com\\\/shop\\\/\"},{\"@type\":\"ListItem\",\"position\":3,\"name\":\"BYCON Universal Diamond Saw Blades\"}]},{\"@type\":\"WebSite\",\"@id\":\"https:\\\/\\\/bycon-europe.com\\\/#website\",\"url\":\"https:\\\/\\\/bycon-europe.com\\\/\",\"name\":\"BYCON Europe\",\"description\":\"\",\"publisher\":{\"@id\":\"https:\\\/\\\/bycon-europe.com\\\/#organization\"},\"potentialAction\":[{\"@type\":\"SearchAction\",\"target\":{\"@type\":\"EntryPoint\",\"urlTemplate\":\"https:\\\/\\\/bycon-europe.com\\\/?s={search_term_string}\"},\"query-input\":{\"@type\":\"PropertyValueSpecification\",\"valueRequired\":true,\"valueName\":\"search_term_string\"}}],\"inLanguage\":\"fr-FR\"},{\"@type\":\"Organization\",\"@id\":\"https:\\\/\\\/bycon-europe.com\\\/#organization\",\"name\":\"BYCON Europe\",\"url\":\"https:\\\/\\\/bycon-europe.com\\\/\",\"logo\":{\"@type\":\"ImageObject\",\"inLanguage\":\"fr-FR\",\"@id\":\"https:\\\/\\\/bycon-europe.com\\\/#\\\/schema\\\/logo\\\/image\\\/\",\"url\":\"https:\\\/\\\/bycon-europe.com\\\/wp-content\\\/uploads\\\/2025\\\/12\\\/logo-Bewerkt.png\",\"contentUrl\":\"https:\\\/\\\/bycon-europe.com\\\/wp-content\\\/uploads\\\/2025\\\/12\\\/logo-Bewerkt.png\",\"width\":765,\"height\":200,\"caption\":\"BYCON Europe\"},\"image\":{\"@id\":\"https:\\\/\\\/bycon-europe.com\\\/#\\\/schema\\\/logo\\\/image\\\/\"}}]}<\/script>\n<!-- \/ Yoast SEO plugin. -->","yoast_head_json":{"title":"Lames de scie diamant\u00e9es universelles BYCON - BYCON Europe","robots":{"index":"index","follow":"follow","max-snippet":"max-snippet:-1","max-image-preview":"max-image-preview:large","max-video-preview":"max-video-preview:-1"},"canonical":"https:\/\/bycon-europe.com\/fr\/product\/lames-de-scie-diamantees-universelles-bycon\/","og_locale":"fr_FR","og_type":"article","og_title":"BYCON Universal Diamond Saw Blades - BYCON Europe","og_description":"Universal diamond blades suitable for reinforced concrete, bricks, granite, tiles, and other base materials. Designed with optimal balance and cutting performance for a broad range of applications.","og_url":"https:\/\/bycon-europe.com\/fr\/product\/lames-de-scie-diamantees-universelles-bycon\/","og_site_name":"BYCON Europe","article_modified_time":"2025-04-10T12:02:34+00:00","og_image":[{"width":700,"height":700,"url":"https:\/\/bycon-europe.com\/wp-content\/uploads\/2025\/04\/Universal-Saw-Blade-Series.png","type":"image\/png"}],"twitter_card":"summary_large_image","twitter_misc":{"Dur\u00e9e de lecture estim\u00e9e":"1 minute"},"schema":{"@context":"https:\/\/schema.org","@graph":[{"@type":"WebPage","@id":"https:\/\/bycon-europe.com\/product\/bycon-universal-diamond-saw-blades\/","url":"https:\/\/bycon-europe.com\/product\/bycon-universal-diamond-saw-blades\/","name":"Lames de scie diamant\u00e9es universelles BYCON - BYCON Europe","isPartOf":{"@id":"https:\/\/bycon-europe.com\/#website"},"primaryImageOfPage":{"@id":"https:\/\/bycon-europe.com\/product\/bycon-universal-diamond-saw-blades\/#primaryimage"},"image":{"@id":"https:\/\/bycon-europe.com\/product\/bycon-universal-diamond-saw-blades\/#primaryimage"},"thumbnailUrl":"https:\/\/bycon-europe.com\/wp-content\/uploads\/2025\/04\/Universal-Saw-Blade-Series.png","datePublished":"2025-04-10T12:02:03+00:00","dateModified":"2025-04-10T12:02:34+00:00","breadcrumb":{"@id":"https:\/\/bycon-europe.com\/product\/bycon-universal-diamond-saw-blades\/#breadcrumb"},"inLanguage":"fr-FR","potentialAction":[{"@type":"ReadAction","target":["https:\/\/bycon-europe.com\/product\/bycon-universal-diamond-saw-blades\/"]}]},{"@type":"ImageObject","inLanguage":"fr-FR","@id":"https:\/\/bycon-europe.com\/product\/bycon-universal-diamond-saw-blades\/#primaryimage","url":"https:\/\/bycon-europe.com\/wp-content\/uploads\/2025\/04\/Universal-Saw-Blade-Series.png","contentUrl":"https:\/\/bycon-europe.com\/wp-content\/uploads\/2025\/04\/Universal-Saw-Blade-Series.png","width":700,"height":700},{"@type":"BreadcrumbList","@id":"https:\/\/bycon-europe.com\/product\/bycon-universal-diamond-saw-blades\/#breadcrumb","itemListElement":[{"@type":"ListItem","position":1,"name":"Home","item":"https:\/\/bycon-europe.com\/"},{"@type":"ListItem","position":2,"name":"Shop","item":"https:\/\/bycon-europe.com\/shop\/"},{"@type":"ListItem","position":3,"name":"BYCON Universal Diamond Saw Blades"}]},{"@type":"WebSite","@id":"https:\/\/bycon-europe.com\/#website","url":"https:\/\/bycon-europe.com\/","name":"BYCON Europe","description":"","publisher":{"@id":"https:\/\/bycon-europe.com\/#organization"},"potentialAction":[{"@type":"SearchAction","target":{"@type":"EntryPoint","urlTemplate":"https:\/\/bycon-europe.com\/?s={search_term_string}"},"query-input":{"@type":"PropertyValueSpecification","valueRequired":true,"valueName":"search_term_string"}}],"inLanguage":"fr-FR"},{"@type":"Organization","@id":"https:\/\/bycon-europe.com\/#organization","name":"BYCON Europe","url":"https:\/\/bycon-europe.com\/","logo":{"@type":"ImageObject","inLanguage":"fr-FR","@id":"https:\/\/bycon-europe.com\/#\/schema\/logo\/image\/","url":"https:\/\/bycon-europe.com\/wp-content\/uploads\/2025\/12\/logo-Bewerkt.png","contentUrl":"https:\/\/bycon-europe.com\/wp-content\/uploads\/2025\/12\/logo-Bewerkt.png","width":765,"height":200,"caption":"BYCON Europe"},"image":{"@id":"https:\/\/bycon-europe.com\/#\/schema\/logo\/image\/"}}]}},"_links":{"self":[{"href":"https:\/\/bycon-europe.com\/fr\/wp-json\/wp\/v2\/product\/1081","targetHints":{"allow":["GET"]}}],"collection":[{"href":"https:\/\/bycon-europe.com\/fr\/wp-json\/wp\/v2\/product"}],"about":[{"href":"https:\/\/bycon-europe.com\/fr\/wp-json\/wp\/v2\/types\/product"}],"replies":[{"embeddable":true,"href":"https:\/\/bycon-europe.com\/fr\/wp-json\/wp\/v2\/comments?post=1081"}],"wp:featuredmedia":[{"embeddable":true,"href":"https:\/\/bycon-europe.com\/fr\/wp-json\/wp\/v2\/media\/1083"}],"wp:attachment":[{"href":"https:\/\/bycon-europe.com\/fr\/wp-json\/wp\/v2\/media?parent=1081"}],"wp:term":[{"taxonomy":"product_brand","embeddable":true,"href":"https:\/\/bycon-europe.com\/fr\/wp-json\/wp\/v2\/product_brand?post=1081"},{"taxonomy":"product_cat","embeddable":true,"href":"https:\/\/bycon-europe.com\/fr\/wp-json\/wp\/v2\/product_cat?post=1081"},{"taxonomy":"product_tag","embeddable":true,"href":"https:\/\/bycon-europe.com\/fr\/wp-json\/wp\/v2\/product_tag?post=1081"}],"curies":[{"name":"wp","href":"https:\/\/api.w.org\/{rel}","templated":true}]}}