{"id":316,"date":"2025-01-17T07:46:59","date_gmt":"2025-01-17T07:46:59","guid":{"rendered":"https:\/\/bycon-europe.com\/?post_type=product&#038;p=316"},"modified":"2025-07-07T09:38:19","modified_gmt":"2025-07-07T09:38:19","slug":"carotteuse-diamant-bycon-db-162d-1-1-4%e2%80%b3-1-2%e2%80%b3-2200w-micro-percussion","status":"publish","type":"product","link":"https:\/\/bycon-europe.com\/fr\/product\/bycon-db-162d-diamond-dry-core-drill-1-2%e2%80%b3-1-1-4%e2%80%b3-2200w-micro-percussion\/","title":{"rendered":"BYCON DB-162D Moteur de carotteuse diamant sec | 2200 W | Micro percussion"},"content":{"rendered":"<h2 data-start=\"207\" data-end=\"286\">BYCON DB-162D Foreuse \u00e0 carotter diamant\u00e9e \u00e0 sec \u2013 2200W, Micro percussion<\/h2>\n<p data-start=\"288\" data-end=\"889\">La BYCON DB-162D est une caroteuse \u00e0 sec robuste et tr\u00e8s performante, con\u00e7ue pour les professionnels qui s'attaquent \u00e0 des travaux exigeants dans le b\u00e9ton, la ma\u00e7onnerie et d'autres mat\u00e9riaux de construction abrasifs. Aliment\u00e9e par un moteur de 2200W, elle offre un couple et une puissance de per\u00e7age exceptionnels, que ce soit en mode manuel ou mont\u00e9 sur b\u00e2ti. La fonction de micro-percussion int\u00e9gr\u00e9e am\u00e9liore les performances de coupe, en particulier lors du travail sans eau. Un limiteur de couple et une conception ergonomique garantissent la s\u00e9curit\u00e9 et le confort de l'utilisateur lors d'une utilisation prolong\u00e9e. Cette perceuse polyvalente est un excellent choix pour les entrepreneurs des secteurs CVC, \u00e9lectrique et de la plomberie.<\/p>\n<hr data-start=\"891\" data-end=\"894\" \/>\n<p data-start=\"896\" data-end=\"916\"><strong>Caract\u00e9ristiques cl\u00e9s<\/strong><\/p>\n<ul>\n<li data-start=\"919\" data-end=\"1015\"><strong data-start=\"919\" data-end=\"940\">Puissance \u00e9lev\u00e9e<\/strong>Le moteur de 2200 W assure des performances de per\u00e7age constantes dans des conditions difficiles<\/li>\n<li data-start=\"919\" data-end=\"1015\"><strong data-start=\"1018\" data-end=\"1043\">Mode Micro-Percussion<\/strong>: Fonction de vibration optionnelle pour une meilleure efficacit\u00e9 de per\u00e7age \u00e0 sec<\/li>\n<li data-start=\"919\" data-end=\"1015\"><strong data-start=\"1114\" data-end=\"1135\">Bo\u00eete de vitesses \u00e0 deux vitesses<\/strong>S'adapte \u00e0 divers diam\u00e8tres de noyau et densit\u00e9s de mat\u00e9riaux<\/li>\n<li data-start=\"919\" data-end=\"1015\"><strong data-start=\"1197\" data-end=\"1224\">Ergonomique et l\u00e9ger<\/strong>: Seulement 6,5 kg, convient pour une utilisation \u00e0 la main ou sur un support<\/li>\n<li data-start=\"919\" data-end=\"1015\"><strong data-start=\"1290\" data-end=\"1316\">Protection contre le patinage<\/strong>Pr\u00e9vient la surcharge et ajoute une s\u00e9curit\u00e9 m\u00e9canique<\/li>\n<li data-start=\"919\" data-end=\"1015\"><strong data-start=\"1367\" data-end=\"1391\">Conception conviviale<\/strong>: Poign\u00e9e avant amovible pour un contr\u00f4le et un confort faciles<\/li>\n<li data-start=\"919\" data-end=\"1015\"><strong data-start=\"1449\" data-end=\"1470\">Syst\u00e8me de d\u00e9marrage progressif<\/strong>: R\u00e9duit la contrainte sur le moteur et l'op\u00e9rateur pour un d\u00e9marrage plus souple<\/li>\n<\/ul>\n<hr data-start=\"1533\" data-end=\"1536\" \/>\n<p data-start=\"1538\" data-end=\"1570\"><strong>Sp\u00e9cifications techniques<\/strong><\/p>\n<ul>\n<li data-start=\"1573\" data-end=\"1599\"><strong data-start=\"1573\" data-end=\"1589\">Puissance de sortie<\/strong>2200 W<\/li>\n<li data-start=\"1573\" data-end=\"1599\"><strong data-start=\"1602\" data-end=\"1613\">Tension<\/strong>220 V \/ 120 V<\/li>\n<li data-start=\"1573\" data-end=\"1599\"><strong data-start=\"1633\" data-end=\"1646\">Fr\u00e9quence<\/strong>50 \/ 60 Hz<\/li>\n<li data-start=\"1573\" data-end=\"1599\"><strong data-start=\"1663\" data-end=\"1674\">Courant<\/strong>10 A \/ 15 A<\/li>\n<li data-start=\"1690\" data-end=\"1737\"><strong data-start=\"1692\" data-end=\"1726\">Diam\u00e8tre de forage portatif<\/strong>\u00d8162 mm<\/li>\n<li data-start=\"1690\" data-end=\"1737\"><strong data-start=\"1740\" data-end=\"1777\">Diam\u00e8tre de forage maximum mont\u00e9 sur camion<\/strong>: 202 mm de diam\u00e8tre<\/li>\n<li data-start=\"1690\" data-end=\"1737\"><strong data-start=\"1791\" data-end=\"1808\">Vitesse \u00e0 vide<\/strong>16 000 \/ 38 000 tr\/min<\/li>\n<li data-start=\"1690\" data-end=\"1737\"><strong data-start=\"1834\" data-end=\"1862\">Diam\u00e8tre de la main de la premi\u00e8re vitesse<\/strong>: 162 mm de diam\u00e8tre \/ 82 mm de diam\u00e8tre<\/li>\n<li data-start=\"1690\" data-end=\"1737\"><strong data-start=\"1885\" data-end=\"1916\">Diam\u00e8tre du pignon mont\u00e9 sur le chariot<\/strong>: \u00d8202 mm \/ \u00d8102 mm<\/li>\n<li data-start=\"1690\" data-end=\"1737\"><strong data-start=\"1940\" data-end=\"1959\">Type de connexion<\/strong>1\u00bc\u2033 UNC et \u00bd\u2033 G<\/li>\n<li data-start=\"1690\" data-end=\"1737\"><strong data-start=\"1980\" data-end=\"1990\">Poids<\/strong>6,5 kg<\/li>\n<\/ul>\n<hr data-start=\"2002\" data-end=\"2005\" \/>\n<p data-start=\"2007\" data-end=\"2030\"><strong>Ce qui est inclus<\/strong><\/p>\n<ul>\n<li data-start=\"2033\" data-end=\"2090\">Perceuse \u00e0 carotter diamant\u00e9e BYCON DB-162D (2200 W, 1\u00bc\u2033 \/ \u00bd\u2033)<\/li>\n<li data-start=\"2033\" data-end=\"2090\">Poign\u00e9e lat\u00e9rale r\u00e9glable<\/li>\n<li data-start=\"2033\" data-end=\"2090\">Manuel d'utilisation<\/li>\n<\/ul>","protected":false},"excerpt":{"rendered":"<p data-start=\"2442\" data-end=\"2781\">La BYCON DB-162D est une puissante carotteuse \u00e0 sec de 2200W con\u00e7ue pour une utilisation \u00e0 la main et sur b\u00e2ti. Avec son mode micro-percussion, sa bo\u00eete de vitesses \u00e0 deux rapports et son syst\u00e8me de s\u00e9curit\u00e9 avanc\u00e9 \u00e0 embrayage \u00e0 glissement, elle offre un per\u00e7age doux et pr\u00e9cis dans le b\u00e9ton arm\u00e9 jusqu'\u00e0 \u00d8162 mm et dans la ma\u00e7onnerie jusqu'\u00e0 \u00d8202 mm. L\u00e9g\u00e8re et ergonomique pour une utilisation toute la journ\u00e9e.<\/p>","protected":false},"featured_media":321,"comment_status":"open","ping_status":"closed","template":"","meta":[],"product_brand":[],"product_cat":[16,20,19,65,60,62],"product_tag":[],"class_list":{"0":"post-316","1":"product","2":"type-product","3":"status-publish","4":"has-post-thumbnail","6":"product_cat-construction-machines","7":"product_cat-core-drill-motor","8":"product_cat-core-drilling-equipment","9":"product_cat-handheld-core-drills","10":"product_cat-micro-percussion-core-drills","11":"product_cat-rig-mounted-core-drills","13":"first","14":"instock","15":"shipping-taxable","16":"product-type-simple"},"yoast_head":"<!-- This site is optimized with the Yoast SEO plugin v27.5 - https:\/\/yoast.com\/product\/yoast-seo-wordpress\/ -->\n<title>BYCON DB-162D Diamond Dry Core Drill | 2200W | Micro Percussion - BYCON Europe<\/title>\n<meta name=\"description\" content=\"BYCON DB-162D Dry Core Drill with 2200W power, micro-percussion, and up to \u00d8202 mm capacity. Lightweight, rig-compatible, and includes slip clutch safety.\" \/>\n<meta name=\"robots\" content=\"index, follow, max-snippet:-1, max-image-preview:large, max-video-preview:-1\" \/>\n<link rel=\"canonical\" href=\"https:\/\/bycon-europe.com\/fr\/product\/carotteuse-diamant-bycon-db-162d-1-1-4\u2033-1-2\u2033-2200w-micro-percussion\/\" \/>\n<meta property=\"og:locale\" content=\"fr_FR\" \/>\n<meta property=\"og:type\" content=\"article\" \/>\n<meta property=\"og:title\" content=\"BYCON DB-162D Diamond Dry Core Drill | 2200W | Micro Percussion - BYCON Europe\" \/>\n<meta property=\"og:description\" content=\"BYCON DB-162D Dry Core Drill with 2200W power, micro-percussion, and up to \u00d8202 mm capacity. Lightweight, rig-compatible, and includes slip clutch safety.\" \/>\n<meta property=\"og:url\" content=\"https:\/\/bycon-europe.com\/fr\/product\/carotteuse-diamant-bycon-db-162d-1-1-4\u2033-1-2\u2033-2200w-micro-percussion\/\" \/>\n<meta property=\"og:site_name\" content=\"BYCON Europe\" \/>\n<meta property=\"article:modified_time\" content=\"2025-07-07T09:38:19+00:00\" \/>\n<meta property=\"og:image\" content=\"https:\/\/bycon-europe.com\/wp-content\/uploads\/2025\/01\/1-1.webp\" \/>\n\t<meta property=\"og:image:width\" content=\"700\" \/>\n\t<meta property=\"og:image:height\" content=\"700\" \/>\n\t<meta property=\"og:image:type\" content=\"image\/webp\" \/>\n<meta name=\"twitter:card\" content=\"summary_large_image\" \/>\n<meta name=\"twitter:label1\" content=\"Dur\u00e9e de lecture estim\u00e9e\" \/>\n\t<meta name=\"twitter:data1\" content=\"2 minutes\" \/>\n<script type=\"application\/ld+json\" class=\"yoast-schema-graph\">{\"@context\":\"https:\\\/\\\/schema.org\",\"@graph\":[{\"@type\":\"WebPage\",\"@id\":\"https:\\\/\\\/bycon-europe.com\\\/product\\\/bycon-db-162d-diamond-dry-core-drill-1-2%e2%80%b3-1-1-4%e2%80%b3-2200w-micro-percussion\\\/\",\"url\":\"https:\\\/\\\/bycon-europe.com\\\/product\\\/bycon-db-162d-diamond-dry-core-drill-1-2%e2%80%b3-1-1-4%e2%80%b3-2200w-micro-percussion\\\/\",\"name\":\"BYCON DB-162D Diamond Dry Core Drill | 2200W | Micro Percussion - BYCON Europe\",\"isPartOf\":{\"@id\":\"https:\\\/\\\/bycon-europe.com\\\/#website\"},\"primaryImageOfPage\":{\"@id\":\"https:\\\/\\\/bycon-europe.com\\\/product\\\/bycon-db-162d-diamond-dry-core-drill-1-2%e2%80%b3-1-1-4%e2%80%b3-2200w-micro-percussion\\\/#primaryimage\"},\"image\":{\"@id\":\"https:\\\/\\\/bycon-europe.com\\\/product\\\/bycon-db-162d-diamond-dry-core-drill-1-2%e2%80%b3-1-1-4%e2%80%b3-2200w-micro-percussion\\\/#primaryimage\"},\"thumbnailUrl\":\"https:\\\/\\\/bycon-europe.com\\\/wp-content\\\/uploads\\\/2025\\\/01\\\/1-1.webp\",\"datePublished\":\"2025-01-17T07:46:59+00:00\",\"dateModified\":\"2025-07-07T09:38:19+00:00\",\"description\":\"BYCON DB-162D Dry Core Drill with 2200W power, micro-percussion, and up to \u00d8202 mm capacity. Lightweight, rig-compatible, and includes slip clutch safety.\",\"breadcrumb\":{\"@id\":\"https:\\\/\\\/bycon-europe.com\\\/product\\\/bycon-db-162d-diamond-dry-core-drill-1-2%e2%80%b3-1-1-4%e2%80%b3-2200w-micro-percussion\\\/#breadcrumb\"},\"inLanguage\":\"fr-FR\",\"potentialAction\":[{\"@type\":\"ReadAction\",\"target\":[\"https:\\\/\\\/bycon-europe.com\\\/product\\\/bycon-db-162d-diamond-dry-core-drill-1-2%e2%80%b3-1-1-4%e2%80%b3-2200w-micro-percussion\\\/\"]}]},{\"@type\":\"ImageObject\",\"inLanguage\":\"fr-FR\",\"@id\":\"https:\\\/\\\/bycon-europe.com\\\/product\\\/bycon-db-162d-diamond-dry-core-drill-1-2%e2%80%b3-1-1-4%e2%80%b3-2200w-micro-percussion\\\/#primaryimage\",\"url\":\"https:\\\/\\\/bycon-europe.com\\\/wp-content\\\/uploads\\\/2025\\\/01\\\/1-1.webp\",\"contentUrl\":\"https:\\\/\\\/bycon-europe.com\\\/wp-content\\\/uploads\\\/2025\\\/01\\\/1-1.webp\",\"width\":700,\"height\":700},{\"@type\":\"BreadcrumbList\",\"@id\":\"https:\\\/\\\/bycon-europe.com\\\/product\\\/bycon-db-162d-diamond-dry-core-drill-1-2%e2%80%b3-1-1-4%e2%80%b3-2200w-micro-percussion\\\/#breadcrumb\",\"itemListElement\":[{\"@type\":\"ListItem\",\"position\":1,\"name\":\"Home\",\"item\":\"https:\\\/\\\/bycon-europe.com\\\/\"},{\"@type\":\"ListItem\",\"position\":2,\"name\":\"Shop\",\"item\":\"https:\\\/\\\/bycon-europe.com\\\/shop\\\/\"},{\"@type\":\"ListItem\",\"position\":3,\"name\":\"BYCON DB-162D Dry Diamond Core Drill Motor | 2200W | Micro Percussion\"}]},{\"@type\":\"WebSite\",\"@id\":\"https:\\\/\\\/bycon-europe.com\\\/#website\",\"url\":\"https:\\\/\\\/bycon-europe.com\\\/\",\"name\":\"BYCON Europe\",\"description\":\"\",\"publisher\":{\"@id\":\"https:\\\/\\\/bycon-europe.com\\\/#organization\"},\"potentialAction\":[{\"@type\":\"SearchAction\",\"target\":{\"@type\":\"EntryPoint\",\"urlTemplate\":\"https:\\\/\\\/bycon-europe.com\\\/?s={search_term_string}\"},\"query-input\":{\"@type\":\"PropertyValueSpecification\",\"valueRequired\":true,\"valueName\":\"search_term_string\"}}],\"inLanguage\":\"fr-FR\"},{\"@type\":\"Organization\",\"@id\":\"https:\\\/\\\/bycon-europe.com\\\/#organization\",\"name\":\"BYCON Europe\",\"url\":\"https:\\\/\\\/bycon-europe.com\\\/\",\"logo\":{\"@type\":\"ImageObject\",\"inLanguage\":\"fr-FR\",\"@id\":\"https:\\\/\\\/bycon-europe.com\\\/#\\\/schema\\\/logo\\\/image\\\/\",\"url\":\"https:\\\/\\\/bycon-europe.com\\\/wp-content\\\/uploads\\\/2025\\\/12\\\/logo-Bewerkt.png\",\"contentUrl\":\"https:\\\/\\\/bycon-europe.com\\\/wp-content\\\/uploads\\\/2025\\\/12\\\/logo-Bewerkt.png\",\"width\":765,\"height\":200,\"caption\":\"BYCON Europe\"},\"image\":{\"@id\":\"https:\\\/\\\/bycon-europe.com\\\/#\\\/schema\\\/logo\\\/image\\\/\"}}]}<\/script>\n<!-- \/ Yoast SEO plugin. -->","yoast_head_json":{"title":"BYCON DB-162D Foreuse \u00e0 carotter diamant\u00e9e \u00e0 sec | 2200W | Micro percussion - BYCON Europe","description":"BYCON DB-162D Carotteuse \u00e0 sec avec 2200W de puissance, micro-percussion, et une capacit\u00e9 jusqu'\u00e0 \u00d8202 mm. L\u00e9g\u00e8re, compatible avec b\u00e2ti, et inclut une s\u00e9curit\u00e9 \u00e0 embrayage limiteur de couple.","robots":{"index":"index","follow":"follow","max-snippet":"max-snippet:-1","max-image-preview":"max-image-preview:large","max-video-preview":"max-video-preview:-1"},"canonical":"https:\/\/bycon-europe.com\/fr\/product\/carotteuse-diamant-bycon-db-162d-1-1-4\u2033-1-2\u2033-2200w-micro-percussion\/","og_locale":"fr_FR","og_type":"article","og_title":"BYCON DB-162D Diamond Dry Core Drill | 2200W | Micro Percussion - BYCON Europe","og_description":"BYCON DB-162D Dry Core Drill with 2200W power, micro-percussion, and up to \u00d8202 mm capacity. Lightweight, rig-compatible, and includes slip clutch safety.","og_url":"https:\/\/bycon-europe.com\/fr\/product\/carotteuse-diamant-bycon-db-162d-1-1-4\u2033-1-2\u2033-2200w-micro-percussion\/","og_site_name":"BYCON Europe","article_modified_time":"2025-07-07T09:38:19+00:00","og_image":[{"width":700,"height":700,"url":"https:\/\/bycon-europe.com\/wp-content\/uploads\/2025\/01\/1-1.webp","type":"image\/webp"}],"twitter_card":"summary_large_image","twitter_misc":{"Dur\u00e9e de lecture estim\u00e9e":"2 minutes"},"schema":{"@context":"https:\/\/schema.org","@graph":[{"@type":"WebPage","@id":"https:\/\/bycon-europe.com\/product\/bycon-db-162d-diamond-dry-core-drill-1-2%e2%80%b3-1-1-4%e2%80%b3-2200w-micro-percussion\/","url":"https:\/\/bycon-europe.com\/product\/bycon-db-162d-diamond-dry-core-drill-1-2%e2%80%b3-1-1-4%e2%80%b3-2200w-micro-percussion\/","name":"BYCON DB-162D Foreuse \u00e0 carotter diamant\u00e9e \u00e0 sec | 2200W | Micro percussion - BYCON Europe","isPartOf":{"@id":"https:\/\/bycon-europe.com\/#website"},"primaryImageOfPage":{"@id":"https:\/\/bycon-europe.com\/product\/bycon-db-162d-diamond-dry-core-drill-1-2%e2%80%b3-1-1-4%e2%80%b3-2200w-micro-percussion\/#primaryimage"},"image":{"@id":"https:\/\/bycon-europe.com\/product\/bycon-db-162d-diamond-dry-core-drill-1-2%e2%80%b3-1-1-4%e2%80%b3-2200w-micro-percussion\/#primaryimage"},"thumbnailUrl":"https:\/\/bycon-europe.com\/wp-content\/uploads\/2025\/01\/1-1.webp","datePublished":"2025-01-17T07:46:59+00:00","dateModified":"2025-07-07T09:38:19+00:00","description":"BYCON DB-162D Carotteuse \u00e0 sec avec 2200W de puissance, micro-percussion, et une capacit\u00e9 jusqu'\u00e0 \u00d8202 mm. L\u00e9g\u00e8re, compatible avec b\u00e2ti, et inclut une s\u00e9curit\u00e9 \u00e0 embrayage limiteur de couple.","breadcrumb":{"@id":"https:\/\/bycon-europe.com\/product\/bycon-db-162d-diamond-dry-core-drill-1-2%e2%80%b3-1-1-4%e2%80%b3-2200w-micro-percussion\/#breadcrumb"},"inLanguage":"fr-FR","potentialAction":[{"@type":"ReadAction","target":["https:\/\/bycon-europe.com\/product\/bycon-db-162d-diamond-dry-core-drill-1-2%e2%80%b3-1-1-4%e2%80%b3-2200w-micro-percussion\/"]}]},{"@type":"ImageObject","inLanguage":"fr-FR","@id":"https:\/\/bycon-europe.com\/product\/bycon-db-162d-diamond-dry-core-drill-1-2%e2%80%b3-1-1-4%e2%80%b3-2200w-micro-percussion\/#primaryimage","url":"https:\/\/bycon-europe.com\/wp-content\/uploads\/2025\/01\/1-1.webp","contentUrl":"https:\/\/bycon-europe.com\/wp-content\/uploads\/2025\/01\/1-1.webp","width":700,"height":700},{"@type":"BreadcrumbList","@id":"https:\/\/bycon-europe.com\/product\/bycon-db-162d-diamond-dry-core-drill-1-2%e2%80%b3-1-1-4%e2%80%b3-2200w-micro-percussion\/#breadcrumb","itemListElement":[{"@type":"ListItem","position":1,"name":"Home","item":"https:\/\/bycon-europe.com\/"},{"@type":"ListItem","position":2,"name":"Shop","item":"https:\/\/bycon-europe.com\/shop\/"},{"@type":"ListItem","position":3,"name":"BYCON DB-162D Dry Diamond Core Drill Motor | 2200W | Micro Percussion"}]},{"@type":"WebSite","@id":"https:\/\/bycon-europe.com\/#website","url":"https:\/\/bycon-europe.com\/","name":"BYCON Europe","description":"","publisher":{"@id":"https:\/\/bycon-europe.com\/#organization"},"potentialAction":[{"@type":"SearchAction","target":{"@type":"EntryPoint","urlTemplate":"https:\/\/bycon-europe.com\/?s={search_term_string}"},"query-input":{"@type":"PropertyValueSpecification","valueRequired":true,"valueName":"search_term_string"}}],"inLanguage":"fr-FR"},{"@type":"Organization","@id":"https:\/\/bycon-europe.com\/#organization","name":"BYCON Europe","url":"https:\/\/bycon-europe.com\/","logo":{"@type":"ImageObject","inLanguage":"fr-FR","@id":"https:\/\/bycon-europe.com\/#\/schema\/logo\/image\/","url":"https:\/\/bycon-europe.com\/wp-content\/uploads\/2025\/12\/logo-Bewerkt.png","contentUrl":"https:\/\/bycon-europe.com\/wp-content\/uploads\/2025\/12\/logo-Bewerkt.png","width":765,"height":200,"caption":"BYCON Europe"},"image":{"@id":"https:\/\/bycon-europe.com\/#\/schema\/logo\/image\/"}}]}},"_links":{"self":[{"href":"https:\/\/bycon-europe.com\/fr\/wp-json\/wp\/v2\/product\/316","targetHints":{"allow":["GET"]}}],"collection":[{"href":"https:\/\/bycon-europe.com\/fr\/wp-json\/wp\/v2\/product"}],"about":[{"href":"https:\/\/bycon-europe.com\/fr\/wp-json\/wp\/v2\/types\/product"}],"replies":[{"embeddable":true,"href":"https:\/\/bycon-europe.com\/fr\/wp-json\/wp\/v2\/comments?post=316"}],"wp:featuredmedia":[{"embeddable":true,"href":"https:\/\/bycon-europe.com\/fr\/wp-json\/wp\/v2\/media\/321"}],"wp:attachment":[{"href":"https:\/\/bycon-europe.com\/fr\/wp-json\/wp\/v2\/media?parent=316"}],"wp:term":[{"taxonomy":"product_brand","embeddable":true,"href":"https:\/\/bycon-europe.com\/fr\/wp-json\/wp\/v2\/product_brand?post=316"},{"taxonomy":"product_cat","embeddable":true,"href":"https:\/\/bycon-europe.com\/fr\/wp-json\/wp\/v2\/product_cat?post=316"},{"taxonomy":"product_tag","embeddable":true,"href":"https:\/\/bycon-europe.com\/fr\/wp-json\/wp\/v2\/product_tag?post=316"}],"curies":[{"name":"wp","href":"https:\/\/api.w.org\/{rel}","templated":true}]}}