{"id":443,"date":"2025-01-17T12:45:47","date_gmt":"2025-01-17T12:45:47","guid":{"rendered":"https:\/\/bycon-europe.com\/?post_type=product&#038;p=443"},"modified":"2025-04-03T06:47:43","modified_gmt":"2025-04-03T06:47:43","slug":"pilier-dpd-100n-professionnel-a-essence-60-mm-ideal-pour-les-tentes-de-festival","status":"publish","type":"product","link":"https:\/\/bycon-europe.com\/fr\/product\/bycon-dpd-100n-professional-petrol-post-driver-60mm-ideal-for-festival-tents\/","title":{"rendered":"BYCON DPD-100N Marteau piqueur \u00e0 essence professionnel 60 mm"},"content":{"rendered":"<h2 data-pm-slice=\"1 3 []\"><strong>Broyeur puissant \u00e0 essence pour applications polyvalentes<\/strong><\/h2>\n<p data-pm-slice=\"1 3 []\">Le Pilon \u00e0 essence BYCON DPD-100N 60 mm est l'outil ultime pour l'installation de tentes de festival, la cl\u00f4ture, l'agriculture, la viticulture, l'am\u00e9nagement paysager et la construction de poteaux. Son fonctionnement \u00e0 haute vitesse et sa forte force d'impact rendent l'enfoncement des piquets et des poteaux plus rapide et plus facile.<\/p>\n<ul data-spread=\"false\">\n<li><strong>\u00c9conome en \u00e9nergie et faible consommation de carburant :<\/strong> Utilise de l'essence Euro 98 pour des performances rentables<\/li>\n<li><strong>Compatible avec divers poteaux :<\/strong> Convient aux piquets en bois et en m\u00e9tal jusqu'\u00e0 60 mm de diam\u00e8tre<\/li>\n<li><strong>Optimis\u00e9 pour le confort :<\/strong> Poign\u00e9es ergonomiques anti-vibrations pour une meilleure utilisabilit\u00e9<\/li>\n<li><strong>\u00c9quilibre puissance et poids :<\/strong> Construit avec un carter de bo\u00eete de vitesses en aluminium moul\u00e9 pour le rapport poids-puissance id\u00e9al<\/li>\n<\/ul>\n<p data-pm-slice=\"1 1 []\">\ud83d\udccc <strong>Remarque :<\/strong> Assurez-vous que l'huile moteur est au niveau optimal avant utilisation pour des performances optimales du moteur.<\/p>\n<p><strong>Qu'est-ce qui est inclus ?<\/strong><\/p>\n<ul data-spread=\"false\">\n<li>Pied de poteau professionnel \u00e0 essence BYCON DPD-100N \u2013 Id\u00e9al pour les tentes de festival<\/li>\n<li>Mallette de transport robuste en BMC avec roues de transport<\/li>\n<li>Accessoires divers<\/li>\n<\/ul>\n<p>&nbsp;<\/p>","protected":false},"excerpt":{"rendered":"<ul data-spread=\"false\" data-pm-slice=\"3 3 []\">\n<li><strong>Haute efficacit\u00e9 :<\/strong> Performances rapides et puissantes pour un enfoncement de poteaux rapide et sans effort<\/li>\n<li><strong>Durable et fiable :<\/strong> Bo\u00eete de vitesses robuste et support moteur solide pour une long\u00e9vit\u00e9 accrue<\/li>\n<li><strong>Confortable \u00e0 utiliser<\/strong> Les poign\u00e9es amorties \u00e0 4 voies r\u00e9duisent les vibrations pour un fonctionnement plus s\u00fbr et plus pr\u00e9cis<\/li>\n<li><strong>Portable et l\u00e9ger :<\/strong> Fourni dans une mallette de transport BMC avec roulettes, ne pesant que 18,5 kg<\/li>\n<\/ul>","protected":false},"featured_media":450,"comment_status":"open","ping_status":"closed","template":"","meta":[],"product_brand":[],"product_cat":[15,29,27,28],"product_tag":[],"class_list":{"0":"post-443","1":"product","2":"type-product","3":"status-publish","4":"has-post-thumbnail","6":"product_cat-all-machines","7":"product_cat-petrol-post-driver","8":"product_cat-petrol-tools","9":"product_cat-post-driving-breaking","11":"first","12":"instock","13":"shipping-taxable","14":"product-type-simple"},"yoast_head":"<!-- This site is optimized with the Yoast SEO plugin v27.5 - https:\/\/yoast.com\/product\/yoast-seo-wordpress\/ -->\n<title>BYCON DPD-100N Professional Petrol Post Driver 60mm - BYCON Europe<\/title>\n<meta name=\"robots\" content=\"index, follow, max-snippet:-1, max-image-preview:large, max-video-preview:-1\" \/>\n<link rel=\"canonical\" href=\"https:\/\/bycon-europe.com\/fr\/product\/pilier-dpd-100n-professionnel-a-essence-60-mm-ideal-pour-les-tentes-de-festival\/\" \/>\n<meta property=\"og:locale\" content=\"fr_FR\" \/>\n<meta property=\"og:type\" content=\"article\" \/>\n<meta property=\"og:title\" content=\"BYCON DPD-100N Professional Petrol Post Driver 60mm - BYCON Europe\" \/>\n<meta property=\"og:description\" content=\"High Efficiency: Fast and powerful performance for quick and effortless post driving  Durable &amp; Reliable: Heavy-duty gearbox and robust engine mount ensure longevity  Comfortable to Use: 4-way dampened handles reduce vibration for safer and more precise operation  Portable &amp; Lightweight: Comes in a BMC transport case with wheels, weighing only 18.5 kg\" \/>\n<meta property=\"og:url\" content=\"https:\/\/bycon-europe.com\/fr\/product\/pilier-dpd-100n-professionnel-a-essence-60-mm-ideal-pour-les-tentes-de-festival\/\" \/>\n<meta property=\"og:site_name\" content=\"BYCON Europe\" \/>\n<meta property=\"article:modified_time\" content=\"2025-04-03T06:47:43+00:00\" \/>\n<meta property=\"og:image\" content=\"https:\/\/bycon-europe.com\/wp-content\/uploads\/2025\/01\/DPD100N-palenraamer-2.webp\" \/>\n\t<meta property=\"og:image:width\" content=\"700\" \/>\n\t<meta property=\"og:image:height\" content=\"700\" \/>\n\t<meta property=\"og:image:type\" content=\"image\/webp\" \/>\n<meta name=\"twitter:card\" content=\"summary_large_image\" \/>\n<meta name=\"twitter:label1\" content=\"Dur\u00e9e de lecture estim\u00e9e\" \/>\n\t<meta name=\"twitter:data1\" content=\"1 minute\" \/>\n<script type=\"application\/ld+json\" class=\"yoast-schema-graph\">{\"@context\":\"https:\\\/\\\/schema.org\",\"@graph\":[{\"@type\":\"WebPage\",\"@id\":\"https:\\\/\\\/bycon-europe.com\\\/product\\\/bycon-dpd-100n-professional-petrol-post-driver-60mm-ideal-for-festival-tents\\\/\",\"url\":\"https:\\\/\\\/bycon-europe.com\\\/product\\\/bycon-dpd-100n-professional-petrol-post-driver-60mm-ideal-for-festival-tents\\\/\",\"name\":\"BYCON DPD-100N Professional Petrol Post Driver 60mm - BYCON Europe\",\"isPartOf\":{\"@id\":\"https:\\\/\\\/bycon-europe.com\\\/#website\"},\"primaryImageOfPage\":{\"@id\":\"https:\\\/\\\/bycon-europe.com\\\/product\\\/bycon-dpd-100n-professional-petrol-post-driver-60mm-ideal-for-festival-tents\\\/#primaryimage\"},\"image\":{\"@id\":\"https:\\\/\\\/bycon-europe.com\\\/product\\\/bycon-dpd-100n-professional-petrol-post-driver-60mm-ideal-for-festival-tents\\\/#primaryimage\"},\"thumbnailUrl\":\"https:\\\/\\\/bycon-europe.com\\\/wp-content\\\/uploads\\\/2025\\\/01\\\/DPD100N-palenraamer-2.webp\",\"datePublished\":\"2025-01-17T12:45:47+00:00\",\"dateModified\":\"2025-04-03T06:47:43+00:00\",\"breadcrumb\":{\"@id\":\"https:\\\/\\\/bycon-europe.com\\\/product\\\/bycon-dpd-100n-professional-petrol-post-driver-60mm-ideal-for-festival-tents\\\/#breadcrumb\"},\"inLanguage\":\"fr-FR\",\"potentialAction\":[{\"@type\":\"ReadAction\",\"target\":[\"https:\\\/\\\/bycon-europe.com\\\/product\\\/bycon-dpd-100n-professional-petrol-post-driver-60mm-ideal-for-festival-tents\\\/\"]}]},{\"@type\":\"ImageObject\",\"inLanguage\":\"fr-FR\",\"@id\":\"https:\\\/\\\/bycon-europe.com\\\/product\\\/bycon-dpd-100n-professional-petrol-post-driver-60mm-ideal-for-festival-tents\\\/#primaryimage\",\"url\":\"https:\\\/\\\/bycon-europe.com\\\/wp-content\\\/uploads\\\/2025\\\/01\\\/DPD100N-palenraamer-2.webp\",\"contentUrl\":\"https:\\\/\\\/bycon-europe.com\\\/wp-content\\\/uploads\\\/2025\\\/01\\\/DPD100N-palenraamer-2.webp\",\"width\":700,\"height\":700},{\"@type\":\"BreadcrumbList\",\"@id\":\"https:\\\/\\\/bycon-europe.com\\\/product\\\/bycon-dpd-100n-professional-petrol-post-driver-60mm-ideal-for-festival-tents\\\/#breadcrumb\",\"itemListElement\":[{\"@type\":\"ListItem\",\"position\":1,\"name\":\"Home\",\"item\":\"https:\\\/\\\/bycon-europe.com\\\/\"},{\"@type\":\"ListItem\",\"position\":2,\"name\":\"Shop\",\"item\":\"https:\\\/\\\/bycon-europe.com\\\/shop\\\/\"},{\"@type\":\"ListItem\",\"position\":3,\"name\":\"BYCON DPD-100N Professional Petrol Post Driver 60mm\"}]},{\"@type\":\"WebSite\",\"@id\":\"https:\\\/\\\/bycon-europe.com\\\/#website\",\"url\":\"https:\\\/\\\/bycon-europe.com\\\/\",\"name\":\"BYCON Europe\",\"description\":\"\",\"publisher\":{\"@id\":\"https:\\\/\\\/bycon-europe.com\\\/#organization\"},\"potentialAction\":[{\"@type\":\"SearchAction\",\"target\":{\"@type\":\"EntryPoint\",\"urlTemplate\":\"https:\\\/\\\/bycon-europe.com\\\/?s={search_term_string}\"},\"query-input\":{\"@type\":\"PropertyValueSpecification\",\"valueRequired\":true,\"valueName\":\"search_term_string\"}}],\"inLanguage\":\"fr-FR\"},{\"@type\":\"Organization\",\"@id\":\"https:\\\/\\\/bycon-europe.com\\\/#organization\",\"name\":\"BYCON Europe\",\"url\":\"https:\\\/\\\/bycon-europe.com\\\/\",\"logo\":{\"@type\":\"ImageObject\",\"inLanguage\":\"fr-FR\",\"@id\":\"https:\\\/\\\/bycon-europe.com\\\/#\\\/schema\\\/logo\\\/image\\\/\",\"url\":\"https:\\\/\\\/bycon-europe.com\\\/wp-content\\\/uploads\\\/2025\\\/12\\\/logo-Bewerkt.png\",\"contentUrl\":\"https:\\\/\\\/bycon-europe.com\\\/wp-content\\\/uploads\\\/2025\\\/12\\\/logo-Bewerkt.png\",\"width\":765,\"height\":200,\"caption\":\"BYCON Europe\"},\"image\":{\"@id\":\"https:\\\/\\\/bycon-europe.com\\\/#\\\/schema\\\/logo\\\/image\\\/\"}}]}<\/script>\n<!-- \/ Yoast SEO plugin. -->","yoast_head_json":{"title":"BYCON DPD-100N Martelet professionnel \u00e0 essence 60mm - BYCON Europe","robots":{"index":"index","follow":"follow","max-snippet":"max-snippet:-1","max-image-preview":"max-image-preview:large","max-video-preview":"max-video-preview:-1"},"canonical":"https:\/\/bycon-europe.com\/fr\/product\/pilier-dpd-100n-professionnel-a-essence-60-mm-ideal-pour-les-tentes-de-festival\/","og_locale":"fr_FR","og_type":"article","og_title":"BYCON DPD-100N Professional Petrol Post Driver 60mm - BYCON Europe","og_description":"High Efficiency: Fast and powerful performance for quick and effortless post driving  Durable &amp; Reliable: Heavy-duty gearbox and robust engine mount ensure longevity  Comfortable to Use: 4-way dampened handles reduce vibration for safer and more precise operation  Portable &amp; Lightweight: Comes in a BMC transport case with wheels, weighing only 18.5 kg","og_url":"https:\/\/bycon-europe.com\/fr\/product\/pilier-dpd-100n-professionnel-a-essence-60-mm-ideal-pour-les-tentes-de-festival\/","og_site_name":"BYCON Europe","article_modified_time":"2025-04-03T06:47:43+00:00","og_image":[{"width":700,"height":700,"url":"https:\/\/bycon-europe.com\/wp-content\/uploads\/2025\/01\/DPD100N-palenraamer-2.webp","type":"image\/webp"}],"twitter_card":"summary_large_image","twitter_misc":{"Dur\u00e9e de lecture estim\u00e9e":"1 minute"},"schema":{"@context":"https:\/\/schema.org","@graph":[{"@type":"WebPage","@id":"https:\/\/bycon-europe.com\/product\/bycon-dpd-100n-professional-petrol-post-driver-60mm-ideal-for-festival-tents\/","url":"https:\/\/bycon-europe.com\/product\/bycon-dpd-100n-professional-petrol-post-driver-60mm-ideal-for-festival-tents\/","name":"BYCON DPD-100N Martelet professionnel \u00e0 essence 60mm - BYCON Europe","isPartOf":{"@id":"https:\/\/bycon-europe.com\/#website"},"primaryImageOfPage":{"@id":"https:\/\/bycon-europe.com\/product\/bycon-dpd-100n-professional-petrol-post-driver-60mm-ideal-for-festival-tents\/#primaryimage"},"image":{"@id":"https:\/\/bycon-europe.com\/product\/bycon-dpd-100n-professional-petrol-post-driver-60mm-ideal-for-festival-tents\/#primaryimage"},"thumbnailUrl":"https:\/\/bycon-europe.com\/wp-content\/uploads\/2025\/01\/DPD100N-palenraamer-2.webp","datePublished":"2025-01-17T12:45:47+00:00","dateModified":"2025-04-03T06:47:43+00:00","breadcrumb":{"@id":"https:\/\/bycon-europe.com\/product\/bycon-dpd-100n-professional-petrol-post-driver-60mm-ideal-for-festival-tents\/#breadcrumb"},"inLanguage":"fr-FR","potentialAction":[{"@type":"ReadAction","target":["https:\/\/bycon-europe.com\/product\/bycon-dpd-100n-professional-petrol-post-driver-60mm-ideal-for-festival-tents\/"]}]},{"@type":"ImageObject","inLanguage":"fr-FR","@id":"https:\/\/bycon-europe.com\/product\/bycon-dpd-100n-professional-petrol-post-driver-60mm-ideal-for-festival-tents\/#primaryimage","url":"https:\/\/bycon-europe.com\/wp-content\/uploads\/2025\/01\/DPD100N-palenraamer-2.webp","contentUrl":"https:\/\/bycon-europe.com\/wp-content\/uploads\/2025\/01\/DPD100N-palenraamer-2.webp","width":700,"height":700},{"@type":"BreadcrumbList","@id":"https:\/\/bycon-europe.com\/product\/bycon-dpd-100n-professional-petrol-post-driver-60mm-ideal-for-festival-tents\/#breadcrumb","itemListElement":[{"@type":"ListItem","position":1,"name":"Home","item":"https:\/\/bycon-europe.com\/"},{"@type":"ListItem","position":2,"name":"Shop","item":"https:\/\/bycon-europe.com\/shop\/"},{"@type":"ListItem","position":3,"name":"BYCON DPD-100N Professional Petrol Post Driver 60mm"}]},{"@type":"WebSite","@id":"https:\/\/bycon-europe.com\/#website","url":"https:\/\/bycon-europe.com\/","name":"BYCON Europe","description":"","publisher":{"@id":"https:\/\/bycon-europe.com\/#organization"},"potentialAction":[{"@type":"SearchAction","target":{"@type":"EntryPoint","urlTemplate":"https:\/\/bycon-europe.com\/?s={search_term_string}"},"query-input":{"@type":"PropertyValueSpecification","valueRequired":true,"valueName":"search_term_string"}}],"inLanguage":"fr-FR"},{"@type":"Organization","@id":"https:\/\/bycon-europe.com\/#organization","name":"BYCON Europe","url":"https:\/\/bycon-europe.com\/","logo":{"@type":"ImageObject","inLanguage":"fr-FR","@id":"https:\/\/bycon-europe.com\/#\/schema\/logo\/image\/","url":"https:\/\/bycon-europe.com\/wp-content\/uploads\/2025\/12\/logo-Bewerkt.png","contentUrl":"https:\/\/bycon-europe.com\/wp-content\/uploads\/2025\/12\/logo-Bewerkt.png","width":765,"height":200,"caption":"BYCON Europe"},"image":{"@id":"https:\/\/bycon-europe.com\/#\/schema\/logo\/image\/"}}]}},"_links":{"self":[{"href":"https:\/\/bycon-europe.com\/fr\/wp-json\/wp\/v2\/product\/443","targetHints":{"allow":["GET"]}}],"collection":[{"href":"https:\/\/bycon-europe.com\/fr\/wp-json\/wp\/v2\/product"}],"about":[{"href":"https:\/\/bycon-europe.com\/fr\/wp-json\/wp\/v2\/types\/product"}],"replies":[{"embeddable":true,"href":"https:\/\/bycon-europe.com\/fr\/wp-json\/wp\/v2\/comments?post=443"}],"wp:featuredmedia":[{"embeddable":true,"href":"https:\/\/bycon-europe.com\/fr\/wp-json\/wp\/v2\/media\/450"}],"wp:attachment":[{"href":"https:\/\/bycon-europe.com\/fr\/wp-json\/wp\/v2\/media?parent=443"}],"wp:term":[{"taxonomy":"product_brand","embeddable":true,"href":"https:\/\/bycon-europe.com\/fr\/wp-json\/wp\/v2\/product_brand?post=443"},{"taxonomy":"product_cat","embeddable":true,"href":"https:\/\/bycon-europe.com\/fr\/wp-json\/wp\/v2\/product_cat?post=443"},{"taxonomy":"product_tag","embeddable":true,"href":"https:\/\/bycon-europe.com\/fr\/wp-json\/wp\/v2\/product_tag?post=443"}],"curies":[{"name":"wp","href":"https:\/\/api.w.org\/{rel}","templated":true}]}}