{"id":506,"date":"2025-01-17T15:08:16","date_gmt":"2025-01-17T15:08:16","guid":{"rendered":"https:\/\/bycon-europe.com\/?post_type=product&#038;p=506"},"modified":"2025-04-03T06:46:30","modified_gmt":"2025-04-03T06:46:30","slug":"extracteur-de-poussiere-bycon-ivc-2000-cyclone-hepa-2400w-230v-filtre-h13","status":"publish","type":"product","link":"https:\/\/bycon-europe.com\/fr\/product\/bycon-ivc-2000-cyclone-hepa-dust-extractor-2400w-230v-h13-filter\/","title":{"rendered":"Extracteur de poussi\u00e8re BYCON IVC-2000 Cyclone HEPA 2400W \u2013 230V \u2013 Filtre H13"},"content":{"rendered":"<h2 data-pm-slice=\"1 1 []\"><strong>Extracteur de poussi\u00e8re HEPA Cyclone professionnel pour applications lourdes<\/strong><\/h2>\n<p data-pm-slice=\"1 1 []\">L'extracteur de poussi\u00e8re BYCON IVC-2000 HEPA Cyclone est un syst\u00e8me d'aspiration industriel haute performance con\u00e7u pour l'extraction \u00e0 la source avec des meuleuses diamant\u00e9es et la collecte de poussi\u00e8res dangereuses. Dot\u00e9e d'un puissant syst\u00e8me \u00e0 double moteur de 2400W, cette unit\u00e9 est conforme \u00e0 l'OSHA et certifi\u00e9e HEPA H13, capable de capturer 99,99% des particules aussi petites que 0,3 \u03bcm.<\/p>\n<ul data-spread=\"false\">\n<li><strong>Optimis\u00e9 pour un usage professionnel :<\/strong> Convient pour l'\u00e9limination de poussi\u00e8res de b\u00e9ton, le nettoyage industriel et le confinement de mati\u00e8res dangereuses<\/li>\n<li><strong>S\u00e9paration de poussi\u00e8re \u00e0 haute capacit\u00e9 :<\/strong> Une action cyclonique efficace r\u00e9duit le colmatage du filtre, maintenant ainsi un flux d'air constant<\/li>\n<li><strong>Nettoyage par Jet-Pulse \u00e0 Air Invers\u00e9 :<\/strong> Nettoie efficacement les filtres sans avoir besoin d'ouvrir l'aspirateur<\/li>\n<li><strong>Con\u00e7u pour la durabilit\u00e9 :<\/strong> Con\u00e7u pour les conditions difficiles de chantier avec des roues anti-traces et un bo\u00eetier en acier renforc\u00e9<\/li>\n<\/ul>\n<p><strong>Syst\u00e8me de Filtration \u00e0 3 \u00c9tapes pour une Efficacit\u00e9 Maximale<\/strong><br \/>\nL'IVC-2000 utilise un processus de filtration en trois \u00e9tapes, garantissant une r\u00e9tention maximale de la poussi\u00e8re et une puret\u00e9 de l'air :<br \/>\n1\ufe0f\u20e3 <strong>S\u00e9paration cyclonique<\/strong> \u2013 Enl\u00e8ve <strong>gros d\u00e9bris et poussi\u00e8re grossi\u00e8re<\/strong>, le d\u00e9posant dans le <strong>Syst\u00e8me de sacs continus<\/strong>.<br \/>\n2\ufe0f\u20e3 <strong>Pr\u00e9filtre conique<\/strong> \u2013 Captures <strong>particules fines<\/strong> avant d'atteindre les filtres HEPA.<br \/>\n3\ufe0f\u20e3 <strong>Filtres HEPA H13<\/strong> \u2013 Test\u00e9s ind\u00e9pendamment, ces filtres <strong>\u00e9liminer 99,99% des particules ultrafines<\/strong> (0,3 \u03bcm et plus).<\/p>\n<p data-pm-slice=\"1 1 []\">\ud83d\udccc <strong>Remarque :<\/strong> Con\u00e7u pour <strong>applications de meulage, de coupe, de burinage et de polissage sans poussi\u00e8re<\/strong>, garantissant la conformit\u00e9 avec <strong>normes de s\u00e9curit\u00e9 et de qualit\u00e9 de l'air<\/strong>.<\/p>\n<p><strong>Qu'est-ce qui est inclus ?<\/strong><\/p>\n<ul data-spread=\"false\">\n<li>Extracteur de poussi\u00e8re BYCON IVC-2000 HEPA Cyclone 2400W 230V<\/li>\n<li>2x Filtres HEPA-13<\/li>\n<li>Pr\u00e9-filtre conique en polyester<\/li>\n<li>Syst\u00e8me continu de sacs pour la d\u00e9poussi\u00e9rage<\/li>\n<li><strong>Accessoires :<\/strong>\n<ul data-spread=\"false\">\n<li>Tube d'aspiration en acier inoxydable 2 pi\u00e8ces (\u00d850mm)<\/li>\n<li>7.5M Tuyau d'aspirateur antistatique (\u00d850mm)<\/li>\n<li>Buse pour sols<\/li>\n<li>Manchette en caoutchouc<\/li>\n<li>Adaptateur D70\/50<\/li>\n<\/ul>\n<\/li>\n<\/ul>\n<p><strong>Id\u00e9al pour :<\/strong><br \/>\n\u2705 Extraction de poussi\u00e8res fines et s\u00e8ches dans le b\u00e9ton, l'\u00e9poxy et les rev\u00eatements industriels<br \/>\n\u2705 Meulage, coupe, burinage et polissage sans poussi\u00e8re<br \/>\n\u2705 Nettoyage complet des chantiers et ateliers<br \/>\n\u2705 Augmentation de la capacit\u00e9 de d\u00e9poussi\u00e9rage avec des pr\u00e9-s\u00e9parateurs<\/p>\n<p><strong>Syst\u00e8me de filtre HEPA H13<\/strong><br \/>\nLes filtres \u00e0 air pour particules \u00e0 haute efficacit\u00e9 (HEPA) sont des syst\u00e8mes de filtration d'air haute performance, conformes \u00e0 la norme stricte EN 1822-1. BYCON utilise des filtres HEPA certifi\u00e9s H13, capables de capturer 99,95% des particules comprises entre 0,15 et 0,30 \u00b5m, les tailles de particules les plus difficiles \u00e0 capturer. Chaque filtre est test\u00e9 et certifi\u00e9 individuellement avant la livraison.<\/p>","protected":false},"excerpt":{"rendered":"<ul data-spread=\"false\" data-pm-slice=\"3 3 []\">\n<li><strong>Puissance double moteur :<\/strong> Aspirateur industriel 2400W pour une aspiration haute performance<\/li>\n<li><strong>Filtration avanc\u00e9e \u00e0 3 \u00e9tapes :<\/strong> S\u00e9paration cyclonique, pr\u00e9-filtre et double filtre HEPA H13<\/li>\n<li><strong>Syst\u00e8me de nettoyage par jet puls\u00e9 :<\/strong> Assure une dur\u00e9e de vie plus longue du filtre et une puissance d'aspiration constante<\/li>\n<li><strong>Syst\u00e8me d'ensachage continu\u00a0:<\/strong> Permet une \u00e9limination sans poussi\u00e8re et maintient la qualit\u00e9 de l'air<\/li>\n<li><strong>Efficacit\u00e9 de qualit\u00e9 industrielle :<\/strong> Id\u00e9al pour les meuleuses diamant\u00e9es, l'extraction de poussi\u00e8res dangereuses et les poussi\u00e8res fines de b\u00e9ton<\/li>\n<\/ul>","protected":false},"featured_media":512,"comment_status":"open","ping_status":"closed","template":"","meta":[],"product_brand":[],"product_cat":[18,49,50],"product_tag":[],"class_list":{"0":"post-506","1":"product","2":"type-product","3":"status-publish","4":"has-post-thumbnail","6":"product_cat-accessories","7":"product_cat-dust-management-extraction","8":"product_cat-industrial-vacuum-cleaner","10":"first","11":"instock","12":"shipping-taxable","13":"product-type-simple"},"yoast_head":"<!-- This site is optimized with the Yoast SEO plugin v27.5 - https:\/\/yoast.com\/product\/yoast-seo-wordpress\/ -->\n<title>BYCON IVC-2000 Cyclone HEPA Dust Extractor 2400W \u2013 230V \u2013 H13 Filter - BYCON Europe<\/title>\n<meta name=\"robots\" content=\"index, follow, max-snippet:-1, max-image-preview:large, max-video-preview:-1\" \/>\n<link rel=\"canonical\" href=\"https:\/\/bycon-europe.com\/fr\/product\/extracteur-de-poussiere-bycon-ivc-2000-cyclone-hepa-2400w-230v-filtre-h13\/\" \/>\n<meta property=\"og:locale\" content=\"fr_FR\" \/>\n<meta property=\"og:type\" content=\"article\" \/>\n<meta property=\"og:title\" content=\"BYCON IVC-2000 Cyclone HEPA Dust Extractor 2400W \u2013 230V \u2013 H13 Filter - BYCON Europe\" \/>\n<meta property=\"og:description\" content=\"Dual-Motor Power: 2400W industrial-grade dust extractor for high-performance suction  Advanced 3-Stage Filtration: Cyclonic separation, pre-filter, and dual HEPA H13 filters  Jet-Pulse Cleaning System: Ensures longer filter lifespan and consistent suction power  Continuous Bagging System: Enables dust-free disposal and maintains air quality  Industrial-Grade Efficiency: Ideal for diamond grinders, hazardous dust extraction, and fine concrete dust\" \/>\n<meta property=\"og:url\" content=\"https:\/\/bycon-europe.com\/fr\/product\/extracteur-de-poussiere-bycon-ivc-2000-cyclone-hepa-2400w-230v-filtre-h13\/\" \/>\n<meta property=\"og:site_name\" content=\"BYCON Europe\" \/>\n<meta property=\"article:modified_time\" content=\"2025-04-03T06:46:30+00:00\" \/>\n<meta property=\"og:image\" content=\"https:\/\/bycon-europe.com\/wp-content\/uploads\/2025\/01\/IVC2000-4.jpg\" \/>\n\t<meta property=\"og:image:width\" content=\"700\" \/>\n\t<meta property=\"og:image:height\" content=\"700\" \/>\n\t<meta property=\"og:image:type\" content=\"image\/jpeg\" \/>\n<meta name=\"twitter:card\" content=\"summary_large_image\" \/>\n<meta name=\"twitter:label1\" content=\"Dur\u00e9e de lecture estim\u00e9e\" \/>\n\t<meta name=\"twitter:data1\" content=\"2 minutes\" \/>\n<script type=\"application\/ld+json\" class=\"yoast-schema-graph\">{\"@context\":\"https:\\\/\\\/schema.org\",\"@graph\":[{\"@type\":\"WebPage\",\"@id\":\"https:\\\/\\\/bycon-europe.com\\\/product\\\/bycon-ivc-2000-cyclone-hepa-dust-extractor-2400w-230v-h13-filter\\\/\",\"url\":\"https:\\\/\\\/bycon-europe.com\\\/product\\\/bycon-ivc-2000-cyclone-hepa-dust-extractor-2400w-230v-h13-filter\\\/\",\"name\":\"BYCON IVC-2000 Cyclone HEPA Dust Extractor 2400W \u2013 230V \u2013 H13 Filter - BYCON Europe\",\"isPartOf\":{\"@id\":\"https:\\\/\\\/bycon-europe.com\\\/#website\"},\"primaryImageOfPage\":{\"@id\":\"https:\\\/\\\/bycon-europe.com\\\/product\\\/bycon-ivc-2000-cyclone-hepa-dust-extractor-2400w-230v-h13-filter\\\/#primaryimage\"},\"image\":{\"@id\":\"https:\\\/\\\/bycon-europe.com\\\/product\\\/bycon-ivc-2000-cyclone-hepa-dust-extractor-2400w-230v-h13-filter\\\/#primaryimage\"},\"thumbnailUrl\":\"https:\\\/\\\/bycon-europe.com\\\/wp-content\\\/uploads\\\/2025\\\/01\\\/IVC2000-4.jpg\",\"datePublished\":\"2025-01-17T15:08:16+00:00\",\"dateModified\":\"2025-04-03T06:46:30+00:00\",\"breadcrumb\":{\"@id\":\"https:\\\/\\\/bycon-europe.com\\\/product\\\/bycon-ivc-2000-cyclone-hepa-dust-extractor-2400w-230v-h13-filter\\\/#breadcrumb\"},\"inLanguage\":\"fr-FR\",\"potentialAction\":[{\"@type\":\"ReadAction\",\"target\":[\"https:\\\/\\\/bycon-europe.com\\\/product\\\/bycon-ivc-2000-cyclone-hepa-dust-extractor-2400w-230v-h13-filter\\\/\"]}]},{\"@type\":\"ImageObject\",\"inLanguage\":\"fr-FR\",\"@id\":\"https:\\\/\\\/bycon-europe.com\\\/product\\\/bycon-ivc-2000-cyclone-hepa-dust-extractor-2400w-230v-h13-filter\\\/#primaryimage\",\"url\":\"https:\\\/\\\/bycon-europe.com\\\/wp-content\\\/uploads\\\/2025\\\/01\\\/IVC2000-4.jpg\",\"contentUrl\":\"https:\\\/\\\/bycon-europe.com\\\/wp-content\\\/uploads\\\/2025\\\/01\\\/IVC2000-4.jpg\",\"width\":700,\"height\":700},{\"@type\":\"BreadcrumbList\",\"@id\":\"https:\\\/\\\/bycon-europe.com\\\/product\\\/bycon-ivc-2000-cyclone-hepa-dust-extractor-2400w-230v-h13-filter\\\/#breadcrumb\",\"itemListElement\":[{\"@type\":\"ListItem\",\"position\":1,\"name\":\"Home\",\"item\":\"https:\\\/\\\/bycon-europe.com\\\/\"},{\"@type\":\"ListItem\",\"position\":2,\"name\":\"Shop\",\"item\":\"https:\\\/\\\/bycon-europe.com\\\/shop\\\/\"},{\"@type\":\"ListItem\",\"position\":3,\"name\":\"BYCON IVC-2000 Cyclone HEPA Dust Extractor 2400W \u2013 230V \u2013 H13 Filter\"}]},{\"@type\":\"WebSite\",\"@id\":\"https:\\\/\\\/bycon-europe.com\\\/#website\",\"url\":\"https:\\\/\\\/bycon-europe.com\\\/\",\"name\":\"BYCON Europe\",\"description\":\"\",\"publisher\":{\"@id\":\"https:\\\/\\\/bycon-europe.com\\\/#organization\"},\"potentialAction\":[{\"@type\":\"SearchAction\",\"target\":{\"@type\":\"EntryPoint\",\"urlTemplate\":\"https:\\\/\\\/bycon-europe.com\\\/?s={search_term_string}\"},\"query-input\":{\"@type\":\"PropertyValueSpecification\",\"valueRequired\":true,\"valueName\":\"search_term_string\"}}],\"inLanguage\":\"fr-FR\"},{\"@type\":\"Organization\",\"@id\":\"https:\\\/\\\/bycon-europe.com\\\/#organization\",\"name\":\"BYCON Europe\",\"url\":\"https:\\\/\\\/bycon-europe.com\\\/\",\"logo\":{\"@type\":\"ImageObject\",\"inLanguage\":\"fr-FR\",\"@id\":\"https:\\\/\\\/bycon-europe.com\\\/#\\\/schema\\\/logo\\\/image\\\/\",\"url\":\"https:\\\/\\\/bycon-europe.com\\\/wp-content\\\/uploads\\\/2025\\\/12\\\/logo-Bewerkt.png\",\"contentUrl\":\"https:\\\/\\\/bycon-europe.com\\\/wp-content\\\/uploads\\\/2025\\\/12\\\/logo-Bewerkt.png\",\"width\":765,\"height\":200,\"caption\":\"BYCON Europe\"},\"image\":{\"@id\":\"https:\\\/\\\/bycon-europe.com\\\/#\\\/schema\\\/logo\\\/image\\\/\"}}]}<\/script>\n<!-- \/ Yoast SEO plugin. -->","yoast_head_json":{"title":"BYCON IVC-2000 Extracteur de poussi\u00e8re Cyclone HEPA 2400W \u2013 230V \u2013 Filtre H13 - BYCON Europe","robots":{"index":"index","follow":"follow","max-snippet":"max-snippet:-1","max-image-preview":"max-image-preview:large","max-video-preview":"max-video-preview:-1"},"canonical":"https:\/\/bycon-europe.com\/fr\/product\/extracteur-de-poussiere-bycon-ivc-2000-cyclone-hepa-2400w-230v-filtre-h13\/","og_locale":"fr_FR","og_type":"article","og_title":"BYCON IVC-2000 Cyclone HEPA Dust Extractor 2400W \u2013 230V \u2013 H13 Filter - BYCON Europe","og_description":"Dual-Motor Power: 2400W industrial-grade dust extractor for high-performance suction  Advanced 3-Stage Filtration: Cyclonic separation, pre-filter, and dual HEPA H13 filters  Jet-Pulse Cleaning System: Ensures longer filter lifespan and consistent suction power  Continuous Bagging System: Enables dust-free disposal and maintains air quality  Industrial-Grade Efficiency: Ideal for diamond grinders, hazardous dust extraction, and fine concrete dust","og_url":"https:\/\/bycon-europe.com\/fr\/product\/extracteur-de-poussiere-bycon-ivc-2000-cyclone-hepa-2400w-230v-filtre-h13\/","og_site_name":"BYCON Europe","article_modified_time":"2025-04-03T06:46:30+00:00","og_image":[{"width":700,"height":700,"url":"https:\/\/bycon-europe.com\/wp-content\/uploads\/2025\/01\/IVC2000-4.jpg","type":"image\/jpeg"}],"twitter_card":"summary_large_image","twitter_misc":{"Dur\u00e9e de lecture estim\u00e9e":"2 minutes"},"schema":{"@context":"https:\/\/schema.org","@graph":[{"@type":"WebPage","@id":"https:\/\/bycon-europe.com\/product\/bycon-ivc-2000-cyclone-hepa-dust-extractor-2400w-230v-h13-filter\/","url":"https:\/\/bycon-europe.com\/product\/bycon-ivc-2000-cyclone-hepa-dust-extractor-2400w-230v-h13-filter\/","name":"BYCON IVC-2000 Extracteur de poussi\u00e8re Cyclone HEPA 2400W \u2013 230V \u2013 Filtre H13 - BYCON Europe","isPartOf":{"@id":"https:\/\/bycon-europe.com\/#website"},"primaryImageOfPage":{"@id":"https:\/\/bycon-europe.com\/product\/bycon-ivc-2000-cyclone-hepa-dust-extractor-2400w-230v-h13-filter\/#primaryimage"},"image":{"@id":"https:\/\/bycon-europe.com\/product\/bycon-ivc-2000-cyclone-hepa-dust-extractor-2400w-230v-h13-filter\/#primaryimage"},"thumbnailUrl":"https:\/\/bycon-europe.com\/wp-content\/uploads\/2025\/01\/IVC2000-4.jpg","datePublished":"2025-01-17T15:08:16+00:00","dateModified":"2025-04-03T06:46:30+00:00","breadcrumb":{"@id":"https:\/\/bycon-europe.com\/product\/bycon-ivc-2000-cyclone-hepa-dust-extractor-2400w-230v-h13-filter\/#breadcrumb"},"inLanguage":"fr-FR","potentialAction":[{"@type":"ReadAction","target":["https:\/\/bycon-europe.com\/product\/bycon-ivc-2000-cyclone-hepa-dust-extractor-2400w-230v-h13-filter\/"]}]},{"@type":"ImageObject","inLanguage":"fr-FR","@id":"https:\/\/bycon-europe.com\/product\/bycon-ivc-2000-cyclone-hepa-dust-extractor-2400w-230v-h13-filter\/#primaryimage","url":"https:\/\/bycon-europe.com\/wp-content\/uploads\/2025\/01\/IVC2000-4.jpg","contentUrl":"https:\/\/bycon-europe.com\/wp-content\/uploads\/2025\/01\/IVC2000-4.jpg","width":700,"height":700},{"@type":"BreadcrumbList","@id":"https:\/\/bycon-europe.com\/product\/bycon-ivc-2000-cyclone-hepa-dust-extractor-2400w-230v-h13-filter\/#breadcrumb","itemListElement":[{"@type":"ListItem","position":1,"name":"Home","item":"https:\/\/bycon-europe.com\/"},{"@type":"ListItem","position":2,"name":"Shop","item":"https:\/\/bycon-europe.com\/shop\/"},{"@type":"ListItem","position":3,"name":"BYCON IVC-2000 Cyclone HEPA Dust Extractor 2400W \u2013 230V \u2013 H13 Filter"}]},{"@type":"WebSite","@id":"https:\/\/bycon-europe.com\/#website","url":"https:\/\/bycon-europe.com\/","name":"BYCON Europe","description":"","publisher":{"@id":"https:\/\/bycon-europe.com\/#organization"},"potentialAction":[{"@type":"SearchAction","target":{"@type":"EntryPoint","urlTemplate":"https:\/\/bycon-europe.com\/?s={search_term_string}"},"query-input":{"@type":"PropertyValueSpecification","valueRequired":true,"valueName":"search_term_string"}}],"inLanguage":"fr-FR"},{"@type":"Organization","@id":"https:\/\/bycon-europe.com\/#organization","name":"BYCON Europe","url":"https:\/\/bycon-europe.com\/","logo":{"@type":"ImageObject","inLanguage":"fr-FR","@id":"https:\/\/bycon-europe.com\/#\/schema\/logo\/image\/","url":"https:\/\/bycon-europe.com\/wp-content\/uploads\/2025\/12\/logo-Bewerkt.png","contentUrl":"https:\/\/bycon-europe.com\/wp-content\/uploads\/2025\/12\/logo-Bewerkt.png","width":765,"height":200,"caption":"BYCON Europe"},"image":{"@id":"https:\/\/bycon-europe.com\/#\/schema\/logo\/image\/"}}]}},"_links":{"self":[{"href":"https:\/\/bycon-europe.com\/fr\/wp-json\/wp\/v2\/product\/506","targetHints":{"allow":["GET"]}}],"collection":[{"href":"https:\/\/bycon-europe.com\/fr\/wp-json\/wp\/v2\/product"}],"about":[{"href":"https:\/\/bycon-europe.com\/fr\/wp-json\/wp\/v2\/types\/product"}],"replies":[{"embeddable":true,"href":"https:\/\/bycon-europe.com\/fr\/wp-json\/wp\/v2\/comments?post=506"}],"wp:featuredmedia":[{"embeddable":true,"href":"https:\/\/bycon-europe.com\/fr\/wp-json\/wp\/v2\/media\/512"}],"wp:attachment":[{"href":"https:\/\/bycon-europe.com\/fr\/wp-json\/wp\/v2\/media?parent=506"}],"wp:term":[{"taxonomy":"product_brand","embeddable":true,"href":"https:\/\/bycon-europe.com\/fr\/wp-json\/wp\/v2\/product_brand?post=506"},{"taxonomy":"product_cat","embeddable":true,"href":"https:\/\/bycon-europe.com\/fr\/wp-json\/wp\/v2\/product_cat?post=506"},{"taxonomy":"product_tag","embeddable":true,"href":"https:\/\/bycon-europe.com\/fr\/wp-json\/wp\/v2\/product_tag?post=506"}],"curies":[{"name":"wp","href":"https:\/\/api.w.org\/{rel}","templated":true}]}}