{"id":810,"date":"2025-04-03T06:23:25","date_gmt":"2025-04-03T06:23:25","guid":{"rendered":"https:\/\/bycon-europe.com\/?post_type=product&#038;p=810"},"modified":"2025-04-03T06:45:42","modified_gmt":"2025-04-03T06:45:42","slug":"meuleuse-par-coque-dfg-300-300-mm-2200-w-humide-sec","status":"publish","type":"product","link":"https:\/\/bycon-europe.com\/fr\/product\/bycon-dfg-300-floor-grinder-300-mm-2200-w-wet-dry\/","title":{"rendered":"BYCON DFG-300 Ponceuse de sol 300 mm 2200 W \u2013 Humide \/ Sec"},"content":{"rendered":"<h2 data-pm-slice=\"1 3 []\"><strong>Meulage efficace pour les surfaces de petite \u00e0 moyenne taille<\/strong><\/h2>\n<p data-pm-slice=\"1 3 []\">La ponceuse de sol BYCON DFG-300 est con\u00e7ue pour le meulage de pr\u00e9cision et la pr\u00e9paration de surface sur les sols en b\u00e9ton. Id\u00e9ale pour \u00e9liminer les rev\u00eatements, la colle, la peinture et l'\u00e9poxy, cette machine polyvalente offre des r\u00e9sultats professionnels dans les applications humides et s\u00e8ches.<\/p>\n<ul data-spread=\"false\">\n<li><strong>Poign\u00e9e r\u00e9glable en hauteur<\/strong> pour un fonctionnement ergonomique<\/li>\n<li><strong>Garnitures en caoutchouc rondes et pour rebords<\/strong> inclus pour une utilisation polyvalente<\/li>\n<li><strong>Jauge de niveau int\u00e9gr\u00e9e<\/strong> pour un alignement pr\u00e9cis<\/li>\n<li><strong>Construction \u00e0 faibles vibrations<\/strong> pour un fonctionnement plus fluide<\/li>\n<li><strong>Facile \u00e0 d\u00e9monter<\/strong> pour un transport et un stockage pratiques<\/li>\n<\/ul>\n<p data-pm-slice=\"1 3 []\">\ud83d\udccc <strong>Remarque :<\/strong> \u00c9quip\u00e9 pour les deux <strong>meulage humide et meulage \u00e0 sec<\/strong> t\u00e2ches. Parfait pour <strong>projets r\u00e9sidentiels et commerciaux<\/strong>.<\/p>\n<p><strong>Qu'est-ce qui est inclus ?<\/strong><\/p>\n<ul data-spread=\"false\">\n<li>1x BYCON DFG-300 Rectifieuse de sol 300 mm 2200 W \u2013 Humide \/ Sec<\/li>\n<\/ul>","protected":false},"excerpt":{"rendered":"<ul data-spread=\"false\" data-pm-slice=\"3 3 []\">\n<li><strong>Performances puissantes :<\/strong> <strong>2200W (3 CV)<\/strong> moteur pour <strong>Enlever la peinture, l'\u00e9poxy et la colle<\/strong><\/li>\n<li><strong>Compact et portable :<\/strong> <strong>Poign\u00e9e pliable<\/strong> et conception l\u00e9g\u00e8re pour un transport facile<\/li>\n<li><strong>Compatible humide et sec :<\/strong> \u00c9quip\u00e9 d'un <strong>raccordement d'eau int\u00e9gr\u00e9<\/strong><\/li>\n<li><strong>Fonctionnalit\u00e9s conviviales<\/strong> Poign\u00e9e r\u00e9glable, fonctionnement \u00e0 faible vibration et indicateur de niveau d'eau<\/li>\n<li><strong>Fr\u00e9quence r\u00e9glable :<\/strong> Performances de broyage optimis\u00e9es avec <strong>vitesse variable 20\u201380 Hz<\/strong><\/li>\n<\/ul>","protected":false},"featured_media":815,"comment_status":"open","ping_status":"closed","template":"","meta":[],"product_brand":[],"product_cat":[15,16,23,22],"product_tag":[],"class_list":{"0":"post-810","1":"product","2":"type-product","3":"status-publish","4":"has-post-thumbnail","6":"product_cat-all-machines","7":"product_cat-construction-machines","8":"product_cat-floor-grinder","9":"product_cat-surface-preparation-cutting","11":"first","12":"instock","13":"shipping-taxable","14":"product-type-simple"},"yoast_head":"<!-- This site is optimized with the Yoast SEO plugin v27.5 - https:\/\/yoast.com\/product\/yoast-seo-wordpress\/ -->\n<title>BYCON DFG-300 Floor Grinder 300 mm 2200 W \u2013 Wet \/ Dry - BYCON Europe<\/title>\n<meta name=\"robots\" content=\"index, follow, max-snippet:-1, max-image-preview:large, max-video-preview:-1\" \/>\n<link rel=\"canonical\" href=\"https:\/\/bycon-europe.com\/fr\/product\/meuleuse-par-coque-dfg-300-300-mm-2200-w-humide-sec\/\" \/>\n<meta property=\"og:locale\" content=\"fr_FR\" \/>\n<meta property=\"og:type\" content=\"article\" \/>\n<meta property=\"og:title\" content=\"BYCON DFG-300 Floor Grinder 300 mm 2200 W \u2013 Wet \/ Dry - BYCON Europe\" \/>\n<meta property=\"og:description\" content=\"Powerful Performance: 2200W (3 HP) motor for removing paint, epoxy, and glue  Compact &amp; Portable: Foldable handle and lightweight design for easy transport  Wet &amp; Dry Compatible: Equipped with a built-in water connection  User-Friendly Features: Adjustable handle, low-vibration operation, and water level indicator  Adjustable Frequency: Optimized grinding performance with 20\u201380 Hz variable speed\" \/>\n<meta property=\"og:url\" content=\"https:\/\/bycon-europe.com\/fr\/product\/meuleuse-par-coque-dfg-300-300-mm-2200-w-humide-sec\/\" \/>\n<meta property=\"og:site_name\" content=\"BYCON Europe\" \/>\n<meta property=\"article:modified_time\" content=\"2025-04-03T06:45:42+00:00\" \/>\n<meta property=\"og:image\" content=\"https:\/\/bycon-europe.com\/wp-content\/uploads\/2025\/04\/Ontwerp-zonder-titel-3.webp\" \/>\n\t<meta property=\"og:image:width\" content=\"700\" \/>\n\t<meta property=\"og:image:height\" content=\"700\" \/>\n\t<meta property=\"og:image:type\" content=\"image\/webp\" \/>\n<meta name=\"twitter:card\" content=\"summary_large_image\" \/>\n<meta name=\"twitter:label1\" content=\"Dur\u00e9e de lecture estim\u00e9e\" \/>\n\t<meta name=\"twitter:data1\" content=\"1 minute\" \/>\n<script type=\"application\/ld+json\" class=\"yoast-schema-graph\">{\"@context\":\"https:\\\/\\\/schema.org\",\"@graph\":[{\"@type\":\"WebPage\",\"@id\":\"https:\\\/\\\/bycon-europe.com\\\/product\\\/bycon-dfg-300-floor-grinder-300-mm-2200-w-wet-dry\\\/\",\"url\":\"https:\\\/\\\/bycon-europe.com\\\/product\\\/bycon-dfg-300-floor-grinder-300-mm-2200-w-wet-dry\\\/\",\"name\":\"BYCON DFG-300 Floor Grinder 300 mm 2200 W \u2013 Wet \\\/ Dry - BYCON Europe\",\"isPartOf\":{\"@id\":\"https:\\\/\\\/bycon-europe.com\\\/#website\"},\"primaryImageOfPage\":{\"@id\":\"https:\\\/\\\/bycon-europe.com\\\/product\\\/bycon-dfg-300-floor-grinder-300-mm-2200-w-wet-dry\\\/#primaryimage\"},\"image\":{\"@id\":\"https:\\\/\\\/bycon-europe.com\\\/product\\\/bycon-dfg-300-floor-grinder-300-mm-2200-w-wet-dry\\\/#primaryimage\"},\"thumbnailUrl\":\"https:\\\/\\\/bycon-europe.com\\\/wp-content\\\/uploads\\\/2025\\\/04\\\/Ontwerp-zonder-titel-3.webp\",\"datePublished\":\"2025-04-03T06:23:25+00:00\",\"dateModified\":\"2025-04-03T06:45:42+00:00\",\"breadcrumb\":{\"@id\":\"https:\\\/\\\/bycon-europe.com\\\/product\\\/bycon-dfg-300-floor-grinder-300-mm-2200-w-wet-dry\\\/#breadcrumb\"},\"inLanguage\":\"fr-FR\",\"potentialAction\":[{\"@type\":\"ReadAction\",\"target\":[\"https:\\\/\\\/bycon-europe.com\\\/product\\\/bycon-dfg-300-floor-grinder-300-mm-2200-w-wet-dry\\\/\"]}]},{\"@type\":\"ImageObject\",\"inLanguage\":\"fr-FR\",\"@id\":\"https:\\\/\\\/bycon-europe.com\\\/product\\\/bycon-dfg-300-floor-grinder-300-mm-2200-w-wet-dry\\\/#primaryimage\",\"url\":\"https:\\\/\\\/bycon-europe.com\\\/wp-content\\\/uploads\\\/2025\\\/04\\\/Ontwerp-zonder-titel-3.webp\",\"contentUrl\":\"https:\\\/\\\/bycon-europe.com\\\/wp-content\\\/uploads\\\/2025\\\/04\\\/Ontwerp-zonder-titel-3.webp\",\"width\":700,\"height\":700,\"caption\":\"BYCON DFG-300 Floor Grinder\"},{\"@type\":\"BreadcrumbList\",\"@id\":\"https:\\\/\\\/bycon-europe.com\\\/product\\\/bycon-dfg-300-floor-grinder-300-mm-2200-w-wet-dry\\\/#breadcrumb\",\"itemListElement\":[{\"@type\":\"ListItem\",\"position\":1,\"name\":\"Home\",\"item\":\"https:\\\/\\\/bycon-europe.com\\\/\"},{\"@type\":\"ListItem\",\"position\":2,\"name\":\"Shop\",\"item\":\"https:\\\/\\\/bycon-europe.com\\\/shop\\\/\"},{\"@type\":\"ListItem\",\"position\":3,\"name\":\"BYCON DFG-300 Floor Grinder 300 mm 2200 W \u2013 Wet \\\/ Dry\"}]},{\"@type\":\"WebSite\",\"@id\":\"https:\\\/\\\/bycon-europe.com\\\/#website\",\"url\":\"https:\\\/\\\/bycon-europe.com\\\/\",\"name\":\"BYCON Europe\",\"description\":\"\",\"publisher\":{\"@id\":\"https:\\\/\\\/bycon-europe.com\\\/#organization\"},\"potentialAction\":[{\"@type\":\"SearchAction\",\"target\":{\"@type\":\"EntryPoint\",\"urlTemplate\":\"https:\\\/\\\/bycon-europe.com\\\/?s={search_term_string}\"},\"query-input\":{\"@type\":\"PropertyValueSpecification\",\"valueRequired\":true,\"valueName\":\"search_term_string\"}}],\"inLanguage\":\"fr-FR\"},{\"@type\":\"Organization\",\"@id\":\"https:\\\/\\\/bycon-europe.com\\\/#organization\",\"name\":\"BYCON Europe\",\"url\":\"https:\\\/\\\/bycon-europe.com\\\/\",\"logo\":{\"@type\":\"ImageObject\",\"inLanguage\":\"fr-FR\",\"@id\":\"https:\\\/\\\/bycon-europe.com\\\/#\\\/schema\\\/logo\\\/image\\\/\",\"url\":\"https:\\\/\\\/bycon-europe.com\\\/wp-content\\\/uploads\\\/2025\\\/12\\\/logo-Bewerkt.png\",\"contentUrl\":\"https:\\\/\\\/bycon-europe.com\\\/wp-content\\\/uploads\\\/2025\\\/12\\\/logo-Bewerkt.png\",\"width\":765,\"height\":200,\"caption\":\"BYCON Europe\"},\"image\":{\"@id\":\"https:\\\/\\\/bycon-europe.com\\\/#\\\/schema\\\/logo\\\/image\\\/\"}}]}<\/script>\n<!-- \/ Yoast SEO plugin. -->","yoast_head_json":{"title":"BYCON DFG-300 Meuleuse de sol 300 mm 2200 W \u2013 Humide \/ Sec - BYCON Europe","robots":{"index":"index","follow":"follow","max-snippet":"max-snippet:-1","max-image-preview":"max-image-preview:large","max-video-preview":"max-video-preview:-1"},"canonical":"https:\/\/bycon-europe.com\/fr\/product\/meuleuse-par-coque-dfg-300-300-mm-2200-w-humide-sec\/","og_locale":"fr_FR","og_type":"article","og_title":"BYCON DFG-300 Floor Grinder 300 mm 2200 W \u2013 Wet \/ Dry - BYCON Europe","og_description":"Powerful Performance: 2200W (3 HP) motor for removing paint, epoxy, and glue  Compact &amp; Portable: Foldable handle and lightweight design for easy transport  Wet &amp; Dry Compatible: Equipped with a built-in water connection  User-Friendly Features: Adjustable handle, low-vibration operation, and water level indicator  Adjustable Frequency: Optimized grinding performance with 20\u201380 Hz variable speed","og_url":"https:\/\/bycon-europe.com\/fr\/product\/meuleuse-par-coque-dfg-300-300-mm-2200-w-humide-sec\/","og_site_name":"BYCON Europe","article_modified_time":"2025-04-03T06:45:42+00:00","og_image":[{"width":700,"height":700,"url":"https:\/\/bycon-europe.com\/wp-content\/uploads\/2025\/04\/Ontwerp-zonder-titel-3.webp","type":"image\/webp"}],"twitter_card":"summary_large_image","twitter_misc":{"Dur\u00e9e de lecture estim\u00e9e":"1 minute"},"schema":{"@context":"https:\/\/schema.org","@graph":[{"@type":"WebPage","@id":"https:\/\/bycon-europe.com\/product\/bycon-dfg-300-floor-grinder-300-mm-2200-w-wet-dry\/","url":"https:\/\/bycon-europe.com\/product\/bycon-dfg-300-floor-grinder-300-mm-2200-w-wet-dry\/","name":"BYCON DFG-300 Meuleuse de sol 300 mm 2200 W \u2013 Humide \/ Sec - BYCON Europe","isPartOf":{"@id":"https:\/\/bycon-europe.com\/#website"},"primaryImageOfPage":{"@id":"https:\/\/bycon-europe.com\/product\/bycon-dfg-300-floor-grinder-300-mm-2200-w-wet-dry\/#primaryimage"},"image":{"@id":"https:\/\/bycon-europe.com\/product\/bycon-dfg-300-floor-grinder-300-mm-2200-w-wet-dry\/#primaryimage"},"thumbnailUrl":"https:\/\/bycon-europe.com\/wp-content\/uploads\/2025\/04\/Ontwerp-zonder-titel-3.webp","datePublished":"2025-04-03T06:23:25+00:00","dateModified":"2025-04-03T06:45:42+00:00","breadcrumb":{"@id":"https:\/\/bycon-europe.com\/product\/bycon-dfg-300-floor-grinder-300-mm-2200-w-wet-dry\/#breadcrumb"},"inLanguage":"fr-FR","potentialAction":[{"@type":"ReadAction","target":["https:\/\/bycon-europe.com\/product\/bycon-dfg-300-floor-grinder-300-mm-2200-w-wet-dry\/"]}]},{"@type":"ImageObject","inLanguage":"fr-FR","@id":"https:\/\/bycon-europe.com\/product\/bycon-dfg-300-floor-grinder-300-mm-2200-w-wet-dry\/#primaryimage","url":"https:\/\/bycon-europe.com\/wp-content\/uploads\/2025\/04\/Ontwerp-zonder-titel-3.webp","contentUrl":"https:\/\/bycon-europe.com\/wp-content\/uploads\/2025\/04\/Ontwerp-zonder-titel-3.webp","width":700,"height":700,"caption":"BYCON DFG-300 Floor Grinder"},{"@type":"BreadcrumbList","@id":"https:\/\/bycon-europe.com\/product\/bycon-dfg-300-floor-grinder-300-mm-2200-w-wet-dry\/#breadcrumb","itemListElement":[{"@type":"ListItem","position":1,"name":"Home","item":"https:\/\/bycon-europe.com\/"},{"@type":"ListItem","position":2,"name":"Shop","item":"https:\/\/bycon-europe.com\/shop\/"},{"@type":"ListItem","position":3,"name":"BYCON DFG-300 Floor Grinder 300 mm 2200 W \u2013 Wet \/ Dry"}]},{"@type":"WebSite","@id":"https:\/\/bycon-europe.com\/#website","url":"https:\/\/bycon-europe.com\/","name":"BYCON Europe","description":"","publisher":{"@id":"https:\/\/bycon-europe.com\/#organization"},"potentialAction":[{"@type":"SearchAction","target":{"@type":"EntryPoint","urlTemplate":"https:\/\/bycon-europe.com\/?s={search_term_string}"},"query-input":{"@type":"PropertyValueSpecification","valueRequired":true,"valueName":"search_term_string"}}],"inLanguage":"fr-FR"},{"@type":"Organization","@id":"https:\/\/bycon-europe.com\/#organization","name":"BYCON Europe","url":"https:\/\/bycon-europe.com\/","logo":{"@type":"ImageObject","inLanguage":"fr-FR","@id":"https:\/\/bycon-europe.com\/#\/schema\/logo\/image\/","url":"https:\/\/bycon-europe.com\/wp-content\/uploads\/2025\/12\/logo-Bewerkt.png","contentUrl":"https:\/\/bycon-europe.com\/wp-content\/uploads\/2025\/12\/logo-Bewerkt.png","width":765,"height":200,"caption":"BYCON Europe"},"image":{"@id":"https:\/\/bycon-europe.com\/#\/schema\/logo\/image\/"}}]}},"_links":{"self":[{"href":"https:\/\/bycon-europe.com\/fr\/wp-json\/wp\/v2\/product\/810","targetHints":{"allow":["GET"]}}],"collection":[{"href":"https:\/\/bycon-europe.com\/fr\/wp-json\/wp\/v2\/product"}],"about":[{"href":"https:\/\/bycon-europe.com\/fr\/wp-json\/wp\/v2\/types\/product"}],"replies":[{"embeddable":true,"href":"https:\/\/bycon-europe.com\/fr\/wp-json\/wp\/v2\/comments?post=810"}],"wp:featuredmedia":[{"embeddable":true,"href":"https:\/\/bycon-europe.com\/fr\/wp-json\/wp\/v2\/media\/815"}],"wp:attachment":[{"href":"https:\/\/bycon-europe.com\/fr\/wp-json\/wp\/v2\/media?parent=810"}],"wp:term":[{"taxonomy":"product_brand","embeddable":true,"href":"https:\/\/bycon-europe.com\/fr\/wp-json\/wp\/v2\/product_brand?post=810"},{"taxonomy":"product_cat","embeddable":true,"href":"https:\/\/bycon-europe.com\/fr\/wp-json\/wp\/v2\/product_cat?post=810"},{"taxonomy":"product_tag","embeddable":true,"href":"https:\/\/bycon-europe.com\/fr\/wp-json\/wp\/v2\/product_tag?post=810"}],"curies":[{"name":"wp","href":"https:\/\/api.w.org\/{rel}","templated":true}]}}