{"id":906,"date":"2025-04-08T11:48:20","date_gmt":"2025-04-08T11:48:20","guid":{"rendered":"https:\/\/bycon-europe.com\/?post_type=product&#038;p=906"},"modified":"2025-07-07T08:55:59","modified_gmt":"2025-07-07T08:55:59","slug":"moteur-de-carotteuse-portative-bycon-dmp-52p","status":"publish","type":"product","link":"https:\/\/bycon-europe.com\/fr\/product\/bycon-dmp-52p-hand-held-core-drill-motor\/","title":{"rendered":"BYCON DMP-52P Moteur de caroteuse portative \u00e0 eau \u2013 1800W \u2013 \u00d852 mm"},"content":{"rendered":"<h2 data-start=\"248\" data-end=\"320\"><strong data-start=\"251\" data-end=\"320\">Moteur de carotteuse portative BYCON DMP-52P \u2013 1800W, \u00d852 mm, utilisation \u00e0 l'eau<\/strong><\/h2>\n<p data-start=\"322\" data-end=\"901\">Le BYCON DMP-52P est un moteur de carottage compact et l\u00e9ger con\u00e7u pour <strong data-start=\"393\" data-end=\"422\">applications de forage humide<\/strong> dans le b\u00e9ton et la ma\u00e7onnerie. D\u00e9livrant 1800W de puissance \u00e0 un r\u00e9gime fixe de 2500 tr\/min, il accepte des diam\u00e8tres de carottage jusqu'\u00e0 \u00d852 mm \u00e0 la main ou \u00d862 mm avec un support de perceuse. Con\u00e7ue pour les professionnels mobiles, la DMP-52P offre des fonctions de s\u00e9curit\u00e9 essentielles, notamment une protection diff\u00e9rentielle PRCD, un d\u00e9marrage progressif et un embrayage de s\u00e9curit\u00e9 m\u00e9canique. Une broche de \u00bd\u2033 BSP la rend compatible avec les couronnes de carottage standard de l'UE, et l'unit\u00e9 est con\u00e7ue pour une utilisation \u00e0 main lev\u00e9e et sur support avec un collier de serrage de 60 mm.<\/p>\n<hr data-start=\"903\" data-end=\"906\" \/>\n<p data-start=\"908\" data-end=\"928\"><strong>Caract\u00e9ristiques cl\u00e9s<\/strong><\/p>\n<ul>\n<li data-start=\"931\" data-end=\"1045\"><strong data-start=\"931\" data-end=\"954\">Moteur compact de 1800W<\/strong>D\u00e9livre un forage humide efficace pour les applications portatives de 52 mm de diam\u00e8tre et sur machine de 62 mm de diam\u00e8tre<\/li>\n<li data-start=\"931\" data-end=\"1045\"><strong data-start=\"1048\" data-end=\"1077\">R\u00e9gulation de vitesse \u00e0 pignon fixe<\/strong>: Simple et stable 2500 tr\/min pour une p\u00e9n\u00e9tration constante du b\u00e9ton<\/li>\n<li data-start=\"931\" data-end=\"1045\"><strong data-start=\"1146\" data-end=\"1162\">Usage humide uniquement<\/strong>Con\u00e7u pour le refroidissement par eau, prolongeant la dur\u00e9e de vie de la m\u00e8che et du moteur<\/li>\n<li data-start=\"931\" data-end=\"1045\"><strong data-start=\"1234\" data-end=\"1255\">Syst\u00e8me de d\u00e9marrage progressif<\/strong>Pr\u00e9vient les surtensions soudaines et augmente la long\u00e9vit\u00e9 du moteur<\/li>\n<li data-start=\"931\" data-end=\"1045\"><strong data-start=\"1321\" data-end=\"1343\">Dispositif de s\u00e9curit\u00e9 PRCD<\/strong>: Protection int\u00e9gr\u00e9e contre les fuites \u00e9lectriques pour un fonctionnement plus s\u00fbr sur le chantier<\/li>\n<li data-start=\"931\" data-end=\"1045\"><strong data-start=\"1416\" data-end=\"1442\">Embrayage \u00e0 friction m\u00e9canique<\/strong>: R\u00e9duit le risque de blessure de l'utilisateur en cas de blocage ou de surcharge du foret<\/li>\n<li data-start=\"931\" data-end=\"1045\"><strong data-start=\"1507\" data-end=\"1534\">Balais de carbone externes<\/strong>Acc\u00e8s de maintenance facile sans ouvrir le bo\u00eetier<\/li>\n<li data-start=\"931\" data-end=\"1045\"><strong data-start=\"1592\" data-end=\"1615\">Indicateur de niveau d'huile<\/strong>: V\u00e9rification visuelle rapide de la lubrification interne<\/li>\n<li data-start=\"931\" data-end=\"1045\"><strong data-start=\"1665\" data-end=\"1683\">Double fonctionnement<\/strong>Per\u00e7age \u00e0 main lev\u00e9e \u00e0 5,6 kg ou mont\u00e9 sur socle via un support de 60 mm<\/li>\n<\/ul>\n<hr data-start=\"1750\" data-end=\"1753\" \/>\n<p data-start=\"1755\" data-end=\"1787\"><strong data-start=\"1759\" data-end=\"1787\">Sp\u00e9cifications techniques<\/strong><\/p>\n<ul>\n<li data-start=\"1790\" data-end=\"1816\"><strong data-start=\"1790\" data-end=\"1806\">Puissance de sortie<\/strong>1800 W<\/li>\n<li data-start=\"1790\" data-end=\"1816\"><strong data-start=\"1819\" data-end=\"1830\">Tension<\/strong>220 V \/ 120 V<\/li>\n<li data-start=\"1790\" data-end=\"1816\"><strong data-start=\"1850\" data-end=\"1861\">Courant<\/strong>9 A \/ 15 A<\/li>\n<li data-start=\"1790\" data-end=\"1816\"><strong data-start=\"1878\" data-end=\"1891\">Fr\u00e9quence<\/strong>50 \/ 60 Hz<\/li>\n<li data-start=\"1790\" data-end=\"1816\"><strong data-start=\"1908\" data-end=\"1925\">Vitesse \u00e0 vide<\/strong>2500 tr\/min<\/li>\n<li data-start=\"1790\" data-end=\"1816\"><strong data-start=\"1940\" data-end=\"1976\">Diam\u00e8tre de per\u00e7age max. (portatif)<\/strong>: \u00d852 mm<\/li>\n<li data-start=\"1790\" data-end=\"1816\"><strong data-start=\"1989\" data-end=\"2027\">Diam\u00e8tre de per\u00e7age maximal (avec support)<\/strong>: \u00d862 mm<\/li>\n<li data-start=\"1790\" data-end=\"1816\"><strong data-start=\"2040\" data-end=\"2058\">Filet de broche<\/strong>\u00bd\u2033 G<\/li>\n<li data-start=\"1790\" data-end=\"1816\"><strong data-start=\"2069\" data-end=\"2083\">Poids net<\/strong>: 5,6 \/ 5,65 kg<\/li>\n<li data-start=\"1790\" data-end=\"1816\"><strong data-start=\"2103\" data-end=\"2129\">Support de perceuse compatible<\/strong>: DSP-162<\/li>\n<li data-start=\"1790\" data-end=\"1816\"><strong data-start=\"2143\" data-end=\"2159\">Taille d'emballage<\/strong>635 \u00d7 460 \u00d7 200 mm<\/li>\n<\/ul>\n<hr data-start=\"2183\" data-end=\"2186\" \/>\n<p data-start=\"2188\" data-end=\"2211\"><strong data-start=\"2192\" data-end=\"2211\">Ce qui est inclus<\/strong><\/p>\n<ul>\n<li data-start=\"2214\" data-end=\"2255\">Moteur de carotteuse BYCON DMP-52P (1800 W)<\/li>\n<li data-start=\"2214\" data-end=\"2255\">Fiche de s\u00e9curit\u00e9 PRCD<\/li>\n<li data-start=\"2214\" data-end=\"2255\">Poign\u00e9e avant r\u00e9glable<\/li>\n<li data-start=\"2214\" data-end=\"2255\">Balais de carbone externes<\/li>\n<li data-start=\"2214\" data-end=\"2255\">Indicateur de niveau d'huile int\u00e9gr\u00e9<\/li>\n<li data-start=\"2214\" data-end=\"2255\">Manuel d'instructions<\/li>\n<\/ul>","protected":false},"excerpt":{"rendered":"<p data-start=\"173\" data-end=\"677\">Le BYCON DMP-52P est un moteur de carotteuse portatif compact de 1800W con\u00e7u pour les professionnels <strong data-start=\"259\" data-end=\"275\">forage humide<\/strong> en b\u00e9ton et ma\u00e7onnerie. Con\u00e7u pour la mobilit\u00e9 et la pr\u00e9cision, il prend en charge des diam\u00e8tres de 52 mm \u00e0 main lev\u00e9e ou de 62 mm avec un support, fonctionnant \u00e0 une vitesse fixe de 2500 tr\/min. \u00c9quip\u00e9 de dispositifs de s\u00e9curit\u00e9 tels qu'une protection diff\u00e9rentielle PRCD, un syst\u00e8me de d\u00e9marrage progressif et un embrayage de s\u00e9curit\u00e9 m\u00e9canique, cet appareil l\u00e9ger (5,6 kg) est id\u00e9al pour les entrepreneurs effectuant des travaux de carottage de petite taille o\u00f9 l'espace, la pr\u00e9cision et des r\u00e9sultats nets sont importants.<\/p>","protected":false},"featured_media":909,"comment_status":"open","ping_status":"closed","template":"","meta":[],"product_brand":[],"product_cat":[16,20,19,65],"product_tag":[],"class_list":{"0":"post-906","1":"product","2":"type-product","3":"status-publish","4":"has-post-thumbnail","6":"product_cat-construction-machines","7":"product_cat-core-drill-motor","8":"product_cat-core-drilling-equipment","9":"product_cat-handheld-core-drills","11":"first","12":"instock","13":"shipping-taxable","14":"product-type-simple"},"yoast_head":"<!-- This site is optimized with the Yoast SEO plugin v27.5 - https:\/\/yoast.com\/product\/yoast-seo-wordpress\/ -->\n<title>BYCON DMP-52P Wet Core Drill \u2013 1800W \u2013 \u00d852 mm - BYCON Europe<\/title>\n<meta name=\"description\" content=\"Compact 1800W wet core drill with PRCD, slip clutch &amp; oil indicator. Drills \u00d852 mm handheld or \u00d862 mm on stand. Lightweight &amp; ideal for professionals.\" \/>\n<meta name=\"robots\" content=\"index, follow, max-snippet:-1, max-image-preview:large, max-video-preview:-1\" \/>\n<link rel=\"canonical\" href=\"https:\/\/bycon-europe.com\/fr\/product\/moteur-de-carotteuse-portative-bycon-dmp-52p\/\" \/>\n<meta property=\"og:locale\" content=\"fr_FR\" \/>\n<meta property=\"og:type\" content=\"article\" \/>\n<meta property=\"og:title\" content=\"BYCON DMP-52P Wet Core Drill \u2013 1800W \u2013 \u00d852 mm - BYCON Europe\" \/>\n<meta property=\"og:description\" content=\"Compact 1800W wet core drill with PRCD, slip clutch &amp; oil indicator. Drills \u00d852 mm handheld or \u00d862 mm on stand. Lightweight &amp; ideal for professionals.\" \/>\n<meta property=\"og:url\" content=\"https:\/\/bycon-europe.com\/fr\/product\/moteur-de-carotteuse-portative-bycon-dmp-52p\/\" \/>\n<meta property=\"og:site_name\" content=\"BYCON Europe\" \/>\n<meta property=\"article:modified_time\" content=\"2025-07-07T08:55:59+00:00\" \/>\n<meta property=\"og:image\" content=\"https:\/\/bycon-europe.com\/wp-content\/uploads\/2025\/04\/DMP-52P.png\" \/>\n\t<meta property=\"og:image:width\" content=\"700\" \/>\n\t<meta property=\"og:image:height\" content=\"700\" \/>\n\t<meta property=\"og:image:type\" content=\"image\/png\" \/>\n<meta name=\"twitter:card\" content=\"summary_large_image\" \/>\n<meta name=\"twitter:label1\" content=\"Dur\u00e9e de lecture estim\u00e9e\" \/>\n\t<meta name=\"twitter:data1\" content=\"2 minutes\" \/>\n<script type=\"application\/ld+json\" class=\"yoast-schema-graph\">{\"@context\":\"https:\\\/\\\/schema.org\",\"@graph\":[{\"@type\":\"WebPage\",\"@id\":\"https:\\\/\\\/bycon-europe.com\\\/product\\\/bycon-dmp-52p-hand-held-core-drill-motor\\\/\",\"url\":\"https:\\\/\\\/bycon-europe.com\\\/product\\\/bycon-dmp-52p-hand-held-core-drill-motor\\\/\",\"name\":\"BYCON DMP-52P Wet Core Drill \u2013 1800W \u2013 \u00d852 mm - BYCON Europe\",\"isPartOf\":{\"@id\":\"https:\\\/\\\/bycon-europe.com\\\/#website\"},\"primaryImageOfPage\":{\"@id\":\"https:\\\/\\\/bycon-europe.com\\\/product\\\/bycon-dmp-52p-hand-held-core-drill-motor\\\/#primaryimage\"},\"image\":{\"@id\":\"https:\\\/\\\/bycon-europe.com\\\/product\\\/bycon-dmp-52p-hand-held-core-drill-motor\\\/#primaryimage\"},\"thumbnailUrl\":\"https:\\\/\\\/bycon-europe.com\\\/wp-content\\\/uploads\\\/2025\\\/04\\\/DMP-52P.png\",\"datePublished\":\"2025-04-08T11:48:20+00:00\",\"dateModified\":\"2025-07-07T08:55:59+00:00\",\"description\":\"Compact 1800W wet core drill with PRCD, slip clutch & oil indicator. Drills \u00d852 mm handheld or \u00d862 mm on stand. Lightweight & ideal for professionals.\",\"breadcrumb\":{\"@id\":\"https:\\\/\\\/bycon-europe.com\\\/product\\\/bycon-dmp-52p-hand-held-core-drill-motor\\\/#breadcrumb\"},\"inLanguage\":\"fr-FR\",\"potentialAction\":[{\"@type\":\"ReadAction\",\"target\":[\"https:\\\/\\\/bycon-europe.com\\\/product\\\/bycon-dmp-52p-hand-held-core-drill-motor\\\/\"]}]},{\"@type\":\"ImageObject\",\"inLanguage\":\"fr-FR\",\"@id\":\"https:\\\/\\\/bycon-europe.com\\\/product\\\/bycon-dmp-52p-hand-held-core-drill-motor\\\/#primaryimage\",\"url\":\"https:\\\/\\\/bycon-europe.com\\\/wp-content\\\/uploads\\\/2025\\\/04\\\/DMP-52P.png\",\"contentUrl\":\"https:\\\/\\\/bycon-europe.com\\\/wp-content\\\/uploads\\\/2025\\\/04\\\/DMP-52P.png\",\"width\":700,\"height\":700},{\"@type\":\"BreadcrumbList\",\"@id\":\"https:\\\/\\\/bycon-europe.com\\\/product\\\/bycon-dmp-52p-hand-held-core-drill-motor\\\/#breadcrumb\",\"itemListElement\":[{\"@type\":\"ListItem\",\"position\":1,\"name\":\"Home\",\"item\":\"https:\\\/\\\/bycon-europe.com\\\/\"},{\"@type\":\"ListItem\",\"position\":2,\"name\":\"Shop\",\"item\":\"https:\\\/\\\/bycon-europe.com\\\/shop\\\/\"},{\"@type\":\"ListItem\",\"position\":3,\"name\":\"BYCON DMP-52P Hand Held Wet Core Drill Motor \u2013 1800W \u2013 \u00d852 mm\"}]},{\"@type\":\"WebSite\",\"@id\":\"https:\\\/\\\/bycon-europe.com\\\/#website\",\"url\":\"https:\\\/\\\/bycon-europe.com\\\/\",\"name\":\"BYCON Europe\",\"description\":\"\",\"publisher\":{\"@id\":\"https:\\\/\\\/bycon-europe.com\\\/#organization\"},\"potentialAction\":[{\"@type\":\"SearchAction\",\"target\":{\"@type\":\"EntryPoint\",\"urlTemplate\":\"https:\\\/\\\/bycon-europe.com\\\/?s={search_term_string}\"},\"query-input\":{\"@type\":\"PropertyValueSpecification\",\"valueRequired\":true,\"valueName\":\"search_term_string\"}}],\"inLanguage\":\"fr-FR\"},{\"@type\":\"Organization\",\"@id\":\"https:\\\/\\\/bycon-europe.com\\\/#organization\",\"name\":\"BYCON Europe\",\"url\":\"https:\\\/\\\/bycon-europe.com\\\/\",\"logo\":{\"@type\":\"ImageObject\",\"inLanguage\":\"fr-FR\",\"@id\":\"https:\\\/\\\/bycon-europe.com\\\/#\\\/schema\\\/logo\\\/image\\\/\",\"url\":\"https:\\\/\\\/bycon-europe.com\\\/wp-content\\\/uploads\\\/2025\\\/12\\\/logo-Bewerkt.png\",\"contentUrl\":\"https:\\\/\\\/bycon-europe.com\\\/wp-content\\\/uploads\\\/2025\\\/12\\\/logo-Bewerkt.png\",\"width\":765,\"height\":200,\"caption\":\"BYCON Europe\"},\"image\":{\"@id\":\"https:\\\/\\\/bycon-europe.com\\\/#\\\/schema\\\/logo\\\/image\\\/\"}}]}<\/script>\n<!-- \/ Yoast SEO plugin. -->","yoast_head_json":{"title":"BYCON DMP-52P Carotteuse Humes \u2013 1800W \u2013 \u00d852 mm - BYCON Europe","description":"Perceuse \u00e0 carotter humide compacte 1800W avec disjoncteur diff\u00e9rentiel (PRCD), embrayage \u00e0 glissement et indicateur d'huile. Perce \u00d852 mm \u00e0 main ou \u00d862 mm sur b\u00e2ti. L\u00e9g\u00e8re et id\u00e9ale pour les professionnels.","robots":{"index":"index","follow":"follow","max-snippet":"max-snippet:-1","max-image-preview":"max-image-preview:large","max-video-preview":"max-video-preview:-1"},"canonical":"https:\/\/bycon-europe.com\/fr\/product\/moteur-de-carotteuse-portative-bycon-dmp-52p\/","og_locale":"fr_FR","og_type":"article","og_title":"BYCON DMP-52P Wet Core Drill \u2013 1800W \u2013 \u00d852 mm - BYCON Europe","og_description":"Compact 1800W wet core drill with PRCD, slip clutch & oil indicator. Drills \u00d852 mm handheld or \u00d862 mm on stand. Lightweight & ideal for professionals.","og_url":"https:\/\/bycon-europe.com\/fr\/product\/moteur-de-carotteuse-portative-bycon-dmp-52p\/","og_site_name":"BYCON Europe","article_modified_time":"2025-07-07T08:55:59+00:00","og_image":[{"width":700,"height":700,"url":"https:\/\/bycon-europe.com\/wp-content\/uploads\/2025\/04\/DMP-52P.png","type":"image\/png"}],"twitter_card":"summary_large_image","twitter_misc":{"Dur\u00e9e de lecture estim\u00e9e":"2 minutes"},"schema":{"@context":"https:\/\/schema.org","@graph":[{"@type":"WebPage","@id":"https:\/\/bycon-europe.com\/product\/bycon-dmp-52p-hand-held-core-drill-motor\/","url":"https:\/\/bycon-europe.com\/product\/bycon-dmp-52p-hand-held-core-drill-motor\/","name":"BYCON DMP-52P Carotteuse Humes \u2013 1800W \u2013 \u00d852 mm - BYCON Europe","isPartOf":{"@id":"https:\/\/bycon-europe.com\/#website"},"primaryImageOfPage":{"@id":"https:\/\/bycon-europe.com\/product\/bycon-dmp-52p-hand-held-core-drill-motor\/#primaryimage"},"image":{"@id":"https:\/\/bycon-europe.com\/product\/bycon-dmp-52p-hand-held-core-drill-motor\/#primaryimage"},"thumbnailUrl":"https:\/\/bycon-europe.com\/wp-content\/uploads\/2025\/04\/DMP-52P.png","datePublished":"2025-04-08T11:48:20+00:00","dateModified":"2025-07-07T08:55:59+00:00","description":"Perceuse \u00e0 carotter humide compacte 1800W avec disjoncteur diff\u00e9rentiel (PRCD), embrayage \u00e0 glissement et indicateur d'huile. Perce \u00d852 mm \u00e0 main ou \u00d862 mm sur b\u00e2ti. L\u00e9g\u00e8re et id\u00e9ale pour les professionnels.","breadcrumb":{"@id":"https:\/\/bycon-europe.com\/product\/bycon-dmp-52p-hand-held-core-drill-motor\/#breadcrumb"},"inLanguage":"fr-FR","potentialAction":[{"@type":"ReadAction","target":["https:\/\/bycon-europe.com\/product\/bycon-dmp-52p-hand-held-core-drill-motor\/"]}]},{"@type":"ImageObject","inLanguage":"fr-FR","@id":"https:\/\/bycon-europe.com\/product\/bycon-dmp-52p-hand-held-core-drill-motor\/#primaryimage","url":"https:\/\/bycon-europe.com\/wp-content\/uploads\/2025\/04\/DMP-52P.png","contentUrl":"https:\/\/bycon-europe.com\/wp-content\/uploads\/2025\/04\/DMP-52P.png","width":700,"height":700},{"@type":"BreadcrumbList","@id":"https:\/\/bycon-europe.com\/product\/bycon-dmp-52p-hand-held-core-drill-motor\/#breadcrumb","itemListElement":[{"@type":"ListItem","position":1,"name":"Home","item":"https:\/\/bycon-europe.com\/"},{"@type":"ListItem","position":2,"name":"Shop","item":"https:\/\/bycon-europe.com\/shop\/"},{"@type":"ListItem","position":3,"name":"BYCON DMP-52P Hand Held Wet Core Drill Motor \u2013 1800W \u2013 \u00d852 mm"}]},{"@type":"WebSite","@id":"https:\/\/bycon-europe.com\/#website","url":"https:\/\/bycon-europe.com\/","name":"BYCON Europe","description":"","publisher":{"@id":"https:\/\/bycon-europe.com\/#organization"},"potentialAction":[{"@type":"SearchAction","target":{"@type":"EntryPoint","urlTemplate":"https:\/\/bycon-europe.com\/?s={search_term_string}"},"query-input":{"@type":"PropertyValueSpecification","valueRequired":true,"valueName":"search_term_string"}}],"inLanguage":"fr-FR"},{"@type":"Organization","@id":"https:\/\/bycon-europe.com\/#organization","name":"BYCON Europe","url":"https:\/\/bycon-europe.com\/","logo":{"@type":"ImageObject","inLanguage":"fr-FR","@id":"https:\/\/bycon-europe.com\/#\/schema\/logo\/image\/","url":"https:\/\/bycon-europe.com\/wp-content\/uploads\/2025\/12\/logo-Bewerkt.png","contentUrl":"https:\/\/bycon-europe.com\/wp-content\/uploads\/2025\/12\/logo-Bewerkt.png","width":765,"height":200,"caption":"BYCON Europe"},"image":{"@id":"https:\/\/bycon-europe.com\/#\/schema\/logo\/image\/"}}]}},"_links":{"self":[{"href":"https:\/\/bycon-europe.com\/fr\/wp-json\/wp\/v2\/product\/906","targetHints":{"allow":["GET"]}}],"collection":[{"href":"https:\/\/bycon-europe.com\/fr\/wp-json\/wp\/v2\/product"}],"about":[{"href":"https:\/\/bycon-europe.com\/fr\/wp-json\/wp\/v2\/types\/product"}],"replies":[{"embeddable":true,"href":"https:\/\/bycon-europe.com\/fr\/wp-json\/wp\/v2\/comments?post=906"}],"wp:featuredmedia":[{"embeddable":true,"href":"https:\/\/bycon-europe.com\/fr\/wp-json\/wp\/v2\/media\/909"}],"wp:attachment":[{"href":"https:\/\/bycon-europe.com\/fr\/wp-json\/wp\/v2\/media?parent=906"}],"wp:term":[{"taxonomy":"product_brand","embeddable":true,"href":"https:\/\/bycon-europe.com\/fr\/wp-json\/wp\/v2\/product_brand?post=906"},{"taxonomy":"product_cat","embeddable":true,"href":"https:\/\/bycon-europe.com\/fr\/wp-json\/wp\/v2\/product_cat?post=906"},{"taxonomy":"product_tag","embeddable":true,"href":"https:\/\/bycon-europe.com\/fr\/wp-json\/wp\/v2\/product_tag?post=906"}],"curies":[{"name":"wp","href":"https:\/\/api.w.org\/{rel}","templated":true}]}}