{"id":910,"date":"2025-04-08T12:02:31","date_gmt":"2025-04-08T12:02:31","guid":{"rendered":"https:\/\/bycon-europe.com\/?post_type=product&#038;p=910"},"modified":"2025-07-07T09:38:39","modified_gmt":"2025-07-07T09:38:39","slug":"moteur-de-carotteuse-portative-bycon-dmp-132d","status":"publish","type":"product","link":"https:\/\/bycon-europe.com\/fr\/product\/bycon-dmp-132d-hand-held-core-drill-motor\/","title":{"rendered":"BYCON DMP-132D Moteur de carotteuse diamant\u00e9e humide | 1800W | \u00c0 main"},"content":{"rendered":"<h2 data-start=\"250\" data-end=\"324\">BYCON DMP-132D Moteur de carotteuse portatif \u2013 1800W, 3 vitesses, usage humide<\/h2>\n<p data-start=\"326\" data-end=\"965\">Le BYCON DMP-132D est un moteur de carotteuse portatif compact mais puissant, id\u00e9al pour les professionnels travaillant dans la construction, la plomberie ou la r\u00e9novation. Avec un moteur de 1800 W et une r\u00e9gulation de vitesse \u00e0 3 rapports, il offre des performances de forage humide pr\u00e9cises dans le b\u00e9ton et la ma\u00e7onnerie. Con\u00e7u pour une utilisation \u00e0 main lev\u00e9e et sur support, ce moteur de carotteuse s'adapte \u00e0 tous les types de chantiers. Dot\u00e9 d'un syst\u00e8me de d\u00e9marrage progressif, d'une protection diff\u00e9rentielle PRCD et d'un embrayage \u00e0 friction m\u00e9canique, le DMP-132D combine contr\u00f4le, s\u00e9curit\u00e9 et efficacit\u00e9 dans un outil l\u00e9ger. Son filetage universel s'adapte \u00e0 la plupart des couronnes de forage europ\u00e9ennes, offrant une flexibilit\u00e9 maximale sur site.<\/p>\n<hr data-start=\"967\" data-end=\"970\" \/>\n<p data-start=\"972\" data-end=\"992\"><strong>Caract\u00e9ristiques cl\u00e9s<\/strong><\/p>\n<ul>\n<li data-start=\"995\" data-end=\"1089\"><strong data-start=\"995\" data-end=\"1022\">R\u00e9gulation de vitesse \u00e0 3 vitesses<\/strong>Vitesses variables pour diff\u00e9rents diam\u00e8tres de noyau et types de mat\u00e9riaux<\/li>\n<li data-start=\"995\" data-end=\"1089\"><strong data-start=\"1092\" data-end=\"1116\">Modes de fonctionnement double<\/strong>: Utiliser \u00e0 main lev\u00e9e (6.8\u20136.9 kg) ou monter sur une foreuse avec un support de 60 mm<\/li>\n<li data-start=\"995\" data-end=\"1089\"><strong data-start=\"1191\" data-end=\"1218\">Poign\u00e9e avant r\u00e9glable<\/strong>: Facilement repositionnable pour une ergonomie et un contr\u00f4le optimaux<\/li>\n<li data-start=\"995\" data-end=\"1089\"><strong data-start=\"1279\" data-end=\"1304\">Protection au d\u00e9marrage progressif<\/strong>: Une acc\u00e9l\u00e9ration douce jusqu'\u00e0 pleine vitesse r\u00e9duit l'usure et les pics de puissance<\/li>\n<li data-start=\"995\" data-end=\"1089\"><strong data-start=\"1374\" data-end=\"1396\">Interrupteur de s\u00e9curit\u00e9 PRCD<\/strong>Prot\u00e8ge contre les surtensions et les fuites \u00e9lectriques<\/li>\n<li data-start=\"995\" data-end=\"1089\"><strong data-start=\"1455\" data-end=\"1485\">Embrayage de s\u00e9curit\u00e9 m\u00e9canique<\/strong>Ajoute de la s\u00e9curit\u00e9 en emp\u00eachant le blocage ou la surcharge de l'embrayage<\/li>\n<\/ul>\n<hr data-start=\"1540\" data-end=\"1543\" \/>\n<p data-start=\"1545\" data-end=\"1577\"><strong>Sp\u00e9cifications techniques<\/strong><\/p>\n<ul>\n<li data-start=\"1580\" data-end=\"1606\"><strong data-start=\"1580\" data-end=\"1596\">Puissance de sortie<\/strong>1800 W<\/li>\n<li data-start=\"1580\" data-end=\"1606\"><strong data-start=\"1609\" data-end=\"1632\">Tension \/ Fr\u00e9quence<\/strong>220 V \/ 50 Hz ou 120 V \/ 60 Hz<\/li>\n<li data-start=\"1580\" data-end=\"1606\"><strong data-start=\"1669\" data-end=\"1680\">Courant<\/strong>9 A (220 V) \/ 15 A (120 V)<\/li>\n<li data-start=\"1580\" data-end=\"1606\"><strong data-start=\"1713\" data-end=\"1749\">Diam\u00e8tre de per\u00e7age (manuel)<\/strong>\u00d8162 mm<\/li>\n<li data-start=\"1580\" data-end=\"1606\"><strong data-start=\"1763\" data-end=\"1801\">Diam\u00e8tre de per\u00e7age maximal (avec support)<\/strong>: 202 mm de diam\u00e8tre<\/li>\n<li data-start=\"1580\" data-end=\"1606\"><strong data-start=\"1815\" data-end=\"1849\">Vitesse \u00e0 vide (Vitesse 1 \/ 2 \/ 3)<\/strong>650 \/ 1 300 \/ 2 600 tr\/min<\/li>\n<li data-start=\"1580\" data-end=\"1606\"><strong data-start=\"1879\" data-end=\"1920\">Diam\u00e8tre de Per\u00e7age par Engrenage (Manuel)<\/strong>: \u00d8162 mm \/ \u00d882 mm \/ \u00d842 mm<\/li>\n<li data-start=\"1580\" data-end=\"1606\"><strong data-start=\"1952\" data-end=\"1995\">Diam\u00e8tre de per\u00e7age par engrenage (avec support)<\/strong>: \u00d8202 mm \/ \u00d8102 mm \/ \u00d862 mm<\/li>\n<li data-start=\"1580\" data-end=\"1606\"><strong data-start=\"2028\" data-end=\"2046\">Filet de broche<\/strong>1\u00bc\u2033 UNC (M) &amp; \u00bd\u2033 G (F)<\/li>\n<li data-start=\"1580\" data-end=\"1606\"><strong data-start=\"2075\" data-end=\"2089\">Poids net<\/strong>6,8 kg (220 V) \/ 6,9 kg (120 V)<\/li>\n<li data-start=\"1580\" data-end=\"1606\"><strong data-start=\"2127\" data-end=\"2156\">Compatibilit\u00e9 du support de perceuse<\/strong>: DSP-162 \/ DSP-252<\/li>\n<li data-start=\"1580\" data-end=\"1606\"><strong data-start=\"2180\" data-end=\"2196\">Taille d'emballage<\/strong>635 \u00d7 460 \u00d7 215 mm<\/li>\n<\/ul>\n<hr data-start=\"2220\" data-end=\"2223\" \/>\n<p data-start=\"2225\" data-end=\"2248\"><strong>Ce qui est inclus<\/strong><\/p>\n<ul>\n<li data-start=\"2251\" data-end=\"2303\">BYCON DMP-132D Moteur de perforatrice diamant\u00e9e portative (1800 W)<\/li>\n<li data-start=\"2251\" data-end=\"2303\">Manuel d'utilisation<\/li>\n<li data-start=\"2251\" data-end=\"2303\">Accessoires standard (par configuration de package)<\/li>\n<\/ul>","protected":false},"excerpt":{"rendered":"<p data-start=\"2694\" data-end=\"3030\">Le BYCON DMP-132D est un puissant moteur de carotteuse portable de 1800W con\u00e7u pour le forage \u00e0 l'eau dans le b\u00e9ton et la ma\u00e7onnerie. Avec un contr\u00f4le de vitesse \u00e0 3 vitesses, un d\u00e9marrage progressif, une protection diff\u00e9rentielle PRCD et un embrayage m\u00e9canique, il offre des performances fluides et s\u00fbres jusqu'\u00e0 \u00d8162 mm en portatif ou \u00d8202 mm sur un b\u00e2ti. L\u00e9ger et compatible avec les couronnes de forage standard.<\/p>","protected":false},"featured_media":918,"comment_status":"open","ping_status":"closed","template":"","meta":[],"product_brand":[],"product_cat":[15,16,20,19,65],"product_tag":[],"class_list":{"0":"post-910","1":"product","2":"type-product","3":"status-publish","4":"has-post-thumbnail","6":"product_cat-all-machines","7":"product_cat-construction-machines","8":"product_cat-core-drill-motor","9":"product_cat-core-drilling-equipment","10":"product_cat-handheld-core-drills","12":"first","13":"instock","14":"shipping-taxable","15":"product-type-simple"},"yoast_head":"<!-- This site is optimized with the Yoast SEO plugin v27.5 - https:\/\/yoast.com\/product\/yoast-seo-wordpress\/ -->\n<title>BYCON DMP-132D Wet Handheld Core Drill | 1800W | 3-Speed - BYCON Europe<\/title>\n<meta name=\"description\" content=\"BYCON DMP-132D Compact 1800W wet handheld core drill, 3-speed gear control, soft start &amp; PRCD protection. Up to \u00d8202 mm with rig. Safe and powerful.\" \/>\n<meta name=\"robots\" content=\"index, follow, max-snippet:-1, max-image-preview:large, max-video-preview:-1\" \/>\n<link rel=\"canonical\" href=\"https:\/\/bycon-europe.com\/fr\/product\/moteur-de-carotteuse-portative-bycon-dmp-132d\/\" \/>\n<meta property=\"og:locale\" content=\"fr_FR\" \/>\n<meta property=\"og:type\" content=\"article\" \/>\n<meta property=\"og:title\" content=\"BYCON DMP-132D Wet Handheld Core Drill | 1800W | 3-Speed - BYCON Europe\" \/>\n<meta property=\"og:description\" content=\"BYCON DMP-132D Compact 1800W wet handheld core drill, 3-speed gear control, soft start &amp; PRCD protection. Up to \u00d8202 mm with rig. Safe and powerful.\" \/>\n<meta property=\"og:url\" content=\"https:\/\/bycon-europe.com\/fr\/product\/moteur-de-carotteuse-portative-bycon-dmp-132d\/\" \/>\n<meta property=\"og:site_name\" content=\"BYCON Europe\" \/>\n<meta property=\"article:modified_time\" content=\"2025-07-07T09:38:39+00:00\" \/>\n<meta property=\"og:image\" content=\"https:\/\/bycon-europe.com\/wp-content\/uploads\/2025\/04\/DMP-132D.png\" \/>\n\t<meta property=\"og:image:width\" content=\"700\" \/>\n\t<meta property=\"og:image:height\" content=\"700\" \/>\n\t<meta property=\"og:image:type\" content=\"image\/png\" \/>\n<meta name=\"twitter:card\" content=\"summary_large_image\" \/>\n<meta name=\"twitter:label1\" content=\"Dur\u00e9e de lecture estim\u00e9e\" \/>\n\t<meta name=\"twitter:data1\" content=\"2 minutes\" \/>\n<script type=\"application\/ld+json\" class=\"yoast-schema-graph\">{\"@context\":\"https:\\\/\\\/schema.org\",\"@graph\":[{\"@type\":\"WebPage\",\"@id\":\"https:\\\/\\\/bycon-europe.com\\\/product\\\/bycon-dmp-132d-hand-held-core-drill-motor\\\/\",\"url\":\"https:\\\/\\\/bycon-europe.com\\\/product\\\/bycon-dmp-132d-hand-held-core-drill-motor\\\/\",\"name\":\"BYCON DMP-132D Wet Handheld Core Drill | 1800W | 3-Speed - BYCON Europe\",\"isPartOf\":{\"@id\":\"https:\\\/\\\/bycon-europe.com\\\/#website\"},\"primaryImageOfPage\":{\"@id\":\"https:\\\/\\\/bycon-europe.com\\\/product\\\/bycon-dmp-132d-hand-held-core-drill-motor\\\/#primaryimage\"},\"image\":{\"@id\":\"https:\\\/\\\/bycon-europe.com\\\/product\\\/bycon-dmp-132d-hand-held-core-drill-motor\\\/#primaryimage\"},\"thumbnailUrl\":\"https:\\\/\\\/bycon-europe.com\\\/wp-content\\\/uploads\\\/2025\\\/04\\\/DMP-132D.png\",\"datePublished\":\"2025-04-08T12:02:31+00:00\",\"dateModified\":\"2025-07-07T09:38:39+00:00\",\"description\":\"BYCON DMP-132D Compact 1800W wet handheld core drill, 3-speed gear control, soft start & PRCD protection. Up to \u00d8202 mm with rig. Safe and powerful.\",\"breadcrumb\":{\"@id\":\"https:\\\/\\\/bycon-europe.com\\\/product\\\/bycon-dmp-132d-hand-held-core-drill-motor\\\/#breadcrumb\"},\"inLanguage\":\"fr-FR\",\"potentialAction\":[{\"@type\":\"ReadAction\",\"target\":[\"https:\\\/\\\/bycon-europe.com\\\/product\\\/bycon-dmp-132d-hand-held-core-drill-motor\\\/\"]}]},{\"@type\":\"ImageObject\",\"inLanguage\":\"fr-FR\",\"@id\":\"https:\\\/\\\/bycon-europe.com\\\/product\\\/bycon-dmp-132d-hand-held-core-drill-motor\\\/#primaryimage\",\"url\":\"https:\\\/\\\/bycon-europe.com\\\/wp-content\\\/uploads\\\/2025\\\/04\\\/DMP-132D.png\",\"contentUrl\":\"https:\\\/\\\/bycon-europe.com\\\/wp-content\\\/uploads\\\/2025\\\/04\\\/DMP-132D.png\",\"width\":700,\"height\":700},{\"@type\":\"BreadcrumbList\",\"@id\":\"https:\\\/\\\/bycon-europe.com\\\/product\\\/bycon-dmp-132d-hand-held-core-drill-motor\\\/#breadcrumb\",\"itemListElement\":[{\"@type\":\"ListItem\",\"position\":1,\"name\":\"Home\",\"item\":\"https:\\\/\\\/bycon-europe.com\\\/\"},{\"@type\":\"ListItem\",\"position\":2,\"name\":\"Shop\",\"item\":\"https:\\\/\\\/bycon-europe.com\\\/shop\\\/\"},{\"@type\":\"ListItem\",\"position\":3,\"name\":\"BYCON DMP-132D Wet Diamond Core Drill Motor | 1800W | Hand Held\"}]},{\"@type\":\"WebSite\",\"@id\":\"https:\\\/\\\/bycon-europe.com\\\/#website\",\"url\":\"https:\\\/\\\/bycon-europe.com\\\/\",\"name\":\"BYCON Europe\",\"description\":\"\",\"publisher\":{\"@id\":\"https:\\\/\\\/bycon-europe.com\\\/#organization\"},\"potentialAction\":[{\"@type\":\"SearchAction\",\"target\":{\"@type\":\"EntryPoint\",\"urlTemplate\":\"https:\\\/\\\/bycon-europe.com\\\/?s={search_term_string}\"},\"query-input\":{\"@type\":\"PropertyValueSpecification\",\"valueRequired\":true,\"valueName\":\"search_term_string\"}}],\"inLanguage\":\"fr-FR\"},{\"@type\":\"Organization\",\"@id\":\"https:\\\/\\\/bycon-europe.com\\\/#organization\",\"name\":\"BYCON Europe\",\"url\":\"https:\\\/\\\/bycon-europe.com\\\/\",\"logo\":{\"@type\":\"ImageObject\",\"inLanguage\":\"fr-FR\",\"@id\":\"https:\\\/\\\/bycon-europe.com\\\/#\\\/schema\\\/logo\\\/image\\\/\",\"url\":\"https:\\\/\\\/bycon-europe.com\\\/wp-content\\\/uploads\\\/2025\\\/12\\\/logo-Bewerkt.png\",\"contentUrl\":\"https:\\\/\\\/bycon-europe.com\\\/wp-content\\\/uploads\\\/2025\\\/12\\\/logo-Bewerkt.png\",\"width\":765,\"height\":200,\"caption\":\"BYCON Europe\"},\"image\":{\"@id\":\"https:\\\/\\\/bycon-europe.com\\\/#\\\/schema\\\/logo\\\/image\\\/\"}}]}<\/script>\n<!-- \/ Yoast SEO plugin. -->","yoast_head_json":{"title":"BYCON DMP-132D Foreuse carotteuse humide portative | 1800W | 3 vitesses - BYCON Europe","description":"BYCON DMP-132D Carotteuse portative humide compacte 1800W, contr\u00f4le de vitesse \u00e0 3 vitesses, d\u00e9marrage progressif et protection PRCD. Jusqu'\u00e0 \u00d8202 mm avec b\u00e2ti. S\u00fbr et puissant.","robots":{"index":"index","follow":"follow","max-snippet":"max-snippet:-1","max-image-preview":"max-image-preview:large","max-video-preview":"max-video-preview:-1"},"canonical":"https:\/\/bycon-europe.com\/fr\/product\/moteur-de-carotteuse-portative-bycon-dmp-132d\/","og_locale":"fr_FR","og_type":"article","og_title":"BYCON DMP-132D Wet Handheld Core Drill | 1800W | 3-Speed - BYCON Europe","og_description":"BYCON DMP-132D Compact 1800W wet handheld core drill, 3-speed gear control, soft start & PRCD protection. Up to \u00d8202 mm with rig. Safe and powerful.","og_url":"https:\/\/bycon-europe.com\/fr\/product\/moteur-de-carotteuse-portative-bycon-dmp-132d\/","og_site_name":"BYCON Europe","article_modified_time":"2025-07-07T09:38:39+00:00","og_image":[{"width":700,"height":700,"url":"https:\/\/bycon-europe.com\/wp-content\/uploads\/2025\/04\/DMP-132D.png","type":"image\/png"}],"twitter_card":"summary_large_image","twitter_misc":{"Dur\u00e9e de lecture estim\u00e9e":"2 minutes"},"schema":{"@context":"https:\/\/schema.org","@graph":[{"@type":"WebPage","@id":"https:\/\/bycon-europe.com\/product\/bycon-dmp-132d-hand-held-core-drill-motor\/","url":"https:\/\/bycon-europe.com\/product\/bycon-dmp-132d-hand-held-core-drill-motor\/","name":"BYCON DMP-132D Foreuse carotteuse humide portative | 1800W | 3 vitesses - BYCON Europe","isPartOf":{"@id":"https:\/\/bycon-europe.com\/#website"},"primaryImageOfPage":{"@id":"https:\/\/bycon-europe.com\/product\/bycon-dmp-132d-hand-held-core-drill-motor\/#primaryimage"},"image":{"@id":"https:\/\/bycon-europe.com\/product\/bycon-dmp-132d-hand-held-core-drill-motor\/#primaryimage"},"thumbnailUrl":"https:\/\/bycon-europe.com\/wp-content\/uploads\/2025\/04\/DMP-132D.png","datePublished":"2025-04-08T12:02:31+00:00","dateModified":"2025-07-07T09:38:39+00:00","description":"BYCON DMP-132D Carotteuse portative humide compacte 1800W, contr\u00f4le de vitesse \u00e0 3 vitesses, d\u00e9marrage progressif et protection PRCD. Jusqu'\u00e0 \u00d8202 mm avec b\u00e2ti. S\u00fbr et puissant.","breadcrumb":{"@id":"https:\/\/bycon-europe.com\/product\/bycon-dmp-132d-hand-held-core-drill-motor\/#breadcrumb"},"inLanguage":"fr-FR","potentialAction":[{"@type":"ReadAction","target":["https:\/\/bycon-europe.com\/product\/bycon-dmp-132d-hand-held-core-drill-motor\/"]}]},{"@type":"ImageObject","inLanguage":"fr-FR","@id":"https:\/\/bycon-europe.com\/product\/bycon-dmp-132d-hand-held-core-drill-motor\/#primaryimage","url":"https:\/\/bycon-europe.com\/wp-content\/uploads\/2025\/04\/DMP-132D.png","contentUrl":"https:\/\/bycon-europe.com\/wp-content\/uploads\/2025\/04\/DMP-132D.png","width":700,"height":700},{"@type":"BreadcrumbList","@id":"https:\/\/bycon-europe.com\/product\/bycon-dmp-132d-hand-held-core-drill-motor\/#breadcrumb","itemListElement":[{"@type":"ListItem","position":1,"name":"Home","item":"https:\/\/bycon-europe.com\/"},{"@type":"ListItem","position":2,"name":"Shop","item":"https:\/\/bycon-europe.com\/shop\/"},{"@type":"ListItem","position":3,"name":"BYCON DMP-132D Wet Diamond Core Drill Motor | 1800W | Hand Held"}]},{"@type":"WebSite","@id":"https:\/\/bycon-europe.com\/#website","url":"https:\/\/bycon-europe.com\/","name":"BYCON Europe","description":"","publisher":{"@id":"https:\/\/bycon-europe.com\/#organization"},"potentialAction":[{"@type":"SearchAction","target":{"@type":"EntryPoint","urlTemplate":"https:\/\/bycon-europe.com\/?s={search_term_string}"},"query-input":{"@type":"PropertyValueSpecification","valueRequired":true,"valueName":"search_term_string"}}],"inLanguage":"fr-FR"},{"@type":"Organization","@id":"https:\/\/bycon-europe.com\/#organization","name":"BYCON Europe","url":"https:\/\/bycon-europe.com\/","logo":{"@type":"ImageObject","inLanguage":"fr-FR","@id":"https:\/\/bycon-europe.com\/#\/schema\/logo\/image\/","url":"https:\/\/bycon-europe.com\/wp-content\/uploads\/2025\/12\/logo-Bewerkt.png","contentUrl":"https:\/\/bycon-europe.com\/wp-content\/uploads\/2025\/12\/logo-Bewerkt.png","width":765,"height":200,"caption":"BYCON Europe"},"image":{"@id":"https:\/\/bycon-europe.com\/#\/schema\/logo\/image\/"}}]}},"_links":{"self":[{"href":"https:\/\/bycon-europe.com\/fr\/wp-json\/wp\/v2\/product\/910","targetHints":{"allow":["GET"]}}],"collection":[{"href":"https:\/\/bycon-europe.com\/fr\/wp-json\/wp\/v2\/product"}],"about":[{"href":"https:\/\/bycon-europe.com\/fr\/wp-json\/wp\/v2\/types\/product"}],"replies":[{"embeddable":true,"href":"https:\/\/bycon-europe.com\/fr\/wp-json\/wp\/v2\/comments?post=910"}],"wp:featuredmedia":[{"embeddable":true,"href":"https:\/\/bycon-europe.com\/fr\/wp-json\/wp\/v2\/media\/918"}],"wp:attachment":[{"href":"https:\/\/bycon-europe.com\/fr\/wp-json\/wp\/v2\/media?parent=910"}],"wp:term":[{"taxonomy":"product_brand","embeddable":true,"href":"https:\/\/bycon-europe.com\/fr\/wp-json\/wp\/v2\/product_brand?post=910"},{"taxonomy":"product_cat","embeddable":true,"href":"https:\/\/bycon-europe.com\/fr\/wp-json\/wp\/v2\/product_cat?post=910"},{"taxonomy":"product_tag","embeddable":true,"href":"https:\/\/bycon-europe.com\/fr\/wp-json\/wp\/v2\/product_tag?post=910"}],"curies":[{"name":"wp","href":"https:\/\/api.w.org\/{rel}","templated":true}]}}