{"id":927,"date":"2025-04-08T12:26:51","date_gmt":"2025-04-08T12:26:51","guid":{"rendered":"https:\/\/bycon-europe.com\/?post_type=product&#038;p=927"},"modified":"2025-07-07T09:38:44","modified_gmt":"2025-07-07T09:38:44","slug":"moteur-de-carotteuse-portative-bycon-dmp-132p","status":"publish","type":"product","link":"https:\/\/bycon-europe.com\/fr\/product\/bycon-dmp-132p-hand-held-core-drill-motor\/","title":{"rendered":"BYCON DMP-132P Moteur de carotteuse diamant\u00e9e humide | 1800W | Portable"},"content":{"rendered":"<h2 data-start=\"209\" data-end=\"288\">BYCON DMP-132P Moteur de carotteuse portable \u2013 1800W, 3 vitesses, forage humide<\/h2>\n<p data-start=\"290\" data-end=\"922\">La BYCON DMP-132P est un moteur de carotteuse compact et portable, d\u00e9velopp\u00e9 pour les travaux de carottage \u00e0 l'eau n\u00e9cessitant pr\u00e9cision et contr\u00f4le. Avec un moteur de 1800W et une r\u00e9gulation de vitesse \u00e0 3 positions, cette unit\u00e9 puissante convient pour le b\u00e9ton arm\u00e9 jusqu'\u00e0 \u00d8132 mm. Con\u00e7ue pour une utilisation \u00e0 la main ou sur un b\u00e2ti, elle offre une flexibilit\u00e9 optimale sur tout chantier. La s\u00e9curit\u00e9 est int\u00e9gr\u00e9e avec une protection diff\u00e9rentielle PRCD, un embrayage \u00e0 friction m\u00e9canique et des indicateurs LED. Gr\u00e2ce \u00e0 son filetage double broche et ses adaptateurs d'eau \u00e0 connexion rapide, la DMP-132P est enti\u00e8rement compatible avec les couronnes de carottage courantes sur le march\u00e9 europ\u00e9en et optimis\u00e9e pour un carottage \u00e0 l'eau continu et s\u00fbr.<\/p>\n<hr data-start=\"924\" data-end=\"927\" \/>\n<p data-start=\"929\" data-end=\"949\"><strong>Caract\u00e9ristiques cl\u00e9s<\/strong><\/p>\n<ul>\n<li data-start=\"952\" data-end=\"1032\"><strong data-start=\"952\" data-end=\"979\">R\u00e9gulation de vitesse \u00e0 3 vitesses<\/strong>Permet un per\u00e7age pr\u00e9cis sur plusieurs tailles de forets<\/li>\n<li data-start=\"952\" data-end=\"1032\"><strong data-start=\"1035\" data-end=\"1058\">Utilisation \u00e0 la main ou sur un support<\/strong>Fonctionne de mani\u00e8re autonome (6,8\u20136,9 kg) ou mont\u00e9 via un support de 60 mm<\/li>\n<li data-start=\"952\" data-end=\"1032\"><strong data-start=\"1126\" data-end=\"1153\">Poign\u00e9e avant r\u00e9glable<\/strong>Am\u00e9liore le confort et le contr\u00f4le lors d'une utilisation prolong\u00e9e<\/li>\n<li data-start=\"952\" data-end=\"1032\"><strong data-start=\"1208\" data-end=\"1231\">Fonction de d\u00e9marrage progressif<\/strong>Une acc\u00e9l\u00e9ration douce prot\u00e8ge le moteur et \u00e9vite les \u00e0-coups.<\/li>\n<li data-start=\"952\" data-end=\"1032\"><strong data-start=\"1302\" data-end=\"1321\">Protection PRCD<\/strong>Assure la s\u00e9curit\u00e9 \u00e9lectrique gr\u00e2ce \u00e0 la d\u00e9tection de fuites int\u00e9gr\u00e9e<\/li>\n<li data-start=\"952\" data-end=\"1032\"><strong data-start=\"1388\" data-end=\"1418\">Embrayage de s\u00e9curit\u00e9 m\u00e9canique<\/strong>Am\u00e9liore la s\u00e9curit\u00e9 de l'utilisateur dans des conditions de couple \u00e9lev\u00e9<\/li>\n<li data-start=\"952\" data-end=\"1032\"><strong data-start=\"1474\" data-end=\"1498\">Syst\u00e8me d'indicateur \u00e0 LED<\/strong>: Affiche les alertes de statut pour l'alimentation, la surcharge ou la surchauffe<\/li>\n<li data-start=\"952\" data-end=\"1032\"><strong data-start=\"1563\" data-end=\"1583\">Connecteurs d'eau<\/strong>: Comprend \u00e0 la fois les connecteurs A standard et B \u00e0 vide pour une installation facile<\/li>\n<\/ul>\n<hr data-start=\"1652\" data-end=\"1655\" \/>\n<p data-start=\"1657\" data-end=\"1689\"><strong>Sp\u00e9cifications techniques<\/strong><\/p>\n<ul>\n<li data-start=\"1692\" data-end=\"1718\"><strong data-start=\"1692\" data-end=\"1708\">Puissance de sortie<\/strong>1800 W<\/li>\n<li data-start=\"1692\" data-end=\"1718\"><strong data-start=\"1721\" data-end=\"1732\">Tension<\/strong>220 V \/ 120 V<\/li>\n<li data-start=\"1692\" data-end=\"1718\"><strong data-start=\"1752\" data-end=\"1765\">Fr\u00e9quence<\/strong>50 \/ 60 Hz<\/li>\n<li data-start=\"1692\" data-end=\"1718\"><strong data-start=\"1782\" data-end=\"1793\">Courant<\/strong>9 A \/ 15 A<\/li>\n<li data-start=\"1692\" data-end=\"1718\"><strong data-start=\"1810\" data-end=\"1846\">Diam\u00e8tre de per\u00e7age max. (portatif)<\/strong>\u00d8162 mm<\/li>\n<li data-start=\"1692\" data-end=\"1718\"><strong data-start=\"1860\" data-end=\"1898\">Diam\u00e8tre de per\u00e7age maximal (avec support)<\/strong>: 202 mm de diam\u00e8tre<\/li>\n<li data-start=\"1692\" data-end=\"1718\"><strong data-start=\"1912\" data-end=\"1946\">Vitesse \u00e0 vide (Vitesse 1 \/ 2 \/ 3)<\/strong>650 \/ 1 300 \/ 2 600 tr\/min<\/li>\n<li data-start=\"1692\" data-end=\"1718\"><strong data-start=\"1976\" data-end=\"2019\">Diam\u00e8tre de per\u00e7age (outil manuel 1\/2\/3)<\/strong>: \u00d8162 mm \/ \u00d882 mm \/ \u00d842 mm<\/li>\n<li data-start=\"1692\" data-end=\"1718\"><strong data-start=\"2051\" data-end=\"2096\">Diam\u00e8tre de per\u00e7age (avec r\u00e9ducteur 1\/2\/3)<\/strong>: \u00d8202 mm \/ \u00d8102 mm \/ \u00d862 mm<\/li>\n<li data-start=\"1692\" data-end=\"1718\"><strong data-start=\"2129\" data-end=\"2147\">Filet de broche<\/strong>1\u00bc\u2033 UNC et \u00bd\u2033 G<\/li>\n<li data-start=\"1692\" data-end=\"1718\"><strong data-start=\"2168\" data-end=\"2182\">Poids net<\/strong>6,8 kg \/ 6,9 kg<\/li>\n<li data-start=\"1692\" data-end=\"1718\"><strong data-start=\"2204\" data-end=\"2231\">Support de perceuse compatible<\/strong>: DSP-162 \/ DSP-252<\/li>\n<li data-start=\"1692\" data-end=\"1718\"><strong data-start=\"2255\" data-end=\"2271\">Taille d'emballage<\/strong>635 \u00d7 460 \u00d7 215 mm<\/li>\n<\/ul>\n<hr data-start=\"2295\" data-end=\"2298\" \/>\n<p data-start=\"2300\" data-end=\"2323\"><strong>Ce qui est inclus<\/strong><\/p>\n<ul>\n<li data-start=\"2326\" data-end=\"2368\">BYCON DMP-132P Moteur de carotteuse (1800 W)<\/li>\n<li data-start=\"2326\" data-end=\"2368\">Poign\u00e9e avant r\u00e9glable<\/li>\n<li data-start=\"2326\" data-end=\"2368\">Connecteur de tuyau d'eau (A)<\/li>\n<li data-start=\"2326\" data-end=\"2368\">Connecteur de vide (B)<\/li>\n<li data-start=\"2326\" data-end=\"2368\">Syst\u00e8me d'indicateur \u00e0 LED<\/li>\n<\/ul>","protected":false},"excerpt":{"rendered":"<p data-start=\"2792\" data-end=\"3108\">Le BYCON DMP-132P est un moteur de carotteuse portatif de 1800W avec contr\u00f4le de vitesse \u00e0 3 vitesses, indicateurs de s\u00e9curit\u00e9 LED, d\u00e9marrage progressif et protection PRCD. Il prend en charge le carottage \u00e0 l'eau jusqu'\u00e0 \u00d8132 mm dans le b\u00e9ton et est compatible avec les couronnes de per\u00e7age europ\u00e9ennes. Id\u00e9al pour une utilisation portative ou mont\u00e9e sur tr\u00e9pied avec adaptateurs d'eau \u00e0 connexion rapide inclus.<\/p>","protected":false},"featured_media":930,"comment_status":"open","ping_status":"closed","template":"","meta":[],"product_brand":[],"product_cat":[16,20,19,65],"product_tag":[],"class_list":{"0":"post-927","1":"product","2":"type-product","3":"status-publish","4":"has-post-thumbnail","6":"product_cat-construction-machines","7":"product_cat-core-drill-motor","8":"product_cat-core-drilling-equipment","9":"product_cat-handheld-core-drills","11":"first","12":"instock","13":"shipping-taxable","14":"product-type-simple"},"yoast_head":"<!-- This site is optimized with the Yoast SEO plugin v27.5 - https:\/\/yoast.com\/product\/yoast-seo-wordpress\/ -->\n<title>BYCON DMP-132P Handheld Core Drill \u2013 1800W \u2013 Wet Use - BYCON Europe<\/title>\n<meta name=\"description\" content=\"BYCON DMP-132P 1800W handheld wet core drill with LED indicators, PRCD protection, and 3-speed control. \u00d8132 mm wet drilling capacity. Safe and powerful.\" \/>\n<meta name=\"robots\" content=\"index, follow, max-snippet:-1, max-image-preview:large, max-video-preview:-1\" \/>\n<link rel=\"canonical\" href=\"https:\/\/bycon-europe.com\/fr\/product\/moteur-de-carotteuse-portative-bycon-dmp-132p\/\" \/>\n<meta property=\"og:locale\" content=\"fr_FR\" \/>\n<meta property=\"og:type\" content=\"article\" \/>\n<meta property=\"og:title\" content=\"BYCON DMP-132P Handheld Core Drill \u2013 1800W \u2013 Wet Use - BYCON Europe\" \/>\n<meta property=\"og:description\" content=\"BYCON DMP-132P 1800W handheld wet core drill with LED indicators, PRCD protection, and 3-speed control. \u00d8132 mm wet drilling capacity. Safe and powerful.\" \/>\n<meta property=\"og:url\" content=\"https:\/\/bycon-europe.com\/fr\/product\/moteur-de-carotteuse-portative-bycon-dmp-132p\/\" \/>\n<meta property=\"og:site_name\" content=\"BYCON Europe\" \/>\n<meta property=\"article:modified_time\" content=\"2025-07-07T09:38:44+00:00\" \/>\n<meta property=\"og:image\" content=\"https:\/\/bycon-europe.com\/wp-content\/uploads\/2025\/04\/DMP-132P-1.png\" \/>\n\t<meta property=\"og:image:width\" content=\"700\" \/>\n\t<meta property=\"og:image:height\" content=\"700\" \/>\n\t<meta property=\"og:image:type\" content=\"image\/png\" \/>\n<meta name=\"twitter:card\" content=\"summary_large_image\" \/>\n<meta name=\"twitter:label1\" content=\"Dur\u00e9e de lecture estim\u00e9e\" \/>\n\t<meta name=\"twitter:data1\" content=\"2 minutes\" \/>\n<script type=\"application\/ld+json\" class=\"yoast-schema-graph\">{\"@context\":\"https:\\\/\\\/schema.org\",\"@graph\":[{\"@type\":\"WebPage\",\"@id\":\"https:\\\/\\\/bycon-europe.com\\\/product\\\/bycon-dmp-132p-hand-held-core-drill-motor\\\/\",\"url\":\"https:\\\/\\\/bycon-europe.com\\\/product\\\/bycon-dmp-132p-hand-held-core-drill-motor\\\/\",\"name\":\"BYCON DMP-132P Handheld Core Drill \u2013 1800W \u2013 Wet Use - BYCON Europe\",\"isPartOf\":{\"@id\":\"https:\\\/\\\/bycon-europe.com\\\/#website\"},\"primaryImageOfPage\":{\"@id\":\"https:\\\/\\\/bycon-europe.com\\\/product\\\/bycon-dmp-132p-hand-held-core-drill-motor\\\/#primaryimage\"},\"image\":{\"@id\":\"https:\\\/\\\/bycon-europe.com\\\/product\\\/bycon-dmp-132p-hand-held-core-drill-motor\\\/#primaryimage\"},\"thumbnailUrl\":\"https:\\\/\\\/bycon-europe.com\\\/wp-content\\\/uploads\\\/2025\\\/04\\\/DMP-132P-1.png\",\"datePublished\":\"2025-04-08T12:26:51+00:00\",\"dateModified\":\"2025-07-07T09:38:44+00:00\",\"description\":\"BYCON DMP-132P 1800W handheld wet core drill with LED indicators, PRCD protection, and 3-speed control. \u00d8132 mm wet drilling capacity. Safe and powerful.\",\"breadcrumb\":{\"@id\":\"https:\\\/\\\/bycon-europe.com\\\/product\\\/bycon-dmp-132p-hand-held-core-drill-motor\\\/#breadcrumb\"},\"inLanguage\":\"fr-FR\",\"potentialAction\":[{\"@type\":\"ReadAction\",\"target\":[\"https:\\\/\\\/bycon-europe.com\\\/product\\\/bycon-dmp-132p-hand-held-core-drill-motor\\\/\"]}]},{\"@type\":\"ImageObject\",\"inLanguage\":\"fr-FR\",\"@id\":\"https:\\\/\\\/bycon-europe.com\\\/product\\\/bycon-dmp-132p-hand-held-core-drill-motor\\\/#primaryimage\",\"url\":\"https:\\\/\\\/bycon-europe.com\\\/wp-content\\\/uploads\\\/2025\\\/04\\\/DMP-132P-1.png\",\"contentUrl\":\"https:\\\/\\\/bycon-europe.com\\\/wp-content\\\/uploads\\\/2025\\\/04\\\/DMP-132P-1.png\",\"width\":700,\"height\":700},{\"@type\":\"BreadcrumbList\",\"@id\":\"https:\\\/\\\/bycon-europe.com\\\/product\\\/bycon-dmp-132p-hand-held-core-drill-motor\\\/#breadcrumb\",\"itemListElement\":[{\"@type\":\"ListItem\",\"position\":1,\"name\":\"Home\",\"item\":\"https:\\\/\\\/bycon-europe.com\\\/\"},{\"@type\":\"ListItem\",\"position\":2,\"name\":\"Shop\",\"item\":\"https:\\\/\\\/bycon-europe.com\\\/shop\\\/\"},{\"@type\":\"ListItem\",\"position\":3,\"name\":\"BYCON DMP-132P Wet Diamond Core Drill Motor | 1800W | Hand Held\"}]},{\"@type\":\"WebSite\",\"@id\":\"https:\\\/\\\/bycon-europe.com\\\/#website\",\"url\":\"https:\\\/\\\/bycon-europe.com\\\/\",\"name\":\"BYCON Europe\",\"description\":\"\",\"publisher\":{\"@id\":\"https:\\\/\\\/bycon-europe.com\\\/#organization\"},\"potentialAction\":[{\"@type\":\"SearchAction\",\"target\":{\"@type\":\"EntryPoint\",\"urlTemplate\":\"https:\\\/\\\/bycon-europe.com\\\/?s={search_term_string}\"},\"query-input\":{\"@type\":\"PropertyValueSpecification\",\"valueRequired\":true,\"valueName\":\"search_term_string\"}}],\"inLanguage\":\"fr-FR\"},{\"@type\":\"Organization\",\"@id\":\"https:\\\/\\\/bycon-europe.com\\\/#organization\",\"name\":\"BYCON Europe\",\"url\":\"https:\\\/\\\/bycon-europe.com\\\/\",\"logo\":{\"@type\":\"ImageObject\",\"inLanguage\":\"fr-FR\",\"@id\":\"https:\\\/\\\/bycon-europe.com\\\/#\\\/schema\\\/logo\\\/image\\\/\",\"url\":\"https:\\\/\\\/bycon-europe.com\\\/wp-content\\\/uploads\\\/2025\\\/12\\\/logo-Bewerkt.png\",\"contentUrl\":\"https:\\\/\\\/bycon-europe.com\\\/wp-content\\\/uploads\\\/2025\\\/12\\\/logo-Bewerkt.png\",\"width\":765,\"height\":200,\"caption\":\"BYCON Europe\"},\"image\":{\"@id\":\"https:\\\/\\\/bycon-europe.com\\\/#\\\/schema\\\/logo\\\/image\\\/\"}}]}<\/script>\n<!-- \/ Yoast SEO plugin. -->","yoast_head_json":{"title":"BYCON DMP-132P Carotteuse portable \u2013 1800W \u2013 Usage humide - BYCON Europe","description":"BYCON DMP-132P 1800W perceuse carotteuse portative avec indicateurs LED, protection PRCD et contr\u00f4le \u00e0 3 vitesses. Capacit\u00e9 de forage humide \u00d8132 mm. S\u00fbr et puissant.","robots":{"index":"index","follow":"follow","max-snippet":"max-snippet:-1","max-image-preview":"max-image-preview:large","max-video-preview":"max-video-preview:-1"},"canonical":"https:\/\/bycon-europe.com\/fr\/product\/moteur-de-carotteuse-portative-bycon-dmp-132p\/","og_locale":"fr_FR","og_type":"article","og_title":"BYCON DMP-132P Handheld Core Drill \u2013 1800W \u2013 Wet Use - BYCON Europe","og_description":"BYCON DMP-132P 1800W handheld wet core drill with LED indicators, PRCD protection, and 3-speed control. \u00d8132 mm wet drilling capacity. Safe and powerful.","og_url":"https:\/\/bycon-europe.com\/fr\/product\/moteur-de-carotteuse-portative-bycon-dmp-132p\/","og_site_name":"BYCON Europe","article_modified_time":"2025-07-07T09:38:44+00:00","og_image":[{"width":700,"height":700,"url":"https:\/\/bycon-europe.com\/wp-content\/uploads\/2025\/04\/DMP-132P-1.png","type":"image\/png"}],"twitter_card":"summary_large_image","twitter_misc":{"Dur\u00e9e de lecture estim\u00e9e":"2 minutes"},"schema":{"@context":"https:\/\/schema.org","@graph":[{"@type":"WebPage","@id":"https:\/\/bycon-europe.com\/product\/bycon-dmp-132p-hand-held-core-drill-motor\/","url":"https:\/\/bycon-europe.com\/product\/bycon-dmp-132p-hand-held-core-drill-motor\/","name":"BYCON DMP-132P Carotteuse portable \u2013 1800W \u2013 Usage humide - BYCON Europe","isPartOf":{"@id":"https:\/\/bycon-europe.com\/#website"},"primaryImageOfPage":{"@id":"https:\/\/bycon-europe.com\/product\/bycon-dmp-132p-hand-held-core-drill-motor\/#primaryimage"},"image":{"@id":"https:\/\/bycon-europe.com\/product\/bycon-dmp-132p-hand-held-core-drill-motor\/#primaryimage"},"thumbnailUrl":"https:\/\/bycon-europe.com\/wp-content\/uploads\/2025\/04\/DMP-132P-1.png","datePublished":"2025-04-08T12:26:51+00:00","dateModified":"2025-07-07T09:38:44+00:00","description":"BYCON DMP-132P 1800W perceuse carotteuse portative avec indicateurs LED, protection PRCD et contr\u00f4le \u00e0 3 vitesses. Capacit\u00e9 de forage humide \u00d8132 mm. S\u00fbr et puissant.","breadcrumb":{"@id":"https:\/\/bycon-europe.com\/product\/bycon-dmp-132p-hand-held-core-drill-motor\/#breadcrumb"},"inLanguage":"fr-FR","potentialAction":[{"@type":"ReadAction","target":["https:\/\/bycon-europe.com\/product\/bycon-dmp-132p-hand-held-core-drill-motor\/"]}]},{"@type":"ImageObject","inLanguage":"fr-FR","@id":"https:\/\/bycon-europe.com\/product\/bycon-dmp-132p-hand-held-core-drill-motor\/#primaryimage","url":"https:\/\/bycon-europe.com\/wp-content\/uploads\/2025\/04\/DMP-132P-1.png","contentUrl":"https:\/\/bycon-europe.com\/wp-content\/uploads\/2025\/04\/DMP-132P-1.png","width":700,"height":700},{"@type":"BreadcrumbList","@id":"https:\/\/bycon-europe.com\/product\/bycon-dmp-132p-hand-held-core-drill-motor\/#breadcrumb","itemListElement":[{"@type":"ListItem","position":1,"name":"Home","item":"https:\/\/bycon-europe.com\/"},{"@type":"ListItem","position":2,"name":"Shop","item":"https:\/\/bycon-europe.com\/shop\/"},{"@type":"ListItem","position":3,"name":"BYCON DMP-132P Wet Diamond Core Drill Motor | 1800W | Hand Held"}]},{"@type":"WebSite","@id":"https:\/\/bycon-europe.com\/#website","url":"https:\/\/bycon-europe.com\/","name":"BYCON Europe","description":"","publisher":{"@id":"https:\/\/bycon-europe.com\/#organization"},"potentialAction":[{"@type":"SearchAction","target":{"@type":"EntryPoint","urlTemplate":"https:\/\/bycon-europe.com\/?s={search_term_string}"},"query-input":{"@type":"PropertyValueSpecification","valueRequired":true,"valueName":"search_term_string"}}],"inLanguage":"fr-FR"},{"@type":"Organization","@id":"https:\/\/bycon-europe.com\/#organization","name":"BYCON Europe","url":"https:\/\/bycon-europe.com\/","logo":{"@type":"ImageObject","inLanguage":"fr-FR","@id":"https:\/\/bycon-europe.com\/#\/schema\/logo\/image\/","url":"https:\/\/bycon-europe.com\/wp-content\/uploads\/2025\/12\/logo-Bewerkt.png","contentUrl":"https:\/\/bycon-europe.com\/wp-content\/uploads\/2025\/12\/logo-Bewerkt.png","width":765,"height":200,"caption":"BYCON Europe"},"image":{"@id":"https:\/\/bycon-europe.com\/#\/schema\/logo\/image\/"}}]}},"_links":{"self":[{"href":"https:\/\/bycon-europe.com\/fr\/wp-json\/wp\/v2\/product\/927","targetHints":{"allow":["GET"]}}],"collection":[{"href":"https:\/\/bycon-europe.com\/fr\/wp-json\/wp\/v2\/product"}],"about":[{"href":"https:\/\/bycon-europe.com\/fr\/wp-json\/wp\/v2\/types\/product"}],"replies":[{"embeddable":true,"href":"https:\/\/bycon-europe.com\/fr\/wp-json\/wp\/v2\/comments?post=927"}],"wp:featuredmedia":[{"embeddable":true,"href":"https:\/\/bycon-europe.com\/fr\/wp-json\/wp\/v2\/media\/930"}],"wp:attachment":[{"href":"https:\/\/bycon-europe.com\/fr\/wp-json\/wp\/v2\/media?parent=927"}],"wp:term":[{"taxonomy":"product_brand","embeddable":true,"href":"https:\/\/bycon-europe.com\/fr\/wp-json\/wp\/v2\/product_brand?post=927"},{"taxonomy":"product_cat","embeddable":true,"href":"https:\/\/bycon-europe.com\/fr\/wp-json\/wp\/v2\/product_cat?post=927"},{"taxonomy":"product_tag","embeddable":true,"href":"https:\/\/bycon-europe.com\/fr\/wp-json\/wp\/v2\/product_tag?post=927"}],"curies":[{"name":"wp","href":"https:\/\/api.w.org\/{rel}","templated":true}]}}