{"id":970,"date":"2025-04-10T06:25:19","date_gmt":"2025-04-10T06:25:19","guid":{"rendered":"https:\/\/bycon-europe.com\/?post_type=product&#038;p=970"},"modified":"2025-04-10T06:25:19","modified_gmt":"2025-04-10T06:25:19","slug":"marteau-piqueur-beton-portatif-bycon-dgh-49","status":"publish","type":"product","link":"https:\/\/bycon-europe.com\/fr\/product\/bycon-dgh-49-portable-concrete-jackhammer\/","title":{"rendered":"BYCON DGH-49 Brise-b\u00e9ton portatif"},"content":{"rendered":"<h2 data-start=\"299\" data-end=\"355\">Marteau-piqueur \u00e0 essence puissant pour d\u00e9molition lourde<\/h2>\n<p class=\"\" data-start=\"357\" data-end=\"563\"><strong data-start=\"357\" data-end=\"453\">Compact, puissant et \u00e0 essence \u2014 le DGH-49 offre une force maximale avec un minimum d'effort.<\/strong><br data-start=\"453\" data-end=\"456\" \/>Ce marteau-piqueur portable est con\u00e7u pour briser facilement le b\u00e9ton, la pierre et d'autres mat\u00e9riaux durs.<\/p>\n<p class=\"\" data-start=\"565\" data-end=\"1038\">Le BYCON DGH-49 combine un moteur \u00e0 essence 2 temps de 49 cm\u00b3 robuste avec une poign\u00e9e ergonomique en forme de \u201c V \u201d pour une meilleure prise en main et une r\u00e9duction des vibrations. Fonctionnant jusqu'\u00e0 1500 tr\/min et d\u00e9livrant jusqu'\u00e0 55 joules d'\u00e9nergie d'impact, cette machine est parfaite pour les travaux de d\u00e9molition exigeants, du d\u00e9fon\u00e7age des entr\u00e9es de garage \u00e0 la rupture des fondations. La commande d'acc\u00e9l\u00e9rateur int\u00e9gr\u00e9e permet un fonctionnement fluide, tandis que le design unique inspir\u00e9 des transformateurs en fait un v\u00e9ritable accroche-regard sur le chantier.<\/p>\n<p><strong>Caract\u00e9ristiques cl\u00e9s<\/strong><\/p>\n<ul>\n<li><strong>Moteur fiable :<\/strong> Propuls\u00e9 par un moteur \u00e0 essence 2 temps de 49 cm\u00b3 avec des vitesses de 770 \u00e0 1500 tr\/min pour des cycles de frappe rapides.<\/li>\n<li><strong>Conception de Transformers :<\/strong> Un design distinctif du cache-outils inspir\u00e9 du logo Transformer \u2013 qui le fait ressortir dans n'importe quelle bo\u00eete \u00e0 outils.<\/li>\n<li><strong>R\u00e9servoir de carburant de 1,2 L :<\/strong> Assure une longue dur\u00e9e de fonctionnement sans ravitaillement fr\u00e9quent.<\/li>\n<li><strong>Protection du moteur :<\/strong> Le support int\u00e9gr\u00e9 emp\u00eache les dommages par abrasion au moteur et au r\u00e9servoir lorsqu'ils sont pos\u00e9s au sol.<\/li>\n<li><strong>Acc\u00e9l\u00e9rateur \u00e0 port\u00e9e de main :<\/strong> Syst\u00e8me de d\u00e9marrage facile et commande d'acc\u00e9l\u00e9rateur pratique, le d\u00e9bit d'huile au bout du pouce.<\/li>\n<li><strong>Poign\u00e9es ergonomiques en \u201c V \u201d :<\/strong> R\u00e9duit les vibrations jusqu'\u00e0 40% et augmente le confort d'utilisation.<\/li>\n<li><strong>Porte-outil HITACHI standard 30 mm :<\/strong> Compatible avec une large gamme d'outils \u00e0 percussion.<\/li>\n<\/ul>\n<p><strong>Ce qui est inclus<\/strong><\/p>\n<ul>\n<li>1x marteau-piqueur \u00e0 essence DGH-49<\/li>\n<li>1x Ciseau \u00e0 pointe<\/li>\n<li>1x Ciseau plat<\/li>\n<\/ul>","protected":false},"excerpt":{"rendered":"<p>Marteau-piqueur compact \u00e0 essence avec moteur 2 temps de 49cc, d\u00e9livrant une \u00e9nergie d'impact allant jusqu'\u00e0 55J. Id\u00e9al pour la d\u00e9molition lourde de b\u00e9ton et de pierre.<\/p>","protected":false},"featured_media":973,"comment_status":"open","ping_status":"closed","template":"","meta":[],"product_brand":[],"product_cat":[15,16,30,27,28],"product_tag":[],"class_list":{"0":"post-970","1":"product","2":"type-product","3":"status-publish","4":"has-post-thumbnail","6":"product_cat-all-machines","7":"product_cat-construction-machines","8":"product_cat-petrol-breaker","9":"product_cat-petrol-tools","10":"product_cat-post-driving-breaking","12":"first","13":"instock","14":"shipping-taxable","15":"product-type-simple"},"yoast_head":"<!-- This site is optimized with the Yoast SEO plugin v27.5 - https:\/\/yoast.com\/product\/yoast-seo-wordpress\/ -->\n<title>BYCON DGH-49 Portable Concrete Jackhammer - BYCON Europe<\/title>\n<meta name=\"robots\" content=\"index, follow, max-snippet:-1, max-image-preview:large, max-video-preview:-1\" \/>\n<link rel=\"canonical\" href=\"https:\/\/bycon-europe.com\/fr\/product\/marteau-piqueur-beton-portatif-bycon-dgh-49\/\" \/>\n<meta property=\"og:locale\" content=\"fr_FR\" \/>\n<meta property=\"og:type\" content=\"article\" \/>\n<meta property=\"og:title\" content=\"BYCON DGH-49 Portable Concrete Jackhammer - BYCON Europe\" \/>\n<meta property=\"og:description\" content=\"Compact petrol jackhammer with 49cc 2-stroke engine, delivering up to 55J impact energy. Ideal for heavy-duty demolition of concrete and stone.\" \/>\n<meta property=\"og:url\" content=\"https:\/\/bycon-europe.com\/fr\/product\/marteau-piqueur-beton-portatif-bycon-dgh-49\/\" \/>\n<meta property=\"og:site_name\" content=\"BYCON Europe\" \/>\n<meta property=\"og:image\" content=\"https:\/\/bycon-europe.com\/wp-content\/uploads\/2025\/04\/DGH-49.png\" \/>\n\t<meta property=\"og:image:width\" content=\"700\" \/>\n\t<meta property=\"og:image:height\" content=\"700\" \/>\n\t<meta property=\"og:image:type\" content=\"image\/png\" \/>\n<meta name=\"twitter:card\" content=\"summary_large_image\" \/>\n<meta name=\"twitter:label1\" content=\"Dur\u00e9e de lecture estim\u00e9e\" \/>\n\t<meta name=\"twitter:data1\" content=\"2 minutes\" \/>\n<script type=\"application\/ld+json\" class=\"yoast-schema-graph\">{\"@context\":\"https:\\\/\\\/schema.org\",\"@graph\":[{\"@type\":\"WebPage\",\"@id\":\"https:\\\/\\\/bycon-europe.com\\\/product\\\/bycon-dgh-49-portable-concrete-jackhammer\\\/\",\"url\":\"https:\\\/\\\/bycon-europe.com\\\/product\\\/bycon-dgh-49-portable-concrete-jackhammer\\\/\",\"name\":\"BYCON DGH-49 Portable Concrete Jackhammer - BYCON Europe\",\"isPartOf\":{\"@id\":\"https:\\\/\\\/bycon-europe.com\\\/#website\"},\"primaryImageOfPage\":{\"@id\":\"https:\\\/\\\/bycon-europe.com\\\/product\\\/bycon-dgh-49-portable-concrete-jackhammer\\\/#primaryimage\"},\"image\":{\"@id\":\"https:\\\/\\\/bycon-europe.com\\\/product\\\/bycon-dgh-49-portable-concrete-jackhammer\\\/#primaryimage\"},\"thumbnailUrl\":\"https:\\\/\\\/bycon-europe.com\\\/wp-content\\\/uploads\\\/2025\\\/04\\\/DGH-49.png\",\"datePublished\":\"2025-04-10T06:25:19+00:00\",\"breadcrumb\":{\"@id\":\"https:\\\/\\\/bycon-europe.com\\\/product\\\/bycon-dgh-49-portable-concrete-jackhammer\\\/#breadcrumb\"},\"inLanguage\":\"fr-FR\",\"potentialAction\":[{\"@type\":\"ReadAction\",\"target\":[\"https:\\\/\\\/bycon-europe.com\\\/product\\\/bycon-dgh-49-portable-concrete-jackhammer\\\/\"]}]},{\"@type\":\"ImageObject\",\"inLanguage\":\"fr-FR\",\"@id\":\"https:\\\/\\\/bycon-europe.com\\\/product\\\/bycon-dgh-49-portable-concrete-jackhammer\\\/#primaryimage\",\"url\":\"https:\\\/\\\/bycon-europe.com\\\/wp-content\\\/uploads\\\/2025\\\/04\\\/DGH-49.png\",\"contentUrl\":\"https:\\\/\\\/bycon-europe.com\\\/wp-content\\\/uploads\\\/2025\\\/04\\\/DGH-49.png\",\"width\":700,\"height\":700},{\"@type\":\"BreadcrumbList\",\"@id\":\"https:\\\/\\\/bycon-europe.com\\\/product\\\/bycon-dgh-49-portable-concrete-jackhammer\\\/#breadcrumb\",\"itemListElement\":[{\"@type\":\"ListItem\",\"position\":1,\"name\":\"Home\",\"item\":\"https:\\\/\\\/bycon-europe.com\\\/\"},{\"@type\":\"ListItem\",\"position\":2,\"name\":\"Shop\",\"item\":\"https:\\\/\\\/bycon-europe.com\\\/shop\\\/\"},{\"@type\":\"ListItem\",\"position\":3,\"name\":\"BYCON DGH-49 Portable Concrete Jackhammer\"}]},{\"@type\":\"WebSite\",\"@id\":\"https:\\\/\\\/bycon-europe.com\\\/#website\",\"url\":\"https:\\\/\\\/bycon-europe.com\\\/\",\"name\":\"BYCON Europe\",\"description\":\"\",\"publisher\":{\"@id\":\"https:\\\/\\\/bycon-europe.com\\\/#organization\"},\"potentialAction\":[{\"@type\":\"SearchAction\",\"target\":{\"@type\":\"EntryPoint\",\"urlTemplate\":\"https:\\\/\\\/bycon-europe.com\\\/?s={search_term_string}\"},\"query-input\":{\"@type\":\"PropertyValueSpecification\",\"valueRequired\":true,\"valueName\":\"search_term_string\"}}],\"inLanguage\":\"fr-FR\"},{\"@type\":\"Organization\",\"@id\":\"https:\\\/\\\/bycon-europe.com\\\/#organization\",\"name\":\"BYCON Europe\",\"url\":\"https:\\\/\\\/bycon-europe.com\\\/\",\"logo\":{\"@type\":\"ImageObject\",\"inLanguage\":\"fr-FR\",\"@id\":\"https:\\\/\\\/bycon-europe.com\\\/#\\\/schema\\\/logo\\\/image\\\/\",\"url\":\"https:\\\/\\\/bycon-europe.com\\\/wp-content\\\/uploads\\\/2025\\\/12\\\/logo-Bewerkt.png\",\"contentUrl\":\"https:\\\/\\\/bycon-europe.com\\\/wp-content\\\/uploads\\\/2025\\\/12\\\/logo-Bewerkt.png\",\"width\":765,\"height\":200,\"caption\":\"BYCON Europe\"},\"image\":{\"@id\":\"https:\\\/\\\/bycon-europe.com\\\/#\\\/schema\\\/logo\\\/image\\\/\"}}]}<\/script>\n<!-- \/ Yoast SEO plugin. -->","yoast_head_json":{"title":"BYCON DGH-49 Burineur b\u00e9ton portable - BYCON Europe","robots":{"index":"index","follow":"follow","max-snippet":"max-snippet:-1","max-image-preview":"max-image-preview:large","max-video-preview":"max-video-preview:-1"},"canonical":"https:\/\/bycon-europe.com\/fr\/product\/marteau-piqueur-beton-portatif-bycon-dgh-49\/","og_locale":"fr_FR","og_type":"article","og_title":"BYCON DGH-49 Portable Concrete Jackhammer - BYCON Europe","og_description":"Compact petrol jackhammer with 49cc 2-stroke engine, delivering up to 55J impact energy. Ideal for heavy-duty demolition of concrete and stone.","og_url":"https:\/\/bycon-europe.com\/fr\/product\/marteau-piqueur-beton-portatif-bycon-dgh-49\/","og_site_name":"BYCON Europe","og_image":[{"width":700,"height":700,"url":"https:\/\/bycon-europe.com\/wp-content\/uploads\/2025\/04\/DGH-49.png","type":"image\/png"}],"twitter_card":"summary_large_image","twitter_misc":{"Dur\u00e9e de lecture estim\u00e9e":"2 minutes"},"schema":{"@context":"https:\/\/schema.org","@graph":[{"@type":"WebPage","@id":"https:\/\/bycon-europe.com\/product\/bycon-dgh-49-portable-concrete-jackhammer\/","url":"https:\/\/bycon-europe.com\/product\/bycon-dgh-49-portable-concrete-jackhammer\/","name":"BYCON DGH-49 Burineur b\u00e9ton portable - BYCON Europe","isPartOf":{"@id":"https:\/\/bycon-europe.com\/#website"},"primaryImageOfPage":{"@id":"https:\/\/bycon-europe.com\/product\/bycon-dgh-49-portable-concrete-jackhammer\/#primaryimage"},"image":{"@id":"https:\/\/bycon-europe.com\/product\/bycon-dgh-49-portable-concrete-jackhammer\/#primaryimage"},"thumbnailUrl":"https:\/\/bycon-europe.com\/wp-content\/uploads\/2025\/04\/DGH-49.png","datePublished":"2025-04-10T06:25:19+00:00","breadcrumb":{"@id":"https:\/\/bycon-europe.com\/product\/bycon-dgh-49-portable-concrete-jackhammer\/#breadcrumb"},"inLanguage":"fr-FR","potentialAction":[{"@type":"ReadAction","target":["https:\/\/bycon-europe.com\/product\/bycon-dgh-49-portable-concrete-jackhammer\/"]}]},{"@type":"ImageObject","inLanguage":"fr-FR","@id":"https:\/\/bycon-europe.com\/product\/bycon-dgh-49-portable-concrete-jackhammer\/#primaryimage","url":"https:\/\/bycon-europe.com\/wp-content\/uploads\/2025\/04\/DGH-49.png","contentUrl":"https:\/\/bycon-europe.com\/wp-content\/uploads\/2025\/04\/DGH-49.png","width":700,"height":700},{"@type":"BreadcrumbList","@id":"https:\/\/bycon-europe.com\/product\/bycon-dgh-49-portable-concrete-jackhammer\/#breadcrumb","itemListElement":[{"@type":"ListItem","position":1,"name":"Home","item":"https:\/\/bycon-europe.com\/"},{"@type":"ListItem","position":2,"name":"Shop","item":"https:\/\/bycon-europe.com\/shop\/"},{"@type":"ListItem","position":3,"name":"BYCON DGH-49 Portable Concrete Jackhammer"}]},{"@type":"WebSite","@id":"https:\/\/bycon-europe.com\/#website","url":"https:\/\/bycon-europe.com\/","name":"BYCON Europe","description":"","publisher":{"@id":"https:\/\/bycon-europe.com\/#organization"},"potentialAction":[{"@type":"SearchAction","target":{"@type":"EntryPoint","urlTemplate":"https:\/\/bycon-europe.com\/?s={search_term_string}"},"query-input":{"@type":"PropertyValueSpecification","valueRequired":true,"valueName":"search_term_string"}}],"inLanguage":"fr-FR"},{"@type":"Organization","@id":"https:\/\/bycon-europe.com\/#organization","name":"BYCON Europe","url":"https:\/\/bycon-europe.com\/","logo":{"@type":"ImageObject","inLanguage":"fr-FR","@id":"https:\/\/bycon-europe.com\/#\/schema\/logo\/image\/","url":"https:\/\/bycon-europe.com\/wp-content\/uploads\/2025\/12\/logo-Bewerkt.png","contentUrl":"https:\/\/bycon-europe.com\/wp-content\/uploads\/2025\/12\/logo-Bewerkt.png","width":765,"height":200,"caption":"BYCON Europe"},"image":{"@id":"https:\/\/bycon-europe.com\/#\/schema\/logo\/image\/"}}]}},"_links":{"self":[{"href":"https:\/\/bycon-europe.com\/fr\/wp-json\/wp\/v2\/product\/970","targetHints":{"allow":["GET"]}}],"collection":[{"href":"https:\/\/bycon-europe.com\/fr\/wp-json\/wp\/v2\/product"}],"about":[{"href":"https:\/\/bycon-europe.com\/fr\/wp-json\/wp\/v2\/types\/product"}],"replies":[{"embeddable":true,"href":"https:\/\/bycon-europe.com\/fr\/wp-json\/wp\/v2\/comments?post=970"}],"wp:featuredmedia":[{"embeddable":true,"href":"https:\/\/bycon-europe.com\/fr\/wp-json\/wp\/v2\/media\/973"}],"wp:attachment":[{"href":"https:\/\/bycon-europe.com\/fr\/wp-json\/wp\/v2\/media?parent=970"}],"wp:term":[{"taxonomy":"product_brand","embeddable":true,"href":"https:\/\/bycon-europe.com\/fr\/wp-json\/wp\/v2\/product_brand?post=970"},{"taxonomy":"product_cat","embeddable":true,"href":"https:\/\/bycon-europe.com\/fr\/wp-json\/wp\/v2\/product_cat?post=970"},{"taxonomy":"product_tag","embeddable":true,"href":"https:\/\/bycon-europe.com\/fr\/wp-json\/wp\/v2\/product_tag?post=970"}],"curies":[{"name":"wp","href":"https:\/\/api.w.org\/{rel}","templated":true}]}}