{"id":988,"date":"2025-04-10T07:05:21","date_gmt":"2025-04-10T07:05:21","guid":{"rendered":"https:\/\/bycon-europe.com\/?post_type=product&#038;p=988"},"modified":"2025-07-07T09:39:05","modified_gmt":"2025-07-07T09:39:05","slug":"carotteuse-bycon-dmp-252","status":"publish","type":"product","link":"https:\/\/bycon-europe.com\/fr\/product\/bycon-dmp-252-core-drilling-machine\/","title":{"rendered":"BYCON DMP-252 Moteur de carottage diamant\u00e9 humide | 2600W | Usage intensif | Mont\u00e9 sur b\u00e2ti"},"content":{"rendered":"<h2 data-start=\"235\" data-end=\"307\">Perceuse diamant BYCON DMP-252 \u2013 2600W, 3 vitesses, mont\u00e9e sur b\u00e2ti<\/h2>\n<p data-start=\"309\" data-end=\"1001\">La BYCON DMP-252 est une carroteuse sur b\u00e2ti haute performance con\u00e7ue pour les travaux exigeants dans le b\u00e9ton arm\u00e9 avec barres d'armature. Aliment\u00e9e par un moteur de 2600W et dot\u00e9e d'une bo\u00eete de vitesses \u00e0 3 rapports, elle g\u00e8re sans effort des diam\u00e8tres de carottage allant jusqu'\u00e0 \u00d8252 mm. La machine est \u00e9quip\u00e9e de syst\u00e8mes de s\u00e9curit\u00e9 m\u00e9caniques et \u00e9lectroniques, notamment un d\u00e9marrage progressif, une protection PRCD, des alertes de surcharge et un embrayage \u00e0 friction m\u00e9canique pour la s\u00e9curit\u00e9 de l'utilisateur. Les composants de qualit\u00e9 sup\u00e9rieure tels que le syst\u00e8me d'engrenages KHGEARS, un induit robuste et un acc\u00e8s externe aux balais de carbone garantissent une durabilit\u00e9 exceptionnelle et une interruption minimale des travaux. Con\u00e7ue pour la fiabilit\u00e9 et la pr\u00e9cision, la DMP-252 est l'outil ultime pour les professionnels s\u00e9rieux.<\/p>\n<hr data-start=\"1003\" data-end=\"1006\" \/>\n<p data-start=\"1008\" data-end=\"1028\"><strong>Caract\u00e9ristiques cl\u00e9s<\/strong><\/p>\n<ul>\n<li data-start=\"1031\" data-end=\"1140\"><strong data-start=\"1031\" data-end=\"1063\">Moteur haute performance de 2600 W<\/strong>Offre un per\u00e7age puissant et constant dans le b\u00e9ton arm\u00e9 avec armatures<\/li>\n<li data-start=\"1031\" data-end=\"1140\"><strong data-start=\"1143\" data-end=\"1162\">Bo\u00eete de vitesses \u00e0 3 vitesses<\/strong>Choisissez entre 560 \/ 1120 \/ 1680 tr\/min pour le per\u00e7age de \u00d880 mm \u00e0 \u00d8252 mm<\/li>\n<li data-start=\"1031\" data-end=\"1140\"><strong data-start=\"1236\" data-end=\"1268\">D\u00e9marrage progressif et protection PRCD<\/strong>D\u00e9marrage moteur en douceur avec protection contre les dangers \u00e9lectriques<\/li>\n<li data-start=\"1031\" data-end=\"1140\"><strong data-start=\"1338\" data-end=\"1368\">Embrayage de s\u00e9curit\u00e9 m\u00e9canique<\/strong>Am\u00e9liore la s\u00e9curit\u00e9 de l'op\u00e9rateur en \u00e9vitant les pics de couple soudains<\/li>\n<li data-start=\"1031\" data-end=\"1140\"><strong data-start=\"1434\" data-end=\"1461\">Balais de carbone externes<\/strong>: Remplacement de brosse facile d'acc\u00e8s pour un temps de service r\u00e9duit<\/li>\n<li data-start=\"1031\" data-end=\"1140\"><strong data-start=\"1522\" data-end=\"1545\">Syst\u00e8me d'engrenages KHGEARS<\/strong>: L'engrenage de haute qualit\u00e9 assure un refroidissement efficace et une dur\u00e9e de vie prolong\u00e9e<\/li>\n<li data-start=\"1031\" data-end=\"1140\"><strong data-start=\"1614\" data-end=\"1636\">Montage Universel<\/strong>: Trous standard de 79 \u00d7 41 mm compatibles avec la plupart des chariots de forage<\/li>\n<\/ul>\n<hr data-start=\"1699\" data-end=\"1702\" \/>\n<p data-start=\"1704\" data-end=\"1736\"><strong data-start=\"1708\" data-end=\"1736\">Sp\u00e9cifications techniques<\/strong><\/p>\n<ul>\n<li data-start=\"1739\" data-end=\"1765\"><strong data-start=\"1739\" data-end=\"1755\">Puissance de sortie<\/strong>: 2600 W<\/li>\n<li data-start=\"1739\" data-end=\"1765\"><strong data-start=\"1768\" data-end=\"1791\">Tension \/ Fr\u00e9quence<\/strong>220 V \/ 50 Hz ou 120 V \/ 60 Hz<\/li>\n<li data-start=\"1739\" data-end=\"1765\"><strong data-start=\"1828\" data-end=\"1839\">Courant<\/strong>: 14 A \/ 25 A<\/li>\n<li data-start=\"1739\" data-end=\"1765\"><strong data-start=\"1857\" data-end=\"1891\">Vitesse \u00e0 vide (Vitesse 1 \/ 2 \/ 3)<\/strong>560 \/ 1 120 \/ 1 680 tr\/min<\/li>\n<li data-start=\"1739\" data-end=\"1765\"><strong data-start=\"1921\" data-end=\"1959\">Diam\u00e8tre de per\u00e7age (Engrenage 1 \/ 2 \/ 3)<\/strong>: \u00d8252 mm \/ \u00d8102 mm \/ \u00d880 mm<\/li>\n<li data-start=\"1739\" data-end=\"1765\"><strong data-start=\"1992\" data-end=\"2028\">Diam\u00e8tre de per\u00e7age maximal (b\u00e9ton)<\/strong>: 252 mm de diam\u00e8tre<\/li>\n<li data-start=\"1739\" data-end=\"1765\"><strong data-start=\"2042\" data-end=\"2060\">Filet de broche<\/strong>1\u00bc\u2033 UNC<\/li>\n<li data-start=\"1739\" data-end=\"1765\"><strong data-start=\"2074\" data-end=\"2088\">Poids net<\/strong>12,7 kg<\/li>\n<li data-start=\"1739\" data-end=\"1765\"><strong data-start=\"2102\" data-end=\"2118\">Taille d'emballage<\/strong>635 \u00d7 460 \u00d7 215 mm<\/li>\n<li data-start=\"1739\" data-end=\"1765\"><strong data-start=\"2143\" data-end=\"2170\">Support de perceuse compatible<\/strong>: DSP-252 \/ DSP-352<\/li>\n<\/ul>\n<hr data-start=\"2193\" data-end=\"2196\" \/>\n<p data-start=\"2198\" data-end=\"2221\"><strong data-start=\"2202\" data-end=\"2221\">Ce qui est inclus<\/strong><\/p>\n<ul>\n<li data-start=\"2224\" data-end=\"2265\">Moteur de carotteuse BYCON DMP-252 (2600 W)<\/li>\n<li data-start=\"2224\" data-end=\"2265\">Fiche de s\u00e9curit\u00e9 PRCD<\/li>\n<li data-start=\"2224\" data-end=\"2265\">Poign\u00e9e lat\u00e9rale r\u00e9glable<\/li>\n<li data-start=\"2224\" data-end=\"2265\">Jeu de balais en carbone<\/li>\n<li data-start=\"2224\" data-end=\"2265\">Manuel d'utilisation<\/li>\n<li data-start=\"2224\" data-end=\"2265\">Bo\u00eete de transport<\/li>\n<\/ul>","protected":false},"excerpt":{"rendered":"<p data-start=\"280\" data-end=\"825\">La BYCON DMP-252 est une carroteuse lourde de 2600 W mont\u00e9e sur b\u00e2ti, con\u00e7ue pour le carottage humide dans le b\u00e9ton arm\u00e9 avec barres d'armature. Elle offre une bo\u00eete de vitesses \u00e0 3 rapports pour un contr\u00f4le pr\u00e9cis sur des diam\u00e8tres de carotte de \u00d880 mm \u00e0 \u00d8252 mm, et comprend un d\u00e9marrage progressif, une protection PRCD et un embrayage de s\u00e9curit\u00e9 m\u00e9canique pour un fonctionnement s\u00fbr et stable. Avec sa transmission durable KHGEARS, ses balais de carbone externes et sa compatibilit\u00e9 avec les stations de forage standard, la DMP-252 est id\u00e9ale pour les environnements professionnels exigeants o\u00f9 la puissance, la pr\u00e9cision et la fiabilit\u00e9 sont essentielles.<\/p>","protected":false},"featured_media":992,"comment_status":"open","ping_status":"closed","template":"","meta":[],"product_brand":[],"product_cat":[15,16,20,19,62],"product_tag":[],"class_list":{"0":"post-988","1":"product","2":"type-product","3":"status-publish","4":"has-post-thumbnail","6":"product_cat-all-machines","7":"product_cat-construction-machines","8":"product_cat-core-drill-motor","9":"product_cat-core-drilling-equipment","10":"product_cat-rig-mounted-core-drills","12":"first","13":"instock","14":"shipping-taxable","15":"product-type-simple"},"yoast_head":"<!-- This site is optimized with the Yoast SEO plugin v27.5 - https:\/\/yoast.com\/product\/yoast-seo-wordpress\/ -->\n<title>BYCON DMP-252 Core Drilling Machine | 2600W | Rig Mounted - BYCON Europe<\/title>\n<meta name=\"description\" content=\"2600W rig-mounted core drill motor with 3-speed control, PRCD, soft start &amp; safety clutch. Ideal for reinforced concrete \u00d8252 mm. Built for durability.\" \/>\n<meta name=\"robots\" content=\"index, follow, max-snippet:-1, max-image-preview:large, max-video-preview:-1\" \/>\n<link rel=\"canonical\" href=\"https:\/\/bycon-europe.com\/fr\/product\/carotteuse-bycon-dmp-252\/\" \/>\n<meta property=\"og:locale\" content=\"fr_FR\" \/>\n<meta property=\"og:type\" content=\"article\" \/>\n<meta property=\"og:title\" content=\"BYCON DMP-252 Core Drilling Machine | 2600W | Rig Mounted - BYCON Europe\" \/>\n<meta property=\"og:description\" content=\"2600W rig-mounted core drill motor with 3-speed control, PRCD, soft start &amp; safety clutch. Ideal for reinforced concrete \u00d8252 mm. Built for durability.\" \/>\n<meta property=\"og:url\" content=\"https:\/\/bycon-europe.com\/fr\/product\/carotteuse-bycon-dmp-252\/\" \/>\n<meta property=\"og:site_name\" content=\"BYCON Europe\" \/>\n<meta property=\"article:modified_time\" content=\"2025-07-07T09:39:05+00:00\" \/>\n<meta property=\"og:image\" content=\"https:\/\/bycon-europe.com\/wp-content\/uploads\/2025\/04\/DMP-252.png\" \/>\n\t<meta property=\"og:image:width\" content=\"700\" \/>\n\t<meta property=\"og:image:height\" content=\"700\" \/>\n\t<meta property=\"og:image:type\" content=\"image\/png\" \/>\n<meta name=\"twitter:card\" content=\"summary_large_image\" \/>\n<meta name=\"twitter:label1\" content=\"Dur\u00e9e de lecture estim\u00e9e\" \/>\n\t<meta name=\"twitter:data1\" content=\"2 minutes\" \/>\n<script type=\"application\/ld+json\" class=\"yoast-schema-graph\">{\"@context\":\"https:\\\/\\\/schema.org\",\"@graph\":[{\"@type\":\"WebPage\",\"@id\":\"https:\\\/\\\/bycon-europe.com\\\/product\\\/bycon-dmp-252-core-drilling-machine\\\/\",\"url\":\"https:\\\/\\\/bycon-europe.com\\\/product\\\/bycon-dmp-252-core-drilling-machine\\\/\",\"name\":\"BYCON DMP-252 Core Drilling Machine | 2600W | Rig Mounted - BYCON Europe\",\"isPartOf\":{\"@id\":\"https:\\\/\\\/bycon-europe.com\\\/#website\"},\"primaryImageOfPage\":{\"@id\":\"https:\\\/\\\/bycon-europe.com\\\/product\\\/bycon-dmp-252-core-drilling-machine\\\/#primaryimage\"},\"image\":{\"@id\":\"https:\\\/\\\/bycon-europe.com\\\/product\\\/bycon-dmp-252-core-drilling-machine\\\/#primaryimage\"},\"thumbnailUrl\":\"https:\\\/\\\/bycon-europe.com\\\/wp-content\\\/uploads\\\/2025\\\/04\\\/DMP-252.png\",\"datePublished\":\"2025-04-10T07:05:21+00:00\",\"dateModified\":\"2025-07-07T09:39:05+00:00\",\"description\":\"2600W rig-mounted core drill motor with 3-speed control, PRCD, soft start & safety clutch. Ideal for reinforced concrete \u00d8252 mm. Built for durability.\",\"breadcrumb\":{\"@id\":\"https:\\\/\\\/bycon-europe.com\\\/product\\\/bycon-dmp-252-core-drilling-machine\\\/#breadcrumb\"},\"inLanguage\":\"fr-FR\",\"potentialAction\":[{\"@type\":\"ReadAction\",\"target\":[\"https:\\\/\\\/bycon-europe.com\\\/product\\\/bycon-dmp-252-core-drilling-machine\\\/\"]}]},{\"@type\":\"ImageObject\",\"inLanguage\":\"fr-FR\",\"@id\":\"https:\\\/\\\/bycon-europe.com\\\/product\\\/bycon-dmp-252-core-drilling-machine\\\/#primaryimage\",\"url\":\"https:\\\/\\\/bycon-europe.com\\\/wp-content\\\/uploads\\\/2025\\\/04\\\/DMP-252.png\",\"contentUrl\":\"https:\\\/\\\/bycon-europe.com\\\/wp-content\\\/uploads\\\/2025\\\/04\\\/DMP-252.png\",\"width\":700,\"height\":700},{\"@type\":\"BreadcrumbList\",\"@id\":\"https:\\\/\\\/bycon-europe.com\\\/product\\\/bycon-dmp-252-core-drilling-machine\\\/#breadcrumb\",\"itemListElement\":[{\"@type\":\"ListItem\",\"position\":1,\"name\":\"Home\",\"item\":\"https:\\\/\\\/bycon-europe.com\\\/\"},{\"@type\":\"ListItem\",\"position\":2,\"name\":\"Shop\",\"item\":\"https:\\\/\\\/bycon-europe.com\\\/shop\\\/\"},{\"@type\":\"ListItem\",\"position\":3,\"name\":\"BYCON DMP-252 Wet Diamond Core Drilling Motor | 2600W | Heavy Duty | Rig Mounted\"}]},{\"@type\":\"WebSite\",\"@id\":\"https:\\\/\\\/bycon-europe.com\\\/#website\",\"url\":\"https:\\\/\\\/bycon-europe.com\\\/\",\"name\":\"BYCON Europe\",\"description\":\"\",\"publisher\":{\"@id\":\"https:\\\/\\\/bycon-europe.com\\\/#organization\"},\"potentialAction\":[{\"@type\":\"SearchAction\",\"target\":{\"@type\":\"EntryPoint\",\"urlTemplate\":\"https:\\\/\\\/bycon-europe.com\\\/?s={search_term_string}\"},\"query-input\":{\"@type\":\"PropertyValueSpecification\",\"valueRequired\":true,\"valueName\":\"search_term_string\"}}],\"inLanguage\":\"fr-FR\"},{\"@type\":\"Organization\",\"@id\":\"https:\\\/\\\/bycon-europe.com\\\/#organization\",\"name\":\"BYCON Europe\",\"url\":\"https:\\\/\\\/bycon-europe.com\\\/\",\"logo\":{\"@type\":\"ImageObject\",\"inLanguage\":\"fr-FR\",\"@id\":\"https:\\\/\\\/bycon-europe.com\\\/#\\\/schema\\\/logo\\\/image\\\/\",\"url\":\"https:\\\/\\\/bycon-europe.com\\\/wp-content\\\/uploads\\\/2025\\\/12\\\/logo-Bewerkt.png\",\"contentUrl\":\"https:\\\/\\\/bycon-europe.com\\\/wp-content\\\/uploads\\\/2025\\\/12\\\/logo-Bewerkt.png\",\"width\":765,\"height\":200,\"caption\":\"BYCON Europe\"},\"image\":{\"@id\":\"https:\\\/\\\/bycon-europe.com\\\/#\\\/schema\\\/logo\\\/image\\\/\"}}]}<\/script>\n<!-- \/ Yoast SEO plugin. -->","yoast_head_json":{"title":"BYCON DMP-252 Carotteuse | 2600W | Mont\u00e9e sur b\u00e2ti - BYCON Europe","description":"Moteur de carotteuse 2600W mont\u00e9 sur b\u00e2ti avec contr\u00f4le \u00e0 3 vitesses, PRCD, d\u00e9marrage progressif et embrayage de s\u00e9curit\u00e9. Id\u00e9al pour le b\u00e9ton arm\u00e9 \u00d8252 mm. Con\u00e7u pour la durabilit\u00e9.","robots":{"index":"index","follow":"follow","max-snippet":"max-snippet:-1","max-image-preview":"max-image-preview:large","max-video-preview":"max-video-preview:-1"},"canonical":"https:\/\/bycon-europe.com\/fr\/product\/carotteuse-bycon-dmp-252\/","og_locale":"fr_FR","og_type":"article","og_title":"BYCON DMP-252 Core Drilling Machine | 2600W | Rig Mounted - BYCON Europe","og_description":"2600W rig-mounted core drill motor with 3-speed control, PRCD, soft start & safety clutch. Ideal for reinforced concrete \u00d8252 mm. Built for durability.","og_url":"https:\/\/bycon-europe.com\/fr\/product\/carotteuse-bycon-dmp-252\/","og_site_name":"BYCON Europe","article_modified_time":"2025-07-07T09:39:05+00:00","og_image":[{"width":700,"height":700,"url":"https:\/\/bycon-europe.com\/wp-content\/uploads\/2025\/04\/DMP-252.png","type":"image\/png"}],"twitter_card":"summary_large_image","twitter_misc":{"Dur\u00e9e de lecture estim\u00e9e":"2 minutes"},"schema":{"@context":"https:\/\/schema.org","@graph":[{"@type":"WebPage","@id":"https:\/\/bycon-europe.com\/product\/bycon-dmp-252-core-drilling-machine\/","url":"https:\/\/bycon-europe.com\/product\/bycon-dmp-252-core-drilling-machine\/","name":"BYCON DMP-252 Carotteuse | 2600W | Mont\u00e9e sur b\u00e2ti - BYCON Europe","isPartOf":{"@id":"https:\/\/bycon-europe.com\/#website"},"primaryImageOfPage":{"@id":"https:\/\/bycon-europe.com\/product\/bycon-dmp-252-core-drilling-machine\/#primaryimage"},"image":{"@id":"https:\/\/bycon-europe.com\/product\/bycon-dmp-252-core-drilling-machine\/#primaryimage"},"thumbnailUrl":"https:\/\/bycon-europe.com\/wp-content\/uploads\/2025\/04\/DMP-252.png","datePublished":"2025-04-10T07:05:21+00:00","dateModified":"2025-07-07T09:39:05+00:00","description":"Moteur de carotteuse 2600W mont\u00e9 sur b\u00e2ti avec contr\u00f4le \u00e0 3 vitesses, PRCD, d\u00e9marrage progressif et embrayage de s\u00e9curit\u00e9. Id\u00e9al pour le b\u00e9ton arm\u00e9 \u00d8252 mm. Con\u00e7u pour la durabilit\u00e9.","breadcrumb":{"@id":"https:\/\/bycon-europe.com\/product\/bycon-dmp-252-core-drilling-machine\/#breadcrumb"},"inLanguage":"fr-FR","potentialAction":[{"@type":"ReadAction","target":["https:\/\/bycon-europe.com\/product\/bycon-dmp-252-core-drilling-machine\/"]}]},{"@type":"ImageObject","inLanguage":"fr-FR","@id":"https:\/\/bycon-europe.com\/product\/bycon-dmp-252-core-drilling-machine\/#primaryimage","url":"https:\/\/bycon-europe.com\/wp-content\/uploads\/2025\/04\/DMP-252.png","contentUrl":"https:\/\/bycon-europe.com\/wp-content\/uploads\/2025\/04\/DMP-252.png","width":700,"height":700},{"@type":"BreadcrumbList","@id":"https:\/\/bycon-europe.com\/product\/bycon-dmp-252-core-drilling-machine\/#breadcrumb","itemListElement":[{"@type":"ListItem","position":1,"name":"Home","item":"https:\/\/bycon-europe.com\/"},{"@type":"ListItem","position":2,"name":"Shop","item":"https:\/\/bycon-europe.com\/shop\/"},{"@type":"ListItem","position":3,"name":"BYCON DMP-252 Wet Diamond Core Drilling Motor | 2600W | Heavy Duty | Rig Mounted"}]},{"@type":"WebSite","@id":"https:\/\/bycon-europe.com\/#website","url":"https:\/\/bycon-europe.com\/","name":"BYCON Europe","description":"","publisher":{"@id":"https:\/\/bycon-europe.com\/#organization"},"potentialAction":[{"@type":"SearchAction","target":{"@type":"EntryPoint","urlTemplate":"https:\/\/bycon-europe.com\/?s={search_term_string}"},"query-input":{"@type":"PropertyValueSpecification","valueRequired":true,"valueName":"search_term_string"}}],"inLanguage":"fr-FR"},{"@type":"Organization","@id":"https:\/\/bycon-europe.com\/#organization","name":"BYCON Europe","url":"https:\/\/bycon-europe.com\/","logo":{"@type":"ImageObject","inLanguage":"fr-FR","@id":"https:\/\/bycon-europe.com\/#\/schema\/logo\/image\/","url":"https:\/\/bycon-europe.com\/wp-content\/uploads\/2025\/12\/logo-Bewerkt.png","contentUrl":"https:\/\/bycon-europe.com\/wp-content\/uploads\/2025\/12\/logo-Bewerkt.png","width":765,"height":200,"caption":"BYCON Europe"},"image":{"@id":"https:\/\/bycon-europe.com\/#\/schema\/logo\/image\/"}}]}},"_links":{"self":[{"href":"https:\/\/bycon-europe.com\/fr\/wp-json\/wp\/v2\/product\/988","targetHints":{"allow":["GET"]}}],"collection":[{"href":"https:\/\/bycon-europe.com\/fr\/wp-json\/wp\/v2\/product"}],"about":[{"href":"https:\/\/bycon-europe.com\/fr\/wp-json\/wp\/v2\/types\/product"}],"replies":[{"embeddable":true,"href":"https:\/\/bycon-europe.com\/fr\/wp-json\/wp\/v2\/comments?post=988"}],"wp:featuredmedia":[{"embeddable":true,"href":"https:\/\/bycon-europe.com\/fr\/wp-json\/wp\/v2\/media\/992"}],"wp:attachment":[{"href":"https:\/\/bycon-europe.com\/fr\/wp-json\/wp\/v2\/media?parent=988"}],"wp:term":[{"taxonomy":"product_brand","embeddable":true,"href":"https:\/\/bycon-europe.com\/fr\/wp-json\/wp\/v2\/product_brand?post=988"},{"taxonomy":"product_cat","embeddable":true,"href":"https:\/\/bycon-europe.com\/fr\/wp-json\/wp\/v2\/product_cat?post=988"},{"taxonomy":"product_tag","embeddable":true,"href":"https:\/\/bycon-europe.com\/fr\/wp-json\/wp\/v2\/product_tag?post=988"}],"curies":[{"name":"wp","href":"https:\/\/api.w.org\/{rel}","templated":true}]}}