{"id":316,"date":"2025-01-17T07:46:59","date_gmt":"2025-01-17T07:46:59","guid":{"rendered":"https:\/\/bycon-europe.com\/?post_type=product&#038;p=316"},"modified":"2025-07-07T09:38:19","modified_gmt":"2025-07-07T09:38:19","slug":"trapano-a-carotare-diamantato-a-secco-bycon-db-162d-1-2%e2%80%b3-1-1-4%e2%80%b3-2200w-micro-percussione","status":"publish","type":"product","link":"https:\/\/bycon-europe.com\/it\/product\/bycon-db-162d-diamond-dry-core-drill-1-2%e2%80%b3-1-1-4%e2%80%b3-2200w-micro-percussion\/","title":{"rendered":"BYCON DB-162D Motore per carotatrice a diamante da 2200W | Micro percussione"},"content":{"rendered":"<h2 data-start=\"207\" data-end=\"286\">Trapano a carotare diamantato BYCON DB-162D \u2013 2200W, Micro percussione<\/h2>\n<p data-start=\"288\" data-end=\"889\">La BYCON DB-162D \u00e8 una carotatrice a secco robusta e altamente performante, progettata per professionisti che affrontano lavori impegnativi su cemento, muratura e altri materiali da costruzione abrasivi. Alimentata da un motore da 2200W, offre una coppia e una potenza di perforazione eccezionali sia in configurazione portatile che montata su trapano a colonna. La funzione integrata di micro-percussione migliora le prestazioni di taglio, specialmente quando si lavora senza acqua. Un meccanismo di frizione scorrevole e un design ergonomico garantiscono sicurezza e comfort all'operatore durante l'uso prolungato. Questa versatile carotatrice \u00e8 una scelta eccellente per gli appaltatori nei settori HVAC, elettrico e idraulico.<\/p>\n<hr data-start=\"891\" data-end=\"894\" \/>\n<p data-start=\"896\" data-end=\"916\"><strong>Caratteristiche Principali<\/strong><\/p>\n<ul>\n<li data-start=\"919\" data-end=\"1015\"><strong data-start=\"919\" data-end=\"940\">Alta Potenza in Uscita<\/strong>Il motore da 2200W garantisce prestazioni di perforazione costanti in condizioni difficili<\/li>\n<li data-start=\"919\" data-end=\"1015\"><strong data-start=\"1018\" data-end=\"1043\">Modalit\u00e0 Micro-Percussione<\/strong>Funzione di vibrazione opzionale per una maggiore efficienza di perforazione a secco<\/li>\n<li data-start=\"919\" data-end=\"1015\"><strong data-start=\"1114\" data-end=\"1135\">Cambio a due velocit\u00e0<\/strong>Si adatta a diversi diametri del nucleo e densit\u00e0 del materiale<\/li>\n<li data-start=\"919\" data-end=\"1015\"><strong data-start=\"1197\" data-end=\"1224\">Ergonomico e Leggero<\/strong>: Solo 6,5 kg, adatto per l'uso portatile o montato su rig<\/li>\n<li data-start=\"919\" data-end=\"1015\"><strong data-start=\"1290\" data-end=\"1316\">Protezione frizione a slittamento<\/strong>Previene sovraccarichi e aggiunge sicurezza meccanica<\/li>\n<li data-start=\"919\" data-end=\"1015\"><strong data-start=\"1367\" data-end=\"1391\">Design facile da usare<\/strong>Manico anteriore rimovibile per un facile controllo e comfort<\/li>\n<li data-start=\"919\" data-end=\"1015\"><strong data-start=\"1449\" data-end=\"1470\">Sistema di avviamento morbido<\/strong>Riduce lo sforzo sul motore e sull'operatore per un avvio pi\u00f9 fluido<\/li>\n<\/ul>\n<hr data-start=\"1533\" data-end=\"1536\" \/>\n<p data-start=\"1538\" data-end=\"1570\"><strong>Specifiche tecniche<\/strong><\/p>\n<ul>\n<li data-start=\"1573\" data-end=\"1599\"><strong data-start=\"1573\" data-end=\"1589\">Potenza<\/strong>2200 W<\/li>\n<li data-start=\"1573\" data-end=\"1599\"><strong data-start=\"1602\" data-end=\"1613\">Tensione<\/strong>220 V \/ 120 V<\/li>\n<li data-start=\"1573\" data-end=\"1599\"><strong data-start=\"1633\" data-end=\"1646\">Frequenza<\/strong>: 50 \/ 60 Hz<\/li>\n<li data-start=\"1573\" data-end=\"1599\"><strong data-start=\"1663\" data-end=\"1674\">Attuale<\/strong>10 A \/ 15 A<\/li>\n<li data-start=\"1690\" data-end=\"1737\"><strong data-start=\"1692\" data-end=\"1726\">Diametro di perforazione portatile<\/strong>: 162 mm di diametro<\/li>\n<li data-start=\"1690\" data-end=\"1737\"><strong data-start=\"1740\" data-end=\"1777\">Diametro massimo di perforazione con montaggio su camion<\/strong>202 mm<\/li>\n<li data-start=\"1690\" data-end=\"1737\"><strong data-start=\"1791\" data-end=\"1808\">Velocit\u00e0 a vuoto<\/strong>16.000 \/ 38.000 giri\/min<\/li>\n<li data-start=\"1690\" data-end=\"1737\"><strong data-start=\"1834\" data-end=\"1862\">Diametro manuale marcia 1<\/strong>\u00d8162 mm \/ \u00d882 mm<\/li>\n<li data-start=\"1690\" data-end=\"1737\"><strong data-start=\"1885\" data-end=\"1916\">Diametro dell'ingranaggio 1 montato sul supporto<\/strong>: \u00d8202 mm \/ \u00d8102 mm<\/li>\n<li data-start=\"1690\" data-end=\"1737\"><strong data-start=\"1940\" data-end=\"1959\">Tipo di connessione<\/strong>1\u00bc\u2033 UNC &amp; \u00bd\u2033 G<\/li>\n<li data-start=\"1690\" data-end=\"1737\"><strong data-start=\"1980\" data-end=\"1990\">Peso<\/strong>6,5 kg<\/li>\n<\/ul>\n<hr data-start=\"2002\" data-end=\"2005\" \/>\n<p data-start=\"2007\" data-end=\"2030\"><strong>Cosa \u00e8 incluso<\/strong><\/p>\n<ul>\n<li data-start=\"2033\" data-end=\"2090\">BYCON DB-162D Trivelle a secco diamantate (2200 W, 1\u00bc\u2033 \/ \u00bd\u2033)<\/li>\n<li data-start=\"2033\" data-end=\"2090\">Maniglia laterale regolabile<\/li>\n<li data-start=\"2033\" data-end=\"2090\">Manuale d'uso<\/li>\n<\/ul>","protected":false},"excerpt":{"rendered":"<p data-start=\"2442\" data-end=\"2781\">Il BYCON DB-162D \u00e8 una potente carotatrice a secco da 2200W progettata per l'uso sia a mano che montata su trapano. Con la sua modalit\u00e0 micro-percussione, cambio a due velocit\u00e0 e avanzato sistema di sicurezza a frizione antislit, offre una foratura fluida e precisa nel cemento armato fino a \u00d8162 mm e nella muratura fino a \u00d8202 mm. Leggero ed ergonomico per un uso prolungato.<\/p>","protected":false},"featured_media":321,"comment_status":"open","ping_status":"closed","template":"","meta":[],"product_brand":[],"product_cat":[16,20,19,65,60,62],"product_tag":[],"class_list":{"0":"post-316","1":"product","2":"type-product","3":"status-publish","4":"has-post-thumbnail","6":"product_cat-construction-machines","7":"product_cat-core-drill-motor","8":"product_cat-core-drilling-equipment","9":"product_cat-handheld-core-drills","10":"product_cat-micro-percussion-core-drills","11":"product_cat-rig-mounted-core-drills","13":"first","14":"instock","15":"shipping-taxable","16":"product-type-simple"},"yoast_head":"<!-- This site is optimized with the Yoast SEO plugin v27.5 - https:\/\/yoast.com\/product\/yoast-seo-wordpress\/ -->\n<title>BYCON DB-162D Diamond Dry Core Drill | 2200W | Micro Percussion - BYCON Europe<\/title>\n<meta name=\"description\" content=\"BYCON DB-162D Dry Core Drill with 2200W power, micro-percussion, and up to \u00d8202 mm capacity. Lightweight, rig-compatible, and includes slip clutch safety.\" \/>\n<meta name=\"robots\" content=\"index, follow, max-snippet:-1, max-image-preview:large, max-video-preview:-1\" \/>\n<link rel=\"canonical\" href=\"https:\/\/bycon-europe.com\/it\/product\/trapano-a-carotare-diamantato-a-secco-bycon-db-162d-1-2\u2033-1-1-4\u2033-2200w-micro-percussione\/\" \/>\n<meta property=\"og:locale\" content=\"it_IT\" \/>\n<meta property=\"og:type\" content=\"article\" \/>\n<meta property=\"og:title\" content=\"BYCON DB-162D Diamond Dry Core Drill | 2200W | Micro Percussion - BYCON Europe\" \/>\n<meta property=\"og:description\" content=\"BYCON DB-162D Dry Core Drill with 2200W power, micro-percussion, and up to \u00d8202 mm capacity. Lightweight, rig-compatible, and includes slip clutch safety.\" \/>\n<meta property=\"og:url\" content=\"https:\/\/bycon-europe.com\/it\/product\/trapano-a-carotare-diamantato-a-secco-bycon-db-162d-1-2\u2033-1-1-4\u2033-2200w-micro-percussione\/\" \/>\n<meta property=\"og:site_name\" content=\"BYCON Europe\" \/>\n<meta property=\"article:modified_time\" content=\"2025-07-07T09:38:19+00:00\" \/>\n<meta property=\"og:image\" content=\"https:\/\/bycon-europe.com\/wp-content\/uploads\/2025\/01\/1-1.webp\" \/>\n\t<meta property=\"og:image:width\" content=\"700\" \/>\n\t<meta property=\"og:image:height\" content=\"700\" \/>\n\t<meta property=\"og:image:type\" content=\"image\/webp\" \/>\n<meta name=\"twitter:card\" content=\"summary_large_image\" \/>\n<meta name=\"twitter:label1\" content=\"Tempo di lettura stimato\" \/>\n\t<meta name=\"twitter:data1\" content=\"2 minuti\" \/>\n<script type=\"application\/ld+json\" class=\"yoast-schema-graph\">{\"@context\":\"https:\\\/\\\/schema.org\",\"@graph\":[{\"@type\":\"WebPage\",\"@id\":\"https:\\\/\\\/bycon-europe.com\\\/product\\\/bycon-db-162d-diamond-dry-core-drill-1-2%e2%80%b3-1-1-4%e2%80%b3-2200w-micro-percussion\\\/\",\"url\":\"https:\\\/\\\/bycon-europe.com\\\/product\\\/bycon-db-162d-diamond-dry-core-drill-1-2%e2%80%b3-1-1-4%e2%80%b3-2200w-micro-percussion\\\/\",\"name\":\"BYCON DB-162D Diamond Dry Core Drill | 2200W | Micro Percussion - BYCON Europe\",\"isPartOf\":{\"@id\":\"https:\\\/\\\/bycon-europe.com\\\/#website\"},\"primaryImageOfPage\":{\"@id\":\"https:\\\/\\\/bycon-europe.com\\\/product\\\/bycon-db-162d-diamond-dry-core-drill-1-2%e2%80%b3-1-1-4%e2%80%b3-2200w-micro-percussion\\\/#primaryimage\"},\"image\":{\"@id\":\"https:\\\/\\\/bycon-europe.com\\\/product\\\/bycon-db-162d-diamond-dry-core-drill-1-2%e2%80%b3-1-1-4%e2%80%b3-2200w-micro-percussion\\\/#primaryimage\"},\"thumbnailUrl\":\"https:\\\/\\\/bycon-europe.com\\\/wp-content\\\/uploads\\\/2025\\\/01\\\/1-1.webp\",\"datePublished\":\"2025-01-17T07:46:59+00:00\",\"dateModified\":\"2025-07-07T09:38:19+00:00\",\"description\":\"BYCON DB-162D Dry Core Drill with 2200W power, micro-percussion, and up to \u00d8202 mm capacity. Lightweight, rig-compatible, and includes slip clutch safety.\",\"breadcrumb\":{\"@id\":\"https:\\\/\\\/bycon-europe.com\\\/product\\\/bycon-db-162d-diamond-dry-core-drill-1-2%e2%80%b3-1-1-4%e2%80%b3-2200w-micro-percussion\\\/#breadcrumb\"},\"inLanguage\":\"it-IT\",\"potentialAction\":[{\"@type\":\"ReadAction\",\"target\":[\"https:\\\/\\\/bycon-europe.com\\\/product\\\/bycon-db-162d-diamond-dry-core-drill-1-2%e2%80%b3-1-1-4%e2%80%b3-2200w-micro-percussion\\\/\"]}]},{\"@type\":\"ImageObject\",\"inLanguage\":\"it-IT\",\"@id\":\"https:\\\/\\\/bycon-europe.com\\\/product\\\/bycon-db-162d-diamond-dry-core-drill-1-2%e2%80%b3-1-1-4%e2%80%b3-2200w-micro-percussion\\\/#primaryimage\",\"url\":\"https:\\\/\\\/bycon-europe.com\\\/wp-content\\\/uploads\\\/2025\\\/01\\\/1-1.webp\",\"contentUrl\":\"https:\\\/\\\/bycon-europe.com\\\/wp-content\\\/uploads\\\/2025\\\/01\\\/1-1.webp\",\"width\":700,\"height\":700},{\"@type\":\"BreadcrumbList\",\"@id\":\"https:\\\/\\\/bycon-europe.com\\\/product\\\/bycon-db-162d-diamond-dry-core-drill-1-2%e2%80%b3-1-1-4%e2%80%b3-2200w-micro-percussion\\\/#breadcrumb\",\"itemListElement\":[{\"@type\":\"ListItem\",\"position\":1,\"name\":\"Home\",\"item\":\"https:\\\/\\\/bycon-europe.com\\\/\"},{\"@type\":\"ListItem\",\"position\":2,\"name\":\"Shop\",\"item\":\"https:\\\/\\\/bycon-europe.com\\\/shop\\\/\"},{\"@type\":\"ListItem\",\"position\":3,\"name\":\"BYCON DB-162D Dry Diamond Core Drill Motor | 2200W | Micro Percussion\"}]},{\"@type\":\"WebSite\",\"@id\":\"https:\\\/\\\/bycon-europe.com\\\/#website\",\"url\":\"https:\\\/\\\/bycon-europe.com\\\/\",\"name\":\"BYCON Europe\",\"description\":\"\",\"publisher\":{\"@id\":\"https:\\\/\\\/bycon-europe.com\\\/#organization\"},\"potentialAction\":[{\"@type\":\"SearchAction\",\"target\":{\"@type\":\"EntryPoint\",\"urlTemplate\":\"https:\\\/\\\/bycon-europe.com\\\/?s={search_term_string}\"},\"query-input\":{\"@type\":\"PropertyValueSpecification\",\"valueRequired\":true,\"valueName\":\"search_term_string\"}}],\"inLanguage\":\"it-IT\"},{\"@type\":\"Organization\",\"@id\":\"https:\\\/\\\/bycon-europe.com\\\/#organization\",\"name\":\"BYCON Europe\",\"url\":\"https:\\\/\\\/bycon-europe.com\\\/\",\"logo\":{\"@type\":\"ImageObject\",\"inLanguage\":\"it-IT\",\"@id\":\"https:\\\/\\\/bycon-europe.com\\\/#\\\/schema\\\/logo\\\/image\\\/\",\"url\":\"https:\\\/\\\/bycon-europe.com\\\/wp-content\\\/uploads\\\/2025\\\/12\\\/logo-Bewerkt.png\",\"contentUrl\":\"https:\\\/\\\/bycon-europe.com\\\/wp-content\\\/uploads\\\/2025\\\/12\\\/logo-Bewerkt.png\",\"width\":765,\"height\":200,\"caption\":\"BYCON Europe\"},\"image\":{\"@id\":\"https:\\\/\\\/bycon-europe.com\\\/#\\\/schema\\\/logo\\\/image\\\/\"}}]}<\/script>\n<!-- \/ Yoast SEO plugin. -->","yoast_head_json":{"title":"BYCON DB-162D Diamond Dry Core Drill | 2200W | Micro Percussion - BYCON Europe","description":"Trapano a carotare BYCON DB-162D con potenza da 2200W, micro-percussione e capacit\u00e0 fino a \u00d8202 mm. Leggero, compatibile con il trapano a colonna e include frizione di sicurezza.","robots":{"index":"index","follow":"follow","max-snippet":"max-snippet:-1","max-image-preview":"max-image-preview:large","max-video-preview":"max-video-preview:-1"},"canonical":"https:\/\/bycon-europe.com\/it\/product\/trapano-a-carotare-diamantato-a-secco-bycon-db-162d-1-2\u2033-1-1-4\u2033-2200w-micro-percussione\/","og_locale":"it_IT","og_type":"article","og_title":"BYCON DB-162D Diamond Dry Core Drill | 2200W | Micro Percussion - BYCON Europe","og_description":"BYCON DB-162D Dry Core Drill with 2200W power, micro-percussion, and up to \u00d8202 mm capacity. Lightweight, rig-compatible, and includes slip clutch safety.","og_url":"https:\/\/bycon-europe.com\/it\/product\/trapano-a-carotare-diamantato-a-secco-bycon-db-162d-1-2\u2033-1-1-4\u2033-2200w-micro-percussione\/","og_site_name":"BYCON Europe","article_modified_time":"2025-07-07T09:38:19+00:00","og_image":[{"width":700,"height":700,"url":"https:\/\/bycon-europe.com\/wp-content\/uploads\/2025\/01\/1-1.webp","type":"image\/webp"}],"twitter_card":"summary_large_image","twitter_misc":{"Tempo di lettura stimato":"2 minuti"},"schema":{"@context":"https:\/\/schema.org","@graph":[{"@type":"WebPage","@id":"https:\/\/bycon-europe.com\/product\/bycon-db-162d-diamond-dry-core-drill-1-2%e2%80%b3-1-1-4%e2%80%b3-2200w-micro-percussion\/","url":"https:\/\/bycon-europe.com\/product\/bycon-db-162d-diamond-dry-core-drill-1-2%e2%80%b3-1-1-4%e2%80%b3-2200w-micro-percussion\/","name":"BYCON DB-162D Diamond Dry Core Drill | 2200W | Micro Percussion - BYCON Europe","isPartOf":{"@id":"https:\/\/bycon-europe.com\/#website"},"primaryImageOfPage":{"@id":"https:\/\/bycon-europe.com\/product\/bycon-db-162d-diamond-dry-core-drill-1-2%e2%80%b3-1-1-4%e2%80%b3-2200w-micro-percussion\/#primaryimage"},"image":{"@id":"https:\/\/bycon-europe.com\/product\/bycon-db-162d-diamond-dry-core-drill-1-2%e2%80%b3-1-1-4%e2%80%b3-2200w-micro-percussion\/#primaryimage"},"thumbnailUrl":"https:\/\/bycon-europe.com\/wp-content\/uploads\/2025\/01\/1-1.webp","datePublished":"2025-01-17T07:46:59+00:00","dateModified":"2025-07-07T09:38:19+00:00","description":"Trapano a carotare BYCON DB-162D con potenza da 2200W, micro-percussione e capacit\u00e0 fino a \u00d8202 mm. Leggero, compatibile con il trapano a colonna e include frizione di sicurezza.","breadcrumb":{"@id":"https:\/\/bycon-europe.com\/product\/bycon-db-162d-diamond-dry-core-drill-1-2%e2%80%b3-1-1-4%e2%80%b3-2200w-micro-percussion\/#breadcrumb"},"inLanguage":"it-IT","potentialAction":[{"@type":"ReadAction","target":["https:\/\/bycon-europe.com\/product\/bycon-db-162d-diamond-dry-core-drill-1-2%e2%80%b3-1-1-4%e2%80%b3-2200w-micro-percussion\/"]}]},{"@type":"ImageObject","inLanguage":"it-IT","@id":"https:\/\/bycon-europe.com\/product\/bycon-db-162d-diamond-dry-core-drill-1-2%e2%80%b3-1-1-4%e2%80%b3-2200w-micro-percussion\/#primaryimage","url":"https:\/\/bycon-europe.com\/wp-content\/uploads\/2025\/01\/1-1.webp","contentUrl":"https:\/\/bycon-europe.com\/wp-content\/uploads\/2025\/01\/1-1.webp","width":700,"height":700},{"@type":"BreadcrumbList","@id":"https:\/\/bycon-europe.com\/product\/bycon-db-162d-diamond-dry-core-drill-1-2%e2%80%b3-1-1-4%e2%80%b3-2200w-micro-percussion\/#breadcrumb","itemListElement":[{"@type":"ListItem","position":1,"name":"Home","item":"https:\/\/bycon-europe.com\/"},{"@type":"ListItem","position":2,"name":"Shop","item":"https:\/\/bycon-europe.com\/shop\/"},{"@type":"ListItem","position":3,"name":"BYCON DB-162D Dry Diamond Core Drill Motor | 2200W | Micro Percussion"}]},{"@type":"WebSite","@id":"https:\/\/bycon-europe.com\/#website","url":"https:\/\/bycon-europe.com\/","name":"BYCON Europa","description":"","publisher":{"@id":"https:\/\/bycon-europe.com\/#organization"},"potentialAction":[{"@type":"SearchAction","target":{"@type":"EntryPoint","urlTemplate":"https:\/\/bycon-europe.com\/?s={search_term_string}"},"query-input":{"@type":"PropertyValueSpecification","valueRequired":true,"valueName":"search_term_string"}}],"inLanguage":"it-IT"},{"@type":"Organization","@id":"https:\/\/bycon-europe.com\/#organization","name":"BYCON Europa","url":"https:\/\/bycon-europe.com\/","logo":{"@type":"ImageObject","inLanguage":"it-IT","@id":"https:\/\/bycon-europe.com\/#\/schema\/logo\/image\/","url":"https:\/\/bycon-europe.com\/wp-content\/uploads\/2025\/12\/logo-Bewerkt.png","contentUrl":"https:\/\/bycon-europe.com\/wp-content\/uploads\/2025\/12\/logo-Bewerkt.png","width":765,"height":200,"caption":"BYCON Europe"},"image":{"@id":"https:\/\/bycon-europe.com\/#\/schema\/logo\/image\/"}}]}},"_links":{"self":[{"href":"https:\/\/bycon-europe.com\/it\/wp-json\/wp\/v2\/product\/316","targetHints":{"allow":["GET"]}}],"collection":[{"href":"https:\/\/bycon-europe.com\/it\/wp-json\/wp\/v2\/product"}],"about":[{"href":"https:\/\/bycon-europe.com\/it\/wp-json\/wp\/v2\/types\/product"}],"replies":[{"embeddable":true,"href":"https:\/\/bycon-europe.com\/it\/wp-json\/wp\/v2\/comments?post=316"}],"wp:featuredmedia":[{"embeddable":true,"href":"https:\/\/bycon-europe.com\/it\/wp-json\/wp\/v2\/media\/321"}],"wp:attachment":[{"href":"https:\/\/bycon-europe.com\/it\/wp-json\/wp\/v2\/media?parent=316"}],"wp:term":[{"taxonomy":"product_brand","embeddable":true,"href":"https:\/\/bycon-europe.com\/it\/wp-json\/wp\/v2\/product_brand?post=316"},{"taxonomy":"product_cat","embeddable":true,"href":"https:\/\/bycon-europe.com\/it\/wp-json\/wp\/v2\/product_cat?post=316"},{"taxonomy":"product_tag","embeddable":true,"href":"https:\/\/bycon-europe.com\/it\/wp-json\/wp\/v2\/product_tag?post=316"}],"curies":[{"name":"wp","href":"https:\/\/api.w.org\/{rel}","templated":true}]}}