{"id":443,"date":"2025-01-17T12:45:47","date_gmt":"2025-01-17T12:45:47","guid":{"rendered":"https:\/\/bycon-europe.com\/?post_type=product&#038;p=443"},"modified":"2025-04-03T06:47:43","modified_gmt":"2025-04-03T06:47:43","slug":"spara-pali-professionale-a-benzina-bycon-dpd-100n-60mm-ideale-per-tende-da-circo","status":"publish","type":"product","link":"https:\/\/bycon-europe.com\/it\/product\/bycon-dpd-100n-professional-petrol-post-driver-60mm-ideal-for-festival-tents\/","title":{"rendered":"BYCON DPD-100N Martello per pali a benzina professionale 60mm"},"content":{"rendered":"<h2 data-pm-slice=\"1 3 []\"><strong>Potente Pila Ad Ancoraggio a Benzina per Applicazioni Versatili<\/strong><\/h2>\n<p data-pm-slice=\"1 3 []\">Il martello pneumatico a benzina BYCON DPD-100N da 60 mm \u00e8 lo strumento definitivo per l'allestimento di tende per festival, recinzioni, agricoltura, vigneti, paesaggistica e pali da costruzione. La sua operativit\u00e0 ad alta velocit\u00e0 e la forte forza d'impatto rendono il piantamento di picchetti e pali pi\u00f9 veloce e semplice.<\/p>\n<ul data-spread=\"false\">\n<li><strong>Efficiente dal punto di vista energetico e a basso consumo di carburante:<\/strong> Utilizza benzina Euro 98 per prestazioni convenienti<\/li>\n<li><strong>Compatibile con vari post:<\/strong> Adatto per picchetti in legno e metallo fino a 60 mm di diametro<\/li>\n<li><strong>Ottimizzato per il comfort:<\/strong> Maniglie ergonomiche antivibranti per una migliore maneggevolezza<\/li>\n<li><strong>Potenza e Peso Bilanciati:<\/strong> Costruito con cambio in alluminio pressofuso per un rapporto potenza-peso ideale<\/li>\n<\/ul>\n<p data-pm-slice=\"1 1 []\">\ud83d\udccc <strong>Nota:<\/strong> Assicurarsi che l'olio motore sia rabboccato prima dell'uso per prestazioni ottimali del motore.<\/p>\n<p><strong>Cosa \u00e8 incluso?<\/strong><\/p>\n<ul data-spread=\"false\">\n<li>BYCON DPD-100N Martello Per Pali Professionale a Benzina \u2013 Ideale per Tende da Festival<\/li>\n<li>Custodia da trasporto BMC per uso intensivo con ruote per il trasporto<\/li>\n<li>Vari accessori<\/li>\n<\/ul>\n<p>&nbsp;<\/p>","protected":false},"excerpt":{"rendered":"<ul data-spread=\"false\" data-pm-slice=\"3 3 []\">\n<li><strong>Alta efficienza<\/strong> Prestazioni veloci e potenti per un piantamento di pali rapido e senza sforzo<\/li>\n<li><strong>Durevole e affidabile:<\/strong> Riduttore per impieghi gravosi e robusto supporto motore garantiscono longevit\u00e0<\/li>\n<li><strong>Comodo da usare:<\/strong> Le maniglie smorzate a 4 vie riducono le vibrazioni per un funzionamento pi\u00f9 sicuro e preciso<\/li>\n<li><strong>Portatile e Leggero<\/strong> Viene fornito in una custodia di trasporto BMC con ruote, che pesa solo 18,5 kg<\/li>\n<\/ul>","protected":false},"featured_media":450,"comment_status":"open","ping_status":"closed","template":"","meta":[],"product_brand":[],"product_cat":[15,29,27,28],"product_tag":[],"class_list":{"0":"post-443","1":"product","2":"type-product","3":"status-publish","4":"has-post-thumbnail","6":"product_cat-all-machines","7":"product_cat-petrol-post-driver","8":"product_cat-petrol-tools","9":"product_cat-post-driving-breaking","11":"first","12":"instock","13":"shipping-taxable","14":"product-type-simple"},"yoast_head":"<!-- This site is optimized with the Yoast SEO plugin v27.5 - https:\/\/yoast.com\/product\/yoast-seo-wordpress\/ -->\n<title>BYCON DPD-100N Professional Petrol Post Driver 60mm - BYCON Europe<\/title>\n<meta name=\"robots\" content=\"index, follow, max-snippet:-1, max-image-preview:large, max-video-preview:-1\" \/>\n<link rel=\"canonical\" href=\"https:\/\/bycon-europe.com\/it\/product\/spara-pali-professionale-a-benzina-bycon-dpd-100n-60mm-ideale-per-tende-da-circo\/\" \/>\n<meta property=\"og:locale\" content=\"it_IT\" \/>\n<meta property=\"og:type\" content=\"article\" \/>\n<meta property=\"og:title\" content=\"BYCON DPD-100N Professional Petrol Post Driver 60mm - BYCON Europe\" \/>\n<meta property=\"og:description\" content=\"High Efficiency: Fast and powerful performance for quick and effortless post driving  Durable &amp; Reliable: Heavy-duty gearbox and robust engine mount ensure longevity  Comfortable to Use: 4-way dampened handles reduce vibration for safer and more precise operation  Portable &amp; Lightweight: Comes in a BMC transport case with wheels, weighing only 18.5 kg\" \/>\n<meta property=\"og:url\" content=\"https:\/\/bycon-europe.com\/it\/product\/spara-pali-professionale-a-benzina-bycon-dpd-100n-60mm-ideale-per-tende-da-circo\/\" \/>\n<meta property=\"og:site_name\" content=\"BYCON Europe\" \/>\n<meta property=\"article:modified_time\" content=\"2025-04-03T06:47:43+00:00\" \/>\n<meta property=\"og:image\" content=\"https:\/\/bycon-europe.com\/wp-content\/uploads\/2025\/01\/DPD100N-palenraamer-2.webp\" \/>\n\t<meta property=\"og:image:width\" content=\"700\" \/>\n\t<meta property=\"og:image:height\" content=\"700\" \/>\n\t<meta property=\"og:image:type\" content=\"image\/webp\" \/>\n<meta name=\"twitter:card\" content=\"summary_large_image\" \/>\n<meta name=\"twitter:label1\" content=\"Tempo di lettura stimato\" \/>\n\t<meta name=\"twitter:data1\" content=\"1 minuto\" \/>\n<script type=\"application\/ld+json\" class=\"yoast-schema-graph\">{\"@context\":\"https:\\\/\\\/schema.org\",\"@graph\":[{\"@type\":\"WebPage\",\"@id\":\"https:\\\/\\\/bycon-europe.com\\\/product\\\/bycon-dpd-100n-professional-petrol-post-driver-60mm-ideal-for-festival-tents\\\/\",\"url\":\"https:\\\/\\\/bycon-europe.com\\\/product\\\/bycon-dpd-100n-professional-petrol-post-driver-60mm-ideal-for-festival-tents\\\/\",\"name\":\"BYCON DPD-100N Professional Petrol Post Driver 60mm - BYCON Europe\",\"isPartOf\":{\"@id\":\"https:\\\/\\\/bycon-europe.com\\\/#website\"},\"primaryImageOfPage\":{\"@id\":\"https:\\\/\\\/bycon-europe.com\\\/product\\\/bycon-dpd-100n-professional-petrol-post-driver-60mm-ideal-for-festival-tents\\\/#primaryimage\"},\"image\":{\"@id\":\"https:\\\/\\\/bycon-europe.com\\\/product\\\/bycon-dpd-100n-professional-petrol-post-driver-60mm-ideal-for-festival-tents\\\/#primaryimage\"},\"thumbnailUrl\":\"https:\\\/\\\/bycon-europe.com\\\/wp-content\\\/uploads\\\/2025\\\/01\\\/DPD100N-palenraamer-2.webp\",\"datePublished\":\"2025-01-17T12:45:47+00:00\",\"dateModified\":\"2025-04-03T06:47:43+00:00\",\"breadcrumb\":{\"@id\":\"https:\\\/\\\/bycon-europe.com\\\/product\\\/bycon-dpd-100n-professional-petrol-post-driver-60mm-ideal-for-festival-tents\\\/#breadcrumb\"},\"inLanguage\":\"it-IT\",\"potentialAction\":[{\"@type\":\"ReadAction\",\"target\":[\"https:\\\/\\\/bycon-europe.com\\\/product\\\/bycon-dpd-100n-professional-petrol-post-driver-60mm-ideal-for-festival-tents\\\/\"]}]},{\"@type\":\"ImageObject\",\"inLanguage\":\"it-IT\",\"@id\":\"https:\\\/\\\/bycon-europe.com\\\/product\\\/bycon-dpd-100n-professional-petrol-post-driver-60mm-ideal-for-festival-tents\\\/#primaryimage\",\"url\":\"https:\\\/\\\/bycon-europe.com\\\/wp-content\\\/uploads\\\/2025\\\/01\\\/DPD100N-palenraamer-2.webp\",\"contentUrl\":\"https:\\\/\\\/bycon-europe.com\\\/wp-content\\\/uploads\\\/2025\\\/01\\\/DPD100N-palenraamer-2.webp\",\"width\":700,\"height\":700},{\"@type\":\"BreadcrumbList\",\"@id\":\"https:\\\/\\\/bycon-europe.com\\\/product\\\/bycon-dpd-100n-professional-petrol-post-driver-60mm-ideal-for-festival-tents\\\/#breadcrumb\",\"itemListElement\":[{\"@type\":\"ListItem\",\"position\":1,\"name\":\"Home\",\"item\":\"https:\\\/\\\/bycon-europe.com\\\/\"},{\"@type\":\"ListItem\",\"position\":2,\"name\":\"Shop\",\"item\":\"https:\\\/\\\/bycon-europe.com\\\/shop\\\/\"},{\"@type\":\"ListItem\",\"position\":3,\"name\":\"BYCON DPD-100N Professional Petrol Post Driver 60mm\"}]},{\"@type\":\"WebSite\",\"@id\":\"https:\\\/\\\/bycon-europe.com\\\/#website\",\"url\":\"https:\\\/\\\/bycon-europe.com\\\/\",\"name\":\"BYCON Europe\",\"description\":\"\",\"publisher\":{\"@id\":\"https:\\\/\\\/bycon-europe.com\\\/#organization\"},\"potentialAction\":[{\"@type\":\"SearchAction\",\"target\":{\"@type\":\"EntryPoint\",\"urlTemplate\":\"https:\\\/\\\/bycon-europe.com\\\/?s={search_term_string}\"},\"query-input\":{\"@type\":\"PropertyValueSpecification\",\"valueRequired\":true,\"valueName\":\"search_term_string\"}}],\"inLanguage\":\"it-IT\"},{\"@type\":\"Organization\",\"@id\":\"https:\\\/\\\/bycon-europe.com\\\/#organization\",\"name\":\"BYCON Europe\",\"url\":\"https:\\\/\\\/bycon-europe.com\\\/\",\"logo\":{\"@type\":\"ImageObject\",\"inLanguage\":\"it-IT\",\"@id\":\"https:\\\/\\\/bycon-europe.com\\\/#\\\/schema\\\/logo\\\/image\\\/\",\"url\":\"https:\\\/\\\/bycon-europe.com\\\/wp-content\\\/uploads\\\/2025\\\/12\\\/logo-Bewerkt.png\",\"contentUrl\":\"https:\\\/\\\/bycon-europe.com\\\/wp-content\\\/uploads\\\/2025\\\/12\\\/logo-Bewerkt.png\",\"width\":765,\"height\":200,\"caption\":\"BYCON Europe\"},\"image\":{\"@id\":\"https:\\\/\\\/bycon-europe.com\\\/#\\\/schema\\\/logo\\\/image\\\/\"}}]}<\/script>\n<!-- \/ Yoast SEO plugin. -->","yoast_head_json":{"title":"BYCON DPD-100N Rammaterra a Benzina Professionale 60mm - BYCON Europe","robots":{"index":"index","follow":"follow","max-snippet":"max-snippet:-1","max-image-preview":"max-image-preview:large","max-video-preview":"max-video-preview:-1"},"canonical":"https:\/\/bycon-europe.com\/it\/product\/spara-pali-professionale-a-benzina-bycon-dpd-100n-60mm-ideale-per-tende-da-circo\/","og_locale":"it_IT","og_type":"article","og_title":"BYCON DPD-100N Professional Petrol Post Driver 60mm - BYCON Europe","og_description":"High Efficiency: Fast and powerful performance for quick and effortless post driving  Durable &amp; Reliable: Heavy-duty gearbox and robust engine mount ensure longevity  Comfortable to Use: 4-way dampened handles reduce vibration for safer and more precise operation  Portable &amp; Lightweight: Comes in a BMC transport case with wheels, weighing only 18.5 kg","og_url":"https:\/\/bycon-europe.com\/it\/product\/spara-pali-professionale-a-benzina-bycon-dpd-100n-60mm-ideale-per-tende-da-circo\/","og_site_name":"BYCON Europe","article_modified_time":"2025-04-03T06:47:43+00:00","og_image":[{"width":700,"height":700,"url":"https:\/\/bycon-europe.com\/wp-content\/uploads\/2025\/01\/DPD100N-palenraamer-2.webp","type":"image\/webp"}],"twitter_card":"summary_large_image","twitter_misc":{"Tempo di lettura stimato":"1 minuto"},"schema":{"@context":"https:\/\/schema.org","@graph":[{"@type":"WebPage","@id":"https:\/\/bycon-europe.com\/product\/bycon-dpd-100n-professional-petrol-post-driver-60mm-ideal-for-festival-tents\/","url":"https:\/\/bycon-europe.com\/product\/bycon-dpd-100n-professional-petrol-post-driver-60mm-ideal-for-festival-tents\/","name":"BYCON DPD-100N Rammaterra a Benzina Professionale 60mm - BYCON Europe","isPartOf":{"@id":"https:\/\/bycon-europe.com\/#website"},"primaryImageOfPage":{"@id":"https:\/\/bycon-europe.com\/product\/bycon-dpd-100n-professional-petrol-post-driver-60mm-ideal-for-festival-tents\/#primaryimage"},"image":{"@id":"https:\/\/bycon-europe.com\/product\/bycon-dpd-100n-professional-petrol-post-driver-60mm-ideal-for-festival-tents\/#primaryimage"},"thumbnailUrl":"https:\/\/bycon-europe.com\/wp-content\/uploads\/2025\/01\/DPD100N-palenraamer-2.webp","datePublished":"2025-01-17T12:45:47+00:00","dateModified":"2025-04-03T06:47:43+00:00","breadcrumb":{"@id":"https:\/\/bycon-europe.com\/product\/bycon-dpd-100n-professional-petrol-post-driver-60mm-ideal-for-festival-tents\/#breadcrumb"},"inLanguage":"it-IT","potentialAction":[{"@type":"ReadAction","target":["https:\/\/bycon-europe.com\/product\/bycon-dpd-100n-professional-petrol-post-driver-60mm-ideal-for-festival-tents\/"]}]},{"@type":"ImageObject","inLanguage":"it-IT","@id":"https:\/\/bycon-europe.com\/product\/bycon-dpd-100n-professional-petrol-post-driver-60mm-ideal-for-festival-tents\/#primaryimage","url":"https:\/\/bycon-europe.com\/wp-content\/uploads\/2025\/01\/DPD100N-palenraamer-2.webp","contentUrl":"https:\/\/bycon-europe.com\/wp-content\/uploads\/2025\/01\/DPD100N-palenraamer-2.webp","width":700,"height":700},{"@type":"BreadcrumbList","@id":"https:\/\/bycon-europe.com\/product\/bycon-dpd-100n-professional-petrol-post-driver-60mm-ideal-for-festival-tents\/#breadcrumb","itemListElement":[{"@type":"ListItem","position":1,"name":"Home","item":"https:\/\/bycon-europe.com\/"},{"@type":"ListItem","position":2,"name":"Shop","item":"https:\/\/bycon-europe.com\/shop\/"},{"@type":"ListItem","position":3,"name":"BYCON DPD-100N Professional Petrol Post Driver 60mm"}]},{"@type":"WebSite","@id":"https:\/\/bycon-europe.com\/#website","url":"https:\/\/bycon-europe.com\/","name":"BYCON Europa","description":"","publisher":{"@id":"https:\/\/bycon-europe.com\/#organization"},"potentialAction":[{"@type":"SearchAction","target":{"@type":"EntryPoint","urlTemplate":"https:\/\/bycon-europe.com\/?s={search_term_string}"},"query-input":{"@type":"PropertyValueSpecification","valueRequired":true,"valueName":"search_term_string"}}],"inLanguage":"it-IT"},{"@type":"Organization","@id":"https:\/\/bycon-europe.com\/#organization","name":"BYCON Europa","url":"https:\/\/bycon-europe.com\/","logo":{"@type":"ImageObject","inLanguage":"it-IT","@id":"https:\/\/bycon-europe.com\/#\/schema\/logo\/image\/","url":"https:\/\/bycon-europe.com\/wp-content\/uploads\/2025\/12\/logo-Bewerkt.png","contentUrl":"https:\/\/bycon-europe.com\/wp-content\/uploads\/2025\/12\/logo-Bewerkt.png","width":765,"height":200,"caption":"BYCON Europe"},"image":{"@id":"https:\/\/bycon-europe.com\/#\/schema\/logo\/image\/"}}]}},"_links":{"self":[{"href":"https:\/\/bycon-europe.com\/it\/wp-json\/wp\/v2\/product\/443","targetHints":{"allow":["GET"]}}],"collection":[{"href":"https:\/\/bycon-europe.com\/it\/wp-json\/wp\/v2\/product"}],"about":[{"href":"https:\/\/bycon-europe.com\/it\/wp-json\/wp\/v2\/types\/product"}],"replies":[{"embeddable":true,"href":"https:\/\/bycon-europe.com\/it\/wp-json\/wp\/v2\/comments?post=443"}],"wp:featuredmedia":[{"embeddable":true,"href":"https:\/\/bycon-europe.com\/it\/wp-json\/wp\/v2\/media\/450"}],"wp:attachment":[{"href":"https:\/\/bycon-europe.com\/it\/wp-json\/wp\/v2\/media?parent=443"}],"wp:term":[{"taxonomy":"product_brand","embeddable":true,"href":"https:\/\/bycon-europe.com\/it\/wp-json\/wp\/v2\/product_brand?post=443"},{"taxonomy":"product_cat","embeddable":true,"href":"https:\/\/bycon-europe.com\/it\/wp-json\/wp\/v2\/product_cat?post=443"},{"taxonomy":"product_tag","embeddable":true,"href":"https:\/\/bycon-europe.com\/it\/wp-json\/wp\/v2\/product_tag?post=443"}],"curies":[{"name":"wp","href":"https:\/\/api.w.org\/{rel}","templated":true}]}}