{"id":858,"date":"2025-04-08T09:22:01","date_gmt":"2025-04-08T09:22:01","guid":{"rendered":"https:\/\/bycon-europe.com\/?post_type=product&#038;p=858"},"modified":"2025-04-08T09:48:29","modified_gmt":"2025-04-08T09:48:29","slug":"mola-per-pavimenti-a-frequenza-variabile-bycon-dfg-300s","status":"publish","type":"product","link":"https:\/\/bycon-europe.com\/it\/product\/bycon-dfg-300s-variable-frequency-floor-grinder\/","title":{"rendered":"BYCON DFG-300S Levigatrice per pavimenti a frequenza variabile"},"content":{"rendered":"<h2>BYCON DFG-300S Levigatrice da terra a frequenza variabile \u2013 300mm \u2013 2.2KW \u2013 Umido\/Secco<\/h2>\n<p class=\"\" data-start=\"457\" data-end=\"849\">La levigatrice per pavimenti BYCON DFG-300S \u00e8 progettata per professionisti che esigono prestazioni e flessibilit\u00e0. Con la sua impugnatura ergonomica pieghevole e la testa motore staccabile, questa levigatrice \u00e8 facile da trasportare e regolare sul posto. Il piatto di levigatura da 300 mm \u00e8 azionato da un motore da 2,2 KW e offre un controllo a frequenza variabile per velocit\u00e0 di levigatura personalizzate da 700 a 2250 giri\/min.<\/p>\n<p class=\"\" data-start=\"851\" data-end=\"1157\">Progettata per rimuovere rivestimenti come resine epossidiche, adesivi, vernici e altro ancora, questa macchina \u00e8 adatta sia per applicazioni a secco che a umido grazie alla sua porta dell'acqua integrata. Funzionalit\u00e0 aggiuntive come la regolazione del livello, opzioni di doppio convogliatore e vibrazioni minime la rendono facile da usare e sicura per un funzionamento continuo.<\/p>\n<p data-start=\"851\" data-end=\"1157\"><strong data-start=\"1159\" data-end=\"1176\">Caratteristiche Principali:<\/strong><\/p>\n<ul>\n<li data-start=\"851\" data-end=\"1157\">Manico ergonomico pieghevole per un facile trasporto e comfort dell'operatore<\/li>\n<li data-start=\"851\" data-end=\"1157\">Due opzioni di cofano: gomma con bordo o gomma tonda per un accesso flessibile alla smerigliatura<\/li>\n<li data-start=\"851\" data-end=\"1157\">Attacco acqua integrato per applicazioni di molatura a umido<\/li>\n<li data-start=\"851\" data-end=\"1157\">Livella a bolla inclusa per un facile livellamento e una regolazione orizzontale<\/li>\n<li data-start=\"851\" data-end=\"1157\">Design intuitivo con basse vibrazioni e massima potenza di smerigliatura<\/li>\n<li data-start=\"851\" data-end=\"1157\">Frequenza variabile: controllo regolabile 20-80Hz<\/li>\n<li data-start=\"851\" data-end=\"1157\">Testina di macinazione staccabile dal telaio per un pi\u00f9 facile trasporto\/stoccaggio<\/li>\n<\/ul>\n<p><strong>Cosa \u00e8 incluso:<\/strong><\/p>\n<ul>\n<li>BYCON DFG-300S Levigatrice per pavimenti<\/li>\n<li>Doppie coperture in gomma (piana + rotonda)<\/li>\n<li>Maniglia di trasporto pieghevole<\/li>\n<li>Porta di allacciamento dell'acqua<\/li>\n<li>Manuale utente<\/li>\n<\/ul>","protected":false},"excerpt":{"rendered":"<p>La BYCON DFG-300S \u00e8 una levigatrice per calcestruzzo compatta e potente per superfici di piccole e medie dimensioni. Dotata di un variatore di frequenza, garantisce prestazioni ottimali sia per la molatura a umido che a secco.<\/p>","protected":false},"featured_media":864,"comment_status":"open","ping_status":"closed","template":"","meta":[],"product_brand":[],"product_cat":[16,23,22],"product_tag":[],"class_list":{"0":"post-858","1":"product","2":"type-product","3":"status-publish","4":"has-post-thumbnail","6":"product_cat-construction-machines","7":"product_cat-floor-grinder","8":"product_cat-surface-preparation-cutting","10":"first","11":"instock","12":"shipping-taxable","13":"product-type-simple"},"yoast_head":"<!-- This site is optimized with the Yoast SEO plugin v27.5 - https:\/\/yoast.com\/product\/yoast-seo-wordpress\/ -->\n<title>BYCON DFG-300S Variable Frequency Floor Grinder - BYCON Europe<\/title>\n<meta name=\"robots\" content=\"index, follow, max-snippet:-1, max-image-preview:large, max-video-preview:-1\" \/>\n<link rel=\"canonical\" href=\"https:\/\/bycon-europe.com\/it\/product\/mola-per-pavimenti-a-frequenza-variabile-bycon-dfg-300s\/\" \/>\n<meta property=\"og:locale\" content=\"it_IT\" \/>\n<meta property=\"og:type\" content=\"article\" \/>\n<meta property=\"og:title\" content=\"BYCON DFG-300S Variable Frequency Floor Grinder - BYCON Europe\" \/>\n<meta property=\"og:description\" content=\"The BYCON DFG-300S is a compact and powerful concrete grinder for small to medium-sized surfaces. Featuring a variable frequency drive, it ensures optimal performance for both wet and dry grinding.\" \/>\n<meta property=\"og:url\" content=\"https:\/\/bycon-europe.com\/it\/product\/mola-per-pavimenti-a-frequenza-variabile-bycon-dfg-300s\/\" \/>\n<meta property=\"og:site_name\" content=\"BYCON Europe\" \/>\n<meta property=\"article:modified_time\" content=\"2025-04-08T09:48:29+00:00\" \/>\n<meta property=\"og:image\" content=\"https:\/\/bycon-europe.com\/wp-content\/uploads\/2025\/04\/DFG-300_DFG-300S.png\" \/>\n\t<meta property=\"og:image:width\" content=\"700\" \/>\n\t<meta property=\"og:image:height\" content=\"700\" \/>\n\t<meta property=\"og:image:type\" content=\"image\/png\" \/>\n<meta name=\"twitter:card\" content=\"summary_large_image\" \/>\n<meta name=\"twitter:label1\" content=\"Tempo di lettura stimato\" \/>\n\t<meta name=\"twitter:data1\" content=\"2 minuti\" \/>\n<script type=\"application\/ld+json\" class=\"yoast-schema-graph\">{\"@context\":\"https:\\\/\\\/schema.org\",\"@graph\":[{\"@type\":\"WebPage\",\"@id\":\"https:\\\/\\\/bycon-europe.com\\\/product\\\/bycon-dfg-300s-variable-frequency-floor-grinder\\\/\",\"url\":\"https:\\\/\\\/bycon-europe.com\\\/product\\\/bycon-dfg-300s-variable-frequency-floor-grinder\\\/\",\"name\":\"BYCON DFG-300S Variable Frequency Floor Grinder - BYCON Europe\",\"isPartOf\":{\"@id\":\"https:\\\/\\\/bycon-europe.com\\\/#website\"},\"primaryImageOfPage\":{\"@id\":\"https:\\\/\\\/bycon-europe.com\\\/product\\\/bycon-dfg-300s-variable-frequency-floor-grinder\\\/#primaryimage\"},\"image\":{\"@id\":\"https:\\\/\\\/bycon-europe.com\\\/product\\\/bycon-dfg-300s-variable-frequency-floor-grinder\\\/#primaryimage\"},\"thumbnailUrl\":\"https:\\\/\\\/bycon-europe.com\\\/wp-content\\\/uploads\\\/2025\\\/04\\\/DFG-300_DFG-300S.png\",\"datePublished\":\"2025-04-08T09:22:01+00:00\",\"dateModified\":\"2025-04-08T09:48:29+00:00\",\"breadcrumb\":{\"@id\":\"https:\\\/\\\/bycon-europe.com\\\/product\\\/bycon-dfg-300s-variable-frequency-floor-grinder\\\/#breadcrumb\"},\"inLanguage\":\"it-IT\",\"potentialAction\":[{\"@type\":\"ReadAction\",\"target\":[\"https:\\\/\\\/bycon-europe.com\\\/product\\\/bycon-dfg-300s-variable-frequency-floor-grinder\\\/\"]}]},{\"@type\":\"ImageObject\",\"inLanguage\":\"it-IT\",\"@id\":\"https:\\\/\\\/bycon-europe.com\\\/product\\\/bycon-dfg-300s-variable-frequency-floor-grinder\\\/#primaryimage\",\"url\":\"https:\\\/\\\/bycon-europe.com\\\/wp-content\\\/uploads\\\/2025\\\/04\\\/DFG-300_DFG-300S.png\",\"contentUrl\":\"https:\\\/\\\/bycon-europe.com\\\/wp-content\\\/uploads\\\/2025\\\/04\\\/DFG-300_DFG-300S.png\",\"width\":700,\"height\":700},{\"@type\":\"BreadcrumbList\",\"@id\":\"https:\\\/\\\/bycon-europe.com\\\/product\\\/bycon-dfg-300s-variable-frequency-floor-grinder\\\/#breadcrumb\",\"itemListElement\":[{\"@type\":\"ListItem\",\"position\":1,\"name\":\"Home\",\"item\":\"https:\\\/\\\/bycon-europe.com\\\/\"},{\"@type\":\"ListItem\",\"position\":2,\"name\":\"Shop\",\"item\":\"https:\\\/\\\/bycon-europe.com\\\/shop\\\/\"},{\"@type\":\"ListItem\",\"position\":3,\"name\":\"BYCON DFG-300S Variable Frequency Floor Grinder\"}]},{\"@type\":\"WebSite\",\"@id\":\"https:\\\/\\\/bycon-europe.com\\\/#website\",\"url\":\"https:\\\/\\\/bycon-europe.com\\\/\",\"name\":\"BYCON Europe\",\"description\":\"\",\"publisher\":{\"@id\":\"https:\\\/\\\/bycon-europe.com\\\/#organization\"},\"potentialAction\":[{\"@type\":\"SearchAction\",\"target\":{\"@type\":\"EntryPoint\",\"urlTemplate\":\"https:\\\/\\\/bycon-europe.com\\\/?s={search_term_string}\"},\"query-input\":{\"@type\":\"PropertyValueSpecification\",\"valueRequired\":true,\"valueName\":\"search_term_string\"}}],\"inLanguage\":\"it-IT\"},{\"@type\":\"Organization\",\"@id\":\"https:\\\/\\\/bycon-europe.com\\\/#organization\",\"name\":\"BYCON Europe\",\"url\":\"https:\\\/\\\/bycon-europe.com\\\/\",\"logo\":{\"@type\":\"ImageObject\",\"inLanguage\":\"it-IT\",\"@id\":\"https:\\\/\\\/bycon-europe.com\\\/#\\\/schema\\\/logo\\\/image\\\/\",\"url\":\"https:\\\/\\\/bycon-europe.com\\\/wp-content\\\/uploads\\\/2025\\\/12\\\/logo-Bewerkt.png\",\"contentUrl\":\"https:\\\/\\\/bycon-europe.com\\\/wp-content\\\/uploads\\\/2025\\\/12\\\/logo-Bewerkt.png\",\"width\":765,\"height\":200,\"caption\":\"BYCON Europe\"},\"image\":{\"@id\":\"https:\\\/\\\/bycon-europe.com\\\/#\\\/schema\\\/logo\\\/image\\\/\"}}]}<\/script>\n<!-- \/ Yoast SEO plugin. -->","yoast_head_json":{"title":"BYCON DFG-300S Levigatrice da Pavimento a Frequenza Variabile - BYCON Europe","robots":{"index":"index","follow":"follow","max-snippet":"max-snippet:-1","max-image-preview":"max-image-preview:large","max-video-preview":"max-video-preview:-1"},"canonical":"https:\/\/bycon-europe.com\/it\/product\/mola-per-pavimenti-a-frequenza-variabile-bycon-dfg-300s\/","og_locale":"it_IT","og_type":"article","og_title":"BYCON DFG-300S Variable Frequency Floor Grinder - BYCON Europe","og_description":"The BYCON DFG-300S is a compact and powerful concrete grinder for small to medium-sized surfaces. Featuring a variable frequency drive, it ensures optimal performance for both wet and dry grinding.","og_url":"https:\/\/bycon-europe.com\/it\/product\/mola-per-pavimenti-a-frequenza-variabile-bycon-dfg-300s\/","og_site_name":"BYCON Europe","article_modified_time":"2025-04-08T09:48:29+00:00","og_image":[{"width":700,"height":700,"url":"https:\/\/bycon-europe.com\/wp-content\/uploads\/2025\/04\/DFG-300_DFG-300S.png","type":"image\/png"}],"twitter_card":"summary_large_image","twitter_misc":{"Tempo di lettura stimato":"2 minuti"},"schema":{"@context":"https:\/\/schema.org","@graph":[{"@type":"WebPage","@id":"https:\/\/bycon-europe.com\/product\/bycon-dfg-300s-variable-frequency-floor-grinder\/","url":"https:\/\/bycon-europe.com\/product\/bycon-dfg-300s-variable-frequency-floor-grinder\/","name":"BYCON DFG-300S Levigatrice da Pavimento a Frequenza Variabile - BYCON Europe","isPartOf":{"@id":"https:\/\/bycon-europe.com\/#website"},"primaryImageOfPage":{"@id":"https:\/\/bycon-europe.com\/product\/bycon-dfg-300s-variable-frequency-floor-grinder\/#primaryimage"},"image":{"@id":"https:\/\/bycon-europe.com\/product\/bycon-dfg-300s-variable-frequency-floor-grinder\/#primaryimage"},"thumbnailUrl":"https:\/\/bycon-europe.com\/wp-content\/uploads\/2025\/04\/DFG-300_DFG-300S.png","datePublished":"2025-04-08T09:22:01+00:00","dateModified":"2025-04-08T09:48:29+00:00","breadcrumb":{"@id":"https:\/\/bycon-europe.com\/product\/bycon-dfg-300s-variable-frequency-floor-grinder\/#breadcrumb"},"inLanguage":"it-IT","potentialAction":[{"@type":"ReadAction","target":["https:\/\/bycon-europe.com\/product\/bycon-dfg-300s-variable-frequency-floor-grinder\/"]}]},{"@type":"ImageObject","inLanguage":"it-IT","@id":"https:\/\/bycon-europe.com\/product\/bycon-dfg-300s-variable-frequency-floor-grinder\/#primaryimage","url":"https:\/\/bycon-europe.com\/wp-content\/uploads\/2025\/04\/DFG-300_DFG-300S.png","contentUrl":"https:\/\/bycon-europe.com\/wp-content\/uploads\/2025\/04\/DFG-300_DFG-300S.png","width":700,"height":700},{"@type":"BreadcrumbList","@id":"https:\/\/bycon-europe.com\/product\/bycon-dfg-300s-variable-frequency-floor-grinder\/#breadcrumb","itemListElement":[{"@type":"ListItem","position":1,"name":"Home","item":"https:\/\/bycon-europe.com\/"},{"@type":"ListItem","position":2,"name":"Shop","item":"https:\/\/bycon-europe.com\/shop\/"},{"@type":"ListItem","position":3,"name":"BYCON DFG-300S Variable Frequency Floor Grinder"}]},{"@type":"WebSite","@id":"https:\/\/bycon-europe.com\/#website","url":"https:\/\/bycon-europe.com\/","name":"BYCON Europa","description":"","publisher":{"@id":"https:\/\/bycon-europe.com\/#organization"},"potentialAction":[{"@type":"SearchAction","target":{"@type":"EntryPoint","urlTemplate":"https:\/\/bycon-europe.com\/?s={search_term_string}"},"query-input":{"@type":"PropertyValueSpecification","valueRequired":true,"valueName":"search_term_string"}}],"inLanguage":"it-IT"},{"@type":"Organization","@id":"https:\/\/bycon-europe.com\/#organization","name":"BYCON Europa","url":"https:\/\/bycon-europe.com\/","logo":{"@type":"ImageObject","inLanguage":"it-IT","@id":"https:\/\/bycon-europe.com\/#\/schema\/logo\/image\/","url":"https:\/\/bycon-europe.com\/wp-content\/uploads\/2025\/12\/logo-Bewerkt.png","contentUrl":"https:\/\/bycon-europe.com\/wp-content\/uploads\/2025\/12\/logo-Bewerkt.png","width":765,"height":200,"caption":"BYCON Europe"},"image":{"@id":"https:\/\/bycon-europe.com\/#\/schema\/logo\/image\/"}}]}},"_links":{"self":[{"href":"https:\/\/bycon-europe.com\/it\/wp-json\/wp\/v2\/product\/858","targetHints":{"allow":["GET"]}}],"collection":[{"href":"https:\/\/bycon-europe.com\/it\/wp-json\/wp\/v2\/product"}],"about":[{"href":"https:\/\/bycon-europe.com\/it\/wp-json\/wp\/v2\/types\/product"}],"replies":[{"embeddable":true,"href":"https:\/\/bycon-europe.com\/it\/wp-json\/wp\/v2\/comments?post=858"}],"wp:featuredmedia":[{"embeddable":true,"href":"https:\/\/bycon-europe.com\/it\/wp-json\/wp\/v2\/media\/864"}],"wp:attachment":[{"href":"https:\/\/bycon-europe.com\/it\/wp-json\/wp\/v2\/media?parent=858"}],"wp:term":[{"taxonomy":"product_brand","embeddable":true,"href":"https:\/\/bycon-europe.com\/it\/wp-json\/wp\/v2\/product_brand?post=858"},{"taxonomy":"product_cat","embeddable":true,"href":"https:\/\/bycon-europe.com\/it\/wp-json\/wp\/v2\/product_cat?post=858"},{"taxonomy":"product_tag","embeddable":true,"href":"https:\/\/bycon-europe.com\/it\/wp-json\/wp\/v2\/product_tag?post=858"}],"curies":[{"name":"wp","href":"https:\/\/api.w.org\/{rel}","templated":true}]}}