{"id":906,"date":"2025-04-08T11:48:20","date_gmt":"2025-04-08T11:48:20","guid":{"rendered":"https:\/\/bycon-europe.com\/?post_type=product&#038;p=906"},"modified":"2025-07-07T08:55:59","modified_gmt":"2025-07-07T08:55:59","slug":"trapano-a-carotare-portatile-bycon-dmp-52p","status":"publish","type":"product","link":"https:\/\/bycon-europe.com\/it\/product\/bycon-dmp-52p-hand-held-core-drill-motor\/","title":{"rendered":"BYCON DMP-52P Motore per carotatrice a umido portatile \u2013 1800W \u2013 \u00d852 mm"},"content":{"rendered":"<h2 data-start=\"248\" data-end=\"320\"><strong data-start=\"251\" data-end=\"320\">Motore di perforazione a carotaggio manuale BYCON DMP-52P \u2013 1800W, \u00d852 mm, uso a umido<\/strong><\/h2>\n<p data-start=\"322\" data-end=\"901\">La BYCON DMP-52P \u00e8 una carotatrice compatta e leggera costruita per <strong data-start=\"393\" data-end=\"422\">applicazioni di perforazione a umido<\/strong> in calcestruzzo e muratura. Erogando 1800W di potenza a 2500 giri\/min fissi, gestisce diametri di carotaggio fino a \u00d852 mm a mano libera o \u00d862 mm se utilizzato con un trapano a colonna. Progettato per professionisti mobili, il DMP-52P offre funzioni di sicurezza essenziali tra cui protezione da dispersione PRCD, avviamento morbido e frizione scorrevole meccanica. Un mandrino da \u00bd\u2033 BSP lo rende compatibile con le normali corone per carotaggio UE e l'unit\u00e0 \u00e8 progettata sia per l'uso a mano libera che montata su cavalletto con una staffa di bloccaggio da 60 mm.<\/p>\n<hr data-start=\"903\" data-end=\"906\" \/>\n<p data-start=\"908\" data-end=\"928\"><strong>Caratteristiche Principali<\/strong><\/p>\n<ul>\n<li data-start=\"931\" data-end=\"1045\"><strong data-start=\"931\" data-end=\"954\">Motore compatto da 1800W<\/strong>: Offre un'efficiente perforazione a umido per applicazioni manuali da \u00d852 mm e con trapano da \u00d862 mm<\/li>\n<li data-start=\"931\" data-end=\"1045\"><strong data-start=\"1048\" data-end=\"1077\">Regolazione Marcia a Velocit\u00e0 Singola<\/strong>: Semplice e stabile 2500 giri\/min per una penetrazione costante del calcestruzzo<\/li>\n<li data-start=\"931\" data-end=\"1045\"><strong data-start=\"1146\" data-end=\"1162\">.<\/strong>Progettato per il raffreddamento ad acqua, per prolungare la durata della punta e del motore<\/li>\n<li data-start=\"931\" data-end=\"1045\"><strong data-start=\"1234\" data-end=\"1255\">Sistema di avviamento morbido<\/strong>Previene picchi di corrente improvvisi e migliora la longevit\u00e0 del motore<\/li>\n<li data-start=\"931\" data-end=\"1045\"><strong data-start=\"1321\" data-end=\"1343\">Dispositivo di Sicurezza PRCD<\/strong>: Protezione integrata contro le dispersioni elettriche per un funzionamento pi\u00f9 sicuro in cantiere<\/li>\n<li data-start=\"931\" data-end=\"1045\"><strong data-start=\"1416\" data-end=\"1442\">Frizione a slittamento meccanico<\/strong>Riduce il rischio di lesioni all'utente durante il bloccaggio o il sovraccarico della punta<\/li>\n<li data-start=\"931\" data-end=\"1045\"><strong data-start=\"1507\" data-end=\"1534\">Spazzole di Carbone Esterne<\/strong>: Facile accesso per la manutenzione senza aprire l'alloggiamento<\/li>\n<li data-start=\"931\" data-end=\"1045\"><strong data-start=\"1592\" data-end=\"1615\">Indicatore Livello Olio<\/strong>: Rapido controllo visivo della lubrificazione interna<\/li>\n<li data-start=\"931\" data-end=\"1045\"><strong data-start=\"1665\" data-end=\"1683\">Funzionamento duale<\/strong>Perforazione a mano libera a 5,6 kg o montaggio su trapano tramite staffa da 60 mm<\/li>\n<\/ul>\n<hr data-start=\"1750\" data-end=\"1753\" \/>\n<p data-start=\"1755\" data-end=\"1787\"><strong data-start=\"1759\" data-end=\"1787\">Specifiche tecniche<\/strong><\/p>\n<ul>\n<li data-start=\"1790\" data-end=\"1816\"><strong data-start=\"1790\" data-end=\"1806\">Potenza<\/strong>1800 W<\/li>\n<li data-start=\"1790\" data-end=\"1816\"><strong data-start=\"1819\" data-end=\"1830\">Tensione<\/strong>220 V \/ 120 V<\/li>\n<li data-start=\"1790\" data-end=\"1816\"><strong data-start=\"1850\" data-end=\"1861\">Attuale<\/strong>: 9 A \/ 15 A<\/li>\n<li data-start=\"1790\" data-end=\"1816\"><strong data-start=\"1878\" data-end=\"1891\">Frequenza<\/strong>: 50 \/ 60 Hz<\/li>\n<li data-start=\"1790\" data-end=\"1816\"><strong data-start=\"1908\" data-end=\"1925\">Velocit\u00e0 a vuoto<\/strong>2500 giri\/min<\/li>\n<li data-start=\"1790\" data-end=\"1816\"><strong data-start=\"1940\" data-end=\"1976\">Diametro massimo di perforazione (portatile)<\/strong>\u00d852 mm<\/li>\n<li data-start=\"1790\" data-end=\"1816\"><strong data-start=\"1989\" data-end=\"2027\">Diametro massimo di perforazione (con supporto)<\/strong>: \u00d862 mm<\/li>\n<li data-start=\"1790\" data-end=\"1816\"><strong data-start=\"2040\" data-end=\"2058\">Filetto mandrino<\/strong>\u00bd\u2033 G<\/li>\n<li data-start=\"1790\" data-end=\"1816\"><strong data-start=\"2069\" data-end=\"2083\">Peso netto<\/strong>5,6 \/ 5,65 kg<\/li>\n<li data-start=\"1790\" data-end=\"1816\"><strong data-start=\"2103\" data-end=\"2129\">Supporto per trapano compatibile<\/strong>: DSP-162<\/li>\n<li data-start=\"1790\" data-end=\"1816\"><strong data-start=\"2143\" data-end=\"2159\">Dimensioni dell'imballaggio<\/strong>635 \u00d7 460 \u00d7 200 mm<\/li>\n<\/ul>\n<hr data-start=\"2183\" data-end=\"2186\" \/>\n<p data-start=\"2188\" data-end=\"2211\"><strong data-start=\"2192\" data-end=\"2211\">Cosa \u00e8 incluso<\/strong><\/p>\n<ul>\n<li data-start=\"2214\" data-end=\"2255\">BYCON DMP-52P Motore per carotatrice (1800 W)<\/li>\n<li data-start=\"2214\" data-end=\"2255\">Tappo di sicurezza PRCD<\/li>\n<li data-start=\"2214\" data-end=\"2255\">Maniglia frontale regolabile<\/li>\n<li data-start=\"2214\" data-end=\"2255\">Spazzole di Carbone Esterne<\/li>\n<li data-start=\"2214\" data-end=\"2255\">Indicatore di livello dell'olio integrato<\/li>\n<li data-start=\"2214\" data-end=\"2255\">Manuale di istruzioni<\/li>\n<\/ul>","protected":false},"excerpt":{"rendered":"<p data-start=\"173\" data-end=\"677\">Il BYCON DMP-52P \u00e8 un trapano carotatore portatile compatto da 1800W costruito per uso professionale <strong data-start=\"259\" data-end=\"275\">perforazione a umido<\/strong> in calcestruzzo e muratura. Progettato per mobilit\u00e0 e precisione, gestisce \u00d8 52 mm a mano libera o \u00d8 62 mm con supporto, operando a un regime fisso di 2500 giri\/min. Equipaggiata con caratteristiche di sicurezza come protezione da dispersione PRCD, un sistema di avviamento morbido e una frizione di sicurezza meccanica, questa unit\u00e0 leggera (5,6 kg) \u00e8 ideale per gli appaltatori che lavorano su forature a carotaggio di piccole dimensioni dove spazio, accuratezza e risultati puliti sono importanti.<\/p>","protected":false},"featured_media":909,"comment_status":"open","ping_status":"closed","template":"","meta":[],"product_brand":[],"product_cat":[16,20,19,65],"product_tag":[],"class_list":{"0":"post-906","1":"product","2":"type-product","3":"status-publish","4":"has-post-thumbnail","6":"product_cat-construction-machines","7":"product_cat-core-drill-motor","8":"product_cat-core-drilling-equipment","9":"product_cat-handheld-core-drills","11":"first","12":"instock","13":"shipping-taxable","14":"product-type-simple"},"yoast_head":"<!-- This site is optimized with the Yoast SEO plugin v27.5 - https:\/\/yoast.com\/product\/yoast-seo-wordpress\/ -->\n<title>BYCON DMP-52P Wet Core Drill \u2013 1800W \u2013 \u00d852 mm - BYCON Europe<\/title>\n<meta name=\"description\" content=\"Compact 1800W wet core drill with PRCD, slip clutch &amp; oil indicator. Drills \u00d852 mm handheld or \u00d862 mm on stand. Lightweight &amp; ideal for professionals.\" \/>\n<meta name=\"robots\" content=\"index, follow, max-snippet:-1, max-image-preview:large, max-video-preview:-1\" \/>\n<link rel=\"canonical\" href=\"https:\/\/bycon-europe.com\/it\/product\/trapano-a-carotare-portatile-bycon-dmp-52p\/\" \/>\n<meta property=\"og:locale\" content=\"it_IT\" \/>\n<meta property=\"og:type\" content=\"article\" \/>\n<meta property=\"og:title\" content=\"BYCON DMP-52P Wet Core Drill \u2013 1800W \u2013 \u00d852 mm - BYCON Europe\" \/>\n<meta property=\"og:description\" content=\"Compact 1800W wet core drill with PRCD, slip clutch &amp; oil indicator. Drills \u00d852 mm handheld or \u00d862 mm on stand. Lightweight &amp; ideal for professionals.\" \/>\n<meta property=\"og:url\" content=\"https:\/\/bycon-europe.com\/it\/product\/trapano-a-carotare-portatile-bycon-dmp-52p\/\" \/>\n<meta property=\"og:site_name\" content=\"BYCON Europe\" \/>\n<meta property=\"article:modified_time\" content=\"2025-07-07T08:55:59+00:00\" \/>\n<meta property=\"og:image\" content=\"https:\/\/bycon-europe.com\/wp-content\/uploads\/2025\/04\/DMP-52P.png\" \/>\n\t<meta property=\"og:image:width\" content=\"700\" \/>\n\t<meta property=\"og:image:height\" content=\"700\" \/>\n\t<meta property=\"og:image:type\" content=\"image\/png\" \/>\n<meta name=\"twitter:card\" content=\"summary_large_image\" \/>\n<meta name=\"twitter:label1\" content=\"Tempo di lettura stimato\" \/>\n\t<meta name=\"twitter:data1\" content=\"2 minuti\" \/>\n<script type=\"application\/ld+json\" class=\"yoast-schema-graph\">{\"@context\":\"https:\\\/\\\/schema.org\",\"@graph\":[{\"@type\":\"WebPage\",\"@id\":\"https:\\\/\\\/bycon-europe.com\\\/product\\\/bycon-dmp-52p-hand-held-core-drill-motor\\\/\",\"url\":\"https:\\\/\\\/bycon-europe.com\\\/product\\\/bycon-dmp-52p-hand-held-core-drill-motor\\\/\",\"name\":\"BYCON DMP-52P Wet Core Drill \u2013 1800W \u2013 \u00d852 mm - BYCON Europe\",\"isPartOf\":{\"@id\":\"https:\\\/\\\/bycon-europe.com\\\/#website\"},\"primaryImageOfPage\":{\"@id\":\"https:\\\/\\\/bycon-europe.com\\\/product\\\/bycon-dmp-52p-hand-held-core-drill-motor\\\/#primaryimage\"},\"image\":{\"@id\":\"https:\\\/\\\/bycon-europe.com\\\/product\\\/bycon-dmp-52p-hand-held-core-drill-motor\\\/#primaryimage\"},\"thumbnailUrl\":\"https:\\\/\\\/bycon-europe.com\\\/wp-content\\\/uploads\\\/2025\\\/04\\\/DMP-52P.png\",\"datePublished\":\"2025-04-08T11:48:20+00:00\",\"dateModified\":\"2025-07-07T08:55:59+00:00\",\"description\":\"Compact 1800W wet core drill with PRCD, slip clutch & oil indicator. Drills \u00d852 mm handheld or \u00d862 mm on stand. Lightweight & ideal for professionals.\",\"breadcrumb\":{\"@id\":\"https:\\\/\\\/bycon-europe.com\\\/product\\\/bycon-dmp-52p-hand-held-core-drill-motor\\\/#breadcrumb\"},\"inLanguage\":\"it-IT\",\"potentialAction\":[{\"@type\":\"ReadAction\",\"target\":[\"https:\\\/\\\/bycon-europe.com\\\/product\\\/bycon-dmp-52p-hand-held-core-drill-motor\\\/\"]}]},{\"@type\":\"ImageObject\",\"inLanguage\":\"it-IT\",\"@id\":\"https:\\\/\\\/bycon-europe.com\\\/product\\\/bycon-dmp-52p-hand-held-core-drill-motor\\\/#primaryimage\",\"url\":\"https:\\\/\\\/bycon-europe.com\\\/wp-content\\\/uploads\\\/2025\\\/04\\\/DMP-52P.png\",\"contentUrl\":\"https:\\\/\\\/bycon-europe.com\\\/wp-content\\\/uploads\\\/2025\\\/04\\\/DMP-52P.png\",\"width\":700,\"height\":700},{\"@type\":\"BreadcrumbList\",\"@id\":\"https:\\\/\\\/bycon-europe.com\\\/product\\\/bycon-dmp-52p-hand-held-core-drill-motor\\\/#breadcrumb\",\"itemListElement\":[{\"@type\":\"ListItem\",\"position\":1,\"name\":\"Home\",\"item\":\"https:\\\/\\\/bycon-europe.com\\\/\"},{\"@type\":\"ListItem\",\"position\":2,\"name\":\"Shop\",\"item\":\"https:\\\/\\\/bycon-europe.com\\\/shop\\\/\"},{\"@type\":\"ListItem\",\"position\":3,\"name\":\"BYCON DMP-52P Hand Held Wet Core Drill Motor \u2013 1800W \u2013 \u00d852 mm\"}]},{\"@type\":\"WebSite\",\"@id\":\"https:\\\/\\\/bycon-europe.com\\\/#website\",\"url\":\"https:\\\/\\\/bycon-europe.com\\\/\",\"name\":\"BYCON Europe\",\"description\":\"\",\"publisher\":{\"@id\":\"https:\\\/\\\/bycon-europe.com\\\/#organization\"},\"potentialAction\":[{\"@type\":\"SearchAction\",\"target\":{\"@type\":\"EntryPoint\",\"urlTemplate\":\"https:\\\/\\\/bycon-europe.com\\\/?s={search_term_string}\"},\"query-input\":{\"@type\":\"PropertyValueSpecification\",\"valueRequired\":true,\"valueName\":\"search_term_string\"}}],\"inLanguage\":\"it-IT\"},{\"@type\":\"Organization\",\"@id\":\"https:\\\/\\\/bycon-europe.com\\\/#organization\",\"name\":\"BYCON Europe\",\"url\":\"https:\\\/\\\/bycon-europe.com\\\/\",\"logo\":{\"@type\":\"ImageObject\",\"inLanguage\":\"it-IT\",\"@id\":\"https:\\\/\\\/bycon-europe.com\\\/#\\\/schema\\\/logo\\\/image\\\/\",\"url\":\"https:\\\/\\\/bycon-europe.com\\\/wp-content\\\/uploads\\\/2025\\\/12\\\/logo-Bewerkt.png\",\"contentUrl\":\"https:\\\/\\\/bycon-europe.com\\\/wp-content\\\/uploads\\\/2025\\\/12\\\/logo-Bewerkt.png\",\"width\":765,\"height\":200,\"caption\":\"BYCON Europe\"},\"image\":{\"@id\":\"https:\\\/\\\/bycon-europe.com\\\/#\\\/schema\\\/logo\\\/image\\\/\"}}]}<\/script>\n<!-- \/ Yoast SEO plugin. -->","yoast_head_json":{"title":"BYCON DMP-52P Carotatrice ad umido \u2013 1800W \u2013 \u00d852 mm - BYCON Europe","description":"Trivella a umido compatta da 1800 W con PRCD, frizione antisgancio e indicatore dell'olio. Fora \u00d852 mm a mano libera o \u00d862 mm su supporto. Leggera e ideale per professionisti.","robots":{"index":"index","follow":"follow","max-snippet":"max-snippet:-1","max-image-preview":"max-image-preview:large","max-video-preview":"max-video-preview:-1"},"canonical":"https:\/\/bycon-europe.com\/it\/product\/trapano-a-carotare-portatile-bycon-dmp-52p\/","og_locale":"it_IT","og_type":"article","og_title":"BYCON DMP-52P Wet Core Drill \u2013 1800W \u2013 \u00d852 mm - BYCON Europe","og_description":"Compact 1800W wet core drill with PRCD, slip clutch & oil indicator. Drills \u00d852 mm handheld or \u00d862 mm on stand. Lightweight & ideal for professionals.","og_url":"https:\/\/bycon-europe.com\/it\/product\/trapano-a-carotare-portatile-bycon-dmp-52p\/","og_site_name":"BYCON Europe","article_modified_time":"2025-07-07T08:55:59+00:00","og_image":[{"width":700,"height":700,"url":"https:\/\/bycon-europe.com\/wp-content\/uploads\/2025\/04\/DMP-52P.png","type":"image\/png"}],"twitter_card":"summary_large_image","twitter_misc":{"Tempo di lettura stimato":"2 minuti"},"schema":{"@context":"https:\/\/schema.org","@graph":[{"@type":"WebPage","@id":"https:\/\/bycon-europe.com\/product\/bycon-dmp-52p-hand-held-core-drill-motor\/","url":"https:\/\/bycon-europe.com\/product\/bycon-dmp-52p-hand-held-core-drill-motor\/","name":"BYCON DMP-52P Carotatrice ad umido \u2013 1800W \u2013 \u00d852 mm - BYCON Europe","isPartOf":{"@id":"https:\/\/bycon-europe.com\/#website"},"primaryImageOfPage":{"@id":"https:\/\/bycon-europe.com\/product\/bycon-dmp-52p-hand-held-core-drill-motor\/#primaryimage"},"image":{"@id":"https:\/\/bycon-europe.com\/product\/bycon-dmp-52p-hand-held-core-drill-motor\/#primaryimage"},"thumbnailUrl":"https:\/\/bycon-europe.com\/wp-content\/uploads\/2025\/04\/DMP-52P.png","datePublished":"2025-04-08T11:48:20+00:00","dateModified":"2025-07-07T08:55:59+00:00","description":"Trivella a umido compatta da 1800 W con PRCD, frizione antisgancio e indicatore dell'olio. Fora \u00d852 mm a mano libera o \u00d862 mm su supporto. Leggera e ideale per professionisti.","breadcrumb":{"@id":"https:\/\/bycon-europe.com\/product\/bycon-dmp-52p-hand-held-core-drill-motor\/#breadcrumb"},"inLanguage":"it-IT","potentialAction":[{"@type":"ReadAction","target":["https:\/\/bycon-europe.com\/product\/bycon-dmp-52p-hand-held-core-drill-motor\/"]}]},{"@type":"ImageObject","inLanguage":"it-IT","@id":"https:\/\/bycon-europe.com\/product\/bycon-dmp-52p-hand-held-core-drill-motor\/#primaryimage","url":"https:\/\/bycon-europe.com\/wp-content\/uploads\/2025\/04\/DMP-52P.png","contentUrl":"https:\/\/bycon-europe.com\/wp-content\/uploads\/2025\/04\/DMP-52P.png","width":700,"height":700},{"@type":"BreadcrumbList","@id":"https:\/\/bycon-europe.com\/product\/bycon-dmp-52p-hand-held-core-drill-motor\/#breadcrumb","itemListElement":[{"@type":"ListItem","position":1,"name":"Home","item":"https:\/\/bycon-europe.com\/"},{"@type":"ListItem","position":2,"name":"Shop","item":"https:\/\/bycon-europe.com\/shop\/"},{"@type":"ListItem","position":3,"name":"BYCON DMP-52P Hand Held Wet Core Drill Motor \u2013 1800W \u2013 \u00d852 mm"}]},{"@type":"WebSite","@id":"https:\/\/bycon-europe.com\/#website","url":"https:\/\/bycon-europe.com\/","name":"BYCON Europa","description":"","publisher":{"@id":"https:\/\/bycon-europe.com\/#organization"},"potentialAction":[{"@type":"SearchAction","target":{"@type":"EntryPoint","urlTemplate":"https:\/\/bycon-europe.com\/?s={search_term_string}"},"query-input":{"@type":"PropertyValueSpecification","valueRequired":true,"valueName":"search_term_string"}}],"inLanguage":"it-IT"},{"@type":"Organization","@id":"https:\/\/bycon-europe.com\/#organization","name":"BYCON Europa","url":"https:\/\/bycon-europe.com\/","logo":{"@type":"ImageObject","inLanguage":"it-IT","@id":"https:\/\/bycon-europe.com\/#\/schema\/logo\/image\/","url":"https:\/\/bycon-europe.com\/wp-content\/uploads\/2025\/12\/logo-Bewerkt.png","contentUrl":"https:\/\/bycon-europe.com\/wp-content\/uploads\/2025\/12\/logo-Bewerkt.png","width":765,"height":200,"caption":"BYCON Europe"},"image":{"@id":"https:\/\/bycon-europe.com\/#\/schema\/logo\/image\/"}}]}},"_links":{"self":[{"href":"https:\/\/bycon-europe.com\/it\/wp-json\/wp\/v2\/product\/906","targetHints":{"allow":["GET"]}}],"collection":[{"href":"https:\/\/bycon-europe.com\/it\/wp-json\/wp\/v2\/product"}],"about":[{"href":"https:\/\/bycon-europe.com\/it\/wp-json\/wp\/v2\/types\/product"}],"replies":[{"embeddable":true,"href":"https:\/\/bycon-europe.com\/it\/wp-json\/wp\/v2\/comments?post=906"}],"wp:featuredmedia":[{"embeddable":true,"href":"https:\/\/bycon-europe.com\/it\/wp-json\/wp\/v2\/media\/909"}],"wp:attachment":[{"href":"https:\/\/bycon-europe.com\/it\/wp-json\/wp\/v2\/media?parent=906"}],"wp:term":[{"taxonomy":"product_brand","embeddable":true,"href":"https:\/\/bycon-europe.com\/it\/wp-json\/wp\/v2\/product_brand?post=906"},{"taxonomy":"product_cat","embeddable":true,"href":"https:\/\/bycon-europe.com\/it\/wp-json\/wp\/v2\/product_cat?post=906"},{"taxonomy":"product_tag","embeddable":true,"href":"https:\/\/bycon-europe.com\/it\/wp-json\/wp\/v2\/product_tag?post=906"}],"curies":[{"name":"wp","href":"https:\/\/api.w.org\/{rel}","templated":true}]}}