{"id":1464,"date":"2025-07-03T10:17:55","date_gmt":"2025-07-03T10:17:55","guid":{"rendered":"https:\/\/bycon-europe.com\/?page_id=1464"},"modified":"2026-01-22T07:45:49","modified_gmt":"2026-01-22T07:45:49","slug":"bycon-diamantboor-koopgids","status":"publish","type":"page","link":"https:\/\/bycon-europe.com\/nl\/bycon-diamond-core-drill-buying-guide\/","title":{"rendered":"VIND DE JUISTE BYCON KERNBOORMACHINE - GIDS"},"content":{"rendered":"<h2 class=\"wp-block-heading\">VIND DE JUISTE BYCON KERNBOORMACHINE - GIDS<\/h2>\n\n\n\n<p><strong>Hoe gebruik je dit overzicht<\/strong><\/p>\n\n\n\n<p>Op zoek naar de juiste <strong><a href=\"https:\/\/bycon-europe.com\/nl\/productcategorie\/alle-machines\/bouwmachines\/kernboorapparatuur\/\">BYCON diamantboor?<\/a><\/strong> De tabel hieronder verzamelt elk 2024-model op \u00e9\u00e9n plek, zodat je ze in \u00e9\u00e9n oogopslag kunt vergelijken. Vergelijk gewoon de <strong>maximale diameter (handheld of met een rig)<\/strong> aan de grootte van je klus, controleer dan de kolommen ernaast voor snelheidsbereik, koelmethode (nat\/droog), micropercussievermogen en motortype (borstelloos = weinig onderhoud, geborsteld = klassiek).<\/p>\n\n\n\n<p><strong>Kolomwijzer<\/strong><\/p>\n\n\n\n<ul class=\"wp-block-list\">\n<li><strong>Model \/ serie<\/strong> - commerci\u00eble naam en productfamilie.<\/li>\n\n\n\n<li><strong>Vermogen (W)<\/strong> - ingangsvermogen; een hoger vermogen is geschikt voor grotere diameters of taaier beton.<\/li>\n\n\n\n<li><strong>Max \u00d8 handheld \/ met rig \/ overall<\/strong> - De grootste aanbevolen boor voor boren uit de vrije hand, met een standaard, en de grootste waarde om op te filteren.<\/li>\n\n\n\n<li><strong>Versnellingen \/ RPM<\/strong> - aantal tandwielkasttrappen en hun onbelaste spiltoerentallen.<\/li>\n\n\n\n<li><strong>Nat\/Droog<\/strong> - koeloptie(s) waarvoor de boor is gebouwd.<\/li>\n\n\n\n<li><strong>Micro-percussie<\/strong> - BYCON's axiale puls voor snellere <strong>droog<\/strong> boren in gewapend beton (\u2714\ufe0e = inbegrepen).<\/li>\n\n\n\n<li><strong>Motortype<\/strong> - <strong>Borstelloos<\/strong> motoren leveren een stabieler vermogen en een langere levensduur; <em>Geborsteld<\/em> De apparaten gebruiken vervangbare koolborstels.<\/li>\n\n\n\n<li><strong>Gewicht (kg)<\/strong> - kaal machinegewicht voor transport en handling.<\/li>\n<\/ul>\n\n\n\n<p>Gebruik eerst de kolommen voor diameter en koeling om een shortlist te maken van kandidaten en verfijn daarna je keuze met eigenschappen zoals micropercussie of borstelloze aandrijving.<\/p>\n\n\n\n<figure class=\"wp-block-table\"><table class=\"has-fixed-layout\"><thead><tr><th>Model<\/th><th>Serie<\/th><th>Vermogen (W)<\/th><th>Max. hand-\u00d8 (mm)<\/th><th>Max \u00d8 met tuigage (mm)<\/th><th>Max. totale \u00d8 (mm)<\/th><th>Versnellingen \/ RPM<\/th><th>Nat\/Droog<\/th><th>Micro-percussie<\/th><th>Motortype<\/th><th>Gewicht (kg)<\/th><\/tr><\/thead><tbody><tr><td><a href=\"https:\/\/bycon-europe.com\/nl\/product\/bycon-dmp-52p-handkernboormotor\/\"><strong>DMP-52P<\/strong><\/a><\/td><td>Handheld<\/td><td>1 800<\/td><td>52<\/td><td>82<\/td><td><strong>82<\/strong><\/td><td>1 \u00d7 2 500<\/td><td>Nat<\/td><td>-<\/td><td>Geborsteld<\/td><td>5.6<\/td><\/tr><tr><td><a href=\"https:\/\/bycon-europe.com\/nl\/product\/bycon-dmp-52d-handkernboormotor\/\"><strong>DMP-52D<\/strong><\/a><\/td><td>Handheld<\/td><td>1 800<\/td><td>52<\/td><td>82<\/td><td><strong>82<\/strong><\/td><td>1 \u00d7 2 500<\/td><td>Nat<\/td><td>-<\/td><td>Geborsteld<\/td><td>5.6<\/td><\/tr><tr><td><a href=\"https:\/\/bycon-europe.com\/nl\/product\/bycon-dmp-132p-handkernboormotor\/\"><strong>DMP-132P<\/strong><\/a><\/td><td>Handheld<\/td><td>1 800<\/td><td>132<\/td><td>162<\/td><td><strong>162<\/strong><\/td><td>3 \u00d7 650 - 1 300 - 2 600<\/td><td>Nat<\/td><td>-<\/td><td>Geborsteld<\/td><td>6.8<\/td><\/tr><tr><td><a href=\"https:\/\/bycon-europe.com\/nl\/product\/bycon-dmp-132d-handkernboormotor\/\"><strong>DMP-132D<\/strong><\/a><\/td><td>Handheld<\/td><td>1 800<\/td><td>132<\/td><td>162<\/td><td><strong>162<\/strong><\/td><td>3 \u00d7 650 - 1 300 - 2 600<\/td><td>Nat<\/td><td>-<\/td><td>Geborsteld<\/td><td>6.8<\/td><\/tr><tr><td><a href=\"https:\/\/bycon-europe.com\/nl\/product\/bycon-dmp-162p-handdiamantboor-202mm-2200w-nat-droog\/\"><strong>DMP-162P<\/strong><\/a><\/td><td>Hand\/tuig<\/td><td>2 200<\/td><td>162<\/td><td>202<\/td><td><strong>202<\/strong><\/td><td>3 \u00d7 650 - 1 300 - 2 600<\/td><td>Nat <\/td><td>-<\/td><td>Geborsteld<\/td><td>7.5<\/td><\/tr><tr><td><a href=\"https:\/\/bycon-europe.com\/nl\/product\/bycon-dmp-162d-handdiamantboor-202mm-2200w-nat-droog\/\"><strong>DMP-162D<\/strong><\/a><\/td><td>Hand\/tuig<\/td><td>2 200<\/td><td>162<\/td><td>202<\/td><td><strong>202<\/strong><\/td><td>3 \u00d7 650 - 1 300 - 2 600<\/td><td>Nat<\/td><td>-<\/td><td>Geborsteld<\/td><td>7.8<\/td><\/tr><tr><td><a href=\"https:\/\/bycon-europe.com\/nl\/product\/bycon-dmp-202bp-borstelvrije-kernboormotor\/\"><strong>DMP-202BP<\/strong><\/a><\/td><td>Hand\/tuig (borstelloos)<\/td><td>2 600<\/td><td>202<\/td><td>202<\/td><td><strong>202<\/strong><\/td><td>3 \u00d7 650 - 1 450 - 3 150<\/td><td>Nat<\/td><td>-<\/td><td><strong>Borstelloos<\/strong><\/td><td>6.65<\/td><\/tr><tr><td><a href=\"https:\/\/bycon-europe.com\/nl\/product\/bycon-dmp-202bd-zware-borstelvrije-boormotor\/\"><strong>DMP-202BD<\/strong><\/a><\/td><td>Hand\/tuig (borstelloos)<\/td><td>2 600<\/td><td>202<\/td><td>202<\/td><td><strong>202<\/strong><\/td><td>3 \u00d7 650 - 1 450 - 3 150<\/td><td>Nat<\/td><td>-<\/td><td><strong>Borstelloos<\/strong><\/td><td>6.65<\/td><\/tr><tr><td><a href=\"https:\/\/bycon-europe.com\/nl\/product\/bycon-dmp-252b-borstelvrije-kernboormachine\/\"><strong>DMP-252B<\/strong><\/a><\/td><td>Hand\/tuig (borstelloos)<\/td><td>3 000<\/td><td>252<\/td><td>252<\/td><td><strong>252<\/strong><\/td><td>3 \u00d7 610 - 1 320 - 2 750<\/td><td>Nat<\/td><td>-<\/td><td><strong>Borstelloos<\/strong><\/td><td>6.8<\/td><\/tr><tr><td><a href=\"https:\/\/bycon-europe.com\/nl\/product\/bycon-dmp-252-kernboormachine\/\"><strong>DMP-252 (LCD)<\/strong><\/a><\/td><td>Uitrusting<\/td><td>2 600<\/td><td>-<\/td><td>252<\/td><td><strong>252<\/strong><\/td><td>3 \u00d7 560 - 1 120 - 1 680<\/td><td>Nat<\/td><td>-<\/td><td>Geborsteld<\/td><td>12.5<\/td><\/tr><tr><td><a href=\"https:\/\/bycon-europe.com\/nl\/product\/bycon-dmp-352-diamant-kernboor-402mm-3300w\/\"><strong>DMP-352 (LCD)<\/strong><\/a><\/td><td>Uitrusting<\/td><td>3 300<\/td><td>-<\/td><td>402<\/td><td><strong>402<\/strong><\/td><td>3 \u00d7 350 - 700 - 1 100<\/td><td>Nat<\/td><td>-<\/td><td>Geborsteld<\/td><td>13.5<\/td><\/tr><tr><td><a href=\"https:\/\/bycon-europe.com\/nl\/product\/bycon-dmp-500-zware-diamantboor-502mm-3500w\/\"><strong>DMP-500 (LCD)<\/strong><\/a><\/td><td>Uitrusting<\/td><td>3 500<\/td><td>-<\/td><td>502<\/td><td><strong>502<\/strong><\/td><td>3 \u00d7 250 - 500 - 750<\/td><td>Nat<\/td><td>-<\/td><td>Geborsteld<\/td><td>14.0<\/td><\/tr><tr><td><a href=\"https:\/\/bycon-europe.com\/nl\/product\/bycon-db-132-droge-diamantboor-micropercussie\/\"><strong>DB-132<\/strong><\/a><\/td><td>Micro-percussie<\/td><td>1 500<\/td><td>132<\/td><td>-<\/td><td><strong>132<\/strong><\/td><td>2 \u00d7 1 500 - 3 000<\/td><td>Droog<\/td><td>\u2714\ufe0e<\/td><td><strong>Borstelloos<\/strong><\/td><td>3.7<\/td><\/tr><tr><td><a href=\"https:\/\/bycon-europe.com\/nl\/product\/bycon-db-162-micropercussie-boormotor\/\"><strong>DB-162P<\/strong><\/a><\/td><td>Micro-percussie<\/td><td>2 200<\/td><td>162<\/td><td>202<\/td><td><strong>202<\/strong><\/td><td>2 \u00d7 640 - 1 420<\/td><td>Droog<\/td><td>\u2714\ufe0e<\/td><td>Geborsteld<\/td><td>6.5<\/td><\/tr><tr><td><a href=\"https:\/\/bycon-europe.com\/nl\/product\/bycon-db-162d-droge-diamantboor-2200w-micropercussie\/\"><strong>DB-162D<\/strong><\/a><\/td><td>Micro-percussie<\/td><td>2 200<\/td><td>162<\/td><td>202<\/td><td><strong>202<\/strong><\/td><td>2 \u00d7 640 - 1 420<\/td><td>Droog<\/td><td>\u2714\ufe0e<\/td><td>Geborsteld<\/td><td>6.5<\/td><\/tr><tr><td><a href=\"https:\/\/bycon-europe.com\/nl\/product\/bycon-db-352-micropercussie-boormotor\/\"><strong>DB-202P<\/strong><\/a><\/td><td>Micro-percussie<\/td><td>2 600<\/td><td>202<\/td><td>202<\/td><td><strong>202<\/strong><\/td><td>2 \u00d7 700 - 1 550<\/td><td>Droog<\/td><td>\u2714\ufe0e<\/td><td><strong>Borstelloos<\/strong><\/td><td>6.05<\/td><\/tr><tr><td><a href=\"https:\/\/bycon-europe.com\/nl\/product\/bycon-db-202d-micropercussie-kernboor\/\"><strong>DB-202D<\/strong><\/a><\/td><td>Micro-percussie<\/td><td>2 600<\/td><td>202<\/td><td>202<\/td><td><strong>202<\/strong><\/td><td>2 \u00d7 700 - 1 550<\/td><td>Droog<\/td><td>\u2714\ufe0e<\/td><td><strong>Borstelloos<\/strong><\/td><td>6.05<\/td><\/tr><tr><td><a href=\"https:\/\/bycon-europe.com\/nl\/product\/bycon-db-352-micro-percussieboormotor\/\"><strong>DB-352 (LCD)<\/strong><\/a><\/td><td>Micro-percussie<\/td><td>3 300<\/td><td>-<\/td><td>302<\/td><td><strong>302<\/strong><\/td><td>3 \u00d7 512 - 1 062 - 1 576<\/td><td>Droog<\/td><td>\u2714\ufe0e<\/td><td>Geborsteld<\/td><td>18<\/td><\/tr><\/tbody><\/table><\/figure>\n\n\n\n<p><\/p>","protected":false},"excerpt":{"rendered":"<p>FIND MY BYCON CORE DRILL GUIDE How to use this overview Looking for the right BYCON diamond core drill? The table below gathers every 2024 model in one place so you can compare them at a glance. Simply match the maximum diameter (hand-held or with a rig) to your job size, then check the adjacent [&hellip;]<\/p>\n","protected":false},"author":2,"featured_media":1458,"parent":0,"menu_order":0,"comment_status":"closed","ping_status":"closed","template":"","meta":{"footnotes":""},"class_list":["post-1464","page","type-page","status-publish","has-post-thumbnail","hentry"],"blocksy_meta":[],"yoast_head":"<!-- This site is optimized with the Yoast SEO plugin v27.4 - https:\/\/yoast.com\/product\/yoast-seo-wordpress\/ -->\n<title>BYCON Diamond Core Drill Buying Guide - BYCON Europe<\/title>\n<meta name=\"description\" content=\"Find your ideal BYCON diamond core drill. Compare 2024 models by power, diameter, RPM, wet\/dry, micro-percussion &amp; motor type in one table.\" \/>\n<meta name=\"robots\" content=\"index, follow, max-snippet:-1, max-image-preview:large, max-video-preview:-1\" \/>\n<link rel=\"canonical\" href=\"https:\/\/bycon-europe.com\/nl\/bycon-diamantboor-koopgids\/\" \/>\n<meta property=\"og:locale\" content=\"nl_NL\" \/>\n<meta property=\"og:type\" content=\"article\" \/>\n<meta property=\"og:title\" content=\"BYCON Diamond Core Drill Buying Guide - BYCON Europe\" \/>\n<meta property=\"og:description\" content=\"Find your ideal BYCON diamond core drill. Compare 2024 models by power, diameter, RPM, wet\/dry, micro-percussion &amp; motor type in one table.\" \/>\n<meta property=\"og:url\" content=\"https:\/\/bycon-europe.com\/nl\/bycon-diamantboor-koopgids\/\" \/>\n<meta property=\"og:site_name\" content=\"BYCON Europe\" \/>\n<meta property=\"article:modified_time\" content=\"2026-01-22T07:45:49+00:00\" \/>\n<meta property=\"og:image\" content=\"https:\/\/bycon-europe.com\/wp-content\/uploads\/2025\/07\/BYCON-BUTTONS.png\" \/>\n\t<meta property=\"og:image:width\" content=\"880\" \/>\n\t<meta property=\"og:image:height\" content=\"270\" \/>\n\t<meta property=\"og:image:type\" content=\"image\/png\" \/>\n<meta name=\"twitter:card\" content=\"summary_large_image\" \/>\n<meta name=\"twitter:label1\" content=\"Verwachte leestijd\" \/>\n\t<meta name=\"twitter:data1\" content=\"3 minuten\" \/>\n<script type=\"application\/ld+json\" class=\"yoast-schema-graph\">{\"@context\":\"https:\\\/\\\/schema.org\",\"@graph\":[{\"@type\":\"WebPage\",\"@id\":\"https:\\\/\\\/bycon-europe.com\\\/bycon-diamond-core-drill-buying-guide\\\/\",\"url\":\"https:\\\/\\\/bycon-europe.com\\\/bycon-diamond-core-drill-buying-guide\\\/\",\"name\":\"BYCON Diamond Core Drill Buying Guide - BYCON Europe\",\"isPartOf\":{\"@id\":\"https:\\\/\\\/bycon-europe.com\\\/#website\"},\"primaryImageOfPage\":{\"@id\":\"https:\\\/\\\/bycon-europe.com\\\/bycon-diamond-core-drill-buying-guide\\\/#primaryimage\"},\"image\":{\"@id\":\"https:\\\/\\\/bycon-europe.com\\\/bycon-diamond-core-drill-buying-guide\\\/#primaryimage\"},\"thumbnailUrl\":\"https:\\\/\\\/bycon-europe.com\\\/wp-content\\\/uploads\\\/2025\\\/07\\\/BYCON-BUTTONS.png\",\"datePublished\":\"2025-07-03T10:17:55+00:00\",\"dateModified\":\"2026-01-22T07:45:49+00:00\",\"description\":\"Find your ideal BYCON diamond core drill. Compare 2024 models by power, diameter, RPM, wet\\\/dry, micro-percussion & motor type in one table.\",\"breadcrumb\":{\"@id\":\"https:\\\/\\\/bycon-europe.com\\\/bycon-diamond-core-drill-buying-guide\\\/#breadcrumb\"},\"inLanguage\":\"nl-NL\",\"potentialAction\":[{\"@type\":\"ReadAction\",\"target\":[\"https:\\\/\\\/bycon-europe.com\\\/bycon-diamond-core-drill-buying-guide\\\/\"]}]},{\"@type\":\"ImageObject\",\"inLanguage\":\"nl-NL\",\"@id\":\"https:\\\/\\\/bycon-europe.com\\\/bycon-diamond-core-drill-buying-guide\\\/#primaryimage\",\"url\":\"https:\\\/\\\/bycon-europe.com\\\/wp-content\\\/uploads\\\/2025\\\/07\\\/BYCON-BUTTONS.png\",\"contentUrl\":\"https:\\\/\\\/bycon-europe.com\\\/wp-content\\\/uploads\\\/2025\\\/07\\\/BYCON-BUTTONS.png\",\"width\":880,\"height\":270,\"caption\":\"DIMOND CORE DRILL GUIDE - BYCON EUROPE\"},{\"@type\":\"BreadcrumbList\",\"@id\":\"https:\\\/\\\/bycon-europe.com\\\/bycon-diamond-core-drill-buying-guide\\\/#breadcrumb\",\"itemListElement\":[{\"@type\":\"ListItem\",\"position\":1,\"name\":\"Home\",\"item\":\"https:\\\/\\\/bycon-europe.com\\\/\"},{\"@type\":\"ListItem\",\"position\":2,\"name\":\"FIND MY BYCON CORE DRILL GUIDE\"}]},{\"@type\":\"WebSite\",\"@id\":\"https:\\\/\\\/bycon-europe.com\\\/#website\",\"url\":\"https:\\\/\\\/bycon-europe.com\\\/\",\"name\":\"BYCON Europe\",\"description\":\"\",\"publisher\":{\"@id\":\"https:\\\/\\\/bycon-europe.com\\\/#organization\"},\"potentialAction\":[{\"@type\":\"SearchAction\",\"target\":{\"@type\":\"EntryPoint\",\"urlTemplate\":\"https:\\\/\\\/bycon-europe.com\\\/?s={search_term_string}\"},\"query-input\":{\"@type\":\"PropertyValueSpecification\",\"valueRequired\":true,\"valueName\":\"search_term_string\"}}],\"inLanguage\":\"nl-NL\"},{\"@type\":\"Organization\",\"@id\":\"https:\\\/\\\/bycon-europe.com\\\/#organization\",\"name\":\"BYCON Europe\",\"url\":\"https:\\\/\\\/bycon-europe.com\\\/\",\"logo\":{\"@type\":\"ImageObject\",\"inLanguage\":\"nl-NL\",\"@id\":\"https:\\\/\\\/bycon-europe.com\\\/#\\\/schema\\\/logo\\\/image\\\/\",\"url\":\"https:\\\/\\\/bycon-europe.com\\\/wp-content\\\/uploads\\\/2025\\\/12\\\/logo-Bewerkt.png\",\"contentUrl\":\"https:\\\/\\\/bycon-europe.com\\\/wp-content\\\/uploads\\\/2025\\\/12\\\/logo-Bewerkt.png\",\"width\":765,\"height\":200,\"caption\":\"BYCON Europe\"},\"image\":{\"@id\":\"https:\\\/\\\/bycon-europe.com\\\/#\\\/schema\\\/logo\\\/image\\\/\"}}]}<\/script>\n<!-- \/ Yoast SEO plugin. -->","yoast_head_json":{"title":"BYCON Diamantboorhandleiding - BYCON Nederland","description":"Vind je ideale BYCON diamantboormachine. Vergelijk 2024 modellen op vermogen, diameter, toerental, nat\/droog, micropercussie en motortype in \u00e9\u00e9n tabel.","robots":{"index":"index","follow":"follow","max-snippet":"max-snippet:-1","max-image-preview":"max-image-preview:large","max-video-preview":"max-video-preview:-1"},"canonical":"https:\/\/bycon-europe.com\/nl\/bycon-diamantboor-koopgids\/","og_locale":"nl_NL","og_type":"article","og_title":"BYCON Diamond Core Drill Buying Guide - BYCON Europe","og_description":"Find your ideal BYCON diamond core drill. Compare 2024 models by power, diameter, RPM, wet\/dry, micro-percussion & motor type in one table.","og_url":"https:\/\/bycon-europe.com\/nl\/bycon-diamantboor-koopgids\/","og_site_name":"BYCON Europe","article_modified_time":"2026-01-22T07:45:49+00:00","og_image":[{"width":880,"height":270,"url":"https:\/\/bycon-europe.com\/wp-content\/uploads\/2025\/07\/BYCON-BUTTONS.png","type":"image\/png"}],"twitter_card":"summary_large_image","twitter_misc":{"Verwachte leestijd":"3 minuten"},"schema":{"@context":"https:\/\/schema.org","@graph":[{"@type":"WebPage","@id":"https:\/\/bycon-europe.com\/bycon-diamond-core-drill-buying-guide\/","url":"https:\/\/bycon-europe.com\/bycon-diamond-core-drill-buying-guide\/","name":"BYCON Diamantboorhandleiding - BYCON Nederland","isPartOf":{"@id":"https:\/\/bycon-europe.com\/#website"},"primaryImageOfPage":{"@id":"https:\/\/bycon-europe.com\/bycon-diamond-core-drill-buying-guide\/#primaryimage"},"image":{"@id":"https:\/\/bycon-europe.com\/bycon-diamond-core-drill-buying-guide\/#primaryimage"},"thumbnailUrl":"https:\/\/bycon-europe.com\/wp-content\/uploads\/2025\/07\/BYCON-BUTTONS.png","datePublished":"2025-07-03T10:17:55+00:00","dateModified":"2026-01-22T07:45:49+00:00","description":"Vind je ideale BYCON diamantboormachine. Vergelijk 2024 modellen op vermogen, diameter, toerental, nat\/droog, micropercussie en motortype in \u00e9\u00e9n tabel.","breadcrumb":{"@id":"https:\/\/bycon-europe.com\/bycon-diamond-core-drill-buying-guide\/#breadcrumb"},"inLanguage":"nl-NL","potentialAction":[{"@type":"ReadAction","target":["https:\/\/bycon-europe.com\/bycon-diamond-core-drill-buying-guide\/"]}]},{"@type":"ImageObject","inLanguage":"nl-NL","@id":"https:\/\/bycon-europe.com\/bycon-diamond-core-drill-buying-guide\/#primaryimage","url":"https:\/\/bycon-europe.com\/wp-content\/uploads\/2025\/07\/BYCON-BUTTONS.png","contentUrl":"https:\/\/bycon-europe.com\/wp-content\/uploads\/2025\/07\/BYCON-BUTTONS.png","width":880,"height":270,"caption":"DIMOND CORE DRILL GUIDE - BYCON EUROPE"},{"@type":"BreadcrumbList","@id":"https:\/\/bycon-europe.com\/bycon-diamond-core-drill-buying-guide\/#breadcrumb","itemListElement":[{"@type":"ListItem","position":1,"name":"Home","item":"https:\/\/bycon-europe.com\/"},{"@type":"ListItem","position":2,"name":"FIND MY BYCON CORE DRILL GUIDE"}]},{"@type":"WebSite","@id":"https:\/\/bycon-europe.com\/#website","url":"https:\/\/bycon-europe.com\/","name":"BYCON Europe","description":"","publisher":{"@id":"https:\/\/bycon-europe.com\/#organization"},"potentialAction":[{"@type":"SearchAction","target":{"@type":"EntryPoint","urlTemplate":"https:\/\/bycon-europe.com\/?s={search_term_string}"},"query-input":{"@type":"PropertyValueSpecification","valueRequired":true,"valueName":"search_term_string"}}],"inLanguage":"nl-NL"},{"@type":"Organization","@id":"https:\/\/bycon-europe.com\/#organization","name":"BYCON Europe","url":"https:\/\/bycon-europe.com\/","logo":{"@type":"ImageObject","inLanguage":"nl-NL","@id":"https:\/\/bycon-europe.com\/#\/schema\/logo\/image\/","url":"https:\/\/bycon-europe.com\/wp-content\/uploads\/2025\/12\/logo-Bewerkt.png","contentUrl":"https:\/\/bycon-europe.com\/wp-content\/uploads\/2025\/12\/logo-Bewerkt.png","width":765,"height":200,"caption":"BYCON Europe"},"image":{"@id":"https:\/\/bycon-europe.com\/#\/schema\/logo\/image\/"}}]}},"_links":{"self":[{"href":"https:\/\/bycon-europe.com\/nl\/wp-json\/wp\/v2\/pages\/1464","targetHints":{"allow":["GET"]}}],"collection":[{"href":"https:\/\/bycon-europe.com\/nl\/wp-json\/wp\/v2\/pages"}],"about":[{"href":"https:\/\/bycon-europe.com\/nl\/wp-json\/wp\/v2\/types\/page"}],"author":[{"embeddable":true,"href":"https:\/\/bycon-europe.com\/nl\/wp-json\/wp\/v2\/users\/2"}],"replies":[{"embeddable":true,"href":"https:\/\/bycon-europe.com\/nl\/wp-json\/wp\/v2\/comments?post=1464"}],"version-history":[{"count":8,"href":"https:\/\/bycon-europe.com\/nl\/wp-json\/wp\/v2\/pages\/1464\/revisions"}],"predecessor-version":[{"id":1679,"href":"https:\/\/bycon-europe.com\/nl\/wp-json\/wp\/v2\/pages\/1464\/revisions\/1679"}],"wp:featuredmedia":[{"embeddable":true,"href":"https:\/\/bycon-europe.com\/nl\/wp-json\/wp\/v2\/media\/1458"}],"wp:attachment":[{"href":"https:\/\/bycon-europe.com\/nl\/wp-json\/wp\/v2\/media?parent=1464"}],"curies":[{"name":"wp","href":"https:\/\/api.w.org\/{rel}","templated":true}]}}